{"id":21809,"date":"2024-02-19T17:38:26","date_gmt":"2024-02-19T17:38:26","guid":{"rendered":"https:\/\/www.leitao-irmao.com\/?post_type=product&#038;p=21809"},"modified":"2026-03-30T15:55:58","modified_gmt":"2026-03-30T14:55:58","slug":"colar-cruz-baculo-papal-ouro-e-diamantes-peace-hope-and-love","status":"publish","type":"product","link":"https:\/\/www.leitao-irmao.com\/en\/product\/colar-cruz-baculo-papal-ouro-e-diamantes-peace-hope-and-love\/","title":{"rendered":"Papal Cross Staff Necklace in gold and diamonds | Peace, hope and Love"},"content":{"rendered":"","protected":false},"excerpt":{"rendered":"<p>Symbols of Peace, Hope and Love. The Papal Cross Staff necklace in yellow gold is the ideal piece of jewellery to carry with you as a personal symbol of faith. A symbolic piece of jewellery to give to yourself or someone you love.<\/p>","protected":false},"featured_media":21813,"template":"","meta":{"_acf_changed":false},"product_brand":[],"product_cat":[131,483,137,84,255,79,225,124,664],"product_tag":[275,278,271],"class_list":{"0":"post-21809","1":"product","2":"type-product","3":"status-publish","4":"has-post-thumbnail","6":"product_cat-aniversario-de-18-anos","7":"product_cat-artigos-religiosos-joalharia-portuguesa","8":"product_cat-batizados","9":"product_cat-fios-e-colares-joalharia-portuguesa-leitao-irmao","10":"product_cat-cruzes-joalharia","11":"product_cat-joalharia","12":"product_cat-peace-hope-and-love","13":"product_cat-presentes-entre-500e-a-1000e","14":"product_cat-presentes-para-a-primeira-comunhao","15":"product_tag-diamantes","16":"product_tag-mulher","17":"product_tag-ouro","19":"first","20":"instock","21":"shipping-taxable","22":"purchasable","23":"product-type-simple"},"acf":[],"yoast_head":"<!-- This site is optimized with the Yoast SEO plugin v25.4 - https:\/\/yoast.com\/wordpress\/plugins\/seo\/ -->\n<title>Colar Cruz B\u00e1culo Papal ouro e diamantes | Peace, hope and Love | Leit\u00e3o &amp; Irm\u00e3o<\/title>\n<meta name=\"robots\" content=\"index, follow, max-snippet:-1, max-image-preview:large, max-video-preview:-1\" \/>\n<link rel=\"canonical\" href=\"https:\/\/www.leitao-irmao.com\/en\/product\/colar-cruz-baculo-papal-ouro-e-diamantes-peace-hope-and-love\/\" \/>\n<meta property=\"og:locale\" content=\"en_GB\" \/>\n<meta property=\"og:type\" content=\"article\" \/>\n<meta property=\"og:title\" content=\"Colar Cruz B\u00e1culo Papal ouro e diamantes | Peace, hope and Love | Leit\u00e3o &amp; Irm\u00e3o\" \/>\n<meta property=\"og:description\" content=\"Simbolos de Paz, Esperan\u00e7a e Amor. O colar Cruz B\u00e1culo Papal em ouro amarelo, \u00e9 a joia ideal para trazer consigo um s\u00edmbolo pessoal e de f\u00e9. Uma joia simb\u00f3lica para oferecer a si ou a quem mais gosta.\" \/>\n<meta property=\"og:url\" content=\"https:\/\/www.leitao-irmao.com\/en\/product\/colar-cruz-baculo-papal-ouro-e-diamantes-peace-hope-and-love\/\" \/>\n<meta property=\"og:site_name\" content=\"Leit\u00e3o &amp; Irm\u00e3o\" \/>\n<meta property=\"article:modified_time\" content=\"2026-03-30T14:55:58+00:00\" \/>\n<meta property=\"og:image\" content=\"https:\/\/www.leitao-irmao.com\/wp-content\/uploads\/2024\/02\/pope-cross-necklace-in-yellow-gold-and-diamond.jpg\" \/>\n\t<meta property=\"og:image:width\" content=\"1000\" \/>\n\t<meta property=\"og:image:height\" content=\"1000\" \/>\n\t<meta property=\"og:image:type\" content=\"image\/jpeg\" \/>\n<meta name=\"twitter:card\" content=\"summary_large_image\" \/>\n<meta name=\"twitter:label1\" content=\"Estimated reading time\" \/>\n\t<meta name=\"twitter:data1\" content=\"1 minute\" \/>\n<script type=\"application\/ld+json\" class=\"yoast-schema-graph\">{\"@context\":\"https:\/\/schema.org\",\"@graph\":[{\"@type\":\"WebPage\",\"@id\":\"https:\/\/www.leitao-irmao.com\/product\/colar-cruz-baculo-papal-ouro-e-diamantes-peace-hope-and-love\/\",\"url\":\"https:\/\/www.leitao-irmao.com\/product\/colar-cruz-baculo-papal-ouro-e-diamantes-peace-hope-and-love\/\",\"name\":\"Colar Cruz B\u00e1culo Papal ouro e diamantes | Peace, hope and Love | Leit\u00e3o &amp; Irm\u00e3o\",\"isPartOf\":{\"@id\":\"https:\/\/www.leitao-irmao.com\/#website\"},\"primaryImageOfPage\":{\"@id\":\"https:\/\/www.leitao-irmao.com\/product\/colar-cruz-baculo-papal-ouro-e-diamantes-peace-hope-and-love\/#primaryimage\"},\"image\":{\"@id\":\"https:\/\/www.leitao-irmao.com\/product\/colar-cruz-baculo-papal-ouro-e-diamantes-peace-hope-and-love\/#primaryimage\"},\"thumbnailUrl\":\"https:\/\/www.leitao-irmao.com\/wp-content\/uploads\/2024\/02\/pope-cross-necklace-in-yellow-gold-and-diamond.jpg\",\"datePublished\":\"2024-02-19T17:38:26+00:00\",\"dateModified\":\"2026-03-30T14:55:58+00:00\",\"breadcrumb\":{\"@id\":\"https:\/\/www.leitao-irmao.com\/product\/colar-cruz-baculo-papal-ouro-e-diamantes-peace-hope-and-love\/#breadcrumb\"},\"inLanguage\":\"en-GB\",\"potentialAction\":[{\"@type\":\"ReadAction\",\"target\":[\"https:\/\/www.leitao-irmao.com\/product\/colar-cruz-baculo-papal-ouro-e-diamantes-peace-hope-and-love\/\"]}]},{\"@type\":\"ImageObject\",\"inLanguage\":\"en-GB\",\"@id\":\"https:\/\/www.leitao-irmao.com\/product\/colar-cruz-baculo-papal-ouro-e-diamantes-peace-hope-and-love\/#primaryimage\",\"url\":\"https:\/\/www.leitao-irmao.com\/wp-content\/uploads\/2024\/02\/pope-cross-necklace-in-yellow-gold-and-diamond.jpg\",\"contentUrl\":\"https:\/\/www.leitao-irmao.com\/wp-content\/uploads\/2024\/02\/pope-cross-necklace-in-yellow-gold-and-diamond.jpg\",\"width\":1000,\"height\":1000,\"caption\":\"Colar cruz b\u00e1culo papal em ouro e diamantes da cole\u00e7\u00e3o Peace, hope and love\"},{\"@type\":\"BreadcrumbList\",\"@id\":\"https:\/\/www.leitao-irmao.com\/product\/colar-cruz-baculo-papal-ouro-e-diamantes-peace-hope-and-love\/#breadcrumb\",\"itemListElement\":[{\"@type\":\"ListItem\",\"position\":1,\"name\":\"Home\",\"item\":\"https:\/\/www.leitao-irmao.com\/\"},{\"@type\":\"ListItem\",\"position\":2,\"name\":\"Products\",\"item\":\"https:\/\/www.leitao-irmao.com\/shop\/\"},{\"@type\":\"ListItem\",\"position\":3,\"name\":\"Colar Cruz B\u00e1culo Papal ouro e diamantes | Peace, hope and Love\"}]},{\"@type\":\"WebSite\",\"@id\":\"https:\/\/www.leitao-irmao.com\/#website\",\"url\":\"https:\/\/www.leitao-irmao.com\/\",\"name\":\"Leit\u00e3o & Irm\u00e3o\",\"description\":\"Joalheiros desde 1822\",\"publisher\":{\"@id\":\"https:\/\/www.leitao-irmao.com\/#organization\"},\"potentialAction\":[{\"@type\":\"SearchAction\",\"target\":{\"@type\":\"EntryPoint\",\"urlTemplate\":\"https:\/\/www.leitao-irmao.com\/?s={search_term_string}\"},\"query-input\":{\"@type\":\"PropertyValueSpecification\",\"valueRequired\":true,\"valueName\":\"search_term_string\"}}],\"inLanguage\":\"en-GB\"},{\"@type\":\"Organization\",\"@id\":\"https:\/\/www.leitao-irmao.com\/#organization\",\"name\":\"Leit\u00e3o & Irm\u00e3o\",\"url\":\"https:\/\/www.leitao-irmao.com\/\",\"logo\":{\"@type\":\"ImageObject\",\"inLanguage\":\"en-GB\",\"@id\":\"https:\/\/www.leitao-irmao.com\/#\/schema\/logo\/image\/\",\"url\":\"https:\/\/www.leitao-irmao.com\/wp-content\/uploads\/2022\/11\/leitaoirmao-logo.png\",\"contentUrl\":\"https:\/\/www.leitao-irmao.com\/wp-content\/uploads\/2022\/11\/leitaoirmao-logo.png\",\"width\":426,\"height\":89,\"caption\":\"Leit\u00e3o & Irm\u00e3o\"},\"image\":{\"@id\":\"https:\/\/www.leitao-irmao.com\/#\/schema\/logo\/image\/\"}}]}<\/script>\n<!-- \/ Yoast SEO plugin. -->","yoast_head_json":{"title":"Colar Cruz B\u00e1culo Papal ouro e diamantes | Peace, hope and Love | Leit\u00e3o &amp; Irm\u00e3o","robots":{"index":"index","follow":"follow","max-snippet":"max-snippet:-1","max-image-preview":"max-image-preview:large","max-video-preview":"max-video-preview:-1"},"canonical":"https:\/\/www.leitao-irmao.com\/en\/product\/colar-cruz-baculo-papal-ouro-e-diamantes-peace-hope-and-love\/","og_locale":"en_GB","og_type":"article","og_title":"Colar Cruz B\u00e1culo Papal ouro e diamantes | Peace, hope and Love | Leit\u00e3o &amp; Irm\u00e3o","og_description":"Simbolos de Paz, Esperan\u00e7a e Amor. O colar Cruz B\u00e1culo Papal em ouro amarelo, \u00e9 a joia ideal para trazer consigo um s\u00edmbolo pessoal e de f\u00e9. Uma joia simb\u00f3lica para oferecer a si ou a quem mais gosta.","og_url":"https:\/\/www.leitao-irmao.com\/en\/product\/colar-cruz-baculo-papal-ouro-e-diamantes-peace-hope-and-love\/","og_site_name":"Leit\u00e3o &amp; Irm\u00e3o","article_modified_time":"2026-03-30T14:55:58+00:00","og_image":[{"width":1000,"height":1000,"url":"https:\/\/www.leitao-irmao.com\/wp-content\/uploads\/2024\/02\/pope-cross-necklace-in-yellow-gold-and-diamond.jpg","type":"image\/jpeg"}],"twitter_card":"summary_large_image","twitter_misc":{"Estimated reading time":"1 minute"},"schema":{"@context":"https:\/\/schema.org","@graph":[{"@type":"WebPage","@id":"https:\/\/www.leitao-irmao.com\/product\/colar-cruz-baculo-papal-ouro-e-diamantes-peace-hope-and-love\/","url":"https:\/\/www.leitao-irmao.com\/product\/colar-cruz-baculo-papal-ouro-e-diamantes-peace-hope-and-love\/","name":"Colar Cruz B\u00e1culo Papal ouro e diamantes | Peace, hope and Love | Leit\u00e3o &amp; Irm\u00e3o","isPartOf":{"@id":"https:\/\/www.leitao-irmao.com\/#website"},"primaryImageOfPage":{"@id":"https:\/\/www.leitao-irmao.com\/product\/colar-cruz-baculo-papal-ouro-e-diamantes-peace-hope-and-love\/#primaryimage"},"image":{"@id":"https:\/\/www.leitao-irmao.com\/product\/colar-cruz-baculo-papal-ouro-e-diamantes-peace-hope-and-love\/#primaryimage"},"thumbnailUrl":"https:\/\/www.leitao-irmao.com\/wp-content\/uploads\/2024\/02\/pope-cross-necklace-in-yellow-gold-and-diamond.jpg","datePublished":"2024-02-19T17:38:26+00:00","dateModified":"2026-03-30T14:55:58+00:00","breadcrumb":{"@id":"https:\/\/www.leitao-irmao.com\/product\/colar-cruz-baculo-papal-ouro-e-diamantes-peace-hope-and-love\/#breadcrumb"},"inLanguage":"en-GB","potentialAction":[{"@type":"ReadAction","target":["https:\/\/www.leitao-irmao.com\/product\/colar-cruz-baculo-papal-ouro-e-diamantes-peace-hope-and-love\/"]}]},{"@type":"ImageObject","inLanguage":"en-GB","@id":"https:\/\/www.leitao-irmao.com\/product\/colar-cruz-baculo-papal-ouro-e-diamantes-peace-hope-and-love\/#primaryimage","url":"https:\/\/www.leitao-irmao.com\/wp-content\/uploads\/2024\/02\/pope-cross-necklace-in-yellow-gold-and-diamond.jpg","contentUrl":"https:\/\/www.leitao-irmao.com\/wp-content\/uploads\/2024\/02\/pope-cross-necklace-in-yellow-gold-and-diamond.jpg","width":1000,"height":1000,"caption":"Colar cruz b\u00e1culo papal em ouro e diamantes da cole\u00e7\u00e3o Peace, hope and love"},{"@type":"BreadcrumbList","@id":"https:\/\/www.leitao-irmao.com\/product\/colar-cruz-baculo-papal-ouro-e-diamantes-peace-hope-and-love\/#breadcrumb","itemListElement":[{"@type":"ListItem","position":1,"name":"Home","item":"https:\/\/www.leitao-irmao.com\/"},{"@type":"ListItem","position":2,"name":"Products","item":"https:\/\/www.leitao-irmao.com\/shop\/"},{"@type":"ListItem","position":3,"name":"Colar Cruz B\u00e1culo Papal ouro e diamantes | Peace, hope and Love"}]},{"@type":"WebSite","@id":"https:\/\/www.leitao-irmao.com\/#website","url":"https:\/\/www.leitao-irmao.com\/","name":"Leit\u00e3o & Irm\u00e3o","description":"Joalheiros desde 1822","publisher":{"@id":"https:\/\/www.leitao-irmao.com\/#organization"},"potentialAction":[{"@type":"SearchAction","target":{"@type":"EntryPoint","urlTemplate":"https:\/\/www.leitao-irmao.com\/?s={search_term_string}"},"query-input":{"@type":"PropertyValueSpecification","valueRequired":true,"valueName":"search_term_string"}}],"inLanguage":"en-GB"},{"@type":"Organization","@id":"https:\/\/www.leitao-irmao.com\/#organization","name":"Leit\u00e3o & Irm\u00e3o","url":"https:\/\/www.leitao-irmao.com\/","logo":{"@type":"ImageObject","inLanguage":"en-GB","@id":"https:\/\/www.leitao-irmao.com\/#\/schema\/logo\/image\/","url":"https:\/\/www.leitao-irmao.com\/wp-content\/uploads\/2022\/11\/leitaoirmao-logo.png","contentUrl":"https:\/\/www.leitao-irmao.com\/wp-content\/uploads\/2022\/11\/leitaoirmao-logo.png","width":426,"height":89,"caption":"Leit\u00e3o & Irm\u00e3o"},"image":{"@id":"https:\/\/www.leitao-irmao.com\/#\/schema\/logo\/image\/"}}]}},"_links":{"self":[{"href":"https:\/\/www.leitao-irmao.com\/en\/wp-json\/wp\/v2\/product\/21809","targetHints":{"allow":["GET"]}}],"collection":[{"href":"https:\/\/www.leitao-irmao.com\/en\/wp-json\/wp\/v2\/product"}],"about":[{"href":"https:\/\/www.leitao-irmao.com\/en\/wp-json\/wp\/v2\/types\/product"}],"version-history":[{"count":1,"href":"https:\/\/www.leitao-irmao.com\/en\/wp-json\/wp\/v2\/product\/21809\/revisions"}],"predecessor-version":[{"id":37717,"href":"https:\/\/www.leitao-irmao.com\/en\/wp-json\/wp\/v2\/product\/21809\/revisions\/37717"}],"wp:featuredmedia":[{"embeddable":true,"href":"https:\/\/www.leitao-irmao.com\/en\/wp-json\/wp\/v2\/media\/21813"}],"wp:attachment":[{"href":"https:\/\/www.leitao-irmao.com\/en\/wp-json\/wp\/v2\/media?parent=21809"}],"wp:term":[{"taxonomy":"product_brand","embeddable":true,"href":"https:\/\/www.leitao-irmao.com\/en\/wp-json\/wp\/v2\/product_brand?post=21809"},{"taxonomy":"product_cat","embeddable":true,"href":"https:\/\/www.leitao-irmao.com\/en\/wp-json\/wp\/v2\/product_cat?post=21809"},{"taxonomy":"product_tag","embeddable":true,"href":"https:\/\/www.leitao-irmao.com\/en\/wp-json\/wp\/v2\/product_tag?post=21809"}],"curies":[{"name":"wp","href":"https:\/\/api.w.org\/{rel}","templated":true}]}}