{"id":22276,"date":"2024-03-04T10:00:35","date_gmt":"2024-03-04T10:00:35","guid":{"rendered":"https:\/\/www.leitao-irmao.com\/?post_type=product&#038;p=22276"},"modified":"2026-03-25T16:39:23","modified_gmt":"2026-03-25T16:39:23","slug":"conjunto-ovos-familia-de-dragao","status":"publish","type":"product","link":"https:\/\/www.leitao-irmao.com\/en\/product\/conjunto-ovos-familia-de-dragao\/","title":{"rendered":"Dragon Family Egg Set"},"content":{"rendered":"<p><span style=\"font-weight: 400;\">Ovos do Drag\u00e3o<\/span><\/p>\n<p>&nbsp;<\/p>\n<p><span style=\"font-weight: 400;\">Celebra a Tradi\u00e7\u00e3o, Significado e Multiculturalidade<\/span><\/p>\n<p>&nbsp;<\/p>\n<p><span style=\"font-weight: 400;\">Em tributo \u00e0 tradi\u00e7\u00e3o secular dos ovos da P\u00e1scoa e em celebra\u00e7\u00e3o do ano do Drag\u00e3o no hor\u00f3scopo chin\u00eas, a <a href=\"https:\/\/www.leitao-irmao.com\/en\/\">Leit\u00e3o &amp; Irm\u00e3o<\/a>\u00a0apresenta a sua cole\u00e7\u00e3o exclusiva de 3 ovos em prata de grandes dimens\u00f5es.\u00a0<\/span><\/p>\n<p>&nbsp;<\/p>\n<p><span style=\"font-weight: 400;\">Uma fam\u00edlia de m\u00e3e, pai e filhos, disponibilizados nas lojas Leit\u00e3o &amp; Irm\u00e3o apenas em conjunto. A fam\u00edlia mant\u00e9m-se unida!<\/span><\/p>\n<p>&nbsp;<\/p>\n<p><span style=\"font-weight: 400;\">Estes ovos excecionais transcendem a mera express\u00e3o de eleg\u00e2ncia e representam uma fus\u00e3o \u00fanica de simbolismo cultural e tradi\u00e7\u00e3o festiva. Inspirados nos ovos da P\u00e1scoa, <\/span><b>s\u00edmbolos de renascimento e fertilidade<\/b><span style=\"font-weight: 400;\">, os ovos desta cole\u00e7\u00e3o incorporam a ess\u00eancia da temporada primaveril, marcando o renascimento da natureza e a renova\u00e7\u00e3o da esperan\u00e7a.<\/span><\/p>\n<p>&nbsp;<\/p>\n<p><span style=\"font-weight: 400;\">The <\/span><b>ano do drag\u00e3o, no hor\u00f3scopo chin\u00eas<\/b><span style=\"font-weight: 400;\">, \u00e9 conhecido por ser uma \u00e9poca de boa sorte, prosperidade e energia vigorosa. Cada ovo da cole\u00e7\u00e3o \u00e9 trabalhado para incorporar elementos emblem\u00e1ticos do drag\u00e3o, simbolizando poder, for\u00e7a e boa fortuna. Esta fus\u00e3o de culturas \u00e9 uma homenagem <\/span><b>\u00e0 riqueza das tradi\u00e7\u00f5es globais e \u00e0 harmoniosa coexist\u00eancia de diferentes simbolismos. <\/b><span style=\"font-weight: 400;\">As well as being stunning pieces of art, these silver eggs offer a unique tactile experience, with <\/span><b>intrincados detalhes cinzelados \u00e0 m\u00e3o<\/b><span style=\"font-weight: 400;\">, reflecting Leit\u00e3o &amp; Irm\u00e3o's commitment to artisanal excellence.<\/span><\/p>\n<p>&nbsp;<\/p>\n<p><span style=\"font-weight: 400;\">Uma obra de arte magn\u00edfica, que leva consigo uma celebra\u00e7\u00e3o tang\u00edvel de culturas entrela\u00e7adas e significados profundos. <\/span><\/p>","protected":false},"excerpt":{"rendered":"<p><span style=\"font-weight: 400;\">In tribute to the centuries-old tradition of Easter eggs and in celebration of the year of the dragon in the Chinese horoscope, Leit\u00e3o &amp; Irm\u00e3o presents its exclusive collection of 3 large silver eggs.\u00a0<\/span><\/p>\n<p><span style=\"font-weight: 400;\">Uma fam\u00edlia de m\u00e3e, pai e filhos, disponibilizados nas lojas Leit\u00e3o &amp; Irm\u00e3o apenas em conjunto. A fam\u00edlia mant\u00e9m-se unida!<\/span><\/p>\n<p>These exceptional eggs transcend mere elegance, combining cultural symbolism and festive tradition. Inspired by Easter eggs, symbols of rebirth and fertility, they capture the essence of spring, marking the rebirth of nature and hope. Each egg in the collection pays homage to the year of the dragon in the Chinese horoscope, symbolizing good luck, prosperity and vigorous energy. Worked with elements emblematic of the dragon, they represent power, strength and good fortune, in a cultural fusion that celebrates the diversity and harmony of global symbolisms.<\/p>\n<p><span style=\"font-weight: 400;\">As well as being stunning pieces of art, these silver eggs offer a unique tactile experience, with <\/span><b>intrincados detalhes cinzelados \u00e0 m\u00e3o<\/b><span style=\"font-weight: 400;\">, reflecting Leit\u00e3o &amp; Irm\u00e3o's commitment to artisanal excellence.<\/span><\/p>\n<p>&nbsp;<\/p>","protected":false},"featured_media":22277,"template":"","meta":{"_acf_changed":false},"product_brand":[],"product_cat":[70,76,259,384,136,128,496],"product_tag":[270],"class_list":{"0":"post-22276","1":"product","2":"type-product","3":"status-publish","4":"has-post-thumbnail","6":"product_cat-casa-e-decoracao","7":"product_cat-colecionaveis","8":"product_cat-excecionais","9":"product_cat-ovos-em-prata","10":"product_cat-pascoa","11":"product_cat-presentes-acima-de-10000e","12":"product_cat-sem-desconto","13":"product_tag-prata","15":"first","16":"instock","17":"shipping-taxable","18":"purchasable","19":"product-type-simple"},"acf":[],"yoast_head":"<!-- This site is optimized with the Yoast SEO plugin v25.4 - https:\/\/yoast.com\/wordpress\/plugins\/seo\/ -->\n<title>Conjunto Ovos Fam\u00edlia de Drag\u00e3o | Leit\u00e3o &amp; Irm\u00e3o<\/title>\n<meta name=\"description\" content=\"Em tributo \u00e0 tradi\u00e7\u00e3o dos ovos da P\u00e1scoa e celebrando o ano do drag\u00e3o no hor\u00f3scopo chin\u00eas, a apresenta a sua cole\u00e7\u00e3o exclusiva de 3 Ovos de Drag\u00e3o em Prata.\" \/>\n<meta name=\"robots\" content=\"index, follow, max-snippet:-1, max-image-preview:large, max-video-preview:-1\" \/>\n<link rel=\"canonical\" href=\"https:\/\/www.leitao-irmao.com\/en\/product\/conjunto-ovos-familia-de-dragao\/\" \/>\n<meta property=\"og:locale\" content=\"en_GB\" \/>\n<meta property=\"og:type\" content=\"article\" \/>\n<meta property=\"og:title\" content=\"Conjunto Ovos Fam\u00edlia de Drag\u00e3o | Leit\u00e3o &amp; Irm\u00e3o\" \/>\n<meta property=\"og:description\" content=\"Em tributo \u00e0 tradi\u00e7\u00e3o dos ovos da P\u00e1scoa e celebrando o ano do drag\u00e3o no hor\u00f3scopo chin\u00eas, a apresenta a sua cole\u00e7\u00e3o exclusiva de 3 Ovos de Drag\u00e3o em Prata.\" \/>\n<meta property=\"og:url\" content=\"https:\/\/www.leitao-irmao.com\/en\/product\/conjunto-ovos-familia-de-dragao\/\" \/>\n<meta property=\"og:site_name\" content=\"Leit\u00e3o &amp; Irm\u00e3o\" \/>\n<meta property=\"article:modified_time\" content=\"2026-03-25T16:39:23+00:00\" \/>\n<meta property=\"og:image\" content=\"https:\/\/www.leitao-irmao.com\/wp-content\/uploads\/2024\/03\/conjunto-Ovos-de-Dragao.jpg\" \/>\n\t<meta property=\"og:image:width\" content=\"1800\" \/>\n\t<meta property=\"og:image:height\" content=\"1800\" \/>\n\t<meta property=\"og:image:type\" content=\"image\/jpeg\" \/>\n<meta name=\"twitter:card\" content=\"summary_large_image\" \/>\n<meta name=\"twitter:label1\" content=\"Estimated reading time\" \/>\n\t<meta name=\"twitter:data1\" content=\"2 minutes\" \/>\n<script type=\"application\/ld+json\" class=\"yoast-schema-graph\">{\"@context\":\"https:\/\/schema.org\",\"@graph\":[{\"@type\":\"WebPage\",\"@id\":\"https:\/\/www.leitao-irmao.com\/product\/conjunto-ovos-familia-de-dragao\/\",\"url\":\"https:\/\/www.leitao-irmao.com\/product\/conjunto-ovos-familia-de-dragao\/\",\"name\":\"Conjunto Ovos Fam\u00edlia de Drag\u00e3o | Leit\u00e3o &amp; Irm\u00e3o\",\"isPartOf\":{\"@id\":\"https:\/\/www.leitao-irmao.com\/#website\"},\"primaryImageOfPage\":{\"@id\":\"https:\/\/www.leitao-irmao.com\/product\/conjunto-ovos-familia-de-dragao\/#primaryimage\"},\"image\":{\"@id\":\"https:\/\/www.leitao-irmao.com\/product\/conjunto-ovos-familia-de-dragao\/#primaryimage\"},\"thumbnailUrl\":\"https:\/\/www.leitao-irmao.com\/wp-content\/uploads\/2024\/03\/conjunto-Ovos-de-Dragao.jpg\",\"datePublished\":\"2024-03-04T10:00:35+00:00\",\"dateModified\":\"2026-03-25T16:39:23+00:00\",\"description\":\"Em tributo \u00e0 tradi\u00e7\u00e3o dos ovos da P\u00e1scoa e celebrando o ano do drag\u00e3o no hor\u00f3scopo chin\u00eas, a apresenta a sua cole\u00e7\u00e3o exclusiva de 3 Ovos de Drag\u00e3o em Prata.\",\"breadcrumb\":{\"@id\":\"https:\/\/www.leitao-irmao.com\/product\/conjunto-ovos-familia-de-dragao\/#breadcrumb\"},\"inLanguage\":\"en-GB\",\"potentialAction\":[{\"@type\":\"ReadAction\",\"target\":[\"https:\/\/www.leitao-irmao.com\/product\/conjunto-ovos-familia-de-dragao\/\"]}]},{\"@type\":\"ImageObject\",\"inLanguage\":\"en-GB\",\"@id\":\"https:\/\/www.leitao-irmao.com\/product\/conjunto-ovos-familia-de-dragao\/#primaryimage\",\"url\":\"https:\/\/www.leitao-irmao.com\/wp-content\/uploads\/2024\/03\/conjunto-Ovos-de-Dragao.jpg\",\"contentUrl\":\"https:\/\/www.leitao-irmao.com\/wp-content\/uploads\/2024\/03\/conjunto-Ovos-de-Dragao.jpg\",\"width\":1800,\"height\":1800,\"caption\":\"Conjunto ovos de drag\u00e3o em prata da Leit\u00e3o & Irm\u00e3o\"},{\"@type\":\"BreadcrumbList\",\"@id\":\"https:\/\/www.leitao-irmao.com\/product\/conjunto-ovos-familia-de-dragao\/#breadcrumb\",\"itemListElement\":[{\"@type\":\"ListItem\",\"position\":1,\"name\":\"Home\",\"item\":\"https:\/\/www.leitao-irmao.com\/\"},{\"@type\":\"ListItem\",\"position\":2,\"name\":\"Products\",\"item\":\"https:\/\/www.leitao-irmao.com\/shop\/\"},{\"@type\":\"ListItem\",\"position\":3,\"name\":\"Conjunto Ovos Fam\u00edlia de Drag\u00e3o\"}]},{\"@type\":\"WebSite\",\"@id\":\"https:\/\/www.leitao-irmao.com\/#website\",\"url\":\"https:\/\/www.leitao-irmao.com\/\",\"name\":\"Leit\u00e3o & Irm\u00e3o\",\"description\":\"Joalheiros desde 1822\",\"publisher\":{\"@id\":\"https:\/\/www.leitao-irmao.com\/#organization\"},\"potentialAction\":[{\"@type\":\"SearchAction\",\"target\":{\"@type\":\"EntryPoint\",\"urlTemplate\":\"https:\/\/www.leitao-irmao.com\/?s={search_term_string}\"},\"query-input\":{\"@type\":\"PropertyValueSpecification\",\"valueRequired\":true,\"valueName\":\"search_term_string\"}}],\"inLanguage\":\"en-GB\"},{\"@type\":\"Organization\",\"@id\":\"https:\/\/www.leitao-irmao.com\/#organization\",\"name\":\"Leit\u00e3o & Irm\u00e3o\",\"url\":\"https:\/\/www.leitao-irmao.com\/\",\"logo\":{\"@type\":\"ImageObject\",\"inLanguage\":\"en-GB\",\"@id\":\"https:\/\/www.leitao-irmao.com\/#\/schema\/logo\/image\/\",\"url\":\"https:\/\/www.leitao-irmao.com\/wp-content\/uploads\/2022\/11\/leitaoirmao-logo.png\",\"contentUrl\":\"https:\/\/www.leitao-irmao.com\/wp-content\/uploads\/2022\/11\/leitaoirmao-logo.png\",\"width\":426,\"height\":89,\"caption\":\"Leit\u00e3o & Irm\u00e3o\"},\"image\":{\"@id\":\"https:\/\/www.leitao-irmao.com\/#\/schema\/logo\/image\/\"}}]}<\/script>\n<!-- \/ Yoast SEO plugin. -->","yoast_head_json":{"title":"Conjunto Ovos Fam\u00edlia de Drag\u00e3o | Leit\u00e3o &amp; Irm\u00e3o","description":"Em tributo \u00e0 tradi\u00e7\u00e3o dos ovos da P\u00e1scoa e celebrando o ano do drag\u00e3o no hor\u00f3scopo chin\u00eas, a apresenta a sua cole\u00e7\u00e3o exclusiva de 3 Ovos de Drag\u00e3o em Prata.","robots":{"index":"index","follow":"follow","max-snippet":"max-snippet:-1","max-image-preview":"max-image-preview:large","max-video-preview":"max-video-preview:-1"},"canonical":"https:\/\/www.leitao-irmao.com\/en\/product\/conjunto-ovos-familia-de-dragao\/","og_locale":"en_GB","og_type":"article","og_title":"Conjunto Ovos Fam\u00edlia de Drag\u00e3o | Leit\u00e3o &amp; Irm\u00e3o","og_description":"Em tributo \u00e0 tradi\u00e7\u00e3o dos ovos da P\u00e1scoa e celebrando o ano do drag\u00e3o no hor\u00f3scopo chin\u00eas, a apresenta a sua cole\u00e7\u00e3o exclusiva de 3 Ovos de Drag\u00e3o em Prata.","og_url":"https:\/\/www.leitao-irmao.com\/en\/product\/conjunto-ovos-familia-de-dragao\/","og_site_name":"Leit\u00e3o &amp; Irm\u00e3o","article_modified_time":"2026-03-25T16:39:23+00:00","og_image":[{"width":1800,"height":1800,"url":"https:\/\/www.leitao-irmao.com\/wp-content\/uploads\/2024\/03\/conjunto-Ovos-de-Dragao.jpg","type":"image\/jpeg"}],"twitter_card":"summary_large_image","twitter_misc":{"Estimated reading time":"2 minutes"},"schema":{"@context":"https:\/\/schema.org","@graph":[{"@type":"WebPage","@id":"https:\/\/www.leitao-irmao.com\/product\/conjunto-ovos-familia-de-dragao\/","url":"https:\/\/www.leitao-irmao.com\/product\/conjunto-ovos-familia-de-dragao\/","name":"Conjunto Ovos Fam\u00edlia de Drag\u00e3o | Leit\u00e3o &amp; Irm\u00e3o","isPartOf":{"@id":"https:\/\/www.leitao-irmao.com\/#website"},"primaryImageOfPage":{"@id":"https:\/\/www.leitao-irmao.com\/product\/conjunto-ovos-familia-de-dragao\/#primaryimage"},"image":{"@id":"https:\/\/www.leitao-irmao.com\/product\/conjunto-ovos-familia-de-dragao\/#primaryimage"},"thumbnailUrl":"https:\/\/www.leitao-irmao.com\/wp-content\/uploads\/2024\/03\/conjunto-Ovos-de-Dragao.jpg","datePublished":"2024-03-04T10:00:35+00:00","dateModified":"2026-03-25T16:39:23+00:00","description":"Em tributo \u00e0 tradi\u00e7\u00e3o dos ovos da P\u00e1scoa e celebrando o ano do drag\u00e3o no hor\u00f3scopo chin\u00eas, a apresenta a sua cole\u00e7\u00e3o exclusiva de 3 Ovos de Drag\u00e3o em Prata.","breadcrumb":{"@id":"https:\/\/www.leitao-irmao.com\/product\/conjunto-ovos-familia-de-dragao\/#breadcrumb"},"inLanguage":"en-GB","potentialAction":[{"@type":"ReadAction","target":["https:\/\/www.leitao-irmao.com\/product\/conjunto-ovos-familia-de-dragao\/"]}]},{"@type":"ImageObject","inLanguage":"en-GB","@id":"https:\/\/www.leitao-irmao.com\/product\/conjunto-ovos-familia-de-dragao\/#primaryimage","url":"https:\/\/www.leitao-irmao.com\/wp-content\/uploads\/2024\/03\/conjunto-Ovos-de-Dragao.jpg","contentUrl":"https:\/\/www.leitao-irmao.com\/wp-content\/uploads\/2024\/03\/conjunto-Ovos-de-Dragao.jpg","width":1800,"height":1800,"caption":"Conjunto ovos de drag\u00e3o em prata da Leit\u00e3o & Irm\u00e3o"},{"@type":"BreadcrumbList","@id":"https:\/\/www.leitao-irmao.com\/product\/conjunto-ovos-familia-de-dragao\/#breadcrumb","itemListElement":[{"@type":"ListItem","position":1,"name":"Home","item":"https:\/\/www.leitao-irmao.com\/"},{"@type":"ListItem","position":2,"name":"Products","item":"https:\/\/www.leitao-irmao.com\/shop\/"},{"@type":"ListItem","position":3,"name":"Conjunto Ovos Fam\u00edlia de Drag\u00e3o"}]},{"@type":"WebSite","@id":"https:\/\/www.leitao-irmao.com\/#website","url":"https:\/\/www.leitao-irmao.com\/","name":"Leit\u00e3o & Irm\u00e3o","description":"Joalheiros desde 1822","publisher":{"@id":"https:\/\/www.leitao-irmao.com\/#organization"},"potentialAction":[{"@type":"SearchAction","target":{"@type":"EntryPoint","urlTemplate":"https:\/\/www.leitao-irmao.com\/?s={search_term_string}"},"query-input":{"@type":"PropertyValueSpecification","valueRequired":true,"valueName":"search_term_string"}}],"inLanguage":"en-GB"},{"@type":"Organization","@id":"https:\/\/www.leitao-irmao.com\/#organization","name":"Leit\u00e3o & Irm\u00e3o","url":"https:\/\/www.leitao-irmao.com\/","logo":{"@type":"ImageObject","inLanguage":"en-GB","@id":"https:\/\/www.leitao-irmao.com\/#\/schema\/logo\/image\/","url":"https:\/\/www.leitao-irmao.com\/wp-content\/uploads\/2022\/11\/leitaoirmao-logo.png","contentUrl":"https:\/\/www.leitao-irmao.com\/wp-content\/uploads\/2022\/11\/leitaoirmao-logo.png","width":426,"height":89,"caption":"Leit\u00e3o & Irm\u00e3o"},"image":{"@id":"https:\/\/www.leitao-irmao.com\/#\/schema\/logo\/image\/"}}]}},"_links":{"self":[{"href":"https:\/\/www.leitao-irmao.com\/en\/wp-json\/wp\/v2\/product\/22276","targetHints":{"allow":["GET"]}}],"collection":[{"href":"https:\/\/www.leitao-irmao.com\/en\/wp-json\/wp\/v2\/product"}],"about":[{"href":"https:\/\/www.leitao-irmao.com\/en\/wp-json\/wp\/v2\/types\/product"}],"version-history":[{"count":3,"href":"https:\/\/www.leitao-irmao.com\/en\/wp-json\/wp\/v2\/product\/22276\/revisions"}],"predecessor-version":[{"id":37597,"href":"https:\/\/www.leitao-irmao.com\/en\/wp-json\/wp\/v2\/product\/22276\/revisions\/37597"}],"wp:featuredmedia":[{"embeddable":true,"href":"https:\/\/www.leitao-irmao.com\/en\/wp-json\/wp\/v2\/media\/22277"}],"wp:attachment":[{"href":"https:\/\/www.leitao-irmao.com\/en\/wp-json\/wp\/v2\/media?parent=22276"}],"wp:term":[{"taxonomy":"product_brand","embeddable":true,"href":"https:\/\/www.leitao-irmao.com\/en\/wp-json\/wp\/v2\/product_brand?post=22276"},{"taxonomy":"product_cat","embeddable":true,"href":"https:\/\/www.leitao-irmao.com\/en\/wp-json\/wp\/v2\/product_cat?post=22276"},{"taxonomy":"product_tag","embeddable":true,"href":"https:\/\/www.leitao-irmao.com\/en\/wp-json\/wp\/v2\/product_tag?post=22276"}],"curies":[{"name":"wp","href":"https:\/\/api.w.org\/{rel}","templated":true}]}}