{"id":22364,"date":"2024-10-02T09:00:16","date_gmt":"2024-10-02T08:00:16","guid":{"rendered":"https:\/\/www.leitao-irmao.com\/?post_type=product&#038;p=22364"},"modified":"2026-02-26T10:26:08","modified_gmt":"2026-02-26T10:26:08","slug":"caes-em-prata-cao-de-agua","status":"publish","type":"product","link":"https:\/\/www.leitao-irmao.com\/en\/product\/caes-em-prata-cao-de-agua\/","title":{"rendered":"Dogs in Silver | Portuguese Water Dog"},"content":{"rendered":"<p>Leit\u00e3o &amp; Irm\u00e3o has created a collection of <a href=\"https:\/\/www.leitao-irmao.com\/en\/product-category\/caes\/\">c\u00e3es em prata<\/a>, which pays homage to man's best friend - the dog.<\/p>\n<p>Nesta edi\u00e7\u00e3o, as oficinas Leit\u00e3o &amp; Irm\u00e3o criaram uma r\u00e9plica do &#8220;habilidoso e leal \u201d <strong>C\u00e3o de \u00c1gua Portugu\u00eas.<\/strong><\/p>\n<p>With his contagious energy and exceptional intelligence, he is known for his unwavering loyalty, courage and swimming and diving skills.<\/p>\n<p>Originally found all along the Portuguese coast, the Portuguese Water Dog has become a symbol of the Algarve, its region of origin. Adapted to life at sea, it stands out for its endurance, bravery and ability to quickly understand and obey its owner's commands.<\/p>\n<p>Leit\u00e3o &amp; Irm\u00e3o's sculptor hand-carved our Portuguese Water Dog, which was then transformed and worked on at the goldsmith's stalls. This silver piece reproduces the animal's artistic and plastic expression, capturing the breed's characteristics such as strength, energy and vitality.<\/p>\n<p>Uma ra\u00e7a portuguesa, com certeza.<\/p>","protected":false},"excerpt":{"rendered":"<p>Leit\u00e3o &amp; Irm\u00e3o has created a collection of <a href=\"https:\/\/www.leitao-irmao.com\/en\/product-category\/caes\/\">c\u00e3es em prata<\/a>, which pays homage to man's best friend - the dog.<\/p>\n<p>In this edition, Leit\u00e3o &amp; Irm\u00e3o workshops have created a replica of the \u201cskillful and loyal\u201d <strong>C\u00e3o de \u00c1gua Portugu\u00eas.<\/strong><\/p>\n<p>With his contagious energy and exceptional intelligence, he is known for his unwavering loyalty, courage and swimming and diving skills.<\/p>\n<p>Originally found all along the Portuguese coast, the Portuguese Water Dog has become a symbol of the Algarve, its region of origin. Adapted to life at sea, it stands out for its endurance, bravery and ability to quickly understand and obey its owner's commands.<\/p>\n<p>Leit\u00e3o &amp; Irm\u00e3o's sculptor hand-carved our Portuguese Water Dog, which was then transformed and worked on at the goldsmith's stalls. This silver piece reproduces the animal's artistic and plastic expression, capturing the breed's characteristics such as strength, energy and vitality.<\/p>\n<p><strong>Uma ra\u00e7a portuguesa, com certeza.<\/strong><\/p>","protected":false},"featured_media":25954,"template":"","meta":{"_acf_changed":false},"product_brand":[],"product_cat":[385,70,76,74,676,129,125],"product_tag":[323,270],"class_list":{"0":"post-22364","1":"product","2":"type-product","3":"status-publish","4":"has-post-thumbnail","6":"product_cat-caes","7":"product_cat-casa-e-decoracao","8":"product_cat-colecionaveis","9":"product_cat-decoracao","10":"product_cat-gift-selection","11":"product_cat-ofertas-para-o-casal","12":"product_cat-presentes-entre-1000e-a-2500e","13":"product_tag-novidades","14":"product_tag-prata","16":"first","17":"instock","18":"shipping-taxable","19":"purchasable","20":"product-type-simple"},"acf":[],"yoast_head":"<!-- This site is optimized with the Yoast SEO plugin v25.4 - https:\/\/yoast.com\/wordpress\/plugins\/seo\/ -->\n<title>C\u00e3es em Prata | C\u00e3o de \u00c1gua Portugu\u00eas | Leit\u00e3o &amp; Irm\u00e3o<\/title>\n<meta name=\"description\" content=\"A Leit\u00e3o &amp; Irm\u00e3o, criou uma cole\u00e7\u00e3o de c\u00e3es em prata, que homenageia o melhor amigo do Homem \u2013 o c\u00e3o. Nesta edi\u00e7\u00e3o O C\u00e3o de \u00c1gua Portugu\u00eas.\" \/>\n<meta name=\"robots\" content=\"index, follow, max-snippet:-1, max-image-preview:large, max-video-preview:-1\" \/>\n<link rel=\"canonical\" href=\"https:\/\/www.leitao-irmao.com\/en\/product\/caes-em-prata-cao-de-agua\/\" \/>\n<meta property=\"og:locale\" content=\"en_GB\" \/>\n<meta property=\"og:type\" content=\"article\" \/>\n<meta property=\"og:title\" content=\"C\u00e3es em Prata | C\u00e3o de \u00c1gua Portugu\u00eas | Leit\u00e3o &amp; Irm\u00e3o\" \/>\n<meta property=\"og:description\" content=\"A Leit\u00e3o &amp; Irm\u00e3o, criou uma cole\u00e7\u00e3o de c\u00e3es em prata, que homenageia o melhor amigo do Homem \u2013 o c\u00e3o. Nesta edi\u00e7\u00e3o O C\u00e3o de \u00c1gua Portugu\u00eas.\" \/>\n<meta property=\"og:url\" content=\"https:\/\/www.leitao-irmao.com\/en\/product\/caes-em-prata-cao-de-agua\/\" \/>\n<meta property=\"og:site_name\" content=\"Leit\u00e3o &amp; Irm\u00e3o\" \/>\n<meta property=\"article:modified_time\" content=\"2026-02-26T10:26:08+00:00\" \/>\n<meta property=\"og:image\" content=\"https:\/\/www.leitao-irmao.com\/wp-content\/uploads\/2024\/03\/cao_de_agua.jpg\" \/>\n\t<meta property=\"og:image:width\" content=\"1080\" \/>\n\t<meta property=\"og:image:height\" content=\"1080\" \/>\n\t<meta property=\"og:image:type\" content=\"image\/jpeg\" \/>\n<meta name=\"twitter:card\" content=\"summary_large_image\" \/>\n<meta name=\"twitter:label1\" content=\"Estimated reading time\" \/>\n\t<meta name=\"twitter:data1\" content=\"2 minutes\" \/>\n<script type=\"application\/ld+json\" class=\"yoast-schema-graph\">{\"@context\":\"https:\/\/schema.org\",\"@graph\":[{\"@type\":\"WebPage\",\"@id\":\"https:\/\/www.leitao-irmao.com\/product\/caes-em-prata-cao-de-agua\/\",\"url\":\"https:\/\/www.leitao-irmao.com\/product\/caes-em-prata-cao-de-agua\/\",\"name\":\"C\u00e3es em Prata | C\u00e3o de \u00c1gua Portugu\u00eas | Leit\u00e3o &amp; Irm\u00e3o\",\"isPartOf\":{\"@id\":\"https:\/\/www.leitao-irmao.com\/#website\"},\"primaryImageOfPage\":{\"@id\":\"https:\/\/www.leitao-irmao.com\/product\/caes-em-prata-cao-de-agua\/#primaryimage\"},\"image\":{\"@id\":\"https:\/\/www.leitao-irmao.com\/product\/caes-em-prata-cao-de-agua\/#primaryimage\"},\"thumbnailUrl\":\"https:\/\/www.leitao-irmao.com\/wp-content\/uploads\/2024\/03\/cao_de_agua.jpg\",\"datePublished\":\"2024-10-02T08:00:16+00:00\",\"dateModified\":\"2026-02-26T10:26:08+00:00\",\"description\":\"A Leit\u00e3o & Irm\u00e3o, criou uma cole\u00e7\u00e3o de c\u00e3es em prata, que homenageia o melhor amigo do Homem \u2013 o c\u00e3o. Nesta edi\u00e7\u00e3o O C\u00e3o de \u00c1gua Portugu\u00eas.\",\"breadcrumb\":{\"@id\":\"https:\/\/www.leitao-irmao.com\/product\/caes-em-prata-cao-de-agua\/#breadcrumb\"},\"inLanguage\":\"en-GB\",\"potentialAction\":[{\"@type\":\"ReadAction\",\"target\":[\"https:\/\/www.leitao-irmao.com\/product\/caes-em-prata-cao-de-agua\/\"]}]},{\"@type\":\"ImageObject\",\"inLanguage\":\"en-GB\",\"@id\":\"https:\/\/www.leitao-irmao.com\/product\/caes-em-prata-cao-de-agua\/#primaryimage\",\"url\":\"https:\/\/www.leitao-irmao.com\/wp-content\/uploads\/2024\/03\/cao_de_agua.jpg\",\"contentUrl\":\"https:\/\/www.leitao-irmao.com\/wp-content\/uploads\/2024\/03\/cao_de_agua.jpg\",\"width\":1080,\"height\":1080,\"caption\":\"C\u00e3o de \u00c1gua portugu\u00eas em Prata da Leit\u00e3o & Irm\u00e3o\"},{\"@type\":\"BreadcrumbList\",\"@id\":\"https:\/\/www.leitao-irmao.com\/product\/caes-em-prata-cao-de-agua\/#breadcrumb\",\"itemListElement\":[{\"@type\":\"ListItem\",\"position\":1,\"name\":\"Home\",\"item\":\"https:\/\/www.leitao-irmao.com\/\"},{\"@type\":\"ListItem\",\"position\":2,\"name\":\"Products\",\"item\":\"https:\/\/www.leitao-irmao.com\/shop\/\"},{\"@type\":\"ListItem\",\"position\":3,\"name\":\"C\u00e3es em Prata | C\u00e3o de \u00c1gua Portugu\u00eas\"}]},{\"@type\":\"WebSite\",\"@id\":\"https:\/\/www.leitao-irmao.com\/#website\",\"url\":\"https:\/\/www.leitao-irmao.com\/\",\"name\":\"Leit\u00e3o & Irm\u00e3o\",\"description\":\"Joalheiros desde 1822\",\"publisher\":{\"@id\":\"https:\/\/www.leitao-irmao.com\/#organization\"},\"potentialAction\":[{\"@type\":\"SearchAction\",\"target\":{\"@type\":\"EntryPoint\",\"urlTemplate\":\"https:\/\/www.leitao-irmao.com\/?s={search_term_string}\"},\"query-input\":{\"@type\":\"PropertyValueSpecification\",\"valueRequired\":true,\"valueName\":\"search_term_string\"}}],\"inLanguage\":\"en-GB\"},{\"@type\":\"Organization\",\"@id\":\"https:\/\/www.leitao-irmao.com\/#organization\",\"name\":\"Leit\u00e3o & Irm\u00e3o\",\"url\":\"https:\/\/www.leitao-irmao.com\/\",\"logo\":{\"@type\":\"ImageObject\",\"inLanguage\":\"en-GB\",\"@id\":\"https:\/\/www.leitao-irmao.com\/#\/schema\/logo\/image\/\",\"url\":\"https:\/\/www.leitao-irmao.com\/wp-content\/uploads\/2022\/11\/leitaoirmao-logo.png\",\"contentUrl\":\"https:\/\/www.leitao-irmao.com\/wp-content\/uploads\/2022\/11\/leitaoirmao-logo.png\",\"width\":426,\"height\":89,\"caption\":\"Leit\u00e3o & Irm\u00e3o\"},\"image\":{\"@id\":\"https:\/\/www.leitao-irmao.com\/#\/schema\/logo\/image\/\"}}]}<\/script>\n<!-- \/ Yoast SEO plugin. -->","yoast_head_json":{"title":"C\u00e3es em Prata | C\u00e3o de \u00c1gua Portugu\u00eas | Leit\u00e3o &amp; Irm\u00e3o","description":"A Leit\u00e3o & Irm\u00e3o, criou uma cole\u00e7\u00e3o de c\u00e3es em prata, que homenageia o melhor amigo do Homem \u2013 o c\u00e3o. Nesta edi\u00e7\u00e3o O C\u00e3o de \u00c1gua Portugu\u00eas.","robots":{"index":"index","follow":"follow","max-snippet":"max-snippet:-1","max-image-preview":"max-image-preview:large","max-video-preview":"max-video-preview:-1"},"canonical":"https:\/\/www.leitao-irmao.com\/en\/product\/caes-em-prata-cao-de-agua\/","og_locale":"en_GB","og_type":"article","og_title":"C\u00e3es em Prata | C\u00e3o de \u00c1gua Portugu\u00eas | Leit\u00e3o &amp; Irm\u00e3o","og_description":"A Leit\u00e3o & Irm\u00e3o, criou uma cole\u00e7\u00e3o de c\u00e3es em prata, que homenageia o melhor amigo do Homem \u2013 o c\u00e3o. Nesta edi\u00e7\u00e3o O C\u00e3o de \u00c1gua Portugu\u00eas.","og_url":"https:\/\/www.leitao-irmao.com\/en\/product\/caes-em-prata-cao-de-agua\/","og_site_name":"Leit\u00e3o &amp; Irm\u00e3o","article_modified_time":"2026-02-26T10:26:08+00:00","og_image":[{"width":1080,"height":1080,"url":"https:\/\/www.leitao-irmao.com\/wp-content\/uploads\/2024\/03\/cao_de_agua.jpg","type":"image\/jpeg"}],"twitter_card":"summary_large_image","twitter_misc":{"Estimated reading time":"2 minutes"},"schema":{"@context":"https:\/\/schema.org","@graph":[{"@type":"WebPage","@id":"https:\/\/www.leitao-irmao.com\/product\/caes-em-prata-cao-de-agua\/","url":"https:\/\/www.leitao-irmao.com\/product\/caes-em-prata-cao-de-agua\/","name":"C\u00e3es em Prata | C\u00e3o de \u00c1gua Portugu\u00eas | Leit\u00e3o &amp; Irm\u00e3o","isPartOf":{"@id":"https:\/\/www.leitao-irmao.com\/#website"},"primaryImageOfPage":{"@id":"https:\/\/www.leitao-irmao.com\/product\/caes-em-prata-cao-de-agua\/#primaryimage"},"image":{"@id":"https:\/\/www.leitao-irmao.com\/product\/caes-em-prata-cao-de-agua\/#primaryimage"},"thumbnailUrl":"https:\/\/www.leitao-irmao.com\/wp-content\/uploads\/2024\/03\/cao_de_agua.jpg","datePublished":"2024-10-02T08:00:16+00:00","dateModified":"2026-02-26T10:26:08+00:00","description":"A Leit\u00e3o & Irm\u00e3o, criou uma cole\u00e7\u00e3o de c\u00e3es em prata, que homenageia o melhor amigo do Homem \u2013 o c\u00e3o. Nesta edi\u00e7\u00e3o O C\u00e3o de \u00c1gua Portugu\u00eas.","breadcrumb":{"@id":"https:\/\/www.leitao-irmao.com\/product\/caes-em-prata-cao-de-agua\/#breadcrumb"},"inLanguage":"en-GB","potentialAction":[{"@type":"ReadAction","target":["https:\/\/www.leitao-irmao.com\/product\/caes-em-prata-cao-de-agua\/"]}]},{"@type":"ImageObject","inLanguage":"en-GB","@id":"https:\/\/www.leitao-irmao.com\/product\/caes-em-prata-cao-de-agua\/#primaryimage","url":"https:\/\/www.leitao-irmao.com\/wp-content\/uploads\/2024\/03\/cao_de_agua.jpg","contentUrl":"https:\/\/www.leitao-irmao.com\/wp-content\/uploads\/2024\/03\/cao_de_agua.jpg","width":1080,"height":1080,"caption":"C\u00e3o de \u00c1gua portugu\u00eas em Prata da Leit\u00e3o & Irm\u00e3o"},{"@type":"BreadcrumbList","@id":"https:\/\/www.leitao-irmao.com\/product\/caes-em-prata-cao-de-agua\/#breadcrumb","itemListElement":[{"@type":"ListItem","position":1,"name":"Home","item":"https:\/\/www.leitao-irmao.com\/"},{"@type":"ListItem","position":2,"name":"Products","item":"https:\/\/www.leitao-irmao.com\/shop\/"},{"@type":"ListItem","position":3,"name":"C\u00e3es em Prata | C\u00e3o de \u00c1gua Portugu\u00eas"}]},{"@type":"WebSite","@id":"https:\/\/www.leitao-irmao.com\/#website","url":"https:\/\/www.leitao-irmao.com\/","name":"Leit\u00e3o & Irm\u00e3o","description":"Joalheiros desde 1822","publisher":{"@id":"https:\/\/www.leitao-irmao.com\/#organization"},"potentialAction":[{"@type":"SearchAction","target":{"@type":"EntryPoint","urlTemplate":"https:\/\/www.leitao-irmao.com\/?s={search_term_string}"},"query-input":{"@type":"PropertyValueSpecification","valueRequired":true,"valueName":"search_term_string"}}],"inLanguage":"en-GB"},{"@type":"Organization","@id":"https:\/\/www.leitao-irmao.com\/#organization","name":"Leit\u00e3o & Irm\u00e3o","url":"https:\/\/www.leitao-irmao.com\/","logo":{"@type":"ImageObject","inLanguage":"en-GB","@id":"https:\/\/www.leitao-irmao.com\/#\/schema\/logo\/image\/","url":"https:\/\/www.leitao-irmao.com\/wp-content\/uploads\/2022\/11\/leitaoirmao-logo.png","contentUrl":"https:\/\/www.leitao-irmao.com\/wp-content\/uploads\/2022\/11\/leitaoirmao-logo.png","width":426,"height":89,"caption":"Leit\u00e3o & Irm\u00e3o"},"image":{"@id":"https:\/\/www.leitao-irmao.com\/#\/schema\/logo\/image\/"}}]}},"_links":{"self":[{"href":"https:\/\/www.leitao-irmao.com\/en\/wp-json\/wp\/v2\/product\/22364","targetHints":{"allow":["GET"]}}],"collection":[{"href":"https:\/\/www.leitao-irmao.com\/en\/wp-json\/wp\/v2\/product"}],"about":[{"href":"https:\/\/www.leitao-irmao.com\/en\/wp-json\/wp\/v2\/types\/product"}],"version-history":[{"count":1,"href":"https:\/\/www.leitao-irmao.com\/en\/wp-json\/wp\/v2\/product\/22364\/revisions"}],"predecessor-version":[{"id":34254,"href":"https:\/\/www.leitao-irmao.com\/en\/wp-json\/wp\/v2\/product\/22364\/revisions\/34254"}],"wp:featuredmedia":[{"embeddable":true,"href":"https:\/\/www.leitao-irmao.com\/en\/wp-json\/wp\/v2\/media\/25954"}],"wp:attachment":[{"href":"https:\/\/www.leitao-irmao.com\/en\/wp-json\/wp\/v2\/media?parent=22364"}],"wp:term":[{"taxonomy":"product_brand","embeddable":true,"href":"https:\/\/www.leitao-irmao.com\/en\/wp-json\/wp\/v2\/product_brand?post=22364"},{"taxonomy":"product_cat","embeddable":true,"href":"https:\/\/www.leitao-irmao.com\/en\/wp-json\/wp\/v2\/product_cat?post=22364"},{"taxonomy":"product_tag","embeddable":true,"href":"https:\/\/www.leitao-irmao.com\/en\/wp-json\/wp\/v2\/product_tag?post=22364"}],"curies":[{"name":"wp","href":"https:\/\/api.w.org\/{rel}","templated":true}]}}