{"id":22761,"date":"2024-04-12T11:36:45","date_gmt":"2024-04-12T11:36:45","guid":{"rendered":"https:\/\/www.leitao-irmao.com\/?post_type=product&#038;p=22761"},"modified":"2026-04-02T09:58:59","modified_gmt":"2026-04-02T08:58:59","slug":"anel-madonna-lilly","status":"publish","type":"product","link":"https:\/\/www.leitao-irmao.com\/en\/product\/anel-madonna-lilly\/","title":{"rendered":"Ring | Madonna Lilly"},"content":{"rendered":"","protected":false},"excerpt":{"rendered":"<p>Discover the unique beauty of the Madonna lily collection, where each piece is an elegant fusion of pearls and gold.<\/p>\n<p>Mother of pearl is a unique symbol of femininity. Inspired by femininity and the serenity of the ocean, this collection celebrates delicacy and sophistication. Wrap yourself in the timeless elegance of the Madonna Lily Collection and enhance your own beauty. Where each piece is a reverence to the lady - the woman who radiates elegance and strength.<\/p>\n<p>Wear these jewels as a declaration of your own feminine power, always remembering the beauty that resides within you.<\/p>","protected":false},"featured_media":30199,"template":"","meta":{"_acf_changed":false},"product_brand":[],"product_cat":[82,79,245,141,126],"product_tag":[278,271,274],"class_list":{"0":"post-22761","1":"product","2":"type-product","3":"status-publish","4":"has-post-thumbnail","6":"product_cat-aneis","7":"product_cat-joalharia","8":"product_cat-madonna-lily","9":"product_cat-para-ela","10":"product_cat-presentes-entre-2500e-a-5000e","11":"product_tag-mulher","12":"product_tag-ouro","13":"product_tag-perolas","15":"first","16":"outofstock","17":"shipping-taxable","18":"product-type-variable"},"acf":[],"yoast_head":"<!-- This site is optimized with the Yoast SEO plugin v25.4 - https:\/\/yoast.com\/wordpress\/plugins\/seo\/ -->\n<title>Anel madonna lilly<\/title>\n<meta name=\"description\" content=\"Descubra a beleza \u00fanica do Anel em ouro e p\u00e9rolas Madonna Lilly, onde cada pe\u00e7a \u00e9 uma fus\u00e3o elegante entre p\u00e9rolas e o ouro.\" \/>\n<meta name=\"robots\" content=\"index, follow, max-snippet:-1, max-image-preview:large, max-video-preview:-1\" \/>\n<link rel=\"canonical\" href=\"https:\/\/www.leitao-irmao.com\/en\/product\/anel-madonna-lilly\/\" \/>\n<meta property=\"og:locale\" content=\"en_GB\" \/>\n<meta property=\"og:type\" content=\"article\" \/>\n<meta property=\"og:title\" content=\"Anel madonna lilly\" \/>\n<meta property=\"og:description\" content=\"Descubra a beleza \u00fanica do Anel em ouro e p\u00e9rolas Madonna Lilly, onde cada pe\u00e7a \u00e9 uma fus\u00e3o elegante entre p\u00e9rolas e o ouro.\" \/>\n<meta property=\"og:url\" content=\"https:\/\/www.leitao-irmao.com\/en\/product\/anel-madonna-lilly\/\" \/>\n<meta property=\"og:site_name\" content=\"Leit\u00e3o &amp; Irm\u00e3o\" \/>\n<meta property=\"article:modified_time\" content=\"2026-04-02T08:58:59+00:00\" \/>\n<meta property=\"og:image\" content=\"https:\/\/www.leitao-irmao.com\/wp-content\/uploads\/2024\/04\/anel-madonna-lilly-ouro-amarelo-diamantes-perolas-0206460.jpg\" \/>\n\t<meta property=\"og:image:width\" content=\"1080\" \/>\n\t<meta property=\"og:image:height\" content=\"1080\" \/>\n\t<meta property=\"og:image:type\" content=\"image\/jpeg\" \/>\n<meta name=\"twitter:card\" content=\"summary_large_image\" \/>\n<meta name=\"twitter:label1\" content=\"Estimated reading time\" \/>\n\t<meta name=\"twitter:data1\" content=\"1 minute\" \/>\n<script type=\"application\/ld+json\" class=\"yoast-schema-graph\">{\"@context\":\"https:\/\/schema.org\",\"@graph\":[{\"@type\":\"WebPage\",\"@id\":\"https:\/\/www.leitao-irmao.com\/product\/anel-madonna-lilly\/\",\"url\":\"https:\/\/www.leitao-irmao.com\/product\/anel-madonna-lilly\/\",\"name\":\"Anel madonna lilly\",\"isPartOf\":{\"@id\":\"https:\/\/www.leitao-irmao.com\/#website\"},\"primaryImageOfPage\":{\"@id\":\"https:\/\/www.leitao-irmao.com\/product\/anel-madonna-lilly\/#primaryimage\"},\"image\":{\"@id\":\"https:\/\/www.leitao-irmao.com\/product\/anel-madonna-lilly\/#primaryimage\"},\"thumbnailUrl\":\"https:\/\/www.leitao-irmao.com\/wp-content\/uploads\/2024\/04\/anel-madonna-lilly-ouro-amarelo-diamantes-perolas-0206460.jpg\",\"datePublished\":\"2024-04-12T11:36:45+00:00\",\"dateModified\":\"2026-04-02T08:58:59+00:00\",\"description\":\"Descubra a beleza \u00fanica do Anel em ouro e p\u00e9rolas Madonna Lilly, onde cada pe\u00e7a \u00e9 uma fus\u00e3o elegante entre p\u00e9rolas e o ouro.\",\"breadcrumb\":{\"@id\":\"https:\/\/www.leitao-irmao.com\/product\/anel-madonna-lilly\/#breadcrumb\"},\"inLanguage\":\"en-GB\",\"potentialAction\":[{\"@type\":\"ReadAction\",\"target\":[\"https:\/\/www.leitao-irmao.com\/product\/anel-madonna-lilly\/\"]}]},{\"@type\":\"ImageObject\",\"inLanguage\":\"en-GB\",\"@id\":\"https:\/\/www.leitao-irmao.com\/product\/anel-madonna-lilly\/#primaryimage\",\"url\":\"https:\/\/www.leitao-irmao.com\/wp-content\/uploads\/2024\/04\/anel-madonna-lilly-ouro-amarelo-diamantes-perolas-0206460.jpg\",\"contentUrl\":\"https:\/\/www.leitao-irmao.com\/wp-content\/uploads\/2024\/04\/anel-madonna-lilly-ouro-amarelo-diamantes-perolas-0206460.jpg\",\"width\":1080,\"height\":1080,\"caption\":\"Mass Image Compressor Compressed this image. https:\/\/sourceforge.net\/projects\/icompress\/ with Quality:80\"},{\"@type\":\"BreadcrumbList\",\"@id\":\"https:\/\/www.leitao-irmao.com\/product\/anel-madonna-lilly\/#breadcrumb\",\"itemListElement\":[{\"@type\":\"ListItem\",\"position\":1,\"name\":\"Home\",\"item\":\"https:\/\/www.leitao-irmao.com\/\"},{\"@type\":\"ListItem\",\"position\":2,\"name\":\"Products\",\"item\":\"https:\/\/www.leitao-irmao.com\/shop\/\"},{\"@type\":\"ListItem\",\"position\":3,\"name\":\"Anel | Madonna Lilly\"}]},{\"@type\":\"WebSite\",\"@id\":\"https:\/\/www.leitao-irmao.com\/#website\",\"url\":\"https:\/\/www.leitao-irmao.com\/\",\"name\":\"Leit\u00e3o & Irm\u00e3o\",\"description\":\"Joalheiros desde 1822\",\"publisher\":{\"@id\":\"https:\/\/www.leitao-irmao.com\/#organization\"},\"potentialAction\":[{\"@type\":\"SearchAction\",\"target\":{\"@type\":\"EntryPoint\",\"urlTemplate\":\"https:\/\/www.leitao-irmao.com\/?s={search_term_string}\"},\"query-input\":{\"@type\":\"PropertyValueSpecification\",\"valueRequired\":true,\"valueName\":\"search_term_string\"}}],\"inLanguage\":\"en-GB\"},{\"@type\":\"Organization\",\"@id\":\"https:\/\/www.leitao-irmao.com\/#organization\",\"name\":\"Leit\u00e3o & Irm\u00e3o\",\"url\":\"https:\/\/www.leitao-irmao.com\/\",\"logo\":{\"@type\":\"ImageObject\",\"inLanguage\":\"en-GB\",\"@id\":\"https:\/\/www.leitao-irmao.com\/#\/schema\/logo\/image\/\",\"url\":\"https:\/\/www.leitao-irmao.com\/wp-content\/uploads\/2022\/11\/leitaoirmao-logo.png\",\"contentUrl\":\"https:\/\/www.leitao-irmao.com\/wp-content\/uploads\/2022\/11\/leitaoirmao-logo.png\",\"width\":426,\"height\":89,\"caption\":\"Leit\u00e3o & Irm\u00e3o\"},\"image\":{\"@id\":\"https:\/\/www.leitao-irmao.com\/#\/schema\/logo\/image\/\"}}]}<\/script>\n<!-- \/ Yoast SEO plugin. -->","yoast_head_json":{"title":"Anel madonna lilly","description":"Descubra a beleza \u00fanica do Anel em ouro e p\u00e9rolas Madonna Lilly, onde cada pe\u00e7a \u00e9 uma fus\u00e3o elegante entre p\u00e9rolas e o ouro.","robots":{"index":"index","follow":"follow","max-snippet":"max-snippet:-1","max-image-preview":"max-image-preview:large","max-video-preview":"max-video-preview:-1"},"canonical":"https:\/\/www.leitao-irmao.com\/en\/product\/anel-madonna-lilly\/","og_locale":"en_GB","og_type":"article","og_title":"Anel madonna lilly","og_description":"Descubra a beleza \u00fanica do Anel em ouro e p\u00e9rolas Madonna Lilly, onde cada pe\u00e7a \u00e9 uma fus\u00e3o elegante entre p\u00e9rolas e o ouro.","og_url":"https:\/\/www.leitao-irmao.com\/en\/product\/anel-madonna-lilly\/","og_site_name":"Leit\u00e3o &amp; Irm\u00e3o","article_modified_time":"2026-04-02T08:58:59+00:00","og_image":[{"width":1080,"height":1080,"url":"https:\/\/www.leitao-irmao.com\/wp-content\/uploads\/2024\/04\/anel-madonna-lilly-ouro-amarelo-diamantes-perolas-0206460.jpg","type":"image\/jpeg"}],"twitter_card":"summary_large_image","twitter_misc":{"Estimated reading time":"1 minute"},"schema":{"@context":"https:\/\/schema.org","@graph":[{"@type":"WebPage","@id":"https:\/\/www.leitao-irmao.com\/product\/anel-madonna-lilly\/","url":"https:\/\/www.leitao-irmao.com\/product\/anel-madonna-lilly\/","name":"Anel madonna lilly","isPartOf":{"@id":"https:\/\/www.leitao-irmao.com\/#website"},"primaryImageOfPage":{"@id":"https:\/\/www.leitao-irmao.com\/product\/anel-madonna-lilly\/#primaryimage"},"image":{"@id":"https:\/\/www.leitao-irmao.com\/product\/anel-madonna-lilly\/#primaryimage"},"thumbnailUrl":"https:\/\/www.leitao-irmao.com\/wp-content\/uploads\/2024\/04\/anel-madonna-lilly-ouro-amarelo-diamantes-perolas-0206460.jpg","datePublished":"2024-04-12T11:36:45+00:00","dateModified":"2026-04-02T08:58:59+00:00","description":"Descubra a beleza \u00fanica do Anel em ouro e p\u00e9rolas Madonna Lilly, onde cada pe\u00e7a \u00e9 uma fus\u00e3o elegante entre p\u00e9rolas e o ouro.","breadcrumb":{"@id":"https:\/\/www.leitao-irmao.com\/product\/anel-madonna-lilly\/#breadcrumb"},"inLanguage":"en-GB","potentialAction":[{"@type":"ReadAction","target":["https:\/\/www.leitao-irmao.com\/product\/anel-madonna-lilly\/"]}]},{"@type":"ImageObject","inLanguage":"en-GB","@id":"https:\/\/www.leitao-irmao.com\/product\/anel-madonna-lilly\/#primaryimage","url":"https:\/\/www.leitao-irmao.com\/wp-content\/uploads\/2024\/04\/anel-madonna-lilly-ouro-amarelo-diamantes-perolas-0206460.jpg","contentUrl":"https:\/\/www.leitao-irmao.com\/wp-content\/uploads\/2024\/04\/anel-madonna-lilly-ouro-amarelo-diamantes-perolas-0206460.jpg","width":1080,"height":1080,"caption":"Mass Image Compressor Compressed this image. https:\/\/sourceforge.net\/projects\/icompress\/ with Quality:80"},{"@type":"BreadcrumbList","@id":"https:\/\/www.leitao-irmao.com\/product\/anel-madonna-lilly\/#breadcrumb","itemListElement":[{"@type":"ListItem","position":1,"name":"Home","item":"https:\/\/www.leitao-irmao.com\/"},{"@type":"ListItem","position":2,"name":"Products","item":"https:\/\/www.leitao-irmao.com\/shop\/"},{"@type":"ListItem","position":3,"name":"Anel | Madonna Lilly"}]},{"@type":"WebSite","@id":"https:\/\/www.leitao-irmao.com\/#website","url":"https:\/\/www.leitao-irmao.com\/","name":"Leit\u00e3o & Irm\u00e3o","description":"Joalheiros desde 1822","publisher":{"@id":"https:\/\/www.leitao-irmao.com\/#organization"},"potentialAction":[{"@type":"SearchAction","target":{"@type":"EntryPoint","urlTemplate":"https:\/\/www.leitao-irmao.com\/?s={search_term_string}"},"query-input":{"@type":"PropertyValueSpecification","valueRequired":true,"valueName":"search_term_string"}}],"inLanguage":"en-GB"},{"@type":"Organization","@id":"https:\/\/www.leitao-irmao.com\/#organization","name":"Leit\u00e3o & Irm\u00e3o","url":"https:\/\/www.leitao-irmao.com\/","logo":{"@type":"ImageObject","inLanguage":"en-GB","@id":"https:\/\/www.leitao-irmao.com\/#\/schema\/logo\/image\/","url":"https:\/\/www.leitao-irmao.com\/wp-content\/uploads\/2022\/11\/leitaoirmao-logo.png","contentUrl":"https:\/\/www.leitao-irmao.com\/wp-content\/uploads\/2022\/11\/leitaoirmao-logo.png","width":426,"height":89,"caption":"Leit\u00e3o & Irm\u00e3o"},"image":{"@id":"https:\/\/www.leitao-irmao.com\/#\/schema\/logo\/image\/"}}]}},"_links":{"self":[{"href":"https:\/\/www.leitao-irmao.com\/en\/wp-json\/wp\/v2\/product\/22761","targetHints":{"allow":["GET"]}}],"collection":[{"href":"https:\/\/www.leitao-irmao.com\/en\/wp-json\/wp\/v2\/product"}],"about":[{"href":"https:\/\/www.leitao-irmao.com\/en\/wp-json\/wp\/v2\/types\/product"}],"version-history":[{"count":2,"href":"https:\/\/www.leitao-irmao.com\/en\/wp-json\/wp\/v2\/product\/22761\/revisions"}],"predecessor-version":[{"id":37726,"href":"https:\/\/www.leitao-irmao.com\/en\/wp-json\/wp\/v2\/product\/22761\/revisions\/37726"}],"wp:featuredmedia":[{"embeddable":true,"href":"https:\/\/www.leitao-irmao.com\/en\/wp-json\/wp\/v2\/media\/30199"}],"wp:attachment":[{"href":"https:\/\/www.leitao-irmao.com\/en\/wp-json\/wp\/v2\/media?parent=22761"}],"wp:term":[{"taxonomy":"product_brand","embeddable":true,"href":"https:\/\/www.leitao-irmao.com\/en\/wp-json\/wp\/v2\/product_brand?post=22761"},{"taxonomy":"product_cat","embeddable":true,"href":"https:\/\/www.leitao-irmao.com\/en\/wp-json\/wp\/v2\/product_cat?post=22761"},{"taxonomy":"product_tag","embeddable":true,"href":"https:\/\/www.leitao-irmao.com\/en\/wp-json\/wp\/v2\/product_tag?post=22761"}],"curies":[{"name":"wp","href":"https:\/\/api.w.org\/{rel}","templated":true}]}}