{"id":23327,"date":"2024-04-26T15:11:51","date_gmt":"2024-04-26T15:11:51","guid":{"rendered":"https:\/\/www.leitao-irmao.com\/?post_type=product&#038;p=23327"},"modified":"2025-11-19T12:29:13","modified_gmt":"2025-11-19T12:29:13","slug":"colar-cesta-em-ouro-amarelo","status":"publish","type":"product","link":"https:\/\/www.leitao-irmao.com\/en\/product\/colar-cesta-em-ouro-amarelo\/","title":{"rendered":"Basket necklace in yellow gold"},"content":{"rendered":"","protected":false},"excerpt":{"rendered":"<p>Discover the Leit\u00e3o &amp; Irm\u00e3o yellow gold basket necklace. Traditional Portuguese goldsmithing with Leit\u00e3o &amp; Irm\u00e3o quality.<\/p>\n<p>An elegant and refined piece. Ideal for special occasions.<\/p>","protected":false},"featured_media":23328,"template":"","meta":{"_acf_changed":false},"product_brand":[],"product_cat":[84,236,79,141,601,128],"product_tag":[278,271],"class_list":{"0":"post-23327","1":"product","2":"type-product","3":"status-publish","4":"has-post-thumbnail","6":"product_cat-colares-e-fios","7":"product_cat-filigrana","8":"product_cat-joalharia","9":"product_cat-para-ela","10":"product_cat-pecas-de-fornecedor","11":"product_cat-presentes-acima-de-10000e","12":"product_tag-mulher","13":"product_tag-ouro","15":"first","16":"outofstock","17":"shipping-taxable","18":"product-type-simple"},"acf":[],"yoast_head":"<!-- This site is optimized with the Yoast SEO plugin v25.4 - https:\/\/yoast.com\/wordpress\/plugins\/seo\/ -->\n<title>Colar Cesta em ouro amarelo | Leit\u00e3o &amp; Irm\u00e3o<\/title>\n<meta name=\"description\" content=\"Descubra o colar cesta em ouro amarelo da Leit\u00e3o &amp; Irm\u00e3o. Uma pe\u00e7a elegante e requintada. Ideal para usar em ocasi\u00f5es especiais.\" \/>\n<meta name=\"robots\" content=\"index, follow, max-snippet:-1, max-image-preview:large, max-video-preview:-1\" \/>\n<link rel=\"canonical\" href=\"https:\/\/www.leitao-irmao.com\/en\/product\/colar-cesta-em-ouro-amarelo\/\" \/>\n<meta property=\"og:locale\" content=\"en_GB\" \/>\n<meta property=\"og:type\" content=\"article\" \/>\n<meta property=\"og:title\" content=\"Colar Cesta em ouro amarelo | Leit\u00e3o &amp; Irm\u00e3o\" \/>\n<meta property=\"og:description\" content=\"Descubra o colar cesta em ouro amarelo da Leit\u00e3o &amp; Irm\u00e3o. Uma pe\u00e7a elegante e requintada. Ideal para usar em ocasi\u00f5es especiais.\" \/>\n<meta property=\"og:url\" content=\"https:\/\/www.leitao-irmao.com\/en\/product\/colar-cesta-em-ouro-amarelo\/\" \/>\n<meta property=\"og:site_name\" content=\"Leit\u00e3o &amp; Irm\u00e3o\" \/>\n<meta property=\"article:modified_time\" content=\"2025-11-19T12:29:13+00:00\" \/>\n<meta property=\"og:image\" content=\"https:\/\/www.leitao-irmao.com\/wp-content\/uploads\/2024\/04\/AUCL0191C.jpg\" \/>\n\t<meta property=\"og:image:width\" content=\"1080\" \/>\n\t<meta property=\"og:image:height\" content=\"1080\" \/>\n\t<meta property=\"og:image:type\" content=\"image\/jpeg\" \/>\n<meta name=\"twitter:card\" content=\"summary_large_image\" \/>\n<meta name=\"twitter:label1\" content=\"Estimated reading time\" \/>\n\t<meta name=\"twitter:data1\" content=\"1 minute\" \/>\n<script type=\"application\/ld+json\" class=\"yoast-schema-graph\">{\"@context\":\"https:\/\/schema.org\",\"@graph\":[{\"@type\":\"WebPage\",\"@id\":\"https:\/\/www.leitao-irmao.com\/product\/colar-cesta-em-ouro-amarelo\/\",\"url\":\"https:\/\/www.leitao-irmao.com\/product\/colar-cesta-em-ouro-amarelo\/\",\"name\":\"Colar Cesta em ouro amarelo | Leit\u00e3o &amp; Irm\u00e3o\",\"isPartOf\":{\"@id\":\"https:\/\/www.leitao-irmao.com\/#website\"},\"primaryImageOfPage\":{\"@id\":\"https:\/\/www.leitao-irmao.com\/product\/colar-cesta-em-ouro-amarelo\/#primaryimage\"},\"image\":{\"@id\":\"https:\/\/www.leitao-irmao.com\/product\/colar-cesta-em-ouro-amarelo\/#primaryimage\"},\"thumbnailUrl\":\"https:\/\/www.leitao-irmao.com\/wp-content\/uploads\/2024\/04\/AUCL0191C.jpg\",\"datePublished\":\"2024-04-26T15:11:51+00:00\",\"dateModified\":\"2025-11-19T12:29:13+00:00\",\"description\":\"Descubra o colar cesta em ouro amarelo da Leit\u00e3o & Irm\u00e3o. Uma pe\u00e7a elegante e requintada. Ideal para usar em ocasi\u00f5es especiais.\",\"breadcrumb\":{\"@id\":\"https:\/\/www.leitao-irmao.com\/product\/colar-cesta-em-ouro-amarelo\/#breadcrumb\"},\"inLanguage\":\"en-GB\",\"potentialAction\":[{\"@type\":\"ReadAction\",\"target\":[\"https:\/\/www.leitao-irmao.com\/product\/colar-cesta-em-ouro-amarelo\/\"]}]},{\"@type\":\"ImageObject\",\"inLanguage\":\"en-GB\",\"@id\":\"https:\/\/www.leitao-irmao.com\/product\/colar-cesta-em-ouro-amarelo\/#primaryimage\",\"url\":\"https:\/\/www.leitao-irmao.com\/wp-content\/uploads\/2024\/04\/AUCL0191C.jpg\",\"contentUrl\":\"https:\/\/www.leitao-irmao.com\/wp-content\/uploads\/2024\/04\/AUCL0191C.jpg\",\"width\":1080,\"height\":1080,\"caption\":\"Colar Cesta em ouro amarelo de Filigrana da Leit\u00e3o & Irm\u00e3o\"},{\"@type\":\"BreadcrumbList\",\"@id\":\"https:\/\/www.leitao-irmao.com\/product\/colar-cesta-em-ouro-amarelo\/#breadcrumb\",\"itemListElement\":[{\"@type\":\"ListItem\",\"position\":1,\"name\":\"Home\",\"item\":\"https:\/\/www.leitao-irmao.com\/\"},{\"@type\":\"ListItem\",\"position\":2,\"name\":\"Products\",\"item\":\"https:\/\/www.leitao-irmao.com\/shop\/\"},{\"@type\":\"ListItem\",\"position\":3,\"name\":\"Colar Cesta em ouro amarelo\"}]},{\"@type\":\"WebSite\",\"@id\":\"https:\/\/www.leitao-irmao.com\/#website\",\"url\":\"https:\/\/www.leitao-irmao.com\/\",\"name\":\"Leit\u00e3o & Irm\u00e3o\",\"description\":\"Joalheiros desde 1822\",\"publisher\":{\"@id\":\"https:\/\/www.leitao-irmao.com\/#organization\"},\"potentialAction\":[{\"@type\":\"SearchAction\",\"target\":{\"@type\":\"EntryPoint\",\"urlTemplate\":\"https:\/\/www.leitao-irmao.com\/?s={search_term_string}\"},\"query-input\":{\"@type\":\"PropertyValueSpecification\",\"valueRequired\":true,\"valueName\":\"search_term_string\"}}],\"inLanguage\":\"en-GB\"},{\"@type\":\"Organization\",\"@id\":\"https:\/\/www.leitao-irmao.com\/#organization\",\"name\":\"Leit\u00e3o & Irm\u00e3o\",\"url\":\"https:\/\/www.leitao-irmao.com\/\",\"logo\":{\"@type\":\"ImageObject\",\"inLanguage\":\"en-GB\",\"@id\":\"https:\/\/www.leitao-irmao.com\/#\/schema\/logo\/image\/\",\"url\":\"https:\/\/www.leitao-irmao.com\/wp-content\/uploads\/2022\/11\/leitaoirmao-logo.png\",\"contentUrl\":\"https:\/\/www.leitao-irmao.com\/wp-content\/uploads\/2022\/11\/leitaoirmao-logo.png\",\"width\":426,\"height\":89,\"caption\":\"Leit\u00e3o & Irm\u00e3o\"},\"image\":{\"@id\":\"https:\/\/www.leitao-irmao.com\/#\/schema\/logo\/image\/\"}}]}<\/script>\n<!-- \/ Yoast SEO plugin. -->","yoast_head_json":{"title":"Colar Cesta em ouro amarelo | Leit\u00e3o &amp; Irm\u00e3o","description":"Descubra o colar cesta em ouro amarelo da Leit\u00e3o & Irm\u00e3o. Uma pe\u00e7a elegante e requintada. Ideal para usar em ocasi\u00f5es especiais.","robots":{"index":"index","follow":"follow","max-snippet":"max-snippet:-1","max-image-preview":"max-image-preview:large","max-video-preview":"max-video-preview:-1"},"canonical":"https:\/\/www.leitao-irmao.com\/en\/product\/colar-cesta-em-ouro-amarelo\/","og_locale":"en_GB","og_type":"article","og_title":"Colar Cesta em ouro amarelo | Leit\u00e3o &amp; Irm\u00e3o","og_description":"Descubra o colar cesta em ouro amarelo da Leit\u00e3o & Irm\u00e3o. Uma pe\u00e7a elegante e requintada. Ideal para usar em ocasi\u00f5es especiais.","og_url":"https:\/\/www.leitao-irmao.com\/en\/product\/colar-cesta-em-ouro-amarelo\/","og_site_name":"Leit\u00e3o &amp; Irm\u00e3o","article_modified_time":"2025-11-19T12:29:13+00:00","og_image":[{"width":1080,"height":1080,"url":"https:\/\/www.leitao-irmao.com\/wp-content\/uploads\/2024\/04\/AUCL0191C.jpg","type":"image\/jpeg"}],"twitter_card":"summary_large_image","twitter_misc":{"Estimated reading time":"1 minute"},"schema":{"@context":"https:\/\/schema.org","@graph":[{"@type":"WebPage","@id":"https:\/\/www.leitao-irmao.com\/product\/colar-cesta-em-ouro-amarelo\/","url":"https:\/\/www.leitao-irmao.com\/product\/colar-cesta-em-ouro-amarelo\/","name":"Colar Cesta em ouro amarelo | Leit\u00e3o &amp; Irm\u00e3o","isPartOf":{"@id":"https:\/\/www.leitao-irmao.com\/#website"},"primaryImageOfPage":{"@id":"https:\/\/www.leitao-irmao.com\/product\/colar-cesta-em-ouro-amarelo\/#primaryimage"},"image":{"@id":"https:\/\/www.leitao-irmao.com\/product\/colar-cesta-em-ouro-amarelo\/#primaryimage"},"thumbnailUrl":"https:\/\/www.leitao-irmao.com\/wp-content\/uploads\/2024\/04\/AUCL0191C.jpg","datePublished":"2024-04-26T15:11:51+00:00","dateModified":"2025-11-19T12:29:13+00:00","description":"Descubra o colar cesta em ouro amarelo da Leit\u00e3o & Irm\u00e3o. Uma pe\u00e7a elegante e requintada. Ideal para usar em ocasi\u00f5es especiais.","breadcrumb":{"@id":"https:\/\/www.leitao-irmao.com\/product\/colar-cesta-em-ouro-amarelo\/#breadcrumb"},"inLanguage":"en-GB","potentialAction":[{"@type":"ReadAction","target":["https:\/\/www.leitao-irmao.com\/product\/colar-cesta-em-ouro-amarelo\/"]}]},{"@type":"ImageObject","inLanguage":"en-GB","@id":"https:\/\/www.leitao-irmao.com\/product\/colar-cesta-em-ouro-amarelo\/#primaryimage","url":"https:\/\/www.leitao-irmao.com\/wp-content\/uploads\/2024\/04\/AUCL0191C.jpg","contentUrl":"https:\/\/www.leitao-irmao.com\/wp-content\/uploads\/2024\/04\/AUCL0191C.jpg","width":1080,"height":1080,"caption":"Colar Cesta em ouro amarelo de Filigrana da Leit\u00e3o & Irm\u00e3o"},{"@type":"BreadcrumbList","@id":"https:\/\/www.leitao-irmao.com\/product\/colar-cesta-em-ouro-amarelo\/#breadcrumb","itemListElement":[{"@type":"ListItem","position":1,"name":"Home","item":"https:\/\/www.leitao-irmao.com\/"},{"@type":"ListItem","position":2,"name":"Products","item":"https:\/\/www.leitao-irmao.com\/shop\/"},{"@type":"ListItem","position":3,"name":"Colar Cesta em ouro amarelo"}]},{"@type":"WebSite","@id":"https:\/\/www.leitao-irmao.com\/#website","url":"https:\/\/www.leitao-irmao.com\/","name":"Leit\u00e3o & Irm\u00e3o","description":"Joalheiros desde 1822","publisher":{"@id":"https:\/\/www.leitao-irmao.com\/#organization"},"potentialAction":[{"@type":"SearchAction","target":{"@type":"EntryPoint","urlTemplate":"https:\/\/www.leitao-irmao.com\/?s={search_term_string}"},"query-input":{"@type":"PropertyValueSpecification","valueRequired":true,"valueName":"search_term_string"}}],"inLanguage":"en-GB"},{"@type":"Organization","@id":"https:\/\/www.leitao-irmao.com\/#organization","name":"Leit\u00e3o & Irm\u00e3o","url":"https:\/\/www.leitao-irmao.com\/","logo":{"@type":"ImageObject","inLanguage":"en-GB","@id":"https:\/\/www.leitao-irmao.com\/#\/schema\/logo\/image\/","url":"https:\/\/www.leitao-irmao.com\/wp-content\/uploads\/2022\/11\/leitaoirmao-logo.png","contentUrl":"https:\/\/www.leitao-irmao.com\/wp-content\/uploads\/2022\/11\/leitaoirmao-logo.png","width":426,"height":89,"caption":"Leit\u00e3o & Irm\u00e3o"},"image":{"@id":"https:\/\/www.leitao-irmao.com\/#\/schema\/logo\/image\/"}}]}},"_links":{"self":[{"href":"https:\/\/www.leitao-irmao.com\/en\/wp-json\/wp\/v2\/product\/23327","targetHints":{"allow":["GET"]}}],"collection":[{"href":"https:\/\/www.leitao-irmao.com\/en\/wp-json\/wp\/v2\/product"}],"about":[{"href":"https:\/\/www.leitao-irmao.com\/en\/wp-json\/wp\/v2\/types\/product"}],"version-history":[{"count":1,"href":"https:\/\/www.leitao-irmao.com\/en\/wp-json\/wp\/v2\/product\/23327\/revisions"}],"predecessor-version":[{"id":35300,"href":"https:\/\/www.leitao-irmao.com\/en\/wp-json\/wp\/v2\/product\/23327\/revisions\/35300"}],"wp:featuredmedia":[{"embeddable":true,"href":"https:\/\/www.leitao-irmao.com\/en\/wp-json\/wp\/v2\/media\/23328"}],"wp:attachment":[{"href":"https:\/\/www.leitao-irmao.com\/en\/wp-json\/wp\/v2\/media?parent=23327"}],"wp:term":[{"taxonomy":"product_brand","embeddable":true,"href":"https:\/\/www.leitao-irmao.com\/en\/wp-json\/wp\/v2\/product_brand?post=23327"},{"taxonomy":"product_cat","embeddable":true,"href":"https:\/\/www.leitao-irmao.com\/en\/wp-json\/wp\/v2\/product_cat?post=23327"},{"taxonomy":"product_tag","embeddable":true,"href":"https:\/\/www.leitao-irmao.com\/en\/wp-json\/wp\/v2\/product_tag?post=23327"}],"curies":[{"name":"wp","href":"https:\/\/api.w.org\/{rel}","templated":true}]}}