{"id":23373,"date":"2024-04-29T11:59:06","date_gmt":"2024-04-29T11:59:06","guid":{"rendered":"https:\/\/www.leitao-irmao.com\/?post_type=product&#038;p=23373"},"modified":"2026-02-19T17:31:09","modified_gmt":"2026-02-19T17:31:09","slug":"cruz-em-prata-modelo-pontas-redondas","status":"publish","type":"product","link":"https:\/\/www.leitao-irmao.com\/en\/product\/cruz-em-prata-modelo-pontas-redondas\/","title":{"rendered":"Cross in silver | Round tips model"},"content":{"rendered":"","protected":false},"excerpt":{"rendered":"<p>The Round Pointed Silver Cross is a piece that combines simplicity with a touch of meaning. With its delicate design of rounded tips, this cross is an elegant expression of faith and spirituality.<\/p>","protected":false},"featured_media":15184,"template":"","meta":{"_acf_changed":false},"product_brand":[],"product_cat":[137,255,676,79,141,140,86,664],"product_tag":[434,277,278,270,279],"class_list":{"0":"post-23373","1":"product","2":"type-product","3":"status-publish","4":"has-post-thumbnail","6":"product_cat-batizados","7":"product_cat-cruzes-joalharia","8":"product_cat-gift-selection","9":"product_cat-joalharia","10":"product_cat-para-ela","11":"product_cat-para-ele","12":"product_cat-pendentes","13":"product_cat-presentes-para-a-primeira-comunhao","14":"product_tag-crianca","15":"product_tag-homem","16":"product_tag-mulher","17":"product_tag-prata","18":"product_tag-unissexo","20":"first","21":"instock","22":"shipping-taxable","23":"purchasable","24":"product-type-variable"},"acf":[],"yoast_head":"<!-- This site is optimized with the Yoast SEO plugin v25.4 - https:\/\/yoast.com\/wordpress\/plugins\/seo\/ -->\n<title>Cruz em prata | Modelo Pontas Redondas | Leit\u00e3o &amp; Irm\u00e3o<\/title>\n<meta name=\"description\" content=\"A Cruz em Prata Modelo Pontas Redondas \u00e9 uma pe\u00e7a que combina simplicidade com um toque de significado.\" \/>\n<meta name=\"robots\" content=\"index, follow, max-snippet:-1, max-image-preview:large, max-video-preview:-1\" \/>\n<link rel=\"canonical\" href=\"https:\/\/www.leitao-irmao.com\/en\/product\/cruz-em-prata-modelo-pontas-redondas\/\" \/>\n<meta property=\"og:locale\" content=\"en_GB\" \/>\n<meta property=\"og:type\" content=\"article\" \/>\n<meta property=\"og:title\" content=\"Cruz em prata | Modelo Pontas Redondas | Leit\u00e3o &amp; Irm\u00e3o\" \/>\n<meta property=\"og:description\" content=\"A Cruz em Prata Modelo Pontas Redondas \u00e9 uma pe\u00e7a que combina simplicidade com um toque de significado.\" \/>\n<meta property=\"og:url\" content=\"https:\/\/www.leitao-irmao.com\/en\/product\/cruz-em-prata-modelo-pontas-redondas\/\" \/>\n<meta property=\"og:site_name\" content=\"Leit\u00e3o &amp; Irm\u00e3o\" \/>\n<meta property=\"article:modified_time\" content=\"2026-02-19T17:31:09+00:00\" \/>\n<meta property=\"og:image\" content=\"https:\/\/www.leitao-irmao.com\/wp-content\/uploads\/2023\/08\/cruz-prata-modelo-pontas-redondas-0522109.jpg\" \/>\n\t<meta property=\"og:image:width\" content=\"1080\" \/>\n\t<meta property=\"og:image:height\" content=\"1080\" \/>\n\t<meta property=\"og:image:type\" content=\"image\/jpeg\" \/>\n<meta name=\"twitter:card\" content=\"summary_large_image\" \/>\n<meta name=\"twitter:label1\" content=\"Estimated reading time\" \/>\n\t<meta name=\"twitter:data1\" content=\"1 minute\" \/>\n<script type=\"application\/ld+json\" class=\"yoast-schema-graph\">{\"@context\":\"https:\/\/schema.org\",\"@graph\":[{\"@type\":\"WebPage\",\"@id\":\"https:\/\/www.leitao-irmao.com\/product\/cruz-em-prata-modelo-pontas-redondas\/\",\"url\":\"https:\/\/www.leitao-irmao.com\/product\/cruz-em-prata-modelo-pontas-redondas\/\",\"name\":\"Cruz em prata | Modelo Pontas Redondas | Leit\u00e3o &amp; Irm\u00e3o\",\"isPartOf\":{\"@id\":\"https:\/\/www.leitao-irmao.com\/#website\"},\"primaryImageOfPage\":{\"@id\":\"https:\/\/www.leitao-irmao.com\/product\/cruz-em-prata-modelo-pontas-redondas\/#primaryimage\"},\"image\":{\"@id\":\"https:\/\/www.leitao-irmao.com\/product\/cruz-em-prata-modelo-pontas-redondas\/#primaryimage\"},\"thumbnailUrl\":\"https:\/\/www.leitao-irmao.com\/wp-content\/uploads\/2023\/08\/cruz-prata-modelo-pontas-redondas-0522109.jpg\",\"datePublished\":\"2024-04-29T11:59:06+00:00\",\"dateModified\":\"2026-02-19T17:31:09+00:00\",\"description\":\"A Cruz em Prata Modelo Pontas Redondas \u00e9 uma pe\u00e7a que combina simplicidade com um toque de significado.\",\"breadcrumb\":{\"@id\":\"https:\/\/www.leitao-irmao.com\/product\/cruz-em-prata-modelo-pontas-redondas\/#breadcrumb\"},\"inLanguage\":\"en-GB\",\"potentialAction\":[{\"@type\":\"ReadAction\",\"target\":[\"https:\/\/www.leitao-irmao.com\/product\/cruz-em-prata-modelo-pontas-redondas\/\"]}]},{\"@type\":\"ImageObject\",\"inLanguage\":\"en-GB\",\"@id\":\"https:\/\/www.leitao-irmao.com\/product\/cruz-em-prata-modelo-pontas-redondas\/#primaryimage\",\"url\":\"https:\/\/www.leitao-irmao.com\/wp-content\/uploads\/2023\/08\/cruz-prata-modelo-pontas-redondas-0522109.jpg\",\"contentUrl\":\"https:\/\/www.leitao-irmao.com\/wp-content\/uploads\/2023\/08\/cruz-prata-modelo-pontas-redondas-0522109.jpg\",\"width\":1080,\"height\":1080,\"caption\":\"Cruz em prata | Modelo Pontas Redondas\"},{\"@type\":\"BreadcrumbList\",\"@id\":\"https:\/\/www.leitao-irmao.com\/product\/cruz-em-prata-modelo-pontas-redondas\/#breadcrumb\",\"itemListElement\":[{\"@type\":\"ListItem\",\"position\":1,\"name\":\"Home\",\"item\":\"https:\/\/www.leitao-irmao.com\/\"},{\"@type\":\"ListItem\",\"position\":2,\"name\":\"Products\",\"item\":\"https:\/\/www.leitao-irmao.com\/shop\/\"},{\"@type\":\"ListItem\",\"position\":3,\"name\":\"Cruz em prata | Modelo Pontas Redondas\"}]},{\"@type\":\"WebSite\",\"@id\":\"https:\/\/www.leitao-irmao.com\/#website\",\"url\":\"https:\/\/www.leitao-irmao.com\/\",\"name\":\"Leit\u00e3o & Irm\u00e3o\",\"description\":\"Joalheiros desde 1822\",\"publisher\":{\"@id\":\"https:\/\/www.leitao-irmao.com\/#organization\"},\"potentialAction\":[{\"@type\":\"SearchAction\",\"target\":{\"@type\":\"EntryPoint\",\"urlTemplate\":\"https:\/\/www.leitao-irmao.com\/?s={search_term_string}\"},\"query-input\":{\"@type\":\"PropertyValueSpecification\",\"valueRequired\":true,\"valueName\":\"search_term_string\"}}],\"inLanguage\":\"en-GB\"},{\"@type\":\"Organization\",\"@id\":\"https:\/\/www.leitao-irmao.com\/#organization\",\"name\":\"Leit\u00e3o & Irm\u00e3o\",\"url\":\"https:\/\/www.leitao-irmao.com\/\",\"logo\":{\"@type\":\"ImageObject\",\"inLanguage\":\"en-GB\",\"@id\":\"https:\/\/www.leitao-irmao.com\/#\/schema\/logo\/image\/\",\"url\":\"https:\/\/www.leitao-irmao.com\/wp-content\/uploads\/2022\/11\/leitaoirmao-logo.png\",\"contentUrl\":\"https:\/\/www.leitao-irmao.com\/wp-content\/uploads\/2022\/11\/leitaoirmao-logo.png\",\"width\":426,\"height\":89,\"caption\":\"Leit\u00e3o & Irm\u00e3o\"},\"image\":{\"@id\":\"https:\/\/www.leitao-irmao.com\/#\/schema\/logo\/image\/\"}}]}<\/script>\n<!-- \/ Yoast SEO plugin. -->","yoast_head_json":{"title":"Cruz em prata | Modelo Pontas Redondas | Leit\u00e3o &amp; Irm\u00e3o","description":"A Cruz em Prata Modelo Pontas Redondas \u00e9 uma pe\u00e7a que combina simplicidade com um toque de significado.","robots":{"index":"index","follow":"follow","max-snippet":"max-snippet:-1","max-image-preview":"max-image-preview:large","max-video-preview":"max-video-preview:-1"},"canonical":"https:\/\/www.leitao-irmao.com\/en\/product\/cruz-em-prata-modelo-pontas-redondas\/","og_locale":"en_GB","og_type":"article","og_title":"Cruz em prata | Modelo Pontas Redondas | Leit\u00e3o &amp; Irm\u00e3o","og_description":"A Cruz em Prata Modelo Pontas Redondas \u00e9 uma pe\u00e7a que combina simplicidade com um toque de significado.","og_url":"https:\/\/www.leitao-irmao.com\/en\/product\/cruz-em-prata-modelo-pontas-redondas\/","og_site_name":"Leit\u00e3o &amp; Irm\u00e3o","article_modified_time":"2026-02-19T17:31:09+00:00","og_image":[{"width":1080,"height":1080,"url":"https:\/\/www.leitao-irmao.com\/wp-content\/uploads\/2023\/08\/cruz-prata-modelo-pontas-redondas-0522109.jpg","type":"image\/jpeg"}],"twitter_card":"summary_large_image","twitter_misc":{"Estimated reading time":"1 minute"},"schema":{"@context":"https:\/\/schema.org","@graph":[{"@type":"WebPage","@id":"https:\/\/www.leitao-irmao.com\/product\/cruz-em-prata-modelo-pontas-redondas\/","url":"https:\/\/www.leitao-irmao.com\/product\/cruz-em-prata-modelo-pontas-redondas\/","name":"Cruz em prata | Modelo Pontas Redondas | Leit\u00e3o &amp; Irm\u00e3o","isPartOf":{"@id":"https:\/\/www.leitao-irmao.com\/#website"},"primaryImageOfPage":{"@id":"https:\/\/www.leitao-irmao.com\/product\/cruz-em-prata-modelo-pontas-redondas\/#primaryimage"},"image":{"@id":"https:\/\/www.leitao-irmao.com\/product\/cruz-em-prata-modelo-pontas-redondas\/#primaryimage"},"thumbnailUrl":"https:\/\/www.leitao-irmao.com\/wp-content\/uploads\/2023\/08\/cruz-prata-modelo-pontas-redondas-0522109.jpg","datePublished":"2024-04-29T11:59:06+00:00","dateModified":"2026-02-19T17:31:09+00:00","description":"A Cruz em Prata Modelo Pontas Redondas \u00e9 uma pe\u00e7a que combina simplicidade com um toque de significado.","breadcrumb":{"@id":"https:\/\/www.leitao-irmao.com\/product\/cruz-em-prata-modelo-pontas-redondas\/#breadcrumb"},"inLanguage":"en-GB","potentialAction":[{"@type":"ReadAction","target":["https:\/\/www.leitao-irmao.com\/product\/cruz-em-prata-modelo-pontas-redondas\/"]}]},{"@type":"ImageObject","inLanguage":"en-GB","@id":"https:\/\/www.leitao-irmao.com\/product\/cruz-em-prata-modelo-pontas-redondas\/#primaryimage","url":"https:\/\/www.leitao-irmao.com\/wp-content\/uploads\/2023\/08\/cruz-prata-modelo-pontas-redondas-0522109.jpg","contentUrl":"https:\/\/www.leitao-irmao.com\/wp-content\/uploads\/2023\/08\/cruz-prata-modelo-pontas-redondas-0522109.jpg","width":1080,"height":1080,"caption":"Cruz em prata | Modelo Pontas Redondas"},{"@type":"BreadcrumbList","@id":"https:\/\/www.leitao-irmao.com\/product\/cruz-em-prata-modelo-pontas-redondas\/#breadcrumb","itemListElement":[{"@type":"ListItem","position":1,"name":"Home","item":"https:\/\/www.leitao-irmao.com\/"},{"@type":"ListItem","position":2,"name":"Products","item":"https:\/\/www.leitao-irmao.com\/shop\/"},{"@type":"ListItem","position":3,"name":"Cruz em prata | Modelo Pontas Redondas"}]},{"@type":"WebSite","@id":"https:\/\/www.leitao-irmao.com\/#website","url":"https:\/\/www.leitao-irmao.com\/","name":"Leit\u00e3o & Irm\u00e3o","description":"Joalheiros desde 1822","publisher":{"@id":"https:\/\/www.leitao-irmao.com\/#organization"},"potentialAction":[{"@type":"SearchAction","target":{"@type":"EntryPoint","urlTemplate":"https:\/\/www.leitao-irmao.com\/?s={search_term_string}"},"query-input":{"@type":"PropertyValueSpecification","valueRequired":true,"valueName":"search_term_string"}}],"inLanguage":"en-GB"},{"@type":"Organization","@id":"https:\/\/www.leitao-irmao.com\/#organization","name":"Leit\u00e3o & Irm\u00e3o","url":"https:\/\/www.leitao-irmao.com\/","logo":{"@type":"ImageObject","inLanguage":"en-GB","@id":"https:\/\/www.leitao-irmao.com\/#\/schema\/logo\/image\/","url":"https:\/\/www.leitao-irmao.com\/wp-content\/uploads\/2022\/11\/leitaoirmao-logo.png","contentUrl":"https:\/\/www.leitao-irmao.com\/wp-content\/uploads\/2022\/11\/leitaoirmao-logo.png","width":426,"height":89,"caption":"Leit\u00e3o & Irm\u00e3o"},"image":{"@id":"https:\/\/www.leitao-irmao.com\/#\/schema\/logo\/image\/"}}]}},"_links":{"self":[{"href":"https:\/\/www.leitao-irmao.com\/en\/wp-json\/wp\/v2\/product\/23373","targetHints":{"allow":["GET"]}}],"collection":[{"href":"https:\/\/www.leitao-irmao.com\/en\/wp-json\/wp\/v2\/product"}],"about":[{"href":"https:\/\/www.leitao-irmao.com\/en\/wp-json\/wp\/v2\/types\/product"}],"version-history":[{"count":2,"href":"https:\/\/www.leitao-irmao.com\/en\/wp-json\/wp\/v2\/product\/23373\/revisions"}],"predecessor-version":[{"id":32959,"href":"https:\/\/www.leitao-irmao.com\/en\/wp-json\/wp\/v2\/product\/23373\/revisions\/32959"}],"wp:featuredmedia":[{"embeddable":true,"href":"https:\/\/www.leitao-irmao.com\/en\/wp-json\/wp\/v2\/media\/15184"}],"wp:attachment":[{"href":"https:\/\/www.leitao-irmao.com\/en\/wp-json\/wp\/v2\/media?parent=23373"}],"wp:term":[{"taxonomy":"product_brand","embeddable":true,"href":"https:\/\/www.leitao-irmao.com\/en\/wp-json\/wp\/v2\/product_brand?post=23373"},{"taxonomy":"product_cat","embeddable":true,"href":"https:\/\/www.leitao-irmao.com\/en\/wp-json\/wp\/v2\/product_cat?post=23373"},{"taxonomy":"product_tag","embeddable":true,"href":"https:\/\/www.leitao-irmao.com\/en\/wp-json\/wp\/v2\/product_tag?post=23373"}],"curies":[{"name":"wp","href":"https:\/\/api.w.org\/{rel}","templated":true}]}}