{"id":23412,"date":"2024-04-29T15:52:05","date_gmt":"2024-04-29T15:52:05","guid":{"rendered":"https:\/\/www.leitao-irmao.com\/?post_type=product&#038;p=23412"},"modified":"2026-03-06T15:53:16","modified_gmt":"2026-03-06T15:53:16","slug":"anel-em-ouro-branco-e-ouro-amarelo-com-diamantes-colecao-knot-me","status":"publish","type":"product","link":"https:\/\/www.leitao-irmao.com\/en\/product\/anel-em-ouro-branco-e-ouro-amarelo-com-diamantes-colecao-knot-me\/","title":{"rendered":"White gold and yellow gold ring with diamonds | Knot Me Collection"},"content":{"rendered":"","protected":false},"excerpt":{"rendered":"<p>Discover the yellow gold and white gold ring with diamonds from the Knot me collection by leit\u00e3o &amp; Irm\u00e3o. An elegant and classic piece.<\/p>\n<p>Two rings joined at the knot.<\/p>","protected":false},"featured_media":23413,"template":"","meta":{"_acf_changed":false},"product_brand":[],"product_cat":[82,90,79,227,141,135,127],"product_tag":[275,278,271,272],"class_list":{"0":"post-23412","1":"product","2":"type-product","3":"status-publish","4":"has-post-thumbnail","6":"product_cat-aneis","7":"product_cat-aneis-de-noivado","8":"product_cat-joalharia","9":"product_cat-knot-me","10":"product_cat-para-ela","11":"product_cat-natal","12":"product_cat-presentes-entre-5000e-a-10000e","13":"product_tag-diamantes","14":"product_tag-mulher","15":"product_tag-ouro","16":"product_tag-ouro-branco","18":"first","19":"instock","20":"shipping-taxable","21":"purchasable","22":"product-type-variable"},"acf":[],"yoast_head":"<!-- This site is optimized with the Yoast SEO plugin v25.4 - https:\/\/yoast.com\/wordpress\/plugins\/seo\/ -->\n<title>anel em ouro branco e ouro amarelo com diamantes<\/title>\n<meta name=\"description\" content=\"Descubra o anel em ouro amarelo e ouro branco com diamantes da cole\u00e7\u00e3o Knot me da leit\u00e3o &amp; Irm\u00e3o. Uma pe\u00e7a elegante e cl\u00e1ssica.\" \/>\n<meta name=\"robots\" content=\"index, follow, max-snippet:-1, max-image-preview:large, max-video-preview:-1\" \/>\n<link rel=\"canonical\" href=\"https:\/\/www.leitao-irmao.com\/en\/product\/anel-em-ouro-branco-e-ouro-amarelo-com-diamantes-colecao-knot-me\/\" \/>\n<meta property=\"og:locale\" content=\"en_GB\" \/>\n<meta property=\"og:type\" content=\"article\" \/>\n<meta property=\"og:title\" content=\"anel em ouro branco e ouro amarelo com diamantes\" \/>\n<meta property=\"og:description\" content=\"Descubra o anel em ouro amarelo e ouro branco com diamantes da cole\u00e7\u00e3o Knot me da leit\u00e3o &amp; Irm\u00e3o. Uma pe\u00e7a elegante e cl\u00e1ssica.\" \/>\n<meta property=\"og:url\" content=\"https:\/\/www.leitao-irmao.com\/en\/product\/anel-em-ouro-branco-e-ouro-amarelo-com-diamantes-colecao-knot-me\/\" \/>\n<meta property=\"og:site_name\" content=\"Leit\u00e3o &amp; Irm\u00e3o\" \/>\n<meta property=\"article:modified_time\" content=\"2026-03-06T15:53:16+00:00\" \/>\n<meta property=\"og:image\" content=\"https:\/\/www.leitao-irmao.com\/wp-content\/uploads\/2024\/04\/0206713.jpg\" \/>\n\t<meta property=\"og:image:width\" content=\"1080\" \/>\n\t<meta property=\"og:image:height\" content=\"1080\" \/>\n\t<meta property=\"og:image:type\" content=\"image\/jpeg\" \/>\n<meta name=\"twitter:card\" content=\"summary_large_image\" \/>\n<meta name=\"twitter:label1\" content=\"Estimated reading time\" \/>\n\t<meta name=\"twitter:data1\" content=\"1 minute\" \/>\n<script type=\"application\/ld+json\" class=\"yoast-schema-graph\">{\"@context\":\"https:\/\/schema.org\",\"@graph\":[{\"@type\":\"WebPage\",\"@id\":\"https:\/\/www.leitao-irmao.com\/product\/anel-em-ouro-branco-e-ouro-amarelo-com-diamantes-colecao-knot-me\/\",\"url\":\"https:\/\/www.leitao-irmao.com\/product\/anel-em-ouro-branco-e-ouro-amarelo-com-diamantes-colecao-knot-me\/\",\"name\":\"anel em ouro branco e ouro amarelo com diamantes\",\"isPartOf\":{\"@id\":\"https:\/\/www.leitao-irmao.com\/#website\"},\"primaryImageOfPage\":{\"@id\":\"https:\/\/www.leitao-irmao.com\/product\/anel-em-ouro-branco-e-ouro-amarelo-com-diamantes-colecao-knot-me\/#primaryimage\"},\"image\":{\"@id\":\"https:\/\/www.leitao-irmao.com\/product\/anel-em-ouro-branco-e-ouro-amarelo-com-diamantes-colecao-knot-me\/#primaryimage\"},\"thumbnailUrl\":\"https:\/\/www.leitao-irmao.com\/wp-content\/uploads\/2024\/04\/0206713.jpg\",\"datePublished\":\"2024-04-29T15:52:05+00:00\",\"dateModified\":\"2026-03-06T15:53:16+00:00\",\"description\":\"Descubra o anel em ouro amarelo e ouro branco com diamantes da cole\u00e7\u00e3o Knot me da leit\u00e3o & Irm\u00e3o. Uma pe\u00e7a elegante e cl\u00e1ssica.\",\"breadcrumb\":{\"@id\":\"https:\/\/www.leitao-irmao.com\/product\/anel-em-ouro-branco-e-ouro-amarelo-com-diamantes-colecao-knot-me\/#breadcrumb\"},\"inLanguage\":\"en-GB\",\"potentialAction\":[{\"@type\":\"ReadAction\",\"target\":[\"https:\/\/www.leitao-irmao.com\/product\/anel-em-ouro-branco-e-ouro-amarelo-com-diamantes-colecao-knot-me\/\"]}]},{\"@type\":\"ImageObject\",\"inLanguage\":\"en-GB\",\"@id\":\"https:\/\/www.leitao-irmao.com\/product\/anel-em-ouro-branco-e-ouro-amarelo-com-diamantes-colecao-knot-me\/#primaryimage\",\"url\":\"https:\/\/www.leitao-irmao.com\/wp-content\/uploads\/2024\/04\/0206713.jpg\",\"contentUrl\":\"https:\/\/www.leitao-irmao.com\/wp-content\/uploads\/2024\/04\/0206713.jpg\",\"width\":1080,\"height\":1080,\"caption\":\"Anel em ouro branco e ouro amarelo com diamantes da cole\u00e7\u00e3o knot me da leit\u00e3o & Irm\u00e3o\"},{\"@type\":\"BreadcrumbList\",\"@id\":\"https:\/\/www.leitao-irmao.com\/product\/anel-em-ouro-branco-e-ouro-amarelo-com-diamantes-colecao-knot-me\/#breadcrumb\",\"itemListElement\":[{\"@type\":\"ListItem\",\"position\":1,\"name\":\"Home\",\"item\":\"https:\/\/www.leitao-irmao.com\/\"},{\"@type\":\"ListItem\",\"position\":2,\"name\":\"Products\",\"item\":\"https:\/\/www.leitao-irmao.com\/shop\/\"},{\"@type\":\"ListItem\",\"position\":3,\"name\":\"Anel em ouro branco e ouro amarelo com diamantes | Cole\u00e7\u00e3o Knot Me\"}]},{\"@type\":\"WebSite\",\"@id\":\"https:\/\/www.leitao-irmao.com\/#website\",\"url\":\"https:\/\/www.leitao-irmao.com\/\",\"name\":\"Leit\u00e3o & Irm\u00e3o\",\"description\":\"Joalheiros desde 1822\",\"publisher\":{\"@id\":\"https:\/\/www.leitao-irmao.com\/#organization\"},\"potentialAction\":[{\"@type\":\"SearchAction\",\"target\":{\"@type\":\"EntryPoint\",\"urlTemplate\":\"https:\/\/www.leitao-irmao.com\/?s={search_term_string}\"},\"query-input\":{\"@type\":\"PropertyValueSpecification\",\"valueRequired\":true,\"valueName\":\"search_term_string\"}}],\"inLanguage\":\"en-GB\"},{\"@type\":\"Organization\",\"@id\":\"https:\/\/www.leitao-irmao.com\/#organization\",\"name\":\"Leit\u00e3o & Irm\u00e3o\",\"url\":\"https:\/\/www.leitao-irmao.com\/\",\"logo\":{\"@type\":\"ImageObject\",\"inLanguage\":\"en-GB\",\"@id\":\"https:\/\/www.leitao-irmao.com\/#\/schema\/logo\/image\/\",\"url\":\"https:\/\/www.leitao-irmao.com\/wp-content\/uploads\/2022\/11\/leitaoirmao-logo.png\",\"contentUrl\":\"https:\/\/www.leitao-irmao.com\/wp-content\/uploads\/2022\/11\/leitaoirmao-logo.png\",\"width\":426,\"height\":89,\"caption\":\"Leit\u00e3o & Irm\u00e3o\"},\"image\":{\"@id\":\"https:\/\/www.leitao-irmao.com\/#\/schema\/logo\/image\/\"}}]}<\/script>\n<!-- \/ Yoast SEO plugin. -->","yoast_head_json":{"title":"anel em ouro branco e ouro amarelo com diamantes","description":"Descubra o anel em ouro amarelo e ouro branco com diamantes da cole\u00e7\u00e3o Knot me da leit\u00e3o & Irm\u00e3o. Uma pe\u00e7a elegante e cl\u00e1ssica.","robots":{"index":"index","follow":"follow","max-snippet":"max-snippet:-1","max-image-preview":"max-image-preview:large","max-video-preview":"max-video-preview:-1"},"canonical":"https:\/\/www.leitao-irmao.com\/en\/product\/anel-em-ouro-branco-e-ouro-amarelo-com-diamantes-colecao-knot-me\/","og_locale":"en_GB","og_type":"article","og_title":"anel em ouro branco e ouro amarelo com diamantes","og_description":"Descubra o anel em ouro amarelo e ouro branco com diamantes da cole\u00e7\u00e3o Knot me da leit\u00e3o & Irm\u00e3o. Uma pe\u00e7a elegante e cl\u00e1ssica.","og_url":"https:\/\/www.leitao-irmao.com\/en\/product\/anel-em-ouro-branco-e-ouro-amarelo-com-diamantes-colecao-knot-me\/","og_site_name":"Leit\u00e3o &amp; Irm\u00e3o","article_modified_time":"2026-03-06T15:53:16+00:00","og_image":[{"width":1080,"height":1080,"url":"https:\/\/www.leitao-irmao.com\/wp-content\/uploads\/2024\/04\/0206713.jpg","type":"image\/jpeg"}],"twitter_card":"summary_large_image","twitter_misc":{"Estimated reading time":"1 minute"},"schema":{"@context":"https:\/\/schema.org","@graph":[{"@type":"WebPage","@id":"https:\/\/www.leitao-irmao.com\/product\/anel-em-ouro-branco-e-ouro-amarelo-com-diamantes-colecao-knot-me\/","url":"https:\/\/www.leitao-irmao.com\/product\/anel-em-ouro-branco-e-ouro-amarelo-com-diamantes-colecao-knot-me\/","name":"anel em ouro branco e ouro amarelo com diamantes","isPartOf":{"@id":"https:\/\/www.leitao-irmao.com\/#website"},"primaryImageOfPage":{"@id":"https:\/\/www.leitao-irmao.com\/product\/anel-em-ouro-branco-e-ouro-amarelo-com-diamantes-colecao-knot-me\/#primaryimage"},"image":{"@id":"https:\/\/www.leitao-irmao.com\/product\/anel-em-ouro-branco-e-ouro-amarelo-com-diamantes-colecao-knot-me\/#primaryimage"},"thumbnailUrl":"https:\/\/www.leitao-irmao.com\/wp-content\/uploads\/2024\/04\/0206713.jpg","datePublished":"2024-04-29T15:52:05+00:00","dateModified":"2026-03-06T15:53:16+00:00","description":"Descubra o anel em ouro amarelo e ouro branco com diamantes da cole\u00e7\u00e3o Knot me da leit\u00e3o & Irm\u00e3o. Uma pe\u00e7a elegante e cl\u00e1ssica.","breadcrumb":{"@id":"https:\/\/www.leitao-irmao.com\/product\/anel-em-ouro-branco-e-ouro-amarelo-com-diamantes-colecao-knot-me\/#breadcrumb"},"inLanguage":"en-GB","potentialAction":[{"@type":"ReadAction","target":["https:\/\/www.leitao-irmao.com\/product\/anel-em-ouro-branco-e-ouro-amarelo-com-diamantes-colecao-knot-me\/"]}]},{"@type":"ImageObject","inLanguage":"en-GB","@id":"https:\/\/www.leitao-irmao.com\/product\/anel-em-ouro-branco-e-ouro-amarelo-com-diamantes-colecao-knot-me\/#primaryimage","url":"https:\/\/www.leitao-irmao.com\/wp-content\/uploads\/2024\/04\/0206713.jpg","contentUrl":"https:\/\/www.leitao-irmao.com\/wp-content\/uploads\/2024\/04\/0206713.jpg","width":1080,"height":1080,"caption":"Anel em ouro branco e ouro amarelo com diamantes da cole\u00e7\u00e3o knot me da leit\u00e3o & Irm\u00e3o"},{"@type":"BreadcrumbList","@id":"https:\/\/www.leitao-irmao.com\/product\/anel-em-ouro-branco-e-ouro-amarelo-com-diamantes-colecao-knot-me\/#breadcrumb","itemListElement":[{"@type":"ListItem","position":1,"name":"Home","item":"https:\/\/www.leitao-irmao.com\/"},{"@type":"ListItem","position":2,"name":"Products","item":"https:\/\/www.leitao-irmao.com\/shop\/"},{"@type":"ListItem","position":3,"name":"Anel em ouro branco e ouro amarelo com diamantes | Cole\u00e7\u00e3o Knot Me"}]},{"@type":"WebSite","@id":"https:\/\/www.leitao-irmao.com\/#website","url":"https:\/\/www.leitao-irmao.com\/","name":"Leit\u00e3o & Irm\u00e3o","description":"Joalheiros desde 1822","publisher":{"@id":"https:\/\/www.leitao-irmao.com\/#organization"},"potentialAction":[{"@type":"SearchAction","target":{"@type":"EntryPoint","urlTemplate":"https:\/\/www.leitao-irmao.com\/?s={search_term_string}"},"query-input":{"@type":"PropertyValueSpecification","valueRequired":true,"valueName":"search_term_string"}}],"inLanguage":"en-GB"},{"@type":"Organization","@id":"https:\/\/www.leitao-irmao.com\/#organization","name":"Leit\u00e3o & Irm\u00e3o","url":"https:\/\/www.leitao-irmao.com\/","logo":{"@type":"ImageObject","inLanguage":"en-GB","@id":"https:\/\/www.leitao-irmao.com\/#\/schema\/logo\/image\/","url":"https:\/\/www.leitao-irmao.com\/wp-content\/uploads\/2022\/11\/leitaoirmao-logo.png","contentUrl":"https:\/\/www.leitao-irmao.com\/wp-content\/uploads\/2022\/11\/leitaoirmao-logo.png","width":426,"height":89,"caption":"Leit\u00e3o & Irm\u00e3o"},"image":{"@id":"https:\/\/www.leitao-irmao.com\/#\/schema\/logo\/image\/"}}]}},"_links":{"self":[{"href":"https:\/\/www.leitao-irmao.com\/en\/wp-json\/wp\/v2\/product\/23412","targetHints":{"allow":["GET"]}}],"collection":[{"href":"https:\/\/www.leitao-irmao.com\/en\/wp-json\/wp\/v2\/product"}],"about":[{"href":"https:\/\/www.leitao-irmao.com\/en\/wp-json\/wp\/v2\/types\/product"}],"version-history":[{"count":1,"href":"https:\/\/www.leitao-irmao.com\/en\/wp-json\/wp\/v2\/product\/23412\/revisions"}],"predecessor-version":[{"id":36319,"href":"https:\/\/www.leitao-irmao.com\/en\/wp-json\/wp\/v2\/product\/23412\/revisions\/36319"}],"wp:featuredmedia":[{"embeddable":true,"href":"https:\/\/www.leitao-irmao.com\/en\/wp-json\/wp\/v2\/media\/23413"}],"wp:attachment":[{"href":"https:\/\/www.leitao-irmao.com\/en\/wp-json\/wp\/v2\/media?parent=23412"}],"wp:term":[{"taxonomy":"product_brand","embeddable":true,"href":"https:\/\/www.leitao-irmao.com\/en\/wp-json\/wp\/v2\/product_brand?post=23412"},{"taxonomy":"product_cat","embeddable":true,"href":"https:\/\/www.leitao-irmao.com\/en\/wp-json\/wp\/v2\/product_cat?post=23412"},{"taxonomy":"product_tag","embeddable":true,"href":"https:\/\/www.leitao-irmao.com\/en\/wp-json\/wp\/v2\/product_tag?post=23412"}],"curies":[{"name":"wp","href":"https:\/\/api.w.org\/{rel}","templated":true}]}}