{"id":23447,"date":"2024-05-02T15:40:38","date_gmt":"2024-05-02T15:40:38","guid":{"rendered":"https:\/\/www.leitao-irmao.com\/?post_type=product&#038;p=23447"},"modified":"2026-03-19T14:55:50","modified_gmt":"2026-03-19T14:55:50","slug":"escultura-santo-antonio-de-lisboa-em-prata","status":"publish","type":"product","link":"https:\/\/www.leitao-irmao.com\/en\/product\/escultura-santo-antonio-de-lisboa-em-prata\/","title":{"rendered":"Sculpture of Saint Anthony of Lisbon in silver"},"content":{"rendered":"","protected":false},"excerpt":{"rendered":"<p>Discover the Sculpture of Saint Anthony, made in 925 silver from original plaster casts, from which it was possible to make the molds and tools for its production. Portraying the Patron Saint with baby Jesus on his lap in a simple image of protection and love, the sculpture makes a magnificent decoration or religious gift. The Sculpture of Saint Anthony is part of an original edition, numbered and limited to 1195 copies, commemorating the year of his birth.<\/p>","protected":false},"featured_media":23448,"template":"","meta":{"_acf_changed":false},"product_brand":[],"product_cat":[483,70,74,648,126],"product_tag":[270],"class_list":{"0":"post-23447","1":"product","2":"type-product","3":"status-publish","4":"has-post-thumbnail","6":"product_cat-artigos-religiosos-joalharia-portuguesa","7":"product_cat-casa-e-decoracao","8":"product_cat-decoracao","9":"product_cat-esculturas","10":"product_cat-presentes-entre-2500e-a-5000e","11":"product_tag-prata","13":"first","14":"onbackorder","15":"shipping-taxable","16":"purchasable","17":"product-type-simple"},"acf":[],"yoast_head":"<!-- This site is optimized with the Yoast SEO plugin v25.4 - https:\/\/yoast.com\/wordpress\/plugins\/seo\/ -->\n<title>escultura de santo Ant\u00f3nio de Lisboa em prata<\/title>\n<meta name=\"description\" content=\"Descubra a escultura do Santo Ant\u00f3nio de Lisboa em prata da Leit\u00e3o &amp; Irm\u00e3o. Cada exemplar \u00e9 uma edi\u00e7\u00e3o original, numerada e limitada.\" \/>\n<meta name=\"robots\" content=\"index, follow, max-snippet:-1, max-image-preview:large, max-video-preview:-1\" \/>\n<link rel=\"canonical\" href=\"https:\/\/www.leitao-irmao.com\/en\/product\/escultura-santo-antonio-de-lisboa-em-prata\/\" \/>\n<meta property=\"og:locale\" content=\"en_GB\" \/>\n<meta property=\"og:type\" content=\"article\" \/>\n<meta property=\"og:title\" content=\"escultura de santo Ant\u00f3nio de Lisboa em prata\" \/>\n<meta property=\"og:description\" content=\"Descubra a escultura do Santo Ant\u00f3nio de Lisboa em prata da Leit\u00e3o &amp; Irm\u00e3o. Cada exemplar \u00e9 uma edi\u00e7\u00e3o original, numerada e limitada.\" \/>\n<meta property=\"og:url\" content=\"https:\/\/www.leitao-irmao.com\/en\/product\/escultura-santo-antonio-de-lisboa-em-prata\/\" \/>\n<meta property=\"og:site_name\" content=\"Leit\u00e3o &amp; Irm\u00e3o\" \/>\n<meta property=\"article:modified_time\" content=\"2026-03-19T14:55:50+00:00\" \/>\n<meta property=\"og:image\" content=\"https:\/\/www.leitao-irmao.com\/wp-content\/uploads\/2024\/05\/escultura-santo-antonio-0522103-2.jpg\" \/>\n\t<meta property=\"og:image:width\" content=\"1080\" \/>\n\t<meta property=\"og:image:height\" content=\"1080\" \/>\n\t<meta property=\"og:image:type\" content=\"image\/jpeg\" \/>\n<meta name=\"twitter:card\" content=\"summary_large_image\" \/>\n<meta name=\"twitter:label1\" content=\"Estimated reading time\" \/>\n\t<meta name=\"twitter:data1\" content=\"1 minute\" \/>\n<script type=\"application\/ld+json\" class=\"yoast-schema-graph\">{\"@context\":\"https:\/\/schema.org\",\"@graph\":[{\"@type\":\"WebPage\",\"@id\":\"https:\/\/www.leitao-irmao.com\/product\/escultura-santo-antonio-de-lisboa-em-prata\/\",\"url\":\"https:\/\/www.leitao-irmao.com\/product\/escultura-santo-antonio-de-lisboa-em-prata\/\",\"name\":\"escultura de santo Ant\u00f3nio de Lisboa em prata\",\"isPartOf\":{\"@id\":\"https:\/\/www.leitao-irmao.com\/#website\"},\"primaryImageOfPage\":{\"@id\":\"https:\/\/www.leitao-irmao.com\/product\/escultura-santo-antonio-de-lisboa-em-prata\/#primaryimage\"},\"image\":{\"@id\":\"https:\/\/www.leitao-irmao.com\/product\/escultura-santo-antonio-de-lisboa-em-prata\/#primaryimage\"},\"thumbnailUrl\":\"https:\/\/www.leitao-irmao.com\/wp-content\/uploads\/2024\/05\/escultura-santo-antonio-0522103-2.jpg\",\"datePublished\":\"2024-05-02T15:40:38+00:00\",\"dateModified\":\"2026-03-19T14:55:50+00:00\",\"description\":\"Descubra a escultura do Santo Ant\u00f3nio de Lisboa em prata da Leit\u00e3o & Irm\u00e3o. Cada exemplar \u00e9 uma edi\u00e7\u00e3o original, numerada e limitada.\",\"breadcrumb\":{\"@id\":\"https:\/\/www.leitao-irmao.com\/product\/escultura-santo-antonio-de-lisboa-em-prata\/#breadcrumb\"},\"inLanguage\":\"en-GB\",\"potentialAction\":[{\"@type\":\"ReadAction\",\"target\":[\"https:\/\/www.leitao-irmao.com\/product\/escultura-santo-antonio-de-lisboa-em-prata\/\"]}]},{\"@type\":\"ImageObject\",\"inLanguage\":\"en-GB\",\"@id\":\"https:\/\/www.leitao-irmao.com\/product\/escultura-santo-antonio-de-lisboa-em-prata\/#primaryimage\",\"url\":\"https:\/\/www.leitao-irmao.com\/wp-content\/uploads\/2024\/05\/escultura-santo-antonio-0522103-2.jpg\",\"contentUrl\":\"https:\/\/www.leitao-irmao.com\/wp-content\/uploads\/2024\/05\/escultura-santo-antonio-0522103-2.jpg\",\"width\":1080,\"height\":1080,\"caption\":\"Escultura Santo Ant\u00f3nio de Lisboa em prata da Leit\u00e3o & Irm\u00e3o\"},{\"@type\":\"BreadcrumbList\",\"@id\":\"https:\/\/www.leitao-irmao.com\/product\/escultura-santo-antonio-de-lisboa-em-prata\/#breadcrumb\",\"itemListElement\":[{\"@type\":\"ListItem\",\"position\":1,\"name\":\"Home\",\"item\":\"https:\/\/www.leitao-irmao.com\/\"},{\"@type\":\"ListItem\",\"position\":2,\"name\":\"Products\",\"item\":\"https:\/\/www.leitao-irmao.com\/shop\/\"},{\"@type\":\"ListItem\",\"position\":3,\"name\":\"Escultura Santo Ant\u00f3nio de Lisboa em prata\"}]},{\"@type\":\"WebSite\",\"@id\":\"https:\/\/www.leitao-irmao.com\/#website\",\"url\":\"https:\/\/www.leitao-irmao.com\/\",\"name\":\"Leit\u00e3o & Irm\u00e3o\",\"description\":\"Joalheiros desde 1822\",\"publisher\":{\"@id\":\"https:\/\/www.leitao-irmao.com\/#organization\"},\"potentialAction\":[{\"@type\":\"SearchAction\",\"target\":{\"@type\":\"EntryPoint\",\"urlTemplate\":\"https:\/\/www.leitao-irmao.com\/?s={search_term_string}\"},\"query-input\":{\"@type\":\"PropertyValueSpecification\",\"valueRequired\":true,\"valueName\":\"search_term_string\"}}],\"inLanguage\":\"en-GB\"},{\"@type\":\"Organization\",\"@id\":\"https:\/\/www.leitao-irmao.com\/#organization\",\"name\":\"Leit\u00e3o & Irm\u00e3o\",\"url\":\"https:\/\/www.leitao-irmao.com\/\",\"logo\":{\"@type\":\"ImageObject\",\"inLanguage\":\"en-GB\",\"@id\":\"https:\/\/www.leitao-irmao.com\/#\/schema\/logo\/image\/\",\"url\":\"https:\/\/www.leitao-irmao.com\/wp-content\/uploads\/2022\/11\/leitaoirmao-logo.png\",\"contentUrl\":\"https:\/\/www.leitao-irmao.com\/wp-content\/uploads\/2022\/11\/leitaoirmao-logo.png\",\"width\":426,\"height\":89,\"caption\":\"Leit\u00e3o & Irm\u00e3o\"},\"image\":{\"@id\":\"https:\/\/www.leitao-irmao.com\/#\/schema\/logo\/image\/\"}}]}<\/script>\n<!-- \/ Yoast SEO plugin. -->","yoast_head_json":{"title":"escultura de santo Ant\u00f3nio de Lisboa em prata","description":"Descubra a escultura do Santo Ant\u00f3nio de Lisboa em prata da Leit\u00e3o & Irm\u00e3o. Cada exemplar \u00e9 uma edi\u00e7\u00e3o original, numerada e limitada.","robots":{"index":"index","follow":"follow","max-snippet":"max-snippet:-1","max-image-preview":"max-image-preview:large","max-video-preview":"max-video-preview:-1"},"canonical":"https:\/\/www.leitao-irmao.com\/en\/product\/escultura-santo-antonio-de-lisboa-em-prata\/","og_locale":"en_GB","og_type":"article","og_title":"escultura de santo Ant\u00f3nio de Lisboa em prata","og_description":"Descubra a escultura do Santo Ant\u00f3nio de Lisboa em prata da Leit\u00e3o & Irm\u00e3o. Cada exemplar \u00e9 uma edi\u00e7\u00e3o original, numerada e limitada.","og_url":"https:\/\/www.leitao-irmao.com\/en\/product\/escultura-santo-antonio-de-lisboa-em-prata\/","og_site_name":"Leit\u00e3o &amp; Irm\u00e3o","article_modified_time":"2026-03-19T14:55:50+00:00","og_image":[{"width":1080,"height":1080,"url":"https:\/\/www.leitao-irmao.com\/wp-content\/uploads\/2024\/05\/escultura-santo-antonio-0522103-2.jpg","type":"image\/jpeg"}],"twitter_card":"summary_large_image","twitter_misc":{"Estimated reading time":"1 minute"},"schema":{"@context":"https:\/\/schema.org","@graph":[{"@type":"WebPage","@id":"https:\/\/www.leitao-irmao.com\/product\/escultura-santo-antonio-de-lisboa-em-prata\/","url":"https:\/\/www.leitao-irmao.com\/product\/escultura-santo-antonio-de-lisboa-em-prata\/","name":"escultura de santo Ant\u00f3nio de Lisboa em prata","isPartOf":{"@id":"https:\/\/www.leitao-irmao.com\/#website"},"primaryImageOfPage":{"@id":"https:\/\/www.leitao-irmao.com\/product\/escultura-santo-antonio-de-lisboa-em-prata\/#primaryimage"},"image":{"@id":"https:\/\/www.leitao-irmao.com\/product\/escultura-santo-antonio-de-lisboa-em-prata\/#primaryimage"},"thumbnailUrl":"https:\/\/www.leitao-irmao.com\/wp-content\/uploads\/2024\/05\/escultura-santo-antonio-0522103-2.jpg","datePublished":"2024-05-02T15:40:38+00:00","dateModified":"2026-03-19T14:55:50+00:00","description":"Descubra a escultura do Santo Ant\u00f3nio de Lisboa em prata da Leit\u00e3o & Irm\u00e3o. Cada exemplar \u00e9 uma edi\u00e7\u00e3o original, numerada e limitada.","breadcrumb":{"@id":"https:\/\/www.leitao-irmao.com\/product\/escultura-santo-antonio-de-lisboa-em-prata\/#breadcrumb"},"inLanguage":"en-GB","potentialAction":[{"@type":"ReadAction","target":["https:\/\/www.leitao-irmao.com\/product\/escultura-santo-antonio-de-lisboa-em-prata\/"]}]},{"@type":"ImageObject","inLanguage":"en-GB","@id":"https:\/\/www.leitao-irmao.com\/product\/escultura-santo-antonio-de-lisboa-em-prata\/#primaryimage","url":"https:\/\/www.leitao-irmao.com\/wp-content\/uploads\/2024\/05\/escultura-santo-antonio-0522103-2.jpg","contentUrl":"https:\/\/www.leitao-irmao.com\/wp-content\/uploads\/2024\/05\/escultura-santo-antonio-0522103-2.jpg","width":1080,"height":1080,"caption":"Escultura Santo Ant\u00f3nio de Lisboa em prata da Leit\u00e3o & Irm\u00e3o"},{"@type":"BreadcrumbList","@id":"https:\/\/www.leitao-irmao.com\/product\/escultura-santo-antonio-de-lisboa-em-prata\/#breadcrumb","itemListElement":[{"@type":"ListItem","position":1,"name":"Home","item":"https:\/\/www.leitao-irmao.com\/"},{"@type":"ListItem","position":2,"name":"Products","item":"https:\/\/www.leitao-irmao.com\/shop\/"},{"@type":"ListItem","position":3,"name":"Escultura Santo Ant\u00f3nio de Lisboa em prata"}]},{"@type":"WebSite","@id":"https:\/\/www.leitao-irmao.com\/#website","url":"https:\/\/www.leitao-irmao.com\/","name":"Leit\u00e3o & Irm\u00e3o","description":"Joalheiros desde 1822","publisher":{"@id":"https:\/\/www.leitao-irmao.com\/#organization"},"potentialAction":[{"@type":"SearchAction","target":{"@type":"EntryPoint","urlTemplate":"https:\/\/www.leitao-irmao.com\/?s={search_term_string}"},"query-input":{"@type":"PropertyValueSpecification","valueRequired":true,"valueName":"search_term_string"}}],"inLanguage":"en-GB"},{"@type":"Organization","@id":"https:\/\/www.leitao-irmao.com\/#organization","name":"Leit\u00e3o & Irm\u00e3o","url":"https:\/\/www.leitao-irmao.com\/","logo":{"@type":"ImageObject","inLanguage":"en-GB","@id":"https:\/\/www.leitao-irmao.com\/#\/schema\/logo\/image\/","url":"https:\/\/www.leitao-irmao.com\/wp-content\/uploads\/2022\/11\/leitaoirmao-logo.png","contentUrl":"https:\/\/www.leitao-irmao.com\/wp-content\/uploads\/2022\/11\/leitaoirmao-logo.png","width":426,"height":89,"caption":"Leit\u00e3o & Irm\u00e3o"},"image":{"@id":"https:\/\/www.leitao-irmao.com\/#\/schema\/logo\/image\/"}}]}},"_links":{"self":[{"href":"https:\/\/www.leitao-irmao.com\/en\/wp-json\/wp\/v2\/product\/23447","targetHints":{"allow":["GET"]}}],"collection":[{"href":"https:\/\/www.leitao-irmao.com\/en\/wp-json\/wp\/v2\/product"}],"about":[{"href":"https:\/\/www.leitao-irmao.com\/en\/wp-json\/wp\/v2\/types\/product"}],"version-history":[{"count":1,"href":"https:\/\/www.leitao-irmao.com\/en\/wp-json\/wp\/v2\/product\/23447\/revisions"}],"predecessor-version":[{"id":35672,"href":"https:\/\/www.leitao-irmao.com\/en\/wp-json\/wp\/v2\/product\/23447\/revisions\/35672"}],"wp:featuredmedia":[{"embeddable":true,"href":"https:\/\/www.leitao-irmao.com\/en\/wp-json\/wp\/v2\/media\/23448"}],"wp:attachment":[{"href":"https:\/\/www.leitao-irmao.com\/en\/wp-json\/wp\/v2\/media?parent=23447"}],"wp:term":[{"taxonomy":"product_brand","embeddable":true,"href":"https:\/\/www.leitao-irmao.com\/en\/wp-json\/wp\/v2\/product_brand?post=23447"},{"taxonomy":"product_cat","embeddable":true,"href":"https:\/\/www.leitao-irmao.com\/en\/wp-json\/wp\/v2\/product_cat?post=23447"},{"taxonomy":"product_tag","embeddable":true,"href":"https:\/\/www.leitao-irmao.com\/en\/wp-json\/wp\/v2\/product_tag?post=23447"}],"curies":[{"name":"wp","href":"https:\/\/api.w.org\/{rel}","templated":true}]}}