{"id":23452,"date":"2024-05-02T15:40:27","date_gmt":"2024-05-02T15:40:27","guid":{"rendered":"https:\/\/www.leitao-irmao.com\/?post_type=product&#038;p=23452"},"modified":"2026-03-19T16:09:31","modified_gmt":"2026-03-19T16:09:31","slug":"medalha-santo-antonio-em-ouro","status":"publish","type":"product","link":"https:\/\/www.leitao-irmao.com\/en\/product\/medalha-santo-antonio-em-ouro\/","title":{"rendered":"Gold and diamond St. Anthony medal and chain"},"content":{"rendered":"","protected":false},"excerpt":{"rendered":"<p>Discover St. Anthony's medal is manufactured in our workshops in 19.2k gold, with a chain in the same material. <strong>With a gold charm of a small fish with a diamond<\/strong> weighing 0.01 ct, reminiscent of the well-known work of Father Ant\u00f3nio Vieira and the Patron Saint's connection to animals and nature, the St. Anthony medal is part of an original edition, numbered and limited to 1195 copies, commemorating the year of his birth.<\/p>","protected":false},"featured_media":23467,"template":"","meta":{"_acf_changed":false},"product_brand":[],"product_cat":[483,137,84,121,79,141,140,126],"product_tag":[275,278,271],"class_list":{"0":"post-23452","1":"product","2":"type-product","3":"status-publish","4":"has-post-thumbnail","6":"product_cat-artigos-religiosos","7":"product_cat-batizados","8":"product_cat-colares-e-fios","9":"product_cat-gifts","10":"product_cat-joalharia","11":"product_cat-para-ela","12":"product_cat-para-ele","13":"product_cat-presentes-entre-2500e-a-5000e","14":"product_tag-diamantes","15":"product_tag-mulher","16":"product_tag-ouro","18":"first","19":"instock","20":"shipping-taxable","21":"purchasable","22":"product-type-simple"},"acf":[],"yoast_head":"<!-- This site is optimized with the Yoast SEO plugin v25.4 - https:\/\/yoast.com\/wordpress\/plugins\/seo\/ -->\n<title>medalha santo Ant\u00f3nio em ouro e diamantes<\/title>\n<meta name=\"description\" content=\"Descubra o conjunto medalha e fio Santo Ant\u00f3nio de Lisboa em prata da Leit\u00e3o &amp; Irm\u00e3o. Cada exemplar \u00e9 uma edi\u00e7\u00e3o original, numerada e limitada.\" \/>\n<meta name=\"robots\" content=\"index, follow, max-snippet:-1, max-image-preview:large, max-video-preview:-1\" \/>\n<link rel=\"canonical\" href=\"https:\/\/www.leitao-irmao.com\/en\/product\/medalha-santo-antonio-em-ouro\/\" \/>\n<meta property=\"og:locale\" content=\"en_GB\" \/>\n<meta property=\"og:type\" content=\"article\" \/>\n<meta property=\"og:title\" content=\"medalha santo Ant\u00f3nio em ouro e diamantes\" \/>\n<meta property=\"og:description\" content=\"Descubra o conjunto medalha e fio Santo Ant\u00f3nio de Lisboa em prata da Leit\u00e3o &amp; Irm\u00e3o. Cada exemplar \u00e9 uma edi\u00e7\u00e3o original, numerada e limitada.\" \/>\n<meta property=\"og:url\" content=\"https:\/\/www.leitao-irmao.com\/en\/product\/medalha-santo-antonio-em-ouro\/\" \/>\n<meta property=\"og:site_name\" content=\"Leit\u00e3o &amp; Irm\u00e3o\" \/>\n<meta property=\"article:modified_time\" content=\"2026-03-19T16:09:31+00:00\" \/>\n<meta property=\"og:image\" content=\"https:\/\/www.leitao-irmao.com\/wp-content\/uploads\/2024\/05\/0222057-b.jpg\" \/>\n\t<meta property=\"og:image:width\" content=\"1080\" \/>\n\t<meta property=\"og:image:height\" content=\"1080\" \/>\n\t<meta property=\"og:image:type\" content=\"image\/jpeg\" \/>\n<meta name=\"twitter:card\" content=\"summary_large_image\" \/>\n<meta name=\"twitter:label1\" content=\"Estimated reading time\" \/>\n\t<meta name=\"twitter:data1\" content=\"1 minute\" \/>\n<script type=\"application\/ld+json\" class=\"yoast-schema-graph\">{\"@context\":\"https:\/\/schema.org\",\"@graph\":[{\"@type\":\"WebPage\",\"@id\":\"https:\/\/www.leitao-irmao.com\/product\/medalha-santo-antonio-em-ouro\/\",\"url\":\"https:\/\/www.leitao-irmao.com\/product\/medalha-santo-antonio-em-ouro\/\",\"name\":\"medalha santo Ant\u00f3nio em ouro e diamantes\",\"isPartOf\":{\"@id\":\"https:\/\/www.leitao-irmao.com\/#website\"},\"primaryImageOfPage\":{\"@id\":\"https:\/\/www.leitao-irmao.com\/product\/medalha-santo-antonio-em-ouro\/#primaryimage\"},\"image\":{\"@id\":\"https:\/\/www.leitao-irmao.com\/product\/medalha-santo-antonio-em-ouro\/#primaryimage\"},\"thumbnailUrl\":\"https:\/\/www.leitao-irmao.com\/wp-content\/uploads\/2024\/05\/0222057-b.jpg\",\"datePublished\":\"2024-05-02T15:40:27+00:00\",\"dateModified\":\"2026-03-19T16:09:31+00:00\",\"description\":\"Descubra o conjunto medalha e fio Santo Ant\u00f3nio de Lisboa em prata da Leit\u00e3o & Irm\u00e3o. Cada exemplar \u00e9 uma edi\u00e7\u00e3o original, numerada e limitada.\",\"breadcrumb\":{\"@id\":\"https:\/\/www.leitao-irmao.com\/product\/medalha-santo-antonio-em-ouro\/#breadcrumb\"},\"inLanguage\":\"en-GB\",\"potentialAction\":[{\"@type\":\"ReadAction\",\"target\":[\"https:\/\/www.leitao-irmao.com\/product\/medalha-santo-antonio-em-ouro\/\"]}]},{\"@type\":\"ImageObject\",\"inLanguage\":\"en-GB\",\"@id\":\"https:\/\/www.leitao-irmao.com\/product\/medalha-santo-antonio-em-ouro\/#primaryimage\",\"url\":\"https:\/\/www.leitao-irmao.com\/wp-content\/uploads\/2024\/05\/0222057-b.jpg\",\"contentUrl\":\"https:\/\/www.leitao-irmao.com\/wp-content\/uploads\/2024\/05\/0222057-b.jpg\",\"width\":1080,\"height\":1080,\"caption\":\"Medalha e fio Santo Ant\u00f3nio em ouro e diamante da Leit\u00e3o & Irm\u00e3o\"},{\"@type\":\"BreadcrumbList\",\"@id\":\"https:\/\/www.leitao-irmao.com\/product\/medalha-santo-antonio-em-ouro\/#breadcrumb\",\"itemListElement\":[{\"@type\":\"ListItem\",\"position\":1,\"name\":\"Home\",\"item\":\"https:\/\/www.leitao-irmao.com\/\"},{\"@type\":\"ListItem\",\"position\":2,\"name\":\"Products\",\"item\":\"https:\/\/www.leitao-irmao.com\/shop\/\"},{\"@type\":\"ListItem\",\"position\":3,\"name\":\"Medalha e Fio Santo Ant\u00f3nio em ouro e diamante\"}]},{\"@type\":\"WebSite\",\"@id\":\"https:\/\/www.leitao-irmao.com\/#website\",\"url\":\"https:\/\/www.leitao-irmao.com\/\",\"name\":\"Leit\u00e3o & Irm\u00e3o\",\"description\":\"Joalheiros desde 1822\",\"publisher\":{\"@id\":\"https:\/\/www.leitao-irmao.com\/#organization\"},\"potentialAction\":[{\"@type\":\"SearchAction\",\"target\":{\"@type\":\"EntryPoint\",\"urlTemplate\":\"https:\/\/www.leitao-irmao.com\/?s={search_term_string}\"},\"query-input\":{\"@type\":\"PropertyValueSpecification\",\"valueRequired\":true,\"valueName\":\"search_term_string\"}}],\"inLanguage\":\"en-GB\"},{\"@type\":\"Organization\",\"@id\":\"https:\/\/www.leitao-irmao.com\/#organization\",\"name\":\"Leit\u00e3o & Irm\u00e3o\",\"url\":\"https:\/\/www.leitao-irmao.com\/\",\"logo\":{\"@type\":\"ImageObject\",\"inLanguage\":\"en-GB\",\"@id\":\"https:\/\/www.leitao-irmao.com\/#\/schema\/logo\/image\/\",\"url\":\"https:\/\/www.leitao-irmao.com\/wp-content\/uploads\/2022\/11\/leitaoirmao-logo.png\",\"contentUrl\":\"https:\/\/www.leitao-irmao.com\/wp-content\/uploads\/2022\/11\/leitaoirmao-logo.png\",\"width\":426,\"height\":89,\"caption\":\"Leit\u00e3o & Irm\u00e3o\"},\"image\":{\"@id\":\"https:\/\/www.leitao-irmao.com\/#\/schema\/logo\/image\/\"}}]}<\/script>\n<!-- \/ Yoast SEO plugin. -->","yoast_head_json":{"title":"medalha santo Ant\u00f3nio em ouro e diamantes","description":"Descubra o conjunto medalha e fio Santo Ant\u00f3nio de Lisboa em prata da Leit\u00e3o & Irm\u00e3o. Cada exemplar \u00e9 uma edi\u00e7\u00e3o original, numerada e limitada.","robots":{"index":"index","follow":"follow","max-snippet":"max-snippet:-1","max-image-preview":"max-image-preview:large","max-video-preview":"max-video-preview:-1"},"canonical":"https:\/\/www.leitao-irmao.com\/en\/product\/medalha-santo-antonio-em-ouro\/","og_locale":"en_GB","og_type":"article","og_title":"medalha santo Ant\u00f3nio em ouro e diamantes","og_description":"Descubra o conjunto medalha e fio Santo Ant\u00f3nio de Lisboa em prata da Leit\u00e3o & Irm\u00e3o. Cada exemplar \u00e9 uma edi\u00e7\u00e3o original, numerada e limitada.","og_url":"https:\/\/www.leitao-irmao.com\/en\/product\/medalha-santo-antonio-em-ouro\/","og_site_name":"Leit\u00e3o &amp; Irm\u00e3o","article_modified_time":"2026-03-19T16:09:31+00:00","og_image":[{"width":1080,"height":1080,"url":"https:\/\/www.leitao-irmao.com\/wp-content\/uploads\/2024\/05\/0222057-b.jpg","type":"image\/jpeg"}],"twitter_card":"summary_large_image","twitter_misc":{"Estimated reading time":"1 minute"},"schema":{"@context":"https:\/\/schema.org","@graph":[{"@type":"WebPage","@id":"https:\/\/www.leitao-irmao.com\/product\/medalha-santo-antonio-em-ouro\/","url":"https:\/\/www.leitao-irmao.com\/product\/medalha-santo-antonio-em-ouro\/","name":"medalha santo Ant\u00f3nio em ouro e diamantes","isPartOf":{"@id":"https:\/\/www.leitao-irmao.com\/#website"},"primaryImageOfPage":{"@id":"https:\/\/www.leitao-irmao.com\/product\/medalha-santo-antonio-em-ouro\/#primaryimage"},"image":{"@id":"https:\/\/www.leitao-irmao.com\/product\/medalha-santo-antonio-em-ouro\/#primaryimage"},"thumbnailUrl":"https:\/\/www.leitao-irmao.com\/wp-content\/uploads\/2024\/05\/0222057-b.jpg","datePublished":"2024-05-02T15:40:27+00:00","dateModified":"2026-03-19T16:09:31+00:00","description":"Descubra o conjunto medalha e fio Santo Ant\u00f3nio de Lisboa em prata da Leit\u00e3o & Irm\u00e3o. Cada exemplar \u00e9 uma edi\u00e7\u00e3o original, numerada e limitada.","breadcrumb":{"@id":"https:\/\/www.leitao-irmao.com\/product\/medalha-santo-antonio-em-ouro\/#breadcrumb"},"inLanguage":"en-GB","potentialAction":[{"@type":"ReadAction","target":["https:\/\/www.leitao-irmao.com\/product\/medalha-santo-antonio-em-ouro\/"]}]},{"@type":"ImageObject","inLanguage":"en-GB","@id":"https:\/\/www.leitao-irmao.com\/product\/medalha-santo-antonio-em-ouro\/#primaryimage","url":"https:\/\/www.leitao-irmao.com\/wp-content\/uploads\/2024\/05\/0222057-b.jpg","contentUrl":"https:\/\/www.leitao-irmao.com\/wp-content\/uploads\/2024\/05\/0222057-b.jpg","width":1080,"height":1080,"caption":"Medalha e fio Santo Ant\u00f3nio em ouro e diamante da Leit\u00e3o & Irm\u00e3o"},{"@type":"BreadcrumbList","@id":"https:\/\/www.leitao-irmao.com\/product\/medalha-santo-antonio-em-ouro\/#breadcrumb","itemListElement":[{"@type":"ListItem","position":1,"name":"Home","item":"https:\/\/www.leitao-irmao.com\/"},{"@type":"ListItem","position":2,"name":"Products","item":"https:\/\/www.leitao-irmao.com\/shop\/"},{"@type":"ListItem","position":3,"name":"Medalha e Fio Santo Ant\u00f3nio em ouro e diamante"}]},{"@type":"WebSite","@id":"https:\/\/www.leitao-irmao.com\/#website","url":"https:\/\/www.leitao-irmao.com\/","name":"Leit\u00e3o & Irm\u00e3o","description":"Joalheiros desde 1822","publisher":{"@id":"https:\/\/www.leitao-irmao.com\/#organization"},"potentialAction":[{"@type":"SearchAction","target":{"@type":"EntryPoint","urlTemplate":"https:\/\/www.leitao-irmao.com\/?s={search_term_string}"},"query-input":{"@type":"PropertyValueSpecification","valueRequired":true,"valueName":"search_term_string"}}],"inLanguage":"en-GB"},{"@type":"Organization","@id":"https:\/\/www.leitao-irmao.com\/#organization","name":"Leit\u00e3o & Irm\u00e3o","url":"https:\/\/www.leitao-irmao.com\/","logo":{"@type":"ImageObject","inLanguage":"en-GB","@id":"https:\/\/www.leitao-irmao.com\/#\/schema\/logo\/image\/","url":"https:\/\/www.leitao-irmao.com\/wp-content\/uploads\/2022\/11\/leitaoirmao-logo.png","contentUrl":"https:\/\/www.leitao-irmao.com\/wp-content\/uploads\/2022\/11\/leitaoirmao-logo.png","width":426,"height":89,"caption":"Leit\u00e3o & Irm\u00e3o"},"image":{"@id":"https:\/\/www.leitao-irmao.com\/#\/schema\/logo\/image\/"}}]}},"_links":{"self":[{"href":"https:\/\/www.leitao-irmao.com\/en\/wp-json\/wp\/v2\/product\/23452","targetHints":{"allow":["GET"]}}],"collection":[{"href":"https:\/\/www.leitao-irmao.com\/en\/wp-json\/wp\/v2\/product"}],"about":[{"href":"https:\/\/www.leitao-irmao.com\/en\/wp-json\/wp\/v2\/types\/product"}],"version-history":[{"count":1,"href":"https:\/\/www.leitao-irmao.com\/en\/wp-json\/wp\/v2\/product\/23452\/revisions"}],"predecessor-version":[{"id":34551,"href":"https:\/\/www.leitao-irmao.com\/en\/wp-json\/wp\/v2\/product\/23452\/revisions\/34551"}],"wp:featuredmedia":[{"embeddable":true,"href":"https:\/\/www.leitao-irmao.com\/en\/wp-json\/wp\/v2\/media\/23467"}],"wp:attachment":[{"href":"https:\/\/www.leitao-irmao.com\/en\/wp-json\/wp\/v2\/media?parent=23452"}],"wp:term":[{"taxonomy":"product_brand","embeddable":true,"href":"https:\/\/www.leitao-irmao.com\/en\/wp-json\/wp\/v2\/product_brand?post=23452"},{"taxonomy":"product_cat","embeddable":true,"href":"https:\/\/www.leitao-irmao.com\/en\/wp-json\/wp\/v2\/product_cat?post=23452"},{"taxonomy":"product_tag","embeddable":true,"href":"https:\/\/www.leitao-irmao.com\/en\/wp-json\/wp\/v2\/product_tag?post=23452"}],"curies":[{"name":"wp","href":"https:\/\/api.w.org\/{rel}","templated":true}]}}