{"id":23483,"date":"2024-05-02T16:32:18","date_gmt":"2024-05-02T16:32:18","guid":{"rendered":"https:\/\/www.leitao-irmao.com\/?post_type=product&#038;p=23483"},"modified":"2026-01-28T13:31:25","modified_gmt":"2026-01-28T13:31:25","slug":"jarra-com-pe-liso-e-redondo-solitario","status":"publish","type":"product","link":"https:\/\/www.leitao-irmao.com\/en\/product\/jarra-com-pe-liso-e-redondo-solitario\/","title":{"rendered":"Jarra com p\u00e9 liso e redondo sec\u00e7\u00e3o Quadrada  | Solit\u00e1rio"},"content":{"rendered":"","protected":false},"excerpt":{"rendered":"<p>Discover the vase with a smooth, round top, from Leit\u00e3o &amp; Irm\u00e3o's solitaire collection. An elegant and unique piece. Ideal for decorating your home.<\/p>","protected":false},"featured_media":23484,"template":"","meta":{"_acf_changed":false},"product_brand":[],"product_cat":[70,74,124,72,470],"product_tag":[270],"class_list":{"0":"post-23483","1":"product","2":"type-product","3":"status-publish","4":"has-post-thumbnail","6":"product_cat-casa-e-decoracao","7":"product_cat-decoracao","8":"product_cat-presentes-entre-500e-a-1000e","9":"product_cat-tableware-and-dinnerware","10":"product_cat-velas-e-casticais","11":"product_tag-prata","13":"first","14":"outofstock","15":"shipping-taxable","16":"product-type-simple"},"acf":[],"yoast_head":"<!-- This site is optimized with the Yoast SEO plugin v25.4 - https:\/\/yoast.com\/wordpress\/plugins\/seo\/ -->\n<title>jarra solit\u00e1rio em prata<\/title>\n<meta name=\"description\" content=\"Descubra a jarra com \u00e9 liso e redondo, da cole\u00e7\u00e3o solit\u00e1rio da Leit\u00e3o &amp; Irm\u00e3o. Uma pe\u00e7a elegante e \u00fanica. Ideal para decorar a sua casa.\" \/>\n<meta name=\"robots\" content=\"index, follow, max-snippet:-1, max-image-preview:large, max-video-preview:-1\" \/>\n<link rel=\"canonical\" href=\"https:\/\/www.leitao-irmao.com\/en\/product\/jarra-com-pe-liso-e-redondo-solitario\/\" \/>\n<meta property=\"og:locale\" content=\"en_GB\" \/>\n<meta property=\"og:type\" content=\"article\" \/>\n<meta property=\"og:title\" content=\"jarra solit\u00e1rio em prata\" \/>\n<meta property=\"og:description\" content=\"Descubra a jarra com \u00e9 liso e redondo, da cole\u00e7\u00e3o solit\u00e1rio da Leit\u00e3o &amp; Irm\u00e3o. Uma pe\u00e7a elegante e \u00fanica. Ideal para decorar a sua casa.\" \/>\n<meta property=\"og:url\" content=\"https:\/\/www.leitao-irmao.com\/en\/product\/jarra-com-pe-liso-e-redondo-solitario\/\" \/>\n<meta property=\"og:site_name\" content=\"Leit\u00e3o &amp; Irm\u00e3o\" \/>\n<meta property=\"article:modified_time\" content=\"2026-01-28T13:31:25+00:00\" \/>\n<meta property=\"og:image\" content=\"https:\/\/www.leitao-irmao.com\/wp-content\/uploads\/2024\/05\/0503399-Solitario-em-prata.jpg\" \/>\n\t<meta property=\"og:image:width\" content=\"1000\" \/>\n\t<meta property=\"og:image:height\" content=\"1000\" \/>\n\t<meta property=\"og:image:type\" content=\"image\/jpeg\" \/>\n<meta name=\"twitter:card\" content=\"summary_large_image\" \/>\n<meta name=\"twitter:label1\" content=\"Estimated reading time\" \/>\n\t<meta name=\"twitter:data1\" content=\"1 minute\" \/>\n<script type=\"application\/ld+json\" class=\"yoast-schema-graph\">{\"@context\":\"https:\/\/schema.org\",\"@graph\":[{\"@type\":\"WebPage\",\"@id\":\"https:\/\/www.leitao-irmao.com\/product\/jarra-com-pe-liso-e-redondo-solitario\/\",\"url\":\"https:\/\/www.leitao-irmao.com\/product\/jarra-com-pe-liso-e-redondo-solitario\/\",\"name\":\"jarra solit\u00e1rio em prata\",\"isPartOf\":{\"@id\":\"https:\/\/www.leitao-irmao.com\/#website\"},\"primaryImageOfPage\":{\"@id\":\"https:\/\/www.leitao-irmao.com\/product\/jarra-com-pe-liso-e-redondo-solitario\/#primaryimage\"},\"image\":{\"@id\":\"https:\/\/www.leitao-irmao.com\/product\/jarra-com-pe-liso-e-redondo-solitario\/#primaryimage\"},\"thumbnailUrl\":\"https:\/\/www.leitao-irmao.com\/wp-content\/uploads\/2024\/05\/0503399-Solitario-em-prata.jpg\",\"datePublished\":\"2024-05-02T16:32:18+00:00\",\"dateModified\":\"2026-01-28T13:31:25+00:00\",\"description\":\"Descubra a jarra com \u00e9 liso e redondo, da cole\u00e7\u00e3o solit\u00e1rio da Leit\u00e3o & Irm\u00e3o. Uma pe\u00e7a elegante e \u00fanica. Ideal para decorar a sua casa.\",\"breadcrumb\":{\"@id\":\"https:\/\/www.leitao-irmao.com\/product\/jarra-com-pe-liso-e-redondo-solitario\/#breadcrumb\"},\"inLanguage\":\"en-GB\",\"potentialAction\":[{\"@type\":\"ReadAction\",\"target\":[\"https:\/\/www.leitao-irmao.com\/product\/jarra-com-pe-liso-e-redondo-solitario\/\"]}]},{\"@type\":\"ImageObject\",\"inLanguage\":\"en-GB\",\"@id\":\"https:\/\/www.leitao-irmao.com\/product\/jarra-com-pe-liso-e-redondo-solitario\/#primaryimage\",\"url\":\"https:\/\/www.leitao-irmao.com\/wp-content\/uploads\/2024\/05\/0503399-Solitario-em-prata.jpg\",\"contentUrl\":\"https:\/\/www.leitao-irmao.com\/wp-content\/uploads\/2024\/05\/0503399-Solitario-em-prata.jpg\",\"width\":1000,\"height\":1000,\"caption\":\"Jarra Solit\u00e1rio com p\u00e9 liso e redondo com sec\u00e7\u00e3o quadrada da Leit\u00e3o & Irm\u00e3o\"},{\"@type\":\"BreadcrumbList\",\"@id\":\"https:\/\/www.leitao-irmao.com\/product\/jarra-com-pe-liso-e-redondo-solitario\/#breadcrumb\",\"itemListElement\":[{\"@type\":\"ListItem\",\"position\":1,\"name\":\"Home\",\"item\":\"https:\/\/www.leitao-irmao.com\/\"},{\"@type\":\"ListItem\",\"position\":2,\"name\":\"Products\",\"item\":\"https:\/\/www.leitao-irmao.com\/shop\/\"},{\"@type\":\"ListItem\",\"position\":3,\"name\":\"Jarra com p\u00e9 liso e redondo sec\u00e7\u00e3o Quadrada | Solit\u00e1rio\"}]},{\"@type\":\"WebSite\",\"@id\":\"https:\/\/www.leitao-irmao.com\/#website\",\"url\":\"https:\/\/www.leitao-irmao.com\/\",\"name\":\"Leit\u00e3o & Irm\u00e3o\",\"description\":\"Joalheiros desde 1822\",\"publisher\":{\"@id\":\"https:\/\/www.leitao-irmao.com\/#organization\"},\"potentialAction\":[{\"@type\":\"SearchAction\",\"target\":{\"@type\":\"EntryPoint\",\"urlTemplate\":\"https:\/\/www.leitao-irmao.com\/?s={search_term_string}\"},\"query-input\":{\"@type\":\"PropertyValueSpecification\",\"valueRequired\":true,\"valueName\":\"search_term_string\"}}],\"inLanguage\":\"en-GB\"},{\"@type\":\"Organization\",\"@id\":\"https:\/\/www.leitao-irmao.com\/#organization\",\"name\":\"Leit\u00e3o & Irm\u00e3o\",\"url\":\"https:\/\/www.leitao-irmao.com\/\",\"logo\":{\"@type\":\"ImageObject\",\"inLanguage\":\"en-GB\",\"@id\":\"https:\/\/www.leitao-irmao.com\/#\/schema\/logo\/image\/\",\"url\":\"https:\/\/www.leitao-irmao.com\/wp-content\/uploads\/2022\/11\/leitaoirmao-logo.png\",\"contentUrl\":\"https:\/\/www.leitao-irmao.com\/wp-content\/uploads\/2022\/11\/leitaoirmao-logo.png\",\"width\":426,\"height\":89,\"caption\":\"Leit\u00e3o & Irm\u00e3o\"},\"image\":{\"@id\":\"https:\/\/www.leitao-irmao.com\/#\/schema\/logo\/image\/\"}}]}<\/script>\n<!-- \/ Yoast SEO plugin. -->","yoast_head_json":{"title":"jarra solit\u00e1rio em prata","description":"Descubra a jarra com \u00e9 liso e redondo, da cole\u00e7\u00e3o solit\u00e1rio da Leit\u00e3o & Irm\u00e3o. Uma pe\u00e7a elegante e \u00fanica. Ideal para decorar a sua casa.","robots":{"index":"index","follow":"follow","max-snippet":"max-snippet:-1","max-image-preview":"max-image-preview:large","max-video-preview":"max-video-preview:-1"},"canonical":"https:\/\/www.leitao-irmao.com\/en\/product\/jarra-com-pe-liso-e-redondo-solitario\/","og_locale":"en_GB","og_type":"article","og_title":"jarra solit\u00e1rio em prata","og_description":"Descubra a jarra com \u00e9 liso e redondo, da cole\u00e7\u00e3o solit\u00e1rio da Leit\u00e3o & Irm\u00e3o. Uma pe\u00e7a elegante e \u00fanica. Ideal para decorar a sua casa.","og_url":"https:\/\/www.leitao-irmao.com\/en\/product\/jarra-com-pe-liso-e-redondo-solitario\/","og_site_name":"Leit\u00e3o &amp; Irm\u00e3o","article_modified_time":"2026-01-28T13:31:25+00:00","og_image":[{"width":1000,"height":1000,"url":"https:\/\/www.leitao-irmao.com\/wp-content\/uploads\/2024\/05\/0503399-Solitario-em-prata.jpg","type":"image\/jpeg"}],"twitter_card":"summary_large_image","twitter_misc":{"Estimated reading time":"1 minute"},"schema":{"@context":"https:\/\/schema.org","@graph":[{"@type":"WebPage","@id":"https:\/\/www.leitao-irmao.com\/product\/jarra-com-pe-liso-e-redondo-solitario\/","url":"https:\/\/www.leitao-irmao.com\/product\/jarra-com-pe-liso-e-redondo-solitario\/","name":"jarra solit\u00e1rio em prata","isPartOf":{"@id":"https:\/\/www.leitao-irmao.com\/#website"},"primaryImageOfPage":{"@id":"https:\/\/www.leitao-irmao.com\/product\/jarra-com-pe-liso-e-redondo-solitario\/#primaryimage"},"image":{"@id":"https:\/\/www.leitao-irmao.com\/product\/jarra-com-pe-liso-e-redondo-solitario\/#primaryimage"},"thumbnailUrl":"https:\/\/www.leitao-irmao.com\/wp-content\/uploads\/2024\/05\/0503399-Solitario-em-prata.jpg","datePublished":"2024-05-02T16:32:18+00:00","dateModified":"2026-01-28T13:31:25+00:00","description":"Descubra a jarra com \u00e9 liso e redondo, da cole\u00e7\u00e3o solit\u00e1rio da Leit\u00e3o & Irm\u00e3o. Uma pe\u00e7a elegante e \u00fanica. Ideal para decorar a sua casa.","breadcrumb":{"@id":"https:\/\/www.leitao-irmao.com\/product\/jarra-com-pe-liso-e-redondo-solitario\/#breadcrumb"},"inLanguage":"en-GB","potentialAction":[{"@type":"ReadAction","target":["https:\/\/www.leitao-irmao.com\/product\/jarra-com-pe-liso-e-redondo-solitario\/"]}]},{"@type":"ImageObject","inLanguage":"en-GB","@id":"https:\/\/www.leitao-irmao.com\/product\/jarra-com-pe-liso-e-redondo-solitario\/#primaryimage","url":"https:\/\/www.leitao-irmao.com\/wp-content\/uploads\/2024\/05\/0503399-Solitario-em-prata.jpg","contentUrl":"https:\/\/www.leitao-irmao.com\/wp-content\/uploads\/2024\/05\/0503399-Solitario-em-prata.jpg","width":1000,"height":1000,"caption":"Jarra Solit\u00e1rio com p\u00e9 liso e redondo com sec\u00e7\u00e3o quadrada da Leit\u00e3o & Irm\u00e3o"},{"@type":"BreadcrumbList","@id":"https:\/\/www.leitao-irmao.com\/product\/jarra-com-pe-liso-e-redondo-solitario\/#breadcrumb","itemListElement":[{"@type":"ListItem","position":1,"name":"Home","item":"https:\/\/www.leitao-irmao.com\/"},{"@type":"ListItem","position":2,"name":"Products","item":"https:\/\/www.leitao-irmao.com\/shop\/"},{"@type":"ListItem","position":3,"name":"Jarra com p\u00e9 liso e redondo sec\u00e7\u00e3o Quadrada | Solit\u00e1rio"}]},{"@type":"WebSite","@id":"https:\/\/www.leitao-irmao.com\/#website","url":"https:\/\/www.leitao-irmao.com\/","name":"Leit\u00e3o & Irm\u00e3o","description":"Joalheiros desde 1822","publisher":{"@id":"https:\/\/www.leitao-irmao.com\/#organization"},"potentialAction":[{"@type":"SearchAction","target":{"@type":"EntryPoint","urlTemplate":"https:\/\/www.leitao-irmao.com\/?s={search_term_string}"},"query-input":{"@type":"PropertyValueSpecification","valueRequired":true,"valueName":"search_term_string"}}],"inLanguage":"en-GB"},{"@type":"Organization","@id":"https:\/\/www.leitao-irmao.com\/#organization","name":"Leit\u00e3o & Irm\u00e3o","url":"https:\/\/www.leitao-irmao.com\/","logo":{"@type":"ImageObject","inLanguage":"en-GB","@id":"https:\/\/www.leitao-irmao.com\/#\/schema\/logo\/image\/","url":"https:\/\/www.leitao-irmao.com\/wp-content\/uploads\/2022\/11\/leitaoirmao-logo.png","contentUrl":"https:\/\/www.leitao-irmao.com\/wp-content\/uploads\/2022\/11\/leitaoirmao-logo.png","width":426,"height":89,"caption":"Leit\u00e3o & Irm\u00e3o"},"image":{"@id":"https:\/\/www.leitao-irmao.com\/#\/schema\/logo\/image\/"}}]}},"_links":{"self":[{"href":"https:\/\/www.leitao-irmao.com\/en\/wp-json\/wp\/v2\/product\/23483","targetHints":{"allow":["GET"]}}],"collection":[{"href":"https:\/\/www.leitao-irmao.com\/en\/wp-json\/wp\/v2\/product"}],"about":[{"href":"https:\/\/www.leitao-irmao.com\/en\/wp-json\/wp\/v2\/types\/product"}],"version-history":[{"count":1,"href":"https:\/\/www.leitao-irmao.com\/en\/wp-json\/wp\/v2\/product\/23483\/revisions"}],"predecessor-version":[{"id":34022,"href":"https:\/\/www.leitao-irmao.com\/en\/wp-json\/wp\/v2\/product\/23483\/revisions\/34022"}],"wp:featuredmedia":[{"embeddable":true,"href":"https:\/\/www.leitao-irmao.com\/en\/wp-json\/wp\/v2\/media\/23484"}],"wp:attachment":[{"href":"https:\/\/www.leitao-irmao.com\/en\/wp-json\/wp\/v2\/media?parent=23483"}],"wp:term":[{"taxonomy":"product_brand","embeddable":true,"href":"https:\/\/www.leitao-irmao.com\/en\/wp-json\/wp\/v2\/product_brand?post=23483"},{"taxonomy":"product_cat","embeddable":true,"href":"https:\/\/www.leitao-irmao.com\/en\/wp-json\/wp\/v2\/product_cat?post=23483"},{"taxonomy":"product_tag","embeddable":true,"href":"https:\/\/www.leitao-irmao.com\/en\/wp-json\/wp\/v2\/product_tag?post=23483"}],"curies":[{"name":"wp","href":"https:\/\/api.w.org\/{rel}","templated":true}]}}