{"id":23955,"date":"2024-05-19T09:00:20","date_gmt":"2024-05-19T09:00:20","guid":{"rendered":"https:\/\/www.leitao-irmao.com\/?post_type=product&#038;p=23955"},"modified":"2026-02-12T17:22:41","modified_gmt":"2026-02-12T17:22:41","slug":"par-de-brincos-queen-bee-by-debora-montenegro","status":"publish","type":"product","link":"https:\/\/www.leitao-irmao.com\/en\/product\/par-de-brincos-queen-bee-by-debora-montenegro\/","title":{"rendered":"Pair of Queen Bee earrings in gold and diamonds by D\u00e9bora Montenegro"},"content":{"rendered":"<p>The Queen Bee earrings are a piece of jewelry that celebrates the beauty, elegance and hard work of bees. Representing their importance in the ecosystem, with their traveling spirit they travel great distances and always find their way back. Showing that just as bees turn nectar into honey, we can transform life's simple moments into something extraordinary.<\/p>\n<p>Each piece of the Bee Edition is meticulously crafted in gold and adorned with rubies and diamonds, reflecting sunlight much like the wings of bees.<\/p>\n<p>&nbsp;<\/p>\n<p>This jewel belongs to the D\u00e9bora Montenegro x Leit\u00e3o &amp; Irm\u00e3o <a href=\"https:\/\/www.leitao-irmao.com\/en\/colecoes\/find-your-star-by-debora-montenegro\/\"><em>D\u00e9bora Montenegro x Leit\u00e3o &amp; Irm\u00e3o<\/em><\/a><\/p>","protected":false},"excerpt":{"rendered":"<p>The Queen Bee earrings are a piece of jewelry that celebrates the beauty, elegance and hard work of bees. Representing their importance in the ecosystem, with their traveling spirit they travel great distances and always find their way back. Showing that just as bees turn nectar into honey, we can transform life's simple moments into something extraordinary.<\/p>\n<p>Each piece of the Bee Edition is meticulously crafted in gold and adorned with rubies and diamonds, reflecting sunlight much like the wings of bees.<\/p>\n<p>&nbsp;<\/p>\n<p>This jewel belongs to the D\u00e9bora Montenegro x Leit\u00e3o &amp; Irm\u00e3o <a href=\"https:\/\/www.leitao-irmao.com\/en\/colecoes\/find-your-star-by-debora-montenegro\/\"><em>D\u00e9bora Montenegro x Leit\u00e3o &amp; Irm\u00e3o<\/em><\/a><\/p>","protected":false},"featured_media":23957,"template":"","meta":{"_acf_changed":false},"product_brand":[],"product_cat":[131,83,224,79,141,135,125,496],"product_tag":[275,278,323,271],"class_list":{"0":"post-23955","1":"product","2":"type-product","3":"status-publish","4":"has-post-thumbnail","6":"product_cat-aniversario-de-18-anos","7":"product_cat-brincos-joalharia-portuguesa","8":"product_cat-find-your-star-by-debora-montenegro","9":"product_cat-joalharia","10":"product_cat-para-ela","11":"product_cat-natal","12":"product_cat-presentes-entre-1000e-a-2500e","13":"product_cat-sem-desconto","14":"product_tag-diamantes","15":"product_tag-mulher","16":"product_tag-novidades","17":"product_tag-ouro","19":"first","20":"instock","21":"shipping-taxable","22":"purchasable","23":"product-type-simple"},"acf":[],"yoast_head":"<!-- This site is optimized with the Yoast SEO plugin v25.4 - https:\/\/yoast.com\/wordpress\/plugins\/seo\/ -->\n<title>Par de brincos Queen Bee em ouro e diamantes by D\u00e9bora Montenegro | Leit\u00e3o &amp; Irm\u00e3o<\/title>\n<meta name=\"description\" content=\"Brincos Queen bee da cole\u00e7\u00e3o D\u00e9bora Montenegro x Leit\u00e3o &amp; Irm\u00e3o. Uma celebra\u00e7\u00e3o da beleza, eleg\u00e2ncia e do trabalho \u00e1rduo das abelhas.\" \/>\n<meta name=\"robots\" content=\"index, follow, max-snippet:-1, max-image-preview:large, max-video-preview:-1\" \/>\n<link rel=\"canonical\" href=\"https:\/\/www.leitao-irmao.com\/en\/product\/par-de-brincos-queen-bee-by-debora-montenegro\/\" \/>\n<meta property=\"og:locale\" content=\"en_GB\" \/>\n<meta property=\"og:type\" content=\"article\" \/>\n<meta property=\"og:title\" content=\"Par de brincos Queen Bee em ouro e diamantes by D\u00e9bora Montenegro | Leit\u00e3o &amp; Irm\u00e3o\" \/>\n<meta property=\"og:description\" content=\"Brincos Queen bee da cole\u00e7\u00e3o D\u00e9bora Montenegro x Leit\u00e3o &amp; Irm\u00e3o. Uma celebra\u00e7\u00e3o da beleza, eleg\u00e2ncia e do trabalho \u00e1rduo das abelhas.\" \/>\n<meta property=\"og:url\" content=\"https:\/\/www.leitao-irmao.com\/en\/product\/par-de-brincos-queen-bee-by-debora-montenegro\/\" \/>\n<meta property=\"og:site_name\" content=\"Leit\u00e3o &amp; Irm\u00e3o\" \/>\n<meta property=\"article:modified_time\" content=\"2026-02-12T17:22:41+00:00\" \/>\n<meta property=\"og:image\" content=\"https:\/\/www.leitao-irmao.com\/wp-content\/uploads\/2024\/05\/LI-x-DM_brincos-Queen-Bee.jpg\" \/>\n\t<meta property=\"og:image:width\" content=\"1080\" \/>\n\t<meta property=\"og:image:height\" content=\"1080\" \/>\n\t<meta property=\"og:image:type\" content=\"image\/jpeg\" \/>\n<meta name=\"twitter:card\" content=\"summary_large_image\" \/>\n<meta name=\"twitter:label1\" content=\"Estimated reading time\" \/>\n\t<meta name=\"twitter:data1\" content=\"1 minute\" \/>\n<script type=\"application\/ld+json\" class=\"yoast-schema-graph\">{\"@context\":\"https:\/\/schema.org\",\"@graph\":[{\"@type\":\"WebPage\",\"@id\":\"https:\/\/www.leitao-irmao.com\/product\/par-de-brincos-queen-bee-by-debora-montenegro\/\",\"url\":\"https:\/\/www.leitao-irmao.com\/product\/par-de-brincos-queen-bee-by-debora-montenegro\/\",\"name\":\"Par de brincos Queen Bee em ouro e diamantes by D\u00e9bora Montenegro | Leit\u00e3o &amp; Irm\u00e3o\",\"isPartOf\":{\"@id\":\"https:\/\/www.leitao-irmao.com\/#website\"},\"primaryImageOfPage\":{\"@id\":\"https:\/\/www.leitao-irmao.com\/product\/par-de-brincos-queen-bee-by-debora-montenegro\/#primaryimage\"},\"image\":{\"@id\":\"https:\/\/www.leitao-irmao.com\/product\/par-de-brincos-queen-bee-by-debora-montenegro\/#primaryimage\"},\"thumbnailUrl\":\"https:\/\/www.leitao-irmao.com\/wp-content\/uploads\/2024\/05\/LI-x-DM_brincos-Queen-Bee.jpg\",\"datePublished\":\"2024-05-19T09:00:20+00:00\",\"dateModified\":\"2026-02-12T17:22:41+00:00\",\"description\":\"Brincos Queen bee da cole\u00e7\u00e3o D\u00e9bora Montenegro x Leit\u00e3o & Irm\u00e3o. Uma celebra\u00e7\u00e3o da beleza, eleg\u00e2ncia e do trabalho \u00e1rduo das abelhas.\",\"breadcrumb\":{\"@id\":\"https:\/\/www.leitao-irmao.com\/product\/par-de-brincos-queen-bee-by-debora-montenegro\/#breadcrumb\"},\"inLanguage\":\"en-GB\",\"potentialAction\":[{\"@type\":\"ReadAction\",\"target\":[\"https:\/\/www.leitao-irmao.com\/product\/par-de-brincos-queen-bee-by-debora-montenegro\/\"]}]},{\"@type\":\"ImageObject\",\"inLanguage\":\"en-GB\",\"@id\":\"https:\/\/www.leitao-irmao.com\/product\/par-de-brincos-queen-bee-by-debora-montenegro\/#primaryimage\",\"url\":\"https:\/\/www.leitao-irmao.com\/wp-content\/uploads\/2024\/05\/LI-x-DM_brincos-Queen-Bee.jpg\",\"contentUrl\":\"https:\/\/www.leitao-irmao.com\/wp-content\/uploads\/2024\/05\/LI-x-DM_brincos-Queen-Bee.jpg\",\"width\":1080,\"height\":1080,\"caption\":\"Par de brincos em forma de abelha em ouro e diamantes Leit\u00e3o & Irm\u00e3o x D\u00e9bora Montenegro\"},{\"@type\":\"BreadcrumbList\",\"@id\":\"https:\/\/www.leitao-irmao.com\/product\/par-de-brincos-queen-bee-by-debora-montenegro\/#breadcrumb\",\"itemListElement\":[{\"@type\":\"ListItem\",\"position\":1,\"name\":\"Home\",\"item\":\"https:\/\/www.leitao-irmao.com\/\"},{\"@type\":\"ListItem\",\"position\":2,\"name\":\"Products\",\"item\":\"https:\/\/www.leitao-irmao.com\/shop\/\"},{\"@type\":\"ListItem\",\"position\":3,\"name\":\"Par de brincos Queen Bee em ouro e diamantes by D\u00e9bora Montenegro\"}]},{\"@type\":\"WebSite\",\"@id\":\"https:\/\/www.leitao-irmao.com\/#website\",\"url\":\"https:\/\/www.leitao-irmao.com\/\",\"name\":\"Leit\u00e3o & Irm\u00e3o\",\"description\":\"Joalheiros desde 1822\",\"publisher\":{\"@id\":\"https:\/\/www.leitao-irmao.com\/#organization\"},\"potentialAction\":[{\"@type\":\"SearchAction\",\"target\":{\"@type\":\"EntryPoint\",\"urlTemplate\":\"https:\/\/www.leitao-irmao.com\/?s={search_term_string}\"},\"query-input\":{\"@type\":\"PropertyValueSpecification\",\"valueRequired\":true,\"valueName\":\"search_term_string\"}}],\"inLanguage\":\"en-GB\"},{\"@type\":\"Organization\",\"@id\":\"https:\/\/www.leitao-irmao.com\/#organization\",\"name\":\"Leit\u00e3o & Irm\u00e3o\",\"url\":\"https:\/\/www.leitao-irmao.com\/\",\"logo\":{\"@type\":\"ImageObject\",\"inLanguage\":\"en-GB\",\"@id\":\"https:\/\/www.leitao-irmao.com\/#\/schema\/logo\/image\/\",\"url\":\"https:\/\/www.leitao-irmao.com\/wp-content\/uploads\/2022\/11\/leitaoirmao-logo.png\",\"contentUrl\":\"https:\/\/www.leitao-irmao.com\/wp-content\/uploads\/2022\/11\/leitaoirmao-logo.png\",\"width\":426,\"height\":89,\"caption\":\"Leit\u00e3o & Irm\u00e3o\"},\"image\":{\"@id\":\"https:\/\/www.leitao-irmao.com\/#\/schema\/logo\/image\/\"}}]}<\/script>\n<!-- \/ Yoast SEO plugin. -->","yoast_head_json":{"title":"Par de brincos Queen Bee em ouro e diamantes by D\u00e9bora Montenegro | Leit\u00e3o &amp; Irm\u00e3o","description":"Brincos Queen bee da cole\u00e7\u00e3o D\u00e9bora Montenegro x Leit\u00e3o & Irm\u00e3o. Uma celebra\u00e7\u00e3o da beleza, eleg\u00e2ncia e do trabalho \u00e1rduo das abelhas.","robots":{"index":"index","follow":"follow","max-snippet":"max-snippet:-1","max-image-preview":"max-image-preview:large","max-video-preview":"max-video-preview:-1"},"canonical":"https:\/\/www.leitao-irmao.com\/en\/product\/par-de-brincos-queen-bee-by-debora-montenegro\/","og_locale":"en_GB","og_type":"article","og_title":"Par de brincos Queen Bee em ouro e diamantes by D\u00e9bora Montenegro | Leit\u00e3o &amp; Irm\u00e3o","og_description":"Brincos Queen bee da cole\u00e7\u00e3o D\u00e9bora Montenegro x Leit\u00e3o & Irm\u00e3o. Uma celebra\u00e7\u00e3o da beleza, eleg\u00e2ncia e do trabalho \u00e1rduo das abelhas.","og_url":"https:\/\/www.leitao-irmao.com\/en\/product\/par-de-brincos-queen-bee-by-debora-montenegro\/","og_site_name":"Leit\u00e3o &amp; Irm\u00e3o","article_modified_time":"2026-02-12T17:22:41+00:00","og_image":[{"width":1080,"height":1080,"url":"https:\/\/www.leitao-irmao.com\/wp-content\/uploads\/2024\/05\/LI-x-DM_brincos-Queen-Bee.jpg","type":"image\/jpeg"}],"twitter_card":"summary_large_image","twitter_misc":{"Estimated reading time":"1 minute"},"schema":{"@context":"https:\/\/schema.org","@graph":[{"@type":"WebPage","@id":"https:\/\/www.leitao-irmao.com\/product\/par-de-brincos-queen-bee-by-debora-montenegro\/","url":"https:\/\/www.leitao-irmao.com\/product\/par-de-brincos-queen-bee-by-debora-montenegro\/","name":"Par de brincos Queen Bee em ouro e diamantes by D\u00e9bora Montenegro | Leit\u00e3o &amp; Irm\u00e3o","isPartOf":{"@id":"https:\/\/www.leitao-irmao.com\/#website"},"primaryImageOfPage":{"@id":"https:\/\/www.leitao-irmao.com\/product\/par-de-brincos-queen-bee-by-debora-montenegro\/#primaryimage"},"image":{"@id":"https:\/\/www.leitao-irmao.com\/product\/par-de-brincos-queen-bee-by-debora-montenegro\/#primaryimage"},"thumbnailUrl":"https:\/\/www.leitao-irmao.com\/wp-content\/uploads\/2024\/05\/LI-x-DM_brincos-Queen-Bee.jpg","datePublished":"2024-05-19T09:00:20+00:00","dateModified":"2026-02-12T17:22:41+00:00","description":"Brincos Queen bee da cole\u00e7\u00e3o D\u00e9bora Montenegro x Leit\u00e3o & Irm\u00e3o. Uma celebra\u00e7\u00e3o da beleza, eleg\u00e2ncia e do trabalho \u00e1rduo das abelhas.","breadcrumb":{"@id":"https:\/\/www.leitao-irmao.com\/product\/par-de-brincos-queen-bee-by-debora-montenegro\/#breadcrumb"},"inLanguage":"en-GB","potentialAction":[{"@type":"ReadAction","target":["https:\/\/www.leitao-irmao.com\/product\/par-de-brincos-queen-bee-by-debora-montenegro\/"]}]},{"@type":"ImageObject","inLanguage":"en-GB","@id":"https:\/\/www.leitao-irmao.com\/product\/par-de-brincos-queen-bee-by-debora-montenegro\/#primaryimage","url":"https:\/\/www.leitao-irmao.com\/wp-content\/uploads\/2024\/05\/LI-x-DM_brincos-Queen-Bee.jpg","contentUrl":"https:\/\/www.leitao-irmao.com\/wp-content\/uploads\/2024\/05\/LI-x-DM_brincos-Queen-Bee.jpg","width":1080,"height":1080,"caption":"Par de brincos em forma de abelha em ouro e diamantes Leit\u00e3o & Irm\u00e3o x D\u00e9bora Montenegro"},{"@type":"BreadcrumbList","@id":"https:\/\/www.leitao-irmao.com\/product\/par-de-brincos-queen-bee-by-debora-montenegro\/#breadcrumb","itemListElement":[{"@type":"ListItem","position":1,"name":"Home","item":"https:\/\/www.leitao-irmao.com\/"},{"@type":"ListItem","position":2,"name":"Products","item":"https:\/\/www.leitao-irmao.com\/shop\/"},{"@type":"ListItem","position":3,"name":"Par de brincos Queen Bee em ouro e diamantes by D\u00e9bora Montenegro"}]},{"@type":"WebSite","@id":"https:\/\/www.leitao-irmao.com\/#website","url":"https:\/\/www.leitao-irmao.com\/","name":"Leit\u00e3o & Irm\u00e3o","description":"Joalheiros desde 1822","publisher":{"@id":"https:\/\/www.leitao-irmao.com\/#organization"},"potentialAction":[{"@type":"SearchAction","target":{"@type":"EntryPoint","urlTemplate":"https:\/\/www.leitao-irmao.com\/?s={search_term_string}"},"query-input":{"@type":"PropertyValueSpecification","valueRequired":true,"valueName":"search_term_string"}}],"inLanguage":"en-GB"},{"@type":"Organization","@id":"https:\/\/www.leitao-irmao.com\/#organization","name":"Leit\u00e3o & Irm\u00e3o","url":"https:\/\/www.leitao-irmao.com\/","logo":{"@type":"ImageObject","inLanguage":"en-GB","@id":"https:\/\/www.leitao-irmao.com\/#\/schema\/logo\/image\/","url":"https:\/\/www.leitao-irmao.com\/wp-content\/uploads\/2022\/11\/leitaoirmao-logo.png","contentUrl":"https:\/\/www.leitao-irmao.com\/wp-content\/uploads\/2022\/11\/leitaoirmao-logo.png","width":426,"height":89,"caption":"Leit\u00e3o & Irm\u00e3o"},"image":{"@id":"https:\/\/www.leitao-irmao.com\/#\/schema\/logo\/image\/"}}]}},"_links":{"self":[{"href":"https:\/\/www.leitao-irmao.com\/en\/wp-json\/wp\/v2\/product\/23955","targetHints":{"allow":["GET"]}}],"collection":[{"href":"https:\/\/www.leitao-irmao.com\/en\/wp-json\/wp\/v2\/product"}],"about":[{"href":"https:\/\/www.leitao-irmao.com\/en\/wp-json\/wp\/v2\/types\/product"}],"version-history":[{"count":1,"href":"https:\/\/www.leitao-irmao.com\/en\/wp-json\/wp\/v2\/product\/23955\/revisions"}],"predecessor-version":[{"id":33155,"href":"https:\/\/www.leitao-irmao.com\/en\/wp-json\/wp\/v2\/product\/23955\/revisions\/33155"}],"wp:featuredmedia":[{"embeddable":true,"href":"https:\/\/www.leitao-irmao.com\/en\/wp-json\/wp\/v2\/media\/23957"}],"wp:attachment":[{"href":"https:\/\/www.leitao-irmao.com\/en\/wp-json\/wp\/v2\/media?parent=23955"}],"wp:term":[{"taxonomy":"product_brand","embeddable":true,"href":"https:\/\/www.leitao-irmao.com\/en\/wp-json\/wp\/v2\/product_brand?post=23955"},{"taxonomy":"product_cat","embeddable":true,"href":"https:\/\/www.leitao-irmao.com\/en\/wp-json\/wp\/v2\/product_cat?post=23955"},{"taxonomy":"product_tag","embeddable":true,"href":"https:\/\/www.leitao-irmao.com\/en\/wp-json\/wp\/v2\/product_tag?post=23955"}],"curies":[{"name":"wp","href":"https:\/\/api.w.org\/{rel}","templated":true}]}}