{"id":24282,"date":"2024-05-09T17:03:27","date_gmt":"2024-05-09T17:03:27","guid":{"rendered":"https:\/\/www.leitao-irmao.com\/?post_type=product&#038;p=24282"},"modified":"2026-02-13T17:20:02","modified_gmt":"2026-02-13T17:20:02","slug":"contas-de-viana-ana-oreilly","status":"publish","type":"product","link":"https:\/\/www.leitao-irmao.com\/en\/product\/contas-de-viana-ana-oreilly\/","title":{"rendered":"Conta de Viana \u00d85mm"},"content":{"rendered":"","protected":false},"excerpt":{"rendered":"<p><strong>As Contas de Viana celebram a tradi\u00e7\u00e3o, a beleza e a eternidade dos la\u00e7os familiares.<\/strong><\/p>\n<p>As Contas de Viana s\u00e3o uma das tradi\u00e7\u00f5es mais antigas da ourivesaria Portuguesa, especialmente no Minho.<\/p>\n<p>A primeira Conta de Viana \u00e9 normalmente oferecida pela madrinha aquando do nascimento ou batizado e depois ao longo dos anos em datas especiais, at\u00e9 serem suficientes para fazer um colar.<\/p>\n<p>Na tradi\u00e7\u00e3o, o objetivo era usar esse colar no dia do seu casamento, tamb\u00e9m como como s\u00edmbolo de prote\u00e7\u00e3o e boa sorte para o futuro.<\/p>","protected":false},"featured_media":24404,"template":"","meta":{"_acf_changed":false},"product_brand":[],"product_cat":[531,496],"product_tag":[],"class_list":{"0":"post-24282","1":"product","2":"type-product","3":"status-publish","4":"has-post-thumbnail","6":"product_cat-listas-de-contas-de-viana","7":"product_cat-sem-desconto","9":"first","10":"instock","11":"shipping-taxable","12":"purchasable","13":"product-type-simple"},"acf":[],"yoast_head":"<!-- This site is optimized with the Yoast SEO plugin v25.4 - https:\/\/yoast.com\/wordpress\/plugins\/seo\/ -->\n<title>Conta de Viana \u00d85mm | Leit\u00e3o &amp; Irm\u00e3o<\/title>\n<meta name=\"robots\" content=\"index, follow, max-snippet:-1, max-image-preview:large, max-video-preview:-1\" \/>\n<link rel=\"canonical\" href=\"https:\/\/www.leitao-irmao.com\/en\/product\/contas-de-viana-ana-oreilly\/\" \/>\n<meta property=\"og:locale\" content=\"en_GB\" \/>\n<meta property=\"og:type\" content=\"article\" \/>\n<meta property=\"og:title\" content=\"Conta de Viana \u00d85mm | Leit\u00e3o &amp; Irm\u00e3o\" \/>\n<meta property=\"og:description\" content=\"As Contas de Viana celebram a tradi\u00e7\u00e3o, a beleza e a eternidade dos la\u00e7os familiares.  As Contas de Viana s\u00e3o uma das tradi\u00e7\u00f5es mais antigas da ourivesaria Portuguesa, especialmente no Minho.  A primeira Conta de Viana \u00e9 normalmente oferecida pela madrinha aquando do nascimento ou batizado e depois ao longo dos anos em datas especiais, at\u00e9 serem suficientes para fazer um colar.  Na tradi\u00e7\u00e3o, o objetivo era usar esse colar no dia do seu casamento, tamb\u00e9m como como s\u00edmbolo de prote\u00e7\u00e3o e boa sorte para o futuro.\" \/>\n<meta property=\"og:url\" content=\"https:\/\/www.leitao-irmao.com\/en\/product\/contas-de-viana-ana-oreilly\/\" \/>\n<meta property=\"og:site_name\" content=\"Leit\u00e3o &amp; Irm\u00e3o\" \/>\n<meta property=\"article:modified_time\" content=\"2026-02-13T17:20:02+00:00\" \/>\n<meta property=\"og:image\" content=\"https:\/\/www.leitao-irmao.com\/wp-content\/uploads\/2024\/05\/conta-viana_5mm-1.jpg\" \/>\n\t<meta property=\"og:image:width\" content=\"1800\" \/>\n\t<meta property=\"og:image:height\" content=\"1800\" \/>\n\t<meta property=\"og:image:type\" content=\"image\/jpeg\" \/>\n<meta name=\"twitter:card\" content=\"summary_large_image\" \/>\n<meta name=\"twitter:label1\" content=\"Estimated reading time\" \/>\n\t<meta name=\"twitter:data1\" content=\"1 minute\" \/>\n<script type=\"application\/ld+json\" class=\"yoast-schema-graph\">{\"@context\":\"https:\/\/schema.org\",\"@graph\":[{\"@type\":\"WebPage\",\"@id\":\"https:\/\/www.leitao-irmao.com\/product\/contas-de-viana-ana-oreilly\/\",\"url\":\"https:\/\/www.leitao-irmao.com\/product\/contas-de-viana-ana-oreilly\/\",\"name\":\"Conta de Viana \u00d85mm | Leit\u00e3o &amp; Irm\u00e3o\",\"isPartOf\":{\"@id\":\"https:\/\/www.leitao-irmao.com\/#website\"},\"primaryImageOfPage\":{\"@id\":\"https:\/\/www.leitao-irmao.com\/product\/contas-de-viana-ana-oreilly\/#primaryimage\"},\"image\":{\"@id\":\"https:\/\/www.leitao-irmao.com\/product\/contas-de-viana-ana-oreilly\/#primaryimage\"},\"thumbnailUrl\":\"https:\/\/www.leitao-irmao.com\/wp-content\/uploads\/2024\/05\/conta-viana_5mm-1.jpg\",\"datePublished\":\"2024-05-09T17:03:27+00:00\",\"dateModified\":\"2026-02-13T17:20:02+00:00\",\"breadcrumb\":{\"@id\":\"https:\/\/www.leitao-irmao.com\/product\/contas-de-viana-ana-oreilly\/#breadcrumb\"},\"inLanguage\":\"en-GB\",\"potentialAction\":[{\"@type\":\"ReadAction\",\"target\":[\"https:\/\/www.leitao-irmao.com\/product\/contas-de-viana-ana-oreilly\/\"]}]},{\"@type\":\"ImageObject\",\"inLanguage\":\"en-GB\",\"@id\":\"https:\/\/www.leitao-irmao.com\/product\/contas-de-viana-ana-oreilly\/#primaryimage\",\"url\":\"https:\/\/www.leitao-irmao.com\/wp-content\/uploads\/2024\/05\/conta-viana_5mm-1.jpg\",\"contentUrl\":\"https:\/\/www.leitao-irmao.com\/wp-content\/uploads\/2024\/05\/conta-viana_5mm-1.jpg\",\"width\":1800,\"height\":1800,\"caption\":\"Conta de Viana de 5 mm para lista de contas de viana da leit\u00e3o & Irm\u00e3o\"},{\"@type\":\"BreadcrumbList\",\"@id\":\"https:\/\/www.leitao-irmao.com\/product\/contas-de-viana-ana-oreilly\/#breadcrumb\",\"itemListElement\":[{\"@type\":\"ListItem\",\"position\":1,\"name\":\"Home\",\"item\":\"https:\/\/www.leitao-irmao.com\/\"},{\"@type\":\"ListItem\",\"position\":2,\"name\":\"Products\",\"item\":\"https:\/\/www.leitao-irmao.com\/shop\/\"},{\"@type\":\"ListItem\",\"position\":3,\"name\":\"Conta de Viana \u00d85mm\"}]},{\"@type\":\"WebSite\",\"@id\":\"https:\/\/www.leitao-irmao.com\/#website\",\"url\":\"https:\/\/www.leitao-irmao.com\/\",\"name\":\"Leit\u00e3o & Irm\u00e3o\",\"description\":\"Joalheiros desde 1822\",\"publisher\":{\"@id\":\"https:\/\/www.leitao-irmao.com\/#organization\"},\"potentialAction\":[{\"@type\":\"SearchAction\",\"target\":{\"@type\":\"EntryPoint\",\"urlTemplate\":\"https:\/\/www.leitao-irmao.com\/?s={search_term_string}\"},\"query-input\":{\"@type\":\"PropertyValueSpecification\",\"valueRequired\":true,\"valueName\":\"search_term_string\"}}],\"inLanguage\":\"en-GB\"},{\"@type\":\"Organization\",\"@id\":\"https:\/\/www.leitao-irmao.com\/#organization\",\"name\":\"Leit\u00e3o & Irm\u00e3o\",\"url\":\"https:\/\/www.leitao-irmao.com\/\",\"logo\":{\"@type\":\"ImageObject\",\"inLanguage\":\"en-GB\",\"@id\":\"https:\/\/www.leitao-irmao.com\/#\/schema\/logo\/image\/\",\"url\":\"https:\/\/www.leitao-irmao.com\/wp-content\/uploads\/2022\/11\/leitaoirmao-logo.png\",\"contentUrl\":\"https:\/\/www.leitao-irmao.com\/wp-content\/uploads\/2022\/11\/leitaoirmao-logo.png\",\"width\":426,\"height\":89,\"caption\":\"Leit\u00e3o & Irm\u00e3o\"},\"image\":{\"@id\":\"https:\/\/www.leitao-irmao.com\/#\/schema\/logo\/image\/\"}}]}<\/script>\n<!-- \/ Yoast SEO plugin. -->","yoast_head_json":{"title":"Conta de Viana \u00d85mm | Leit\u00e3o &amp; Irm\u00e3o","robots":{"index":"index","follow":"follow","max-snippet":"max-snippet:-1","max-image-preview":"max-image-preview:large","max-video-preview":"max-video-preview:-1"},"canonical":"https:\/\/www.leitao-irmao.com\/en\/product\/contas-de-viana-ana-oreilly\/","og_locale":"en_GB","og_type":"article","og_title":"Conta de Viana \u00d85mm | Leit\u00e3o &amp; Irm\u00e3o","og_description":"As Contas de Viana celebram a tradi\u00e7\u00e3o, a beleza e a eternidade dos la\u00e7os familiares.  As Contas de Viana s\u00e3o uma das tradi\u00e7\u00f5es mais antigas da ourivesaria Portuguesa, especialmente no Minho.  A primeira Conta de Viana \u00e9 normalmente oferecida pela madrinha aquando do nascimento ou batizado e depois ao longo dos anos em datas especiais, at\u00e9 serem suficientes para fazer um colar.  Na tradi\u00e7\u00e3o, o objetivo era usar esse colar no dia do seu casamento, tamb\u00e9m como como s\u00edmbolo de prote\u00e7\u00e3o e boa sorte para o futuro.","og_url":"https:\/\/www.leitao-irmao.com\/en\/product\/contas-de-viana-ana-oreilly\/","og_site_name":"Leit\u00e3o &amp; Irm\u00e3o","article_modified_time":"2026-02-13T17:20:02+00:00","og_image":[{"width":1800,"height":1800,"url":"https:\/\/www.leitao-irmao.com\/wp-content\/uploads\/2024\/05\/conta-viana_5mm-1.jpg","type":"image\/jpeg"}],"twitter_card":"summary_large_image","twitter_misc":{"Estimated reading time":"1 minute"},"schema":{"@context":"https:\/\/schema.org","@graph":[{"@type":"WebPage","@id":"https:\/\/www.leitao-irmao.com\/product\/contas-de-viana-ana-oreilly\/","url":"https:\/\/www.leitao-irmao.com\/product\/contas-de-viana-ana-oreilly\/","name":"Conta de Viana \u00d85mm | Leit\u00e3o &amp; Irm\u00e3o","isPartOf":{"@id":"https:\/\/www.leitao-irmao.com\/#website"},"primaryImageOfPage":{"@id":"https:\/\/www.leitao-irmao.com\/product\/contas-de-viana-ana-oreilly\/#primaryimage"},"image":{"@id":"https:\/\/www.leitao-irmao.com\/product\/contas-de-viana-ana-oreilly\/#primaryimage"},"thumbnailUrl":"https:\/\/www.leitao-irmao.com\/wp-content\/uploads\/2024\/05\/conta-viana_5mm-1.jpg","datePublished":"2024-05-09T17:03:27+00:00","dateModified":"2026-02-13T17:20:02+00:00","breadcrumb":{"@id":"https:\/\/www.leitao-irmao.com\/product\/contas-de-viana-ana-oreilly\/#breadcrumb"},"inLanguage":"en-GB","potentialAction":[{"@type":"ReadAction","target":["https:\/\/www.leitao-irmao.com\/product\/contas-de-viana-ana-oreilly\/"]}]},{"@type":"ImageObject","inLanguage":"en-GB","@id":"https:\/\/www.leitao-irmao.com\/product\/contas-de-viana-ana-oreilly\/#primaryimage","url":"https:\/\/www.leitao-irmao.com\/wp-content\/uploads\/2024\/05\/conta-viana_5mm-1.jpg","contentUrl":"https:\/\/www.leitao-irmao.com\/wp-content\/uploads\/2024\/05\/conta-viana_5mm-1.jpg","width":1800,"height":1800,"caption":"Conta de Viana de 5 mm para lista de contas de viana da leit\u00e3o & Irm\u00e3o"},{"@type":"BreadcrumbList","@id":"https:\/\/www.leitao-irmao.com\/product\/contas-de-viana-ana-oreilly\/#breadcrumb","itemListElement":[{"@type":"ListItem","position":1,"name":"Home","item":"https:\/\/www.leitao-irmao.com\/"},{"@type":"ListItem","position":2,"name":"Products","item":"https:\/\/www.leitao-irmao.com\/shop\/"},{"@type":"ListItem","position":3,"name":"Conta de Viana \u00d85mm"}]},{"@type":"WebSite","@id":"https:\/\/www.leitao-irmao.com\/#website","url":"https:\/\/www.leitao-irmao.com\/","name":"Leit\u00e3o & Irm\u00e3o","description":"Joalheiros desde 1822","publisher":{"@id":"https:\/\/www.leitao-irmao.com\/#organization"},"potentialAction":[{"@type":"SearchAction","target":{"@type":"EntryPoint","urlTemplate":"https:\/\/www.leitao-irmao.com\/?s={search_term_string}"},"query-input":{"@type":"PropertyValueSpecification","valueRequired":true,"valueName":"search_term_string"}}],"inLanguage":"en-GB"},{"@type":"Organization","@id":"https:\/\/www.leitao-irmao.com\/#organization","name":"Leit\u00e3o & Irm\u00e3o","url":"https:\/\/www.leitao-irmao.com\/","logo":{"@type":"ImageObject","inLanguage":"en-GB","@id":"https:\/\/www.leitao-irmao.com\/#\/schema\/logo\/image\/","url":"https:\/\/www.leitao-irmao.com\/wp-content\/uploads\/2022\/11\/leitaoirmao-logo.png","contentUrl":"https:\/\/www.leitao-irmao.com\/wp-content\/uploads\/2022\/11\/leitaoirmao-logo.png","width":426,"height":89,"caption":"Leit\u00e3o & Irm\u00e3o"},"image":{"@id":"https:\/\/www.leitao-irmao.com\/#\/schema\/logo\/image\/"}}]}},"_links":{"self":[{"href":"https:\/\/www.leitao-irmao.com\/en\/wp-json\/wp\/v2\/product\/24282","targetHints":{"allow":["GET"]}}],"collection":[{"href":"https:\/\/www.leitao-irmao.com\/en\/wp-json\/wp\/v2\/product"}],"about":[{"href":"https:\/\/www.leitao-irmao.com\/en\/wp-json\/wp\/v2\/types\/product"}],"version-history":[{"count":1,"href":"https:\/\/www.leitao-irmao.com\/en\/wp-json\/wp\/v2\/product\/24282\/revisions"}],"predecessor-version":[{"id":37123,"href":"https:\/\/www.leitao-irmao.com\/en\/wp-json\/wp\/v2\/product\/24282\/revisions\/37123"}],"wp:featuredmedia":[{"embeddable":true,"href":"https:\/\/www.leitao-irmao.com\/en\/wp-json\/wp\/v2\/media\/24404"}],"wp:attachment":[{"href":"https:\/\/www.leitao-irmao.com\/en\/wp-json\/wp\/v2\/media?parent=24282"}],"wp:term":[{"taxonomy":"product_brand","embeddable":true,"href":"https:\/\/www.leitao-irmao.com\/en\/wp-json\/wp\/v2\/product_brand?post=24282"},{"taxonomy":"product_cat","embeddable":true,"href":"https:\/\/www.leitao-irmao.com\/en\/wp-json\/wp\/v2\/product_cat?post=24282"},{"taxonomy":"product_tag","embeddable":true,"href":"https:\/\/www.leitao-irmao.com\/en\/wp-json\/wp\/v2\/product_tag?post=24282"}],"curies":[{"name":"wp","href":"https:\/\/api.w.org\/{rel}","templated":true}]}}