{"id":24284,"date":"2025-10-24T08:24:29","date_gmt":"2025-10-24T07:24:29","guid":{"rendered":"https:\/\/www.leitao-irmao.com\/?post_type=product&#038;p=24284"},"modified":"2026-03-11T17:01:49","modified_gmt":"2026-03-11T17:01:49","slug":"botoes-de-punho-em-prata-modelo-bolacha-para-personalizar","status":"publish","type":"product","link":"https:\/\/www.leitao-irmao.com\/en\/product\/botoes-de-punho-em-prata-modelo-bolacha-para-personalizar\/","title":{"rendered":"Silver disc cufflinks for personalisation"},"content":{"rendered":"","protected":false},"excerpt":{"rendered":"<p>Silver cufflinks are the jewellery of excellence for men.<\/p>\n<p>Biscuit cufflinks are a best seller for their minimalist design and the possibility of engraving the wearer's initials. A useful, personalised and meaningful gift.<\/p>\n<p>The perfect jewel to complement your outfit, always an accessory of the utmost elegance and refinement.<\/p>","protected":false},"featured_media":24285,"template":"","meta":{"_acf_changed":false},"product_brand":[],"product_cat":[88,132,676,121,267,140,123,139],"product_tag":[277,270],"class_list":{"0":"post-24284","1":"product","2":"type-product","3":"status-publish","4":"has-post-thumbnail","6":"product_cat-botoes-de-punho","7":"product_cat-dia-dos-namorados","8":"product_cat-gift-selection","9":"product_cat-gifts","10":"product_cat-mais-oferecidos","11":"product_cat-para-ele","12":"product_cat-presentes-entre-150e-a-500e","13":"product_cat-presentes-para-personalizar","14":"product_tag-homem","15":"product_tag-prata","17":"first","18":"instock","19":"shipping-taxable","20":"purchasable","21":"product-type-simple"},"acf":[],"yoast_head":"<!-- This site is optimized with the Yoast SEO plugin v25.4 - https:\/\/yoast.com\/wordpress\/plugins\/seo\/ -->\n<title>Bot\u00f5es de punho em prata para personalizar<\/title>\n<meta name=\"description\" content=\"Bot\u00f5es de punho em prata s\u00e3o a joia de excel\u00eancia para o homem. Perfeito para colocar o seu nome ou iniciais e personalizar o seu outfit elegantemente.\" \/>\n<meta name=\"robots\" content=\"index, follow, max-snippet:-1, max-image-preview:large, max-video-preview:-1\" \/>\n<link rel=\"canonical\" href=\"https:\/\/www.leitao-irmao.com\/en\/product\/botoes-de-punho-em-prata-modelo-bolacha-para-personalizar\/\" \/>\n<meta property=\"og:locale\" content=\"en_GB\" \/>\n<meta property=\"og:type\" content=\"article\" \/>\n<meta property=\"og:title\" content=\"Bot\u00f5es de punho em prata para personalizar\" \/>\n<meta property=\"og:description\" content=\"Bot\u00f5es de punho em prata s\u00e3o a joia de excel\u00eancia para o homem. Perfeito para colocar o seu nome ou iniciais e personalizar o seu outfit elegantemente.\" \/>\n<meta property=\"og:url\" content=\"https:\/\/www.leitao-irmao.com\/en\/product\/botoes-de-punho-em-prata-modelo-bolacha-para-personalizar\/\" \/>\n<meta property=\"og:site_name\" content=\"Leit\u00e3o &amp; Irm\u00e3o\" \/>\n<meta property=\"article:modified_time\" content=\"2026-03-11T17:01:49+00:00\" \/>\n<meta property=\"og:image\" content=\"https:\/\/www.leitao-irmao.com\/wp-content\/uploads\/2024\/05\/0521143-Botoes-de-Punho-modelo-Bolacha-em-Prata.jpg\" \/>\n\t<meta property=\"og:image:width\" content=\"1080\" \/>\n\t<meta property=\"og:image:height\" content=\"1080\" \/>\n\t<meta property=\"og:image:type\" content=\"image\/jpeg\" \/>\n<meta name=\"twitter:card\" content=\"summary_large_image\" \/>\n<meta name=\"twitter:label1\" content=\"Estimated reading time\" \/>\n\t<meta name=\"twitter:data1\" content=\"1 minute\" \/>\n<script type=\"application\/ld+json\" class=\"yoast-schema-graph\">{\"@context\":\"https:\/\/schema.org\",\"@graph\":[{\"@type\":\"WebPage\",\"@id\":\"https:\/\/www.leitao-irmao.com\/product\/botoes-de-punho-em-prata-modelo-bolacha-para-personalizar\/\",\"url\":\"https:\/\/www.leitao-irmao.com\/product\/botoes-de-punho-em-prata-modelo-bolacha-para-personalizar\/\",\"name\":\"Bot\u00f5es de punho em prata para personalizar\",\"isPartOf\":{\"@id\":\"https:\/\/www.leitao-irmao.com\/#website\"},\"primaryImageOfPage\":{\"@id\":\"https:\/\/www.leitao-irmao.com\/product\/botoes-de-punho-em-prata-modelo-bolacha-para-personalizar\/#primaryimage\"},\"image\":{\"@id\":\"https:\/\/www.leitao-irmao.com\/product\/botoes-de-punho-em-prata-modelo-bolacha-para-personalizar\/#primaryimage\"},\"thumbnailUrl\":\"https:\/\/www.leitao-irmao.com\/wp-content\/uploads\/2024\/05\/0521143-Botoes-de-Punho-modelo-Bolacha-em-Prata.jpg\",\"datePublished\":\"2025-10-24T07:24:29+00:00\",\"dateModified\":\"2026-03-11T17:01:49+00:00\",\"description\":\"Bot\u00f5es de punho em prata s\u00e3o a joia de excel\u00eancia para o homem. Perfeito para colocar o seu nome ou iniciais e personalizar o seu outfit elegantemente.\",\"breadcrumb\":{\"@id\":\"https:\/\/www.leitao-irmao.com\/product\/botoes-de-punho-em-prata-modelo-bolacha-para-personalizar\/#breadcrumb\"},\"inLanguage\":\"en-GB\",\"potentialAction\":[{\"@type\":\"ReadAction\",\"target\":[\"https:\/\/www.leitao-irmao.com\/product\/botoes-de-punho-em-prata-modelo-bolacha-para-personalizar\/\"]}]},{\"@type\":\"ImageObject\",\"inLanguage\":\"en-GB\",\"@id\":\"https:\/\/www.leitao-irmao.com\/product\/botoes-de-punho-em-prata-modelo-bolacha-para-personalizar\/#primaryimage\",\"url\":\"https:\/\/www.leitao-irmao.com\/wp-content\/uploads\/2024\/05\/0521143-Botoes-de-Punho-modelo-Bolacha-em-Prata.jpg\",\"contentUrl\":\"https:\/\/www.leitao-irmao.com\/wp-content\/uploads\/2024\/05\/0521143-Botoes-de-Punho-modelo-Bolacha-em-Prata.jpg\",\"width\":1080,\"height\":1080,\"caption\":\"Bot\u00f5es de punho modelo bolacha em prata para personalizar com grava\u00e7\u00e3o da Leit\u00e3o & Irm\u00e3o\"},{\"@type\":\"BreadcrumbList\",\"@id\":\"https:\/\/www.leitao-irmao.com\/product\/botoes-de-punho-em-prata-modelo-bolacha-para-personalizar\/#breadcrumb\",\"itemListElement\":[{\"@type\":\"ListItem\",\"position\":1,\"name\":\"Home\",\"item\":\"https:\/\/www.leitao-irmao.com\/\"},{\"@type\":\"ListItem\",\"position\":2,\"name\":\"Products\",\"item\":\"https:\/\/www.leitao-irmao.com\/shop\/\"},{\"@type\":\"ListItem\",\"position\":3,\"name\":\"Bot\u00f5es de punho em prata modelo bolacha para personalizar\"}]},{\"@type\":\"WebSite\",\"@id\":\"https:\/\/www.leitao-irmao.com\/#website\",\"url\":\"https:\/\/www.leitao-irmao.com\/\",\"name\":\"Leit\u00e3o & Irm\u00e3o\",\"description\":\"Joalheiros desde 1822\",\"publisher\":{\"@id\":\"https:\/\/www.leitao-irmao.com\/#organization\"},\"potentialAction\":[{\"@type\":\"SearchAction\",\"target\":{\"@type\":\"EntryPoint\",\"urlTemplate\":\"https:\/\/www.leitao-irmao.com\/?s={search_term_string}\"},\"query-input\":{\"@type\":\"PropertyValueSpecification\",\"valueRequired\":true,\"valueName\":\"search_term_string\"}}],\"inLanguage\":\"en-GB\"},{\"@type\":\"Organization\",\"@id\":\"https:\/\/www.leitao-irmao.com\/#organization\",\"name\":\"Leit\u00e3o & Irm\u00e3o\",\"url\":\"https:\/\/www.leitao-irmao.com\/\",\"logo\":{\"@type\":\"ImageObject\",\"inLanguage\":\"en-GB\",\"@id\":\"https:\/\/www.leitao-irmao.com\/#\/schema\/logo\/image\/\",\"url\":\"https:\/\/www.leitao-irmao.com\/wp-content\/uploads\/2022\/11\/leitaoirmao-logo.png\",\"contentUrl\":\"https:\/\/www.leitao-irmao.com\/wp-content\/uploads\/2022\/11\/leitaoirmao-logo.png\",\"width\":426,\"height\":89,\"caption\":\"Leit\u00e3o & Irm\u00e3o\"},\"image\":{\"@id\":\"https:\/\/www.leitao-irmao.com\/#\/schema\/logo\/image\/\"}}]}<\/script>\n<!-- \/ Yoast SEO plugin. -->","yoast_head_json":{"title":"Bot\u00f5es de punho em prata para personalizar","description":"Bot\u00f5es de punho em prata s\u00e3o a joia de excel\u00eancia para o homem. Perfeito para colocar o seu nome ou iniciais e personalizar o seu outfit elegantemente.","robots":{"index":"index","follow":"follow","max-snippet":"max-snippet:-1","max-image-preview":"max-image-preview:large","max-video-preview":"max-video-preview:-1"},"canonical":"https:\/\/www.leitao-irmao.com\/en\/product\/botoes-de-punho-em-prata-modelo-bolacha-para-personalizar\/","og_locale":"en_GB","og_type":"article","og_title":"Bot\u00f5es de punho em prata para personalizar","og_description":"Bot\u00f5es de punho em prata s\u00e3o a joia de excel\u00eancia para o homem. Perfeito para colocar o seu nome ou iniciais e personalizar o seu outfit elegantemente.","og_url":"https:\/\/www.leitao-irmao.com\/en\/product\/botoes-de-punho-em-prata-modelo-bolacha-para-personalizar\/","og_site_name":"Leit\u00e3o &amp; Irm\u00e3o","article_modified_time":"2026-03-11T17:01:49+00:00","og_image":[{"width":1080,"height":1080,"url":"https:\/\/www.leitao-irmao.com\/wp-content\/uploads\/2024\/05\/0521143-Botoes-de-Punho-modelo-Bolacha-em-Prata.jpg","type":"image\/jpeg"}],"twitter_card":"summary_large_image","twitter_misc":{"Estimated reading time":"1 minute"},"schema":{"@context":"https:\/\/schema.org","@graph":[{"@type":"WebPage","@id":"https:\/\/www.leitao-irmao.com\/product\/botoes-de-punho-em-prata-modelo-bolacha-para-personalizar\/","url":"https:\/\/www.leitao-irmao.com\/product\/botoes-de-punho-em-prata-modelo-bolacha-para-personalizar\/","name":"Bot\u00f5es de punho em prata para personalizar","isPartOf":{"@id":"https:\/\/www.leitao-irmao.com\/#website"},"primaryImageOfPage":{"@id":"https:\/\/www.leitao-irmao.com\/product\/botoes-de-punho-em-prata-modelo-bolacha-para-personalizar\/#primaryimage"},"image":{"@id":"https:\/\/www.leitao-irmao.com\/product\/botoes-de-punho-em-prata-modelo-bolacha-para-personalizar\/#primaryimage"},"thumbnailUrl":"https:\/\/www.leitao-irmao.com\/wp-content\/uploads\/2024\/05\/0521143-Botoes-de-Punho-modelo-Bolacha-em-Prata.jpg","datePublished":"2025-10-24T07:24:29+00:00","dateModified":"2026-03-11T17:01:49+00:00","description":"Bot\u00f5es de punho em prata s\u00e3o a joia de excel\u00eancia para o homem. Perfeito para colocar o seu nome ou iniciais e personalizar o seu outfit elegantemente.","breadcrumb":{"@id":"https:\/\/www.leitao-irmao.com\/product\/botoes-de-punho-em-prata-modelo-bolacha-para-personalizar\/#breadcrumb"},"inLanguage":"en-GB","potentialAction":[{"@type":"ReadAction","target":["https:\/\/www.leitao-irmao.com\/product\/botoes-de-punho-em-prata-modelo-bolacha-para-personalizar\/"]}]},{"@type":"ImageObject","inLanguage":"en-GB","@id":"https:\/\/www.leitao-irmao.com\/product\/botoes-de-punho-em-prata-modelo-bolacha-para-personalizar\/#primaryimage","url":"https:\/\/www.leitao-irmao.com\/wp-content\/uploads\/2024\/05\/0521143-Botoes-de-Punho-modelo-Bolacha-em-Prata.jpg","contentUrl":"https:\/\/www.leitao-irmao.com\/wp-content\/uploads\/2024\/05\/0521143-Botoes-de-Punho-modelo-Bolacha-em-Prata.jpg","width":1080,"height":1080,"caption":"Bot\u00f5es de punho modelo bolacha em prata para personalizar com grava\u00e7\u00e3o da Leit\u00e3o & Irm\u00e3o"},{"@type":"BreadcrumbList","@id":"https:\/\/www.leitao-irmao.com\/product\/botoes-de-punho-em-prata-modelo-bolacha-para-personalizar\/#breadcrumb","itemListElement":[{"@type":"ListItem","position":1,"name":"Home","item":"https:\/\/www.leitao-irmao.com\/"},{"@type":"ListItem","position":2,"name":"Products","item":"https:\/\/www.leitao-irmao.com\/shop\/"},{"@type":"ListItem","position":3,"name":"Bot\u00f5es de punho em prata modelo bolacha para personalizar"}]},{"@type":"WebSite","@id":"https:\/\/www.leitao-irmao.com\/#website","url":"https:\/\/www.leitao-irmao.com\/","name":"Leit\u00e3o & Irm\u00e3o","description":"Joalheiros desde 1822","publisher":{"@id":"https:\/\/www.leitao-irmao.com\/#organization"},"potentialAction":[{"@type":"SearchAction","target":{"@type":"EntryPoint","urlTemplate":"https:\/\/www.leitao-irmao.com\/?s={search_term_string}"},"query-input":{"@type":"PropertyValueSpecification","valueRequired":true,"valueName":"search_term_string"}}],"inLanguage":"en-GB"},{"@type":"Organization","@id":"https:\/\/www.leitao-irmao.com\/#organization","name":"Leit\u00e3o & Irm\u00e3o","url":"https:\/\/www.leitao-irmao.com\/","logo":{"@type":"ImageObject","inLanguage":"en-GB","@id":"https:\/\/www.leitao-irmao.com\/#\/schema\/logo\/image\/","url":"https:\/\/www.leitao-irmao.com\/wp-content\/uploads\/2022\/11\/leitaoirmao-logo.png","contentUrl":"https:\/\/www.leitao-irmao.com\/wp-content\/uploads\/2022\/11\/leitaoirmao-logo.png","width":426,"height":89,"caption":"Leit\u00e3o & Irm\u00e3o"},"image":{"@id":"https:\/\/www.leitao-irmao.com\/#\/schema\/logo\/image\/"}}]}},"_links":{"self":[{"href":"https:\/\/www.leitao-irmao.com\/en\/wp-json\/wp\/v2\/product\/24284","targetHints":{"allow":["GET"]}}],"collection":[{"href":"https:\/\/www.leitao-irmao.com\/en\/wp-json\/wp\/v2\/product"}],"about":[{"href":"https:\/\/www.leitao-irmao.com\/en\/wp-json\/wp\/v2\/types\/product"}],"version-history":[{"count":1,"href":"https:\/\/www.leitao-irmao.com\/en\/wp-json\/wp\/v2\/product\/24284\/revisions"}],"predecessor-version":[{"id":34244,"href":"https:\/\/www.leitao-irmao.com\/en\/wp-json\/wp\/v2\/product\/24284\/revisions\/34244"}],"wp:featuredmedia":[{"embeddable":true,"href":"https:\/\/www.leitao-irmao.com\/en\/wp-json\/wp\/v2\/media\/24285"}],"wp:attachment":[{"href":"https:\/\/www.leitao-irmao.com\/en\/wp-json\/wp\/v2\/media?parent=24284"}],"wp:term":[{"taxonomy":"product_brand","embeddable":true,"href":"https:\/\/www.leitao-irmao.com\/en\/wp-json\/wp\/v2\/product_brand?post=24284"},{"taxonomy":"product_cat","embeddable":true,"href":"https:\/\/www.leitao-irmao.com\/en\/wp-json\/wp\/v2\/product_cat?post=24284"},{"taxonomy":"product_tag","embeddable":true,"href":"https:\/\/www.leitao-irmao.com\/en\/wp-json\/wp\/v2\/product_tag?post=24284"}],"curies":[{"name":"wp","href":"https:\/\/api.w.org\/{rel}","templated":true}]}}