{"id":24477,"date":"2024-05-15T10:04:35","date_gmt":"2024-05-15T10:04:35","guid":{"rendered":"https:\/\/www.leitao-irmao.com\/?post_type=product&#038;p=24477"},"modified":"2026-01-06T18:19:46","modified_gmt":"2026-01-06T18:19:46","slug":"medalha-da-luz-com-fio-em-ouro","status":"publish","type":"product","link":"https:\/\/www.leitao-irmao.com\/en\/product\/medalha-da-luz-com-fio-em-ouro\/","title":{"rendered":"Medal of Light with gold thread - Our Lady of Fatima"},"content":{"rendered":"","protected":false},"excerpt":{"rendered":"<p>Discover the <strong>medal of light with thread<\/strong> in gold by Leit\u00e3o &amp; Irm\u00e3o. A piece with a touching representation of faith, devotion and spiritual union. A piece that honors simplicity and sincerity.<\/p>\n<p>Wire with sun charm.<\/p>\n<p>&nbsp;<\/p>","protected":false},"featured_media":24485,"template":"","meta":{"_acf_changed":false},"product_brand":[],"product_cat":[483,84,676,79,141,140,126,496],"product_tag":[277,278,271,279],"class_list":{"0":"post-24477","1":"product","2":"type-product","3":"status-publish","4":"has-post-thumbnail","6":"product_cat-artigos-religiosos-joalharia-portuguesa","7":"product_cat-fios-e-colares-joalharia-portuguesa-leitao-irmao","8":"product_cat-gift-selection","9":"product_cat-joalharia","10":"product_cat-para-ela","11":"product_cat-para-ele","12":"product_cat-presentes-entre-2500e-a-5000e","13":"product_cat-sem-desconto","14":"product_tag-homem","15":"product_tag-mulher","16":"product_tag-ouro","17":"product_tag-unissexo","19":"first","20":"onbackorder","21":"shipping-taxable","22":"purchasable","23":"product-type-simple"},"acf":[],"yoast_head":"<!-- This site is optimized with the Yoast SEO plugin v25.4 - https:\/\/yoast.com\/wordpress\/plugins\/seo\/ -->\n<title>medalha em ouro com fio em ouro<\/title>\n<meta name=\"description\" content=\"Descubra a medalha da luz com fio em ouro da Leit\u00e3o &amp; Irm\u00e3o. Um pe\u00e7a com uma representa\u00e7\u00e3o tocante da f\u00e9, devo\u00e7\u00e3o e uni\u00e3o espiritual.\" \/>\n<meta name=\"robots\" content=\"index, follow, max-snippet:-1, max-image-preview:large, max-video-preview:-1\" \/>\n<link rel=\"canonical\" href=\"https:\/\/www.leitao-irmao.com\/en\/product\/medalha-da-luz-com-fio-em-ouro\/\" \/>\n<meta property=\"og:locale\" content=\"en_GB\" \/>\n<meta property=\"og:type\" content=\"article\" \/>\n<meta property=\"og:title\" content=\"medalha em ouro com fio em ouro\" \/>\n<meta property=\"og:description\" content=\"Descubra a medalha da luz com fio em ouro da Leit\u00e3o &amp; Irm\u00e3o. Um pe\u00e7a com uma representa\u00e7\u00e3o tocante da f\u00e9, devo\u00e7\u00e3o e uni\u00e3o espiritual.\" \/>\n<meta property=\"og:url\" content=\"https:\/\/www.leitao-irmao.com\/en\/product\/medalha-da-luz-com-fio-em-ouro\/\" \/>\n<meta property=\"og:site_name\" content=\"Leit\u00e3o &amp; Irm\u00e3o\" \/>\n<meta property=\"article:modified_time\" content=\"2026-01-06T18:19:46+00:00\" \/>\n<meta property=\"og:image\" content=\"https:\/\/www.leitao-irmao.com\/wp-content\/uploads\/2024\/05\/medalha_luz_ouro_pormenor.jpg\" \/>\n\t<meta property=\"og:image:width\" content=\"1080\" \/>\n\t<meta property=\"og:image:height\" content=\"1080\" \/>\n\t<meta property=\"og:image:type\" content=\"image\/jpeg\" \/>\n<meta name=\"twitter:card\" content=\"summary_large_image\" \/>\n<meta name=\"twitter:label1\" content=\"Estimated reading time\" \/>\n\t<meta name=\"twitter:data1\" content=\"1 minute\" \/>\n<script type=\"application\/ld+json\" class=\"yoast-schema-graph\">{\"@context\":\"https:\/\/schema.org\",\"@graph\":[{\"@type\":\"WebPage\",\"@id\":\"https:\/\/www.leitao-irmao.com\/product\/medalha-da-luz-com-fio-em-ouro\/\",\"url\":\"https:\/\/www.leitao-irmao.com\/product\/medalha-da-luz-com-fio-em-ouro\/\",\"name\":\"medalha em ouro com fio em ouro\",\"isPartOf\":{\"@id\":\"https:\/\/www.leitao-irmao.com\/#website\"},\"primaryImageOfPage\":{\"@id\":\"https:\/\/www.leitao-irmao.com\/product\/medalha-da-luz-com-fio-em-ouro\/#primaryimage\"},\"image\":{\"@id\":\"https:\/\/www.leitao-irmao.com\/product\/medalha-da-luz-com-fio-em-ouro\/#primaryimage\"},\"thumbnailUrl\":\"https:\/\/www.leitao-irmao.com\/wp-content\/uploads\/2024\/05\/medalha_luz_ouro_pormenor.jpg\",\"datePublished\":\"2024-05-15T10:04:35+00:00\",\"dateModified\":\"2026-01-06T18:19:46+00:00\",\"description\":\"Descubra a medalha da luz com fio em ouro da Leit\u00e3o & Irm\u00e3o. Um pe\u00e7a com uma representa\u00e7\u00e3o tocante da f\u00e9, devo\u00e7\u00e3o e uni\u00e3o espiritual.\",\"breadcrumb\":{\"@id\":\"https:\/\/www.leitao-irmao.com\/product\/medalha-da-luz-com-fio-em-ouro\/#breadcrumb\"},\"inLanguage\":\"en-GB\",\"potentialAction\":[{\"@type\":\"ReadAction\",\"target\":[\"https:\/\/www.leitao-irmao.com\/product\/medalha-da-luz-com-fio-em-ouro\/\"]}]},{\"@type\":\"ImageObject\",\"inLanguage\":\"en-GB\",\"@id\":\"https:\/\/www.leitao-irmao.com\/product\/medalha-da-luz-com-fio-em-ouro\/#primaryimage\",\"url\":\"https:\/\/www.leitao-irmao.com\/wp-content\/uploads\/2024\/05\/medalha_luz_ouro_pormenor.jpg\",\"contentUrl\":\"https:\/\/www.leitao-irmao.com\/wp-content\/uploads\/2024\/05\/medalha_luz_ouro_pormenor.jpg\",\"width\":1080,\"height\":1080,\"caption\":\"Medalha da luz com fio Nossa Senhora de F\u00e1tima em ouro e diamantes da Leit\u00e3o & Irm\u00e3o\"},{\"@type\":\"BreadcrumbList\",\"@id\":\"https:\/\/www.leitao-irmao.com\/product\/medalha-da-luz-com-fio-em-ouro\/#breadcrumb\",\"itemListElement\":[{\"@type\":\"ListItem\",\"position\":1,\"name\":\"Home\",\"item\":\"https:\/\/www.leitao-irmao.com\/\"},{\"@type\":\"ListItem\",\"position\":2,\"name\":\"Products\",\"item\":\"https:\/\/www.leitao-irmao.com\/shop\/\"},{\"@type\":\"ListItem\",\"position\":3,\"name\":\"Medalha da Luz com fio em ouro &#8211; Nossa Senhora de F\u00e1tima\"}]},{\"@type\":\"WebSite\",\"@id\":\"https:\/\/www.leitao-irmao.com\/#website\",\"url\":\"https:\/\/www.leitao-irmao.com\/\",\"name\":\"Leit\u00e3o & Irm\u00e3o\",\"description\":\"Joalheiros desde 1822\",\"publisher\":{\"@id\":\"https:\/\/www.leitao-irmao.com\/#organization\"},\"potentialAction\":[{\"@type\":\"SearchAction\",\"target\":{\"@type\":\"EntryPoint\",\"urlTemplate\":\"https:\/\/www.leitao-irmao.com\/?s={search_term_string}\"},\"query-input\":{\"@type\":\"PropertyValueSpecification\",\"valueRequired\":true,\"valueName\":\"search_term_string\"}}],\"inLanguage\":\"en-GB\"},{\"@type\":\"Organization\",\"@id\":\"https:\/\/www.leitao-irmao.com\/#organization\",\"name\":\"Leit\u00e3o & Irm\u00e3o\",\"url\":\"https:\/\/www.leitao-irmao.com\/\",\"logo\":{\"@type\":\"ImageObject\",\"inLanguage\":\"en-GB\",\"@id\":\"https:\/\/www.leitao-irmao.com\/#\/schema\/logo\/image\/\",\"url\":\"https:\/\/www.leitao-irmao.com\/wp-content\/uploads\/2022\/11\/leitaoirmao-logo.png\",\"contentUrl\":\"https:\/\/www.leitao-irmao.com\/wp-content\/uploads\/2022\/11\/leitaoirmao-logo.png\",\"width\":426,\"height\":89,\"caption\":\"Leit\u00e3o & Irm\u00e3o\"},\"image\":{\"@id\":\"https:\/\/www.leitao-irmao.com\/#\/schema\/logo\/image\/\"}}]}<\/script>\n<!-- \/ Yoast SEO plugin. -->","yoast_head_json":{"title":"medalha em ouro com fio em ouro","description":"Descubra a medalha da luz com fio em ouro da Leit\u00e3o & Irm\u00e3o. Um pe\u00e7a com uma representa\u00e7\u00e3o tocante da f\u00e9, devo\u00e7\u00e3o e uni\u00e3o espiritual.","robots":{"index":"index","follow":"follow","max-snippet":"max-snippet:-1","max-image-preview":"max-image-preview:large","max-video-preview":"max-video-preview:-1"},"canonical":"https:\/\/www.leitao-irmao.com\/en\/product\/medalha-da-luz-com-fio-em-ouro\/","og_locale":"en_GB","og_type":"article","og_title":"medalha em ouro com fio em ouro","og_description":"Descubra a medalha da luz com fio em ouro da Leit\u00e3o & Irm\u00e3o. Um pe\u00e7a com uma representa\u00e7\u00e3o tocante da f\u00e9, devo\u00e7\u00e3o e uni\u00e3o espiritual.","og_url":"https:\/\/www.leitao-irmao.com\/en\/product\/medalha-da-luz-com-fio-em-ouro\/","og_site_name":"Leit\u00e3o &amp; Irm\u00e3o","article_modified_time":"2026-01-06T18:19:46+00:00","og_image":[{"width":1080,"height":1080,"url":"https:\/\/www.leitao-irmao.com\/wp-content\/uploads\/2024\/05\/medalha_luz_ouro_pormenor.jpg","type":"image\/jpeg"}],"twitter_card":"summary_large_image","twitter_misc":{"Estimated reading time":"1 minute"},"schema":{"@context":"https:\/\/schema.org","@graph":[{"@type":"WebPage","@id":"https:\/\/www.leitao-irmao.com\/product\/medalha-da-luz-com-fio-em-ouro\/","url":"https:\/\/www.leitao-irmao.com\/product\/medalha-da-luz-com-fio-em-ouro\/","name":"medalha em ouro com fio em ouro","isPartOf":{"@id":"https:\/\/www.leitao-irmao.com\/#website"},"primaryImageOfPage":{"@id":"https:\/\/www.leitao-irmao.com\/product\/medalha-da-luz-com-fio-em-ouro\/#primaryimage"},"image":{"@id":"https:\/\/www.leitao-irmao.com\/product\/medalha-da-luz-com-fio-em-ouro\/#primaryimage"},"thumbnailUrl":"https:\/\/www.leitao-irmao.com\/wp-content\/uploads\/2024\/05\/medalha_luz_ouro_pormenor.jpg","datePublished":"2024-05-15T10:04:35+00:00","dateModified":"2026-01-06T18:19:46+00:00","description":"Descubra a medalha da luz com fio em ouro da Leit\u00e3o & Irm\u00e3o. Um pe\u00e7a com uma representa\u00e7\u00e3o tocante da f\u00e9, devo\u00e7\u00e3o e uni\u00e3o espiritual.","breadcrumb":{"@id":"https:\/\/www.leitao-irmao.com\/product\/medalha-da-luz-com-fio-em-ouro\/#breadcrumb"},"inLanguage":"en-GB","potentialAction":[{"@type":"ReadAction","target":["https:\/\/www.leitao-irmao.com\/product\/medalha-da-luz-com-fio-em-ouro\/"]}]},{"@type":"ImageObject","inLanguage":"en-GB","@id":"https:\/\/www.leitao-irmao.com\/product\/medalha-da-luz-com-fio-em-ouro\/#primaryimage","url":"https:\/\/www.leitao-irmao.com\/wp-content\/uploads\/2024\/05\/medalha_luz_ouro_pormenor.jpg","contentUrl":"https:\/\/www.leitao-irmao.com\/wp-content\/uploads\/2024\/05\/medalha_luz_ouro_pormenor.jpg","width":1080,"height":1080,"caption":"Medalha da luz com fio Nossa Senhora de F\u00e1tima em ouro e diamantes da Leit\u00e3o & Irm\u00e3o"},{"@type":"BreadcrumbList","@id":"https:\/\/www.leitao-irmao.com\/product\/medalha-da-luz-com-fio-em-ouro\/#breadcrumb","itemListElement":[{"@type":"ListItem","position":1,"name":"Home","item":"https:\/\/www.leitao-irmao.com\/"},{"@type":"ListItem","position":2,"name":"Products","item":"https:\/\/www.leitao-irmao.com\/shop\/"},{"@type":"ListItem","position":3,"name":"Medalha da Luz com fio em ouro &#8211; Nossa Senhora de F\u00e1tima"}]},{"@type":"WebSite","@id":"https:\/\/www.leitao-irmao.com\/#website","url":"https:\/\/www.leitao-irmao.com\/","name":"Leit\u00e3o & Irm\u00e3o","description":"Joalheiros desde 1822","publisher":{"@id":"https:\/\/www.leitao-irmao.com\/#organization"},"potentialAction":[{"@type":"SearchAction","target":{"@type":"EntryPoint","urlTemplate":"https:\/\/www.leitao-irmao.com\/?s={search_term_string}"},"query-input":{"@type":"PropertyValueSpecification","valueRequired":true,"valueName":"search_term_string"}}],"inLanguage":"en-GB"},{"@type":"Organization","@id":"https:\/\/www.leitao-irmao.com\/#organization","name":"Leit\u00e3o & Irm\u00e3o","url":"https:\/\/www.leitao-irmao.com\/","logo":{"@type":"ImageObject","inLanguage":"en-GB","@id":"https:\/\/www.leitao-irmao.com\/#\/schema\/logo\/image\/","url":"https:\/\/www.leitao-irmao.com\/wp-content\/uploads\/2022\/11\/leitaoirmao-logo.png","contentUrl":"https:\/\/www.leitao-irmao.com\/wp-content\/uploads\/2022\/11\/leitaoirmao-logo.png","width":426,"height":89,"caption":"Leit\u00e3o & Irm\u00e3o"},"image":{"@id":"https:\/\/www.leitao-irmao.com\/#\/schema\/logo\/image\/"}}]}},"_links":{"self":[{"href":"https:\/\/www.leitao-irmao.com\/en\/wp-json\/wp\/v2\/product\/24477","targetHints":{"allow":["GET"]}}],"collection":[{"href":"https:\/\/www.leitao-irmao.com\/en\/wp-json\/wp\/v2\/product"}],"about":[{"href":"https:\/\/www.leitao-irmao.com\/en\/wp-json\/wp\/v2\/types\/product"}],"version-history":[{"count":1,"href":"https:\/\/www.leitao-irmao.com\/en\/wp-json\/wp\/v2\/product\/24477\/revisions"}],"predecessor-version":[{"id":34163,"href":"https:\/\/www.leitao-irmao.com\/en\/wp-json\/wp\/v2\/product\/24477\/revisions\/34163"}],"wp:featuredmedia":[{"embeddable":true,"href":"https:\/\/www.leitao-irmao.com\/en\/wp-json\/wp\/v2\/media\/24485"}],"wp:attachment":[{"href":"https:\/\/www.leitao-irmao.com\/en\/wp-json\/wp\/v2\/media?parent=24477"}],"wp:term":[{"taxonomy":"product_brand","embeddable":true,"href":"https:\/\/www.leitao-irmao.com\/en\/wp-json\/wp\/v2\/product_brand?post=24477"},{"taxonomy":"product_cat","embeddable":true,"href":"https:\/\/www.leitao-irmao.com\/en\/wp-json\/wp\/v2\/product_cat?post=24477"},{"taxonomy":"product_tag","embeddable":true,"href":"https:\/\/www.leitao-irmao.com\/en\/wp-json\/wp\/v2\/product_tag?post=24477"}],"curies":[{"name":"wp","href":"https:\/\/api.w.org\/{rel}","templated":true}]}}