{"id":24703,"date":"2024-05-20T09:00:07","date_gmt":"2024-05-20T09:00:07","guid":{"rendered":"https:\/\/www.leitao-irmao.com\/?post_type=product&#038;p=24703"},"modified":"2026-02-12T17:27:08","modified_gmt":"2026-02-12T17:27:08","slug":"chapa-de-letra-para-pulseira-bee-em-ouro-e-diamantes-by-debora-montenegro","status":"publish","type":"product","link":"https:\/\/www.leitao-irmao.com\/en\/product\/chapa-de-letra-para-pulseira-bee-em-ouro-e-diamantes-by-debora-montenegro\/","title":{"rendered":"Letter plate for Be(e) bracelet in gold and diamonds by D\u00e9bora Montenegro"},"content":{"rendered":"","protected":false},"excerpt":{"rendered":"<p>The Be(e) bracelet is a piece of jewelry that celebrates the beauty, elegance and hard work of bees. Representing their importance in the ecosystem, with their traveling spirit they travel great distances and always find their way back. Showing that just as bees turn nectar into honey, we can transform life's simple moments into something extraordinary.<\/p>\n<p>Each piece of the Bee Edition is meticulously crafted in gold and adorned with rubies and diamonds, reflecting sunlight much like the wings of bees.<\/p>\n<p><strong>Piece made exclusively for the Be(e) bracelet in gold and diamonds by D\u00e9bora Montenegro.<\/strong><\/p>\n<p>This jewel belongs to the D\u00e9bora Montenegro x Leit\u00e3o &amp; Irm\u00e3o <a href=\"https:\/\/www.leitao-irmao.com\/en\/colecoes\/find-your-star-by-debora-montenegro\/\"><em>D\u00e9bora Montenegro x Leit\u00e3o &amp; Irm\u00e3o<\/em><\/a><\/p>","protected":false},"featured_media":24919,"template":"","meta":{"_acf_changed":false},"product_brand":[],"product_cat":[224,79,141,124,87,496],"product_tag":[275,278,323,271],"class_list":{"0":"post-24703","1":"product","2":"type-product","3":"status-publish","4":"has-post-thumbnail","6":"product_cat-find-your-star-by-debora-montenegro","7":"product_cat-joalharia","8":"product_cat-para-ela","9":"product_cat-presentes-entre-500e-a-1000e","10":"product_cat-pulseiras","11":"product_cat-sem-desconto","12":"product_tag-diamantes","13":"product_tag-mulher","14":"product_tag-novidades","15":"product_tag-ouro","17":"first","18":"onbackorder","19":"shipping-taxable","20":"purchasable","21":"product-type-variable"},"acf":[],"yoast_head":"<!-- This site is optimized with the Yoast SEO plugin v25.4 - https:\/\/yoast.com\/wordpress\/plugins\/seo\/ -->\n<title>Chapa de Letra para Pulseira Be(e) em ouro e diamantes by D\u00e9bora Montenegro | Leit\u00e3o &amp; Irm\u00e3o<\/title>\n<meta name=\"description\" content=\"Pulseira Be(e) da cole\u00e7\u00e3o D\u00e9bora Montenegro x Leit\u00e3o &amp; Irm\u00e3o. Uma celebra\u00e7\u00e3o da beleza, eleg\u00e2ncia e do trabalho \u00e1rduo das abelhas.\" \/>\n<meta name=\"robots\" content=\"index, follow, max-snippet:-1, max-image-preview:large, max-video-preview:-1\" \/>\n<link rel=\"canonical\" href=\"https:\/\/www.leitao-irmao.com\/en\/product\/chapa-de-letra-para-pulseira-bee-em-ouro-e-diamantes-by-debora-montenegro\/\" \/>\n<meta property=\"og:locale\" content=\"en_GB\" \/>\n<meta property=\"og:type\" content=\"article\" \/>\n<meta property=\"og:title\" content=\"Chapa de Letra para Pulseira Be(e) em ouro e diamantes by D\u00e9bora Montenegro | Leit\u00e3o &amp; Irm\u00e3o\" \/>\n<meta property=\"og:description\" content=\"Pulseira Be(e) da cole\u00e7\u00e3o D\u00e9bora Montenegro x Leit\u00e3o &amp; Irm\u00e3o. Uma celebra\u00e7\u00e3o da beleza, eleg\u00e2ncia e do trabalho \u00e1rduo das abelhas.\" \/>\n<meta property=\"og:url\" content=\"https:\/\/www.leitao-irmao.com\/en\/product\/chapa-de-letra-para-pulseira-bee-em-ouro-e-diamantes-by-debora-montenegro\/\" \/>\n<meta property=\"og:site_name\" content=\"Leit\u00e3o &amp; Irm\u00e3o\" \/>\n<meta property=\"article:modified_time\" content=\"2026-02-12T17:27:08+00:00\" \/>\n<meta property=\"og:image\" content=\"https:\/\/www.leitao-irmao.com\/wp-content\/uploads\/2024\/05\/Letras-fundo-site-1.jpg\" \/>\n\t<meta property=\"og:image:width\" content=\"1920\" \/>\n\t<meta property=\"og:image:height\" content=\"1920\" \/>\n\t<meta property=\"og:image:type\" content=\"image\/jpeg\" \/>\n<meta name=\"twitter:card\" content=\"summary_large_image\" \/>\n<meta name=\"twitter:label1\" content=\"Estimated reading time\" \/>\n\t<meta name=\"twitter:data1\" content=\"1 minute\" \/>\n<script type=\"application\/ld+json\" class=\"yoast-schema-graph\">{\"@context\":\"https:\/\/schema.org\",\"@graph\":[{\"@type\":\"WebPage\",\"@id\":\"https:\/\/www.leitao-irmao.com\/en\/product\/chapa-de-letra-para-pulseira-bee-em-ouro-e-diamantes-by-debora-montenegro\/\",\"url\":\"https:\/\/www.leitao-irmao.com\/en\/product\/chapa-de-letra-para-pulseira-bee-em-ouro-e-diamantes-by-debora-montenegro\/\",\"name\":\"Chapa de Letra para Pulseira Be(e) em ouro e diamantes by D\u00e9bora Montenegro | Leit\u00e3o &amp; Irm\u00e3o\",\"isPartOf\":{\"@id\":\"https:\/\/www.leitao-irmao.com\/#website\"},\"primaryImageOfPage\":{\"@id\":\"https:\/\/www.leitao-irmao.com\/en\/product\/chapa-de-letra-para-pulseira-bee-em-ouro-e-diamantes-by-debora-montenegro\/#primaryimage\"},\"image\":{\"@id\":\"https:\/\/www.leitao-irmao.com\/en\/product\/chapa-de-letra-para-pulseira-bee-em-ouro-e-diamantes-by-debora-montenegro\/#primaryimage\"},\"thumbnailUrl\":\"https:\/\/www.leitao-irmao.com\/wp-content\/uploads\/2024\/05\/Letras-fundo-site-1.jpg\",\"datePublished\":\"2024-05-20T09:00:07+00:00\",\"dateModified\":\"2026-02-12T17:27:08+00:00\",\"description\":\"Pulseira Be(e) da cole\u00e7\u00e3o D\u00e9bora Montenegro x Leit\u00e3o & Irm\u00e3o. Uma celebra\u00e7\u00e3o da beleza, eleg\u00e2ncia e do trabalho \u00e1rduo das abelhas.\",\"breadcrumb\":{\"@id\":\"https:\/\/www.leitao-irmao.com\/en\/product\/chapa-de-letra-para-pulseira-bee-em-ouro-e-diamantes-by-debora-montenegro\/#breadcrumb\"},\"inLanguage\":\"en-GB\",\"potentialAction\":[{\"@type\":\"ReadAction\",\"target\":[\"https:\/\/www.leitao-irmao.com\/en\/product\/chapa-de-letra-para-pulseira-bee-em-ouro-e-diamantes-by-debora-montenegro\/\"]}]},{\"@type\":\"ImageObject\",\"inLanguage\":\"en-GB\",\"@id\":\"https:\/\/www.leitao-irmao.com\/en\/product\/chapa-de-letra-para-pulseira-bee-em-ouro-e-diamantes-by-debora-montenegro\/#primaryimage\",\"url\":\"https:\/\/www.leitao-irmao.com\/wp-content\/uploads\/2024\/05\/Letras-fundo-site-1.jpg\",\"contentUrl\":\"https:\/\/www.leitao-irmao.com\/wp-content\/uploads\/2024\/05\/Letras-fundo-site-1.jpg\",\"width\":1920,\"height\":1920,\"caption\":\"Chapa de letra para a pulseira Bee em ouro e diamantes da Leit\u00e3o & Irm\u00e3o x D\u00e9bora Montenegro\"},{\"@type\":\"BreadcrumbList\",\"@id\":\"https:\/\/www.leitao-irmao.com\/en\/product\/chapa-de-letra-para-pulseira-bee-em-ouro-e-diamantes-by-debora-montenegro\/#breadcrumb\",\"itemListElement\":[{\"@type\":\"ListItem\",\"position\":1,\"name\":\"Home\",\"item\":\"https:\/\/www.leitao-irmao.com\/\"},{\"@type\":\"ListItem\",\"position\":2,\"name\":\"Products\",\"item\":\"https:\/\/www.leitao-irmao.com\/shop\/\"},{\"@type\":\"ListItem\",\"position\":3,\"name\":\"Chapa de Letra para Pulseira Be(e) em ouro e diamantes by D\u00e9bora Montenegro\"}]},{\"@type\":\"WebSite\",\"@id\":\"https:\/\/www.leitao-irmao.com\/#website\",\"url\":\"https:\/\/www.leitao-irmao.com\/\",\"name\":\"Leit\u00e3o & Irm\u00e3o\",\"description\":\"Joalheiros desde 1822\",\"publisher\":{\"@id\":\"https:\/\/www.leitao-irmao.com\/#organization\"},\"potentialAction\":[{\"@type\":\"SearchAction\",\"target\":{\"@type\":\"EntryPoint\",\"urlTemplate\":\"https:\/\/www.leitao-irmao.com\/?s={search_term_string}\"},\"query-input\":{\"@type\":\"PropertyValueSpecification\",\"valueRequired\":true,\"valueName\":\"search_term_string\"}}],\"inLanguage\":\"en-GB\"},{\"@type\":\"Organization\",\"@id\":\"https:\/\/www.leitao-irmao.com\/#organization\",\"name\":\"Leit\u00e3o & Irm\u00e3o\",\"url\":\"https:\/\/www.leitao-irmao.com\/\",\"logo\":{\"@type\":\"ImageObject\",\"inLanguage\":\"en-GB\",\"@id\":\"https:\/\/www.leitao-irmao.com\/#\/schema\/logo\/image\/\",\"url\":\"https:\/\/www.leitao-irmao.com\/wp-content\/uploads\/2022\/11\/leitaoirmao-logo.png\",\"contentUrl\":\"https:\/\/www.leitao-irmao.com\/wp-content\/uploads\/2022\/11\/leitaoirmao-logo.png\",\"width\":426,\"height\":89,\"caption\":\"Leit\u00e3o & Irm\u00e3o\"},\"image\":{\"@id\":\"https:\/\/www.leitao-irmao.com\/#\/schema\/logo\/image\/\"}}]}<\/script>\n<!-- \/ Yoast SEO plugin. -->","yoast_head_json":{"title":"Chapa de Letra para Pulseira Be(e) em ouro e diamantes by D\u00e9bora Montenegro | Leit\u00e3o &amp; Irm\u00e3o","description":"Pulseira Be(e) da cole\u00e7\u00e3o D\u00e9bora Montenegro x Leit\u00e3o & Irm\u00e3o. Uma celebra\u00e7\u00e3o da beleza, eleg\u00e2ncia e do trabalho \u00e1rduo das abelhas.","robots":{"index":"index","follow":"follow","max-snippet":"max-snippet:-1","max-image-preview":"max-image-preview:large","max-video-preview":"max-video-preview:-1"},"canonical":"https:\/\/www.leitao-irmao.com\/en\/product\/chapa-de-letra-para-pulseira-bee-em-ouro-e-diamantes-by-debora-montenegro\/","og_locale":"en_GB","og_type":"article","og_title":"Chapa de Letra para Pulseira Be(e) em ouro e diamantes by D\u00e9bora Montenegro | Leit\u00e3o &amp; Irm\u00e3o","og_description":"Pulseira Be(e) da cole\u00e7\u00e3o D\u00e9bora Montenegro x Leit\u00e3o & Irm\u00e3o. Uma celebra\u00e7\u00e3o da beleza, eleg\u00e2ncia e do trabalho \u00e1rduo das abelhas.","og_url":"https:\/\/www.leitao-irmao.com\/en\/product\/chapa-de-letra-para-pulseira-bee-em-ouro-e-diamantes-by-debora-montenegro\/","og_site_name":"Leit\u00e3o &amp; Irm\u00e3o","article_modified_time":"2026-02-12T17:27:08+00:00","og_image":[{"width":1920,"height":1920,"url":"https:\/\/www.leitao-irmao.com\/wp-content\/uploads\/2024\/05\/Letras-fundo-site-1.jpg","type":"image\/jpeg"}],"twitter_card":"summary_large_image","twitter_misc":{"Estimated reading time":"1 minute"},"schema":{"@context":"https:\/\/schema.org","@graph":[{"@type":"WebPage","@id":"https:\/\/www.leitao-irmao.com\/en\/product\/chapa-de-letra-para-pulseira-bee-em-ouro-e-diamantes-by-debora-montenegro\/","url":"https:\/\/www.leitao-irmao.com\/en\/product\/chapa-de-letra-para-pulseira-bee-em-ouro-e-diamantes-by-debora-montenegro\/","name":"Chapa de Letra para Pulseira Be(e) em ouro e diamantes by D\u00e9bora Montenegro | Leit\u00e3o &amp; Irm\u00e3o","isPartOf":{"@id":"https:\/\/www.leitao-irmao.com\/#website"},"primaryImageOfPage":{"@id":"https:\/\/www.leitao-irmao.com\/en\/product\/chapa-de-letra-para-pulseira-bee-em-ouro-e-diamantes-by-debora-montenegro\/#primaryimage"},"image":{"@id":"https:\/\/www.leitao-irmao.com\/en\/product\/chapa-de-letra-para-pulseira-bee-em-ouro-e-diamantes-by-debora-montenegro\/#primaryimage"},"thumbnailUrl":"https:\/\/www.leitao-irmao.com\/wp-content\/uploads\/2024\/05\/Letras-fundo-site-1.jpg","datePublished":"2024-05-20T09:00:07+00:00","dateModified":"2026-02-12T17:27:08+00:00","description":"Pulseira Be(e) da cole\u00e7\u00e3o D\u00e9bora Montenegro x Leit\u00e3o & Irm\u00e3o. Uma celebra\u00e7\u00e3o da beleza, eleg\u00e2ncia e do trabalho \u00e1rduo das abelhas.","breadcrumb":{"@id":"https:\/\/www.leitao-irmao.com\/en\/product\/chapa-de-letra-para-pulseira-bee-em-ouro-e-diamantes-by-debora-montenegro\/#breadcrumb"},"inLanguage":"en-GB","potentialAction":[{"@type":"ReadAction","target":["https:\/\/www.leitao-irmao.com\/en\/product\/chapa-de-letra-para-pulseira-bee-em-ouro-e-diamantes-by-debora-montenegro\/"]}]},{"@type":"ImageObject","inLanguage":"en-GB","@id":"https:\/\/www.leitao-irmao.com\/en\/product\/chapa-de-letra-para-pulseira-bee-em-ouro-e-diamantes-by-debora-montenegro\/#primaryimage","url":"https:\/\/www.leitao-irmao.com\/wp-content\/uploads\/2024\/05\/Letras-fundo-site-1.jpg","contentUrl":"https:\/\/www.leitao-irmao.com\/wp-content\/uploads\/2024\/05\/Letras-fundo-site-1.jpg","width":1920,"height":1920,"caption":"Chapa de letra para a pulseira Bee em ouro e diamantes da Leit\u00e3o & Irm\u00e3o x D\u00e9bora Montenegro"},{"@type":"BreadcrumbList","@id":"https:\/\/www.leitao-irmao.com\/en\/product\/chapa-de-letra-para-pulseira-bee-em-ouro-e-diamantes-by-debora-montenegro\/#breadcrumb","itemListElement":[{"@type":"ListItem","position":1,"name":"Home","item":"https:\/\/www.leitao-irmao.com\/"},{"@type":"ListItem","position":2,"name":"Products","item":"https:\/\/www.leitao-irmao.com\/shop\/"},{"@type":"ListItem","position":3,"name":"Chapa de Letra para Pulseira Be(e) em ouro e diamantes by D\u00e9bora Montenegro"}]},{"@type":"WebSite","@id":"https:\/\/www.leitao-irmao.com\/#website","url":"https:\/\/www.leitao-irmao.com\/","name":"Leit\u00e3o & Irm\u00e3o","description":"Joalheiros desde 1822","publisher":{"@id":"https:\/\/www.leitao-irmao.com\/#organization"},"potentialAction":[{"@type":"SearchAction","target":{"@type":"EntryPoint","urlTemplate":"https:\/\/www.leitao-irmao.com\/?s={search_term_string}"},"query-input":{"@type":"PropertyValueSpecification","valueRequired":true,"valueName":"search_term_string"}}],"inLanguage":"en-GB"},{"@type":"Organization","@id":"https:\/\/www.leitao-irmao.com\/#organization","name":"Leit\u00e3o & Irm\u00e3o","url":"https:\/\/www.leitao-irmao.com\/","logo":{"@type":"ImageObject","inLanguage":"en-GB","@id":"https:\/\/www.leitao-irmao.com\/#\/schema\/logo\/image\/","url":"https:\/\/www.leitao-irmao.com\/wp-content\/uploads\/2022\/11\/leitaoirmao-logo.png","contentUrl":"https:\/\/www.leitao-irmao.com\/wp-content\/uploads\/2022\/11\/leitaoirmao-logo.png","width":426,"height":89,"caption":"Leit\u00e3o & Irm\u00e3o"},"image":{"@id":"https:\/\/www.leitao-irmao.com\/#\/schema\/logo\/image\/"}}]}},"_links":{"self":[{"href":"https:\/\/www.leitao-irmao.com\/en\/wp-json\/wp\/v2\/product\/24703","targetHints":{"allow":["GET"]}}],"collection":[{"href":"https:\/\/www.leitao-irmao.com\/en\/wp-json\/wp\/v2\/product"}],"about":[{"href":"https:\/\/www.leitao-irmao.com\/en\/wp-json\/wp\/v2\/types\/product"}],"version-history":[{"count":0,"href":"https:\/\/www.leitao-irmao.com\/en\/wp-json\/wp\/v2\/product\/24703\/revisions"}],"wp:featuredmedia":[{"embeddable":true,"href":"https:\/\/www.leitao-irmao.com\/en\/wp-json\/wp\/v2\/media\/24919"}],"wp:attachment":[{"href":"https:\/\/www.leitao-irmao.com\/en\/wp-json\/wp\/v2\/media?parent=24703"}],"wp:term":[{"taxonomy":"product_brand","embeddable":true,"href":"https:\/\/www.leitao-irmao.com\/en\/wp-json\/wp\/v2\/product_brand?post=24703"},{"taxonomy":"product_cat","embeddable":true,"href":"https:\/\/www.leitao-irmao.com\/en\/wp-json\/wp\/v2\/product_cat?post=24703"},{"taxonomy":"product_tag","embeddable":true,"href":"https:\/\/www.leitao-irmao.com\/en\/wp-json\/wp\/v2\/product_tag?post=24703"}],"curies":[{"name":"wp","href":"https:\/\/api.w.org\/{rel}","templated":true}]}}