{"id":25099,"date":"2024-05-29T12:31:50","date_gmt":"2024-05-29T11:31:50","guid":{"rendered":"https:\/\/www.leitao-irmao.com\/?post_type=product&#038;p=25099"},"modified":"2026-04-30T16:56:53","modified_gmt":"2026-04-30T15:56:53","slug":"pendente-dupla-felicidade-oriente","status":"publish","type":"product","link":"https:\/\/www.leitao-irmao.com\/en\/product\/pendente-dupla-felicidade-oriente\/","title":{"rendered":"Double happiness pendant | Oriente"},"content":{"rendered":"","protected":false},"excerpt":{"rendered":"<p>Discover the Orient collection, a collection developed to commemorate the 500th anniversary of the arrival of Europeans in China in 1513 by the Portuguese navigator Jorge Alvares.<\/p>\n<p>A collection of auspicious symbols from Chinese culture.<\/p>\n<p><strong>Double Happiness.<\/strong> The symbol of happiness duplicated by its reflection in a mirror.<\/p>\n<p>The symbol of double happiness continues to be used to decorate wedding ceremonies.  In silver and diamonds, ideal for giving to a couple just starting out in life.<\/p>\n<p>&nbsp;<\/p>","protected":false},"featured_media":25101,"template":"","meta":{"_acf_changed":false},"product_brand":[],"product_cat":[79,582,141,140,125],"product_tag":[275,277,278,270,279],"class_list":{"0":"post-25099","1":"product","2":"type-product","3":"status-publish","4":"has-post-thumbnail","6":"product_cat-joalharia","7":"product_cat-oriente","8":"product_cat-para-ela","9":"product_cat-para-ele","10":"product_cat-presentes-entre-1000e-a-2500e","11":"product_tag-diamantes","12":"product_tag-homem","13":"product_tag-mulher","14":"product_tag-prata","15":"product_tag-unissexo","17":"first","18":"instock","19":"shipping-taxable","20":"purchasable","21":"product-type-simple"},"acf":[],"yoast_head":"<!-- This site is optimized with the Yoast SEO plugin v25.4 - https:\/\/yoast.com\/wordpress\/plugins\/seo\/ -->\n<title>pendente dupla felicidade em prata<\/title>\n<meta name=\"description\" content=\"Descubra a cole\u00e7\u00e3o oriente, uma cole\u00e7\u00e3o desenvolvida em comemora\u00e7\u00e3o dos 500 anos da chegada dos europeus \u00e1 China. S\u00edmbolos auspiciosos da cultura Chinesa.\" \/>\n<meta name=\"robots\" content=\"index, follow, max-snippet:-1, max-image-preview:large, max-video-preview:-1\" \/>\n<link rel=\"canonical\" href=\"https:\/\/www.leitao-irmao.com\/en\/product\/pendente-dupla-felicidade-oriente\/\" \/>\n<meta property=\"og:locale\" content=\"en_GB\" \/>\n<meta property=\"og:type\" content=\"article\" \/>\n<meta property=\"og:title\" content=\"pendente dupla felicidade em prata\" \/>\n<meta property=\"og:description\" content=\"Descubra a cole\u00e7\u00e3o oriente, uma cole\u00e7\u00e3o desenvolvida em comemora\u00e7\u00e3o dos 500 anos da chegada dos europeus \u00e1 China. S\u00edmbolos auspiciosos da cultura Chinesa.\" \/>\n<meta property=\"og:url\" content=\"https:\/\/www.leitao-irmao.com\/en\/product\/pendente-dupla-felicidade-oriente\/\" \/>\n<meta property=\"og:site_name\" content=\"Leit\u00e3o &amp; Irm\u00e3o\" \/>\n<meta property=\"article:modified_time\" content=\"2026-04-30T15:56:53+00:00\" \/>\n<meta property=\"og:image\" content=\"https:\/\/www.leitao-irmao.com\/wp-content\/uploads\/2024\/05\/pendente-oriente-dupla-felicidade-prata-diamantes-fio-seda-0506049-a.jpg\" \/>\n\t<meta property=\"og:image:width\" content=\"1030\" \/>\n\t<meta property=\"og:image:height\" content=\"1030\" \/>\n\t<meta property=\"og:image:type\" content=\"image\/jpeg\" \/>\n<meta name=\"twitter:card\" content=\"summary_large_image\" \/>\n<meta name=\"twitter:label1\" content=\"Estimated reading time\" \/>\n\t<meta name=\"twitter:data1\" content=\"1 minute\" \/>\n<script type=\"application\/ld+json\" class=\"yoast-schema-graph\">{\"@context\":\"https:\/\/schema.org\",\"@graph\":[{\"@type\":\"WebPage\",\"@id\":\"https:\/\/www.leitao-irmao.com\/product\/pendente-dupla-felicidade-oriente\/\",\"url\":\"https:\/\/www.leitao-irmao.com\/product\/pendente-dupla-felicidade-oriente\/\",\"name\":\"pendente dupla felicidade em prata\",\"isPartOf\":{\"@id\":\"https:\/\/www.leitao-irmao.com\/#website\"},\"primaryImageOfPage\":{\"@id\":\"https:\/\/www.leitao-irmao.com\/product\/pendente-dupla-felicidade-oriente\/#primaryimage\"},\"image\":{\"@id\":\"https:\/\/www.leitao-irmao.com\/product\/pendente-dupla-felicidade-oriente\/#primaryimage\"},\"thumbnailUrl\":\"https:\/\/www.leitao-irmao.com\/wp-content\/uploads\/2024\/05\/pendente-oriente-dupla-felicidade-prata-diamantes-fio-seda-0506049-a.jpg\",\"datePublished\":\"2024-05-29T11:31:50+00:00\",\"dateModified\":\"2026-04-30T15:56:53+00:00\",\"description\":\"Descubra a cole\u00e7\u00e3o oriente, uma cole\u00e7\u00e3o desenvolvida em comemora\u00e7\u00e3o dos 500 anos da chegada dos europeus \u00e1 China. S\u00edmbolos auspiciosos da cultura Chinesa.\",\"breadcrumb\":{\"@id\":\"https:\/\/www.leitao-irmao.com\/product\/pendente-dupla-felicidade-oriente\/#breadcrumb\"},\"inLanguage\":\"en-GB\",\"potentialAction\":[{\"@type\":\"ReadAction\",\"target\":[\"https:\/\/www.leitao-irmao.com\/product\/pendente-dupla-felicidade-oriente\/\"]}]},{\"@type\":\"ImageObject\",\"inLanguage\":\"en-GB\",\"@id\":\"https:\/\/www.leitao-irmao.com\/product\/pendente-dupla-felicidade-oriente\/#primaryimage\",\"url\":\"https:\/\/www.leitao-irmao.com\/wp-content\/uploads\/2024\/05\/pendente-oriente-dupla-felicidade-prata-diamantes-fio-seda-0506049-a.jpg\",\"contentUrl\":\"https:\/\/www.leitao-irmao.com\/wp-content\/uploads\/2024\/05\/pendente-oriente-dupla-felicidade-prata-diamantes-fio-seda-0506049-a.jpg\",\"width\":1030,\"height\":1030,\"caption\":\"Pendente dupla felicidade em prata e diamantes com fio de seda da Leit\u00e3o & Irm\u00e3o\"},{\"@type\":\"BreadcrumbList\",\"@id\":\"https:\/\/www.leitao-irmao.com\/product\/pendente-dupla-felicidade-oriente\/#breadcrumb\",\"itemListElement\":[{\"@type\":\"ListItem\",\"position\":1,\"name\":\"Home\",\"item\":\"https:\/\/www.leitao-irmao.com\/\"},{\"@type\":\"ListItem\",\"position\":2,\"name\":\"Products\",\"item\":\"https:\/\/www.leitao-irmao.com\/shop\/\"},{\"@type\":\"ListItem\",\"position\":3,\"name\":\"Pendente Dupla felicidade | Oriente\"}]},{\"@type\":\"WebSite\",\"@id\":\"https:\/\/www.leitao-irmao.com\/#website\",\"url\":\"https:\/\/www.leitao-irmao.com\/\",\"name\":\"Leit\u00e3o & Irm\u00e3o\",\"description\":\"Joalheiros desde 1822\",\"publisher\":{\"@id\":\"https:\/\/www.leitao-irmao.com\/#organization\"},\"potentialAction\":[{\"@type\":\"SearchAction\",\"target\":{\"@type\":\"EntryPoint\",\"urlTemplate\":\"https:\/\/www.leitao-irmao.com\/?s={search_term_string}\"},\"query-input\":{\"@type\":\"PropertyValueSpecification\",\"valueRequired\":true,\"valueName\":\"search_term_string\"}}],\"inLanguage\":\"en-GB\"},{\"@type\":\"Organization\",\"@id\":\"https:\/\/www.leitao-irmao.com\/#organization\",\"name\":\"Leit\u00e3o & Irm\u00e3o\",\"url\":\"https:\/\/www.leitao-irmao.com\/\",\"logo\":{\"@type\":\"ImageObject\",\"inLanguage\":\"en-GB\",\"@id\":\"https:\/\/www.leitao-irmao.com\/#\/schema\/logo\/image\/\",\"url\":\"https:\/\/www.leitao-irmao.com\/wp-content\/uploads\/2022\/11\/leitaoirmao-logo.png\",\"contentUrl\":\"https:\/\/www.leitao-irmao.com\/wp-content\/uploads\/2022\/11\/leitaoirmao-logo.png\",\"width\":426,\"height\":89,\"caption\":\"Leit\u00e3o & Irm\u00e3o\"},\"image\":{\"@id\":\"https:\/\/www.leitao-irmao.com\/#\/schema\/logo\/image\/\"}}]}<\/script>\n<!-- \/ Yoast SEO plugin. -->","yoast_head_json":{"title":"pendente dupla felicidade em prata","description":"Descubra a cole\u00e7\u00e3o oriente, uma cole\u00e7\u00e3o desenvolvida em comemora\u00e7\u00e3o dos 500 anos da chegada dos europeus \u00e1 China. S\u00edmbolos auspiciosos da cultura Chinesa.","robots":{"index":"index","follow":"follow","max-snippet":"max-snippet:-1","max-image-preview":"max-image-preview:large","max-video-preview":"max-video-preview:-1"},"canonical":"https:\/\/www.leitao-irmao.com\/en\/product\/pendente-dupla-felicidade-oriente\/","og_locale":"en_GB","og_type":"article","og_title":"pendente dupla felicidade em prata","og_description":"Descubra a cole\u00e7\u00e3o oriente, uma cole\u00e7\u00e3o desenvolvida em comemora\u00e7\u00e3o dos 500 anos da chegada dos europeus \u00e1 China. S\u00edmbolos auspiciosos da cultura Chinesa.","og_url":"https:\/\/www.leitao-irmao.com\/en\/product\/pendente-dupla-felicidade-oriente\/","og_site_name":"Leit\u00e3o &amp; Irm\u00e3o","article_modified_time":"2026-04-30T15:56:53+00:00","og_image":[{"width":1030,"height":1030,"url":"https:\/\/www.leitao-irmao.com\/wp-content\/uploads\/2024\/05\/pendente-oriente-dupla-felicidade-prata-diamantes-fio-seda-0506049-a.jpg","type":"image\/jpeg"}],"twitter_card":"summary_large_image","twitter_misc":{"Estimated reading time":"1 minute"},"schema":{"@context":"https:\/\/schema.org","@graph":[{"@type":"WebPage","@id":"https:\/\/www.leitao-irmao.com\/product\/pendente-dupla-felicidade-oriente\/","url":"https:\/\/www.leitao-irmao.com\/product\/pendente-dupla-felicidade-oriente\/","name":"pendente dupla felicidade em prata","isPartOf":{"@id":"https:\/\/www.leitao-irmao.com\/#website"},"primaryImageOfPage":{"@id":"https:\/\/www.leitao-irmao.com\/product\/pendente-dupla-felicidade-oriente\/#primaryimage"},"image":{"@id":"https:\/\/www.leitao-irmao.com\/product\/pendente-dupla-felicidade-oriente\/#primaryimage"},"thumbnailUrl":"https:\/\/www.leitao-irmao.com\/wp-content\/uploads\/2024\/05\/pendente-oriente-dupla-felicidade-prata-diamantes-fio-seda-0506049-a.jpg","datePublished":"2024-05-29T11:31:50+00:00","dateModified":"2026-04-30T15:56:53+00:00","description":"Descubra a cole\u00e7\u00e3o oriente, uma cole\u00e7\u00e3o desenvolvida em comemora\u00e7\u00e3o dos 500 anos da chegada dos europeus \u00e1 China. S\u00edmbolos auspiciosos da cultura Chinesa.","breadcrumb":{"@id":"https:\/\/www.leitao-irmao.com\/product\/pendente-dupla-felicidade-oriente\/#breadcrumb"},"inLanguage":"en-GB","potentialAction":[{"@type":"ReadAction","target":["https:\/\/www.leitao-irmao.com\/product\/pendente-dupla-felicidade-oriente\/"]}]},{"@type":"ImageObject","inLanguage":"en-GB","@id":"https:\/\/www.leitao-irmao.com\/product\/pendente-dupla-felicidade-oriente\/#primaryimage","url":"https:\/\/www.leitao-irmao.com\/wp-content\/uploads\/2024\/05\/pendente-oriente-dupla-felicidade-prata-diamantes-fio-seda-0506049-a.jpg","contentUrl":"https:\/\/www.leitao-irmao.com\/wp-content\/uploads\/2024\/05\/pendente-oriente-dupla-felicidade-prata-diamantes-fio-seda-0506049-a.jpg","width":1030,"height":1030,"caption":"Pendente dupla felicidade em prata e diamantes com fio de seda da Leit\u00e3o & Irm\u00e3o"},{"@type":"BreadcrumbList","@id":"https:\/\/www.leitao-irmao.com\/product\/pendente-dupla-felicidade-oriente\/#breadcrumb","itemListElement":[{"@type":"ListItem","position":1,"name":"Home","item":"https:\/\/www.leitao-irmao.com\/"},{"@type":"ListItem","position":2,"name":"Products","item":"https:\/\/www.leitao-irmao.com\/shop\/"},{"@type":"ListItem","position":3,"name":"Pendente Dupla felicidade | Oriente"}]},{"@type":"WebSite","@id":"https:\/\/www.leitao-irmao.com\/#website","url":"https:\/\/www.leitao-irmao.com\/","name":"Leit\u00e3o & Irm\u00e3o","description":"Joalheiros desde 1822","publisher":{"@id":"https:\/\/www.leitao-irmao.com\/#organization"},"potentialAction":[{"@type":"SearchAction","target":{"@type":"EntryPoint","urlTemplate":"https:\/\/www.leitao-irmao.com\/?s={search_term_string}"},"query-input":{"@type":"PropertyValueSpecification","valueRequired":true,"valueName":"search_term_string"}}],"inLanguage":"en-GB"},{"@type":"Organization","@id":"https:\/\/www.leitao-irmao.com\/#organization","name":"Leit\u00e3o & Irm\u00e3o","url":"https:\/\/www.leitao-irmao.com\/","logo":{"@type":"ImageObject","inLanguage":"en-GB","@id":"https:\/\/www.leitao-irmao.com\/#\/schema\/logo\/image\/","url":"https:\/\/www.leitao-irmao.com\/wp-content\/uploads\/2022\/11\/leitaoirmao-logo.png","contentUrl":"https:\/\/www.leitao-irmao.com\/wp-content\/uploads\/2022\/11\/leitaoirmao-logo.png","width":426,"height":89,"caption":"Leit\u00e3o & Irm\u00e3o"},"image":{"@id":"https:\/\/www.leitao-irmao.com\/#\/schema\/logo\/image\/"}}]}},"_links":{"self":[{"href":"https:\/\/www.leitao-irmao.com\/en\/wp-json\/wp\/v2\/product\/25099","targetHints":{"allow":["GET"]}}],"collection":[{"href":"https:\/\/www.leitao-irmao.com\/en\/wp-json\/wp\/v2\/product"}],"about":[{"href":"https:\/\/www.leitao-irmao.com\/en\/wp-json\/wp\/v2\/types\/product"}],"version-history":[{"count":1,"href":"https:\/\/www.leitao-irmao.com\/en\/wp-json\/wp\/v2\/product\/25099\/revisions"}],"predecessor-version":[{"id":32229,"href":"https:\/\/www.leitao-irmao.com\/en\/wp-json\/wp\/v2\/product\/25099\/revisions\/32229"}],"wp:featuredmedia":[{"embeddable":true,"href":"https:\/\/www.leitao-irmao.com\/en\/wp-json\/wp\/v2\/media\/25101"}],"wp:attachment":[{"href":"https:\/\/www.leitao-irmao.com\/en\/wp-json\/wp\/v2\/media?parent=25099"}],"wp:term":[{"taxonomy":"product_brand","embeddable":true,"href":"https:\/\/www.leitao-irmao.com\/en\/wp-json\/wp\/v2\/product_brand?post=25099"},{"taxonomy":"product_cat","embeddable":true,"href":"https:\/\/www.leitao-irmao.com\/en\/wp-json\/wp\/v2\/product_cat?post=25099"},{"taxonomy":"product_tag","embeddable":true,"href":"https:\/\/www.leitao-irmao.com\/en\/wp-json\/wp\/v2\/product_tag?post=25099"}],"curies":[{"name":"wp","href":"https:\/\/api.w.org\/{rel}","templated":true}]}}