{"id":25817,"date":"2024-07-04T11:19:21","date_gmt":"2024-07-04T10:19:21","guid":{"rendered":"https:\/\/www.leitao-irmao.com\/?post_type=product&#038;p=25817"},"modified":"2026-03-10T09:26:22","modified_gmt":"2026-03-10T09:26:22","slug":"pulseira-elos-em-ouro-portugues","status":"publish","type":"product","link":"https:\/\/www.leitao-irmao.com\/en\/product\/pulseira-elos-em-ouro-portugues\/","title":{"rendered":"Portuguese Gold Links Bracelet"},"content":{"rendered":"","protected":false},"excerpt":{"rendered":"<p>Discover the Leit\u00e3o &amp; Irm\u00e3o Portuguese gold links bracelet. An elegant and versatile bracelet to wear every day or on special occasions.<\/p>","protected":false},"featured_media":25818,"template":"","meta":{"_acf_changed":false},"product_brand":[],"product_cat":[79,141,601,126],"product_tag":[278,271],"class_list":{"0":"post-25817","1":"product","2":"type-product","3":"status-publish","4":"has-post-thumbnail","6":"product_cat-joalharia","7":"product_cat-para-ela","8":"product_cat-pecas-de-fornecedor","9":"product_cat-presentes-entre-2500e-a-5000e","10":"product_tag-mulher","11":"product_tag-ouro","13":"first","14":"outofstock","15":"shipping-taxable","16":"product-type-simple"},"acf":[],"yoast_head":"<!-- This site is optimized with the Yoast SEO plugin v25.4 - https:\/\/yoast.com\/wordpress\/plugins\/seo\/ -->\n<title>pulseira elos em ouro<\/title>\n<meta name=\"description\" content=\"Descubra a pulseira elos em ouro Portugu\u00eas da Leit\u00e3o &amp; Irm\u00e3o. Uma pulseira elegante e vers\u00e1til para usar no dia a dia ou em ocasi\u00f5es especiais.\" \/>\n<meta name=\"robots\" content=\"index, follow, max-snippet:-1, max-image-preview:large, max-video-preview:-1\" \/>\n<link rel=\"canonical\" href=\"https:\/\/www.leitao-irmao.com\/en\/product\/pulseira-elos-em-ouro-portugues\/\" \/>\n<meta property=\"og:locale\" content=\"en_GB\" \/>\n<meta property=\"og:type\" content=\"article\" \/>\n<meta property=\"og:title\" content=\"pulseira elos em ouro\" \/>\n<meta property=\"og:description\" content=\"Descubra a pulseira elos em ouro Portugu\u00eas da Leit\u00e3o &amp; Irm\u00e3o. Uma pulseira elegante e vers\u00e1til para usar no dia a dia ou em ocasi\u00f5es especiais.\" \/>\n<meta property=\"og:url\" content=\"https:\/\/www.leitao-irmao.com\/en\/product\/pulseira-elos-em-ouro-portugues\/\" \/>\n<meta property=\"og:site_name\" content=\"Leit\u00e3o &amp; Irm\u00e3o\" \/>\n<meta property=\"article:modified_time\" content=\"2026-03-10T09:26:22+00:00\" \/>\n<meta property=\"og:image\" content=\"https:\/\/www.leitao-irmao.com\/wp-content\/uploads\/2024\/07\/AUPL0114C_1.jpg\" \/>\n\t<meta property=\"og:image:width\" content=\"1080\" \/>\n\t<meta property=\"og:image:height\" content=\"1080\" \/>\n\t<meta property=\"og:image:type\" content=\"image\/jpeg\" \/>\n<meta name=\"twitter:card\" content=\"summary_large_image\" \/>\n<meta name=\"twitter:label1\" content=\"Estimated reading time\" \/>\n\t<meta name=\"twitter:data1\" content=\"1 minute\" \/>\n<script type=\"application\/ld+json\" class=\"yoast-schema-graph\">{\"@context\":\"https:\/\/schema.org\",\"@graph\":[{\"@type\":\"WebPage\",\"@id\":\"https:\/\/www.leitao-irmao.com\/product\/pulseira-elos-em-ouro-portugues\/\",\"url\":\"https:\/\/www.leitao-irmao.com\/product\/pulseira-elos-em-ouro-portugues\/\",\"name\":\"pulseira elos em ouro\",\"isPartOf\":{\"@id\":\"https:\/\/www.leitao-irmao.com\/#website\"},\"primaryImageOfPage\":{\"@id\":\"https:\/\/www.leitao-irmao.com\/product\/pulseira-elos-em-ouro-portugues\/#primaryimage\"},\"image\":{\"@id\":\"https:\/\/www.leitao-irmao.com\/product\/pulseira-elos-em-ouro-portugues\/#primaryimage\"},\"thumbnailUrl\":\"https:\/\/www.leitao-irmao.com\/wp-content\/uploads\/2024\/07\/AUPL0114C_1.jpg\",\"datePublished\":\"2024-07-04T10:19:21+00:00\",\"dateModified\":\"2026-03-10T09:26:22+00:00\",\"description\":\"Descubra a pulseira elos em ouro Portugu\u00eas da Leit\u00e3o & Irm\u00e3o. Uma pulseira elegante e vers\u00e1til para usar no dia a dia ou em ocasi\u00f5es especiais.\",\"breadcrumb\":{\"@id\":\"https:\/\/www.leitao-irmao.com\/product\/pulseira-elos-em-ouro-portugues\/#breadcrumb\"},\"inLanguage\":\"en-GB\",\"potentialAction\":[{\"@type\":\"ReadAction\",\"target\":[\"https:\/\/www.leitao-irmao.com\/product\/pulseira-elos-em-ouro-portugues\/\"]}]},{\"@type\":\"ImageObject\",\"inLanguage\":\"en-GB\",\"@id\":\"https:\/\/www.leitao-irmao.com\/product\/pulseira-elos-em-ouro-portugues\/#primaryimage\",\"url\":\"https:\/\/www.leitao-irmao.com\/wp-content\/uploads\/2024\/07\/AUPL0114C_1.jpg\",\"contentUrl\":\"https:\/\/www.leitao-irmao.com\/wp-content\/uploads\/2024\/07\/AUPL0114C_1.jpg\",\"width\":1080,\"height\":1080,\"caption\":\"Pulseira elos em ouro amarelo portugu\u00eas da Leit\u00e3o & Irm\u00e3o\"},{\"@type\":\"BreadcrumbList\",\"@id\":\"https:\/\/www.leitao-irmao.com\/product\/pulseira-elos-em-ouro-portugues\/#breadcrumb\",\"itemListElement\":[{\"@type\":\"ListItem\",\"position\":1,\"name\":\"Home\",\"item\":\"https:\/\/www.leitao-irmao.com\/\"},{\"@type\":\"ListItem\",\"position\":2,\"name\":\"Products\",\"item\":\"https:\/\/www.leitao-irmao.com\/shop\/\"},{\"@type\":\"ListItem\",\"position\":3,\"name\":\"Pulseira Elos em Ouro Portugu\u00eas\"}]},{\"@type\":\"WebSite\",\"@id\":\"https:\/\/www.leitao-irmao.com\/#website\",\"url\":\"https:\/\/www.leitao-irmao.com\/\",\"name\":\"Leit\u00e3o & Irm\u00e3o\",\"description\":\"Joalheiros desde 1822\",\"publisher\":{\"@id\":\"https:\/\/www.leitao-irmao.com\/#organization\"},\"potentialAction\":[{\"@type\":\"SearchAction\",\"target\":{\"@type\":\"EntryPoint\",\"urlTemplate\":\"https:\/\/www.leitao-irmao.com\/?s={search_term_string}\"},\"query-input\":{\"@type\":\"PropertyValueSpecification\",\"valueRequired\":true,\"valueName\":\"search_term_string\"}}],\"inLanguage\":\"en-GB\"},{\"@type\":\"Organization\",\"@id\":\"https:\/\/www.leitao-irmao.com\/#organization\",\"name\":\"Leit\u00e3o & Irm\u00e3o\",\"url\":\"https:\/\/www.leitao-irmao.com\/\",\"logo\":{\"@type\":\"ImageObject\",\"inLanguage\":\"en-GB\",\"@id\":\"https:\/\/www.leitao-irmao.com\/#\/schema\/logo\/image\/\",\"url\":\"https:\/\/www.leitao-irmao.com\/wp-content\/uploads\/2022\/11\/leitaoirmao-logo.png\",\"contentUrl\":\"https:\/\/www.leitao-irmao.com\/wp-content\/uploads\/2022\/11\/leitaoirmao-logo.png\",\"width\":426,\"height\":89,\"caption\":\"Leit\u00e3o & Irm\u00e3o\"},\"image\":{\"@id\":\"https:\/\/www.leitao-irmao.com\/#\/schema\/logo\/image\/\"}}]}<\/script>\n<!-- \/ Yoast SEO plugin. -->","yoast_head_json":{"title":"pulseira elos em ouro","description":"Descubra a pulseira elos em ouro Portugu\u00eas da Leit\u00e3o & Irm\u00e3o. Uma pulseira elegante e vers\u00e1til para usar no dia a dia ou em ocasi\u00f5es especiais.","robots":{"index":"index","follow":"follow","max-snippet":"max-snippet:-1","max-image-preview":"max-image-preview:large","max-video-preview":"max-video-preview:-1"},"canonical":"https:\/\/www.leitao-irmao.com\/en\/product\/pulseira-elos-em-ouro-portugues\/","og_locale":"en_GB","og_type":"article","og_title":"pulseira elos em ouro","og_description":"Descubra a pulseira elos em ouro Portugu\u00eas da Leit\u00e3o & Irm\u00e3o. Uma pulseira elegante e vers\u00e1til para usar no dia a dia ou em ocasi\u00f5es especiais.","og_url":"https:\/\/www.leitao-irmao.com\/en\/product\/pulseira-elos-em-ouro-portugues\/","og_site_name":"Leit\u00e3o &amp; Irm\u00e3o","article_modified_time":"2026-03-10T09:26:22+00:00","og_image":[{"width":1080,"height":1080,"url":"https:\/\/www.leitao-irmao.com\/wp-content\/uploads\/2024\/07\/AUPL0114C_1.jpg","type":"image\/jpeg"}],"twitter_card":"summary_large_image","twitter_misc":{"Estimated reading time":"1 minute"},"schema":{"@context":"https:\/\/schema.org","@graph":[{"@type":"WebPage","@id":"https:\/\/www.leitao-irmao.com\/product\/pulseira-elos-em-ouro-portugues\/","url":"https:\/\/www.leitao-irmao.com\/product\/pulseira-elos-em-ouro-portugues\/","name":"pulseira elos em ouro","isPartOf":{"@id":"https:\/\/www.leitao-irmao.com\/#website"},"primaryImageOfPage":{"@id":"https:\/\/www.leitao-irmao.com\/product\/pulseira-elos-em-ouro-portugues\/#primaryimage"},"image":{"@id":"https:\/\/www.leitao-irmao.com\/product\/pulseira-elos-em-ouro-portugues\/#primaryimage"},"thumbnailUrl":"https:\/\/www.leitao-irmao.com\/wp-content\/uploads\/2024\/07\/AUPL0114C_1.jpg","datePublished":"2024-07-04T10:19:21+00:00","dateModified":"2026-03-10T09:26:22+00:00","description":"Descubra a pulseira elos em ouro Portugu\u00eas da Leit\u00e3o & Irm\u00e3o. Uma pulseira elegante e vers\u00e1til para usar no dia a dia ou em ocasi\u00f5es especiais.","breadcrumb":{"@id":"https:\/\/www.leitao-irmao.com\/product\/pulseira-elos-em-ouro-portugues\/#breadcrumb"},"inLanguage":"en-GB","potentialAction":[{"@type":"ReadAction","target":["https:\/\/www.leitao-irmao.com\/product\/pulseira-elos-em-ouro-portugues\/"]}]},{"@type":"ImageObject","inLanguage":"en-GB","@id":"https:\/\/www.leitao-irmao.com\/product\/pulseira-elos-em-ouro-portugues\/#primaryimage","url":"https:\/\/www.leitao-irmao.com\/wp-content\/uploads\/2024\/07\/AUPL0114C_1.jpg","contentUrl":"https:\/\/www.leitao-irmao.com\/wp-content\/uploads\/2024\/07\/AUPL0114C_1.jpg","width":1080,"height":1080,"caption":"Pulseira elos em ouro amarelo portugu\u00eas da Leit\u00e3o & Irm\u00e3o"},{"@type":"BreadcrumbList","@id":"https:\/\/www.leitao-irmao.com\/product\/pulseira-elos-em-ouro-portugues\/#breadcrumb","itemListElement":[{"@type":"ListItem","position":1,"name":"Home","item":"https:\/\/www.leitao-irmao.com\/"},{"@type":"ListItem","position":2,"name":"Products","item":"https:\/\/www.leitao-irmao.com\/shop\/"},{"@type":"ListItem","position":3,"name":"Pulseira Elos em Ouro Portugu\u00eas"}]},{"@type":"WebSite","@id":"https:\/\/www.leitao-irmao.com\/#website","url":"https:\/\/www.leitao-irmao.com\/","name":"Leit\u00e3o & Irm\u00e3o","description":"Joalheiros desde 1822","publisher":{"@id":"https:\/\/www.leitao-irmao.com\/#organization"},"potentialAction":[{"@type":"SearchAction","target":{"@type":"EntryPoint","urlTemplate":"https:\/\/www.leitao-irmao.com\/?s={search_term_string}"},"query-input":{"@type":"PropertyValueSpecification","valueRequired":true,"valueName":"search_term_string"}}],"inLanguage":"en-GB"},{"@type":"Organization","@id":"https:\/\/www.leitao-irmao.com\/#organization","name":"Leit\u00e3o & Irm\u00e3o","url":"https:\/\/www.leitao-irmao.com\/","logo":{"@type":"ImageObject","inLanguage":"en-GB","@id":"https:\/\/www.leitao-irmao.com\/#\/schema\/logo\/image\/","url":"https:\/\/www.leitao-irmao.com\/wp-content\/uploads\/2022\/11\/leitaoirmao-logo.png","contentUrl":"https:\/\/www.leitao-irmao.com\/wp-content\/uploads\/2022\/11\/leitaoirmao-logo.png","width":426,"height":89,"caption":"Leit\u00e3o & Irm\u00e3o"},"image":{"@id":"https:\/\/www.leitao-irmao.com\/#\/schema\/logo\/image\/"}}]}},"_links":{"self":[{"href":"https:\/\/www.leitao-irmao.com\/en\/wp-json\/wp\/v2\/product\/25817","targetHints":{"allow":["GET"]}}],"collection":[{"href":"https:\/\/www.leitao-irmao.com\/en\/wp-json\/wp\/v2\/product"}],"about":[{"href":"https:\/\/www.leitao-irmao.com\/en\/wp-json\/wp\/v2\/types\/product"}],"version-history":[{"count":1,"href":"https:\/\/www.leitao-irmao.com\/en\/wp-json\/wp\/v2\/product\/25817\/revisions"}],"predecessor-version":[{"id":35825,"href":"https:\/\/www.leitao-irmao.com\/en\/wp-json\/wp\/v2\/product\/25817\/revisions\/35825"}],"wp:featuredmedia":[{"embeddable":true,"href":"https:\/\/www.leitao-irmao.com\/en\/wp-json\/wp\/v2\/media\/25818"}],"wp:attachment":[{"href":"https:\/\/www.leitao-irmao.com\/en\/wp-json\/wp\/v2\/media?parent=25817"}],"wp:term":[{"taxonomy":"product_brand","embeddable":true,"href":"https:\/\/www.leitao-irmao.com\/en\/wp-json\/wp\/v2\/product_brand?post=25817"},{"taxonomy":"product_cat","embeddable":true,"href":"https:\/\/www.leitao-irmao.com\/en\/wp-json\/wp\/v2\/product_cat?post=25817"},{"taxonomy":"product_tag","embeddable":true,"href":"https:\/\/www.leitao-irmao.com\/en\/wp-json\/wp\/v2\/product_tag?post=25817"}],"curies":[{"name":"wp","href":"https:\/\/api.w.org\/{rel}","templated":true}]}}