{"id":25998,"date":"2024-09-10T10:00:24","date_gmt":"2024-09-10T09:00:24","guid":{"rendered":"https:\/\/www.leitao-irmao.com\/?post_type=product&#038;p=25998"},"modified":"2026-03-26T16:47:21","modified_gmt":"2026-03-26T16:47:21","slug":"pin-em-prata-sporting-cp-jewels","status":"publish","type":"product","link":"https:\/\/www.leitao-irmao.com\/en\/product\/pin-em-prata-sporting-cp-jewels\/","title":{"rendered":"Silver pin | Sporting CP Jewels"},"content":{"rendered":"","protected":false},"excerpt":{"rendered":"<p class=\"translation-block\">Leit\u00e3o &amp; Irm\u00e3o is collaborating with Sporting Clube de Portugal to develop a collection of jewellery inspired by the club's iconic symbol \u2013 <strong>the Lion<\/strong>.<\/p>\n<p>All Sporting CP Jewels pieces were developed by the Leit\u00e3o &amp; Irm\u00e3o design office in collaboration with Sporting CP and manufactured in the Leit\u00e3o &amp; Irm\u00e3o workshops, making them official club products.<\/p>\n<p>The collection features bracelets, pins and cufflinks in mostly recycled 925 silver.<\/p>\n<p>All pieces are authenticated with the Leit\u00e3o &amp; Irm\u00e3o maker's mark, signed by Leit\u00e3o &amp; Irm\u00e3o and Sporting CP, and certified by the Portuguese Mint (Casa da Moeda Portuguesa).<\/p>\n<p>&nbsp;<\/p>","protected":false},"featured_media":26003,"template":"","meta":{"_acf_changed":false},"product_brand":[],"product_cat":[676,79,141,140,122,496,608],"product_tag":[277,278,323,270,279],"class_list":{"0":"post-25998","1":"product","2":"type-product","3":"status-publish","4":"has-post-thumbnail","6":"product_cat-gift-selection","7":"product_cat-joalharia","8":"product_cat-para-ela","9":"product_cat-para-ele","10":"product_cat-presentes-inferiores-a-150e","11":"product_cat-sem-desconto","12":"product_cat-sporting-jewels","13":"product_tag-homem","14":"product_tag-mulher","15":"product_tag-novidades","16":"product_tag-prata","17":"product_tag-unissexo","19":"first","20":"instock","21":"shipping-taxable","22":"purchasable","23":"product-type-simple"},"acf":[],"yoast_head":"<!-- This site is optimized with the Yoast SEO plugin v25.4 - https:\/\/yoast.com\/wordpress\/plugins\/seo\/ -->\n<title>Pin em prata | Sporting CP Jewels | Leit\u00e3o &amp; Irm\u00e3o<\/title>\n<meta name=\"description\" content=\"A Leit\u00e3o &amp; Irm\u00e3o desenvolve em colabora\u00e7\u00e3o com o Sporting Clube de Portugal uma cole\u00e7\u00e3o de joias inspiradas no s\u00edmbolo maior do clube \u2013 o Le\u00e3o.\" \/>\n<meta name=\"robots\" content=\"index, follow, max-snippet:-1, max-image-preview:large, max-video-preview:-1\" \/>\n<link rel=\"canonical\" href=\"https:\/\/www.leitao-irmao.com\/en\/product\/pin-em-prata-sporting-cp-jewels\/\" \/>\n<meta property=\"og:locale\" content=\"en_GB\" \/>\n<meta property=\"og:type\" content=\"article\" \/>\n<meta property=\"og:title\" content=\"Pin em prata | Sporting CP Jewels | Leit\u00e3o &amp; Irm\u00e3o\" \/>\n<meta property=\"og:description\" content=\"A Leit\u00e3o &amp; Irm\u00e3o desenvolve em colabora\u00e7\u00e3o com o Sporting Clube de Portugal uma cole\u00e7\u00e3o de joias inspiradas no s\u00edmbolo maior do clube \u2013 o Le\u00e3o.\" \/>\n<meta property=\"og:url\" content=\"https:\/\/www.leitao-irmao.com\/en\/product\/pin-em-prata-sporting-cp-jewels\/\" \/>\n<meta property=\"og:site_name\" content=\"Leit\u00e3o &amp; Irm\u00e3o\" \/>\n<meta property=\"article:modified_time\" content=\"2026-03-26T16:47:21+00:00\" \/>\n<meta property=\"og:image\" content=\"https:\/\/www.leitao-irmao.com\/wp-content\/uploads\/2024\/07\/pin_sporting_2024.jpg\" \/>\n\t<meta property=\"og:image:width\" content=\"1920\" \/>\n\t<meta property=\"og:image:height\" content=\"1920\" \/>\n\t<meta property=\"og:image:type\" content=\"image\/jpeg\" \/>\n<meta name=\"twitter:card\" content=\"summary_large_image\" \/>\n<meta name=\"twitter:label1\" content=\"Estimated reading time\" \/>\n\t<meta name=\"twitter:data1\" content=\"1 minute\" \/>\n<script type=\"application\/ld+json\" class=\"yoast-schema-graph\">{\"@context\":\"https:\/\/schema.org\",\"@graph\":[{\"@type\":\"WebPage\",\"@id\":\"https:\/\/www.leitao-irmao.com\/product\/pin-em-prata-sporting-cp-jewels\/\",\"url\":\"https:\/\/www.leitao-irmao.com\/product\/pin-em-prata-sporting-cp-jewels\/\",\"name\":\"Pin em prata | Sporting CP Jewels | Leit\u00e3o &amp; Irm\u00e3o\",\"isPartOf\":{\"@id\":\"https:\/\/www.leitao-irmao.com\/#website\"},\"primaryImageOfPage\":{\"@id\":\"https:\/\/www.leitao-irmao.com\/product\/pin-em-prata-sporting-cp-jewels\/#primaryimage\"},\"image\":{\"@id\":\"https:\/\/www.leitao-irmao.com\/product\/pin-em-prata-sporting-cp-jewels\/#primaryimage\"},\"thumbnailUrl\":\"https:\/\/www.leitao-irmao.com\/wp-content\/uploads\/2024\/07\/pin_sporting_2024.jpg\",\"datePublished\":\"2024-09-10T09:00:24+00:00\",\"dateModified\":\"2026-03-26T16:47:21+00:00\",\"description\":\"A Leit\u00e3o & Irm\u00e3o desenvolve em colabora\u00e7\u00e3o com o Sporting Clube de Portugal uma cole\u00e7\u00e3o de joias inspiradas no s\u00edmbolo maior do clube \u2013 o Le\u00e3o.\",\"breadcrumb\":{\"@id\":\"https:\/\/www.leitao-irmao.com\/product\/pin-em-prata-sporting-cp-jewels\/#breadcrumb\"},\"inLanguage\":\"en-GB\",\"potentialAction\":[{\"@type\":\"ReadAction\",\"target\":[\"https:\/\/www.leitao-irmao.com\/product\/pin-em-prata-sporting-cp-jewels\/\"]}]},{\"@type\":\"ImageObject\",\"inLanguage\":\"en-GB\",\"@id\":\"https:\/\/www.leitao-irmao.com\/product\/pin-em-prata-sporting-cp-jewels\/#primaryimage\",\"url\":\"https:\/\/www.leitao-irmao.com\/wp-content\/uploads\/2024\/07\/pin_sporting_2024.jpg\",\"contentUrl\":\"https:\/\/www.leitao-irmao.com\/wp-content\/uploads\/2024\/07\/pin_sporting_2024.jpg\",\"width\":1920,\"height\":1920,\"caption\":\"Pin em prata da cole\u00e7\u00e3o Sporting CP Jewels da Leit\u00e3o & Irm\u00e3o\"},{\"@type\":\"BreadcrumbList\",\"@id\":\"https:\/\/www.leitao-irmao.com\/product\/pin-em-prata-sporting-cp-jewels\/#breadcrumb\",\"itemListElement\":[{\"@type\":\"ListItem\",\"position\":1,\"name\":\"Home\",\"item\":\"https:\/\/www.leitao-irmao.com\/\"},{\"@type\":\"ListItem\",\"position\":2,\"name\":\"Products\",\"item\":\"https:\/\/www.leitao-irmao.com\/shop\/\"},{\"@type\":\"ListItem\",\"position\":3,\"name\":\"Pin em prata | Sporting CP Jewels\"}]},{\"@type\":\"WebSite\",\"@id\":\"https:\/\/www.leitao-irmao.com\/#website\",\"url\":\"https:\/\/www.leitao-irmao.com\/\",\"name\":\"Leit\u00e3o & Irm\u00e3o\",\"description\":\"Joalheiros desde 1822\",\"publisher\":{\"@id\":\"https:\/\/www.leitao-irmao.com\/#organization\"},\"potentialAction\":[{\"@type\":\"SearchAction\",\"target\":{\"@type\":\"EntryPoint\",\"urlTemplate\":\"https:\/\/www.leitao-irmao.com\/?s={search_term_string}\"},\"query-input\":{\"@type\":\"PropertyValueSpecification\",\"valueRequired\":true,\"valueName\":\"search_term_string\"}}],\"inLanguage\":\"en-GB\"},{\"@type\":\"Organization\",\"@id\":\"https:\/\/www.leitao-irmao.com\/#organization\",\"name\":\"Leit\u00e3o & Irm\u00e3o\",\"url\":\"https:\/\/www.leitao-irmao.com\/\",\"logo\":{\"@type\":\"ImageObject\",\"inLanguage\":\"en-GB\",\"@id\":\"https:\/\/www.leitao-irmao.com\/#\/schema\/logo\/image\/\",\"url\":\"https:\/\/www.leitao-irmao.com\/wp-content\/uploads\/2022\/11\/leitaoirmao-logo.png\",\"contentUrl\":\"https:\/\/www.leitao-irmao.com\/wp-content\/uploads\/2022\/11\/leitaoirmao-logo.png\",\"width\":426,\"height\":89,\"caption\":\"Leit\u00e3o & Irm\u00e3o\"},\"image\":{\"@id\":\"https:\/\/www.leitao-irmao.com\/#\/schema\/logo\/image\/\"}}]}<\/script>\n<!-- \/ Yoast SEO plugin. -->","yoast_head_json":{"title":"Pin em prata | Sporting CP Jewels | Leit\u00e3o &amp; Irm\u00e3o","description":"A Leit\u00e3o & Irm\u00e3o desenvolve em colabora\u00e7\u00e3o com o Sporting Clube de Portugal uma cole\u00e7\u00e3o de joias inspiradas no s\u00edmbolo maior do clube \u2013 o Le\u00e3o.","robots":{"index":"index","follow":"follow","max-snippet":"max-snippet:-1","max-image-preview":"max-image-preview:large","max-video-preview":"max-video-preview:-1"},"canonical":"https:\/\/www.leitao-irmao.com\/en\/product\/pin-em-prata-sporting-cp-jewels\/","og_locale":"en_GB","og_type":"article","og_title":"Pin em prata | Sporting CP Jewels | Leit\u00e3o &amp; Irm\u00e3o","og_description":"A Leit\u00e3o & Irm\u00e3o desenvolve em colabora\u00e7\u00e3o com o Sporting Clube de Portugal uma cole\u00e7\u00e3o de joias inspiradas no s\u00edmbolo maior do clube \u2013 o Le\u00e3o.","og_url":"https:\/\/www.leitao-irmao.com\/en\/product\/pin-em-prata-sporting-cp-jewels\/","og_site_name":"Leit\u00e3o &amp; Irm\u00e3o","article_modified_time":"2026-03-26T16:47:21+00:00","og_image":[{"width":1920,"height":1920,"url":"https:\/\/www.leitao-irmao.com\/wp-content\/uploads\/2024\/07\/pin_sporting_2024.jpg","type":"image\/jpeg"}],"twitter_card":"summary_large_image","twitter_misc":{"Estimated reading time":"1 minute"},"schema":{"@context":"https:\/\/schema.org","@graph":[{"@type":"WebPage","@id":"https:\/\/www.leitao-irmao.com\/product\/pin-em-prata-sporting-cp-jewels\/","url":"https:\/\/www.leitao-irmao.com\/product\/pin-em-prata-sporting-cp-jewels\/","name":"Pin em prata | Sporting CP Jewels | Leit\u00e3o &amp; Irm\u00e3o","isPartOf":{"@id":"https:\/\/www.leitao-irmao.com\/#website"},"primaryImageOfPage":{"@id":"https:\/\/www.leitao-irmao.com\/product\/pin-em-prata-sporting-cp-jewels\/#primaryimage"},"image":{"@id":"https:\/\/www.leitao-irmao.com\/product\/pin-em-prata-sporting-cp-jewels\/#primaryimage"},"thumbnailUrl":"https:\/\/www.leitao-irmao.com\/wp-content\/uploads\/2024\/07\/pin_sporting_2024.jpg","datePublished":"2024-09-10T09:00:24+00:00","dateModified":"2026-03-26T16:47:21+00:00","description":"A Leit\u00e3o & Irm\u00e3o desenvolve em colabora\u00e7\u00e3o com o Sporting Clube de Portugal uma cole\u00e7\u00e3o de joias inspiradas no s\u00edmbolo maior do clube \u2013 o Le\u00e3o.","breadcrumb":{"@id":"https:\/\/www.leitao-irmao.com\/product\/pin-em-prata-sporting-cp-jewels\/#breadcrumb"},"inLanguage":"en-GB","potentialAction":[{"@type":"ReadAction","target":["https:\/\/www.leitao-irmao.com\/product\/pin-em-prata-sporting-cp-jewels\/"]}]},{"@type":"ImageObject","inLanguage":"en-GB","@id":"https:\/\/www.leitao-irmao.com\/product\/pin-em-prata-sporting-cp-jewels\/#primaryimage","url":"https:\/\/www.leitao-irmao.com\/wp-content\/uploads\/2024\/07\/pin_sporting_2024.jpg","contentUrl":"https:\/\/www.leitao-irmao.com\/wp-content\/uploads\/2024\/07\/pin_sporting_2024.jpg","width":1920,"height":1920,"caption":"Pin em prata da cole\u00e7\u00e3o Sporting CP Jewels da Leit\u00e3o & Irm\u00e3o"},{"@type":"BreadcrumbList","@id":"https:\/\/www.leitao-irmao.com\/product\/pin-em-prata-sporting-cp-jewels\/#breadcrumb","itemListElement":[{"@type":"ListItem","position":1,"name":"Home","item":"https:\/\/www.leitao-irmao.com\/"},{"@type":"ListItem","position":2,"name":"Products","item":"https:\/\/www.leitao-irmao.com\/shop\/"},{"@type":"ListItem","position":3,"name":"Pin em prata | Sporting CP Jewels"}]},{"@type":"WebSite","@id":"https:\/\/www.leitao-irmao.com\/#website","url":"https:\/\/www.leitao-irmao.com\/","name":"Leit\u00e3o & Irm\u00e3o","description":"Joalheiros desde 1822","publisher":{"@id":"https:\/\/www.leitao-irmao.com\/#organization"},"potentialAction":[{"@type":"SearchAction","target":{"@type":"EntryPoint","urlTemplate":"https:\/\/www.leitao-irmao.com\/?s={search_term_string}"},"query-input":{"@type":"PropertyValueSpecification","valueRequired":true,"valueName":"search_term_string"}}],"inLanguage":"en-GB"},{"@type":"Organization","@id":"https:\/\/www.leitao-irmao.com\/#organization","name":"Leit\u00e3o & Irm\u00e3o","url":"https:\/\/www.leitao-irmao.com\/","logo":{"@type":"ImageObject","inLanguage":"en-GB","@id":"https:\/\/www.leitao-irmao.com\/#\/schema\/logo\/image\/","url":"https:\/\/www.leitao-irmao.com\/wp-content\/uploads\/2022\/11\/leitaoirmao-logo.png","contentUrl":"https:\/\/www.leitao-irmao.com\/wp-content\/uploads\/2022\/11\/leitaoirmao-logo.png","width":426,"height":89,"caption":"Leit\u00e3o & Irm\u00e3o"},"image":{"@id":"https:\/\/www.leitao-irmao.com\/#\/schema\/logo\/image\/"}}]}},"_links":{"self":[{"href":"https:\/\/www.leitao-irmao.com\/en\/wp-json\/wp\/v2\/product\/25998","targetHints":{"allow":["GET"]}}],"collection":[{"href":"https:\/\/www.leitao-irmao.com\/en\/wp-json\/wp\/v2\/product"}],"about":[{"href":"https:\/\/www.leitao-irmao.com\/en\/wp-json\/wp\/v2\/types\/product"}],"version-history":[{"count":2,"href":"https:\/\/www.leitao-irmao.com\/en\/wp-json\/wp\/v2\/product\/25998\/revisions"}],"predecessor-version":[{"id":33578,"href":"https:\/\/www.leitao-irmao.com\/en\/wp-json\/wp\/v2\/product\/25998\/revisions\/33578"}],"wp:featuredmedia":[{"embeddable":true,"href":"https:\/\/www.leitao-irmao.com\/en\/wp-json\/wp\/v2\/media\/26003"}],"wp:attachment":[{"href":"https:\/\/www.leitao-irmao.com\/en\/wp-json\/wp\/v2\/media?parent=25998"}],"wp:term":[{"taxonomy":"product_brand","embeddable":true,"href":"https:\/\/www.leitao-irmao.com\/en\/wp-json\/wp\/v2\/product_brand?post=25998"},{"taxonomy":"product_cat","embeddable":true,"href":"https:\/\/www.leitao-irmao.com\/en\/wp-json\/wp\/v2\/product_cat?post=25998"},{"taxonomy":"product_tag","embeddable":true,"href":"https:\/\/www.leitao-irmao.com\/en\/wp-json\/wp\/v2\/product_tag?post=25998"}],"curies":[{"name":"wp","href":"https:\/\/api.w.org\/{rel}","templated":true}]}}