{"id":26843,"date":"2024-07-31T12:14:24","date_gmt":"2024-07-31T11:14:24","guid":{"rendered":"https:\/\/www.leitao-irmao.com\/?post_type=product&#038;p=26843"},"modified":"2026-03-19T17:09:49","modified_gmt":"2026-03-19T17:09:49","slug":"lapa-em-prata-excecionais","status":"publish","type":"product","link":"https:\/\/www.leitao-irmao.com\/en\/product\/lapa-em-prata-excecionais\/","title":{"rendered":"Silver limpet | Shells"},"content":{"rendered":"","protected":false},"excerpt":{"rendered":"<p>The <em>Limpet<\/em> by Leit\u00e3o &amp; Irm\u00e3o is a piece of art that fully reflects the art of working Silver.<\/p>\n<p>This piece is crafted from a sheet of silver which is strengthened using a hammer and molds created especially for each curve of the shell. The shell is then chiseled by the leit\u00e3o &amp; Irm\u00e3o chiselers, who give it expression and detail.<\/p>\n<p>The sea inspires Casa Leit\u00e3o in its delicate forms, reflecting the brand's refinement and artisanal heritage.<\/p>\n<p>Find a selection of\u00a0<a href=\"https:\/\/www.leitao-irmao.com\/en\/product-category\/conchas\/\">conchas em prata cinzelada da Leit\u00e3o &amp; Irm\u00e3o<\/a>.<\/p>\n<p>&nbsp;<\/p>","protected":false},"featured_media":27837,"template":"","meta":{"_acf_changed":false},"product_brand":[],"product_cat":[70,626,676,129,128,130],"product_tag":[270],"class_list":{"0":"post-26843","1":"product","2":"type-product","3":"status-publish","4":"has-post-thumbnail","6":"product_cat-casa-e-decoracao","7":"product_cat-conchas","8":"product_cat-gift-selection","9":"product_cat-ofertas-para-o-casal","10":"product_cat-presentes-acima-de-10000e","11":"product_cat-presentes-de-casamento","12":"product_tag-prata","14":"first","15":"instock","16":"shipping-taxable","17":"purchasable","18":"product-type-variable"},"acf":[],"yoast_head":"<!-- This site is optimized with the Yoast SEO plugin v25.4 - https:\/\/yoast.com\/wordpress\/plugins\/seo\/ -->\n<title>Lapa em prata | Conchas | Leit\u00e3o &amp; Irm\u00e3o<\/title>\n<meta name=\"description\" content=\"Descubra a pe\u00e7a Lapa em Prata da Leit\u00e3o &amp; Irm\u00e3o. Uma cole\u00e7\u00e3o de obras em Prata, de caracter\u00edsticas invulgarmente excecionais.\" \/>\n<meta name=\"robots\" content=\"index, follow, max-snippet:-1, max-image-preview:large, max-video-preview:-1\" \/>\n<link rel=\"canonical\" href=\"https:\/\/www.leitao-irmao.com\/en\/product\/lapa-em-prata-excecionais\/\" \/>\n<meta property=\"og:locale\" content=\"en_GB\" \/>\n<meta property=\"og:type\" content=\"article\" \/>\n<meta property=\"og:title\" content=\"Lapa em prata | Conchas | Leit\u00e3o &amp; Irm\u00e3o\" \/>\n<meta property=\"og:description\" content=\"Descubra a pe\u00e7a Lapa em Prata da Leit\u00e3o &amp; Irm\u00e3o. Uma cole\u00e7\u00e3o de obras em Prata, de caracter\u00edsticas invulgarmente excecionais.\" \/>\n<meta property=\"og:url\" content=\"https:\/\/www.leitao-irmao.com\/en\/product\/lapa-em-prata-excecionais\/\" \/>\n<meta property=\"og:site_name\" content=\"Leit\u00e3o &amp; Irm\u00e3o\" \/>\n<meta property=\"article:modified_time\" content=\"2026-03-19T17:09:49+00:00\" \/>\n<meta property=\"og:image\" content=\"https:\/\/www.leitao-irmao.com\/wp-content\/uploads\/2024\/07\/107299526_3042066369207284_5563935657958729194_n.jpg\" \/>\n\t<meta property=\"og:image:width\" content=\"1080\" \/>\n\t<meta property=\"og:image:height\" content=\"1080\" \/>\n\t<meta property=\"og:image:type\" content=\"image\/jpeg\" \/>\n<meta name=\"twitter:card\" content=\"summary_large_image\" \/>\n<meta name=\"twitter:label1\" content=\"Estimated reading time\" \/>\n\t<meta name=\"twitter:data1\" content=\"1 minute\" \/>\n<script type=\"application\/ld+json\" class=\"yoast-schema-graph\">{\"@context\":\"https:\/\/schema.org\",\"@graph\":[{\"@type\":\"WebPage\",\"@id\":\"https:\/\/www.leitao-irmao.com\/product\/lapa-em-prata-excecionais\/\",\"url\":\"https:\/\/www.leitao-irmao.com\/product\/lapa-em-prata-excecionais\/\",\"name\":\"Lapa em prata | Conchas | Leit\u00e3o &amp; Irm\u00e3o\",\"isPartOf\":{\"@id\":\"https:\/\/www.leitao-irmao.com\/#website\"},\"primaryImageOfPage\":{\"@id\":\"https:\/\/www.leitao-irmao.com\/product\/lapa-em-prata-excecionais\/#primaryimage\"},\"image\":{\"@id\":\"https:\/\/www.leitao-irmao.com\/product\/lapa-em-prata-excecionais\/#primaryimage\"},\"thumbnailUrl\":\"https:\/\/www.leitao-irmao.com\/wp-content\/uploads\/2024\/07\/107299526_3042066369207284_5563935657958729194_n.jpg\",\"datePublished\":\"2024-07-31T11:14:24+00:00\",\"dateModified\":\"2026-03-19T17:09:49+00:00\",\"description\":\"Descubra a pe\u00e7a Lapa em Prata da Leit\u00e3o & Irm\u00e3o. Uma cole\u00e7\u00e3o de obras em Prata, de caracter\u00edsticas invulgarmente excecionais.\",\"breadcrumb\":{\"@id\":\"https:\/\/www.leitao-irmao.com\/product\/lapa-em-prata-excecionais\/#breadcrumb\"},\"inLanguage\":\"en-GB\",\"potentialAction\":[{\"@type\":\"ReadAction\",\"target\":[\"https:\/\/www.leitao-irmao.com\/product\/lapa-em-prata-excecionais\/\"]}]},{\"@type\":\"ImageObject\",\"inLanguage\":\"en-GB\",\"@id\":\"https:\/\/www.leitao-irmao.com\/product\/lapa-em-prata-excecionais\/#primaryimage\",\"url\":\"https:\/\/www.leitao-irmao.com\/wp-content\/uploads\/2024\/07\/107299526_3042066369207284_5563935657958729194_n.jpg\",\"contentUrl\":\"https:\/\/www.leitao-irmao.com\/wp-content\/uploads\/2024\/07\/107299526_3042066369207284_5563935657958729194_n.jpg\",\"width\":1080,\"height\":1080,\"caption\":\"Lapa em prata da cole\u00e7\u00e3o excecionais da Leit\u00e3o & Irm\u00e3o\"},{\"@type\":\"BreadcrumbList\",\"@id\":\"https:\/\/www.leitao-irmao.com\/product\/lapa-em-prata-excecionais\/#breadcrumb\",\"itemListElement\":[{\"@type\":\"ListItem\",\"position\":1,\"name\":\"Home\",\"item\":\"https:\/\/www.leitao-irmao.com\/\"},{\"@type\":\"ListItem\",\"position\":2,\"name\":\"Products\",\"item\":\"https:\/\/www.leitao-irmao.com\/shop\/\"},{\"@type\":\"ListItem\",\"position\":3,\"name\":\"Lapa em prata | Conchas\"}]},{\"@type\":\"WebSite\",\"@id\":\"https:\/\/www.leitao-irmao.com\/#website\",\"url\":\"https:\/\/www.leitao-irmao.com\/\",\"name\":\"Leit\u00e3o & Irm\u00e3o\",\"description\":\"Joalheiros desde 1822\",\"publisher\":{\"@id\":\"https:\/\/www.leitao-irmao.com\/#organization\"},\"potentialAction\":[{\"@type\":\"SearchAction\",\"target\":{\"@type\":\"EntryPoint\",\"urlTemplate\":\"https:\/\/www.leitao-irmao.com\/?s={search_term_string}\"},\"query-input\":{\"@type\":\"PropertyValueSpecification\",\"valueRequired\":true,\"valueName\":\"search_term_string\"}}],\"inLanguage\":\"en-GB\"},{\"@type\":\"Organization\",\"@id\":\"https:\/\/www.leitao-irmao.com\/#organization\",\"name\":\"Leit\u00e3o & Irm\u00e3o\",\"url\":\"https:\/\/www.leitao-irmao.com\/\",\"logo\":{\"@type\":\"ImageObject\",\"inLanguage\":\"en-GB\",\"@id\":\"https:\/\/www.leitao-irmao.com\/#\/schema\/logo\/image\/\",\"url\":\"https:\/\/www.leitao-irmao.com\/wp-content\/uploads\/2022\/11\/leitaoirmao-logo.png\",\"contentUrl\":\"https:\/\/www.leitao-irmao.com\/wp-content\/uploads\/2022\/11\/leitaoirmao-logo.png\",\"width\":426,\"height\":89,\"caption\":\"Leit\u00e3o & Irm\u00e3o\"},\"image\":{\"@id\":\"https:\/\/www.leitao-irmao.com\/#\/schema\/logo\/image\/\"}}]}<\/script>\n<!-- \/ Yoast SEO plugin. -->","yoast_head_json":{"title":"Lapa em prata | Conchas | Leit\u00e3o &amp; Irm\u00e3o","description":"Descubra a pe\u00e7a Lapa em Prata da Leit\u00e3o & Irm\u00e3o. Uma cole\u00e7\u00e3o de obras em Prata, de caracter\u00edsticas invulgarmente excecionais.","robots":{"index":"index","follow":"follow","max-snippet":"max-snippet:-1","max-image-preview":"max-image-preview:large","max-video-preview":"max-video-preview:-1"},"canonical":"https:\/\/www.leitao-irmao.com\/en\/product\/lapa-em-prata-excecionais\/","og_locale":"en_GB","og_type":"article","og_title":"Lapa em prata | Conchas | Leit\u00e3o &amp; Irm\u00e3o","og_description":"Descubra a pe\u00e7a Lapa em Prata da Leit\u00e3o & Irm\u00e3o. Uma cole\u00e7\u00e3o de obras em Prata, de caracter\u00edsticas invulgarmente excecionais.","og_url":"https:\/\/www.leitao-irmao.com\/en\/product\/lapa-em-prata-excecionais\/","og_site_name":"Leit\u00e3o &amp; Irm\u00e3o","article_modified_time":"2026-03-19T17:09:49+00:00","og_image":[{"width":1080,"height":1080,"url":"https:\/\/www.leitao-irmao.com\/wp-content\/uploads\/2024\/07\/107299526_3042066369207284_5563935657958729194_n.jpg","type":"image\/jpeg"}],"twitter_card":"summary_large_image","twitter_misc":{"Estimated reading time":"1 minute"},"schema":{"@context":"https:\/\/schema.org","@graph":[{"@type":"WebPage","@id":"https:\/\/www.leitao-irmao.com\/product\/lapa-em-prata-excecionais\/","url":"https:\/\/www.leitao-irmao.com\/product\/lapa-em-prata-excecionais\/","name":"Lapa em prata | Conchas | Leit\u00e3o &amp; Irm\u00e3o","isPartOf":{"@id":"https:\/\/www.leitao-irmao.com\/#website"},"primaryImageOfPage":{"@id":"https:\/\/www.leitao-irmao.com\/product\/lapa-em-prata-excecionais\/#primaryimage"},"image":{"@id":"https:\/\/www.leitao-irmao.com\/product\/lapa-em-prata-excecionais\/#primaryimage"},"thumbnailUrl":"https:\/\/www.leitao-irmao.com\/wp-content\/uploads\/2024\/07\/107299526_3042066369207284_5563935657958729194_n.jpg","datePublished":"2024-07-31T11:14:24+00:00","dateModified":"2026-03-19T17:09:49+00:00","description":"Descubra a pe\u00e7a Lapa em Prata da Leit\u00e3o & Irm\u00e3o. Uma cole\u00e7\u00e3o de obras em Prata, de caracter\u00edsticas invulgarmente excecionais.","breadcrumb":{"@id":"https:\/\/www.leitao-irmao.com\/product\/lapa-em-prata-excecionais\/#breadcrumb"},"inLanguage":"en-GB","potentialAction":[{"@type":"ReadAction","target":["https:\/\/www.leitao-irmao.com\/product\/lapa-em-prata-excecionais\/"]}]},{"@type":"ImageObject","inLanguage":"en-GB","@id":"https:\/\/www.leitao-irmao.com\/product\/lapa-em-prata-excecionais\/#primaryimage","url":"https:\/\/www.leitao-irmao.com\/wp-content\/uploads\/2024\/07\/107299526_3042066369207284_5563935657958729194_n.jpg","contentUrl":"https:\/\/www.leitao-irmao.com\/wp-content\/uploads\/2024\/07\/107299526_3042066369207284_5563935657958729194_n.jpg","width":1080,"height":1080,"caption":"Lapa em prata da cole\u00e7\u00e3o excecionais da Leit\u00e3o & Irm\u00e3o"},{"@type":"BreadcrumbList","@id":"https:\/\/www.leitao-irmao.com\/product\/lapa-em-prata-excecionais\/#breadcrumb","itemListElement":[{"@type":"ListItem","position":1,"name":"Home","item":"https:\/\/www.leitao-irmao.com\/"},{"@type":"ListItem","position":2,"name":"Products","item":"https:\/\/www.leitao-irmao.com\/shop\/"},{"@type":"ListItem","position":3,"name":"Lapa em prata | Conchas"}]},{"@type":"WebSite","@id":"https:\/\/www.leitao-irmao.com\/#website","url":"https:\/\/www.leitao-irmao.com\/","name":"Leit\u00e3o & Irm\u00e3o","description":"Joalheiros desde 1822","publisher":{"@id":"https:\/\/www.leitao-irmao.com\/#organization"},"potentialAction":[{"@type":"SearchAction","target":{"@type":"EntryPoint","urlTemplate":"https:\/\/www.leitao-irmao.com\/?s={search_term_string}"},"query-input":{"@type":"PropertyValueSpecification","valueRequired":true,"valueName":"search_term_string"}}],"inLanguage":"en-GB"},{"@type":"Organization","@id":"https:\/\/www.leitao-irmao.com\/#organization","name":"Leit\u00e3o & Irm\u00e3o","url":"https:\/\/www.leitao-irmao.com\/","logo":{"@type":"ImageObject","inLanguage":"en-GB","@id":"https:\/\/www.leitao-irmao.com\/#\/schema\/logo\/image\/","url":"https:\/\/www.leitao-irmao.com\/wp-content\/uploads\/2022\/11\/leitaoirmao-logo.png","contentUrl":"https:\/\/www.leitao-irmao.com\/wp-content\/uploads\/2022\/11\/leitaoirmao-logo.png","width":426,"height":89,"caption":"Leit\u00e3o & Irm\u00e3o"},"image":{"@id":"https:\/\/www.leitao-irmao.com\/#\/schema\/logo\/image\/"}}]}},"_links":{"self":[{"href":"https:\/\/www.leitao-irmao.com\/en\/wp-json\/wp\/v2\/product\/26843","targetHints":{"allow":["GET"]}}],"collection":[{"href":"https:\/\/www.leitao-irmao.com\/en\/wp-json\/wp\/v2\/product"}],"about":[{"href":"https:\/\/www.leitao-irmao.com\/en\/wp-json\/wp\/v2\/types\/product"}],"version-history":[{"count":1,"href":"https:\/\/www.leitao-irmao.com\/en\/wp-json\/wp\/v2\/product\/26843\/revisions"}],"predecessor-version":[{"id":34286,"href":"https:\/\/www.leitao-irmao.com\/en\/wp-json\/wp\/v2\/product\/26843\/revisions\/34286"}],"wp:featuredmedia":[{"embeddable":true,"href":"https:\/\/www.leitao-irmao.com\/en\/wp-json\/wp\/v2\/media\/27837"}],"wp:attachment":[{"href":"https:\/\/www.leitao-irmao.com\/en\/wp-json\/wp\/v2\/media?parent=26843"}],"wp:term":[{"taxonomy":"product_brand","embeddable":true,"href":"https:\/\/www.leitao-irmao.com\/en\/wp-json\/wp\/v2\/product_brand?post=26843"},{"taxonomy":"product_cat","embeddable":true,"href":"https:\/\/www.leitao-irmao.com\/en\/wp-json\/wp\/v2\/product_cat?post=26843"},{"taxonomy":"product_tag","embeddable":true,"href":"https:\/\/www.leitao-irmao.com\/en\/wp-json\/wp\/v2\/product_tag?post=26843"}],"curies":[{"name":"wp","href":"https:\/\/api.w.org\/{rel}","templated":true}]}}