{"id":26983,"date":"2024-08-21T12:04:41","date_gmt":"2024-08-21T11:04:41","guid":{"rendered":"https:\/\/www.leitao-irmao.com\/?post_type=product&#038;p=26983"},"modified":"2026-02-12T09:58:02","modified_gmt":"2026-02-12T09:58:02","slug":"anel-reversivel-em-ouro-com-diamantes-inverso","status":"publish","type":"product","link":"https:\/\/www.leitao-irmao.com\/en\/product\/anel-reversivel-em-ouro-com-diamantes-inverso\/","title":{"rendered":"Gold ring with diamonds | Inverso"},"content":{"rendered":"","protected":false},"excerpt":{"rendered":"<p><span data-sheets-value=\"{&quot;1&quot;:2,&quot;2&quot;:&quot;Com diamantes e safiras azuis, o anel da cole\u00e7\u00e3o inverso \u00e9 uma pe\u00e7a revers\u00edvel que se adapta a qualquer momento e ocasi\u00e3o.&quot;}\" data-sheets-userformat=\"{&quot;2&quot;:14721,&quot;3&quot;:{&quot;1&quot;:0,&quot;3&quot;:1},&quot;10&quot;:1,&quot;11&quot;:4,&quot;14&quot;:{&quot;1&quot;:2,&quot;2&quot;:0},&quot;15&quot;:&quot;Arial&quot;,&quot;16&quot;:10}\">Set with diamonds, the ring from the Inverso collection is a reversible piece that adapts to any moment and occasion.<\/span><\/p>","protected":false},"featured_media":26992,"template":"","meta":{"_acf_changed":false},"product_brand":[],"product_cat":[82,243,79,141,126],"product_tag":[275,278,271],"class_list":{"0":"post-26983","1":"product","2":"type-product","3":"status-publish","4":"has-post-thumbnail","6":"product_cat-aneis","7":"product_cat-inverso","8":"product_cat-joalharia","9":"product_cat-para-ela","10":"product_cat-presentes-entre-2500e-a-5000e","11":"product_tag-diamantes","12":"product_tag-mulher","13":"product_tag-ouro","15":"first","16":"instock","17":"shipping-taxable","18":"purchasable","19":"product-type-variable"},"acf":[],"yoast_head":"<!-- This site is optimized with the Yoast SEO plugin v25.4 - https:\/\/yoast.com\/wordpress\/plugins\/seo\/ -->\n<title>Anel em ouro com diamantes | Inverso | Leit\u00e3o &amp; Irm\u00e3o<\/title>\n<meta name=\"description\" content=\"Com diamantes, o anel da cole\u00e7\u00e3o Inverso \u00e9 uma pe\u00e7a revers\u00edvel que se adapta a qualquer momento e ocasi\u00e3o.\" \/>\n<meta name=\"robots\" content=\"index, follow, max-snippet:-1, max-image-preview:large, max-video-preview:-1\" \/>\n<link rel=\"canonical\" href=\"https:\/\/www.leitao-irmao.com\/en\/product\/anel-reversivel-em-ouro-com-diamantes-inverso\/\" \/>\n<meta property=\"og:locale\" content=\"en_GB\" \/>\n<meta property=\"og:type\" content=\"article\" \/>\n<meta property=\"og:title\" content=\"Anel em ouro com diamantes | Inverso | Leit\u00e3o &amp; Irm\u00e3o\" \/>\n<meta property=\"og:description\" content=\"Com diamantes, o anel da cole\u00e7\u00e3o Inverso \u00e9 uma pe\u00e7a revers\u00edvel que se adapta a qualquer momento e ocasi\u00e3o.\" \/>\n<meta property=\"og:url\" content=\"https:\/\/www.leitao-irmao.com\/en\/product\/anel-reversivel-em-ouro-com-diamantes-inverso\/\" \/>\n<meta property=\"og:site_name\" content=\"Leit\u00e3o &amp; Irm\u00e3o\" \/>\n<meta property=\"article:modified_time\" content=\"2026-02-12T09:58:02+00:00\" \/>\n<meta property=\"og:image\" content=\"https:\/\/www.leitao-irmao.com\/wp-content\/uploads\/2024\/08\/0206463-Anel-Cordao-Portugues-em-Ouro-Amarelo-com-Diamantes.jpg\" \/>\n\t<meta property=\"og:image:width\" content=\"721\" \/>\n\t<meta property=\"og:image:height\" content=\"721\" \/>\n\t<meta property=\"og:image:type\" content=\"image\/jpeg\" \/>\n<meta name=\"twitter:card\" content=\"summary_large_image\" \/>\n<meta name=\"twitter:label1\" content=\"Estimated reading time\" \/>\n\t<meta name=\"twitter:data1\" content=\"1 minute\" \/>\n<script type=\"application\/ld+json\" class=\"yoast-schema-graph\">{\"@context\":\"https:\/\/schema.org\",\"@graph\":[{\"@type\":\"WebPage\",\"@id\":\"https:\/\/www.leitao-irmao.com\/product\/anel-reversivel-em-ouro-com-diamantes-inverso\/\",\"url\":\"https:\/\/www.leitao-irmao.com\/product\/anel-reversivel-em-ouro-com-diamantes-inverso\/\",\"name\":\"Anel em ouro com diamantes | Inverso | Leit\u00e3o &amp; Irm\u00e3o\",\"isPartOf\":{\"@id\":\"https:\/\/www.leitao-irmao.com\/#website\"},\"primaryImageOfPage\":{\"@id\":\"https:\/\/www.leitao-irmao.com\/product\/anel-reversivel-em-ouro-com-diamantes-inverso\/#primaryimage\"},\"image\":{\"@id\":\"https:\/\/www.leitao-irmao.com\/product\/anel-reversivel-em-ouro-com-diamantes-inverso\/#primaryimage\"},\"thumbnailUrl\":\"https:\/\/www.leitao-irmao.com\/wp-content\/uploads\/2024\/08\/0206463-Anel-Cordao-Portugues-em-Ouro-Amarelo-com-Diamantes.jpg\",\"datePublished\":\"2024-08-21T11:04:41+00:00\",\"dateModified\":\"2026-02-12T09:58:02+00:00\",\"description\":\"Com diamantes, o anel da cole\u00e7\u00e3o Inverso \u00e9 uma pe\u00e7a revers\u00edvel que se adapta a qualquer momento e ocasi\u00e3o.\",\"breadcrumb\":{\"@id\":\"https:\/\/www.leitao-irmao.com\/product\/anel-reversivel-em-ouro-com-diamantes-inverso\/#breadcrumb\"},\"inLanguage\":\"en-GB\",\"potentialAction\":[{\"@type\":\"ReadAction\",\"target\":[\"https:\/\/www.leitao-irmao.com\/product\/anel-reversivel-em-ouro-com-diamantes-inverso\/\"]}]},{\"@type\":\"ImageObject\",\"inLanguage\":\"en-GB\",\"@id\":\"https:\/\/www.leitao-irmao.com\/product\/anel-reversivel-em-ouro-com-diamantes-inverso\/#primaryimage\",\"url\":\"https:\/\/www.leitao-irmao.com\/wp-content\/uploads\/2024\/08\/0206463-Anel-Cordao-Portugues-em-Ouro-Amarelo-com-Diamantes.jpg\",\"contentUrl\":\"https:\/\/www.leitao-irmao.com\/wp-content\/uploads\/2024\/08\/0206463-Anel-Cordao-Portugues-em-Ouro-Amarelo-com-Diamantes.jpg\",\"width\":721,\"height\":721,\"caption\":\"Anel em ouro amarelo com a aplica\u00e7\u00e3o de diamantes da Leit\u00e3o & Irm\u00e3o.\"},{\"@type\":\"BreadcrumbList\",\"@id\":\"https:\/\/www.leitao-irmao.com\/product\/anel-reversivel-em-ouro-com-diamantes-inverso\/#breadcrumb\",\"itemListElement\":[{\"@type\":\"ListItem\",\"position\":1,\"name\":\"Home\",\"item\":\"https:\/\/www.leitao-irmao.com\/\"},{\"@type\":\"ListItem\",\"position\":2,\"name\":\"Products\",\"item\":\"https:\/\/www.leitao-irmao.com\/shop\/\"},{\"@type\":\"ListItem\",\"position\":3,\"name\":\"Anel em ouro com diamantes | Inverso\"}]},{\"@type\":\"WebSite\",\"@id\":\"https:\/\/www.leitao-irmao.com\/#website\",\"url\":\"https:\/\/www.leitao-irmao.com\/\",\"name\":\"Leit\u00e3o & Irm\u00e3o\",\"description\":\"Joalheiros desde 1822\",\"publisher\":{\"@id\":\"https:\/\/www.leitao-irmao.com\/#organization\"},\"potentialAction\":[{\"@type\":\"SearchAction\",\"target\":{\"@type\":\"EntryPoint\",\"urlTemplate\":\"https:\/\/www.leitao-irmao.com\/?s={search_term_string}\"},\"query-input\":{\"@type\":\"PropertyValueSpecification\",\"valueRequired\":true,\"valueName\":\"search_term_string\"}}],\"inLanguage\":\"en-GB\"},{\"@type\":\"Organization\",\"@id\":\"https:\/\/www.leitao-irmao.com\/#organization\",\"name\":\"Leit\u00e3o & Irm\u00e3o\",\"url\":\"https:\/\/www.leitao-irmao.com\/\",\"logo\":{\"@type\":\"ImageObject\",\"inLanguage\":\"en-GB\",\"@id\":\"https:\/\/www.leitao-irmao.com\/#\/schema\/logo\/image\/\",\"url\":\"https:\/\/www.leitao-irmao.com\/wp-content\/uploads\/2022\/11\/leitaoirmao-logo.png\",\"contentUrl\":\"https:\/\/www.leitao-irmao.com\/wp-content\/uploads\/2022\/11\/leitaoirmao-logo.png\",\"width\":426,\"height\":89,\"caption\":\"Leit\u00e3o & Irm\u00e3o\"},\"image\":{\"@id\":\"https:\/\/www.leitao-irmao.com\/#\/schema\/logo\/image\/\"}}]}<\/script>\n<!-- \/ Yoast SEO plugin. -->","yoast_head_json":{"title":"Anel em ouro com diamantes | Inverso | Leit\u00e3o &amp; Irm\u00e3o","description":"Com diamantes, o anel da cole\u00e7\u00e3o Inverso \u00e9 uma pe\u00e7a revers\u00edvel que se adapta a qualquer momento e ocasi\u00e3o.","robots":{"index":"index","follow":"follow","max-snippet":"max-snippet:-1","max-image-preview":"max-image-preview:large","max-video-preview":"max-video-preview:-1"},"canonical":"https:\/\/www.leitao-irmao.com\/en\/product\/anel-reversivel-em-ouro-com-diamantes-inverso\/","og_locale":"en_GB","og_type":"article","og_title":"Anel em ouro com diamantes | Inverso | Leit\u00e3o &amp; Irm\u00e3o","og_description":"Com diamantes, o anel da cole\u00e7\u00e3o Inverso \u00e9 uma pe\u00e7a revers\u00edvel que se adapta a qualquer momento e ocasi\u00e3o.","og_url":"https:\/\/www.leitao-irmao.com\/en\/product\/anel-reversivel-em-ouro-com-diamantes-inverso\/","og_site_name":"Leit\u00e3o &amp; Irm\u00e3o","article_modified_time":"2026-02-12T09:58:02+00:00","og_image":[{"width":721,"height":721,"url":"https:\/\/www.leitao-irmao.com\/wp-content\/uploads\/2024\/08\/0206463-Anel-Cordao-Portugues-em-Ouro-Amarelo-com-Diamantes.jpg","type":"image\/jpeg"}],"twitter_card":"summary_large_image","twitter_misc":{"Estimated reading time":"1 minute"},"schema":{"@context":"https:\/\/schema.org","@graph":[{"@type":"WebPage","@id":"https:\/\/www.leitao-irmao.com\/product\/anel-reversivel-em-ouro-com-diamantes-inverso\/","url":"https:\/\/www.leitao-irmao.com\/product\/anel-reversivel-em-ouro-com-diamantes-inverso\/","name":"Anel em ouro com diamantes | Inverso | Leit\u00e3o &amp; Irm\u00e3o","isPartOf":{"@id":"https:\/\/www.leitao-irmao.com\/#website"},"primaryImageOfPage":{"@id":"https:\/\/www.leitao-irmao.com\/product\/anel-reversivel-em-ouro-com-diamantes-inverso\/#primaryimage"},"image":{"@id":"https:\/\/www.leitao-irmao.com\/product\/anel-reversivel-em-ouro-com-diamantes-inverso\/#primaryimage"},"thumbnailUrl":"https:\/\/www.leitao-irmao.com\/wp-content\/uploads\/2024\/08\/0206463-Anel-Cordao-Portugues-em-Ouro-Amarelo-com-Diamantes.jpg","datePublished":"2024-08-21T11:04:41+00:00","dateModified":"2026-02-12T09:58:02+00:00","description":"Com diamantes, o anel da cole\u00e7\u00e3o Inverso \u00e9 uma pe\u00e7a revers\u00edvel que se adapta a qualquer momento e ocasi\u00e3o.","breadcrumb":{"@id":"https:\/\/www.leitao-irmao.com\/product\/anel-reversivel-em-ouro-com-diamantes-inverso\/#breadcrumb"},"inLanguage":"en-GB","potentialAction":[{"@type":"ReadAction","target":["https:\/\/www.leitao-irmao.com\/product\/anel-reversivel-em-ouro-com-diamantes-inverso\/"]}]},{"@type":"ImageObject","inLanguage":"en-GB","@id":"https:\/\/www.leitao-irmao.com\/product\/anel-reversivel-em-ouro-com-diamantes-inverso\/#primaryimage","url":"https:\/\/www.leitao-irmao.com\/wp-content\/uploads\/2024\/08\/0206463-Anel-Cordao-Portugues-em-Ouro-Amarelo-com-Diamantes.jpg","contentUrl":"https:\/\/www.leitao-irmao.com\/wp-content\/uploads\/2024\/08\/0206463-Anel-Cordao-Portugues-em-Ouro-Amarelo-com-Diamantes.jpg","width":721,"height":721,"caption":"Anel em ouro amarelo com a aplica\u00e7\u00e3o de diamantes da Leit\u00e3o & Irm\u00e3o."},{"@type":"BreadcrumbList","@id":"https:\/\/www.leitao-irmao.com\/product\/anel-reversivel-em-ouro-com-diamantes-inverso\/#breadcrumb","itemListElement":[{"@type":"ListItem","position":1,"name":"Home","item":"https:\/\/www.leitao-irmao.com\/"},{"@type":"ListItem","position":2,"name":"Products","item":"https:\/\/www.leitao-irmao.com\/shop\/"},{"@type":"ListItem","position":3,"name":"Anel em ouro com diamantes | Inverso"}]},{"@type":"WebSite","@id":"https:\/\/www.leitao-irmao.com\/#website","url":"https:\/\/www.leitao-irmao.com\/","name":"Leit\u00e3o & Irm\u00e3o","description":"Joalheiros desde 1822","publisher":{"@id":"https:\/\/www.leitao-irmao.com\/#organization"},"potentialAction":[{"@type":"SearchAction","target":{"@type":"EntryPoint","urlTemplate":"https:\/\/www.leitao-irmao.com\/?s={search_term_string}"},"query-input":{"@type":"PropertyValueSpecification","valueRequired":true,"valueName":"search_term_string"}}],"inLanguage":"en-GB"},{"@type":"Organization","@id":"https:\/\/www.leitao-irmao.com\/#organization","name":"Leit\u00e3o & Irm\u00e3o","url":"https:\/\/www.leitao-irmao.com\/","logo":{"@type":"ImageObject","inLanguage":"en-GB","@id":"https:\/\/www.leitao-irmao.com\/#\/schema\/logo\/image\/","url":"https:\/\/www.leitao-irmao.com\/wp-content\/uploads\/2022\/11\/leitaoirmao-logo.png","contentUrl":"https:\/\/www.leitao-irmao.com\/wp-content\/uploads\/2022\/11\/leitaoirmao-logo.png","width":426,"height":89,"caption":"Leit\u00e3o & Irm\u00e3o"},"image":{"@id":"https:\/\/www.leitao-irmao.com\/#\/schema\/logo\/image\/"}}]}},"_links":{"self":[{"href":"https:\/\/www.leitao-irmao.com\/en\/wp-json\/wp\/v2\/product\/26983","targetHints":{"allow":["GET"]}}],"collection":[{"href":"https:\/\/www.leitao-irmao.com\/en\/wp-json\/wp\/v2\/product"}],"about":[{"href":"https:\/\/www.leitao-irmao.com\/en\/wp-json\/wp\/v2\/types\/product"}],"version-history":[{"count":1,"href":"https:\/\/www.leitao-irmao.com\/en\/wp-json\/wp\/v2\/product\/26983\/revisions"}],"predecessor-version":[{"id":36362,"href":"https:\/\/www.leitao-irmao.com\/en\/wp-json\/wp\/v2\/product\/26983\/revisions\/36362"}],"wp:featuredmedia":[{"embeddable":true,"href":"https:\/\/www.leitao-irmao.com\/en\/wp-json\/wp\/v2\/media\/26992"}],"wp:attachment":[{"href":"https:\/\/www.leitao-irmao.com\/en\/wp-json\/wp\/v2\/media?parent=26983"}],"wp:term":[{"taxonomy":"product_brand","embeddable":true,"href":"https:\/\/www.leitao-irmao.com\/en\/wp-json\/wp\/v2\/product_brand?post=26983"},{"taxonomy":"product_cat","embeddable":true,"href":"https:\/\/www.leitao-irmao.com\/en\/wp-json\/wp\/v2\/product_cat?post=26983"},{"taxonomy":"product_tag","embeddable":true,"href":"https:\/\/www.leitao-irmao.com\/en\/wp-json\/wp\/v2\/product_tag?post=26983"}],"curies":[{"name":"wp","href":"https:\/\/api.w.org\/{rel}","templated":true}]}}