{"id":27173,"date":"2024-09-06T13:05:52","date_gmt":"2024-09-06T12:05:52","guid":{"rendered":"https:\/\/www.leitao-irmao.com\/?post_type=product&#038;p=27173"},"modified":"2026-03-26T12:14:14","modified_gmt":"2026-03-26T12:14:14","slug":"pendente-ninja-caracteres-chineses","status":"publish","type":"product","link":"https:\/\/www.leitao-irmao.com\/en\/product\/pendente-ninja-caracteres-chineses\/","title":{"rendered":"Ninja pendant | Chinese characters"},"content":{"rendered":"<p>Descubra o Pendente Ninja em prata da Leit\u00e3o &amp; Irm\u00e3o. Cada s\u00edmbolo carrega uma hist\u00f3ria, uma energia, um prop\u00f3sito. Ao usarmos estas pe\u00e7as, carregamos connosco um peda\u00e7o do mundo, uma promessa de viver com mais consci\u00eancia, amor e harmonia.<\/p>\n<p>The Chinese character ninja symbolizes \u201cperson who endures\u201d or \u201cperson who tolerates\u201d, reflecting the ninja's ability to operate with discretion and resilience.<\/p>","protected":false},"excerpt":{"rendered":"<p>Descubra o Pendente Ninja em prata da Leit\u00e3o &amp; Irm\u00e3o. Cada s\u00edmbolo carrega uma hist\u00f3ria, uma energia, um prop\u00f3sito. Ao usarmos estas pe\u00e7as, carregamos connosco um peda\u00e7o do mundo, uma promessa de viver com mais consci\u00eancia, amor e harmonia.<\/p>\n<p>The Chinese character ninja symbolizes \u201cperson who endures\u201d or \u201cperson who tolerates\u201d, reflecting the ninja's ability to operate with discretion and resilience.<\/p>","protected":false},"featured_media":27174,"template":"","meta":{"_acf_changed":false},"product_brand":[],"product_cat":[239,79,141,140,86,122],"product_tag":[277,278,270,279],"class_list":{"0":"post-27173","1":"product","2":"type-product","3":"status-publish","4":"has-post-thumbnail","6":"product_cat-gaia","7":"product_cat-joalharia","8":"product_cat-para-ela","9":"product_cat-para-ele","10":"product_cat-pendentes","11":"product_cat-presentes-inferiores-a-150e","12":"product_tag-homem","13":"product_tag-mulher","14":"product_tag-prata","15":"product_tag-unissexo","17":"first","18":"instock","19":"shipping-taxable","20":"purchasable","21":"product-type-simple"},"acf":[],"yoast_head":"<!-- This site is optimized with the Yoast SEO plugin v25.4 - https:\/\/yoast.com\/wordpress\/plugins\/seo\/ -->\n<title>Pendente Ninja | Caracteres Chineses | Leit\u00e3o &amp; Irm\u00e3o<\/title>\n<meta name=\"description\" content=\"Ninja, pendente em prata da Leit\u00e3o &amp; Irm\u00e3o simboliza &quot;pessoa que suporta&quot; ou &quot;pessoa que tolera&quot;, habilidade d operar com discri\u00e7\u00e3o e resili\u00eancia.\" \/>\n<meta name=\"robots\" content=\"index, follow, max-snippet:-1, max-image-preview:large, max-video-preview:-1\" \/>\n<link rel=\"canonical\" href=\"https:\/\/www.leitao-irmao.com\/en\/product\/pendente-ninja-caracteres-chineses\/\" \/>\n<meta property=\"og:locale\" content=\"en_GB\" \/>\n<meta property=\"og:type\" content=\"article\" \/>\n<meta property=\"og:title\" content=\"Pendente Ninja | Caracteres Chineses | Leit\u00e3o &amp; Irm\u00e3o\" \/>\n<meta property=\"og:description\" content=\"Ninja, pendente em prata da Leit\u00e3o &amp; Irm\u00e3o simboliza &quot;pessoa que suporta&quot; ou &quot;pessoa que tolera&quot;, habilidade d operar com discri\u00e7\u00e3o e resili\u00eancia.\" \/>\n<meta property=\"og:url\" content=\"https:\/\/www.leitao-irmao.com\/en\/product\/pendente-ninja-caracteres-chineses\/\" \/>\n<meta property=\"og:site_name\" content=\"Leit\u00e3o &amp; Irm\u00e3o\" \/>\n<meta property=\"article:modified_time\" content=\"2026-03-26T12:14:14+00:00\" \/>\n<meta property=\"og:image\" content=\"https:\/\/www.leitao-irmao.com\/wp-content\/uploads\/2024\/09\/Ninja.jpg\" \/>\n\t<meta property=\"og:image:width\" content=\"1080\" \/>\n\t<meta property=\"og:image:height\" content=\"1080\" \/>\n\t<meta property=\"og:image:type\" content=\"image\/jpeg\" \/>\n<meta name=\"twitter:card\" content=\"summary_large_image\" \/>\n<meta name=\"twitter:label1\" content=\"Estimated reading time\" \/>\n\t<meta name=\"twitter:data1\" content=\"1 minute\" \/>\n<script type=\"application\/ld+json\" class=\"yoast-schema-graph\">{\"@context\":\"https:\/\/schema.org\",\"@graph\":[{\"@type\":\"WebPage\",\"@id\":\"https:\/\/www.leitao-irmao.com\/product\/pendente-ninja-caracteres-chineses\/\",\"url\":\"https:\/\/www.leitao-irmao.com\/product\/pendente-ninja-caracteres-chineses\/\",\"name\":\"Pendente Ninja | Caracteres Chineses | Leit\u00e3o &amp; Irm\u00e3o\",\"isPartOf\":{\"@id\":\"https:\/\/www.leitao-irmao.com\/#website\"},\"primaryImageOfPage\":{\"@id\":\"https:\/\/www.leitao-irmao.com\/product\/pendente-ninja-caracteres-chineses\/#primaryimage\"},\"image\":{\"@id\":\"https:\/\/www.leitao-irmao.com\/product\/pendente-ninja-caracteres-chineses\/#primaryimage\"},\"thumbnailUrl\":\"https:\/\/www.leitao-irmao.com\/wp-content\/uploads\/2024\/09\/Ninja.jpg\",\"datePublished\":\"2024-09-06T12:05:52+00:00\",\"dateModified\":\"2026-03-26T12:14:14+00:00\",\"description\":\"Ninja, pendente em prata da Leit\u00e3o & Irm\u00e3o simboliza \\\"pessoa que suporta\\\" ou \\\"pessoa que tolera\\\", habilidade d operar com discri\u00e7\u00e3o e resili\u00eancia.\",\"breadcrumb\":{\"@id\":\"https:\/\/www.leitao-irmao.com\/product\/pendente-ninja-caracteres-chineses\/#breadcrumb\"},\"inLanguage\":\"en-GB\",\"potentialAction\":[{\"@type\":\"ReadAction\",\"target\":[\"https:\/\/www.leitao-irmao.com\/product\/pendente-ninja-caracteres-chineses\/\"]}]},{\"@type\":\"ImageObject\",\"inLanguage\":\"en-GB\",\"@id\":\"https:\/\/www.leitao-irmao.com\/product\/pendente-ninja-caracteres-chineses\/#primaryimage\",\"url\":\"https:\/\/www.leitao-irmao.com\/wp-content\/uploads\/2024\/09\/Ninja.jpg\",\"contentUrl\":\"https:\/\/www.leitao-irmao.com\/wp-content\/uploads\/2024\/09\/Ninja.jpg\",\"width\":1080,\"height\":1080,\"caption\":\"Pendente caracter chin\u00eas ninja em prata da leit\u00e3o & Irm\u00e3o.\"},{\"@type\":\"BreadcrumbList\",\"@id\":\"https:\/\/www.leitao-irmao.com\/product\/pendente-ninja-caracteres-chineses\/#breadcrumb\",\"itemListElement\":[{\"@type\":\"ListItem\",\"position\":1,\"name\":\"Home\",\"item\":\"https:\/\/www.leitao-irmao.com\/\"},{\"@type\":\"ListItem\",\"position\":2,\"name\":\"Products\",\"item\":\"https:\/\/www.leitao-irmao.com\/shop\/\"},{\"@type\":\"ListItem\",\"position\":3,\"name\":\"Pendente Ninja | Caracteres Chineses\"}]},{\"@type\":\"WebSite\",\"@id\":\"https:\/\/www.leitao-irmao.com\/#website\",\"url\":\"https:\/\/www.leitao-irmao.com\/\",\"name\":\"Leit\u00e3o & Irm\u00e3o\",\"description\":\"Joalheiros desde 1822\",\"publisher\":{\"@id\":\"https:\/\/www.leitao-irmao.com\/#organization\"},\"potentialAction\":[{\"@type\":\"SearchAction\",\"target\":{\"@type\":\"EntryPoint\",\"urlTemplate\":\"https:\/\/www.leitao-irmao.com\/?s={search_term_string}\"},\"query-input\":{\"@type\":\"PropertyValueSpecification\",\"valueRequired\":true,\"valueName\":\"search_term_string\"}}],\"inLanguage\":\"en-GB\"},{\"@type\":\"Organization\",\"@id\":\"https:\/\/www.leitao-irmao.com\/#organization\",\"name\":\"Leit\u00e3o & Irm\u00e3o\",\"url\":\"https:\/\/www.leitao-irmao.com\/\",\"logo\":{\"@type\":\"ImageObject\",\"inLanguage\":\"en-GB\",\"@id\":\"https:\/\/www.leitao-irmao.com\/#\/schema\/logo\/image\/\",\"url\":\"https:\/\/www.leitao-irmao.com\/wp-content\/uploads\/2022\/11\/leitaoirmao-logo.png\",\"contentUrl\":\"https:\/\/www.leitao-irmao.com\/wp-content\/uploads\/2022\/11\/leitaoirmao-logo.png\",\"width\":426,\"height\":89,\"caption\":\"Leit\u00e3o & Irm\u00e3o\"},\"image\":{\"@id\":\"https:\/\/www.leitao-irmao.com\/#\/schema\/logo\/image\/\"}}]}<\/script>\n<!-- \/ Yoast SEO plugin. -->","yoast_head_json":{"title":"Pendente Ninja | Caracteres Chineses | Leit\u00e3o &amp; Irm\u00e3o","description":"Ninja, pendente em prata da Leit\u00e3o & Irm\u00e3o simboliza \"pessoa que suporta\" ou \"pessoa que tolera\", habilidade d operar com discri\u00e7\u00e3o e resili\u00eancia.","robots":{"index":"index","follow":"follow","max-snippet":"max-snippet:-1","max-image-preview":"max-image-preview:large","max-video-preview":"max-video-preview:-1"},"canonical":"https:\/\/www.leitao-irmao.com\/en\/product\/pendente-ninja-caracteres-chineses\/","og_locale":"en_GB","og_type":"article","og_title":"Pendente Ninja | Caracteres Chineses | Leit\u00e3o &amp; Irm\u00e3o","og_description":"Ninja, pendente em prata da Leit\u00e3o & Irm\u00e3o simboliza \"pessoa que suporta\" ou \"pessoa que tolera\", habilidade d operar com discri\u00e7\u00e3o e resili\u00eancia.","og_url":"https:\/\/www.leitao-irmao.com\/en\/product\/pendente-ninja-caracteres-chineses\/","og_site_name":"Leit\u00e3o &amp; Irm\u00e3o","article_modified_time":"2026-03-26T12:14:14+00:00","og_image":[{"width":1080,"height":1080,"url":"https:\/\/www.leitao-irmao.com\/wp-content\/uploads\/2024\/09\/Ninja.jpg","type":"image\/jpeg"}],"twitter_card":"summary_large_image","twitter_misc":{"Estimated reading time":"1 minute"},"schema":{"@context":"https:\/\/schema.org","@graph":[{"@type":"WebPage","@id":"https:\/\/www.leitao-irmao.com\/product\/pendente-ninja-caracteres-chineses\/","url":"https:\/\/www.leitao-irmao.com\/product\/pendente-ninja-caracteres-chineses\/","name":"Pendente Ninja | Caracteres Chineses | Leit\u00e3o &amp; Irm\u00e3o","isPartOf":{"@id":"https:\/\/www.leitao-irmao.com\/#website"},"primaryImageOfPage":{"@id":"https:\/\/www.leitao-irmao.com\/product\/pendente-ninja-caracteres-chineses\/#primaryimage"},"image":{"@id":"https:\/\/www.leitao-irmao.com\/product\/pendente-ninja-caracteres-chineses\/#primaryimage"},"thumbnailUrl":"https:\/\/www.leitao-irmao.com\/wp-content\/uploads\/2024\/09\/Ninja.jpg","datePublished":"2024-09-06T12:05:52+00:00","dateModified":"2026-03-26T12:14:14+00:00","description":"Ninja, pendente em prata da Leit\u00e3o & Irm\u00e3o simboliza \"pessoa que suporta\" ou \"pessoa que tolera\", habilidade d operar com discri\u00e7\u00e3o e resili\u00eancia.","breadcrumb":{"@id":"https:\/\/www.leitao-irmao.com\/product\/pendente-ninja-caracteres-chineses\/#breadcrumb"},"inLanguage":"en-GB","potentialAction":[{"@type":"ReadAction","target":["https:\/\/www.leitao-irmao.com\/product\/pendente-ninja-caracteres-chineses\/"]}]},{"@type":"ImageObject","inLanguage":"en-GB","@id":"https:\/\/www.leitao-irmao.com\/product\/pendente-ninja-caracteres-chineses\/#primaryimage","url":"https:\/\/www.leitao-irmao.com\/wp-content\/uploads\/2024\/09\/Ninja.jpg","contentUrl":"https:\/\/www.leitao-irmao.com\/wp-content\/uploads\/2024\/09\/Ninja.jpg","width":1080,"height":1080,"caption":"Pendente caracter chin\u00eas ninja em prata da leit\u00e3o & Irm\u00e3o."},{"@type":"BreadcrumbList","@id":"https:\/\/www.leitao-irmao.com\/product\/pendente-ninja-caracteres-chineses\/#breadcrumb","itemListElement":[{"@type":"ListItem","position":1,"name":"Home","item":"https:\/\/www.leitao-irmao.com\/"},{"@type":"ListItem","position":2,"name":"Products","item":"https:\/\/www.leitao-irmao.com\/shop\/"},{"@type":"ListItem","position":3,"name":"Pendente Ninja | Caracteres Chineses"}]},{"@type":"WebSite","@id":"https:\/\/www.leitao-irmao.com\/#website","url":"https:\/\/www.leitao-irmao.com\/","name":"Leit\u00e3o & Irm\u00e3o","description":"Joalheiros desde 1822","publisher":{"@id":"https:\/\/www.leitao-irmao.com\/#organization"},"potentialAction":[{"@type":"SearchAction","target":{"@type":"EntryPoint","urlTemplate":"https:\/\/www.leitao-irmao.com\/?s={search_term_string}"},"query-input":{"@type":"PropertyValueSpecification","valueRequired":true,"valueName":"search_term_string"}}],"inLanguage":"en-GB"},{"@type":"Organization","@id":"https:\/\/www.leitao-irmao.com\/#organization","name":"Leit\u00e3o & Irm\u00e3o","url":"https:\/\/www.leitao-irmao.com\/","logo":{"@type":"ImageObject","inLanguage":"en-GB","@id":"https:\/\/www.leitao-irmao.com\/#\/schema\/logo\/image\/","url":"https:\/\/www.leitao-irmao.com\/wp-content\/uploads\/2022\/11\/leitaoirmao-logo.png","contentUrl":"https:\/\/www.leitao-irmao.com\/wp-content\/uploads\/2022\/11\/leitaoirmao-logo.png","width":426,"height":89,"caption":"Leit\u00e3o & Irm\u00e3o"},"image":{"@id":"https:\/\/www.leitao-irmao.com\/#\/schema\/logo\/image\/"}}]}},"_links":{"self":[{"href":"https:\/\/www.leitao-irmao.com\/en\/wp-json\/wp\/v2\/product\/27173","targetHints":{"allow":["GET"]}}],"collection":[{"href":"https:\/\/www.leitao-irmao.com\/en\/wp-json\/wp\/v2\/product"}],"about":[{"href":"https:\/\/www.leitao-irmao.com\/en\/wp-json\/wp\/v2\/types\/product"}],"version-history":[{"count":1,"href":"https:\/\/www.leitao-irmao.com\/en\/wp-json\/wp\/v2\/product\/27173\/revisions"}],"predecessor-version":[{"id":37010,"href":"https:\/\/www.leitao-irmao.com\/en\/wp-json\/wp\/v2\/product\/27173\/revisions\/37010"}],"wp:featuredmedia":[{"embeddable":true,"href":"https:\/\/www.leitao-irmao.com\/en\/wp-json\/wp\/v2\/media\/27174"}],"wp:attachment":[{"href":"https:\/\/www.leitao-irmao.com\/en\/wp-json\/wp\/v2\/media?parent=27173"}],"wp:term":[{"taxonomy":"product_brand","embeddable":true,"href":"https:\/\/www.leitao-irmao.com\/en\/wp-json\/wp\/v2\/product_brand?post=27173"},{"taxonomy":"product_cat","embeddable":true,"href":"https:\/\/www.leitao-irmao.com\/en\/wp-json\/wp\/v2\/product_cat?post=27173"},{"taxonomy":"product_tag","embeddable":true,"href":"https:\/\/www.leitao-irmao.com\/en\/wp-json\/wp\/v2\/product_tag?post=27173"}],"curies":[{"name":"wp","href":"https:\/\/api.w.org\/{rel}","templated":true}]}}