{"id":27188,"date":"2024-09-06T15:41:12","date_gmt":"2024-09-06T14:41:12","guid":{"rendered":"https:\/\/www.leitao-irmao.com\/?post_type=product&#038;p=27188"},"modified":"2026-02-26T09:57:40","modified_gmt":"2026-02-26T09:57:40","slug":"caixa-redonda-em-prata","status":"publish","type":"product","link":"https:\/\/www.leitao-irmao.com\/en\/product\/caixa-redonda-em-prata\/","title":{"rendered":"Round silver box"},"content":{"rendered":"","protected":false},"excerpt":{"rendered":"<p><span data-sheets-value=\"{&quot;1&quot;:2,&quot;2&quot;:&quot;Deixe-se deliciar com a requintada Caixa de prata da cole\u00e7\u00e3o de Pratas de Casa Azulejo Portugu\u00eas da Leit\u00e3o &amp; Irm\u00e3o - uma mistura harmoniosa de sofistica\u00e7\u00e3o e funcionalidade. Com um ic\u00f3nico azulejo Portugu\u00eas pintado \u00e0 m\u00e3o, esta caixa espelha a heran\u00e7a hist\u00f3rica e o trabalho meticuloso de prateiros e artistas.nDesenvolvida com uma aten\u00e7\u00e3o meticulosa ao detalhe, a nossa caixa em prata \u00e9 o local precioso para guardar os seus pequenos tesouros. Um presente elegante e delicado para oferecer ou para oferecer a si.nMais que uma pe\u00e7a de decora\u00e7\u00e3o deslumbrante, a Caixa de Encantar tem a sua funcionalidade pr\u00f3pria. Guarde as suas joias, exponha na mesa, no seu toucador ou prateleira para acrescentar sofistica\u00e7\u00e3o a qualquer divis\u00e3o.nDescubra o trabalho manufaturado na Leit\u00e3o &amp; Irm\u00e3o e d\u00ea um toque de eleg\u00e2ncia \u00e0 sua casa.n&quot;}\" data-sheets-userformat=\"{&quot;2&quot;:14847,&quot;3&quot;:{&quot;1&quot;:0,&quot;3&quot;:1},&quot;4&quot;:{&quot;1&quot;:2,&quot;2&quot;:16777215},&quot;5&quot;:{&quot;1&quot;:[{&quot;1&quot;:2,&quot;2&quot;:0,&quot;5&quot;:{&quot;1&quot;:2,&quot;2&quot;:0}},{&quot;1&quot;:0,&quot;2&quot;:0,&quot;3&quot;:1},{&quot;1&quot;:1,&quot;2&quot;:0,&quot;4&quot;:1}]},&quot;6&quot;:{&quot;1&quot;:[{&quot;1&quot;:2,&quot;2&quot;:0,&quot;5&quot;:{&quot;1&quot;:2,&quot;2&quot;:0}},{&quot;1&quot;:0,&quot;2&quot;:0,&quot;3&quot;:1},{&quot;1&quot;:1,&quot;2&quot;:0,&quot;4&quot;:1}]},&quot;7&quot;:{&quot;1&quot;:[{&quot;1&quot;:2,&quot;2&quot;:0,&quot;5&quot;:{&quot;1&quot;:2,&quot;2&quot;:0}},{&quot;1&quot;:0,&quot;2&quot;:0,&quot;3&quot;:1},{&quot;1&quot;:1,&quot;2&quot;:0,&quot;4&quot;:1}]},&quot;8&quot;:{&quot;1&quot;:[{&quot;1&quot;:2,&quot;2&quot;:0,&quot;5&quot;:{&quot;1&quot;:2,&quot;2&quot;:0}},{&quot;1&quot;:0,&quot;2&quot;:0,&quot;3&quot;:1},{&quot;1&quot;:1,&quot;2&quot;:0,&quot;4&quot;:1}]},&quot;9&quot;:1,&quot;10&quot;:1,&quot;11&quot;:4,&quot;14&quot;:{&quot;1&quot;:3,&quot;3&quot;:1},&quot;15&quot;:&quot;Arial&quot;,&quot;16&quot;:10}\">Let the small, elegant round silver box delight you with its harmonious blend of sophistication and functionality.<\/span><\/p>\n<p><span data-sheets-value=\"{&quot;1&quot;:2,&quot;2&quot;:&quot;Deixe-se deliciar com a requintada Caixa de prata da cole\u00e7\u00e3o de Pratas de Casa Azulejo Portugu\u00eas da Leit\u00e3o &amp; Irm\u00e3o - uma mistura harmoniosa de sofistica\u00e7\u00e3o e funcionalidade. Com um ic\u00f3nico azulejo Portugu\u00eas pintado \u00e0 m\u00e3o, esta caixa espelha a heran\u00e7a hist\u00f3rica e o trabalho meticuloso de prateiros e artistas.nDesenvolvida com uma aten\u00e7\u00e3o meticulosa ao detalhe, a nossa caixa em prata \u00e9 o local precioso para guardar os seus pequenos tesouros. Um presente elegante e delicado para oferecer ou para oferecer a si.nMais que uma pe\u00e7a de decora\u00e7\u00e3o deslumbrante, a Caixa de Encantar tem a sua funcionalidade pr\u00f3pria. Guarde as suas joias, exponha na mesa, no seu toucador ou prateleira para acrescentar sofistica\u00e7\u00e3o a qualquer divis\u00e3o.nDescubra o trabalho manufaturado na Leit\u00e3o &amp; Irm\u00e3o e d\u00ea um toque de eleg\u00e2ncia \u00e0 sua casa.n&quot;}\" data-sheets-userformat=\"{&quot;2&quot;:14847,&quot;3&quot;:{&quot;1&quot;:0,&quot;3&quot;:1},&quot;4&quot;:{&quot;1&quot;:2,&quot;2&quot;:16777215},&quot;5&quot;:{&quot;1&quot;:[{&quot;1&quot;:2,&quot;2&quot;:0,&quot;5&quot;:{&quot;1&quot;:2,&quot;2&quot;:0}},{&quot;1&quot;:0,&quot;2&quot;:0,&quot;3&quot;:1},{&quot;1&quot;:1,&quot;2&quot;:0,&quot;4&quot;:1}]},&quot;6&quot;:{&quot;1&quot;:[{&quot;1&quot;:2,&quot;2&quot;:0,&quot;5&quot;:{&quot;1&quot;:2,&quot;2&quot;:0}},{&quot;1&quot;:0,&quot;2&quot;:0,&quot;3&quot;:1},{&quot;1&quot;:1,&quot;2&quot;:0,&quot;4&quot;:1}]},&quot;7&quot;:{&quot;1&quot;:[{&quot;1&quot;:2,&quot;2&quot;:0,&quot;5&quot;:{&quot;1&quot;:2,&quot;2&quot;:0}},{&quot;1&quot;:0,&quot;2&quot;:0,&quot;3&quot;:1},{&quot;1&quot;:1,&quot;2&quot;:0,&quot;4&quot;:1}]},&quot;8&quot;:{&quot;1&quot;:[{&quot;1&quot;:2,&quot;2&quot;:0,&quot;5&quot;:{&quot;1&quot;:2,&quot;2&quot;:0}},{&quot;1&quot;:0,&quot;2&quot;:0,&quot;3&quot;:1},{&quot;1&quot;:1,&quot;2&quot;:0,&quot;4&quot;:1}]},&quot;9&quot;:1,&quot;10&quot;:1,&quot;11&quot;:4,&quot;14&quot;:{&quot;1&quot;:3,&quot;3&quot;:1},&quot;15&quot;:&quot;Arial&quot;,&quot;16&quot;:10}\">Designed with meticulous attention to detail, our silver box is the perfect place to keep your little treasures. An elegant and delicate gift to give or to give to yourself.<br \/>\nMore than just a stunning piece of decoration, the Charm Box has its own functionality. Store your jewellery, display it on your table, dressing table or shelf to add sophistication to any room.<\/span><\/p>\n<p><span data-sheets-value=\"{&quot;1&quot;:2,&quot;2&quot;:&quot;Deixe-se deliciar com a requintada Caixa de prata da cole\u00e7\u00e3o de Pratas de Casa Azulejo Portugu\u00eas da Leit\u00e3o &amp; Irm\u00e3o - uma mistura harmoniosa de sofistica\u00e7\u00e3o e funcionalidade. Com um ic\u00f3nico azulejo Portugu\u00eas pintado \u00e0 m\u00e3o, esta caixa espelha a heran\u00e7a hist\u00f3rica e o trabalho meticuloso de prateiros e artistas.nDesenvolvida com uma aten\u00e7\u00e3o meticulosa ao detalhe, a nossa caixa em prata \u00e9 o local precioso para guardar os seus pequenos tesouros. Um presente elegante e delicado para oferecer ou para oferecer a si.nMais que uma pe\u00e7a de decora\u00e7\u00e3o deslumbrante, a Caixa de Encantar tem a sua funcionalidade pr\u00f3pria. Guarde as suas joias, exponha na mesa, no seu toucador ou prateleira para acrescentar sofistica\u00e7\u00e3o a qualquer divis\u00e3o.nDescubra o trabalho manufaturado na Leit\u00e3o &amp; Irm\u00e3o e d\u00ea um toque de eleg\u00e2ncia \u00e0 sua casa.n&quot;}\" data-sheets-userformat=\"{&quot;2&quot;:14847,&quot;3&quot;:{&quot;1&quot;:0,&quot;3&quot;:1},&quot;4&quot;:{&quot;1&quot;:2,&quot;2&quot;:16777215},&quot;5&quot;:{&quot;1&quot;:[{&quot;1&quot;:2,&quot;2&quot;:0,&quot;5&quot;:{&quot;1&quot;:2,&quot;2&quot;:0}},{&quot;1&quot;:0,&quot;2&quot;:0,&quot;3&quot;:1},{&quot;1&quot;:1,&quot;2&quot;:0,&quot;4&quot;:1}]},&quot;6&quot;:{&quot;1&quot;:[{&quot;1&quot;:2,&quot;2&quot;:0,&quot;5&quot;:{&quot;1&quot;:2,&quot;2&quot;:0}},{&quot;1&quot;:0,&quot;2&quot;:0,&quot;3&quot;:1},{&quot;1&quot;:1,&quot;2&quot;:0,&quot;4&quot;:1}]},&quot;7&quot;:{&quot;1&quot;:[{&quot;1&quot;:2,&quot;2&quot;:0,&quot;5&quot;:{&quot;1&quot;:2,&quot;2&quot;:0}},{&quot;1&quot;:0,&quot;2&quot;:0,&quot;3&quot;:1},{&quot;1&quot;:1,&quot;2&quot;:0,&quot;4&quot;:1}]},&quot;8&quot;:{&quot;1&quot;:[{&quot;1&quot;:2,&quot;2&quot;:0,&quot;5&quot;:{&quot;1&quot;:2,&quot;2&quot;:0}},{&quot;1&quot;:0,&quot;2&quot;:0,&quot;3&quot;:1},{&quot;1&quot;:1,&quot;2&quot;:0,&quot;4&quot;:1}]},&quot;9&quot;:1,&quot;10&quot;:1,&quot;11&quot;:4,&quot;14&quot;:{&quot;1&quot;:3,&quot;3&quot;:1},&quot;15&quot;:&quot;Arial&quot;,&quot;16&quot;:10}\"><br \/>\nDiscover the workmanship of Leit\u00e3o &amp; Irm\u00e3o and add a touch of elegance to your home.<br \/>\n<\/span><\/p>","protected":false},"featured_media":27189,"template":"","meta":{"_acf_changed":false},"product_brand":[],"product_cat":[644,70,74,77,129,349,123,138,139],"product_tag":[270],"class_list":{"0":"post-27188","1":"product","2":"type-product","3":"status-publish","4":"has-post-thumbnail","6":"product_cat-caixas-de-prata","7":"product_cat-casa-e-decoracao","8":"product_cat-decoracao","9":"product_cat-escritorio","10":"product_cat-ofertas-para-o-casal","11":"product_cat-para-os-convidados","12":"product_cat-presentes-entre-150e-a-500e","13":"product_cat-presentes-institucionais","14":"product_cat-presentes-para-personalizar","15":"product_tag-prata","17":"first","18":"instock","19":"shipping-taxable","20":"purchasable","21":"product-type-simple"},"acf":[],"yoast_head":"<!-- This site is optimized with the Yoast SEO plugin v25.4 - https:\/\/yoast.com\/wordpress\/plugins\/seo\/ -->\n<title>Caixa redonda em prata | Leit\u00e3o &amp; Irm\u00e3o<\/title>\n<meta name=\"description\" content=\"Deixe-se deliciar a pequena e elegante Caixa redonda de prata da Leit\u00e3o &amp; Irm\u00e3o uma mistura harmoniosa de sofistica\u00e7\u00e3o e funcionalidade.\" \/>\n<meta name=\"robots\" content=\"index, follow, max-snippet:-1, max-image-preview:large, max-video-preview:-1\" \/>\n<link rel=\"canonical\" href=\"https:\/\/www.leitao-irmao.com\/en\/product\/caixa-redonda-em-prata\/\" \/>\n<meta property=\"og:locale\" content=\"en_GB\" \/>\n<meta property=\"og:type\" content=\"article\" \/>\n<meta property=\"og:title\" content=\"Caixa redonda em prata | Leit\u00e3o &amp; Irm\u00e3o\" \/>\n<meta property=\"og:description\" content=\"Deixe-se deliciar a pequena e elegante Caixa redonda de prata da Leit\u00e3o &amp; Irm\u00e3o uma mistura harmoniosa de sofistica\u00e7\u00e3o e funcionalidade.\" \/>\n<meta property=\"og:url\" content=\"https:\/\/www.leitao-irmao.com\/en\/product\/caixa-redonda-em-prata\/\" \/>\n<meta property=\"og:site_name\" content=\"Leit\u00e3o &amp; Irm\u00e3o\" \/>\n<meta property=\"article:modified_time\" content=\"2026-02-26T09:57:40+00:00\" \/>\n<meta property=\"og:image\" content=\"https:\/\/www.leitao-irmao.com\/wp-content\/uploads\/2024\/09\/7200009.jpg\" \/>\n\t<meta property=\"og:image:width\" content=\"1080\" \/>\n\t<meta property=\"og:image:height\" content=\"1080\" \/>\n\t<meta property=\"og:image:type\" content=\"image\/jpeg\" \/>\n<meta name=\"twitter:card\" content=\"summary_large_image\" \/>\n<meta name=\"twitter:label1\" content=\"Estimated reading time\" \/>\n\t<meta name=\"twitter:data1\" content=\"1 minute\" \/>\n<script type=\"application\/ld+json\" class=\"yoast-schema-graph\">{\"@context\":\"https:\/\/schema.org\",\"@graph\":[{\"@type\":\"WebPage\",\"@id\":\"https:\/\/www.leitao-irmao.com\/product\/caixa-redonda-em-prata\/\",\"url\":\"https:\/\/www.leitao-irmao.com\/product\/caixa-redonda-em-prata\/\",\"name\":\"Caixa redonda em prata | Leit\u00e3o &amp; Irm\u00e3o\",\"isPartOf\":{\"@id\":\"https:\/\/www.leitao-irmao.com\/#website\"},\"primaryImageOfPage\":{\"@id\":\"https:\/\/www.leitao-irmao.com\/product\/caixa-redonda-em-prata\/#primaryimage\"},\"image\":{\"@id\":\"https:\/\/www.leitao-irmao.com\/product\/caixa-redonda-em-prata\/#primaryimage\"},\"thumbnailUrl\":\"https:\/\/www.leitao-irmao.com\/wp-content\/uploads\/2024\/09\/7200009.jpg\",\"datePublished\":\"2024-09-06T14:41:12+00:00\",\"dateModified\":\"2026-02-26T09:57:40+00:00\",\"description\":\"Deixe-se deliciar a pequena e elegante Caixa redonda de prata da Leit\u00e3o & Irm\u00e3o uma mistura harmoniosa de sofistica\u00e7\u00e3o e funcionalidade.\",\"breadcrumb\":{\"@id\":\"https:\/\/www.leitao-irmao.com\/product\/caixa-redonda-em-prata\/#breadcrumb\"},\"inLanguage\":\"en-GB\",\"potentialAction\":[{\"@type\":\"ReadAction\",\"target\":[\"https:\/\/www.leitao-irmao.com\/product\/caixa-redonda-em-prata\/\"]}]},{\"@type\":\"ImageObject\",\"inLanguage\":\"en-GB\",\"@id\":\"https:\/\/www.leitao-irmao.com\/product\/caixa-redonda-em-prata\/#primaryimage\",\"url\":\"https:\/\/www.leitao-irmao.com\/wp-content\/uploads\/2024\/09\/7200009.jpg\",\"contentUrl\":\"https:\/\/www.leitao-irmao.com\/wp-content\/uploads\/2024\/09\/7200009.jpg\",\"width\":1080,\"height\":1080,\"caption\":\"Caixa redonda pequena com tampa em prata da Leit\u00e3o & Irm\u00e3o.\"},{\"@type\":\"BreadcrumbList\",\"@id\":\"https:\/\/www.leitao-irmao.com\/product\/caixa-redonda-em-prata\/#breadcrumb\",\"itemListElement\":[{\"@type\":\"ListItem\",\"position\":1,\"name\":\"Home\",\"item\":\"https:\/\/www.leitao-irmao.com\/\"},{\"@type\":\"ListItem\",\"position\":2,\"name\":\"Products\",\"item\":\"https:\/\/www.leitao-irmao.com\/shop\/\"},{\"@type\":\"ListItem\",\"position\":3,\"name\":\"Caixa redonda em prata\"}]},{\"@type\":\"WebSite\",\"@id\":\"https:\/\/www.leitao-irmao.com\/#website\",\"url\":\"https:\/\/www.leitao-irmao.com\/\",\"name\":\"Leit\u00e3o & Irm\u00e3o\",\"description\":\"Joalheiros desde 1822\",\"publisher\":{\"@id\":\"https:\/\/www.leitao-irmao.com\/#organization\"},\"potentialAction\":[{\"@type\":\"SearchAction\",\"target\":{\"@type\":\"EntryPoint\",\"urlTemplate\":\"https:\/\/www.leitao-irmao.com\/?s={search_term_string}\"},\"query-input\":{\"@type\":\"PropertyValueSpecification\",\"valueRequired\":true,\"valueName\":\"search_term_string\"}}],\"inLanguage\":\"en-GB\"},{\"@type\":\"Organization\",\"@id\":\"https:\/\/www.leitao-irmao.com\/#organization\",\"name\":\"Leit\u00e3o & Irm\u00e3o\",\"url\":\"https:\/\/www.leitao-irmao.com\/\",\"logo\":{\"@type\":\"ImageObject\",\"inLanguage\":\"en-GB\",\"@id\":\"https:\/\/www.leitao-irmao.com\/#\/schema\/logo\/image\/\",\"url\":\"https:\/\/www.leitao-irmao.com\/wp-content\/uploads\/2022\/11\/leitaoirmao-logo.png\",\"contentUrl\":\"https:\/\/www.leitao-irmao.com\/wp-content\/uploads\/2022\/11\/leitaoirmao-logo.png\",\"width\":426,\"height\":89,\"caption\":\"Leit\u00e3o & Irm\u00e3o\"},\"image\":{\"@id\":\"https:\/\/www.leitao-irmao.com\/#\/schema\/logo\/image\/\"}}]}<\/script>\n<!-- \/ Yoast SEO plugin. -->","yoast_head_json":{"title":"Caixa redonda em prata | Leit\u00e3o &amp; Irm\u00e3o","description":"Deixe-se deliciar a pequena e elegante Caixa redonda de prata da Leit\u00e3o & Irm\u00e3o uma mistura harmoniosa de sofistica\u00e7\u00e3o e funcionalidade.","robots":{"index":"index","follow":"follow","max-snippet":"max-snippet:-1","max-image-preview":"max-image-preview:large","max-video-preview":"max-video-preview:-1"},"canonical":"https:\/\/www.leitao-irmao.com\/en\/product\/caixa-redonda-em-prata\/","og_locale":"en_GB","og_type":"article","og_title":"Caixa redonda em prata | Leit\u00e3o &amp; Irm\u00e3o","og_description":"Deixe-se deliciar a pequena e elegante Caixa redonda de prata da Leit\u00e3o & Irm\u00e3o uma mistura harmoniosa de sofistica\u00e7\u00e3o e funcionalidade.","og_url":"https:\/\/www.leitao-irmao.com\/en\/product\/caixa-redonda-em-prata\/","og_site_name":"Leit\u00e3o &amp; Irm\u00e3o","article_modified_time":"2026-02-26T09:57:40+00:00","og_image":[{"width":1080,"height":1080,"url":"https:\/\/www.leitao-irmao.com\/wp-content\/uploads\/2024\/09\/7200009.jpg","type":"image\/jpeg"}],"twitter_card":"summary_large_image","twitter_misc":{"Estimated reading time":"1 minute"},"schema":{"@context":"https:\/\/schema.org","@graph":[{"@type":"WebPage","@id":"https:\/\/www.leitao-irmao.com\/product\/caixa-redonda-em-prata\/","url":"https:\/\/www.leitao-irmao.com\/product\/caixa-redonda-em-prata\/","name":"Caixa redonda em prata | Leit\u00e3o &amp; Irm\u00e3o","isPartOf":{"@id":"https:\/\/www.leitao-irmao.com\/#website"},"primaryImageOfPage":{"@id":"https:\/\/www.leitao-irmao.com\/product\/caixa-redonda-em-prata\/#primaryimage"},"image":{"@id":"https:\/\/www.leitao-irmao.com\/product\/caixa-redonda-em-prata\/#primaryimage"},"thumbnailUrl":"https:\/\/www.leitao-irmao.com\/wp-content\/uploads\/2024\/09\/7200009.jpg","datePublished":"2024-09-06T14:41:12+00:00","dateModified":"2026-02-26T09:57:40+00:00","description":"Deixe-se deliciar a pequena e elegante Caixa redonda de prata da Leit\u00e3o & Irm\u00e3o uma mistura harmoniosa de sofistica\u00e7\u00e3o e funcionalidade.","breadcrumb":{"@id":"https:\/\/www.leitao-irmao.com\/product\/caixa-redonda-em-prata\/#breadcrumb"},"inLanguage":"en-GB","potentialAction":[{"@type":"ReadAction","target":["https:\/\/www.leitao-irmao.com\/product\/caixa-redonda-em-prata\/"]}]},{"@type":"ImageObject","inLanguage":"en-GB","@id":"https:\/\/www.leitao-irmao.com\/product\/caixa-redonda-em-prata\/#primaryimage","url":"https:\/\/www.leitao-irmao.com\/wp-content\/uploads\/2024\/09\/7200009.jpg","contentUrl":"https:\/\/www.leitao-irmao.com\/wp-content\/uploads\/2024\/09\/7200009.jpg","width":1080,"height":1080,"caption":"Caixa redonda pequena com tampa em prata da Leit\u00e3o & Irm\u00e3o."},{"@type":"BreadcrumbList","@id":"https:\/\/www.leitao-irmao.com\/product\/caixa-redonda-em-prata\/#breadcrumb","itemListElement":[{"@type":"ListItem","position":1,"name":"Home","item":"https:\/\/www.leitao-irmao.com\/"},{"@type":"ListItem","position":2,"name":"Products","item":"https:\/\/www.leitao-irmao.com\/shop\/"},{"@type":"ListItem","position":3,"name":"Caixa redonda em prata"}]},{"@type":"WebSite","@id":"https:\/\/www.leitao-irmao.com\/#website","url":"https:\/\/www.leitao-irmao.com\/","name":"Leit\u00e3o & Irm\u00e3o","description":"Joalheiros desde 1822","publisher":{"@id":"https:\/\/www.leitao-irmao.com\/#organization"},"potentialAction":[{"@type":"SearchAction","target":{"@type":"EntryPoint","urlTemplate":"https:\/\/www.leitao-irmao.com\/?s={search_term_string}"},"query-input":{"@type":"PropertyValueSpecification","valueRequired":true,"valueName":"search_term_string"}}],"inLanguage":"en-GB"},{"@type":"Organization","@id":"https:\/\/www.leitao-irmao.com\/#organization","name":"Leit\u00e3o & Irm\u00e3o","url":"https:\/\/www.leitao-irmao.com\/","logo":{"@type":"ImageObject","inLanguage":"en-GB","@id":"https:\/\/www.leitao-irmao.com\/#\/schema\/logo\/image\/","url":"https:\/\/www.leitao-irmao.com\/wp-content\/uploads\/2022\/11\/leitaoirmao-logo.png","contentUrl":"https:\/\/www.leitao-irmao.com\/wp-content\/uploads\/2022\/11\/leitaoirmao-logo.png","width":426,"height":89,"caption":"Leit\u00e3o & Irm\u00e3o"},"image":{"@id":"https:\/\/www.leitao-irmao.com\/#\/schema\/logo\/image\/"}}]}},"_links":{"self":[{"href":"https:\/\/www.leitao-irmao.com\/en\/wp-json\/wp\/v2\/product\/27188","targetHints":{"allow":["GET"]}}],"collection":[{"href":"https:\/\/www.leitao-irmao.com\/en\/wp-json\/wp\/v2\/product"}],"about":[{"href":"https:\/\/www.leitao-irmao.com\/en\/wp-json\/wp\/v2\/types\/product"}],"version-history":[{"count":1,"href":"https:\/\/www.leitao-irmao.com\/en\/wp-json\/wp\/v2\/product\/27188\/revisions"}],"predecessor-version":[{"id":36638,"href":"https:\/\/www.leitao-irmao.com\/en\/wp-json\/wp\/v2\/product\/27188\/revisions\/36638"}],"wp:featuredmedia":[{"embeddable":true,"href":"https:\/\/www.leitao-irmao.com\/en\/wp-json\/wp\/v2\/media\/27189"}],"wp:attachment":[{"href":"https:\/\/www.leitao-irmao.com\/en\/wp-json\/wp\/v2\/media?parent=27188"}],"wp:term":[{"taxonomy":"product_brand","embeddable":true,"href":"https:\/\/www.leitao-irmao.com\/en\/wp-json\/wp\/v2\/product_brand?post=27188"},{"taxonomy":"product_cat","embeddable":true,"href":"https:\/\/www.leitao-irmao.com\/en\/wp-json\/wp\/v2\/product_cat?post=27188"},{"taxonomy":"product_tag","embeddable":true,"href":"https:\/\/www.leitao-irmao.com\/en\/wp-json\/wp\/v2\/product_tag?post=27188"}],"curies":[{"name":"wp","href":"https:\/\/api.w.org\/{rel}","templated":true}]}}