{"id":27505,"date":"2024-09-16T10:02:57","date_gmt":"2024-09-16T09:02:57","guid":{"rendered":"https:\/\/www.leitao-irmao.com\/?post_type=product&#038;p=27505"},"modified":"2026-03-19T16:45:57","modified_gmt":"2026-03-19T16:45:57","slug":"touro-em-prata-ferdinando-touros-bravos","status":"publish","type":"product","link":"https:\/\/www.leitao-irmao.com\/en\/product\/touro-em-prata-ferdinando-touros-bravos\/","title":{"rendered":"Silver bull Ferdinando | Bulls Bravos"},"content":{"rendered":"<p>A Leit\u00e3o &amp; Irm\u00e3o apresenta a incr\u00edvel cole\u00e7\u00e3o de Touros Bravos em prata. Descubra o touro em prata Ferdinando uma pe\u00e7a para decorar ou colecionar.<\/p>","protected":false},"excerpt":{"rendered":"<p>The Brave Bull by name <strong><em>Ferdinando<\/em><\/strong>.<\/p>\n<p>The collection <a href=\"https:\/\/www.leitao-irmao.com\/en\/product-category\/touros-bravos\/\"><strong>Touro Bravo<\/strong><\/a>A tribute to the majestic animal, symbol of strength, freedom, resilience and indomitable beauty. We celebrate the essence of this majestic animal, respecting its nature and highlighting our commitment to natural diversity.<\/p>\n<p>Each piece in the collection has been carefully modeled by the sculptor Francisco Salter Cid, from his artistic and knowledgeable perspective of the Wild Bull, reflecting its grandeur and nobility. Inspired by the natural landscapes where they live in freedom, capturing the harmony between the bull and its natural habitat.<\/p>\n<p>The collection uses sustainable materials, mostly recycled silver, ethical and local production processes. Made entirely in Leit\u00e3o &amp; Irm\u00e3o's Lisbon workshops using manufacturing techniques that are the House's trademark.<\/p>\n<p>We invite you to discover this unique collection and celebrate the greatness and freedom of the Taurus Bravo.<\/p>","protected":false},"featured_media":27507,"template":"","meta":{"_acf_changed":false},"product_brand":[],"product_cat":[70,76,74,648,676,127,635],"product_tag":[323,270],"class_list":{"0":"post-27505","1":"product","2":"type-product","3":"status-publish","4":"has-post-thumbnail","6":"product_cat-casa-e-decoracao","7":"product_cat-colecionaveis","8":"product_cat-decoracao","9":"product_cat-esculturas","10":"product_cat-gift-selection","11":"product_cat-presentes-entre-5000e-a-10000e","12":"product_cat-touros-bravos","13":"product_tag-novidades","14":"product_tag-prata","16":"first","17":"instock","18":"shipping-taxable","19":"purchasable","20":"product-type-simple"},"acf":[],"yoast_head":"<!-- This site is optimized with the Yoast SEO plugin v25.4 - https:\/\/yoast.com\/wordpress\/plugins\/seo\/ -->\n<title>Touro em prata - Ferdinando | Leit\u00e3o &amp; Irm\u00e3o<\/title>\n<meta name=\"description\" content=\"A Leit\u00e3o &amp; Irm\u00e3o apresenta a incr\u00edvel cole\u00e7\u00e3o de Touros Bravos em prata. Descubra o touro em prata Ferdinando uma pe\u00e7a para decorar ou colecionar.\" \/>\n<meta name=\"robots\" content=\"index, follow, max-snippet:-1, max-image-preview:large, max-video-preview:-1\" \/>\n<link rel=\"canonical\" href=\"https:\/\/www.leitao-irmao.com\/en\/product\/touro-em-prata-ferdinando-touros-bravos\/\" \/>\n<meta property=\"og:locale\" content=\"en_GB\" \/>\n<meta property=\"og:type\" content=\"article\" \/>\n<meta property=\"og:title\" content=\"Touro em prata - Ferdinando | Leit\u00e3o &amp; Irm\u00e3o\" \/>\n<meta property=\"og:description\" content=\"A Leit\u00e3o &amp; Irm\u00e3o apresenta a incr\u00edvel cole\u00e7\u00e3o de Touros Bravos em prata. Descubra o touro em prata Ferdinando uma pe\u00e7a para decorar ou colecionar.\" \/>\n<meta property=\"og:url\" content=\"https:\/\/www.leitao-irmao.com\/en\/product\/touro-em-prata-ferdinando-touros-bravos\/\" \/>\n<meta property=\"og:site_name\" content=\"Leit\u00e3o &amp; Irm\u00e3o\" \/>\n<meta property=\"article:modified_time\" content=\"2026-03-19T16:45:57+00:00\" \/>\n<meta property=\"og:image\" content=\"https:\/\/www.leitao-irmao.com\/wp-content\/uploads\/2024\/09\/Touros-Bravos_Bonito_0503658-2-2.jpg\" \/>\n\t<meta property=\"og:image:width\" content=\"1080\" \/>\n\t<meta property=\"og:image:height\" content=\"1080\" \/>\n\t<meta property=\"og:image:type\" content=\"image\/jpeg\" \/>\n<meta name=\"twitter:card\" content=\"summary_large_image\" \/>\n<meta name=\"twitter:label1\" content=\"Estimated reading time\" \/>\n\t<meta name=\"twitter:data1\" content=\"1 minute\" \/>\n<script type=\"application\/ld+json\" class=\"yoast-schema-graph\">{\"@context\":\"https:\/\/schema.org\",\"@graph\":[{\"@type\":\"WebPage\",\"@id\":\"https:\/\/www.leitao-irmao.com\/product\/touro-em-prata-ferdinando-touros-bravos\/\",\"url\":\"https:\/\/www.leitao-irmao.com\/product\/touro-em-prata-ferdinando-touros-bravos\/\",\"name\":\"Touro em prata - Ferdinando | Leit\u00e3o & Irm\u00e3o\",\"isPartOf\":{\"@id\":\"https:\/\/www.leitao-irmao.com\/#website\"},\"primaryImageOfPage\":{\"@id\":\"https:\/\/www.leitao-irmao.com\/product\/touro-em-prata-ferdinando-touros-bravos\/#primaryimage\"},\"image\":{\"@id\":\"https:\/\/www.leitao-irmao.com\/product\/touro-em-prata-ferdinando-touros-bravos\/#primaryimage\"},\"thumbnailUrl\":\"https:\/\/www.leitao-irmao.com\/wp-content\/uploads\/2024\/09\/Touros-Bravos_Bonito_0503658-2-2.jpg\",\"datePublished\":\"2024-09-16T09:02:57+00:00\",\"dateModified\":\"2026-03-19T16:45:57+00:00\",\"description\":\"A Leit\u00e3o & Irm\u00e3o apresenta a incr\u00edvel cole\u00e7\u00e3o de Touros Bravos em prata. Descubra o touro em prata Ferdinando uma pe\u00e7a para decorar ou colecionar.\",\"breadcrumb\":{\"@id\":\"https:\/\/www.leitao-irmao.com\/product\/touro-em-prata-ferdinando-touros-bravos\/#breadcrumb\"},\"inLanguage\":\"en-GB\",\"potentialAction\":[{\"@type\":\"ReadAction\",\"target\":[\"https:\/\/www.leitao-irmao.com\/product\/touro-em-prata-ferdinando-touros-bravos\/\"]}]},{\"@type\":\"ImageObject\",\"inLanguage\":\"en-GB\",\"@id\":\"https:\/\/www.leitao-irmao.com\/product\/touro-em-prata-ferdinando-touros-bravos\/#primaryimage\",\"url\":\"https:\/\/www.leitao-irmao.com\/wp-content\/uploads\/2024\/09\/Touros-Bravos_Bonito_0503658-2-2.jpg\",\"contentUrl\":\"https:\/\/www.leitao-irmao.com\/wp-content\/uploads\/2024\/09\/Touros-Bravos_Bonito_0503658-2-2.jpg\",\"width\":1080,\"height\":1080,\"caption\":\"Touro em prata Ferdinando da cole\u00e7\u00e3o touros bravos da leit\u00e3o & Irm\u00e3o\"},{\"@type\":\"BreadcrumbList\",\"@id\":\"https:\/\/www.leitao-irmao.com\/product\/touro-em-prata-ferdinando-touros-bravos\/#breadcrumb\",\"itemListElement\":[{\"@type\":\"ListItem\",\"position\":1,\"name\":\"Home\",\"item\":\"https:\/\/www.leitao-irmao.com\/\"},{\"@type\":\"ListItem\",\"position\":2,\"name\":\"Products\",\"item\":\"https:\/\/www.leitao-irmao.com\/shop\/\"},{\"@type\":\"ListItem\",\"position\":3,\"name\":\"Touro em prata Ferdinando | Touros Bravos\"}]},{\"@type\":\"WebSite\",\"@id\":\"https:\/\/www.leitao-irmao.com\/#website\",\"url\":\"https:\/\/www.leitao-irmao.com\/\",\"name\":\"Leit\u00e3o & Irm\u00e3o\",\"description\":\"Joalheiros desde 1822\",\"publisher\":{\"@id\":\"https:\/\/www.leitao-irmao.com\/#organization\"},\"potentialAction\":[{\"@type\":\"SearchAction\",\"target\":{\"@type\":\"EntryPoint\",\"urlTemplate\":\"https:\/\/www.leitao-irmao.com\/?s={search_term_string}\"},\"query-input\":{\"@type\":\"PropertyValueSpecification\",\"valueRequired\":true,\"valueName\":\"search_term_string\"}}],\"inLanguage\":\"en-GB\"},{\"@type\":\"Organization\",\"@id\":\"https:\/\/www.leitao-irmao.com\/#organization\",\"name\":\"Leit\u00e3o & Irm\u00e3o\",\"url\":\"https:\/\/www.leitao-irmao.com\/\",\"logo\":{\"@type\":\"ImageObject\",\"inLanguage\":\"en-GB\",\"@id\":\"https:\/\/www.leitao-irmao.com\/#\/schema\/logo\/image\/\",\"url\":\"https:\/\/www.leitao-irmao.com\/wp-content\/uploads\/2022\/11\/leitaoirmao-logo.png\",\"contentUrl\":\"https:\/\/www.leitao-irmao.com\/wp-content\/uploads\/2022\/11\/leitaoirmao-logo.png\",\"width\":426,\"height\":89,\"caption\":\"Leit\u00e3o & Irm\u00e3o\"},\"image\":{\"@id\":\"https:\/\/www.leitao-irmao.com\/#\/schema\/logo\/image\/\"}}]}<\/script>\n<!-- \/ Yoast SEO plugin. -->","yoast_head_json":{"title":"Touro em prata - Ferdinando | Leit\u00e3o & Irm\u00e3o","description":"A Leit\u00e3o & Irm\u00e3o apresenta a incr\u00edvel cole\u00e7\u00e3o de Touros Bravos em prata. Descubra o touro em prata Ferdinando uma pe\u00e7a para decorar ou colecionar.","robots":{"index":"index","follow":"follow","max-snippet":"max-snippet:-1","max-image-preview":"max-image-preview:large","max-video-preview":"max-video-preview:-1"},"canonical":"https:\/\/www.leitao-irmao.com\/en\/product\/touro-em-prata-ferdinando-touros-bravos\/","og_locale":"en_GB","og_type":"article","og_title":"Touro em prata - Ferdinando | Leit\u00e3o & Irm\u00e3o","og_description":"A Leit\u00e3o & Irm\u00e3o apresenta a incr\u00edvel cole\u00e7\u00e3o de Touros Bravos em prata. Descubra o touro em prata Ferdinando uma pe\u00e7a para decorar ou colecionar.","og_url":"https:\/\/www.leitao-irmao.com\/en\/product\/touro-em-prata-ferdinando-touros-bravos\/","og_site_name":"Leit\u00e3o &amp; Irm\u00e3o","article_modified_time":"2026-03-19T16:45:57+00:00","og_image":[{"width":1080,"height":1080,"url":"https:\/\/www.leitao-irmao.com\/wp-content\/uploads\/2024\/09\/Touros-Bravos_Bonito_0503658-2-2.jpg","type":"image\/jpeg"}],"twitter_card":"summary_large_image","twitter_misc":{"Estimated reading time":"1 minute"},"schema":{"@context":"https:\/\/schema.org","@graph":[{"@type":"WebPage","@id":"https:\/\/www.leitao-irmao.com\/product\/touro-em-prata-ferdinando-touros-bravos\/","url":"https:\/\/www.leitao-irmao.com\/product\/touro-em-prata-ferdinando-touros-bravos\/","name":"Touro em prata - Ferdinando | Leit\u00e3o & Irm\u00e3o","isPartOf":{"@id":"https:\/\/www.leitao-irmao.com\/#website"},"primaryImageOfPage":{"@id":"https:\/\/www.leitao-irmao.com\/product\/touro-em-prata-ferdinando-touros-bravos\/#primaryimage"},"image":{"@id":"https:\/\/www.leitao-irmao.com\/product\/touro-em-prata-ferdinando-touros-bravos\/#primaryimage"},"thumbnailUrl":"https:\/\/www.leitao-irmao.com\/wp-content\/uploads\/2024\/09\/Touros-Bravos_Bonito_0503658-2-2.jpg","datePublished":"2024-09-16T09:02:57+00:00","dateModified":"2026-03-19T16:45:57+00:00","description":"A Leit\u00e3o & Irm\u00e3o apresenta a incr\u00edvel cole\u00e7\u00e3o de Touros Bravos em prata. Descubra o touro em prata Ferdinando uma pe\u00e7a para decorar ou colecionar.","breadcrumb":{"@id":"https:\/\/www.leitao-irmao.com\/product\/touro-em-prata-ferdinando-touros-bravos\/#breadcrumb"},"inLanguage":"en-GB","potentialAction":[{"@type":"ReadAction","target":["https:\/\/www.leitao-irmao.com\/product\/touro-em-prata-ferdinando-touros-bravos\/"]}]},{"@type":"ImageObject","inLanguage":"en-GB","@id":"https:\/\/www.leitao-irmao.com\/product\/touro-em-prata-ferdinando-touros-bravos\/#primaryimage","url":"https:\/\/www.leitao-irmao.com\/wp-content\/uploads\/2024\/09\/Touros-Bravos_Bonito_0503658-2-2.jpg","contentUrl":"https:\/\/www.leitao-irmao.com\/wp-content\/uploads\/2024\/09\/Touros-Bravos_Bonito_0503658-2-2.jpg","width":1080,"height":1080,"caption":"Touro em prata Ferdinando da cole\u00e7\u00e3o touros bravos da leit\u00e3o & Irm\u00e3o"},{"@type":"BreadcrumbList","@id":"https:\/\/www.leitao-irmao.com\/product\/touro-em-prata-ferdinando-touros-bravos\/#breadcrumb","itemListElement":[{"@type":"ListItem","position":1,"name":"Home","item":"https:\/\/www.leitao-irmao.com\/"},{"@type":"ListItem","position":2,"name":"Products","item":"https:\/\/www.leitao-irmao.com\/shop\/"},{"@type":"ListItem","position":3,"name":"Touro em prata Ferdinando | Touros Bravos"}]},{"@type":"WebSite","@id":"https:\/\/www.leitao-irmao.com\/#website","url":"https:\/\/www.leitao-irmao.com\/","name":"Leit\u00e3o & Irm\u00e3o","description":"Joalheiros desde 1822","publisher":{"@id":"https:\/\/www.leitao-irmao.com\/#organization"},"potentialAction":[{"@type":"SearchAction","target":{"@type":"EntryPoint","urlTemplate":"https:\/\/www.leitao-irmao.com\/?s={search_term_string}"},"query-input":{"@type":"PropertyValueSpecification","valueRequired":true,"valueName":"search_term_string"}}],"inLanguage":"en-GB"},{"@type":"Organization","@id":"https:\/\/www.leitao-irmao.com\/#organization","name":"Leit\u00e3o & Irm\u00e3o","url":"https:\/\/www.leitao-irmao.com\/","logo":{"@type":"ImageObject","inLanguage":"en-GB","@id":"https:\/\/www.leitao-irmao.com\/#\/schema\/logo\/image\/","url":"https:\/\/www.leitao-irmao.com\/wp-content\/uploads\/2022\/11\/leitaoirmao-logo.png","contentUrl":"https:\/\/www.leitao-irmao.com\/wp-content\/uploads\/2022\/11\/leitaoirmao-logo.png","width":426,"height":89,"caption":"Leit\u00e3o & Irm\u00e3o"},"image":{"@id":"https:\/\/www.leitao-irmao.com\/#\/schema\/logo\/image\/"}}]}},"_links":{"self":[{"href":"https:\/\/www.leitao-irmao.com\/en\/wp-json\/wp\/v2\/product\/27505","targetHints":{"allow":["GET"]}}],"collection":[{"href":"https:\/\/www.leitao-irmao.com\/en\/wp-json\/wp\/v2\/product"}],"about":[{"href":"https:\/\/www.leitao-irmao.com\/en\/wp-json\/wp\/v2\/types\/product"}],"version-history":[{"count":1,"href":"https:\/\/www.leitao-irmao.com\/en\/wp-json\/wp\/v2\/product\/27505\/revisions"}],"predecessor-version":[{"id":33165,"href":"https:\/\/www.leitao-irmao.com\/en\/wp-json\/wp\/v2\/product\/27505\/revisions\/33165"}],"wp:featuredmedia":[{"embeddable":true,"href":"https:\/\/www.leitao-irmao.com\/en\/wp-json\/wp\/v2\/media\/27507"}],"wp:attachment":[{"href":"https:\/\/www.leitao-irmao.com\/en\/wp-json\/wp\/v2\/media?parent=27505"}],"wp:term":[{"taxonomy":"product_brand","embeddable":true,"href":"https:\/\/www.leitao-irmao.com\/en\/wp-json\/wp\/v2\/product_brand?post=27505"},{"taxonomy":"product_cat","embeddable":true,"href":"https:\/\/www.leitao-irmao.com\/en\/wp-json\/wp\/v2\/product_cat?post=27505"},{"taxonomy":"product_tag","embeddable":true,"href":"https:\/\/www.leitao-irmao.com\/en\/wp-json\/wp\/v2\/product_tag?post=27505"}],"curies":[{"name":"wp","href":"https:\/\/api.w.org\/{rel}","templated":true}]}}