{"id":27746,"date":"2024-09-20T12:23:36","date_gmt":"2024-09-20T11:23:36","guid":{"rendered":"https:\/\/www.leitao-irmao.com\/?post_type=product&#038;p=27746"},"modified":"2026-03-11T17:15:59","modified_gmt":"2026-03-11T17:15:59","slug":"botoes-de-punho-tutti-colour-em-prata-pintados-a-mao","status":"publish","type":"product","link":"https:\/\/www.leitao-irmao.com\/en\/product\/botoes-de-punho-tutti-colour-em-prata-pintados-a-mao\/","title":{"rendered":"Tutti Colour cufflinks in hand-painted silver"},"content":{"rendered":"","protected":false},"excerpt":{"rendered":"<p>Silver cufflinks are the quintessential jewelry for men. A useful and meaningful gift, the perfect jewel to complement your outfit.<\/p>\n<p>For the modern or classic man, it is always an accessory of the utmost elegance and refinement.<\/p>\n<p><strong>Cufflinks<em> Tutti Colour<\/em> in hand-painted silver are a touch of elegance, color and personality.<\/strong><\/p>\n<p>Encontre outras op\u00e7\u00f5es de <a href=\"https:\/\/www.leitao-irmao.com\/en\/galerias_de_produto\/botoes-de-punho-homem\/\">bot\u00f5es de punho Leit\u00e3o &amp; Irm\u00e3o<\/a>.<\/p>","protected":false},"featured_media":27970,"template":"","meta":{"_acf_changed":false},"product_brand":[],"product_cat":[131,88,132,79,134,140,135,123,139],"product_tag":[277,323,270],"class_list":{"0":"post-27746","1":"product","2":"type-product","3":"status-publish","4":"has-post-thumbnail","6":"product_cat-aniversario-de-18-anos","7":"product_cat-botoes-de-punho","8":"product_cat-dia-dos-namorados","9":"product_cat-joalharia","10":"product_cat-pai","11":"product_cat-para-ele","12":"product_cat-natal","13":"product_cat-presentes-entre-150e-a-500e","14":"product_cat-presentes-para-personalizar","15":"product_tag-homem","16":"product_tag-novidades","17":"product_tag-prata","19":"first","20":"instock","21":"shipping-taxable","22":"purchasable","23":"product-type-variable"},"acf":[],"yoast_head":"<!-- This site is optimized with the Yoast SEO plugin v25.4 - https:\/\/yoast.com\/wordpress\/plugins\/seo\/ -->\n<title>Bot\u00f5es de punho Tutti Colour em prata pintados \u00e0 m\u00e3o | Leit\u00e3o &amp; Irm\u00e3o<\/title>\n<meta name=\"description\" content=\"Bot\u00f5es de punho s\u00e3o as joias para homem. Os bot\u00f5es de punho em prata pintados \u00e0 m\u00e3o s\u00e3o o toque de eleg\u00e2ncia, cor e personalidade.\" \/>\n<meta name=\"robots\" content=\"index, follow, max-snippet:-1, max-image-preview:large, max-video-preview:-1\" \/>\n<link rel=\"canonical\" href=\"https:\/\/www.leitao-irmao.com\/en\/product\/botoes-de-punho-tutti-colour-em-prata-pintados-a-mao\/\" \/>\n<meta property=\"og:locale\" content=\"en_GB\" \/>\n<meta property=\"og:type\" content=\"article\" \/>\n<meta property=\"og:title\" content=\"Bot\u00f5es de punho Tutti Colour em prata pintados \u00e0 m\u00e3o | Leit\u00e3o &amp; Irm\u00e3o\" \/>\n<meta property=\"og:description\" content=\"Bot\u00f5es de punho s\u00e3o as joias para homem. Os bot\u00f5es de punho em prata pintados \u00e0 m\u00e3o s\u00e3o o toque de eleg\u00e2ncia, cor e personalidade.\" \/>\n<meta property=\"og:url\" content=\"https:\/\/www.leitao-irmao.com\/en\/product\/botoes-de-punho-tutti-colour-em-prata-pintados-a-mao\/\" \/>\n<meta property=\"og:site_name\" content=\"Leit\u00e3o &amp; Irm\u00e3o\" \/>\n<meta property=\"article:modified_time\" content=\"2026-03-11T17:15:59+00:00\" \/>\n<meta property=\"og:image\" content=\"https:\/\/www.leitao-irmao.com\/wp-content\/uploads\/2024\/09\/0521170-Amarelo-leitao.jpg\" \/>\n\t<meta property=\"og:image:width\" content=\"1080\" \/>\n\t<meta property=\"og:image:height\" content=\"1080\" \/>\n\t<meta property=\"og:image:type\" content=\"image\/jpeg\" \/>\n<meta name=\"twitter:card\" content=\"summary_large_image\" \/>\n<meta name=\"twitter:label1\" content=\"Estimated reading time\" \/>\n\t<meta name=\"twitter:data1\" content=\"1 minute\" \/>\n<script type=\"application\/ld+json\" class=\"yoast-schema-graph\">{\"@context\":\"https:\/\/schema.org\",\"@graph\":[{\"@type\":\"WebPage\",\"@id\":\"https:\/\/www.leitao-irmao.com\/product\/botoes-de-punho-tutti-colour-em-prata-pintados-a-mao\/\",\"url\":\"https:\/\/www.leitao-irmao.com\/product\/botoes-de-punho-tutti-colour-em-prata-pintados-a-mao\/\",\"name\":\"Bot\u00f5es de punho Tutti Colour em prata pintados \u00e0 m\u00e3o | Leit\u00e3o &amp; Irm\u00e3o\",\"isPartOf\":{\"@id\":\"https:\/\/www.leitao-irmao.com\/#website\"},\"primaryImageOfPage\":{\"@id\":\"https:\/\/www.leitao-irmao.com\/product\/botoes-de-punho-tutti-colour-em-prata-pintados-a-mao\/#primaryimage\"},\"image\":{\"@id\":\"https:\/\/www.leitao-irmao.com\/product\/botoes-de-punho-tutti-colour-em-prata-pintados-a-mao\/#primaryimage\"},\"thumbnailUrl\":\"https:\/\/www.leitao-irmao.com\/wp-content\/uploads\/2024\/09\/0521170-Amarelo-leitao.jpg\",\"datePublished\":\"2024-09-20T11:23:36+00:00\",\"dateModified\":\"2026-03-11T17:15:59+00:00\",\"description\":\"Bot\u00f5es de punho s\u00e3o as joias para homem. Os bot\u00f5es de punho em prata pintados \u00e0 m\u00e3o s\u00e3o o toque de eleg\u00e2ncia, cor e personalidade.\",\"breadcrumb\":{\"@id\":\"https:\/\/www.leitao-irmao.com\/product\/botoes-de-punho-tutti-colour-em-prata-pintados-a-mao\/#breadcrumb\"},\"inLanguage\":\"en-GB\",\"potentialAction\":[{\"@type\":\"ReadAction\",\"target\":[\"https:\/\/www.leitao-irmao.com\/product\/botoes-de-punho-tutti-colour-em-prata-pintados-a-mao\/\"]}]},{\"@type\":\"ImageObject\",\"inLanguage\":\"en-GB\",\"@id\":\"https:\/\/www.leitao-irmao.com\/product\/botoes-de-punho-tutti-colour-em-prata-pintados-a-mao\/#primaryimage\",\"url\":\"https:\/\/www.leitao-irmao.com\/wp-content\/uploads\/2024\/09\/0521170-Amarelo-leitao.jpg\",\"contentUrl\":\"https:\/\/www.leitao-irmao.com\/wp-content\/uploads\/2024\/09\/0521170-Amarelo-leitao.jpg\",\"width\":1080,\"height\":1080,\"caption\":\"Bot\u00f5es de punho Tutti colour em prata e pintados \u00e0 m\u00e3o de amarelo Leit\u00e3o da Leit\u00e3o & Irm\u00e3o\"},{\"@type\":\"BreadcrumbList\",\"@id\":\"https:\/\/www.leitao-irmao.com\/product\/botoes-de-punho-tutti-colour-em-prata-pintados-a-mao\/#breadcrumb\",\"itemListElement\":[{\"@type\":\"ListItem\",\"position\":1,\"name\":\"Home\",\"item\":\"https:\/\/www.leitao-irmao.com\/\"},{\"@type\":\"ListItem\",\"position\":2,\"name\":\"Products\",\"item\":\"https:\/\/www.leitao-irmao.com\/shop\/\"},{\"@type\":\"ListItem\",\"position\":3,\"name\":\"Bot\u00f5es de punho Tutti Colour em prata pintados \u00e0 m\u00e3o\"}]},{\"@type\":\"WebSite\",\"@id\":\"https:\/\/www.leitao-irmao.com\/#website\",\"url\":\"https:\/\/www.leitao-irmao.com\/\",\"name\":\"Leit\u00e3o & Irm\u00e3o\",\"description\":\"Joalheiros desde 1822\",\"publisher\":{\"@id\":\"https:\/\/www.leitao-irmao.com\/#organization\"},\"potentialAction\":[{\"@type\":\"SearchAction\",\"target\":{\"@type\":\"EntryPoint\",\"urlTemplate\":\"https:\/\/www.leitao-irmao.com\/?s={search_term_string}\"},\"query-input\":{\"@type\":\"PropertyValueSpecification\",\"valueRequired\":true,\"valueName\":\"search_term_string\"}}],\"inLanguage\":\"en-GB\"},{\"@type\":\"Organization\",\"@id\":\"https:\/\/www.leitao-irmao.com\/#organization\",\"name\":\"Leit\u00e3o & Irm\u00e3o\",\"url\":\"https:\/\/www.leitao-irmao.com\/\",\"logo\":{\"@type\":\"ImageObject\",\"inLanguage\":\"en-GB\",\"@id\":\"https:\/\/www.leitao-irmao.com\/#\/schema\/logo\/image\/\",\"url\":\"https:\/\/www.leitao-irmao.com\/wp-content\/uploads\/2022\/11\/leitaoirmao-logo.png\",\"contentUrl\":\"https:\/\/www.leitao-irmao.com\/wp-content\/uploads\/2022\/11\/leitaoirmao-logo.png\",\"width\":426,\"height\":89,\"caption\":\"Leit\u00e3o & Irm\u00e3o\"},\"image\":{\"@id\":\"https:\/\/www.leitao-irmao.com\/#\/schema\/logo\/image\/\"}}]}<\/script>\n<!-- \/ Yoast SEO plugin. -->","yoast_head_json":{"title":"Bot\u00f5es de punho Tutti Colour em prata pintados \u00e0 m\u00e3o | Leit\u00e3o &amp; Irm\u00e3o","description":"Bot\u00f5es de punho s\u00e3o as joias para homem. Os bot\u00f5es de punho em prata pintados \u00e0 m\u00e3o s\u00e3o o toque de eleg\u00e2ncia, cor e personalidade.","robots":{"index":"index","follow":"follow","max-snippet":"max-snippet:-1","max-image-preview":"max-image-preview:large","max-video-preview":"max-video-preview:-1"},"canonical":"https:\/\/www.leitao-irmao.com\/en\/product\/botoes-de-punho-tutti-colour-em-prata-pintados-a-mao\/","og_locale":"en_GB","og_type":"article","og_title":"Bot\u00f5es de punho Tutti Colour em prata pintados \u00e0 m\u00e3o | Leit\u00e3o &amp; Irm\u00e3o","og_description":"Bot\u00f5es de punho s\u00e3o as joias para homem. Os bot\u00f5es de punho em prata pintados \u00e0 m\u00e3o s\u00e3o o toque de eleg\u00e2ncia, cor e personalidade.","og_url":"https:\/\/www.leitao-irmao.com\/en\/product\/botoes-de-punho-tutti-colour-em-prata-pintados-a-mao\/","og_site_name":"Leit\u00e3o &amp; Irm\u00e3o","article_modified_time":"2026-03-11T17:15:59+00:00","og_image":[{"width":1080,"height":1080,"url":"https:\/\/www.leitao-irmao.com\/wp-content\/uploads\/2024\/09\/0521170-Amarelo-leitao.jpg","type":"image\/jpeg"}],"twitter_card":"summary_large_image","twitter_misc":{"Estimated reading time":"1 minute"},"schema":{"@context":"https:\/\/schema.org","@graph":[{"@type":"WebPage","@id":"https:\/\/www.leitao-irmao.com\/product\/botoes-de-punho-tutti-colour-em-prata-pintados-a-mao\/","url":"https:\/\/www.leitao-irmao.com\/product\/botoes-de-punho-tutti-colour-em-prata-pintados-a-mao\/","name":"Bot\u00f5es de punho Tutti Colour em prata pintados \u00e0 m\u00e3o | Leit\u00e3o &amp; Irm\u00e3o","isPartOf":{"@id":"https:\/\/www.leitao-irmao.com\/#website"},"primaryImageOfPage":{"@id":"https:\/\/www.leitao-irmao.com\/product\/botoes-de-punho-tutti-colour-em-prata-pintados-a-mao\/#primaryimage"},"image":{"@id":"https:\/\/www.leitao-irmao.com\/product\/botoes-de-punho-tutti-colour-em-prata-pintados-a-mao\/#primaryimage"},"thumbnailUrl":"https:\/\/www.leitao-irmao.com\/wp-content\/uploads\/2024\/09\/0521170-Amarelo-leitao.jpg","datePublished":"2024-09-20T11:23:36+00:00","dateModified":"2026-03-11T17:15:59+00:00","description":"Bot\u00f5es de punho s\u00e3o as joias para homem. Os bot\u00f5es de punho em prata pintados \u00e0 m\u00e3o s\u00e3o o toque de eleg\u00e2ncia, cor e personalidade.","breadcrumb":{"@id":"https:\/\/www.leitao-irmao.com\/product\/botoes-de-punho-tutti-colour-em-prata-pintados-a-mao\/#breadcrumb"},"inLanguage":"en-GB","potentialAction":[{"@type":"ReadAction","target":["https:\/\/www.leitao-irmao.com\/product\/botoes-de-punho-tutti-colour-em-prata-pintados-a-mao\/"]}]},{"@type":"ImageObject","inLanguage":"en-GB","@id":"https:\/\/www.leitao-irmao.com\/product\/botoes-de-punho-tutti-colour-em-prata-pintados-a-mao\/#primaryimage","url":"https:\/\/www.leitao-irmao.com\/wp-content\/uploads\/2024\/09\/0521170-Amarelo-leitao.jpg","contentUrl":"https:\/\/www.leitao-irmao.com\/wp-content\/uploads\/2024\/09\/0521170-Amarelo-leitao.jpg","width":1080,"height":1080,"caption":"Bot\u00f5es de punho Tutti colour em prata e pintados \u00e0 m\u00e3o de amarelo Leit\u00e3o da Leit\u00e3o & Irm\u00e3o"},{"@type":"BreadcrumbList","@id":"https:\/\/www.leitao-irmao.com\/product\/botoes-de-punho-tutti-colour-em-prata-pintados-a-mao\/#breadcrumb","itemListElement":[{"@type":"ListItem","position":1,"name":"Home","item":"https:\/\/www.leitao-irmao.com\/"},{"@type":"ListItem","position":2,"name":"Products","item":"https:\/\/www.leitao-irmao.com\/shop\/"},{"@type":"ListItem","position":3,"name":"Bot\u00f5es de punho Tutti Colour em prata pintados \u00e0 m\u00e3o"}]},{"@type":"WebSite","@id":"https:\/\/www.leitao-irmao.com\/#website","url":"https:\/\/www.leitao-irmao.com\/","name":"Leit\u00e3o & Irm\u00e3o","description":"Joalheiros desde 1822","publisher":{"@id":"https:\/\/www.leitao-irmao.com\/#organization"},"potentialAction":[{"@type":"SearchAction","target":{"@type":"EntryPoint","urlTemplate":"https:\/\/www.leitao-irmao.com\/?s={search_term_string}"},"query-input":{"@type":"PropertyValueSpecification","valueRequired":true,"valueName":"search_term_string"}}],"inLanguage":"en-GB"},{"@type":"Organization","@id":"https:\/\/www.leitao-irmao.com\/#organization","name":"Leit\u00e3o & Irm\u00e3o","url":"https:\/\/www.leitao-irmao.com\/","logo":{"@type":"ImageObject","inLanguage":"en-GB","@id":"https:\/\/www.leitao-irmao.com\/#\/schema\/logo\/image\/","url":"https:\/\/www.leitao-irmao.com\/wp-content\/uploads\/2022\/11\/leitaoirmao-logo.png","contentUrl":"https:\/\/www.leitao-irmao.com\/wp-content\/uploads\/2022\/11\/leitaoirmao-logo.png","width":426,"height":89,"caption":"Leit\u00e3o & Irm\u00e3o"},"image":{"@id":"https:\/\/www.leitao-irmao.com\/#\/schema\/logo\/image\/"}}]}},"_links":{"self":[{"href":"https:\/\/www.leitao-irmao.com\/en\/wp-json\/wp\/v2\/product\/27746","targetHints":{"allow":["GET"]}}],"collection":[{"href":"https:\/\/www.leitao-irmao.com\/en\/wp-json\/wp\/v2\/product"}],"about":[{"href":"https:\/\/www.leitao-irmao.com\/en\/wp-json\/wp\/v2\/types\/product"}],"version-history":[{"count":1,"href":"https:\/\/www.leitao-irmao.com\/en\/wp-json\/wp\/v2\/product\/27746\/revisions"}],"predecessor-version":[{"id":32981,"href":"https:\/\/www.leitao-irmao.com\/en\/wp-json\/wp\/v2\/product\/27746\/revisions\/32981"}],"wp:featuredmedia":[{"embeddable":true,"href":"https:\/\/www.leitao-irmao.com\/en\/wp-json\/wp\/v2\/media\/27970"}],"wp:attachment":[{"href":"https:\/\/www.leitao-irmao.com\/en\/wp-json\/wp\/v2\/media?parent=27746"}],"wp:term":[{"taxonomy":"product_brand","embeddable":true,"href":"https:\/\/www.leitao-irmao.com\/en\/wp-json\/wp\/v2\/product_brand?post=27746"},{"taxonomy":"product_cat","embeddable":true,"href":"https:\/\/www.leitao-irmao.com\/en\/wp-json\/wp\/v2\/product_cat?post=27746"},{"taxonomy":"product_tag","embeddable":true,"href":"https:\/\/www.leitao-irmao.com\/en\/wp-json\/wp\/v2\/product_tag?post=27746"}],"curies":[{"name":"wp","href":"https:\/\/api.w.org\/{rel}","templated":true}]}}