{"id":27872,"date":"2024-09-20T15:42:56","date_gmt":"2024-09-20T14:42:56","guid":{"rendered":"https:\/\/www.leitao-irmao.com\/?post_type=product&#038;p=27872"},"modified":"2026-03-19T09:34:03","modified_gmt":"2026-03-19T09:34:03","slug":"crocodilo-de-chelas-em-prata-colecao-excecionais","status":"publish","type":"product","link":"https:\/\/www.leitao-irmao.com\/en\/product\/crocodilo-de-chelas-em-prata-colecao-excecionais\/","title":{"rendered":"Chelas Crocodile in Silver | Exceptional Collection"},"content":{"rendered":"","protected":false},"excerpt":{"rendered":"<p>The Crocodile of Chelas evokes a prehistoric crocodile whose skull fossil was discovered in the location that gives it its name.<\/p>\n<p>It is estimated that the crocodile that lived in the Chelas Valley around 11 million years ago was around 7m long and weighed around 2 tons, which is equivalent to the weight of objects such as a Jeep in the Cherokee model or adult animals such as giraffes or polar bears.<\/p>\n<p>This project is yet another portrayal of the marvelous historical events of our time, which endures the lasting connection between art and science.<\/p>\n<p>Sculpted in our Lisbon workshops by our resident sculptor.<\/p>","protected":false},"featured_media":28850,"template":"","meta":{"_acf_changed":false},"product_brand":[],"product_cat":[70,74,259,128,496],"product_tag":[270],"class_list":{"0":"post-27872","1":"product","2":"type-product","3":"status-publish","4":"has-post-thumbnail","6":"product_cat-casa-e-decoracao","7":"product_cat-decoracao","8":"product_cat-excecionais","9":"product_cat-presentes-acima-de-10000e","10":"product_cat-sem-desconto","11":"product_tag-prata","13":"first","14":"instock","15":"shipping-taxable","16":"purchasable","17":"product-type-simple"},"acf":[],"yoast_head":"<!-- This site is optimized with the Yoast SEO plugin v25.4 - https:\/\/yoast.com\/wordpress\/plugins\/seo\/ -->\n<title>Crocodilo de Chelas em Prata | Cole\u00e7\u00e3o Excecionais | Leit\u00e3o &amp; Irm\u00e3o<\/title>\n<meta name=\"description\" content=\"O Crocodilo de Chelas em prata \u00e9 desenvolvido no \u00e2mbito da cole\u00e7\u00e3o Excecionais da Leit\u00e3o &amp; Irm\u00e3o. Obras em prata de dimens\u00f5es e detalhe excecionais.\" \/>\n<meta name=\"robots\" content=\"index, follow, max-snippet:-1, max-image-preview:large, max-video-preview:-1\" \/>\n<link rel=\"canonical\" href=\"https:\/\/www.leitao-irmao.com\/en\/product\/crocodilo-de-chelas-em-prata-colecao-excecionais\/\" \/>\n<meta property=\"og:locale\" content=\"en_GB\" \/>\n<meta property=\"og:type\" content=\"article\" \/>\n<meta property=\"og:title\" content=\"Crocodilo de Chelas em Prata | Cole\u00e7\u00e3o Excecionais | Leit\u00e3o &amp; Irm\u00e3o\" \/>\n<meta property=\"og:description\" content=\"O Crocodilo de Chelas em prata \u00e9 desenvolvido no \u00e2mbito da cole\u00e7\u00e3o Excecionais da Leit\u00e3o &amp; Irm\u00e3o. Obras em prata de dimens\u00f5es e detalhe excecionais.\" \/>\n<meta property=\"og:url\" content=\"https:\/\/www.leitao-irmao.com\/en\/product\/crocodilo-de-chelas-em-prata-colecao-excecionais\/\" \/>\n<meta property=\"og:site_name\" content=\"Leit\u00e3o &amp; Irm\u00e3o\" \/>\n<meta property=\"article:modified_time\" content=\"2026-03-19T09:34:03+00:00\" \/>\n<meta property=\"og:image\" content=\"https:\/\/www.leitao-irmao.com\/wp-content\/uploads\/2024\/09\/crocodilo_boca_aberta_0503636-1.jpg\" \/>\n\t<meta property=\"og:image:width\" content=\"1920\" \/>\n\t<meta property=\"og:image:height\" content=\"1920\" \/>\n\t<meta property=\"og:image:type\" content=\"image\/jpeg\" \/>\n<meta name=\"twitter:card\" content=\"summary_large_image\" \/>\n<meta name=\"twitter:label1\" content=\"Estimated reading time\" \/>\n\t<meta name=\"twitter:data1\" content=\"1 minute\" \/>\n<script type=\"application\/ld+json\" class=\"yoast-schema-graph\">{\"@context\":\"https:\/\/schema.org\",\"@graph\":[{\"@type\":\"WebPage\",\"@id\":\"https:\/\/www.leitao-irmao.com\/product\/crocodilo-de-chelas-em-prata-colecao-excecionais\/\",\"url\":\"https:\/\/www.leitao-irmao.com\/product\/crocodilo-de-chelas-em-prata-colecao-excecionais\/\",\"name\":\"Crocodilo de Chelas em Prata | Cole\u00e7\u00e3o Excecionais | Leit\u00e3o &amp; Irm\u00e3o\",\"isPartOf\":{\"@id\":\"https:\/\/www.leitao-irmao.com\/#website\"},\"primaryImageOfPage\":{\"@id\":\"https:\/\/www.leitao-irmao.com\/product\/crocodilo-de-chelas-em-prata-colecao-excecionais\/#primaryimage\"},\"image\":{\"@id\":\"https:\/\/www.leitao-irmao.com\/product\/crocodilo-de-chelas-em-prata-colecao-excecionais\/#primaryimage\"},\"thumbnailUrl\":\"https:\/\/www.leitao-irmao.com\/wp-content\/uploads\/2024\/09\/crocodilo_boca_aberta_0503636-1.jpg\",\"datePublished\":\"2024-09-20T14:42:56+00:00\",\"dateModified\":\"2026-03-19T09:34:03+00:00\",\"description\":\"O Crocodilo de Chelas em prata \u00e9 desenvolvido no \u00e2mbito da cole\u00e7\u00e3o Excecionais da Leit\u00e3o & Irm\u00e3o. Obras em prata de dimens\u00f5es e detalhe excecionais.\",\"breadcrumb\":{\"@id\":\"https:\/\/www.leitao-irmao.com\/product\/crocodilo-de-chelas-em-prata-colecao-excecionais\/#breadcrumb\"},\"inLanguage\":\"en-GB\",\"potentialAction\":[{\"@type\":\"ReadAction\",\"target\":[\"https:\/\/www.leitao-irmao.com\/product\/crocodilo-de-chelas-em-prata-colecao-excecionais\/\"]}]},{\"@type\":\"ImageObject\",\"inLanguage\":\"en-GB\",\"@id\":\"https:\/\/www.leitao-irmao.com\/product\/crocodilo-de-chelas-em-prata-colecao-excecionais\/#primaryimage\",\"url\":\"https:\/\/www.leitao-irmao.com\/wp-content\/uploads\/2024\/09\/crocodilo_boca_aberta_0503636-1.jpg\",\"contentUrl\":\"https:\/\/www.leitao-irmao.com\/wp-content\/uploads\/2024\/09\/crocodilo_boca_aberta_0503636-1.jpg\",\"width\":1920,\"height\":1920,\"caption\":\"Crocodilo de Chelas em prata cole\u00e7\u00e3o excecionais da Leit\u00e3o & Irm\u00e3o\"},{\"@type\":\"BreadcrumbList\",\"@id\":\"https:\/\/www.leitao-irmao.com\/product\/crocodilo-de-chelas-em-prata-colecao-excecionais\/#breadcrumb\",\"itemListElement\":[{\"@type\":\"ListItem\",\"position\":1,\"name\":\"Home\",\"item\":\"https:\/\/www.leitao-irmao.com\/\"},{\"@type\":\"ListItem\",\"position\":2,\"name\":\"Products\",\"item\":\"https:\/\/www.leitao-irmao.com\/shop\/\"},{\"@type\":\"ListItem\",\"position\":3,\"name\":\"Crocodilo de Chelas em Prata | Cole\u00e7\u00e3o Excecionais\"}]},{\"@type\":\"WebSite\",\"@id\":\"https:\/\/www.leitao-irmao.com\/#website\",\"url\":\"https:\/\/www.leitao-irmao.com\/\",\"name\":\"Leit\u00e3o & Irm\u00e3o\",\"description\":\"Joalheiros desde 1822\",\"publisher\":{\"@id\":\"https:\/\/www.leitao-irmao.com\/#organization\"},\"potentialAction\":[{\"@type\":\"SearchAction\",\"target\":{\"@type\":\"EntryPoint\",\"urlTemplate\":\"https:\/\/www.leitao-irmao.com\/?s={search_term_string}\"},\"query-input\":{\"@type\":\"PropertyValueSpecification\",\"valueRequired\":true,\"valueName\":\"search_term_string\"}}],\"inLanguage\":\"en-GB\"},{\"@type\":\"Organization\",\"@id\":\"https:\/\/www.leitao-irmao.com\/#organization\",\"name\":\"Leit\u00e3o & Irm\u00e3o\",\"url\":\"https:\/\/www.leitao-irmao.com\/\",\"logo\":{\"@type\":\"ImageObject\",\"inLanguage\":\"en-GB\",\"@id\":\"https:\/\/www.leitao-irmao.com\/#\/schema\/logo\/image\/\",\"url\":\"https:\/\/www.leitao-irmao.com\/wp-content\/uploads\/2022\/11\/leitaoirmao-logo.png\",\"contentUrl\":\"https:\/\/www.leitao-irmao.com\/wp-content\/uploads\/2022\/11\/leitaoirmao-logo.png\",\"width\":426,\"height\":89,\"caption\":\"Leit\u00e3o & Irm\u00e3o\"},\"image\":{\"@id\":\"https:\/\/www.leitao-irmao.com\/#\/schema\/logo\/image\/\"}}]}<\/script>\n<!-- \/ Yoast SEO plugin. -->","yoast_head_json":{"title":"Crocodilo de Chelas em Prata | Cole\u00e7\u00e3o Excecionais | Leit\u00e3o &amp; Irm\u00e3o","description":"O Crocodilo de Chelas em prata \u00e9 desenvolvido no \u00e2mbito da cole\u00e7\u00e3o Excecionais da Leit\u00e3o & Irm\u00e3o. Obras em prata de dimens\u00f5es e detalhe excecionais.","robots":{"index":"index","follow":"follow","max-snippet":"max-snippet:-1","max-image-preview":"max-image-preview:large","max-video-preview":"max-video-preview:-1"},"canonical":"https:\/\/www.leitao-irmao.com\/en\/product\/crocodilo-de-chelas-em-prata-colecao-excecionais\/","og_locale":"en_GB","og_type":"article","og_title":"Crocodilo de Chelas em Prata | Cole\u00e7\u00e3o Excecionais | Leit\u00e3o &amp; Irm\u00e3o","og_description":"O Crocodilo de Chelas em prata \u00e9 desenvolvido no \u00e2mbito da cole\u00e7\u00e3o Excecionais da Leit\u00e3o & Irm\u00e3o. Obras em prata de dimens\u00f5es e detalhe excecionais.","og_url":"https:\/\/www.leitao-irmao.com\/en\/product\/crocodilo-de-chelas-em-prata-colecao-excecionais\/","og_site_name":"Leit\u00e3o &amp; Irm\u00e3o","article_modified_time":"2026-03-19T09:34:03+00:00","og_image":[{"width":1920,"height":1920,"url":"https:\/\/www.leitao-irmao.com\/wp-content\/uploads\/2024\/09\/crocodilo_boca_aberta_0503636-1.jpg","type":"image\/jpeg"}],"twitter_card":"summary_large_image","twitter_misc":{"Estimated reading time":"1 minute"},"schema":{"@context":"https:\/\/schema.org","@graph":[{"@type":"WebPage","@id":"https:\/\/www.leitao-irmao.com\/product\/crocodilo-de-chelas-em-prata-colecao-excecionais\/","url":"https:\/\/www.leitao-irmao.com\/product\/crocodilo-de-chelas-em-prata-colecao-excecionais\/","name":"Crocodilo de Chelas em Prata | Cole\u00e7\u00e3o Excecionais | Leit\u00e3o &amp; Irm\u00e3o","isPartOf":{"@id":"https:\/\/www.leitao-irmao.com\/#website"},"primaryImageOfPage":{"@id":"https:\/\/www.leitao-irmao.com\/product\/crocodilo-de-chelas-em-prata-colecao-excecionais\/#primaryimage"},"image":{"@id":"https:\/\/www.leitao-irmao.com\/product\/crocodilo-de-chelas-em-prata-colecao-excecionais\/#primaryimage"},"thumbnailUrl":"https:\/\/www.leitao-irmao.com\/wp-content\/uploads\/2024\/09\/crocodilo_boca_aberta_0503636-1.jpg","datePublished":"2024-09-20T14:42:56+00:00","dateModified":"2026-03-19T09:34:03+00:00","description":"O Crocodilo de Chelas em prata \u00e9 desenvolvido no \u00e2mbito da cole\u00e7\u00e3o Excecionais da Leit\u00e3o & Irm\u00e3o. Obras em prata de dimens\u00f5es e detalhe excecionais.","breadcrumb":{"@id":"https:\/\/www.leitao-irmao.com\/product\/crocodilo-de-chelas-em-prata-colecao-excecionais\/#breadcrumb"},"inLanguage":"en-GB","potentialAction":[{"@type":"ReadAction","target":["https:\/\/www.leitao-irmao.com\/product\/crocodilo-de-chelas-em-prata-colecao-excecionais\/"]}]},{"@type":"ImageObject","inLanguage":"en-GB","@id":"https:\/\/www.leitao-irmao.com\/product\/crocodilo-de-chelas-em-prata-colecao-excecionais\/#primaryimage","url":"https:\/\/www.leitao-irmao.com\/wp-content\/uploads\/2024\/09\/crocodilo_boca_aberta_0503636-1.jpg","contentUrl":"https:\/\/www.leitao-irmao.com\/wp-content\/uploads\/2024\/09\/crocodilo_boca_aberta_0503636-1.jpg","width":1920,"height":1920,"caption":"Crocodilo de Chelas em prata cole\u00e7\u00e3o excecionais da Leit\u00e3o & Irm\u00e3o"},{"@type":"BreadcrumbList","@id":"https:\/\/www.leitao-irmao.com\/product\/crocodilo-de-chelas-em-prata-colecao-excecionais\/#breadcrumb","itemListElement":[{"@type":"ListItem","position":1,"name":"Home","item":"https:\/\/www.leitao-irmao.com\/"},{"@type":"ListItem","position":2,"name":"Products","item":"https:\/\/www.leitao-irmao.com\/shop\/"},{"@type":"ListItem","position":3,"name":"Crocodilo de Chelas em Prata | Cole\u00e7\u00e3o Excecionais"}]},{"@type":"WebSite","@id":"https:\/\/www.leitao-irmao.com\/#website","url":"https:\/\/www.leitao-irmao.com\/","name":"Leit\u00e3o & Irm\u00e3o","description":"Joalheiros desde 1822","publisher":{"@id":"https:\/\/www.leitao-irmao.com\/#organization"},"potentialAction":[{"@type":"SearchAction","target":{"@type":"EntryPoint","urlTemplate":"https:\/\/www.leitao-irmao.com\/?s={search_term_string}"},"query-input":{"@type":"PropertyValueSpecification","valueRequired":true,"valueName":"search_term_string"}}],"inLanguage":"en-GB"},{"@type":"Organization","@id":"https:\/\/www.leitao-irmao.com\/#organization","name":"Leit\u00e3o & Irm\u00e3o","url":"https:\/\/www.leitao-irmao.com\/","logo":{"@type":"ImageObject","inLanguage":"en-GB","@id":"https:\/\/www.leitao-irmao.com\/#\/schema\/logo\/image\/","url":"https:\/\/www.leitao-irmao.com\/wp-content\/uploads\/2022\/11\/leitaoirmao-logo.png","contentUrl":"https:\/\/www.leitao-irmao.com\/wp-content\/uploads\/2022\/11\/leitaoirmao-logo.png","width":426,"height":89,"caption":"Leit\u00e3o & Irm\u00e3o"},"image":{"@id":"https:\/\/www.leitao-irmao.com\/#\/schema\/logo\/image\/"}}]}},"_links":{"self":[{"href":"https:\/\/www.leitao-irmao.com\/en\/wp-json\/wp\/v2\/product\/27872","targetHints":{"allow":["GET"]}}],"collection":[{"href":"https:\/\/www.leitao-irmao.com\/en\/wp-json\/wp\/v2\/product"}],"about":[{"href":"https:\/\/www.leitao-irmao.com\/en\/wp-json\/wp\/v2\/types\/product"}],"version-history":[{"count":1,"href":"https:\/\/www.leitao-irmao.com\/en\/wp-json\/wp\/v2\/product\/27872\/revisions"}],"predecessor-version":[{"id":35583,"href":"https:\/\/www.leitao-irmao.com\/en\/wp-json\/wp\/v2\/product\/27872\/revisions\/35583"}],"wp:featuredmedia":[{"embeddable":true,"href":"https:\/\/www.leitao-irmao.com\/en\/wp-json\/wp\/v2\/media\/28850"}],"wp:attachment":[{"href":"https:\/\/www.leitao-irmao.com\/en\/wp-json\/wp\/v2\/media?parent=27872"}],"wp:term":[{"taxonomy":"product_brand","embeddable":true,"href":"https:\/\/www.leitao-irmao.com\/en\/wp-json\/wp\/v2\/product_brand?post=27872"},{"taxonomy":"product_cat","embeddable":true,"href":"https:\/\/www.leitao-irmao.com\/en\/wp-json\/wp\/v2\/product_cat?post=27872"},{"taxonomy":"product_tag","embeddable":true,"href":"https:\/\/www.leitao-irmao.com\/en\/wp-json\/wp\/v2\/product_tag?post=27872"}],"curies":[{"name":"wp","href":"https:\/\/api.w.org\/{rel}","templated":true}]}}