{"id":27988,"date":"2024-09-23T12:34:56","date_gmt":"2024-09-23T11:34:56","guid":{"rendered":"https:\/\/www.leitao-irmao.com\/?post_type=product&#038;p=27988"},"modified":"2026-02-23T18:23:06","modified_gmt":"2026-02-23T18:23:06","slug":"medalha-de-berco-em-prata-coroa-nossa-senhora","status":"publish","type":"product","link":"https:\/\/www.leitao-irmao.com\/en\/product\/medalha-de-berco-em-prata-coroa-nossa-senhora\/","title":{"rendered":"Silver Birth Medal | Crown of Our Lady"},"content":{"rendered":"","protected":false},"excerpt":{"rendered":"<p>The Cradle Medal is an object loaded with meaning, making it a deeply symbolic and comforting choice. Celebrate special occasions with Leit\u00e3o &amp; Irm\u00e3o, the perfect christening gift.<\/p>","protected":false},"featured_media":27993,"template":"","meta":{"_acf_changed":false},"product_brand":[],"product_cat":[483,137,121,79,123,139],"product_tag":[434,270],"class_list":{"0":"post-27988","1":"product","2":"type-product","3":"status-publish","4":"has-post-thumbnail","6":"product_cat-artigos-religiosos","7":"product_cat-batizados","8":"product_cat-gifts","9":"product_cat-joalharia","10":"product_cat-presentes-entre-150e-a-500e","11":"product_cat-presentes-para-personalizar","12":"product_tag-crianca","13":"product_tag-prata","15":"first","16":"instock","17":"shipping-taxable","18":"purchasable","19":"product-type-variable"},"acf":[],"yoast_head":"<!-- This site is optimized with the Yoast SEO plugin v25.4 - https:\/\/yoast.com\/wordpress\/plugins\/seo\/ -->\n<title>Medalha de Ber\u00e7o em prata | Coroa Nossa Senhora | Leit\u00e3o &amp; Irm\u00e3o<\/title>\n<meta name=\"description\" content=\"A Medalha de Ber\u00e7o, Coroa Nossa Senhora \u00e9 um objeto carregado de significado,\u00a0 tornando-a uma escolha profundamente simb\u00f3lica e reconfortante.\" \/>\n<meta name=\"robots\" content=\"index, follow, max-snippet:-1, max-image-preview:large, max-video-preview:-1\" \/>\n<link rel=\"canonical\" href=\"https:\/\/www.leitao-irmao.com\/en\/product\/medalha-de-berco-em-prata-coroa-nossa-senhora\/\" \/>\n<meta property=\"og:locale\" content=\"en_GB\" \/>\n<meta property=\"og:type\" content=\"article\" \/>\n<meta property=\"og:title\" content=\"Medalha de Ber\u00e7o em prata | Coroa Nossa Senhora | Leit\u00e3o &amp; Irm\u00e3o\" \/>\n<meta property=\"og:description\" content=\"A Medalha de Ber\u00e7o, Coroa Nossa Senhora \u00e9 um objeto carregado de significado,\u00a0 tornando-a uma escolha profundamente simb\u00f3lica e reconfortante.\" \/>\n<meta property=\"og:url\" content=\"https:\/\/www.leitao-irmao.com\/en\/product\/medalha-de-berco-em-prata-coroa-nossa-senhora\/\" \/>\n<meta property=\"og:site_name\" content=\"Leit\u00e3o &amp; Irm\u00e3o\" \/>\n<meta property=\"article:modified_time\" content=\"2026-02-23T18:23:06+00:00\" \/>\n<meta property=\"og:image\" content=\"https:\/\/www.leitao-irmao.com\/wp-content\/uploads\/2024\/09\/0527249.jpg\" \/>\n\t<meta property=\"og:image:width\" content=\"1080\" \/>\n\t<meta property=\"og:image:height\" content=\"1080\" \/>\n\t<meta property=\"og:image:type\" content=\"image\/jpeg\" \/>\n<meta name=\"twitter:card\" content=\"summary_large_image\" \/>\n<meta name=\"twitter:label1\" content=\"Estimated reading time\" \/>\n\t<meta name=\"twitter:data1\" content=\"1 minute\" \/>\n<script type=\"application\/ld+json\" class=\"yoast-schema-graph\">{\"@context\":\"https:\/\/schema.org\",\"@graph\":[{\"@type\":\"WebPage\",\"@id\":\"https:\/\/www.leitao-irmao.com\/product\/medalha-de-berco-em-prata-coroa-nossa-senhora\/\",\"url\":\"https:\/\/www.leitao-irmao.com\/product\/medalha-de-berco-em-prata-coroa-nossa-senhora\/\",\"name\":\"Medalha de Ber\u00e7o em prata | Coroa Nossa Senhora | Leit\u00e3o &amp; Irm\u00e3o\",\"isPartOf\":{\"@id\":\"https:\/\/www.leitao-irmao.com\/#website\"},\"primaryImageOfPage\":{\"@id\":\"https:\/\/www.leitao-irmao.com\/product\/medalha-de-berco-em-prata-coroa-nossa-senhora\/#primaryimage\"},\"image\":{\"@id\":\"https:\/\/www.leitao-irmao.com\/product\/medalha-de-berco-em-prata-coroa-nossa-senhora\/#primaryimage\"},\"thumbnailUrl\":\"https:\/\/www.leitao-irmao.com\/wp-content\/uploads\/2024\/09\/0527249.jpg\",\"datePublished\":\"2024-09-23T11:34:56+00:00\",\"dateModified\":\"2026-02-23T18:23:06+00:00\",\"description\":\"A Medalha de Ber\u00e7o, Coroa Nossa Senhora \u00e9 um objeto carregado de significado,\u00a0 tornando-a uma escolha profundamente simb\u00f3lica e reconfortante.\",\"breadcrumb\":{\"@id\":\"https:\/\/www.leitao-irmao.com\/product\/medalha-de-berco-em-prata-coroa-nossa-senhora\/#breadcrumb\"},\"inLanguage\":\"en-GB\",\"potentialAction\":[{\"@type\":\"ReadAction\",\"target\":[\"https:\/\/www.leitao-irmao.com\/product\/medalha-de-berco-em-prata-coroa-nossa-senhora\/\"]}]},{\"@type\":\"ImageObject\",\"inLanguage\":\"en-GB\",\"@id\":\"https:\/\/www.leitao-irmao.com\/product\/medalha-de-berco-em-prata-coroa-nossa-senhora\/#primaryimage\",\"url\":\"https:\/\/www.leitao-irmao.com\/wp-content\/uploads\/2024\/09\/0527249.jpg\",\"contentUrl\":\"https:\/\/www.leitao-irmao.com\/wp-content\/uploads\/2024\/09\/0527249.jpg\",\"width\":1080,\"height\":1080,\"caption\":\"Medalha de ber\u00e7o em prata com motivo coroa de nossa Senhora da leit\u00e3o & Irm\u00e3o\"},{\"@type\":\"BreadcrumbList\",\"@id\":\"https:\/\/www.leitao-irmao.com\/product\/medalha-de-berco-em-prata-coroa-nossa-senhora\/#breadcrumb\",\"itemListElement\":[{\"@type\":\"ListItem\",\"position\":1,\"name\":\"Home\",\"item\":\"https:\/\/www.leitao-irmao.com\/\"},{\"@type\":\"ListItem\",\"position\":2,\"name\":\"Products\",\"item\":\"https:\/\/www.leitao-irmao.com\/shop\/\"},{\"@type\":\"ListItem\",\"position\":3,\"name\":\"Medalha de Ber\u00e7o em prata | Coroa Nossa Senhora\"}]},{\"@type\":\"WebSite\",\"@id\":\"https:\/\/www.leitao-irmao.com\/#website\",\"url\":\"https:\/\/www.leitao-irmao.com\/\",\"name\":\"Leit\u00e3o & Irm\u00e3o\",\"description\":\"Joalheiros desde 1822\",\"publisher\":{\"@id\":\"https:\/\/www.leitao-irmao.com\/#organization\"},\"potentialAction\":[{\"@type\":\"SearchAction\",\"target\":{\"@type\":\"EntryPoint\",\"urlTemplate\":\"https:\/\/www.leitao-irmao.com\/?s={search_term_string}\"},\"query-input\":{\"@type\":\"PropertyValueSpecification\",\"valueRequired\":true,\"valueName\":\"search_term_string\"}}],\"inLanguage\":\"en-GB\"},{\"@type\":\"Organization\",\"@id\":\"https:\/\/www.leitao-irmao.com\/#organization\",\"name\":\"Leit\u00e3o & Irm\u00e3o\",\"url\":\"https:\/\/www.leitao-irmao.com\/\",\"logo\":{\"@type\":\"ImageObject\",\"inLanguage\":\"en-GB\",\"@id\":\"https:\/\/www.leitao-irmao.com\/#\/schema\/logo\/image\/\",\"url\":\"https:\/\/www.leitao-irmao.com\/wp-content\/uploads\/2022\/11\/leitaoirmao-logo.png\",\"contentUrl\":\"https:\/\/www.leitao-irmao.com\/wp-content\/uploads\/2022\/11\/leitaoirmao-logo.png\",\"width\":426,\"height\":89,\"caption\":\"Leit\u00e3o & Irm\u00e3o\"},\"image\":{\"@id\":\"https:\/\/www.leitao-irmao.com\/#\/schema\/logo\/image\/\"}}]}<\/script>\n<!-- \/ Yoast SEO plugin. -->","yoast_head_json":{"title":"Medalha de Ber\u00e7o em prata | Coroa Nossa Senhora | Leit\u00e3o &amp; Irm\u00e3o","description":"A Medalha de Ber\u00e7o, Coroa Nossa Senhora \u00e9 um objeto carregado de significado,\u00a0 tornando-a uma escolha profundamente simb\u00f3lica e reconfortante.","robots":{"index":"index","follow":"follow","max-snippet":"max-snippet:-1","max-image-preview":"max-image-preview:large","max-video-preview":"max-video-preview:-1"},"canonical":"https:\/\/www.leitao-irmao.com\/en\/product\/medalha-de-berco-em-prata-coroa-nossa-senhora\/","og_locale":"en_GB","og_type":"article","og_title":"Medalha de Ber\u00e7o em prata | Coroa Nossa Senhora | Leit\u00e3o &amp; Irm\u00e3o","og_description":"A Medalha de Ber\u00e7o, Coroa Nossa Senhora \u00e9 um objeto carregado de significado,\u00a0 tornando-a uma escolha profundamente simb\u00f3lica e reconfortante.","og_url":"https:\/\/www.leitao-irmao.com\/en\/product\/medalha-de-berco-em-prata-coroa-nossa-senhora\/","og_site_name":"Leit\u00e3o &amp; Irm\u00e3o","article_modified_time":"2026-02-23T18:23:06+00:00","og_image":[{"width":1080,"height":1080,"url":"https:\/\/www.leitao-irmao.com\/wp-content\/uploads\/2024\/09\/0527249.jpg","type":"image\/jpeg"}],"twitter_card":"summary_large_image","twitter_misc":{"Estimated reading time":"1 minute"},"schema":{"@context":"https:\/\/schema.org","@graph":[{"@type":"WebPage","@id":"https:\/\/www.leitao-irmao.com\/product\/medalha-de-berco-em-prata-coroa-nossa-senhora\/","url":"https:\/\/www.leitao-irmao.com\/product\/medalha-de-berco-em-prata-coroa-nossa-senhora\/","name":"Medalha de Ber\u00e7o em prata | Coroa Nossa Senhora | Leit\u00e3o &amp; Irm\u00e3o","isPartOf":{"@id":"https:\/\/www.leitao-irmao.com\/#website"},"primaryImageOfPage":{"@id":"https:\/\/www.leitao-irmao.com\/product\/medalha-de-berco-em-prata-coroa-nossa-senhora\/#primaryimage"},"image":{"@id":"https:\/\/www.leitao-irmao.com\/product\/medalha-de-berco-em-prata-coroa-nossa-senhora\/#primaryimage"},"thumbnailUrl":"https:\/\/www.leitao-irmao.com\/wp-content\/uploads\/2024\/09\/0527249.jpg","datePublished":"2024-09-23T11:34:56+00:00","dateModified":"2026-02-23T18:23:06+00:00","description":"A Medalha de Ber\u00e7o, Coroa Nossa Senhora \u00e9 um objeto carregado de significado,\u00a0 tornando-a uma escolha profundamente simb\u00f3lica e reconfortante.","breadcrumb":{"@id":"https:\/\/www.leitao-irmao.com\/product\/medalha-de-berco-em-prata-coroa-nossa-senhora\/#breadcrumb"},"inLanguage":"en-GB","potentialAction":[{"@type":"ReadAction","target":["https:\/\/www.leitao-irmao.com\/product\/medalha-de-berco-em-prata-coroa-nossa-senhora\/"]}]},{"@type":"ImageObject","inLanguage":"en-GB","@id":"https:\/\/www.leitao-irmao.com\/product\/medalha-de-berco-em-prata-coroa-nossa-senhora\/#primaryimage","url":"https:\/\/www.leitao-irmao.com\/wp-content\/uploads\/2024\/09\/0527249.jpg","contentUrl":"https:\/\/www.leitao-irmao.com\/wp-content\/uploads\/2024\/09\/0527249.jpg","width":1080,"height":1080,"caption":"Medalha de ber\u00e7o em prata com motivo coroa de nossa Senhora da leit\u00e3o & Irm\u00e3o"},{"@type":"BreadcrumbList","@id":"https:\/\/www.leitao-irmao.com\/product\/medalha-de-berco-em-prata-coroa-nossa-senhora\/#breadcrumb","itemListElement":[{"@type":"ListItem","position":1,"name":"Home","item":"https:\/\/www.leitao-irmao.com\/"},{"@type":"ListItem","position":2,"name":"Products","item":"https:\/\/www.leitao-irmao.com\/shop\/"},{"@type":"ListItem","position":3,"name":"Medalha de Ber\u00e7o em prata | Coroa Nossa Senhora"}]},{"@type":"WebSite","@id":"https:\/\/www.leitao-irmao.com\/#website","url":"https:\/\/www.leitao-irmao.com\/","name":"Leit\u00e3o & Irm\u00e3o","description":"Joalheiros desde 1822","publisher":{"@id":"https:\/\/www.leitao-irmao.com\/#organization"},"potentialAction":[{"@type":"SearchAction","target":{"@type":"EntryPoint","urlTemplate":"https:\/\/www.leitao-irmao.com\/?s={search_term_string}"},"query-input":{"@type":"PropertyValueSpecification","valueRequired":true,"valueName":"search_term_string"}}],"inLanguage":"en-GB"},{"@type":"Organization","@id":"https:\/\/www.leitao-irmao.com\/#organization","name":"Leit\u00e3o & Irm\u00e3o","url":"https:\/\/www.leitao-irmao.com\/","logo":{"@type":"ImageObject","inLanguage":"en-GB","@id":"https:\/\/www.leitao-irmao.com\/#\/schema\/logo\/image\/","url":"https:\/\/www.leitao-irmao.com\/wp-content\/uploads\/2022\/11\/leitaoirmao-logo.png","contentUrl":"https:\/\/www.leitao-irmao.com\/wp-content\/uploads\/2022\/11\/leitaoirmao-logo.png","width":426,"height":89,"caption":"Leit\u00e3o & Irm\u00e3o"},"image":{"@id":"https:\/\/www.leitao-irmao.com\/#\/schema\/logo\/image\/"}}]}},"_links":{"self":[{"href":"https:\/\/www.leitao-irmao.com\/en\/wp-json\/wp\/v2\/product\/27988","targetHints":{"allow":["GET"]}}],"collection":[{"href":"https:\/\/www.leitao-irmao.com\/en\/wp-json\/wp\/v2\/product"}],"about":[{"href":"https:\/\/www.leitao-irmao.com\/en\/wp-json\/wp\/v2\/types\/product"}],"version-history":[{"count":0,"href":"https:\/\/www.leitao-irmao.com\/en\/wp-json\/wp\/v2\/product\/27988\/revisions"}],"wp:featuredmedia":[{"embeddable":true,"href":"https:\/\/www.leitao-irmao.com\/en\/wp-json\/wp\/v2\/media\/27993"}],"wp:attachment":[{"href":"https:\/\/www.leitao-irmao.com\/en\/wp-json\/wp\/v2\/media?parent=27988"}],"wp:term":[{"taxonomy":"product_brand","embeddable":true,"href":"https:\/\/www.leitao-irmao.com\/en\/wp-json\/wp\/v2\/product_brand?post=27988"},{"taxonomy":"product_cat","embeddable":true,"href":"https:\/\/www.leitao-irmao.com\/en\/wp-json\/wp\/v2\/product_cat?post=27988"},{"taxonomy":"product_tag","embeddable":true,"href":"https:\/\/www.leitao-irmao.com\/en\/wp-json\/wp\/v2\/product_tag?post=27988"}],"curies":[{"name":"wp","href":"https:\/\/api.w.org\/{rel}","templated":true}]}}