{"id":28440,"date":"2024-10-04T16:05:45","date_gmt":"2024-10-04T15:05:45","guid":{"rendered":"https:\/\/www.leitao-irmao.com\/?post_type=product&#038;p=28440"},"modified":"2026-03-19T16:45:32","modified_gmt":"2026-03-19T16:45:32","slug":"tacas-bojudas-em-prata","status":"publish","type":"product","link":"https:\/\/www.leitao-irmao.com\/en\/product\/tacas-bojudas-em-prata\/","title":{"rendered":"Silver bowls"},"content":{"rendered":"","protected":false},"excerpt":{"rendered":"<p>Silver bulbous bowls are timeless classics which bring elegance and sophistication to any setting. Their curved shape gently reflects the light, making them both functional and stylish. These versatile decorative pieces can be used for special occasions or as part of your everyday d\u00e9cor, adding an air of timeless elegance to any space.<\/p>","protected":false},"featured_media":28445,"template":"","meta":{"_acf_changed":false},"product_brand":[],"product_cat":[647,70,74,477,676,129,130,127,72],"product_tag":[270],"class_list":{"0":"post-28440","1":"product","2":"type-product","3":"status-publish","4":"has-post-thumbnail","6":"product_cat-bojuda-tacas-modernas-ourivesaria-portuguesa","7":"product_cat-casa-e-decoracao","8":"product_cat-decoracao","9":"product_cat-decoracao-de-natal","10":"product_cat-gift-selection","11":"product_cat-ofertas-para-o-casal","12":"product_cat-presentes-de-casamento","13":"product_cat-presentes-entre-5000e-a-10000e","14":"product_cat-tableware-and-dinnerware","15":"product_tag-prata","17":"first","18":"instock","19":"shipping-taxable","20":"purchasable","21":"product-type-variable"},"acf":[],"yoast_head":"<!-- This site is optimized with the Yoast SEO plugin v25.4 - https:\/\/yoast.com\/wordpress\/plugins\/seo\/ -->\n<title>Ta\u00e7as bojudas em prata | Leit\u00e3o &amp; Irm\u00e3o<\/title>\n<meta name=\"description\" content=\"As ta\u00e7as bojudas em prata da leit\u00e3o &amp; Irm\u00e3o s\u00e3o pe\u00e7as cl\u00e1ssicas que acrescentam eleg\u00e2ncia e sofistica\u00e7\u00e3o \u00e0 decora\u00e7\u00e3o.\" \/>\n<meta name=\"robots\" content=\"index, follow, max-snippet:-1, max-image-preview:large, max-video-preview:-1\" \/>\n<link rel=\"canonical\" href=\"https:\/\/www.leitao-irmao.com\/en\/product\/tacas-bojudas-em-prata\/\" \/>\n<meta property=\"og:locale\" content=\"en_GB\" \/>\n<meta property=\"og:type\" content=\"article\" \/>\n<meta property=\"og:title\" content=\"Ta\u00e7as bojudas em prata | Leit\u00e3o &amp; Irm\u00e3o\" \/>\n<meta property=\"og:description\" content=\"As ta\u00e7as bojudas em prata da leit\u00e3o &amp; Irm\u00e3o s\u00e3o pe\u00e7as cl\u00e1ssicas que acrescentam eleg\u00e2ncia e sofistica\u00e7\u00e3o \u00e0 decora\u00e7\u00e3o.\" \/>\n<meta property=\"og:url\" content=\"https:\/\/www.leitao-irmao.com\/en\/product\/tacas-bojudas-em-prata\/\" \/>\n<meta property=\"og:site_name\" content=\"Leit\u00e3o &amp; Irm\u00e3o\" \/>\n<meta property=\"article:modified_time\" content=\"2026-03-19T16:45:32+00:00\" \/>\n<meta property=\"og:image\" content=\"https:\/\/www.leitao-irmao.com\/wp-content\/uploads\/2024\/10\/taca-bojuda-media-prata-0503520.jpg\" \/>\n\t<meta property=\"og:image:width\" content=\"1080\" \/>\n\t<meta property=\"og:image:height\" content=\"1080\" \/>\n\t<meta property=\"og:image:type\" content=\"image\/jpeg\" \/>\n<meta name=\"twitter:card\" content=\"summary_large_image\" \/>\n<meta name=\"twitter:label1\" content=\"Estimated reading time\" \/>\n\t<meta name=\"twitter:data1\" content=\"1 minute\" \/>\n<script type=\"application\/ld+json\" class=\"yoast-schema-graph\">{\"@context\":\"https:\/\/schema.org\",\"@graph\":[{\"@type\":\"WebPage\",\"@id\":\"https:\/\/www.leitao-irmao.com\/product\/tacas-bojudas-em-prata\/\",\"url\":\"https:\/\/www.leitao-irmao.com\/product\/tacas-bojudas-em-prata\/\",\"name\":\"Ta\u00e7as bojudas em prata | Leit\u00e3o &amp; Irm\u00e3o\",\"isPartOf\":{\"@id\":\"https:\/\/www.leitao-irmao.com\/#website\"},\"primaryImageOfPage\":{\"@id\":\"https:\/\/www.leitao-irmao.com\/product\/tacas-bojudas-em-prata\/#primaryimage\"},\"image\":{\"@id\":\"https:\/\/www.leitao-irmao.com\/product\/tacas-bojudas-em-prata\/#primaryimage\"},\"thumbnailUrl\":\"https:\/\/www.leitao-irmao.com\/wp-content\/uploads\/2024\/10\/taca-bojuda-media-prata-0503520.jpg\",\"datePublished\":\"2024-10-04T15:05:45+00:00\",\"dateModified\":\"2026-03-19T16:45:32+00:00\",\"description\":\"As ta\u00e7as bojudas em prata da leit\u00e3o & Irm\u00e3o s\u00e3o pe\u00e7as cl\u00e1ssicas que acrescentam eleg\u00e2ncia e sofistica\u00e7\u00e3o \u00e0 decora\u00e7\u00e3o.\",\"breadcrumb\":{\"@id\":\"https:\/\/www.leitao-irmao.com\/product\/tacas-bojudas-em-prata\/#breadcrumb\"},\"inLanguage\":\"en-GB\",\"potentialAction\":[{\"@type\":\"ReadAction\",\"target\":[\"https:\/\/www.leitao-irmao.com\/product\/tacas-bojudas-em-prata\/\"]}]},{\"@type\":\"ImageObject\",\"inLanguage\":\"en-GB\",\"@id\":\"https:\/\/www.leitao-irmao.com\/product\/tacas-bojudas-em-prata\/#primaryimage\",\"url\":\"https:\/\/www.leitao-irmao.com\/wp-content\/uploads\/2024\/10\/taca-bojuda-media-prata-0503520.jpg\",\"contentUrl\":\"https:\/\/www.leitao-irmao.com\/wp-content\/uploads\/2024\/10\/taca-bojuda-media-prata-0503520.jpg\",\"width\":1080,\"height\":1080,\"caption\":\"Ta\u00e7a bojudas m\u00e9dia em prata\"},{\"@type\":\"BreadcrumbList\",\"@id\":\"https:\/\/www.leitao-irmao.com\/product\/tacas-bojudas-em-prata\/#breadcrumb\",\"itemListElement\":[{\"@type\":\"ListItem\",\"position\":1,\"name\":\"Home\",\"item\":\"https:\/\/www.leitao-irmao.com\/\"},{\"@type\":\"ListItem\",\"position\":2,\"name\":\"Products\",\"item\":\"https:\/\/www.leitao-irmao.com\/shop\/\"},{\"@type\":\"ListItem\",\"position\":3,\"name\":\"Ta\u00e7as bojudas em prata\"}]},{\"@type\":\"WebSite\",\"@id\":\"https:\/\/www.leitao-irmao.com\/#website\",\"url\":\"https:\/\/www.leitao-irmao.com\/\",\"name\":\"Leit\u00e3o & Irm\u00e3o\",\"description\":\"Joalheiros desde 1822\",\"publisher\":{\"@id\":\"https:\/\/www.leitao-irmao.com\/#organization\"},\"potentialAction\":[{\"@type\":\"SearchAction\",\"target\":{\"@type\":\"EntryPoint\",\"urlTemplate\":\"https:\/\/www.leitao-irmao.com\/?s={search_term_string}\"},\"query-input\":{\"@type\":\"PropertyValueSpecification\",\"valueRequired\":true,\"valueName\":\"search_term_string\"}}],\"inLanguage\":\"en-GB\"},{\"@type\":\"Organization\",\"@id\":\"https:\/\/www.leitao-irmao.com\/#organization\",\"name\":\"Leit\u00e3o & Irm\u00e3o\",\"url\":\"https:\/\/www.leitao-irmao.com\/\",\"logo\":{\"@type\":\"ImageObject\",\"inLanguage\":\"en-GB\",\"@id\":\"https:\/\/www.leitao-irmao.com\/#\/schema\/logo\/image\/\",\"url\":\"https:\/\/www.leitao-irmao.com\/wp-content\/uploads\/2022\/11\/leitaoirmao-logo.png\",\"contentUrl\":\"https:\/\/www.leitao-irmao.com\/wp-content\/uploads\/2022\/11\/leitaoirmao-logo.png\",\"width\":426,\"height\":89,\"caption\":\"Leit\u00e3o & Irm\u00e3o\"},\"image\":{\"@id\":\"https:\/\/www.leitao-irmao.com\/#\/schema\/logo\/image\/\"}}]}<\/script>\n<!-- \/ Yoast SEO plugin. -->","yoast_head_json":{"title":"Ta\u00e7as bojudas em prata | Leit\u00e3o &amp; Irm\u00e3o","description":"As ta\u00e7as bojudas em prata da leit\u00e3o & Irm\u00e3o s\u00e3o pe\u00e7as cl\u00e1ssicas que acrescentam eleg\u00e2ncia e sofistica\u00e7\u00e3o \u00e0 decora\u00e7\u00e3o.","robots":{"index":"index","follow":"follow","max-snippet":"max-snippet:-1","max-image-preview":"max-image-preview:large","max-video-preview":"max-video-preview:-1"},"canonical":"https:\/\/www.leitao-irmao.com\/en\/product\/tacas-bojudas-em-prata\/","og_locale":"en_GB","og_type":"article","og_title":"Ta\u00e7as bojudas em prata | Leit\u00e3o &amp; Irm\u00e3o","og_description":"As ta\u00e7as bojudas em prata da leit\u00e3o & Irm\u00e3o s\u00e3o pe\u00e7as cl\u00e1ssicas que acrescentam eleg\u00e2ncia e sofistica\u00e7\u00e3o \u00e0 decora\u00e7\u00e3o.","og_url":"https:\/\/www.leitao-irmao.com\/en\/product\/tacas-bojudas-em-prata\/","og_site_name":"Leit\u00e3o &amp; Irm\u00e3o","article_modified_time":"2026-03-19T16:45:32+00:00","og_image":[{"width":1080,"height":1080,"url":"https:\/\/www.leitao-irmao.com\/wp-content\/uploads\/2024\/10\/taca-bojuda-media-prata-0503520.jpg","type":"image\/jpeg"}],"twitter_card":"summary_large_image","twitter_misc":{"Estimated reading time":"1 minute"},"schema":{"@context":"https:\/\/schema.org","@graph":[{"@type":"WebPage","@id":"https:\/\/www.leitao-irmao.com\/product\/tacas-bojudas-em-prata\/","url":"https:\/\/www.leitao-irmao.com\/product\/tacas-bojudas-em-prata\/","name":"Ta\u00e7as bojudas em prata | Leit\u00e3o &amp; Irm\u00e3o","isPartOf":{"@id":"https:\/\/www.leitao-irmao.com\/#website"},"primaryImageOfPage":{"@id":"https:\/\/www.leitao-irmao.com\/product\/tacas-bojudas-em-prata\/#primaryimage"},"image":{"@id":"https:\/\/www.leitao-irmao.com\/product\/tacas-bojudas-em-prata\/#primaryimage"},"thumbnailUrl":"https:\/\/www.leitao-irmao.com\/wp-content\/uploads\/2024\/10\/taca-bojuda-media-prata-0503520.jpg","datePublished":"2024-10-04T15:05:45+00:00","dateModified":"2026-03-19T16:45:32+00:00","description":"As ta\u00e7as bojudas em prata da leit\u00e3o & Irm\u00e3o s\u00e3o pe\u00e7as cl\u00e1ssicas que acrescentam eleg\u00e2ncia e sofistica\u00e7\u00e3o \u00e0 decora\u00e7\u00e3o.","breadcrumb":{"@id":"https:\/\/www.leitao-irmao.com\/product\/tacas-bojudas-em-prata\/#breadcrumb"},"inLanguage":"en-GB","potentialAction":[{"@type":"ReadAction","target":["https:\/\/www.leitao-irmao.com\/product\/tacas-bojudas-em-prata\/"]}]},{"@type":"ImageObject","inLanguage":"en-GB","@id":"https:\/\/www.leitao-irmao.com\/product\/tacas-bojudas-em-prata\/#primaryimage","url":"https:\/\/www.leitao-irmao.com\/wp-content\/uploads\/2024\/10\/taca-bojuda-media-prata-0503520.jpg","contentUrl":"https:\/\/www.leitao-irmao.com\/wp-content\/uploads\/2024\/10\/taca-bojuda-media-prata-0503520.jpg","width":1080,"height":1080,"caption":"Ta\u00e7a bojudas m\u00e9dia em prata"},{"@type":"BreadcrumbList","@id":"https:\/\/www.leitao-irmao.com\/product\/tacas-bojudas-em-prata\/#breadcrumb","itemListElement":[{"@type":"ListItem","position":1,"name":"Home","item":"https:\/\/www.leitao-irmao.com\/"},{"@type":"ListItem","position":2,"name":"Products","item":"https:\/\/www.leitao-irmao.com\/shop\/"},{"@type":"ListItem","position":3,"name":"Ta\u00e7as bojudas em prata"}]},{"@type":"WebSite","@id":"https:\/\/www.leitao-irmao.com\/#website","url":"https:\/\/www.leitao-irmao.com\/","name":"Leit\u00e3o & Irm\u00e3o","description":"Joalheiros desde 1822","publisher":{"@id":"https:\/\/www.leitao-irmao.com\/#organization"},"potentialAction":[{"@type":"SearchAction","target":{"@type":"EntryPoint","urlTemplate":"https:\/\/www.leitao-irmao.com\/?s={search_term_string}"},"query-input":{"@type":"PropertyValueSpecification","valueRequired":true,"valueName":"search_term_string"}}],"inLanguage":"en-GB"},{"@type":"Organization","@id":"https:\/\/www.leitao-irmao.com\/#organization","name":"Leit\u00e3o & Irm\u00e3o","url":"https:\/\/www.leitao-irmao.com\/","logo":{"@type":"ImageObject","inLanguage":"en-GB","@id":"https:\/\/www.leitao-irmao.com\/#\/schema\/logo\/image\/","url":"https:\/\/www.leitao-irmao.com\/wp-content\/uploads\/2022\/11\/leitaoirmao-logo.png","contentUrl":"https:\/\/www.leitao-irmao.com\/wp-content\/uploads\/2022\/11\/leitaoirmao-logo.png","width":426,"height":89,"caption":"Leit\u00e3o & Irm\u00e3o"},"image":{"@id":"https:\/\/www.leitao-irmao.com\/#\/schema\/logo\/image\/"}}]}},"_links":{"self":[{"href":"https:\/\/www.leitao-irmao.com\/en\/wp-json\/wp\/v2\/product\/28440","targetHints":{"allow":["GET"]}}],"collection":[{"href":"https:\/\/www.leitao-irmao.com\/en\/wp-json\/wp\/v2\/product"}],"about":[{"href":"https:\/\/www.leitao-irmao.com\/en\/wp-json\/wp\/v2\/types\/product"}],"version-history":[{"count":4,"href":"https:\/\/www.leitao-irmao.com\/en\/wp-json\/wp\/v2\/product\/28440\/revisions"}],"predecessor-version":[{"id":37182,"href":"https:\/\/www.leitao-irmao.com\/en\/wp-json\/wp\/v2\/product\/28440\/revisions\/37182"}],"wp:featuredmedia":[{"embeddable":true,"href":"https:\/\/www.leitao-irmao.com\/en\/wp-json\/wp\/v2\/media\/28445"}],"wp:attachment":[{"href":"https:\/\/www.leitao-irmao.com\/en\/wp-json\/wp\/v2\/media?parent=28440"}],"wp:term":[{"taxonomy":"product_brand","embeddable":true,"href":"https:\/\/www.leitao-irmao.com\/en\/wp-json\/wp\/v2\/product_brand?post=28440"},{"taxonomy":"product_cat","embeddable":true,"href":"https:\/\/www.leitao-irmao.com\/en\/wp-json\/wp\/v2\/product_cat?post=28440"},{"taxonomy":"product_tag","embeddable":true,"href":"https:\/\/www.leitao-irmao.com\/en\/wp-json\/wp\/v2\/product_tag?post=28440"}],"curies":[{"name":"wp","href":"https:\/\/api.w.org\/{rel}","templated":true}]}}