{"id":28541,"date":"2024-10-10T12:03:44","date_gmt":"2024-10-10T11:03:44","guid":{"rendered":"https:\/\/www.leitao-irmao.com\/?post_type=product&#038;p=28541"},"modified":"2026-02-24T09:35:29","modified_gmt":"2026-02-24T09:35:29","slug":"marcador-de-lugar-em-prata-baixela-pedro-leitao","status":"publish","type":"product","link":"https:\/\/www.leitao-irmao.com\/en\/product\/marcador-de-lugar-em-prata-baixela-pedro-leitao\/","title":{"rendered":"Silver place marker | Baixela Pedro Leit\u00e3o"},"content":{"rendered":"","protected":false},"excerpt":{"rendered":"<p>Everyone to their places...<\/p>\n<p>The functionality of a place marker is recognisable, elevating functionality to the elegance of a silver piece is superb.<\/p>\n<p>We present the<b> marcador de Lugar Baixela Pedro Leit\u00e3o<\/b>where exceptional craftsmanship meets timeless elegance.<\/p>","protected":false},"featured_media":28611,"template":"","meta":{"_acf_changed":false},"product_brand":[],"product_cat":[70,74,477,676,267,136,130,123,72],"product_tag":[336,270],"class_list":{"0":"post-28541","1":"product","2":"type-product","3":"status-publish","4":"has-post-thumbnail","6":"product_cat-casa-e-decoracao","7":"product_cat-decoracao","8":"product_cat-decoracao-de-natal","9":"product_cat-gift-selection","10":"product_cat-mais-oferecidos","11":"product_cat-pascoa","12":"product_cat-presentes-de-casamento","13":"product_cat-presentes-entre-150e-a-500e","14":"product_cat-tableware-and-dinnerware","15":"product_tag-bestseller","16":"product_tag-prata","18":"first","19":"instock","20":"shipping-taxable","21":"purchasable","22":"product-type-simple"},"acf":[],"yoast_head":"<!-- This site is optimized with the Yoast SEO plugin v25.4 - https:\/\/yoast.com\/wordpress\/plugins\/seo\/ -->\n<title>Marcador de lugar em prata | Baixela Pedro Leit\u00e3o | Leit\u00e3o &amp; Irm\u00e3o<\/title>\n<meta name=\"description\" content=\"Todos aos seus lugares... A funcionalidade de um marcador de lugar \u00e9 reconhecida, elevar a funcionalidade \u00e0 eleg\u00e2ncia de uma pe\u00e7a em prata \u00e9 soberbo.\" \/>\n<meta name=\"robots\" content=\"index, follow, max-snippet:-1, max-image-preview:large, max-video-preview:-1\" \/>\n<link rel=\"canonical\" href=\"https:\/\/www.leitao-irmao.com\/en\/product\/marcador-de-lugar-em-prata-baixela-pedro-leitao\/\" \/>\n<meta property=\"og:locale\" content=\"en_GB\" \/>\n<meta property=\"og:type\" content=\"article\" \/>\n<meta property=\"og:title\" content=\"Marcador de lugar em prata | Baixela Pedro Leit\u00e3o | Leit\u00e3o &amp; Irm\u00e3o\" \/>\n<meta property=\"og:description\" content=\"Todos aos seus lugares... A funcionalidade de um marcador de lugar \u00e9 reconhecida, elevar a funcionalidade \u00e0 eleg\u00e2ncia de uma pe\u00e7a em prata \u00e9 soberbo.\" \/>\n<meta property=\"og:url\" content=\"https:\/\/www.leitao-irmao.com\/en\/product\/marcador-de-lugar-em-prata-baixela-pedro-leitao\/\" \/>\n<meta property=\"og:site_name\" content=\"Leit\u00e3o &amp; Irm\u00e3o\" \/>\n<meta property=\"article:modified_time\" content=\"2026-02-24T09:35:29+00:00\" \/>\n<meta property=\"og:image\" content=\"https:\/\/www.leitao-irmao.com\/wp-content\/uploads\/2024\/10\/0501362.jpg\" \/>\n\t<meta property=\"og:image:width\" content=\"500\" \/>\n\t<meta property=\"og:image:height\" content=\"500\" \/>\n\t<meta property=\"og:image:type\" content=\"image\/jpeg\" \/>\n<meta name=\"twitter:card\" content=\"summary_large_image\" \/>\n<meta name=\"twitter:label1\" content=\"Estimated reading time\" \/>\n\t<meta name=\"twitter:data1\" content=\"1 minute\" \/>\n<script type=\"application\/ld+json\" class=\"yoast-schema-graph\">{\"@context\":\"https:\/\/schema.org\",\"@graph\":[{\"@type\":\"WebPage\",\"@id\":\"https:\/\/www.leitao-irmao.com\/product\/marcador-de-lugar-em-prata-baixela-pedro-leitao\/\",\"url\":\"https:\/\/www.leitao-irmao.com\/product\/marcador-de-lugar-em-prata-baixela-pedro-leitao\/\",\"name\":\"Marcador de lugar em prata | Baixela Pedro Leit\u00e3o | Leit\u00e3o &amp; Irm\u00e3o\",\"isPartOf\":{\"@id\":\"https:\/\/www.leitao-irmao.com\/#website\"},\"primaryImageOfPage\":{\"@id\":\"https:\/\/www.leitao-irmao.com\/product\/marcador-de-lugar-em-prata-baixela-pedro-leitao\/#primaryimage\"},\"image\":{\"@id\":\"https:\/\/www.leitao-irmao.com\/product\/marcador-de-lugar-em-prata-baixela-pedro-leitao\/#primaryimage\"},\"thumbnailUrl\":\"https:\/\/www.leitao-irmao.com\/wp-content\/uploads\/2024\/10\/0501362.jpg\",\"datePublished\":\"2024-10-10T11:03:44+00:00\",\"dateModified\":\"2026-02-24T09:35:29+00:00\",\"description\":\"Todos aos seus lugares... A funcionalidade de um marcador de lugar \u00e9 reconhecida, elevar a funcionalidade \u00e0 eleg\u00e2ncia de uma pe\u00e7a em prata \u00e9 soberbo.\",\"breadcrumb\":{\"@id\":\"https:\/\/www.leitao-irmao.com\/product\/marcador-de-lugar-em-prata-baixela-pedro-leitao\/#breadcrumb\"},\"inLanguage\":\"en-GB\",\"potentialAction\":[{\"@type\":\"ReadAction\",\"target\":[\"https:\/\/www.leitao-irmao.com\/product\/marcador-de-lugar-em-prata-baixela-pedro-leitao\/\"]}]},{\"@type\":\"ImageObject\",\"inLanguage\":\"en-GB\",\"@id\":\"https:\/\/www.leitao-irmao.com\/product\/marcador-de-lugar-em-prata-baixela-pedro-leitao\/#primaryimage\",\"url\":\"https:\/\/www.leitao-irmao.com\/wp-content\/uploads\/2024\/10\/0501362.jpg\",\"contentUrl\":\"https:\/\/www.leitao-irmao.com\/wp-content\/uploads\/2024\/10\/0501362.jpg\",\"width\":500,\"height\":500,\"caption\":\"Marcador de Lugar em prata Baixela Pedro Leit\u00e3o da Leit\u00e3o & Irm\u00e3o.\"},{\"@type\":\"BreadcrumbList\",\"@id\":\"https:\/\/www.leitao-irmao.com\/product\/marcador-de-lugar-em-prata-baixela-pedro-leitao\/#breadcrumb\",\"itemListElement\":[{\"@type\":\"ListItem\",\"position\":1,\"name\":\"Home\",\"item\":\"https:\/\/www.leitao-irmao.com\/\"},{\"@type\":\"ListItem\",\"position\":2,\"name\":\"Products\",\"item\":\"https:\/\/www.leitao-irmao.com\/shop\/\"},{\"@type\":\"ListItem\",\"position\":3,\"name\":\"Marcador de lugar em prata | Baixela Pedro Leit\u00e3o\"}]},{\"@type\":\"WebSite\",\"@id\":\"https:\/\/www.leitao-irmao.com\/#website\",\"url\":\"https:\/\/www.leitao-irmao.com\/\",\"name\":\"Leit\u00e3o & Irm\u00e3o\",\"description\":\"Joalheiros desde 1822\",\"publisher\":{\"@id\":\"https:\/\/www.leitao-irmao.com\/#organization\"},\"potentialAction\":[{\"@type\":\"SearchAction\",\"target\":{\"@type\":\"EntryPoint\",\"urlTemplate\":\"https:\/\/www.leitao-irmao.com\/?s={search_term_string}\"},\"query-input\":{\"@type\":\"PropertyValueSpecification\",\"valueRequired\":true,\"valueName\":\"search_term_string\"}}],\"inLanguage\":\"en-GB\"},{\"@type\":\"Organization\",\"@id\":\"https:\/\/www.leitao-irmao.com\/#organization\",\"name\":\"Leit\u00e3o & Irm\u00e3o\",\"url\":\"https:\/\/www.leitao-irmao.com\/\",\"logo\":{\"@type\":\"ImageObject\",\"inLanguage\":\"en-GB\",\"@id\":\"https:\/\/www.leitao-irmao.com\/#\/schema\/logo\/image\/\",\"url\":\"https:\/\/www.leitao-irmao.com\/wp-content\/uploads\/2022\/11\/leitaoirmao-logo.png\",\"contentUrl\":\"https:\/\/www.leitao-irmao.com\/wp-content\/uploads\/2022\/11\/leitaoirmao-logo.png\",\"width\":426,\"height\":89,\"caption\":\"Leit\u00e3o & Irm\u00e3o\"},\"image\":{\"@id\":\"https:\/\/www.leitao-irmao.com\/#\/schema\/logo\/image\/\"}}]}<\/script>\n<!-- \/ Yoast SEO plugin. -->","yoast_head_json":{"title":"Marcador de lugar em prata | Baixela Pedro Leit\u00e3o | Leit\u00e3o &amp; Irm\u00e3o","description":"Todos aos seus lugares... A funcionalidade de um marcador de lugar \u00e9 reconhecida, elevar a funcionalidade \u00e0 eleg\u00e2ncia de uma pe\u00e7a em prata \u00e9 soberbo.","robots":{"index":"index","follow":"follow","max-snippet":"max-snippet:-1","max-image-preview":"max-image-preview:large","max-video-preview":"max-video-preview:-1"},"canonical":"https:\/\/www.leitao-irmao.com\/en\/product\/marcador-de-lugar-em-prata-baixela-pedro-leitao\/","og_locale":"en_GB","og_type":"article","og_title":"Marcador de lugar em prata | Baixela Pedro Leit\u00e3o | Leit\u00e3o &amp; Irm\u00e3o","og_description":"Todos aos seus lugares... A funcionalidade de um marcador de lugar \u00e9 reconhecida, elevar a funcionalidade \u00e0 eleg\u00e2ncia de uma pe\u00e7a em prata \u00e9 soberbo.","og_url":"https:\/\/www.leitao-irmao.com\/en\/product\/marcador-de-lugar-em-prata-baixela-pedro-leitao\/","og_site_name":"Leit\u00e3o &amp; Irm\u00e3o","article_modified_time":"2026-02-24T09:35:29+00:00","og_image":[{"width":500,"height":500,"url":"https:\/\/www.leitao-irmao.com\/wp-content\/uploads\/2024\/10\/0501362.jpg","type":"image\/jpeg"}],"twitter_card":"summary_large_image","twitter_misc":{"Estimated reading time":"1 minute"},"schema":{"@context":"https:\/\/schema.org","@graph":[{"@type":"WebPage","@id":"https:\/\/www.leitao-irmao.com\/product\/marcador-de-lugar-em-prata-baixela-pedro-leitao\/","url":"https:\/\/www.leitao-irmao.com\/product\/marcador-de-lugar-em-prata-baixela-pedro-leitao\/","name":"Marcador de lugar em prata | Baixela Pedro Leit\u00e3o | Leit\u00e3o &amp; Irm\u00e3o","isPartOf":{"@id":"https:\/\/www.leitao-irmao.com\/#website"},"primaryImageOfPage":{"@id":"https:\/\/www.leitao-irmao.com\/product\/marcador-de-lugar-em-prata-baixela-pedro-leitao\/#primaryimage"},"image":{"@id":"https:\/\/www.leitao-irmao.com\/product\/marcador-de-lugar-em-prata-baixela-pedro-leitao\/#primaryimage"},"thumbnailUrl":"https:\/\/www.leitao-irmao.com\/wp-content\/uploads\/2024\/10\/0501362.jpg","datePublished":"2024-10-10T11:03:44+00:00","dateModified":"2026-02-24T09:35:29+00:00","description":"Todos aos seus lugares... A funcionalidade de um marcador de lugar \u00e9 reconhecida, elevar a funcionalidade \u00e0 eleg\u00e2ncia de uma pe\u00e7a em prata \u00e9 soberbo.","breadcrumb":{"@id":"https:\/\/www.leitao-irmao.com\/product\/marcador-de-lugar-em-prata-baixela-pedro-leitao\/#breadcrumb"},"inLanguage":"en-GB","potentialAction":[{"@type":"ReadAction","target":["https:\/\/www.leitao-irmao.com\/product\/marcador-de-lugar-em-prata-baixela-pedro-leitao\/"]}]},{"@type":"ImageObject","inLanguage":"en-GB","@id":"https:\/\/www.leitao-irmao.com\/product\/marcador-de-lugar-em-prata-baixela-pedro-leitao\/#primaryimage","url":"https:\/\/www.leitao-irmao.com\/wp-content\/uploads\/2024\/10\/0501362.jpg","contentUrl":"https:\/\/www.leitao-irmao.com\/wp-content\/uploads\/2024\/10\/0501362.jpg","width":500,"height":500,"caption":"Marcador de Lugar em prata Baixela Pedro Leit\u00e3o da Leit\u00e3o & Irm\u00e3o."},{"@type":"BreadcrumbList","@id":"https:\/\/www.leitao-irmao.com\/product\/marcador-de-lugar-em-prata-baixela-pedro-leitao\/#breadcrumb","itemListElement":[{"@type":"ListItem","position":1,"name":"Home","item":"https:\/\/www.leitao-irmao.com\/"},{"@type":"ListItem","position":2,"name":"Products","item":"https:\/\/www.leitao-irmao.com\/shop\/"},{"@type":"ListItem","position":3,"name":"Marcador de lugar em prata | Baixela Pedro Leit\u00e3o"}]},{"@type":"WebSite","@id":"https:\/\/www.leitao-irmao.com\/#website","url":"https:\/\/www.leitao-irmao.com\/","name":"Leit\u00e3o & Irm\u00e3o","description":"Joalheiros desde 1822","publisher":{"@id":"https:\/\/www.leitao-irmao.com\/#organization"},"potentialAction":[{"@type":"SearchAction","target":{"@type":"EntryPoint","urlTemplate":"https:\/\/www.leitao-irmao.com\/?s={search_term_string}"},"query-input":{"@type":"PropertyValueSpecification","valueRequired":true,"valueName":"search_term_string"}}],"inLanguage":"en-GB"},{"@type":"Organization","@id":"https:\/\/www.leitao-irmao.com\/#organization","name":"Leit\u00e3o & Irm\u00e3o","url":"https:\/\/www.leitao-irmao.com\/","logo":{"@type":"ImageObject","inLanguage":"en-GB","@id":"https:\/\/www.leitao-irmao.com\/#\/schema\/logo\/image\/","url":"https:\/\/www.leitao-irmao.com\/wp-content\/uploads\/2022\/11\/leitaoirmao-logo.png","contentUrl":"https:\/\/www.leitao-irmao.com\/wp-content\/uploads\/2022\/11\/leitaoirmao-logo.png","width":426,"height":89,"caption":"Leit\u00e3o & Irm\u00e3o"},"image":{"@id":"https:\/\/www.leitao-irmao.com\/#\/schema\/logo\/image\/"}}]}},"_links":{"self":[{"href":"https:\/\/www.leitao-irmao.com\/en\/wp-json\/wp\/v2\/product\/28541","targetHints":{"allow":["GET"]}}],"collection":[{"href":"https:\/\/www.leitao-irmao.com\/en\/wp-json\/wp\/v2\/product"}],"about":[{"href":"https:\/\/www.leitao-irmao.com\/en\/wp-json\/wp\/v2\/types\/product"}],"version-history":[{"count":1,"href":"https:\/\/www.leitao-irmao.com\/en\/wp-json\/wp\/v2\/product\/28541\/revisions"}],"predecessor-version":[{"id":34183,"href":"https:\/\/www.leitao-irmao.com\/en\/wp-json\/wp\/v2\/product\/28541\/revisions\/34183"}],"wp:featuredmedia":[{"embeddable":true,"href":"https:\/\/www.leitao-irmao.com\/en\/wp-json\/wp\/v2\/media\/28611"}],"wp:attachment":[{"href":"https:\/\/www.leitao-irmao.com\/en\/wp-json\/wp\/v2\/media?parent=28541"}],"wp:term":[{"taxonomy":"product_brand","embeddable":true,"href":"https:\/\/www.leitao-irmao.com\/en\/wp-json\/wp\/v2\/product_brand?post=28541"},{"taxonomy":"product_cat","embeddable":true,"href":"https:\/\/www.leitao-irmao.com\/en\/wp-json\/wp\/v2\/product_cat?post=28541"},{"taxonomy":"product_tag","embeddable":true,"href":"https:\/\/www.leitao-irmao.com\/en\/wp-json\/wp\/v2\/product_tag?post=28541"}],"curies":[{"name":"wp","href":"https:\/\/api.w.org\/{rel}","templated":true}]}}