{"id":28593,"date":"2024-10-11T15:18:10","date_gmt":"2024-10-11T14:18:10","guid":{"rendered":"https:\/\/www.leitao-irmao.com\/?post_type=product&#038;p=28593"},"modified":"2026-04-06T16:12:25","modified_gmt":"2026-04-06T15:12:25","slug":"jarra-branca-riscada-em-porcenala-biscuit-e-prata","status":"publish","type":"product","link":"https:\/\/www.leitao-irmao.com\/en\/product\/jarra-branca-riscada-em-porcenala-biscuit-e-prata\/","title":{"rendered":"White striped vase in biscuit porcelain and silver"},"content":{"rendered":"","protected":false},"excerpt":{"rendered":"<p>The White Striped Bowl in biscuit porcelain and silver is a tableware piece that combines the delicacy of biscuit porcelain with the elegance of silver. A piece of art that adds a touch of sophistication to your table.<\/p>","protected":false},"featured_media":28600,"template":"","meta":{"_acf_changed":false},"product_brand":[],"product_cat":[70,74,129,476,123,72],"product_tag":[270],"class_list":{"0":"post-28593","1":"product","2":"type-product","3":"status-publish","4":"has-post-thumbnail","6":"product_cat-casa-e-decoracao","7":"product_cat-decoracao","8":"product_cat-ofertas-para-o-casal","9":"product_cat-porcelana-biscuit","10":"product_cat-presentes-entre-150e-a-500e","11":"product_cat-tableware-and-dinnerware","12":"product_tag-prata","14":"first","15":"instock","16":"shipping-taxable","17":"purchasable","18":"product-type-variable"},"acf":[],"yoast_head":"<!-- This site is optimized with the Yoast SEO plugin v25.4 - https:\/\/yoast.com\/wordpress\/plugins\/seo\/ -->\n<title>Jarra Branca Riscada em porcelana biscuit e prata | Leit\u00e3o &amp; Irm\u00e3o<\/title>\n<meta name=\"description\" content=\"A jarra Branca Riscada em porcelana biscuit e prata \u00e9 uma pe\u00e7a de mesa que combina a delicadeza da porcelana biscuit com a eleg\u00e2ncia da prata.\" \/>\n<meta name=\"robots\" content=\"index, follow, max-snippet:-1, max-image-preview:large, max-video-preview:-1\" \/>\n<link rel=\"canonical\" href=\"https:\/\/www.leitao-irmao.com\/en\/product\/jarra-branca-riscada-em-porcenala-biscuit-e-prata\/\" \/>\n<meta property=\"og:locale\" content=\"en_GB\" \/>\n<meta property=\"og:type\" content=\"article\" \/>\n<meta property=\"og:title\" content=\"Jarra Branca Riscada em porcelana biscuit e prata | Leit\u00e3o &amp; Irm\u00e3o\" \/>\n<meta property=\"og:description\" content=\"A jarra Branca Riscada em porcelana biscuit e prata \u00e9 uma pe\u00e7a de mesa que combina a delicadeza da porcelana biscuit com a eleg\u00e2ncia da prata.\" \/>\n<meta property=\"og:url\" content=\"https:\/\/www.leitao-irmao.com\/en\/product\/jarra-branca-riscada-em-porcenala-biscuit-e-prata\/\" \/>\n<meta property=\"og:site_name\" content=\"Leit\u00e3o &amp; Irm\u00e3o\" \/>\n<meta property=\"article:modified_time\" content=\"2026-04-06T15:12:25+00:00\" \/>\n<meta property=\"og:image\" content=\"https:\/\/www.leitao-irmao.com\/wp-content\/uploads\/2024\/10\/jarra-biscuit-prata-0825012.jpg\" \/>\n\t<meta property=\"og:image:width\" content=\"1080\" \/>\n\t<meta property=\"og:image:height\" content=\"1080\" \/>\n\t<meta property=\"og:image:type\" content=\"image\/jpeg\" \/>\n<meta name=\"twitter:card\" content=\"summary_large_image\" \/>\n<meta name=\"twitter:label1\" content=\"Estimated reading time\" \/>\n\t<meta name=\"twitter:data1\" content=\"1 minute\" \/>\n<script type=\"application\/ld+json\" class=\"yoast-schema-graph\">{\"@context\":\"https:\/\/schema.org\",\"@graph\":[{\"@type\":\"WebPage\",\"@id\":\"https:\/\/www.leitao-irmao.com\/product\/jarra-branca-riscada-em-porcenala-biscuit-e-prata\/\",\"url\":\"https:\/\/www.leitao-irmao.com\/product\/jarra-branca-riscada-em-porcenala-biscuit-e-prata\/\",\"name\":\"Jarra Branca Riscada em porcelana biscuit e prata | Leit\u00e3o &amp; Irm\u00e3o\",\"isPartOf\":{\"@id\":\"https:\/\/www.leitao-irmao.com\/#website\"},\"primaryImageOfPage\":{\"@id\":\"https:\/\/www.leitao-irmao.com\/product\/jarra-branca-riscada-em-porcenala-biscuit-e-prata\/#primaryimage\"},\"image\":{\"@id\":\"https:\/\/www.leitao-irmao.com\/product\/jarra-branca-riscada-em-porcenala-biscuit-e-prata\/#primaryimage\"},\"thumbnailUrl\":\"https:\/\/www.leitao-irmao.com\/wp-content\/uploads\/2024\/10\/jarra-biscuit-prata-0825012.jpg\",\"datePublished\":\"2024-10-11T14:18:10+00:00\",\"dateModified\":\"2026-04-06T15:12:25+00:00\",\"description\":\"A jarra Branca Riscada em porcelana biscuit e prata \u00e9 uma pe\u00e7a de mesa que combina a delicadeza da porcelana biscuit com a eleg\u00e2ncia da prata.\",\"breadcrumb\":{\"@id\":\"https:\/\/www.leitao-irmao.com\/product\/jarra-branca-riscada-em-porcenala-biscuit-e-prata\/#breadcrumb\"},\"inLanguage\":\"en-GB\",\"potentialAction\":[{\"@type\":\"ReadAction\",\"target\":[\"https:\/\/www.leitao-irmao.com\/product\/jarra-branca-riscada-em-porcenala-biscuit-e-prata\/\"]}]},{\"@type\":\"ImageObject\",\"inLanguage\":\"en-GB\",\"@id\":\"https:\/\/www.leitao-irmao.com\/product\/jarra-branca-riscada-em-porcenala-biscuit-e-prata\/#primaryimage\",\"url\":\"https:\/\/www.leitao-irmao.com\/wp-content\/uploads\/2024\/10\/jarra-biscuit-prata-0825012.jpg\",\"contentUrl\":\"https:\/\/www.leitao-irmao.com\/wp-content\/uploads\/2024\/10\/jarra-biscuit-prata-0825012.jpg\",\"width\":1080,\"height\":1080,\"caption\":\"Jarra branca riscada em porcelana biscuit e em prata da Leit\u00e3o & Irm\u00e3o\"},{\"@type\":\"BreadcrumbList\",\"@id\":\"https:\/\/www.leitao-irmao.com\/product\/jarra-branca-riscada-em-porcenala-biscuit-e-prata\/#breadcrumb\",\"itemListElement\":[{\"@type\":\"ListItem\",\"position\":1,\"name\":\"Home\",\"item\":\"https:\/\/www.leitao-irmao.com\/\"},{\"@type\":\"ListItem\",\"position\":2,\"name\":\"Products\",\"item\":\"https:\/\/www.leitao-irmao.com\/shop\/\"},{\"@type\":\"ListItem\",\"position\":3,\"name\":\"Jarra Branca Riscada em porcelana biscuit e prata\"}]},{\"@type\":\"WebSite\",\"@id\":\"https:\/\/www.leitao-irmao.com\/#website\",\"url\":\"https:\/\/www.leitao-irmao.com\/\",\"name\":\"Leit\u00e3o & Irm\u00e3o\",\"description\":\"Joalheiros desde 1822\",\"publisher\":{\"@id\":\"https:\/\/www.leitao-irmao.com\/#organization\"},\"potentialAction\":[{\"@type\":\"SearchAction\",\"target\":{\"@type\":\"EntryPoint\",\"urlTemplate\":\"https:\/\/www.leitao-irmao.com\/?s={search_term_string}\"},\"query-input\":{\"@type\":\"PropertyValueSpecification\",\"valueRequired\":true,\"valueName\":\"search_term_string\"}}],\"inLanguage\":\"en-GB\"},{\"@type\":\"Organization\",\"@id\":\"https:\/\/www.leitao-irmao.com\/#organization\",\"name\":\"Leit\u00e3o & Irm\u00e3o\",\"url\":\"https:\/\/www.leitao-irmao.com\/\",\"logo\":{\"@type\":\"ImageObject\",\"inLanguage\":\"en-GB\",\"@id\":\"https:\/\/www.leitao-irmao.com\/#\/schema\/logo\/image\/\",\"url\":\"https:\/\/www.leitao-irmao.com\/wp-content\/uploads\/2022\/11\/leitaoirmao-logo.png\",\"contentUrl\":\"https:\/\/www.leitao-irmao.com\/wp-content\/uploads\/2022\/11\/leitaoirmao-logo.png\",\"width\":426,\"height\":89,\"caption\":\"Leit\u00e3o & Irm\u00e3o\"},\"image\":{\"@id\":\"https:\/\/www.leitao-irmao.com\/#\/schema\/logo\/image\/\"}}]}<\/script>\n<!-- \/ Yoast SEO plugin. -->","yoast_head_json":{"title":"Jarra Branca Riscada em porcelana biscuit e prata | Leit\u00e3o &amp; Irm\u00e3o","description":"A jarra Branca Riscada em porcelana biscuit e prata \u00e9 uma pe\u00e7a de mesa que combina a delicadeza da porcelana biscuit com a eleg\u00e2ncia da prata.","robots":{"index":"index","follow":"follow","max-snippet":"max-snippet:-1","max-image-preview":"max-image-preview:large","max-video-preview":"max-video-preview:-1"},"canonical":"https:\/\/www.leitao-irmao.com\/en\/product\/jarra-branca-riscada-em-porcenala-biscuit-e-prata\/","og_locale":"en_GB","og_type":"article","og_title":"Jarra Branca Riscada em porcelana biscuit e prata | Leit\u00e3o &amp; Irm\u00e3o","og_description":"A jarra Branca Riscada em porcelana biscuit e prata \u00e9 uma pe\u00e7a de mesa que combina a delicadeza da porcelana biscuit com a eleg\u00e2ncia da prata.","og_url":"https:\/\/www.leitao-irmao.com\/en\/product\/jarra-branca-riscada-em-porcenala-biscuit-e-prata\/","og_site_name":"Leit\u00e3o &amp; Irm\u00e3o","article_modified_time":"2026-04-06T15:12:25+00:00","og_image":[{"width":1080,"height":1080,"url":"https:\/\/www.leitao-irmao.com\/wp-content\/uploads\/2024\/10\/jarra-biscuit-prata-0825012.jpg","type":"image\/jpeg"}],"twitter_card":"summary_large_image","twitter_misc":{"Estimated reading time":"1 minute"},"schema":{"@context":"https:\/\/schema.org","@graph":[{"@type":"WebPage","@id":"https:\/\/www.leitao-irmao.com\/product\/jarra-branca-riscada-em-porcenala-biscuit-e-prata\/","url":"https:\/\/www.leitao-irmao.com\/product\/jarra-branca-riscada-em-porcenala-biscuit-e-prata\/","name":"Jarra Branca Riscada em porcelana biscuit e prata | Leit\u00e3o &amp; Irm\u00e3o","isPartOf":{"@id":"https:\/\/www.leitao-irmao.com\/#website"},"primaryImageOfPage":{"@id":"https:\/\/www.leitao-irmao.com\/product\/jarra-branca-riscada-em-porcenala-biscuit-e-prata\/#primaryimage"},"image":{"@id":"https:\/\/www.leitao-irmao.com\/product\/jarra-branca-riscada-em-porcenala-biscuit-e-prata\/#primaryimage"},"thumbnailUrl":"https:\/\/www.leitao-irmao.com\/wp-content\/uploads\/2024\/10\/jarra-biscuit-prata-0825012.jpg","datePublished":"2024-10-11T14:18:10+00:00","dateModified":"2026-04-06T15:12:25+00:00","description":"A jarra Branca Riscada em porcelana biscuit e prata \u00e9 uma pe\u00e7a de mesa que combina a delicadeza da porcelana biscuit com a eleg\u00e2ncia da prata.","breadcrumb":{"@id":"https:\/\/www.leitao-irmao.com\/product\/jarra-branca-riscada-em-porcenala-biscuit-e-prata\/#breadcrumb"},"inLanguage":"en-GB","potentialAction":[{"@type":"ReadAction","target":["https:\/\/www.leitao-irmao.com\/product\/jarra-branca-riscada-em-porcenala-biscuit-e-prata\/"]}]},{"@type":"ImageObject","inLanguage":"en-GB","@id":"https:\/\/www.leitao-irmao.com\/product\/jarra-branca-riscada-em-porcenala-biscuit-e-prata\/#primaryimage","url":"https:\/\/www.leitao-irmao.com\/wp-content\/uploads\/2024\/10\/jarra-biscuit-prata-0825012.jpg","contentUrl":"https:\/\/www.leitao-irmao.com\/wp-content\/uploads\/2024\/10\/jarra-biscuit-prata-0825012.jpg","width":1080,"height":1080,"caption":"Jarra branca riscada em porcelana biscuit e em prata da Leit\u00e3o & Irm\u00e3o"},{"@type":"BreadcrumbList","@id":"https:\/\/www.leitao-irmao.com\/product\/jarra-branca-riscada-em-porcenala-biscuit-e-prata\/#breadcrumb","itemListElement":[{"@type":"ListItem","position":1,"name":"Home","item":"https:\/\/www.leitao-irmao.com\/"},{"@type":"ListItem","position":2,"name":"Products","item":"https:\/\/www.leitao-irmao.com\/shop\/"},{"@type":"ListItem","position":3,"name":"Jarra Branca Riscada em porcelana biscuit e prata"}]},{"@type":"WebSite","@id":"https:\/\/www.leitao-irmao.com\/#website","url":"https:\/\/www.leitao-irmao.com\/","name":"Leit\u00e3o & Irm\u00e3o","description":"Joalheiros desde 1822","publisher":{"@id":"https:\/\/www.leitao-irmao.com\/#organization"},"potentialAction":[{"@type":"SearchAction","target":{"@type":"EntryPoint","urlTemplate":"https:\/\/www.leitao-irmao.com\/?s={search_term_string}"},"query-input":{"@type":"PropertyValueSpecification","valueRequired":true,"valueName":"search_term_string"}}],"inLanguage":"en-GB"},{"@type":"Organization","@id":"https:\/\/www.leitao-irmao.com\/#organization","name":"Leit\u00e3o & Irm\u00e3o","url":"https:\/\/www.leitao-irmao.com\/","logo":{"@type":"ImageObject","inLanguage":"en-GB","@id":"https:\/\/www.leitao-irmao.com\/#\/schema\/logo\/image\/","url":"https:\/\/www.leitao-irmao.com\/wp-content\/uploads\/2022\/11\/leitaoirmao-logo.png","contentUrl":"https:\/\/www.leitao-irmao.com\/wp-content\/uploads\/2022\/11\/leitaoirmao-logo.png","width":426,"height":89,"caption":"Leit\u00e3o & Irm\u00e3o"},"image":{"@id":"https:\/\/www.leitao-irmao.com\/#\/schema\/logo\/image\/"}}]}},"_links":{"self":[{"href":"https:\/\/www.leitao-irmao.com\/en\/wp-json\/wp\/v2\/product\/28593","targetHints":{"allow":["GET"]}}],"collection":[{"href":"https:\/\/www.leitao-irmao.com\/en\/wp-json\/wp\/v2\/product"}],"about":[{"href":"https:\/\/www.leitao-irmao.com\/en\/wp-json\/wp\/v2\/types\/product"}],"version-history":[{"count":0,"href":"https:\/\/www.leitao-irmao.com\/en\/wp-json\/wp\/v2\/product\/28593\/revisions"}],"wp:featuredmedia":[{"embeddable":true,"href":"https:\/\/www.leitao-irmao.com\/en\/wp-json\/wp\/v2\/media\/28600"}],"wp:attachment":[{"href":"https:\/\/www.leitao-irmao.com\/en\/wp-json\/wp\/v2\/media?parent=28593"}],"wp:term":[{"taxonomy":"product_brand","embeddable":true,"href":"https:\/\/www.leitao-irmao.com\/en\/wp-json\/wp\/v2\/product_brand?post=28593"},{"taxonomy":"product_cat","embeddable":true,"href":"https:\/\/www.leitao-irmao.com\/en\/wp-json\/wp\/v2\/product_cat?post=28593"},{"taxonomy":"product_tag","embeddable":true,"href":"https:\/\/www.leitao-irmao.com\/en\/wp-json\/wp\/v2\/product_tag?post=28593"}],"curies":[{"name":"wp","href":"https:\/\/api.w.org\/{rel}","templated":true}]}}