{"id":28624,"date":"2024-10-14T10:04:04","date_gmt":"2024-10-14T09:04:04","guid":{"rendered":"https:\/\/www.leitao-irmao.com\/?post_type=product&#038;p=28624"},"modified":"2026-02-24T09:47:03","modified_gmt":"2026-02-24T09:47:03","slug":"prato-marcador-modelo-liso","status":"publish","type":"product","link":"https:\/\/www.leitao-irmao.com\/en\/product\/prato-marcador-modelo-liso\/","title":{"rendered":"Marker Plate | Plain Model"},"content":{"rendered":"","protected":false},"excerpt":{"rendered":"<p><span data-sheets-value=\"{&quot;1&quot;:2,&quot;2&quot;:&quot;Decore a sua mesa com o Prato Marcador - Modelo Fitas da Leit\u00e3o &amp; Irm\u00e3o. Os seus detalhes conferem ao prato uma est\u00e9tica distinta, tornando-o uma pe\u00e7a que chama a aten\u00e7\u00e3o e acrescenta beleza \u00e0 sua mesa.&quot;}\" data-sheets-userformat=\"{&quot;2&quot;:963,&quot;3&quot;:{&quot;1&quot;:0},&quot;4&quot;:{&quot;1&quot;:2,&quot;2&quot;:14281427},&quot;9&quot;:1,&quot;10&quot;:1,&quot;11&quot;:4,&quot;12&quot;:0}\">Decorate your table with the Marker Plate - Plain Model by Leit\u00e3o &amp; Irm\u00e3o. Its elegance and simplicity give the plate a distinctive aesthetic, making it an eye-catching piece that adds beauty to your table.<\/span><\/p>","protected":false},"featured_media":28625,"template":"","meta":{"_acf_changed":false},"product_brand":[],"product_cat":[70,676,349,130,125,72],"product_tag":[270],"class_list":{"0":"post-28624","1":"product","2":"type-product","3":"status-publish","4":"has-post-thumbnail","6":"product_cat-casa-e-decoracao","7":"product_cat-gift-selection","8":"product_cat-para-os-convidados","9":"product_cat-presentes-de-casamento","10":"product_cat-presentes-entre-1000e-a-2500e","11":"product_cat-tableware-and-dinnerware","12":"product_tag-prata","14":"first","15":"instock","16":"shipping-taxable","17":"purchasable","18":"product-type-simple"},"acf":[],"yoast_head":"<!-- This site is optimized with the Yoast SEO plugin v25.4 - https:\/\/yoast.com\/wordpress\/plugins\/seo\/ -->\n<title>Prato Marcador | Modelo Liso | Leit\u00e3o &amp; Irm\u00e3o<\/title>\n<meta name=\"description\" content=\"Decore a sua mesa com o Prato Marcador - Modelo Liso da Leit\u00e3o &amp; Irm\u00e3o. Onde a simplicidade brilha na sua decora\u00e7\u00e3o de mesa.\" \/>\n<meta name=\"robots\" content=\"index, follow, max-snippet:-1, max-image-preview:large, max-video-preview:-1\" \/>\n<link rel=\"canonical\" href=\"https:\/\/www.leitao-irmao.com\/en\/product\/prato-marcador-modelo-liso\/\" \/>\n<meta property=\"og:locale\" content=\"en_GB\" \/>\n<meta property=\"og:type\" content=\"article\" \/>\n<meta property=\"og:title\" content=\"Prato Marcador | Modelo Liso | Leit\u00e3o &amp; Irm\u00e3o\" \/>\n<meta property=\"og:description\" content=\"Decore a sua mesa com o Prato Marcador - Modelo Liso da Leit\u00e3o &amp; Irm\u00e3o. Onde a simplicidade brilha na sua decora\u00e7\u00e3o de mesa.\" \/>\n<meta property=\"og:url\" content=\"https:\/\/www.leitao-irmao.com\/en\/product\/prato-marcador-modelo-liso\/\" \/>\n<meta property=\"og:site_name\" content=\"Leit\u00e3o &amp; Irm\u00e3o\" \/>\n<meta property=\"article:modified_time\" content=\"2026-02-24T09:47:03+00:00\" \/>\n<meta property=\"og:image\" content=\"https:\/\/www.leitao-irmao.com\/wp-content\/uploads\/2024\/10\/prato-marcador-liso-prata-0501327.jpg\" \/>\n\t<meta property=\"og:image:width\" content=\"1080\" \/>\n\t<meta property=\"og:image:height\" content=\"1080\" \/>\n\t<meta property=\"og:image:type\" content=\"image\/jpeg\" \/>\n<meta name=\"twitter:card\" content=\"summary_large_image\" \/>\n<meta name=\"twitter:label1\" content=\"Estimated reading time\" \/>\n\t<meta name=\"twitter:data1\" content=\"1 minute\" \/>\n<script type=\"application\/ld+json\" class=\"yoast-schema-graph\">{\"@context\":\"https:\/\/schema.org\",\"@graph\":[{\"@type\":\"WebPage\",\"@id\":\"https:\/\/www.leitao-irmao.com\/product\/prato-marcador-modelo-liso\/\",\"url\":\"https:\/\/www.leitao-irmao.com\/product\/prato-marcador-modelo-liso\/\",\"name\":\"Prato Marcador | Modelo Liso | Leit\u00e3o &amp; Irm\u00e3o\",\"isPartOf\":{\"@id\":\"https:\/\/www.leitao-irmao.com\/#website\"},\"primaryImageOfPage\":{\"@id\":\"https:\/\/www.leitao-irmao.com\/product\/prato-marcador-modelo-liso\/#primaryimage\"},\"image\":{\"@id\":\"https:\/\/www.leitao-irmao.com\/product\/prato-marcador-modelo-liso\/#primaryimage\"},\"thumbnailUrl\":\"https:\/\/www.leitao-irmao.com\/wp-content\/uploads\/2024\/10\/prato-marcador-liso-prata-0501327.jpg\",\"datePublished\":\"2024-10-14T09:04:04+00:00\",\"dateModified\":\"2026-02-24T09:47:03+00:00\",\"description\":\"Decore a sua mesa com o Prato Marcador - Modelo Liso da Leit\u00e3o & Irm\u00e3o. Onde a simplicidade brilha na sua decora\u00e7\u00e3o de mesa.\",\"breadcrumb\":{\"@id\":\"https:\/\/www.leitao-irmao.com\/product\/prato-marcador-modelo-liso\/#breadcrumb\"},\"inLanguage\":\"en-GB\",\"potentialAction\":[{\"@type\":\"ReadAction\",\"target\":[\"https:\/\/www.leitao-irmao.com\/product\/prato-marcador-modelo-liso\/\"]}]},{\"@type\":\"ImageObject\",\"inLanguage\":\"en-GB\",\"@id\":\"https:\/\/www.leitao-irmao.com\/product\/prato-marcador-modelo-liso\/#primaryimage\",\"url\":\"https:\/\/www.leitao-irmao.com\/wp-content\/uploads\/2024\/10\/prato-marcador-liso-prata-0501327.jpg\",\"contentUrl\":\"https:\/\/www.leitao-irmao.com\/wp-content\/uploads\/2024\/10\/prato-marcador-liso-prata-0501327.jpg\",\"width\":1080,\"height\":1080,\"caption\":\"Prato marcador em prata modelo Liso da Leit\u00e3o & Irm\u00e3o\"},{\"@type\":\"BreadcrumbList\",\"@id\":\"https:\/\/www.leitao-irmao.com\/product\/prato-marcador-modelo-liso\/#breadcrumb\",\"itemListElement\":[{\"@type\":\"ListItem\",\"position\":1,\"name\":\"Home\",\"item\":\"https:\/\/www.leitao-irmao.com\/\"},{\"@type\":\"ListItem\",\"position\":2,\"name\":\"Products\",\"item\":\"https:\/\/www.leitao-irmao.com\/shop\/\"},{\"@type\":\"ListItem\",\"position\":3,\"name\":\"Prato Marcador | Modelo Liso\"}]},{\"@type\":\"WebSite\",\"@id\":\"https:\/\/www.leitao-irmao.com\/#website\",\"url\":\"https:\/\/www.leitao-irmao.com\/\",\"name\":\"Leit\u00e3o & Irm\u00e3o\",\"description\":\"Joalheiros desde 1822\",\"publisher\":{\"@id\":\"https:\/\/www.leitao-irmao.com\/#organization\"},\"potentialAction\":[{\"@type\":\"SearchAction\",\"target\":{\"@type\":\"EntryPoint\",\"urlTemplate\":\"https:\/\/www.leitao-irmao.com\/?s={search_term_string}\"},\"query-input\":{\"@type\":\"PropertyValueSpecification\",\"valueRequired\":true,\"valueName\":\"search_term_string\"}}],\"inLanguage\":\"en-GB\"},{\"@type\":\"Organization\",\"@id\":\"https:\/\/www.leitao-irmao.com\/#organization\",\"name\":\"Leit\u00e3o & Irm\u00e3o\",\"url\":\"https:\/\/www.leitao-irmao.com\/\",\"logo\":{\"@type\":\"ImageObject\",\"inLanguage\":\"en-GB\",\"@id\":\"https:\/\/www.leitao-irmao.com\/#\/schema\/logo\/image\/\",\"url\":\"https:\/\/www.leitao-irmao.com\/wp-content\/uploads\/2022\/11\/leitaoirmao-logo.png\",\"contentUrl\":\"https:\/\/www.leitao-irmao.com\/wp-content\/uploads\/2022\/11\/leitaoirmao-logo.png\",\"width\":426,\"height\":89,\"caption\":\"Leit\u00e3o & Irm\u00e3o\"},\"image\":{\"@id\":\"https:\/\/www.leitao-irmao.com\/#\/schema\/logo\/image\/\"}}]}<\/script>\n<!-- \/ Yoast SEO plugin. -->","yoast_head_json":{"title":"Prato Marcador | Modelo Liso | Leit\u00e3o &amp; Irm\u00e3o","description":"Decore a sua mesa com o Prato Marcador - Modelo Liso da Leit\u00e3o & Irm\u00e3o. Onde a simplicidade brilha na sua decora\u00e7\u00e3o de mesa.","robots":{"index":"index","follow":"follow","max-snippet":"max-snippet:-1","max-image-preview":"max-image-preview:large","max-video-preview":"max-video-preview:-1"},"canonical":"https:\/\/www.leitao-irmao.com\/en\/product\/prato-marcador-modelo-liso\/","og_locale":"en_GB","og_type":"article","og_title":"Prato Marcador | Modelo Liso | Leit\u00e3o &amp; Irm\u00e3o","og_description":"Decore a sua mesa com o Prato Marcador - Modelo Liso da Leit\u00e3o & Irm\u00e3o. Onde a simplicidade brilha na sua decora\u00e7\u00e3o de mesa.","og_url":"https:\/\/www.leitao-irmao.com\/en\/product\/prato-marcador-modelo-liso\/","og_site_name":"Leit\u00e3o &amp; Irm\u00e3o","article_modified_time":"2026-02-24T09:47:03+00:00","og_image":[{"width":1080,"height":1080,"url":"https:\/\/www.leitao-irmao.com\/wp-content\/uploads\/2024\/10\/prato-marcador-liso-prata-0501327.jpg","type":"image\/jpeg"}],"twitter_card":"summary_large_image","twitter_misc":{"Estimated reading time":"1 minute"},"schema":{"@context":"https:\/\/schema.org","@graph":[{"@type":"WebPage","@id":"https:\/\/www.leitao-irmao.com\/product\/prato-marcador-modelo-liso\/","url":"https:\/\/www.leitao-irmao.com\/product\/prato-marcador-modelo-liso\/","name":"Prato Marcador | Modelo Liso | Leit\u00e3o &amp; Irm\u00e3o","isPartOf":{"@id":"https:\/\/www.leitao-irmao.com\/#website"},"primaryImageOfPage":{"@id":"https:\/\/www.leitao-irmao.com\/product\/prato-marcador-modelo-liso\/#primaryimage"},"image":{"@id":"https:\/\/www.leitao-irmao.com\/product\/prato-marcador-modelo-liso\/#primaryimage"},"thumbnailUrl":"https:\/\/www.leitao-irmao.com\/wp-content\/uploads\/2024\/10\/prato-marcador-liso-prata-0501327.jpg","datePublished":"2024-10-14T09:04:04+00:00","dateModified":"2026-02-24T09:47:03+00:00","description":"Decore a sua mesa com o Prato Marcador - Modelo Liso da Leit\u00e3o & Irm\u00e3o. Onde a simplicidade brilha na sua decora\u00e7\u00e3o de mesa.","breadcrumb":{"@id":"https:\/\/www.leitao-irmao.com\/product\/prato-marcador-modelo-liso\/#breadcrumb"},"inLanguage":"en-GB","potentialAction":[{"@type":"ReadAction","target":["https:\/\/www.leitao-irmao.com\/product\/prato-marcador-modelo-liso\/"]}]},{"@type":"ImageObject","inLanguage":"en-GB","@id":"https:\/\/www.leitao-irmao.com\/product\/prato-marcador-modelo-liso\/#primaryimage","url":"https:\/\/www.leitao-irmao.com\/wp-content\/uploads\/2024\/10\/prato-marcador-liso-prata-0501327.jpg","contentUrl":"https:\/\/www.leitao-irmao.com\/wp-content\/uploads\/2024\/10\/prato-marcador-liso-prata-0501327.jpg","width":1080,"height":1080,"caption":"Prato marcador em prata modelo Liso da Leit\u00e3o & Irm\u00e3o"},{"@type":"BreadcrumbList","@id":"https:\/\/www.leitao-irmao.com\/product\/prato-marcador-modelo-liso\/#breadcrumb","itemListElement":[{"@type":"ListItem","position":1,"name":"Home","item":"https:\/\/www.leitao-irmao.com\/"},{"@type":"ListItem","position":2,"name":"Products","item":"https:\/\/www.leitao-irmao.com\/shop\/"},{"@type":"ListItem","position":3,"name":"Prato Marcador | Modelo Liso"}]},{"@type":"WebSite","@id":"https:\/\/www.leitao-irmao.com\/#website","url":"https:\/\/www.leitao-irmao.com\/","name":"Leit\u00e3o & Irm\u00e3o","description":"Joalheiros desde 1822","publisher":{"@id":"https:\/\/www.leitao-irmao.com\/#organization"},"potentialAction":[{"@type":"SearchAction","target":{"@type":"EntryPoint","urlTemplate":"https:\/\/www.leitao-irmao.com\/?s={search_term_string}"},"query-input":{"@type":"PropertyValueSpecification","valueRequired":true,"valueName":"search_term_string"}}],"inLanguage":"en-GB"},{"@type":"Organization","@id":"https:\/\/www.leitao-irmao.com\/#organization","name":"Leit\u00e3o & Irm\u00e3o","url":"https:\/\/www.leitao-irmao.com\/","logo":{"@type":"ImageObject","inLanguage":"en-GB","@id":"https:\/\/www.leitao-irmao.com\/#\/schema\/logo\/image\/","url":"https:\/\/www.leitao-irmao.com\/wp-content\/uploads\/2022\/11\/leitaoirmao-logo.png","contentUrl":"https:\/\/www.leitao-irmao.com\/wp-content\/uploads\/2022\/11\/leitaoirmao-logo.png","width":426,"height":89,"caption":"Leit\u00e3o & Irm\u00e3o"},"image":{"@id":"https:\/\/www.leitao-irmao.com\/#\/schema\/logo\/image\/"}}]}},"_links":{"self":[{"href":"https:\/\/www.leitao-irmao.com\/en\/wp-json\/wp\/v2\/product\/28624","targetHints":{"allow":["GET"]}}],"collection":[{"href":"https:\/\/www.leitao-irmao.com\/en\/wp-json\/wp\/v2\/product"}],"about":[{"href":"https:\/\/www.leitao-irmao.com\/en\/wp-json\/wp\/v2\/types\/product"}],"version-history":[{"count":1,"href":"https:\/\/www.leitao-irmao.com\/en\/wp-json\/wp\/v2\/product\/28624\/revisions"}],"predecessor-version":[{"id":34156,"href":"https:\/\/www.leitao-irmao.com\/en\/wp-json\/wp\/v2\/product\/28624\/revisions\/34156"}],"wp:featuredmedia":[{"embeddable":true,"href":"https:\/\/www.leitao-irmao.com\/en\/wp-json\/wp\/v2\/media\/28625"}],"wp:attachment":[{"href":"https:\/\/www.leitao-irmao.com\/en\/wp-json\/wp\/v2\/media?parent=28624"}],"wp:term":[{"taxonomy":"product_brand","embeddable":true,"href":"https:\/\/www.leitao-irmao.com\/en\/wp-json\/wp\/v2\/product_brand?post=28624"},{"taxonomy":"product_cat","embeddable":true,"href":"https:\/\/www.leitao-irmao.com\/en\/wp-json\/wp\/v2\/product_cat?post=28624"},{"taxonomy":"product_tag","embeddable":true,"href":"https:\/\/www.leitao-irmao.com\/en\/wp-json\/wp\/v2\/product_tag?post=28624"}],"curies":[{"name":"wp","href":"https:\/\/api.w.org\/{rel}","templated":true}]}}