{"id":28632,"date":"2024-10-14T10:26:19","date_gmt":"2024-10-14T09:26:19","guid":{"rendered":"https:\/\/www.leitao-irmao.com\/?post_type=product&#038;p=28632"},"modified":"2026-03-19T10:56:31","modified_gmt":"2026-03-19T10:56:31","slug":"corrente-com-molas-para-guardanapo-redondo","status":"publish","type":"product","link":"https:\/\/www.leitao-irmao.com\/en\/product\/corrente-com-molas-para-guardanapo-redondo\/","title":{"rendered":"Chain with napkin rings | Round"},"content":{"rendered":"","protected":false},"excerpt":{"rendered":"<p>The round spring-loaded napkin strap is a classic for children and adults alike.<\/p>\n<p>A piece manufactured in the Leit\u00e3o &amp; Irm\u00e3o workshops<\/p>","protected":false},"featured_media":28633,"template":"","meta":{"_acf_changed":false},"product_brand":[],"product_cat":[137,70,676,121,136,135,124,139,72],"product_tag":[270],"class_list":{"0":"post-28632","1":"product","2":"type-product","3":"status-publish","4":"has-post-thumbnail","6":"product_cat-batizados","7":"product_cat-casa-e-decoracao","8":"product_cat-gift-selection","9":"product_cat-gifts","10":"product_cat-pascoa","11":"product_cat-natal","12":"product_cat-presentes-entre-500e-a-1000e","13":"product_cat-presentes-para-personalizar","14":"product_cat-tableware-and-dinnerware","15":"product_tag-prata","17":"first","18":"instock","19":"shipping-taxable","20":"purchasable","21":"product-type-simple"},"acf":[],"yoast_head":"<!-- This site is optimized with the Yoast SEO plugin v25.4 - https:\/\/yoast.com\/wordpress\/plugins\/seo\/ -->\n<title>Corrente com molas para guardanapo | Redondo | Leit\u00e3o &amp; Irm\u00e3o<\/title>\n<meta name=\"description\" content=\"A correte com molas no formato redondo para prender o guardanapo \u00e9 um cl\u00e1ssico para crian\u00e7a ou adulto. Uma pe\u00e7a realizada nas oficinas Leit\u00e3o &amp; Irm\u00e3o.\" \/>\n<meta name=\"robots\" content=\"index, follow, max-snippet:-1, max-image-preview:large, max-video-preview:-1\" \/>\n<link rel=\"canonical\" href=\"https:\/\/www.leitao-irmao.com\/en\/product\/corrente-com-molas-para-guardanapo-redondo\/\" \/>\n<meta property=\"og:locale\" content=\"en_GB\" \/>\n<meta property=\"og:type\" content=\"article\" \/>\n<meta property=\"og:title\" content=\"Corrente com molas para guardanapo | Redondo | Leit\u00e3o &amp; Irm\u00e3o\" \/>\n<meta property=\"og:description\" content=\"A correte com molas no formato redondo para prender o guardanapo \u00e9 um cl\u00e1ssico para crian\u00e7a ou adulto. Uma pe\u00e7a realizada nas oficinas Leit\u00e3o &amp; Irm\u00e3o.\" \/>\n<meta property=\"og:url\" content=\"https:\/\/www.leitao-irmao.com\/en\/product\/corrente-com-molas-para-guardanapo-redondo\/\" \/>\n<meta property=\"og:site_name\" content=\"Leit\u00e3o &amp; Irm\u00e3o\" \/>\n<meta property=\"article:modified_time\" content=\"2026-03-19T10:56:31+00:00\" \/>\n<meta property=\"og:image\" content=\"https:\/\/www.leitao-irmao.com\/wp-content\/uploads\/2024\/10\/0501570-Corrente-de-guardanapo.jpg\" \/>\n\t<meta property=\"og:image:width\" content=\"1920\" \/>\n\t<meta property=\"og:image:height\" content=\"1920\" \/>\n\t<meta property=\"og:image:type\" content=\"image\/jpeg\" \/>\n<meta name=\"twitter:card\" content=\"summary_large_image\" \/>\n<meta name=\"twitter:label1\" content=\"Estimated reading time\" \/>\n\t<meta name=\"twitter:data1\" content=\"1 minute\" \/>\n<script type=\"application\/ld+json\" class=\"yoast-schema-graph\">{\"@context\":\"https:\/\/schema.org\",\"@graph\":[{\"@type\":\"WebPage\",\"@id\":\"https:\/\/www.leitao-irmao.com\/product\/corrente-com-molas-para-guardanapo-redondo\/\",\"url\":\"https:\/\/www.leitao-irmao.com\/product\/corrente-com-molas-para-guardanapo-redondo\/\",\"name\":\"Corrente com molas para guardanapo | Redondo | Leit\u00e3o &amp; Irm\u00e3o\",\"isPartOf\":{\"@id\":\"https:\/\/www.leitao-irmao.com\/#website\"},\"primaryImageOfPage\":{\"@id\":\"https:\/\/www.leitao-irmao.com\/product\/corrente-com-molas-para-guardanapo-redondo\/#primaryimage\"},\"image\":{\"@id\":\"https:\/\/www.leitao-irmao.com\/product\/corrente-com-molas-para-guardanapo-redondo\/#primaryimage\"},\"thumbnailUrl\":\"https:\/\/www.leitao-irmao.com\/wp-content\/uploads\/2024\/10\/0501570-Corrente-de-guardanapo.jpg\",\"datePublished\":\"2024-10-14T09:26:19+00:00\",\"dateModified\":\"2026-03-19T10:56:31+00:00\",\"description\":\"A correte com molas no formato redondo para prender o guardanapo \u00e9 um cl\u00e1ssico para crian\u00e7a ou adulto. Uma pe\u00e7a realizada nas oficinas Leit\u00e3o & Irm\u00e3o.\",\"breadcrumb\":{\"@id\":\"https:\/\/www.leitao-irmao.com\/product\/corrente-com-molas-para-guardanapo-redondo\/#breadcrumb\"},\"inLanguage\":\"en-GB\",\"potentialAction\":[{\"@type\":\"ReadAction\",\"target\":[\"https:\/\/www.leitao-irmao.com\/product\/corrente-com-molas-para-guardanapo-redondo\/\"]}]},{\"@type\":\"ImageObject\",\"inLanguage\":\"en-GB\",\"@id\":\"https:\/\/www.leitao-irmao.com\/product\/corrente-com-molas-para-guardanapo-redondo\/#primaryimage\",\"url\":\"https:\/\/www.leitao-irmao.com\/wp-content\/uploads\/2024\/10\/0501570-Corrente-de-guardanapo.jpg\",\"contentUrl\":\"https:\/\/www.leitao-irmao.com\/wp-content\/uploads\/2024\/10\/0501570-Corrente-de-guardanapo.jpg\",\"width\":1920,\"height\":1920,\"caption\":\"Corrente com molas para guardanapo Redondo em prata da leit\u00e3o & Irm\u00e3o\"},{\"@type\":\"BreadcrumbList\",\"@id\":\"https:\/\/www.leitao-irmao.com\/product\/corrente-com-molas-para-guardanapo-redondo\/#breadcrumb\",\"itemListElement\":[{\"@type\":\"ListItem\",\"position\":1,\"name\":\"Home\",\"item\":\"https:\/\/www.leitao-irmao.com\/\"},{\"@type\":\"ListItem\",\"position\":2,\"name\":\"Products\",\"item\":\"https:\/\/www.leitao-irmao.com\/shop\/\"},{\"@type\":\"ListItem\",\"position\":3,\"name\":\"Corrente com molas para guardanapo | Redondo\"}]},{\"@type\":\"WebSite\",\"@id\":\"https:\/\/www.leitao-irmao.com\/#website\",\"url\":\"https:\/\/www.leitao-irmao.com\/\",\"name\":\"Leit\u00e3o & Irm\u00e3o\",\"description\":\"Joalheiros desde 1822\",\"publisher\":{\"@id\":\"https:\/\/www.leitao-irmao.com\/#organization\"},\"potentialAction\":[{\"@type\":\"SearchAction\",\"target\":{\"@type\":\"EntryPoint\",\"urlTemplate\":\"https:\/\/www.leitao-irmao.com\/?s={search_term_string}\"},\"query-input\":{\"@type\":\"PropertyValueSpecification\",\"valueRequired\":true,\"valueName\":\"search_term_string\"}}],\"inLanguage\":\"en-GB\"},{\"@type\":\"Organization\",\"@id\":\"https:\/\/www.leitao-irmao.com\/#organization\",\"name\":\"Leit\u00e3o & Irm\u00e3o\",\"url\":\"https:\/\/www.leitao-irmao.com\/\",\"logo\":{\"@type\":\"ImageObject\",\"inLanguage\":\"en-GB\",\"@id\":\"https:\/\/www.leitao-irmao.com\/#\/schema\/logo\/image\/\",\"url\":\"https:\/\/www.leitao-irmao.com\/wp-content\/uploads\/2022\/11\/leitaoirmao-logo.png\",\"contentUrl\":\"https:\/\/www.leitao-irmao.com\/wp-content\/uploads\/2022\/11\/leitaoirmao-logo.png\",\"width\":426,\"height\":89,\"caption\":\"Leit\u00e3o & Irm\u00e3o\"},\"image\":{\"@id\":\"https:\/\/www.leitao-irmao.com\/#\/schema\/logo\/image\/\"}}]}<\/script>\n<!-- \/ Yoast SEO plugin. -->","yoast_head_json":{"title":"Corrente com molas para guardanapo | Redondo | Leit\u00e3o &amp; Irm\u00e3o","description":"A correte com molas no formato redondo para prender o guardanapo \u00e9 um cl\u00e1ssico para crian\u00e7a ou adulto. Uma pe\u00e7a realizada nas oficinas Leit\u00e3o & Irm\u00e3o.","robots":{"index":"index","follow":"follow","max-snippet":"max-snippet:-1","max-image-preview":"max-image-preview:large","max-video-preview":"max-video-preview:-1"},"canonical":"https:\/\/www.leitao-irmao.com\/en\/product\/corrente-com-molas-para-guardanapo-redondo\/","og_locale":"en_GB","og_type":"article","og_title":"Corrente com molas para guardanapo | Redondo | Leit\u00e3o &amp; Irm\u00e3o","og_description":"A correte com molas no formato redondo para prender o guardanapo \u00e9 um cl\u00e1ssico para crian\u00e7a ou adulto. Uma pe\u00e7a realizada nas oficinas Leit\u00e3o & Irm\u00e3o.","og_url":"https:\/\/www.leitao-irmao.com\/en\/product\/corrente-com-molas-para-guardanapo-redondo\/","og_site_name":"Leit\u00e3o &amp; Irm\u00e3o","article_modified_time":"2026-03-19T10:56:31+00:00","og_image":[{"width":1920,"height":1920,"url":"https:\/\/www.leitao-irmao.com\/wp-content\/uploads\/2024\/10\/0501570-Corrente-de-guardanapo.jpg","type":"image\/jpeg"}],"twitter_card":"summary_large_image","twitter_misc":{"Estimated reading time":"1 minute"},"schema":{"@context":"https:\/\/schema.org","@graph":[{"@type":"WebPage","@id":"https:\/\/www.leitao-irmao.com\/product\/corrente-com-molas-para-guardanapo-redondo\/","url":"https:\/\/www.leitao-irmao.com\/product\/corrente-com-molas-para-guardanapo-redondo\/","name":"Corrente com molas para guardanapo | Redondo | Leit\u00e3o &amp; Irm\u00e3o","isPartOf":{"@id":"https:\/\/www.leitao-irmao.com\/#website"},"primaryImageOfPage":{"@id":"https:\/\/www.leitao-irmao.com\/product\/corrente-com-molas-para-guardanapo-redondo\/#primaryimage"},"image":{"@id":"https:\/\/www.leitao-irmao.com\/product\/corrente-com-molas-para-guardanapo-redondo\/#primaryimage"},"thumbnailUrl":"https:\/\/www.leitao-irmao.com\/wp-content\/uploads\/2024\/10\/0501570-Corrente-de-guardanapo.jpg","datePublished":"2024-10-14T09:26:19+00:00","dateModified":"2026-03-19T10:56:31+00:00","description":"A correte com molas no formato redondo para prender o guardanapo \u00e9 um cl\u00e1ssico para crian\u00e7a ou adulto. Uma pe\u00e7a realizada nas oficinas Leit\u00e3o & Irm\u00e3o.","breadcrumb":{"@id":"https:\/\/www.leitao-irmao.com\/product\/corrente-com-molas-para-guardanapo-redondo\/#breadcrumb"},"inLanguage":"en-GB","potentialAction":[{"@type":"ReadAction","target":["https:\/\/www.leitao-irmao.com\/product\/corrente-com-molas-para-guardanapo-redondo\/"]}]},{"@type":"ImageObject","inLanguage":"en-GB","@id":"https:\/\/www.leitao-irmao.com\/product\/corrente-com-molas-para-guardanapo-redondo\/#primaryimage","url":"https:\/\/www.leitao-irmao.com\/wp-content\/uploads\/2024\/10\/0501570-Corrente-de-guardanapo.jpg","contentUrl":"https:\/\/www.leitao-irmao.com\/wp-content\/uploads\/2024\/10\/0501570-Corrente-de-guardanapo.jpg","width":1920,"height":1920,"caption":"Corrente com molas para guardanapo Redondo em prata da leit\u00e3o & Irm\u00e3o"},{"@type":"BreadcrumbList","@id":"https:\/\/www.leitao-irmao.com\/product\/corrente-com-molas-para-guardanapo-redondo\/#breadcrumb","itemListElement":[{"@type":"ListItem","position":1,"name":"Home","item":"https:\/\/www.leitao-irmao.com\/"},{"@type":"ListItem","position":2,"name":"Products","item":"https:\/\/www.leitao-irmao.com\/shop\/"},{"@type":"ListItem","position":3,"name":"Corrente com molas para guardanapo | Redondo"}]},{"@type":"WebSite","@id":"https:\/\/www.leitao-irmao.com\/#website","url":"https:\/\/www.leitao-irmao.com\/","name":"Leit\u00e3o & Irm\u00e3o","description":"Joalheiros desde 1822","publisher":{"@id":"https:\/\/www.leitao-irmao.com\/#organization"},"potentialAction":[{"@type":"SearchAction","target":{"@type":"EntryPoint","urlTemplate":"https:\/\/www.leitao-irmao.com\/?s={search_term_string}"},"query-input":{"@type":"PropertyValueSpecification","valueRequired":true,"valueName":"search_term_string"}}],"inLanguage":"en-GB"},{"@type":"Organization","@id":"https:\/\/www.leitao-irmao.com\/#organization","name":"Leit\u00e3o & Irm\u00e3o","url":"https:\/\/www.leitao-irmao.com\/","logo":{"@type":"ImageObject","inLanguage":"en-GB","@id":"https:\/\/www.leitao-irmao.com\/#\/schema\/logo\/image\/","url":"https:\/\/www.leitao-irmao.com\/wp-content\/uploads\/2022\/11\/leitaoirmao-logo.png","contentUrl":"https:\/\/www.leitao-irmao.com\/wp-content\/uploads\/2022\/11\/leitaoirmao-logo.png","width":426,"height":89,"caption":"Leit\u00e3o & Irm\u00e3o"},"image":{"@id":"https:\/\/www.leitao-irmao.com\/#\/schema\/logo\/image\/"}}]}},"_links":{"self":[{"href":"https:\/\/www.leitao-irmao.com\/en\/wp-json\/wp\/v2\/product\/28632","targetHints":{"allow":["GET"]}}],"collection":[{"href":"https:\/\/www.leitao-irmao.com\/en\/wp-json\/wp\/v2\/product"}],"about":[{"href":"https:\/\/www.leitao-irmao.com\/en\/wp-json\/wp\/v2\/types\/product"}],"version-history":[{"count":1,"href":"https:\/\/www.leitao-irmao.com\/en\/wp-json\/wp\/v2\/product\/28632\/revisions"}],"predecessor-version":[{"id":34180,"href":"https:\/\/www.leitao-irmao.com\/en\/wp-json\/wp\/v2\/product\/28632\/revisions\/34180"}],"wp:featuredmedia":[{"embeddable":true,"href":"https:\/\/www.leitao-irmao.com\/en\/wp-json\/wp\/v2\/media\/28633"}],"wp:attachment":[{"href":"https:\/\/www.leitao-irmao.com\/en\/wp-json\/wp\/v2\/media?parent=28632"}],"wp:term":[{"taxonomy":"product_brand","embeddable":true,"href":"https:\/\/www.leitao-irmao.com\/en\/wp-json\/wp\/v2\/product_brand?post=28632"},{"taxonomy":"product_cat","embeddable":true,"href":"https:\/\/www.leitao-irmao.com\/en\/wp-json\/wp\/v2\/product_cat?post=28632"},{"taxonomy":"product_tag","embeddable":true,"href":"https:\/\/www.leitao-irmao.com\/en\/wp-json\/wp\/v2\/product_tag?post=28632"}],"curies":[{"name":"wp","href":"https:\/\/api.w.org\/{rel}","templated":true}]}}