{"id":28855,"date":"2025-03-27T10:00:06","date_gmt":"2025-03-27T10:00:06","guid":{"rendered":"https:\/\/www.leitao-irmao.com\/?post_type=product&#038;p=28855"},"modified":"2025-11-21T16:26:05","modified_gmt":"2025-11-21T16:26:05","slug":"pulseira-em-ouro-amarelo-e-diamantes-royal-collection","status":"publish","type":"product","link":"https:\/\/www.leitao-irmao.com\/en\/product\/pulseira-em-ouro-amarelo-e-diamantes-royal-collection\/","title":{"rendered":"Yellow gold and diamond bracelet | Royal Collection"},"content":{"rendered":"<p><a href=\"https:\/\/www.cgd.pt\/Particulares\/montra-caixa\/Pages\/pulseira-royal.aspx#!\/Cartao\">PE\u00c7A DE COMERCIALIZA\u00c7\u00c3O EXCLUSIVA CAIXA GERAL DE DEP\u00d3SITOS<\/a><\/p>\n<p><strong><a href=\"https:\/\/www.tesouroreal.pt\/\">Museu do Tesouro Real<\/a> x <a href=\"https:\/\/www.leitao-irmao.com\/en\/\">Leit\u00e3o &amp; Irm\u00e3o<\/a><\/strong><\/p>\n<p>On December 1, 1887, King Lu\u00eds I of Portugal granted the title of 'Crown Jewellers' to Casa Leit\u00e3o &amp; Irm\u00e3o.<\/p>\n<p>Durante gera\u00e7\u00f5es, transformaram-se metais e pedras preciosas em obras de arte, definindo um estilo e carater pr\u00f3prio.<\/p>\n<p>Algumas dessas obras podem ser, pela primeira vez, apreciadas no Museu do Tesouro Real, inserido no Pal\u00e1cio da Ajuda.<\/p>\n<p>Surge agora a oportunidade de celebrar a hist\u00f3ria atrav\u00e9s de uma colabora\u00e7\u00e3o entre o Museu do Tesouro Real e a Leit\u00e3o &amp; Irm\u00e3o, da qual nasce a cole\u00e7\u00e3o <strong>The Royal<\/strong>. Uma cole\u00e7\u00e3o que al\u00e9m de olhar para o passado, abra\u00e7a a inova\u00e7\u00e3o continuando a tradi\u00e7\u00e3o dos &#8220;Joalheiros da Coroa&#8221;, invariavelmente focados na modernidade.<\/p>\n<p>Juntos, celebramos a fus\u00e3o entre a arte de mestres joalheiros e as obras por eles manufaturadas para a monarquia, real\u00e7ando um caminho onde o a excel\u00eancia e a cultura se encontram.<\/p>","protected":false},"excerpt":{"rendered":"<p>Discover the yellow gold and diamond bracelet from The Royal Collection of the Royal Treasury Museum x Leit\u00e3o &amp; Irm\u00e3o.<\/p>\n<p>We have created a chapter in history through the Royal Collection. A collection inspired by some of the iconic pieces on display at the Royal Treasury Museum.<br \/>\nThe Royal Crown is the icon of the monarchy. The Crown, a symbol of dreams and royalty, brought into the present day through a contemporary interpretation by the designer of Leit\u00e3o &amp; Irm\u00e3o, making every woman a queen.<\/p>","protected":false},"featured_media":28907,"template":"","meta":{"_acf_changed":false},"product_brand":[],"product_cat":[121,141,125,87,655,496,649],"product_tag":[275,658,278,323,271],"class_list":{"0":"post-28855","1":"product","2":"type-product","3":"status-publish","4":"has-post-thumbnail","6":"product_cat-gifts","7":"product_cat-para-ela","8":"product_cat-presentes-entre-1000e-a-2500e","9":"product_cat-pulseiras","10":"product_cat-royal-jewels","11":"product_cat-sem-desconto","12":"product_cat-the-royal-collection","13":"product_tag-diamantes","14":"product_tag-exclusivo-cgd","15":"product_tag-mulher","16":"product_tag-novidades","17":"product_tag-ouro","19":"first","20":"onbackorder","21":"shipping-taxable","22":"purchasable","23":"product-type-simple"},"acf":[],"yoast_head":"<!-- This site is optimized with the Yoast SEO plugin v25.4 - https:\/\/yoast.com\/wordpress\/plugins\/seo\/ -->\n<title>Pulseira em ouro e diamantes - The Royal Collection<\/title>\n<meta name=\"description\" content=\"Descubra a Pulseira em ouro amarelo e diamantes, da cole\u00e7\u00e3o The Royal do Museu do Tesouro Real x Leit\u00e3o &amp; Irm\u00e3o, inspirada na Coroa Real.\" \/>\n<meta name=\"robots\" content=\"index, follow, max-snippet:-1, max-image-preview:large, max-video-preview:-1\" \/>\n<link rel=\"canonical\" href=\"https:\/\/www.leitao-irmao.com\/en\/product\/pulseira-em-ouro-amarelo-e-diamantes-royal-collection\/\" \/>\n<meta property=\"og:locale\" content=\"en_GB\" \/>\n<meta property=\"og:type\" content=\"article\" \/>\n<meta property=\"og:title\" content=\"Pulseira em ouro e diamantes - The Royal Collection\" \/>\n<meta property=\"og:description\" content=\"Descubra a Pulseira em ouro amarelo e diamantes, da cole\u00e7\u00e3o The Royal do Museu do Tesouro Real x Leit\u00e3o &amp; Irm\u00e3o, inspirada na Coroa Real.\" \/>\n<meta property=\"og:url\" content=\"https:\/\/www.leitao-irmao.com\/en\/product\/pulseira-em-ouro-amarelo-e-diamantes-royal-collection\/\" \/>\n<meta property=\"og:site_name\" content=\"Leit\u00e3o &amp; Irm\u00e3o\" \/>\n<meta property=\"article:modified_time\" content=\"2025-11-21T16:26:05+00:00\" \/>\n<meta property=\"og:image\" content=\"https:\/\/www.leitao-irmao.com\/wp-content\/uploads\/2024\/10\/pulseira_ouro_bts_tesouroreal_01.jpg\" \/>\n\t<meta property=\"og:image:width\" content=\"1080\" \/>\n\t<meta property=\"og:image:height\" content=\"1080\" \/>\n\t<meta property=\"og:image:type\" content=\"image\/jpeg\" \/>\n<meta name=\"twitter:card\" content=\"summary_large_image\" \/>\n<meta name=\"twitter:label1\" content=\"Estimated reading time\" \/>\n\t<meta name=\"twitter:data1\" content=\"2 minutes\" \/>\n<script type=\"application\/ld+json\" class=\"yoast-schema-graph\">{\"@context\":\"https:\/\/schema.org\",\"@graph\":[{\"@type\":\"WebPage\",\"@id\":\"https:\/\/www.leitao-irmao.com\/product\/pulseira-em-ouro-amarelo-e-diamantes-royal-collection\/\",\"url\":\"https:\/\/www.leitao-irmao.com\/product\/pulseira-em-ouro-amarelo-e-diamantes-royal-collection\/\",\"name\":\"Pulseira em ouro e diamantes - The Royal Collection\",\"isPartOf\":{\"@id\":\"https:\/\/www.leitao-irmao.com\/#website\"},\"primaryImageOfPage\":{\"@id\":\"https:\/\/www.leitao-irmao.com\/product\/pulseira-em-ouro-amarelo-e-diamantes-royal-collection\/#primaryimage\"},\"image\":{\"@id\":\"https:\/\/www.leitao-irmao.com\/product\/pulseira-em-ouro-amarelo-e-diamantes-royal-collection\/#primaryimage\"},\"thumbnailUrl\":\"https:\/\/www.leitao-irmao.com\/wp-content\/uploads\/2024\/10\/pulseira_ouro_bts_tesouroreal_01.jpg\",\"datePublished\":\"2025-03-27T10:00:06+00:00\",\"dateModified\":\"2025-11-21T16:26:05+00:00\",\"description\":\"Descubra a Pulseira em ouro amarelo e diamantes, da cole\u00e7\u00e3o The Royal do Museu do Tesouro Real x Leit\u00e3o & Irm\u00e3o, inspirada na Coroa Real.\",\"breadcrumb\":{\"@id\":\"https:\/\/www.leitao-irmao.com\/product\/pulseira-em-ouro-amarelo-e-diamantes-royal-collection\/#breadcrumb\"},\"inLanguage\":\"en-GB\",\"potentialAction\":[{\"@type\":\"ReadAction\",\"target\":[\"https:\/\/www.leitao-irmao.com\/product\/pulseira-em-ouro-amarelo-e-diamantes-royal-collection\/\"]}]},{\"@type\":\"ImageObject\",\"inLanguage\":\"en-GB\",\"@id\":\"https:\/\/www.leitao-irmao.com\/product\/pulseira-em-ouro-amarelo-e-diamantes-royal-collection\/#primaryimage\",\"url\":\"https:\/\/www.leitao-irmao.com\/wp-content\/uploads\/2024\/10\/pulseira_ouro_bts_tesouroreal_01.jpg\",\"contentUrl\":\"https:\/\/www.leitao-irmao.com\/wp-content\/uploads\/2024\/10\/pulseira_ouro_bts_tesouroreal_01.jpg\",\"width\":1080,\"height\":1080,\"caption\":\"Colar em ouro e diamantes da Cole\u00e7\u00e3o Royal Collection da Leit\u00e3o & Irm\u00e3o x Museu do Tesouro Real\"},{\"@type\":\"BreadcrumbList\",\"@id\":\"https:\/\/www.leitao-irmao.com\/product\/pulseira-em-ouro-amarelo-e-diamantes-royal-collection\/#breadcrumb\",\"itemListElement\":[{\"@type\":\"ListItem\",\"position\":1,\"name\":\"Home\",\"item\":\"https:\/\/www.leitao-irmao.com\/\"},{\"@type\":\"ListItem\",\"position\":2,\"name\":\"Products\",\"item\":\"https:\/\/www.leitao-irmao.com\/shop\/\"},{\"@type\":\"ListItem\",\"position\":3,\"name\":\"Pulseira em ouro amarelo e diamantes | Royal Collection\"}]},{\"@type\":\"WebSite\",\"@id\":\"https:\/\/www.leitao-irmao.com\/#website\",\"url\":\"https:\/\/www.leitao-irmao.com\/\",\"name\":\"Leit\u00e3o & Irm\u00e3o\",\"description\":\"Joalheiros desde 1822\",\"publisher\":{\"@id\":\"https:\/\/www.leitao-irmao.com\/#organization\"},\"potentialAction\":[{\"@type\":\"SearchAction\",\"target\":{\"@type\":\"EntryPoint\",\"urlTemplate\":\"https:\/\/www.leitao-irmao.com\/?s={search_term_string}\"},\"query-input\":{\"@type\":\"PropertyValueSpecification\",\"valueRequired\":true,\"valueName\":\"search_term_string\"}}],\"inLanguage\":\"en-GB\"},{\"@type\":\"Organization\",\"@id\":\"https:\/\/www.leitao-irmao.com\/#organization\",\"name\":\"Leit\u00e3o & Irm\u00e3o\",\"url\":\"https:\/\/www.leitao-irmao.com\/\",\"logo\":{\"@type\":\"ImageObject\",\"inLanguage\":\"en-GB\",\"@id\":\"https:\/\/www.leitao-irmao.com\/#\/schema\/logo\/image\/\",\"url\":\"https:\/\/www.leitao-irmao.com\/wp-content\/uploads\/2022\/11\/leitaoirmao-logo.png\",\"contentUrl\":\"https:\/\/www.leitao-irmao.com\/wp-content\/uploads\/2022\/11\/leitaoirmao-logo.png\",\"width\":426,\"height\":89,\"caption\":\"Leit\u00e3o & Irm\u00e3o\"},\"image\":{\"@id\":\"https:\/\/www.leitao-irmao.com\/#\/schema\/logo\/image\/\"}}]}<\/script>\n<!-- \/ Yoast SEO plugin. -->","yoast_head_json":{"title":"Pulseira em ouro e diamantes - The Royal Collection","description":"Descubra a Pulseira em ouro amarelo e diamantes, da cole\u00e7\u00e3o The Royal do Museu do Tesouro Real x Leit\u00e3o & Irm\u00e3o, inspirada na Coroa Real.","robots":{"index":"index","follow":"follow","max-snippet":"max-snippet:-1","max-image-preview":"max-image-preview:large","max-video-preview":"max-video-preview:-1"},"canonical":"https:\/\/www.leitao-irmao.com\/en\/product\/pulseira-em-ouro-amarelo-e-diamantes-royal-collection\/","og_locale":"en_GB","og_type":"article","og_title":"Pulseira em ouro e diamantes - The Royal Collection","og_description":"Descubra a Pulseira em ouro amarelo e diamantes, da cole\u00e7\u00e3o The Royal do Museu do Tesouro Real x Leit\u00e3o & Irm\u00e3o, inspirada na Coroa Real.","og_url":"https:\/\/www.leitao-irmao.com\/en\/product\/pulseira-em-ouro-amarelo-e-diamantes-royal-collection\/","og_site_name":"Leit\u00e3o &amp; Irm\u00e3o","article_modified_time":"2025-11-21T16:26:05+00:00","og_image":[{"width":1080,"height":1080,"url":"https:\/\/www.leitao-irmao.com\/wp-content\/uploads\/2024\/10\/pulseira_ouro_bts_tesouroreal_01.jpg","type":"image\/jpeg"}],"twitter_card":"summary_large_image","twitter_misc":{"Estimated reading time":"2 minutes"},"schema":{"@context":"https:\/\/schema.org","@graph":[{"@type":"WebPage","@id":"https:\/\/www.leitao-irmao.com\/product\/pulseira-em-ouro-amarelo-e-diamantes-royal-collection\/","url":"https:\/\/www.leitao-irmao.com\/product\/pulseira-em-ouro-amarelo-e-diamantes-royal-collection\/","name":"Pulseira em ouro e diamantes - The Royal Collection","isPartOf":{"@id":"https:\/\/www.leitao-irmao.com\/#website"},"primaryImageOfPage":{"@id":"https:\/\/www.leitao-irmao.com\/product\/pulseira-em-ouro-amarelo-e-diamantes-royal-collection\/#primaryimage"},"image":{"@id":"https:\/\/www.leitao-irmao.com\/product\/pulseira-em-ouro-amarelo-e-diamantes-royal-collection\/#primaryimage"},"thumbnailUrl":"https:\/\/www.leitao-irmao.com\/wp-content\/uploads\/2024\/10\/pulseira_ouro_bts_tesouroreal_01.jpg","datePublished":"2025-03-27T10:00:06+00:00","dateModified":"2025-11-21T16:26:05+00:00","description":"Descubra a Pulseira em ouro amarelo e diamantes, da cole\u00e7\u00e3o The Royal do Museu do Tesouro Real x Leit\u00e3o & Irm\u00e3o, inspirada na Coroa Real.","breadcrumb":{"@id":"https:\/\/www.leitao-irmao.com\/product\/pulseira-em-ouro-amarelo-e-diamantes-royal-collection\/#breadcrumb"},"inLanguage":"en-GB","potentialAction":[{"@type":"ReadAction","target":["https:\/\/www.leitao-irmao.com\/product\/pulseira-em-ouro-amarelo-e-diamantes-royal-collection\/"]}]},{"@type":"ImageObject","inLanguage":"en-GB","@id":"https:\/\/www.leitao-irmao.com\/product\/pulseira-em-ouro-amarelo-e-diamantes-royal-collection\/#primaryimage","url":"https:\/\/www.leitao-irmao.com\/wp-content\/uploads\/2024\/10\/pulseira_ouro_bts_tesouroreal_01.jpg","contentUrl":"https:\/\/www.leitao-irmao.com\/wp-content\/uploads\/2024\/10\/pulseira_ouro_bts_tesouroreal_01.jpg","width":1080,"height":1080,"caption":"Colar em ouro e diamantes da Cole\u00e7\u00e3o Royal Collection da Leit\u00e3o & Irm\u00e3o x Museu do Tesouro Real"},{"@type":"BreadcrumbList","@id":"https:\/\/www.leitao-irmao.com\/product\/pulseira-em-ouro-amarelo-e-diamantes-royal-collection\/#breadcrumb","itemListElement":[{"@type":"ListItem","position":1,"name":"Home","item":"https:\/\/www.leitao-irmao.com\/"},{"@type":"ListItem","position":2,"name":"Products","item":"https:\/\/www.leitao-irmao.com\/shop\/"},{"@type":"ListItem","position":3,"name":"Pulseira em ouro amarelo e diamantes | Royal Collection"}]},{"@type":"WebSite","@id":"https:\/\/www.leitao-irmao.com\/#website","url":"https:\/\/www.leitao-irmao.com\/","name":"Leit\u00e3o & Irm\u00e3o","description":"Joalheiros desde 1822","publisher":{"@id":"https:\/\/www.leitao-irmao.com\/#organization"},"potentialAction":[{"@type":"SearchAction","target":{"@type":"EntryPoint","urlTemplate":"https:\/\/www.leitao-irmao.com\/?s={search_term_string}"},"query-input":{"@type":"PropertyValueSpecification","valueRequired":true,"valueName":"search_term_string"}}],"inLanguage":"en-GB"},{"@type":"Organization","@id":"https:\/\/www.leitao-irmao.com\/#organization","name":"Leit\u00e3o & Irm\u00e3o","url":"https:\/\/www.leitao-irmao.com\/","logo":{"@type":"ImageObject","inLanguage":"en-GB","@id":"https:\/\/www.leitao-irmao.com\/#\/schema\/logo\/image\/","url":"https:\/\/www.leitao-irmao.com\/wp-content\/uploads\/2022\/11\/leitaoirmao-logo.png","contentUrl":"https:\/\/www.leitao-irmao.com\/wp-content\/uploads\/2022\/11\/leitaoirmao-logo.png","width":426,"height":89,"caption":"Leit\u00e3o & Irm\u00e3o"},"image":{"@id":"https:\/\/www.leitao-irmao.com\/#\/schema\/logo\/image\/"}}]}},"_links":{"self":[{"href":"https:\/\/www.leitao-irmao.com\/en\/wp-json\/wp\/v2\/product\/28855","targetHints":{"allow":["GET"]}}],"collection":[{"href":"https:\/\/www.leitao-irmao.com\/en\/wp-json\/wp\/v2\/product"}],"about":[{"href":"https:\/\/www.leitao-irmao.com\/en\/wp-json\/wp\/v2\/types\/product"}],"version-history":[{"count":1,"href":"https:\/\/www.leitao-irmao.com\/en\/wp-json\/wp\/v2\/product\/28855\/revisions"}],"predecessor-version":[{"id":35324,"href":"https:\/\/www.leitao-irmao.com\/en\/wp-json\/wp\/v2\/product\/28855\/revisions\/35324"}],"wp:featuredmedia":[{"embeddable":true,"href":"https:\/\/www.leitao-irmao.com\/en\/wp-json\/wp\/v2\/media\/28907"}],"wp:attachment":[{"href":"https:\/\/www.leitao-irmao.com\/en\/wp-json\/wp\/v2\/media?parent=28855"}],"wp:term":[{"taxonomy":"product_brand","embeddable":true,"href":"https:\/\/www.leitao-irmao.com\/en\/wp-json\/wp\/v2\/product_brand?post=28855"},{"taxonomy":"product_cat","embeddable":true,"href":"https:\/\/www.leitao-irmao.com\/en\/wp-json\/wp\/v2\/product_cat?post=28855"},{"taxonomy":"product_tag","embeddable":true,"href":"https:\/\/www.leitao-irmao.com\/en\/wp-json\/wp\/v2\/product_tag?post=28855"}],"curies":[{"name":"wp","href":"https:\/\/api.w.org\/{rel}","templated":true}]}}