{"id":28875,"date":"2025-03-27T10:00:50","date_gmt":"2025-03-27T10:00:50","guid":{"rendered":"https:\/\/www.leitao-irmao.com\/?post_type=product&#038;p=28875"},"modified":"2026-03-19T14:41:32","modified_gmt":"2026-03-19T14:41:32","slug":"rinoceronte-cidadania-em-prata-royal-collection","status":"publish","type":"product","link":"https:\/\/www.leitao-irmao.com\/en\/product\/rinoceronte-cidadania-em-prata-royal-collection\/","title":{"rendered":"Rhino Citizenship in silver | Royal Collection"},"content":{"rendered":"<p><strong><a href=\"https:\/\/www.tesouroreal.pt\/\">Museu do Tesouro Real<\/a> x <a href=\"https:\/\/www.leitao-irmao.com\/en\/\">Leit\u00e3o &amp; Irm\u00e3o<\/a><\/strong><\/p>\n<p>On December 1, 1887, King Lu\u00eds I of Portugal granted the title of 'Crown Jewellers' to Casa Leit\u00e3o &amp; Irm\u00e3o.<\/p>\n<p>Durante gera\u00e7\u00f5es, transformaram-se metais e pedras preciosas em obras de arte, definindo um estilo e carater pr\u00f3prio.<\/p>\n<p>Algumas dessas obras podem ser, pela primeira vez, apreciadas no Museu do Tesouro Real, inserido no Pal\u00e1cio da Ajuda.<\/p>\n<p>Surge agora a oportunidade de celebrar a hist\u00f3ria atrav\u00e9s de uma colabora\u00e7\u00e3o entre o Museu do Tesouro Real e a Leit\u00e3o &amp; Irm\u00e3o, da qual nasce a cole\u00e7\u00e3o <strong>The Royal<\/strong>. Uma cole\u00e7\u00e3o que al\u00e9m de olhar para o passado, abra\u00e7a a inova\u00e7\u00e3o continuando a tradi\u00e7\u00e3o dos &#8220;Joalheiros da Coroa&#8221;, invariavelmente focados na modernidade.<\/p>\n<p>Juntos, celebramos a fus\u00e3o entre a arte de mestres joalheiros e as obras por eles manufaturadas para a monarquia, real\u00e7ando um caminho onde o a excel\u00eancia e a cultura se encontram.<\/p>","protected":false},"excerpt":{"rendered":"<p>Discover the Silver Citizenship Rhino from The Royal Collection of the Royal Treasury Museum x Leit\u00e3o &amp; Irm\u00e3o.<\/p>\n<p>The molds of the Cofre da Cidadania crafted by Leit\u00e3o &amp; Irm\u00e3o in 1907, stored at the Leit\u00e3o &amp; Irm\u00e3o workshops, were recovered 117 years later, giving rise to a revivalist and figurative piece with unique detail: the Rhinoceros that inspired the Crown Jewellers' model makers in 1907.<\/p>","protected":false},"featured_media":28910,"template":"","meta":{"_acf_changed":false},"product_brand":[],"product_cat":[70,74,648,121,126,656,496,649],"product_tag":[323,270],"class_list":{"0":"post-28875","1":"product","2":"type-product","3":"status-publish","4":"has-post-thumbnail","6":"product_cat-casa-e-decoracao","7":"product_cat-decoracao","8":"product_cat-esculturas","9":"product_cat-gifts","10":"product_cat-presentes-entre-2500e-a-5000e","11":"product_cat-royal-collectable","12":"product_cat-sem-desconto","13":"product_cat-the-royal-collection","14":"product_tag-novidades","15":"product_tag-prata","17":"first","18":"instock","19":"shipping-taxable","20":"purchasable","21":"product-type-simple"},"acf":[],"yoast_head":"<!-- This site is optimized with the Yoast SEO plugin v25.4 - https:\/\/yoast.com\/wordpress\/plugins\/seo\/ -->\n<title>Rinoceronte Cidadania em Prata | Leit\u00e3o &amp; Irm\u00e3o<\/title>\n<meta name=\"description\" content=\"Descubra o Rinoceronte da Cidadania em prata, da cole\u00e7\u00e3o The Royal do Museu do Tesouro Real x Leit\u00e3o &amp; Irm\u00e3o, inspirada no Cofre da Cidadania.\" \/>\n<meta name=\"robots\" content=\"index, follow, max-snippet:-1, max-image-preview:large, max-video-preview:-1\" \/>\n<link rel=\"canonical\" href=\"https:\/\/www.leitao-irmao.com\/en\/product\/rinoceronte-cidadania-em-prata-royal-collection\/\" \/>\n<meta property=\"og:locale\" content=\"en_GB\" \/>\n<meta property=\"og:type\" content=\"article\" \/>\n<meta property=\"og:title\" content=\"Rinoceronte Cidadania em Prata | Leit\u00e3o &amp; Irm\u00e3o\" \/>\n<meta property=\"og:description\" content=\"Descubra o Rinoceronte da Cidadania em prata, da cole\u00e7\u00e3o The Royal do Museu do Tesouro Real x Leit\u00e3o &amp; Irm\u00e3o, inspirada no Cofre da Cidadania.\" \/>\n<meta property=\"og:url\" content=\"https:\/\/www.leitao-irmao.com\/en\/product\/rinoceronte-cidadania-em-prata-royal-collection\/\" \/>\n<meta property=\"og:site_name\" content=\"Leit\u00e3o &amp; Irm\u00e3o\" \/>\n<meta property=\"article:modified_time\" content=\"2026-03-19T14:41:32+00:00\" \/>\n<meta property=\"og:image\" content=\"https:\/\/www.leitao-irmao.com\/wp-content\/uploads\/2024\/10\/rinoceronte_tesouroreal_04.jpg\" \/>\n\t<meta property=\"og:image:width\" content=\"1080\" \/>\n\t<meta property=\"og:image:height\" content=\"1080\" \/>\n\t<meta property=\"og:image:type\" content=\"image\/jpeg\" \/>\n<meta name=\"twitter:card\" content=\"summary_large_image\" \/>\n<meta name=\"twitter:label1\" content=\"Estimated reading time\" \/>\n\t<meta name=\"twitter:data1\" content=\"2 minutes\" \/>\n<script type=\"application\/ld+json\" class=\"yoast-schema-graph\">{\"@context\":\"https:\/\/schema.org\",\"@graph\":[{\"@type\":\"WebPage\",\"@id\":\"https:\/\/www.leitao-irmao.com\/product\/rinoceronte-cidadania-em-prata-royal-collection\/\",\"url\":\"https:\/\/www.leitao-irmao.com\/product\/rinoceronte-cidadania-em-prata-royal-collection\/\",\"name\":\"Rinoceronte Cidadania em Prata | Leit\u00e3o & Irm\u00e3o\",\"isPartOf\":{\"@id\":\"https:\/\/www.leitao-irmao.com\/#website\"},\"primaryImageOfPage\":{\"@id\":\"https:\/\/www.leitao-irmao.com\/product\/rinoceronte-cidadania-em-prata-royal-collection\/#primaryimage\"},\"image\":{\"@id\":\"https:\/\/www.leitao-irmao.com\/product\/rinoceronte-cidadania-em-prata-royal-collection\/#primaryimage\"},\"thumbnailUrl\":\"https:\/\/www.leitao-irmao.com\/wp-content\/uploads\/2024\/10\/rinoceronte_tesouroreal_04.jpg\",\"datePublished\":\"2025-03-27T10:00:50+00:00\",\"dateModified\":\"2026-03-19T14:41:32+00:00\",\"description\":\"Descubra o Rinoceronte da Cidadania em prata, da cole\u00e7\u00e3o The Royal do Museu do Tesouro Real x Leit\u00e3o & Irm\u00e3o, inspirada no Cofre da Cidadania.\",\"breadcrumb\":{\"@id\":\"https:\/\/www.leitao-irmao.com\/product\/rinoceronte-cidadania-em-prata-royal-collection\/#breadcrumb\"},\"inLanguage\":\"en-GB\",\"potentialAction\":[{\"@type\":\"ReadAction\",\"target\":[\"https:\/\/www.leitao-irmao.com\/product\/rinoceronte-cidadania-em-prata-royal-collection\/\"]}]},{\"@type\":\"ImageObject\",\"inLanguage\":\"en-GB\",\"@id\":\"https:\/\/www.leitao-irmao.com\/product\/rinoceronte-cidadania-em-prata-royal-collection\/#primaryimage\",\"url\":\"https:\/\/www.leitao-irmao.com\/wp-content\/uploads\/2024\/10\/rinoceronte_tesouroreal_04.jpg\",\"contentUrl\":\"https:\/\/www.leitao-irmao.com\/wp-content\/uploads\/2024\/10\/rinoceronte_tesouroreal_04.jpg\",\"width\":1080,\"height\":1080,\"caption\":\"Rinoceronte da Cidadania em prata da Cole\u00e7\u00e3o Royal Collection da Leit\u00e3o & Irm\u00e3o x Museu do Tesouro Real\"},{\"@type\":\"BreadcrumbList\",\"@id\":\"https:\/\/www.leitao-irmao.com\/product\/rinoceronte-cidadania-em-prata-royal-collection\/#breadcrumb\",\"itemListElement\":[{\"@type\":\"ListItem\",\"position\":1,\"name\":\"Home\",\"item\":\"https:\/\/www.leitao-irmao.com\/\"},{\"@type\":\"ListItem\",\"position\":2,\"name\":\"Products\",\"item\":\"https:\/\/www.leitao-irmao.com\/shop\/\"},{\"@type\":\"ListItem\",\"position\":3,\"name\":\"Rinoceronte Cidadania em prata | Royal Collection\"}]},{\"@type\":\"WebSite\",\"@id\":\"https:\/\/www.leitao-irmao.com\/#website\",\"url\":\"https:\/\/www.leitao-irmao.com\/\",\"name\":\"Leit\u00e3o & Irm\u00e3o\",\"description\":\"Joalheiros desde 1822\",\"publisher\":{\"@id\":\"https:\/\/www.leitao-irmao.com\/#organization\"},\"potentialAction\":[{\"@type\":\"SearchAction\",\"target\":{\"@type\":\"EntryPoint\",\"urlTemplate\":\"https:\/\/www.leitao-irmao.com\/?s={search_term_string}\"},\"query-input\":{\"@type\":\"PropertyValueSpecification\",\"valueRequired\":true,\"valueName\":\"search_term_string\"}}],\"inLanguage\":\"en-GB\"},{\"@type\":\"Organization\",\"@id\":\"https:\/\/www.leitao-irmao.com\/#organization\",\"name\":\"Leit\u00e3o & Irm\u00e3o\",\"url\":\"https:\/\/www.leitao-irmao.com\/\",\"logo\":{\"@type\":\"ImageObject\",\"inLanguage\":\"en-GB\",\"@id\":\"https:\/\/www.leitao-irmao.com\/#\/schema\/logo\/image\/\",\"url\":\"https:\/\/www.leitao-irmao.com\/wp-content\/uploads\/2022\/11\/leitaoirmao-logo.png\",\"contentUrl\":\"https:\/\/www.leitao-irmao.com\/wp-content\/uploads\/2022\/11\/leitaoirmao-logo.png\",\"width\":426,\"height\":89,\"caption\":\"Leit\u00e3o & Irm\u00e3o\"},\"image\":{\"@id\":\"https:\/\/www.leitao-irmao.com\/#\/schema\/logo\/image\/\"}}]}<\/script>\n<!-- \/ Yoast SEO plugin. -->","yoast_head_json":{"title":"Rinoceronte Cidadania em Prata | Leit\u00e3o & Irm\u00e3o","description":"Descubra o Rinoceronte da Cidadania em prata, da cole\u00e7\u00e3o The Royal do Museu do Tesouro Real x Leit\u00e3o & Irm\u00e3o, inspirada no Cofre da Cidadania.","robots":{"index":"index","follow":"follow","max-snippet":"max-snippet:-1","max-image-preview":"max-image-preview:large","max-video-preview":"max-video-preview:-1"},"canonical":"https:\/\/www.leitao-irmao.com\/en\/product\/rinoceronte-cidadania-em-prata-royal-collection\/","og_locale":"en_GB","og_type":"article","og_title":"Rinoceronte Cidadania em Prata | Leit\u00e3o & Irm\u00e3o","og_description":"Descubra o Rinoceronte da Cidadania em prata, da cole\u00e7\u00e3o The Royal do Museu do Tesouro Real x Leit\u00e3o & Irm\u00e3o, inspirada no Cofre da Cidadania.","og_url":"https:\/\/www.leitao-irmao.com\/en\/product\/rinoceronte-cidadania-em-prata-royal-collection\/","og_site_name":"Leit\u00e3o &amp; Irm\u00e3o","article_modified_time":"2026-03-19T14:41:32+00:00","og_image":[{"width":1080,"height":1080,"url":"https:\/\/www.leitao-irmao.com\/wp-content\/uploads\/2024\/10\/rinoceronte_tesouroreal_04.jpg","type":"image\/jpeg"}],"twitter_card":"summary_large_image","twitter_misc":{"Estimated reading time":"2 minutes"},"schema":{"@context":"https:\/\/schema.org","@graph":[{"@type":"WebPage","@id":"https:\/\/www.leitao-irmao.com\/product\/rinoceronte-cidadania-em-prata-royal-collection\/","url":"https:\/\/www.leitao-irmao.com\/product\/rinoceronte-cidadania-em-prata-royal-collection\/","name":"Rinoceronte Cidadania em Prata | Leit\u00e3o & Irm\u00e3o","isPartOf":{"@id":"https:\/\/www.leitao-irmao.com\/#website"},"primaryImageOfPage":{"@id":"https:\/\/www.leitao-irmao.com\/product\/rinoceronte-cidadania-em-prata-royal-collection\/#primaryimage"},"image":{"@id":"https:\/\/www.leitao-irmao.com\/product\/rinoceronte-cidadania-em-prata-royal-collection\/#primaryimage"},"thumbnailUrl":"https:\/\/www.leitao-irmao.com\/wp-content\/uploads\/2024\/10\/rinoceronte_tesouroreal_04.jpg","datePublished":"2025-03-27T10:00:50+00:00","dateModified":"2026-03-19T14:41:32+00:00","description":"Descubra o Rinoceronte da Cidadania em prata, da cole\u00e7\u00e3o The Royal do Museu do Tesouro Real x Leit\u00e3o & Irm\u00e3o, inspirada no Cofre da Cidadania.","breadcrumb":{"@id":"https:\/\/www.leitao-irmao.com\/product\/rinoceronte-cidadania-em-prata-royal-collection\/#breadcrumb"},"inLanguage":"en-GB","potentialAction":[{"@type":"ReadAction","target":["https:\/\/www.leitao-irmao.com\/product\/rinoceronte-cidadania-em-prata-royal-collection\/"]}]},{"@type":"ImageObject","inLanguage":"en-GB","@id":"https:\/\/www.leitao-irmao.com\/product\/rinoceronte-cidadania-em-prata-royal-collection\/#primaryimage","url":"https:\/\/www.leitao-irmao.com\/wp-content\/uploads\/2024\/10\/rinoceronte_tesouroreal_04.jpg","contentUrl":"https:\/\/www.leitao-irmao.com\/wp-content\/uploads\/2024\/10\/rinoceronte_tesouroreal_04.jpg","width":1080,"height":1080,"caption":"Rinoceronte da Cidadania em prata da Cole\u00e7\u00e3o Royal Collection da Leit\u00e3o & Irm\u00e3o x Museu do Tesouro Real"},{"@type":"BreadcrumbList","@id":"https:\/\/www.leitao-irmao.com\/product\/rinoceronte-cidadania-em-prata-royal-collection\/#breadcrumb","itemListElement":[{"@type":"ListItem","position":1,"name":"Home","item":"https:\/\/www.leitao-irmao.com\/"},{"@type":"ListItem","position":2,"name":"Products","item":"https:\/\/www.leitao-irmao.com\/shop\/"},{"@type":"ListItem","position":3,"name":"Rinoceronte Cidadania em prata | Royal Collection"}]},{"@type":"WebSite","@id":"https:\/\/www.leitao-irmao.com\/#website","url":"https:\/\/www.leitao-irmao.com\/","name":"Leit\u00e3o & Irm\u00e3o","description":"Joalheiros desde 1822","publisher":{"@id":"https:\/\/www.leitao-irmao.com\/#organization"},"potentialAction":[{"@type":"SearchAction","target":{"@type":"EntryPoint","urlTemplate":"https:\/\/www.leitao-irmao.com\/?s={search_term_string}"},"query-input":{"@type":"PropertyValueSpecification","valueRequired":true,"valueName":"search_term_string"}}],"inLanguage":"en-GB"},{"@type":"Organization","@id":"https:\/\/www.leitao-irmao.com\/#organization","name":"Leit\u00e3o & Irm\u00e3o","url":"https:\/\/www.leitao-irmao.com\/","logo":{"@type":"ImageObject","inLanguage":"en-GB","@id":"https:\/\/www.leitao-irmao.com\/#\/schema\/logo\/image\/","url":"https:\/\/www.leitao-irmao.com\/wp-content\/uploads\/2022\/11\/leitaoirmao-logo.png","contentUrl":"https:\/\/www.leitao-irmao.com\/wp-content\/uploads\/2022\/11\/leitaoirmao-logo.png","width":426,"height":89,"caption":"Leit\u00e3o & Irm\u00e3o"},"image":{"@id":"https:\/\/www.leitao-irmao.com\/#\/schema\/logo\/image\/"}}]}},"_links":{"self":[{"href":"https:\/\/www.leitao-irmao.com\/en\/wp-json\/wp\/v2\/product\/28875","targetHints":{"allow":["GET"]}}],"collection":[{"href":"https:\/\/www.leitao-irmao.com\/en\/wp-json\/wp\/v2\/product"}],"about":[{"href":"https:\/\/www.leitao-irmao.com\/en\/wp-json\/wp\/v2\/types\/product"}],"version-history":[{"count":1,"href":"https:\/\/www.leitao-irmao.com\/en\/wp-json\/wp\/v2\/product\/28875\/revisions"}],"predecessor-version":[{"id":35318,"href":"https:\/\/www.leitao-irmao.com\/en\/wp-json\/wp\/v2\/product\/28875\/revisions\/35318"}],"wp:featuredmedia":[{"embeddable":true,"href":"https:\/\/www.leitao-irmao.com\/en\/wp-json\/wp\/v2\/media\/28910"}],"wp:attachment":[{"href":"https:\/\/www.leitao-irmao.com\/en\/wp-json\/wp\/v2\/media?parent=28875"}],"wp:term":[{"taxonomy":"product_brand","embeddable":true,"href":"https:\/\/www.leitao-irmao.com\/en\/wp-json\/wp\/v2\/product_brand?post=28875"},{"taxonomy":"product_cat","embeddable":true,"href":"https:\/\/www.leitao-irmao.com\/en\/wp-json\/wp\/v2\/product_cat?post=28875"},{"taxonomy":"product_tag","embeddable":true,"href":"https:\/\/www.leitao-irmao.com\/en\/wp-json\/wp\/v2\/product_tag?post=28875"}],"curies":[{"name":"wp","href":"https:\/\/api.w.org\/{rel}","templated":true}]}}