{"id":29454,"date":"2024-12-09T10:03:27","date_gmt":"2024-12-09T10:03:27","guid":{"rendered":"https:\/\/www.leitao-irmao.com\/?post_type=product&#038;p=29454"},"modified":"2026-01-28T13:32:36","modified_gmt":"2026-01-28T13:32:36","slug":"pulseira-da-sorte-mao-de-fatima-em-prata-good-luck","status":"publish","type":"product","link":"https:\/\/www.leitao-irmao.com\/en\/product\/pulseira-da-sorte-mao-de-fatima-em-prata-good-luck\/","title":{"rendered":"Lucky bracelet Hand of Fatima in silver | Good Luck"},"content":{"rendered":"","protected":false},"excerpt":{"rendered":"<p>The Hand of Fatima, also known as the Hama, is an ancient symbol that is widely recognized in various cultures.<\/p>\n<p>This hand-shaped amulet is used as a talisman to protect against the evil eye and other negative energies.  In addition to its protective function, the Hand of Fatima is also seen as a symbol of blessings, power and luck. The hand is often decorated with an eye in the center, known as the \u201call-seeing eye\u201d, which serves to ward off evil and attract positivity.<\/p>\n<p>This universal amulet reflects the human quest for security, peace and harmony.<\/p>\n<p>A geometric grid was created for widely recognizable symbols, where the symbol appears discreetly.<\/p>\n<p>To deconstruct the figurative and build a minimalist, geometric version. Jewelry to feel, not to show. Something you want for yourself and not to show off.<\/p>","protected":false},"featured_media":26519,"template":"","meta":{"_acf_changed":false},"product_brand":[],"product_cat":[131,137,228,79,141,140,135,122,87],"product_tag":[434,277,278,270,279],"class_list":{"0":"post-29454","1":"product","2":"type-product","3":"status-publish","4":"has-post-thumbnail","6":"product_cat-aniversario-de-18-anos","7":"product_cat-batizados","8":"product_cat-good-luck","9":"product_cat-joalharia","10":"product_cat-para-ela","11":"product_cat-para-ele","12":"product_cat-natal","13":"product_cat-presentes-inferiores-a-150e","14":"product_cat-pulseiras","15":"product_tag-crianca","16":"product_tag-homem","17":"product_tag-mulher","18":"product_tag-prata","19":"product_tag-unissexo","21":"first","22":"outofstock","23":"shipping-taxable","24":"product-type-simple"},"acf":[],"yoast_head":"<!-- This site is optimized with the Yoast SEO plugin v25.4 - https:\/\/yoast.com\/wordpress\/plugins\/seo\/ -->\n<title>Pulseira da sorte M\u00e3o de F\u00e1tima em prata | Good Luck | Leit\u00e3o &amp; Irm\u00e3o<\/title>\n<meta name=\"description\" content=\"Descubra a nova pulseira da sorte M\u00e3o de F\u00e1tima. A M\u00e3o de F\u00e1tima \u00e9 um amuleto universal que reflete desejos de prote\u00e7\u00e3o e bem-estar.\" \/>\n<meta name=\"robots\" content=\"index, follow, max-snippet:-1, max-image-preview:large, max-video-preview:-1\" \/>\n<link rel=\"canonical\" href=\"https:\/\/www.leitao-irmao.com\/en\/product\/pulseira-da-sorte-mao-de-fatima-em-prata-good-luck\/\" \/>\n<meta property=\"og:locale\" content=\"en_GB\" \/>\n<meta property=\"og:type\" content=\"article\" \/>\n<meta property=\"og:title\" content=\"Pulseira da sorte M\u00e3o de F\u00e1tima em prata | Good Luck | Leit\u00e3o &amp; Irm\u00e3o\" \/>\n<meta property=\"og:description\" content=\"Descubra a nova pulseira da sorte M\u00e3o de F\u00e1tima. A M\u00e3o de F\u00e1tima \u00e9 um amuleto universal que reflete desejos de prote\u00e7\u00e3o e bem-estar.\" \/>\n<meta property=\"og:url\" content=\"https:\/\/www.leitao-irmao.com\/en\/product\/pulseira-da-sorte-mao-de-fatima-em-prata-good-luck\/\" \/>\n<meta property=\"og:site_name\" content=\"Leit\u00e3o &amp; Irm\u00e3o\" \/>\n<meta property=\"article:modified_time\" content=\"2026-01-28T13:32:36+00:00\" \/>\n<meta property=\"og:image\" content=\"https:\/\/www.leitao-irmao.com\/wp-content\/uploads\/2024\/07\/0509107_pulseira-good-luck-mao-de-Fatima.jpg\" \/>\n\t<meta property=\"og:image:width\" content=\"1080\" \/>\n\t<meta property=\"og:image:height\" content=\"1080\" \/>\n\t<meta property=\"og:image:type\" content=\"image\/jpeg\" \/>\n<meta name=\"twitter:card\" content=\"summary_large_image\" \/>\n<meta name=\"twitter:label1\" content=\"Estimated reading time\" \/>\n\t<meta name=\"twitter:data1\" content=\"1 minute\" \/>\n<script type=\"application\/ld+json\" class=\"yoast-schema-graph\">{\"@context\":\"https:\/\/schema.org\",\"@graph\":[{\"@type\":\"WebPage\",\"@id\":\"https:\/\/www.leitao-irmao.com\/product\/pulseira-da-sorte-mao-de-fatima-em-prata-good-luck\/\",\"url\":\"https:\/\/www.leitao-irmao.com\/product\/pulseira-da-sorte-mao-de-fatima-em-prata-good-luck\/\",\"name\":\"Pulseira da sorte M\u00e3o de F\u00e1tima em prata | Good Luck | Leit\u00e3o &amp; Irm\u00e3o\",\"isPartOf\":{\"@id\":\"https:\/\/www.leitao-irmao.com\/#website\"},\"primaryImageOfPage\":{\"@id\":\"https:\/\/www.leitao-irmao.com\/product\/pulseira-da-sorte-mao-de-fatima-em-prata-good-luck\/#primaryimage\"},\"image\":{\"@id\":\"https:\/\/www.leitao-irmao.com\/product\/pulseira-da-sorte-mao-de-fatima-em-prata-good-luck\/#primaryimage\"},\"thumbnailUrl\":\"https:\/\/www.leitao-irmao.com\/wp-content\/uploads\/2024\/07\/0509107_pulseira-good-luck-mao-de-Fatima.jpg\",\"datePublished\":\"2024-12-09T10:03:27+00:00\",\"dateModified\":\"2026-01-28T13:32:36+00:00\",\"description\":\"Descubra a nova pulseira da sorte M\u00e3o de F\u00e1tima. A M\u00e3o de F\u00e1tima \u00e9 um amuleto universal que reflete desejos de prote\u00e7\u00e3o e bem-estar.\",\"breadcrumb\":{\"@id\":\"https:\/\/www.leitao-irmao.com\/product\/pulseira-da-sorte-mao-de-fatima-em-prata-good-luck\/#breadcrumb\"},\"inLanguage\":\"en-GB\",\"potentialAction\":[{\"@type\":\"ReadAction\",\"target\":[\"https:\/\/www.leitao-irmao.com\/product\/pulseira-da-sorte-mao-de-fatima-em-prata-good-luck\/\"]}]},{\"@type\":\"ImageObject\",\"inLanguage\":\"en-GB\",\"@id\":\"https:\/\/www.leitao-irmao.com\/product\/pulseira-da-sorte-mao-de-fatima-em-prata-good-luck\/#primaryimage\",\"url\":\"https:\/\/www.leitao-irmao.com\/wp-content\/uploads\/2024\/07\/0509107_pulseira-good-luck-mao-de-Fatima.jpg\",\"contentUrl\":\"https:\/\/www.leitao-irmao.com\/wp-content\/uploads\/2024\/07\/0509107_pulseira-good-luck-mao-de-Fatima.jpg\",\"width\":1080,\"height\":1080,\"caption\":\"pulseira da sorte, com fio lil\u00e1s e motivo circular de m\u00e3o de F\u00e1tima em prata da Leit\u00e3o & Irm\u00e3o.\"},{\"@type\":\"BreadcrumbList\",\"@id\":\"https:\/\/www.leitao-irmao.com\/product\/pulseira-da-sorte-mao-de-fatima-em-prata-good-luck\/#breadcrumb\",\"itemListElement\":[{\"@type\":\"ListItem\",\"position\":1,\"name\":\"Home\",\"item\":\"https:\/\/www.leitao-irmao.com\/\"},{\"@type\":\"ListItem\",\"position\":2,\"name\":\"Products\",\"item\":\"https:\/\/www.leitao-irmao.com\/shop\/\"},{\"@type\":\"ListItem\",\"position\":3,\"name\":\"Pulseira da sorte M\u00e3o de F\u00e1tima em prata | Good Luck\"}]},{\"@type\":\"WebSite\",\"@id\":\"https:\/\/www.leitao-irmao.com\/#website\",\"url\":\"https:\/\/www.leitao-irmao.com\/\",\"name\":\"Leit\u00e3o & Irm\u00e3o\",\"description\":\"Joalheiros desde 1822\",\"publisher\":{\"@id\":\"https:\/\/www.leitao-irmao.com\/#organization\"},\"potentialAction\":[{\"@type\":\"SearchAction\",\"target\":{\"@type\":\"EntryPoint\",\"urlTemplate\":\"https:\/\/www.leitao-irmao.com\/?s={search_term_string}\"},\"query-input\":{\"@type\":\"PropertyValueSpecification\",\"valueRequired\":true,\"valueName\":\"search_term_string\"}}],\"inLanguage\":\"en-GB\"},{\"@type\":\"Organization\",\"@id\":\"https:\/\/www.leitao-irmao.com\/#organization\",\"name\":\"Leit\u00e3o & Irm\u00e3o\",\"url\":\"https:\/\/www.leitao-irmao.com\/\",\"logo\":{\"@type\":\"ImageObject\",\"inLanguage\":\"en-GB\",\"@id\":\"https:\/\/www.leitao-irmao.com\/#\/schema\/logo\/image\/\",\"url\":\"https:\/\/www.leitao-irmao.com\/wp-content\/uploads\/2022\/11\/leitaoirmao-logo.png\",\"contentUrl\":\"https:\/\/www.leitao-irmao.com\/wp-content\/uploads\/2022\/11\/leitaoirmao-logo.png\",\"width\":426,\"height\":89,\"caption\":\"Leit\u00e3o & Irm\u00e3o\"},\"image\":{\"@id\":\"https:\/\/www.leitao-irmao.com\/#\/schema\/logo\/image\/\"}}]}<\/script>\n<!-- \/ Yoast SEO plugin. -->","yoast_head_json":{"title":"Pulseira da sorte M\u00e3o de F\u00e1tima em prata | Good Luck | Leit\u00e3o &amp; Irm\u00e3o","description":"Descubra a nova pulseira da sorte M\u00e3o de F\u00e1tima. A M\u00e3o de F\u00e1tima \u00e9 um amuleto universal que reflete desejos de prote\u00e7\u00e3o e bem-estar.","robots":{"index":"index","follow":"follow","max-snippet":"max-snippet:-1","max-image-preview":"max-image-preview:large","max-video-preview":"max-video-preview:-1"},"canonical":"https:\/\/www.leitao-irmao.com\/en\/product\/pulseira-da-sorte-mao-de-fatima-em-prata-good-luck\/","og_locale":"en_GB","og_type":"article","og_title":"Pulseira da sorte M\u00e3o de F\u00e1tima em prata | Good Luck | Leit\u00e3o &amp; Irm\u00e3o","og_description":"Descubra a nova pulseira da sorte M\u00e3o de F\u00e1tima. A M\u00e3o de F\u00e1tima \u00e9 um amuleto universal que reflete desejos de prote\u00e7\u00e3o e bem-estar.","og_url":"https:\/\/www.leitao-irmao.com\/en\/product\/pulseira-da-sorte-mao-de-fatima-em-prata-good-luck\/","og_site_name":"Leit\u00e3o &amp; Irm\u00e3o","article_modified_time":"2026-01-28T13:32:36+00:00","og_image":[{"width":1080,"height":1080,"url":"https:\/\/www.leitao-irmao.com\/wp-content\/uploads\/2024\/07\/0509107_pulseira-good-luck-mao-de-Fatima.jpg","type":"image\/jpeg"}],"twitter_card":"summary_large_image","twitter_misc":{"Estimated reading time":"1 minute"},"schema":{"@context":"https:\/\/schema.org","@graph":[{"@type":"WebPage","@id":"https:\/\/www.leitao-irmao.com\/product\/pulseira-da-sorte-mao-de-fatima-em-prata-good-luck\/","url":"https:\/\/www.leitao-irmao.com\/product\/pulseira-da-sorte-mao-de-fatima-em-prata-good-luck\/","name":"Pulseira da sorte M\u00e3o de F\u00e1tima em prata | Good Luck | Leit\u00e3o &amp; Irm\u00e3o","isPartOf":{"@id":"https:\/\/www.leitao-irmao.com\/#website"},"primaryImageOfPage":{"@id":"https:\/\/www.leitao-irmao.com\/product\/pulseira-da-sorte-mao-de-fatima-em-prata-good-luck\/#primaryimage"},"image":{"@id":"https:\/\/www.leitao-irmao.com\/product\/pulseira-da-sorte-mao-de-fatima-em-prata-good-luck\/#primaryimage"},"thumbnailUrl":"https:\/\/www.leitao-irmao.com\/wp-content\/uploads\/2024\/07\/0509107_pulseira-good-luck-mao-de-Fatima.jpg","datePublished":"2024-12-09T10:03:27+00:00","dateModified":"2026-01-28T13:32:36+00:00","description":"Descubra a nova pulseira da sorte M\u00e3o de F\u00e1tima. A M\u00e3o de F\u00e1tima \u00e9 um amuleto universal que reflete desejos de prote\u00e7\u00e3o e bem-estar.","breadcrumb":{"@id":"https:\/\/www.leitao-irmao.com\/product\/pulseira-da-sorte-mao-de-fatima-em-prata-good-luck\/#breadcrumb"},"inLanguage":"en-GB","potentialAction":[{"@type":"ReadAction","target":["https:\/\/www.leitao-irmao.com\/product\/pulseira-da-sorte-mao-de-fatima-em-prata-good-luck\/"]}]},{"@type":"ImageObject","inLanguage":"en-GB","@id":"https:\/\/www.leitao-irmao.com\/product\/pulseira-da-sorte-mao-de-fatima-em-prata-good-luck\/#primaryimage","url":"https:\/\/www.leitao-irmao.com\/wp-content\/uploads\/2024\/07\/0509107_pulseira-good-luck-mao-de-Fatima.jpg","contentUrl":"https:\/\/www.leitao-irmao.com\/wp-content\/uploads\/2024\/07\/0509107_pulseira-good-luck-mao-de-Fatima.jpg","width":1080,"height":1080,"caption":"pulseira da sorte, com fio lil\u00e1s e motivo circular de m\u00e3o de F\u00e1tima em prata da Leit\u00e3o & Irm\u00e3o."},{"@type":"BreadcrumbList","@id":"https:\/\/www.leitao-irmao.com\/product\/pulseira-da-sorte-mao-de-fatima-em-prata-good-luck\/#breadcrumb","itemListElement":[{"@type":"ListItem","position":1,"name":"Home","item":"https:\/\/www.leitao-irmao.com\/"},{"@type":"ListItem","position":2,"name":"Products","item":"https:\/\/www.leitao-irmao.com\/shop\/"},{"@type":"ListItem","position":3,"name":"Pulseira da sorte M\u00e3o de F\u00e1tima em prata | Good Luck"}]},{"@type":"WebSite","@id":"https:\/\/www.leitao-irmao.com\/#website","url":"https:\/\/www.leitao-irmao.com\/","name":"Leit\u00e3o & Irm\u00e3o","description":"Joalheiros desde 1822","publisher":{"@id":"https:\/\/www.leitao-irmao.com\/#organization"},"potentialAction":[{"@type":"SearchAction","target":{"@type":"EntryPoint","urlTemplate":"https:\/\/www.leitao-irmao.com\/?s={search_term_string}"},"query-input":{"@type":"PropertyValueSpecification","valueRequired":true,"valueName":"search_term_string"}}],"inLanguage":"en-GB"},{"@type":"Organization","@id":"https:\/\/www.leitao-irmao.com\/#organization","name":"Leit\u00e3o & Irm\u00e3o","url":"https:\/\/www.leitao-irmao.com\/","logo":{"@type":"ImageObject","inLanguage":"en-GB","@id":"https:\/\/www.leitao-irmao.com\/#\/schema\/logo\/image\/","url":"https:\/\/www.leitao-irmao.com\/wp-content\/uploads\/2022\/11\/leitaoirmao-logo.png","contentUrl":"https:\/\/www.leitao-irmao.com\/wp-content\/uploads\/2022\/11\/leitaoirmao-logo.png","width":426,"height":89,"caption":"Leit\u00e3o & Irm\u00e3o"},"image":{"@id":"https:\/\/www.leitao-irmao.com\/#\/schema\/logo\/image\/"}}]}},"_links":{"self":[{"href":"https:\/\/www.leitao-irmao.com\/en\/wp-json\/wp\/v2\/product\/29454","targetHints":{"allow":["GET"]}}],"collection":[{"href":"https:\/\/www.leitao-irmao.com\/en\/wp-json\/wp\/v2\/product"}],"about":[{"href":"https:\/\/www.leitao-irmao.com\/en\/wp-json\/wp\/v2\/types\/product"}],"version-history":[{"count":1,"href":"https:\/\/www.leitao-irmao.com\/en\/wp-json\/wp\/v2\/product\/29454\/revisions"}],"predecessor-version":[{"id":33722,"href":"https:\/\/www.leitao-irmao.com\/en\/wp-json\/wp\/v2\/product\/29454\/revisions\/33722"}],"wp:featuredmedia":[{"embeddable":true,"href":"https:\/\/www.leitao-irmao.com\/en\/wp-json\/wp\/v2\/media\/26519"}],"wp:attachment":[{"href":"https:\/\/www.leitao-irmao.com\/en\/wp-json\/wp\/v2\/media?parent=29454"}],"wp:term":[{"taxonomy":"product_brand","embeddable":true,"href":"https:\/\/www.leitao-irmao.com\/en\/wp-json\/wp\/v2\/product_brand?post=29454"},{"taxonomy":"product_cat","embeddable":true,"href":"https:\/\/www.leitao-irmao.com\/en\/wp-json\/wp\/v2\/product_cat?post=29454"},{"taxonomy":"product_tag","embeddable":true,"href":"https:\/\/www.leitao-irmao.com\/en\/wp-json\/wp\/v2\/product_tag?post=29454"}],"curies":[{"name":"wp","href":"https:\/\/api.w.org\/{rel}","templated":true}]}}