{"id":29852,"date":"2024-12-20T10:17:59","date_gmt":"2024-12-20T10:17:59","guid":{"rendered":"https:\/\/www.leitao-irmao.com\/?post_type=product&#038;p=29852"},"modified":"2026-02-20T15:52:55","modified_gmt":"2026-02-20T15:52:55","slug":"base-de-garrafa-em-prata-e-azulejo-portugues-desenho-florao-ocre","status":"publish","type":"product","link":"https:\/\/www.leitao-irmao.com\/en\/product\/base-de-garrafa-em-prata-e-azulejo-portugues-desenho-florao-ocre\/","title":{"rendered":"Bottle base in silver and Portuguese tile | Ochre flower design"},"content":{"rendered":"","protected":false},"excerpt":{"rendered":"<p><span data-sheets-value=\"{&quot;1&quot;:2,&quot;2&quot;:&quot;Apresentamos a Salva de Prata com Azulejo Portugu\u00eas da Leit\u00e3o &amp; Irm\u00e3o - uma fus\u00e3o de eleg\u00e2ncia e beleza refinada. Inspirada nos ic\u00f3nicos azulejos de Portugal, cada delicado azulejo pintado \u00e0 m\u00e3o reflete a heran\u00e7a hist\u00f3rica de Portugal e o seu meticuloso trabalho.nN\u00e3o \u00e9 apenas uma pe\u00e7a de arte da mesa deslumbrante, a Salva de Prata tem a sua funcionalidade pr\u00f3pria. Guarde as suas joias, exponha na mesa com aperitivos ou no seu toucador ou prateleira para acrescentar sofistica\u00e7\u00e3o a qualquer divis\u00e3o.nDescubra o trabalho manufaturado na Leit\u00e3o &amp; Irm\u00e3o e d\u00ea um toque de eleg\u00e2ncia \u00e0 sua casa.n&quot;}\" data-sheets-userformat=\"{&quot;2&quot;:14847,&quot;3&quot;:{&quot;1&quot;:0,&quot;3&quot;:1},&quot;4&quot;:{&quot;1&quot;:2,&quot;2&quot;:14281427},&quot;5&quot;:{&quot;1&quot;:[{&quot;1&quot;:2,&quot;2&quot;:0,&quot;5&quot;:{&quot;1&quot;:2,&quot;2&quot;:0}},{&quot;1&quot;:0,&quot;2&quot;:0,&quot;3&quot;:1},{&quot;1&quot;:1,&quot;2&quot;:0,&quot;4&quot;:1}]},&quot;6&quot;:{&quot;1&quot;:[{&quot;1&quot;:2,&quot;2&quot;:0,&quot;5&quot;:{&quot;1&quot;:2,&quot;2&quot;:0}},{&quot;1&quot;:0,&quot;2&quot;:0,&quot;3&quot;:1},{&quot;1&quot;:1,&quot;2&quot;:0,&quot;4&quot;:1}]},&quot;7&quot;:{&quot;1&quot;:[{&quot;1&quot;:2,&quot;2&quot;:0,&quot;5&quot;:{&quot;1&quot;:2,&quot;2&quot;:0}},{&quot;1&quot;:0,&quot;2&quot;:0,&quot;3&quot;:1},{&quot;1&quot;:1,&quot;2&quot;:0,&quot;4&quot;:1}]},&quot;8&quot;:{&quot;1&quot;:[{&quot;1&quot;:2,&quot;2&quot;:0,&quot;5&quot;:{&quot;1&quot;:2,&quot;2&quot;:0}},{&quot;1&quot;:0,&quot;2&quot;:0,&quot;3&quot;:1},{&quot;1&quot;:1,&quot;2&quot;:0,&quot;4&quot;:1}]},&quot;9&quot;:1,&quot;10&quot;:1,&quot;11&quot;:4,&quot;14&quot;:{&quot;1&quot;:3,&quot;3&quot;:1},&quot;15&quot;:&quot;Arial&quot;,&quot;16&quot;:10}\">Treat yourself to Leit\u00e3o &amp; Irm\u00e3o's exquisite Portuguese Tile Bottle Base - a harmonious blend of sophistication and functionality. Featuring an iconic hand-painted Portuguese tile, this wine bottle coaster mirrors the historical heritage and meticulous work of silversmiths and artists.<br \/>\nDeveloped with meticulous attention to detail, our wine bottle coasters elevate the aesthetic appeal of your bottle of wine. It adds a touch of refined beauty to the table, as well as serving as an effective solution to prevent stains on the tablecloth.<br \/>\nEmbrace the art and heritage of Portugal in your wine collection with this exquisite piece. Elevate your wine tasting experiences and impress your guests with the work of Leit\u00e3o &amp; Irm\u00e3o. Discover the perfect combination of elegance and practicality with our Portuguese Tile Bottle Base.<br \/>\n<\/span><\/p>","protected":false},"featured_media":29853,"template":"","meta":{"_acf_changed":false},"product_brand":[],"product_cat":[235,78,518,70,74,139,72],"product_tag":[270],"class_list":{"0":"post-29852","1":"product","2":"type-product","3":"status-publish","4":"has-post-thumbnail","6":"product_cat-azulejo-portugues-decoracao","7":"product_cat-bar-drinkware","8":"product_cat-bases-de-garrafa","9":"product_cat-casa-e-decoracao","10":"product_cat-decoracao","11":"product_cat-presentes-para-personalizar","12":"product_cat-tableware-and-dinnerware","13":"product_tag-prata","15":"first","16":"instock","17":"shipping-taxable","18":"purchasable","19":"product-type-simple"},"acf":[],"yoast_head":"<!-- This site is optimized with the Yoast SEO plugin v25.4 - https:\/\/yoast.com\/wordpress\/plugins\/seo\/ -->\n<title>base de garrafa azulejo portugu\u00eas e prata | Leit\u00e3o &amp; IR Jewellers<\/title>\n<meta name=\"description\" content=\"Delicie-se com a requintada Base de Garrafa em Azulejo Portugu\u00eas da Leit\u00e3o &amp; Irm\u00e3o - uma mistura harmoniosa de sofistica\u00e7\u00e3o e funcionalidade.\" \/>\n<meta name=\"robots\" content=\"index, follow, max-snippet:-1, max-image-preview:large, max-video-preview:-1\" \/>\n<link rel=\"canonical\" href=\"https:\/\/www.leitao-irmao.com\/en\/product\/base-de-garrafa-em-prata-e-azulejo-portugues-desenho-florao-ocre\/\" \/>\n<meta property=\"og:locale\" content=\"en_GB\" \/>\n<meta property=\"og:type\" content=\"article\" \/>\n<meta property=\"og:title\" content=\"base de garrafa azulejo portugu\u00eas e prata | Leit\u00e3o &amp; IR Jewellers\" \/>\n<meta property=\"og:description\" content=\"Delicie-se com a requintada Base de Garrafa em Azulejo Portugu\u00eas da Leit\u00e3o &amp; Irm\u00e3o - uma mistura harmoniosa de sofistica\u00e7\u00e3o e funcionalidade.\" \/>\n<meta property=\"og:url\" content=\"https:\/\/www.leitao-irmao.com\/en\/product\/base-de-garrafa-em-prata-e-azulejo-portugues-desenho-florao-ocre\/\" \/>\n<meta property=\"og:site_name\" content=\"Leit\u00e3o &amp; Irm\u00e3o\" \/>\n<meta property=\"article:modified_time\" content=\"2026-02-20T15:52:55+00:00\" \/>\n<meta property=\"og:image\" content=\"https:\/\/www.leitao-irmao.com\/wp-content\/uploads\/2024\/12\/0801486-Florao-Ocre.jpg\" \/>\n\t<meta property=\"og:image:width\" content=\"1080\" \/>\n\t<meta property=\"og:image:height\" content=\"1080\" \/>\n\t<meta property=\"og:image:type\" content=\"image\/jpeg\" \/>\n<meta name=\"twitter:card\" content=\"summary_large_image\" \/>\n<meta name=\"twitter:label1\" content=\"Estimated reading time\" \/>\n\t<meta name=\"twitter:data1\" content=\"1 minute\" \/>\n<script type=\"application\/ld+json\" class=\"yoast-schema-graph\">{\"@context\":\"https:\/\/schema.org\",\"@graph\":[{\"@type\":\"WebPage\",\"@id\":\"https:\/\/www.leitao-irmao.com\/product\/base-de-garrafa-em-prata-e-azulejo-portugues-desenho-florao-ocre\/\",\"url\":\"https:\/\/www.leitao-irmao.com\/product\/base-de-garrafa-em-prata-e-azulejo-portugues-desenho-florao-ocre\/\",\"name\":\"base de garrafa azulejo portugu\u00eas e prata | Leit\u00e3o & IR Jewellers\",\"isPartOf\":{\"@id\":\"https:\/\/www.leitao-irmao.com\/#website\"},\"primaryImageOfPage\":{\"@id\":\"https:\/\/www.leitao-irmao.com\/product\/base-de-garrafa-em-prata-e-azulejo-portugues-desenho-florao-ocre\/#primaryimage\"},\"image\":{\"@id\":\"https:\/\/www.leitao-irmao.com\/product\/base-de-garrafa-em-prata-e-azulejo-portugues-desenho-florao-ocre\/#primaryimage\"},\"thumbnailUrl\":\"https:\/\/www.leitao-irmao.com\/wp-content\/uploads\/2024\/12\/0801486-Florao-Ocre.jpg\",\"datePublished\":\"2024-12-20T10:17:59+00:00\",\"dateModified\":\"2026-02-20T15:52:55+00:00\",\"description\":\"Delicie-se com a requintada Base de Garrafa em Azulejo Portugu\u00eas da Leit\u00e3o & Irm\u00e3o - uma mistura harmoniosa de sofistica\u00e7\u00e3o e funcionalidade.\",\"breadcrumb\":{\"@id\":\"https:\/\/www.leitao-irmao.com\/product\/base-de-garrafa-em-prata-e-azulejo-portugues-desenho-florao-ocre\/#breadcrumb\"},\"inLanguage\":\"en-GB\",\"potentialAction\":[{\"@type\":\"ReadAction\",\"target\":[\"https:\/\/www.leitao-irmao.com\/product\/base-de-garrafa-em-prata-e-azulejo-portugues-desenho-florao-ocre\/\"]}]},{\"@type\":\"ImageObject\",\"inLanguage\":\"en-GB\",\"@id\":\"https:\/\/www.leitao-irmao.com\/product\/base-de-garrafa-em-prata-e-azulejo-portugues-desenho-florao-ocre\/#primaryimage\",\"url\":\"https:\/\/www.leitao-irmao.com\/wp-content\/uploads\/2024\/12\/0801486-Florao-Ocre.jpg\",\"contentUrl\":\"https:\/\/www.leitao-irmao.com\/wp-content\/uploads\/2024\/12\/0801486-Florao-Ocre.jpg\",\"width\":1080,\"height\":1080},{\"@type\":\"BreadcrumbList\",\"@id\":\"https:\/\/www.leitao-irmao.com\/product\/base-de-garrafa-em-prata-e-azulejo-portugues-desenho-florao-ocre\/#breadcrumb\",\"itemListElement\":[{\"@type\":\"ListItem\",\"position\":1,\"name\":\"Home\",\"item\":\"https:\/\/www.leitao-irmao.com\/\"},{\"@type\":\"ListItem\",\"position\":2,\"name\":\"Products\",\"item\":\"https:\/\/www.leitao-irmao.com\/shop\/\"},{\"@type\":\"ListItem\",\"position\":3,\"name\":\"Base de Garrafa em prata e Azulejo Portugu\u00eas | Desenho Flor\u00e3o Ocre\"}]},{\"@type\":\"WebSite\",\"@id\":\"https:\/\/www.leitao-irmao.com\/#website\",\"url\":\"https:\/\/www.leitao-irmao.com\/\",\"name\":\"Leit\u00e3o & Irm\u00e3o\",\"description\":\"Joalheiros desde 1822\",\"publisher\":{\"@id\":\"https:\/\/www.leitao-irmao.com\/#organization\"},\"potentialAction\":[{\"@type\":\"SearchAction\",\"target\":{\"@type\":\"EntryPoint\",\"urlTemplate\":\"https:\/\/www.leitao-irmao.com\/?s={search_term_string}\"},\"query-input\":{\"@type\":\"PropertyValueSpecification\",\"valueRequired\":true,\"valueName\":\"search_term_string\"}}],\"inLanguage\":\"en-GB\"},{\"@type\":\"Organization\",\"@id\":\"https:\/\/www.leitao-irmao.com\/#organization\",\"name\":\"Leit\u00e3o & Irm\u00e3o\",\"url\":\"https:\/\/www.leitao-irmao.com\/\",\"logo\":{\"@type\":\"ImageObject\",\"inLanguage\":\"en-GB\",\"@id\":\"https:\/\/www.leitao-irmao.com\/#\/schema\/logo\/image\/\",\"url\":\"https:\/\/www.leitao-irmao.com\/wp-content\/uploads\/2022\/11\/leitaoirmao-logo.png\",\"contentUrl\":\"https:\/\/www.leitao-irmao.com\/wp-content\/uploads\/2022\/11\/leitaoirmao-logo.png\",\"width\":426,\"height\":89,\"caption\":\"Leit\u00e3o & Irm\u00e3o\"},\"image\":{\"@id\":\"https:\/\/www.leitao-irmao.com\/#\/schema\/logo\/image\/\"}}]}<\/script>\n<!-- \/ Yoast SEO plugin. -->","yoast_head_json":{"title":"base de garrafa azulejo portugu\u00eas e prata | Leit\u00e3o & IR Jewellers","description":"Delicie-se com a requintada Base de Garrafa em Azulejo Portugu\u00eas da Leit\u00e3o & Irm\u00e3o - uma mistura harmoniosa de sofistica\u00e7\u00e3o e funcionalidade.","robots":{"index":"index","follow":"follow","max-snippet":"max-snippet:-1","max-image-preview":"max-image-preview:large","max-video-preview":"max-video-preview:-1"},"canonical":"https:\/\/www.leitao-irmao.com\/en\/product\/base-de-garrafa-em-prata-e-azulejo-portugues-desenho-florao-ocre\/","og_locale":"en_GB","og_type":"article","og_title":"base de garrafa azulejo portugu\u00eas e prata | Leit\u00e3o & IR Jewellers","og_description":"Delicie-se com a requintada Base de Garrafa em Azulejo Portugu\u00eas da Leit\u00e3o & Irm\u00e3o - uma mistura harmoniosa de sofistica\u00e7\u00e3o e funcionalidade.","og_url":"https:\/\/www.leitao-irmao.com\/en\/product\/base-de-garrafa-em-prata-e-azulejo-portugues-desenho-florao-ocre\/","og_site_name":"Leit\u00e3o &amp; Irm\u00e3o","article_modified_time":"2026-02-20T15:52:55+00:00","og_image":[{"width":1080,"height":1080,"url":"https:\/\/www.leitao-irmao.com\/wp-content\/uploads\/2024\/12\/0801486-Florao-Ocre.jpg","type":"image\/jpeg"}],"twitter_card":"summary_large_image","twitter_misc":{"Estimated reading time":"1 minute"},"schema":{"@context":"https:\/\/schema.org","@graph":[{"@type":"WebPage","@id":"https:\/\/www.leitao-irmao.com\/product\/base-de-garrafa-em-prata-e-azulejo-portugues-desenho-florao-ocre\/","url":"https:\/\/www.leitao-irmao.com\/product\/base-de-garrafa-em-prata-e-azulejo-portugues-desenho-florao-ocre\/","name":"base de garrafa azulejo portugu\u00eas e prata | Leit\u00e3o & IR Jewellers","isPartOf":{"@id":"https:\/\/www.leitao-irmao.com\/#website"},"primaryImageOfPage":{"@id":"https:\/\/www.leitao-irmao.com\/product\/base-de-garrafa-em-prata-e-azulejo-portugues-desenho-florao-ocre\/#primaryimage"},"image":{"@id":"https:\/\/www.leitao-irmao.com\/product\/base-de-garrafa-em-prata-e-azulejo-portugues-desenho-florao-ocre\/#primaryimage"},"thumbnailUrl":"https:\/\/www.leitao-irmao.com\/wp-content\/uploads\/2024\/12\/0801486-Florao-Ocre.jpg","datePublished":"2024-12-20T10:17:59+00:00","dateModified":"2026-02-20T15:52:55+00:00","description":"Delicie-se com a requintada Base de Garrafa em Azulejo Portugu\u00eas da Leit\u00e3o & Irm\u00e3o - uma mistura harmoniosa de sofistica\u00e7\u00e3o e funcionalidade.","breadcrumb":{"@id":"https:\/\/www.leitao-irmao.com\/product\/base-de-garrafa-em-prata-e-azulejo-portugues-desenho-florao-ocre\/#breadcrumb"},"inLanguage":"en-GB","potentialAction":[{"@type":"ReadAction","target":["https:\/\/www.leitao-irmao.com\/product\/base-de-garrafa-em-prata-e-azulejo-portugues-desenho-florao-ocre\/"]}]},{"@type":"ImageObject","inLanguage":"en-GB","@id":"https:\/\/www.leitao-irmao.com\/product\/base-de-garrafa-em-prata-e-azulejo-portugues-desenho-florao-ocre\/#primaryimage","url":"https:\/\/www.leitao-irmao.com\/wp-content\/uploads\/2024\/12\/0801486-Florao-Ocre.jpg","contentUrl":"https:\/\/www.leitao-irmao.com\/wp-content\/uploads\/2024\/12\/0801486-Florao-Ocre.jpg","width":1080,"height":1080},{"@type":"BreadcrumbList","@id":"https:\/\/www.leitao-irmao.com\/product\/base-de-garrafa-em-prata-e-azulejo-portugues-desenho-florao-ocre\/#breadcrumb","itemListElement":[{"@type":"ListItem","position":1,"name":"Home","item":"https:\/\/www.leitao-irmao.com\/"},{"@type":"ListItem","position":2,"name":"Products","item":"https:\/\/www.leitao-irmao.com\/shop\/"},{"@type":"ListItem","position":3,"name":"Base de Garrafa em prata e Azulejo Portugu\u00eas | Desenho Flor\u00e3o Ocre"}]},{"@type":"WebSite","@id":"https:\/\/www.leitao-irmao.com\/#website","url":"https:\/\/www.leitao-irmao.com\/","name":"Leit\u00e3o & Irm\u00e3o","description":"Joalheiros desde 1822","publisher":{"@id":"https:\/\/www.leitao-irmao.com\/#organization"},"potentialAction":[{"@type":"SearchAction","target":{"@type":"EntryPoint","urlTemplate":"https:\/\/www.leitao-irmao.com\/?s={search_term_string}"},"query-input":{"@type":"PropertyValueSpecification","valueRequired":true,"valueName":"search_term_string"}}],"inLanguage":"en-GB"},{"@type":"Organization","@id":"https:\/\/www.leitao-irmao.com\/#organization","name":"Leit\u00e3o & Irm\u00e3o","url":"https:\/\/www.leitao-irmao.com\/","logo":{"@type":"ImageObject","inLanguage":"en-GB","@id":"https:\/\/www.leitao-irmao.com\/#\/schema\/logo\/image\/","url":"https:\/\/www.leitao-irmao.com\/wp-content\/uploads\/2022\/11\/leitaoirmao-logo.png","contentUrl":"https:\/\/www.leitao-irmao.com\/wp-content\/uploads\/2022\/11\/leitaoirmao-logo.png","width":426,"height":89,"caption":"Leit\u00e3o & Irm\u00e3o"},"image":{"@id":"https:\/\/www.leitao-irmao.com\/#\/schema\/logo\/image\/"}}]}},"_links":{"self":[{"href":"https:\/\/www.leitao-irmao.com\/en\/wp-json\/wp\/v2\/product\/29852","targetHints":{"allow":["GET"]}}],"collection":[{"href":"https:\/\/www.leitao-irmao.com\/en\/wp-json\/wp\/v2\/product"}],"about":[{"href":"https:\/\/www.leitao-irmao.com\/en\/wp-json\/wp\/v2\/types\/product"}],"version-history":[{"count":1,"href":"https:\/\/www.leitao-irmao.com\/en\/wp-json\/wp\/v2\/product\/29852\/revisions"}],"predecessor-version":[{"id":33015,"href":"https:\/\/www.leitao-irmao.com\/en\/wp-json\/wp\/v2\/product\/29852\/revisions\/33015"}],"wp:featuredmedia":[{"embeddable":true,"href":"https:\/\/www.leitao-irmao.com\/en\/wp-json\/wp\/v2\/media\/29853"}],"wp:attachment":[{"href":"https:\/\/www.leitao-irmao.com\/en\/wp-json\/wp\/v2\/media?parent=29852"}],"wp:term":[{"taxonomy":"product_brand","embeddable":true,"href":"https:\/\/www.leitao-irmao.com\/en\/wp-json\/wp\/v2\/product_brand?post=29852"},{"taxonomy":"product_cat","embeddable":true,"href":"https:\/\/www.leitao-irmao.com\/en\/wp-json\/wp\/v2\/product_cat?post=29852"},{"taxonomy":"product_tag","embeddable":true,"href":"https:\/\/www.leitao-irmao.com\/en\/wp-json\/wp\/v2\/product_tag?post=29852"}],"curies":[{"name":"wp","href":"https:\/\/api.w.org\/{rel}","templated":true}]}}