{"id":30605,"date":"2025-04-17T10:00:10","date_gmt":"2025-04-17T09:00:10","guid":{"rendered":"https:\/\/www.leitao-irmao.com\/?post_type=product&#038;p=30605"},"modified":"2026-03-19T14:41:15","modified_gmt":"2026-03-19T14:41:15","slug":"fio-e-pendente-em-ouro-amarelo-e-diamantes-delirio","status":"publish","type":"product","link":"https:\/\/www.leitao-irmao.com\/en\/product\/fio-e-pendente-em-ouro-amarelo-e-diamantes-delirio\/","title":{"rendered":"Wire and pendant in yellow gold and diamonds | DeL\u00edrio"},"content":{"rendered":"","protected":false},"excerpt":{"rendered":"<p>Passion is an ambiguity of sensations that transports us in seconds<\/p>\n<p>from the purest and most delicate Lily to the madness of a delirium.<\/p>\n<p>The  deL\u00edrio collection represents the sensations transmitted by a piece of jewelry.<\/p>\n<p>A jewel that makes the wearer feel the purity and strength of passion.<\/p>\n<p>&nbsp;<\/p>","protected":false},"featured_media":30621,"template":"","meta":{"_acf_changed":false},"product_brand":[],"product_cat":[131,84,654,121,79,133,141,126,496],"product_tag":[275,278,323,271],"class_list":{"0":"post-30605","1":"product","2":"type-product","3":"status-publish","4":"has-post-thumbnail","6":"product_cat-aniversario-de-18-anos","7":"product_cat-fios-e-colares-joalharia-portuguesa-leitao-irmao","8":"product_cat-delirio","9":"product_cat-gifts","10":"product_cat-joalharia","11":"product_cat-mae","12":"product_cat-para-ela","13":"product_cat-presentes-entre-2500e-a-5000e","14":"product_cat-sem-desconto","15":"product_tag-diamantes","16":"product_tag-mulher","17":"product_tag-novidades","18":"product_tag-ouro","20":"first","21":"instock","22":"shipping-taxable","23":"purchasable","24":"product-type-simple"},"acf":[],"yoast_head":"<!-- This site is optimized with the Yoast SEO plugin v25.4 - https:\/\/yoast.com\/wordpress\/plugins\/seo\/ -->\n<title>Fio e pendente em ouro amarelo e diamantes | DeL\u00edrio | Leit\u00e3o &amp; Irm\u00e3o<\/title>\n<meta name=\"description\" content=\"A cole\u00e7\u00e3o deL\u00edrio, representa as sensa\u00e7\u00f5es transmitidas por uma joia. Uma joia que faz quem a usa sentir a pureza e a for\u00e7a da paix\u00e3o.\" \/>\n<meta name=\"robots\" content=\"index, follow, max-snippet:-1, max-image-preview:large, max-video-preview:-1\" \/>\n<link rel=\"canonical\" href=\"https:\/\/www.leitao-irmao.com\/en\/product\/fio-e-pendente-em-ouro-amarelo-e-diamantes-delirio\/\" \/>\n<meta property=\"og:locale\" content=\"en_GB\" \/>\n<meta property=\"og:type\" content=\"article\" \/>\n<meta property=\"og:title\" content=\"Fio e pendente em ouro amarelo e diamantes | DeL\u00edrio | Leit\u00e3o &amp; Irm\u00e3o\" \/>\n<meta property=\"og:description\" content=\"A cole\u00e7\u00e3o deL\u00edrio, representa as sensa\u00e7\u00f5es transmitidas por uma joia. Uma joia que faz quem a usa sentir a pureza e a for\u00e7a da paix\u00e3o.\" \/>\n<meta property=\"og:url\" content=\"https:\/\/www.leitao-irmao.com\/en\/product\/fio-e-pendente-em-ouro-amarelo-e-diamantes-delirio\/\" \/>\n<meta property=\"og:site_name\" content=\"Leit\u00e3o &amp; Irm\u00e3o\" \/>\n<meta property=\"article:modified_time\" content=\"2026-03-19T14:41:15+00:00\" \/>\n<meta property=\"og:image\" content=\"https:\/\/www.leitao-irmao.com\/wp-content\/uploads\/2025\/02\/pendente_delirio_au_amarelo_bts_0208307.jpg\" \/>\n\t<meta property=\"og:image:width\" content=\"1080\" \/>\n\t<meta property=\"og:image:height\" content=\"1080\" \/>\n\t<meta property=\"og:image:type\" content=\"image\/jpeg\" \/>\n<meta name=\"twitter:card\" content=\"summary_large_image\" \/>\n<meta name=\"twitter:label1\" content=\"Estimated reading time\" \/>\n\t<meta name=\"twitter:data1\" content=\"1 minute\" \/>\n<script type=\"application\/ld+json\" class=\"yoast-schema-graph\">{\"@context\":\"https:\/\/schema.org\",\"@graph\":[{\"@type\":\"WebPage\",\"@id\":\"https:\/\/www.leitao-irmao.com\/product\/fio-e-pendente-em-ouro-amarelo-e-diamantes-delirio\/\",\"url\":\"https:\/\/www.leitao-irmao.com\/product\/fio-e-pendente-em-ouro-amarelo-e-diamantes-delirio\/\",\"name\":\"Fio e pendente em ouro amarelo e diamantes | DeL\u00edrio | Leit\u00e3o &amp; Irm\u00e3o\",\"isPartOf\":{\"@id\":\"https:\/\/www.leitao-irmao.com\/#website\"},\"primaryImageOfPage\":{\"@id\":\"https:\/\/www.leitao-irmao.com\/product\/fio-e-pendente-em-ouro-amarelo-e-diamantes-delirio\/#primaryimage\"},\"image\":{\"@id\":\"https:\/\/www.leitao-irmao.com\/product\/fio-e-pendente-em-ouro-amarelo-e-diamantes-delirio\/#primaryimage\"},\"thumbnailUrl\":\"https:\/\/www.leitao-irmao.com\/wp-content\/uploads\/2025\/02\/pendente_delirio_au_amarelo_bts_0208307.jpg\",\"datePublished\":\"2025-04-17T09:00:10+00:00\",\"dateModified\":\"2026-03-19T14:41:15+00:00\",\"description\":\"A cole\u00e7\u00e3o deL\u00edrio, representa as sensa\u00e7\u00f5es transmitidas por uma joia. Uma joia que faz quem a usa sentir a pureza e a for\u00e7a da paix\u00e3o.\",\"breadcrumb\":{\"@id\":\"https:\/\/www.leitao-irmao.com\/product\/fio-e-pendente-em-ouro-amarelo-e-diamantes-delirio\/#breadcrumb\"},\"inLanguage\":\"en-GB\",\"potentialAction\":[{\"@type\":\"ReadAction\",\"target\":[\"https:\/\/www.leitao-irmao.com\/product\/fio-e-pendente-em-ouro-amarelo-e-diamantes-delirio\/\"]}]},{\"@type\":\"ImageObject\",\"inLanguage\":\"en-GB\",\"@id\":\"https:\/\/www.leitao-irmao.com\/product\/fio-e-pendente-em-ouro-amarelo-e-diamantes-delirio\/#primaryimage\",\"url\":\"https:\/\/www.leitao-irmao.com\/wp-content\/uploads\/2025\/02\/pendente_delirio_au_amarelo_bts_0208307.jpg\",\"contentUrl\":\"https:\/\/www.leitao-irmao.com\/wp-content\/uploads\/2025\/02\/pendente_delirio_au_amarelo_bts_0208307.jpg\",\"width\":1080,\"height\":1080},{\"@type\":\"BreadcrumbList\",\"@id\":\"https:\/\/www.leitao-irmao.com\/product\/fio-e-pendente-em-ouro-amarelo-e-diamantes-delirio\/#breadcrumb\",\"itemListElement\":[{\"@type\":\"ListItem\",\"position\":1,\"name\":\"Home\",\"item\":\"https:\/\/www.leitao-irmao.com\/\"},{\"@type\":\"ListItem\",\"position\":2,\"name\":\"Products\",\"item\":\"https:\/\/www.leitao-irmao.com\/shop\/\"},{\"@type\":\"ListItem\",\"position\":3,\"name\":\"Fio e pendente em ouro amarelo e diamantes | DeL\u00edrio\"}]},{\"@type\":\"WebSite\",\"@id\":\"https:\/\/www.leitao-irmao.com\/#website\",\"url\":\"https:\/\/www.leitao-irmao.com\/\",\"name\":\"Leit\u00e3o & Irm\u00e3o\",\"description\":\"Joalheiros desde 1822\",\"publisher\":{\"@id\":\"https:\/\/www.leitao-irmao.com\/#organization\"},\"potentialAction\":[{\"@type\":\"SearchAction\",\"target\":{\"@type\":\"EntryPoint\",\"urlTemplate\":\"https:\/\/www.leitao-irmao.com\/?s={search_term_string}\"},\"query-input\":{\"@type\":\"PropertyValueSpecification\",\"valueRequired\":true,\"valueName\":\"search_term_string\"}}],\"inLanguage\":\"en-GB\"},{\"@type\":\"Organization\",\"@id\":\"https:\/\/www.leitao-irmao.com\/#organization\",\"name\":\"Leit\u00e3o & Irm\u00e3o\",\"url\":\"https:\/\/www.leitao-irmao.com\/\",\"logo\":{\"@type\":\"ImageObject\",\"inLanguage\":\"en-GB\",\"@id\":\"https:\/\/www.leitao-irmao.com\/#\/schema\/logo\/image\/\",\"url\":\"https:\/\/www.leitao-irmao.com\/wp-content\/uploads\/2022\/11\/leitaoirmao-logo.png\",\"contentUrl\":\"https:\/\/www.leitao-irmao.com\/wp-content\/uploads\/2022\/11\/leitaoirmao-logo.png\",\"width\":426,\"height\":89,\"caption\":\"Leit\u00e3o & Irm\u00e3o\"},\"image\":{\"@id\":\"https:\/\/www.leitao-irmao.com\/#\/schema\/logo\/image\/\"}}]}<\/script>\n<!-- \/ Yoast SEO plugin. -->","yoast_head_json":{"title":"Fio e pendente em ouro amarelo e diamantes | DeL\u00edrio | Leit\u00e3o &amp; Irm\u00e3o","description":"A cole\u00e7\u00e3o deL\u00edrio, representa as sensa\u00e7\u00f5es transmitidas por uma joia. Uma joia que faz quem a usa sentir a pureza e a for\u00e7a da paix\u00e3o.","robots":{"index":"index","follow":"follow","max-snippet":"max-snippet:-1","max-image-preview":"max-image-preview:large","max-video-preview":"max-video-preview:-1"},"canonical":"https:\/\/www.leitao-irmao.com\/en\/product\/fio-e-pendente-em-ouro-amarelo-e-diamantes-delirio\/","og_locale":"en_GB","og_type":"article","og_title":"Fio e pendente em ouro amarelo e diamantes | DeL\u00edrio | Leit\u00e3o &amp; Irm\u00e3o","og_description":"A cole\u00e7\u00e3o deL\u00edrio, representa as sensa\u00e7\u00f5es transmitidas por uma joia. Uma joia que faz quem a usa sentir a pureza e a for\u00e7a da paix\u00e3o.","og_url":"https:\/\/www.leitao-irmao.com\/en\/product\/fio-e-pendente-em-ouro-amarelo-e-diamantes-delirio\/","og_site_name":"Leit\u00e3o &amp; Irm\u00e3o","article_modified_time":"2026-03-19T14:41:15+00:00","og_image":[{"width":1080,"height":1080,"url":"https:\/\/www.leitao-irmao.com\/wp-content\/uploads\/2025\/02\/pendente_delirio_au_amarelo_bts_0208307.jpg","type":"image\/jpeg"}],"twitter_card":"summary_large_image","twitter_misc":{"Estimated reading time":"1 minute"},"schema":{"@context":"https:\/\/schema.org","@graph":[{"@type":"WebPage","@id":"https:\/\/www.leitao-irmao.com\/product\/fio-e-pendente-em-ouro-amarelo-e-diamantes-delirio\/","url":"https:\/\/www.leitao-irmao.com\/product\/fio-e-pendente-em-ouro-amarelo-e-diamantes-delirio\/","name":"Fio e pendente em ouro amarelo e diamantes | DeL\u00edrio | Leit\u00e3o &amp; Irm\u00e3o","isPartOf":{"@id":"https:\/\/www.leitao-irmao.com\/#website"},"primaryImageOfPage":{"@id":"https:\/\/www.leitao-irmao.com\/product\/fio-e-pendente-em-ouro-amarelo-e-diamantes-delirio\/#primaryimage"},"image":{"@id":"https:\/\/www.leitao-irmao.com\/product\/fio-e-pendente-em-ouro-amarelo-e-diamantes-delirio\/#primaryimage"},"thumbnailUrl":"https:\/\/www.leitao-irmao.com\/wp-content\/uploads\/2025\/02\/pendente_delirio_au_amarelo_bts_0208307.jpg","datePublished":"2025-04-17T09:00:10+00:00","dateModified":"2026-03-19T14:41:15+00:00","description":"A cole\u00e7\u00e3o deL\u00edrio, representa as sensa\u00e7\u00f5es transmitidas por uma joia. Uma joia que faz quem a usa sentir a pureza e a for\u00e7a da paix\u00e3o.","breadcrumb":{"@id":"https:\/\/www.leitao-irmao.com\/product\/fio-e-pendente-em-ouro-amarelo-e-diamantes-delirio\/#breadcrumb"},"inLanguage":"en-GB","potentialAction":[{"@type":"ReadAction","target":["https:\/\/www.leitao-irmao.com\/product\/fio-e-pendente-em-ouro-amarelo-e-diamantes-delirio\/"]}]},{"@type":"ImageObject","inLanguage":"en-GB","@id":"https:\/\/www.leitao-irmao.com\/product\/fio-e-pendente-em-ouro-amarelo-e-diamantes-delirio\/#primaryimage","url":"https:\/\/www.leitao-irmao.com\/wp-content\/uploads\/2025\/02\/pendente_delirio_au_amarelo_bts_0208307.jpg","contentUrl":"https:\/\/www.leitao-irmao.com\/wp-content\/uploads\/2025\/02\/pendente_delirio_au_amarelo_bts_0208307.jpg","width":1080,"height":1080},{"@type":"BreadcrumbList","@id":"https:\/\/www.leitao-irmao.com\/product\/fio-e-pendente-em-ouro-amarelo-e-diamantes-delirio\/#breadcrumb","itemListElement":[{"@type":"ListItem","position":1,"name":"Home","item":"https:\/\/www.leitao-irmao.com\/"},{"@type":"ListItem","position":2,"name":"Products","item":"https:\/\/www.leitao-irmao.com\/shop\/"},{"@type":"ListItem","position":3,"name":"Fio e pendente em ouro amarelo e diamantes | DeL\u00edrio"}]},{"@type":"WebSite","@id":"https:\/\/www.leitao-irmao.com\/#website","url":"https:\/\/www.leitao-irmao.com\/","name":"Leit\u00e3o & Irm\u00e3o","description":"Joalheiros desde 1822","publisher":{"@id":"https:\/\/www.leitao-irmao.com\/#organization"},"potentialAction":[{"@type":"SearchAction","target":{"@type":"EntryPoint","urlTemplate":"https:\/\/www.leitao-irmao.com\/?s={search_term_string}"},"query-input":{"@type":"PropertyValueSpecification","valueRequired":true,"valueName":"search_term_string"}}],"inLanguage":"en-GB"},{"@type":"Organization","@id":"https:\/\/www.leitao-irmao.com\/#organization","name":"Leit\u00e3o & Irm\u00e3o","url":"https:\/\/www.leitao-irmao.com\/","logo":{"@type":"ImageObject","inLanguage":"en-GB","@id":"https:\/\/www.leitao-irmao.com\/#\/schema\/logo\/image\/","url":"https:\/\/www.leitao-irmao.com\/wp-content\/uploads\/2022\/11\/leitaoirmao-logo.png","contentUrl":"https:\/\/www.leitao-irmao.com\/wp-content\/uploads\/2022\/11\/leitaoirmao-logo.png","width":426,"height":89,"caption":"Leit\u00e3o & Irm\u00e3o"},"image":{"@id":"https:\/\/www.leitao-irmao.com\/#\/schema\/logo\/image\/"}}]}},"_links":{"self":[{"href":"https:\/\/www.leitao-irmao.com\/en\/wp-json\/wp\/v2\/product\/30605","targetHints":{"allow":["GET"]}}],"collection":[{"href":"https:\/\/www.leitao-irmao.com\/en\/wp-json\/wp\/v2\/product"}],"about":[{"href":"https:\/\/www.leitao-irmao.com\/en\/wp-json\/wp\/v2\/types\/product"}],"version-history":[{"count":1,"href":"https:\/\/www.leitao-irmao.com\/en\/wp-json\/wp\/v2\/product\/30605\/revisions"}],"predecessor-version":[{"id":37557,"href":"https:\/\/www.leitao-irmao.com\/en\/wp-json\/wp\/v2\/product\/30605\/revisions\/37557"}],"wp:featuredmedia":[{"embeddable":true,"href":"https:\/\/www.leitao-irmao.com\/en\/wp-json\/wp\/v2\/media\/30621"}],"wp:attachment":[{"href":"https:\/\/www.leitao-irmao.com\/en\/wp-json\/wp\/v2\/media?parent=30605"}],"wp:term":[{"taxonomy":"product_brand","embeddable":true,"href":"https:\/\/www.leitao-irmao.com\/en\/wp-json\/wp\/v2\/product_brand?post=30605"},{"taxonomy":"product_cat","embeddable":true,"href":"https:\/\/www.leitao-irmao.com\/en\/wp-json\/wp\/v2\/product_cat?post=30605"},{"taxonomy":"product_tag","embeddable":true,"href":"https:\/\/www.leitao-irmao.com\/en\/wp-json\/wp\/v2\/product_tag?post=30605"}],"curies":[{"name":"wp","href":"https:\/\/api.w.org\/{rel}","templated":true}]}}