{"id":30971,"date":"2025-04-01T00:00:15","date_gmt":"2025-03-31T23:00:15","guid":{"rendered":"https:\/\/www.leitao-irmao.com\/?post_type=product&#038;p=30971"},"modified":"2026-03-25T16:35:44","modified_gmt":"2026-03-25T16:35:44","slug":"ovo-cosmos-em-prata-edicao-2025","status":"publish","type":"product","link":"https:\/\/www.leitao-irmao.com\/en\/product\/ovo-cosmos-em-prata-edicao-2025\/","title":{"rendered":"Cosmos egg in silver - Edition 2025"},"content":{"rendered":"","protected":false},"excerpt":{"rendered":"<p>Every year Leit\u00e3o &amp; Irm\u00e3o launches a new chiseled silver egg to enrich its collection.<\/p>\n<p>This year, designer and illustrator Carolina Branco was invited to help the collection grow in creative and aesthetic variety.<\/p>\n<p><strong><em>Omne vivum ex ovo | All life comes from an egg<\/em><\/strong><\/p>\n<p>Inside an egg is the potential for a new existence. An element as small as it is powerful carries within it our greatest wealth: life.<\/p>\n<p>The universe (cosmos) is the beginning of life, it is our first egg: creation, renewal, eternity.<\/p>\n<p><strong>The Universe inside an egg. Or an egg inside the Universe?<\/strong><\/p>\n<p>&nbsp;<\/p>","protected":false},"featured_media":31074,"template":"","meta":{"_acf_changed":false},"product_brand":[],"product_cat":[70,74,384,136,123],"product_tag":[323,270],"class_list":{"0":"post-30971","1":"product","2":"type-product","3":"status-publish","4":"has-post-thumbnail","6":"product_cat-casa-e-decoracao","7":"product_cat-decoracao","8":"product_cat-ovos-em-prata","9":"product_cat-pascoa","10":"product_cat-presentes-entre-150e-a-500e","11":"product_tag-novidades","12":"product_tag-prata","14":"first","15":"outofstock","16":"shipping-taxable","17":"product-type-simple"},"acf":[],"yoast_head":"<!-- This site is optimized with the Yoast SEO plugin v25.4 - https:\/\/yoast.com\/wordpress\/plugins\/seo\/ -->\n<title>Leit\u00e3o &amp; Irm\u00e3o | Ovo Cosmos em prata - Edi\u00e7\u00e3o 2025<\/title>\n<meta name=\"description\" content=\"Apresentamos o Ovo cosmos edi\u00e7\u00e3o de 2025 em prata. O universo (cosmos) \u00e9 o in\u00edcio da vida, \u00e9 o nosso primeiro ovo: cria\u00e7\u00e3o, renova\u00e7\u00e3o, eternidade.\" \/>\n<meta name=\"robots\" content=\"index, follow, max-snippet:-1, max-image-preview:large, max-video-preview:-1\" \/>\n<link rel=\"canonical\" href=\"https:\/\/www.leitao-irmao.com\/en\/product\/ovo-cosmos-em-prata-edicao-2025\/\" \/>\n<meta property=\"og:locale\" content=\"en_GB\" \/>\n<meta property=\"og:type\" content=\"article\" \/>\n<meta property=\"og:title\" content=\"Leit\u00e3o &amp; Irm\u00e3o | Ovo Cosmos em prata - Edi\u00e7\u00e3o 2025\" \/>\n<meta property=\"og:description\" content=\"Apresentamos o Ovo cosmos edi\u00e7\u00e3o de 2025 em prata. O universo (cosmos) \u00e9 o in\u00edcio da vida, \u00e9 o nosso primeiro ovo: cria\u00e7\u00e3o, renova\u00e7\u00e3o, eternidade.\" \/>\n<meta property=\"og:url\" content=\"https:\/\/www.leitao-irmao.com\/en\/product\/ovo-cosmos-em-prata-edicao-2025\/\" \/>\n<meta property=\"og:site_name\" content=\"Leit\u00e3o &amp; Irm\u00e3o\" \/>\n<meta property=\"article:modified_time\" content=\"2026-03-25T16:35:44+00:00\" \/>\n<meta property=\"og:image\" content=\"https:\/\/www.leitao-irmao.com\/wp-content\/uploads\/2025\/03\/ovo_2025_cosmos.jpg\" \/>\n\t<meta property=\"og:image:width\" content=\"1080\" \/>\n\t<meta property=\"og:image:height\" content=\"1080\" \/>\n\t<meta property=\"og:image:type\" content=\"image\/jpeg\" \/>\n<meta name=\"twitter:card\" content=\"summary_large_image\" \/>\n<meta name=\"twitter:label1\" content=\"Estimated reading time\" \/>\n\t<meta name=\"twitter:data1\" content=\"1 minute\" \/>\n<script type=\"application\/ld+json\" class=\"yoast-schema-graph\">{\"@context\":\"https:\/\/schema.org\",\"@graph\":[{\"@type\":\"WebPage\",\"@id\":\"https:\/\/www.leitao-irmao.com\/product\/ovo-cosmos-em-prata-edicao-2025\/\",\"url\":\"https:\/\/www.leitao-irmao.com\/product\/ovo-cosmos-em-prata-edicao-2025\/\",\"name\":\"Leit\u00e3o &amp; Irm\u00e3o | Ovo Cosmos em prata - Edi\u00e7\u00e3o 2025\",\"isPartOf\":{\"@id\":\"https:\/\/www.leitao-irmao.com\/#website\"},\"primaryImageOfPage\":{\"@id\":\"https:\/\/www.leitao-irmao.com\/product\/ovo-cosmos-em-prata-edicao-2025\/#primaryimage\"},\"image\":{\"@id\":\"https:\/\/www.leitao-irmao.com\/product\/ovo-cosmos-em-prata-edicao-2025\/#primaryimage\"},\"thumbnailUrl\":\"https:\/\/www.leitao-irmao.com\/wp-content\/uploads\/2025\/03\/ovo_2025_cosmos.jpg\",\"datePublished\":\"2025-03-31T23:00:15+00:00\",\"dateModified\":\"2026-03-25T16:35:44+00:00\",\"description\":\"Apresentamos o Ovo cosmos edi\u00e7\u00e3o de 2025 em prata. O universo (cosmos) \u00e9 o in\u00edcio da vida, \u00e9 o nosso primeiro ovo: cria\u00e7\u00e3o, renova\u00e7\u00e3o, eternidade.\",\"breadcrumb\":{\"@id\":\"https:\/\/www.leitao-irmao.com\/product\/ovo-cosmos-em-prata-edicao-2025\/#breadcrumb\"},\"inLanguage\":\"en-GB\",\"potentialAction\":[{\"@type\":\"ReadAction\",\"target\":[\"https:\/\/www.leitao-irmao.com\/product\/ovo-cosmos-em-prata-edicao-2025\/\"]}]},{\"@type\":\"ImageObject\",\"inLanguage\":\"en-GB\",\"@id\":\"https:\/\/www.leitao-irmao.com\/product\/ovo-cosmos-em-prata-edicao-2025\/#primaryimage\",\"url\":\"https:\/\/www.leitao-irmao.com\/wp-content\/uploads\/2025\/03\/ovo_2025_cosmos.jpg\",\"contentUrl\":\"https:\/\/www.leitao-irmao.com\/wp-content\/uploads\/2025\/03\/ovo_2025_cosmos.jpg\",\"width\":1080,\"height\":1080},{\"@type\":\"BreadcrumbList\",\"@id\":\"https:\/\/www.leitao-irmao.com\/product\/ovo-cosmos-em-prata-edicao-2025\/#breadcrumb\",\"itemListElement\":[{\"@type\":\"ListItem\",\"position\":1,\"name\":\"Home\",\"item\":\"https:\/\/www.leitao-irmao.com\/\"},{\"@type\":\"ListItem\",\"position\":2,\"name\":\"Products\",\"item\":\"https:\/\/www.leitao-irmao.com\/shop\/\"},{\"@type\":\"ListItem\",\"position\":3,\"name\":\"Ovo Cosmos em prata &#8211; Edi\u00e7\u00e3o 2025\"}]},{\"@type\":\"WebSite\",\"@id\":\"https:\/\/www.leitao-irmao.com\/#website\",\"url\":\"https:\/\/www.leitao-irmao.com\/\",\"name\":\"Leit\u00e3o & Irm\u00e3o\",\"description\":\"Joalheiros desde 1822\",\"publisher\":{\"@id\":\"https:\/\/www.leitao-irmao.com\/#organization\"},\"potentialAction\":[{\"@type\":\"SearchAction\",\"target\":{\"@type\":\"EntryPoint\",\"urlTemplate\":\"https:\/\/www.leitao-irmao.com\/?s={search_term_string}\"},\"query-input\":{\"@type\":\"PropertyValueSpecification\",\"valueRequired\":true,\"valueName\":\"search_term_string\"}}],\"inLanguage\":\"en-GB\"},{\"@type\":\"Organization\",\"@id\":\"https:\/\/www.leitao-irmao.com\/#organization\",\"name\":\"Leit\u00e3o & Irm\u00e3o\",\"url\":\"https:\/\/www.leitao-irmao.com\/\",\"logo\":{\"@type\":\"ImageObject\",\"inLanguage\":\"en-GB\",\"@id\":\"https:\/\/www.leitao-irmao.com\/#\/schema\/logo\/image\/\",\"url\":\"https:\/\/www.leitao-irmao.com\/wp-content\/uploads\/2022\/11\/leitaoirmao-logo.png\",\"contentUrl\":\"https:\/\/www.leitao-irmao.com\/wp-content\/uploads\/2022\/11\/leitaoirmao-logo.png\",\"width\":426,\"height\":89,\"caption\":\"Leit\u00e3o & Irm\u00e3o\"},\"image\":{\"@id\":\"https:\/\/www.leitao-irmao.com\/#\/schema\/logo\/image\/\"}}]}<\/script>\n<!-- \/ Yoast SEO plugin. -->","yoast_head_json":{"title":"Leit\u00e3o &amp; Irm\u00e3o | Ovo Cosmos em prata - Edi\u00e7\u00e3o 2025","description":"Apresentamos o Ovo cosmos edi\u00e7\u00e3o de 2025 em prata. O universo (cosmos) \u00e9 o in\u00edcio da vida, \u00e9 o nosso primeiro ovo: cria\u00e7\u00e3o, renova\u00e7\u00e3o, eternidade.","robots":{"index":"index","follow":"follow","max-snippet":"max-snippet:-1","max-image-preview":"max-image-preview:large","max-video-preview":"max-video-preview:-1"},"canonical":"https:\/\/www.leitao-irmao.com\/en\/product\/ovo-cosmos-em-prata-edicao-2025\/","og_locale":"en_GB","og_type":"article","og_title":"Leit\u00e3o &amp; Irm\u00e3o | Ovo Cosmos em prata - Edi\u00e7\u00e3o 2025","og_description":"Apresentamos o Ovo cosmos edi\u00e7\u00e3o de 2025 em prata. O universo (cosmos) \u00e9 o in\u00edcio da vida, \u00e9 o nosso primeiro ovo: cria\u00e7\u00e3o, renova\u00e7\u00e3o, eternidade.","og_url":"https:\/\/www.leitao-irmao.com\/en\/product\/ovo-cosmos-em-prata-edicao-2025\/","og_site_name":"Leit\u00e3o &amp; Irm\u00e3o","article_modified_time":"2026-03-25T16:35:44+00:00","og_image":[{"width":1080,"height":1080,"url":"https:\/\/www.leitao-irmao.com\/wp-content\/uploads\/2025\/03\/ovo_2025_cosmos.jpg","type":"image\/jpeg"}],"twitter_card":"summary_large_image","twitter_misc":{"Estimated reading time":"1 minute"},"schema":{"@context":"https:\/\/schema.org","@graph":[{"@type":"WebPage","@id":"https:\/\/www.leitao-irmao.com\/product\/ovo-cosmos-em-prata-edicao-2025\/","url":"https:\/\/www.leitao-irmao.com\/product\/ovo-cosmos-em-prata-edicao-2025\/","name":"Leit\u00e3o &amp; Irm\u00e3o | Ovo Cosmos em prata - Edi\u00e7\u00e3o 2025","isPartOf":{"@id":"https:\/\/www.leitao-irmao.com\/#website"},"primaryImageOfPage":{"@id":"https:\/\/www.leitao-irmao.com\/product\/ovo-cosmos-em-prata-edicao-2025\/#primaryimage"},"image":{"@id":"https:\/\/www.leitao-irmao.com\/product\/ovo-cosmos-em-prata-edicao-2025\/#primaryimage"},"thumbnailUrl":"https:\/\/www.leitao-irmao.com\/wp-content\/uploads\/2025\/03\/ovo_2025_cosmos.jpg","datePublished":"2025-03-31T23:00:15+00:00","dateModified":"2026-03-25T16:35:44+00:00","description":"Apresentamos o Ovo cosmos edi\u00e7\u00e3o de 2025 em prata. O universo (cosmos) \u00e9 o in\u00edcio da vida, \u00e9 o nosso primeiro ovo: cria\u00e7\u00e3o, renova\u00e7\u00e3o, eternidade.","breadcrumb":{"@id":"https:\/\/www.leitao-irmao.com\/product\/ovo-cosmos-em-prata-edicao-2025\/#breadcrumb"},"inLanguage":"en-GB","potentialAction":[{"@type":"ReadAction","target":["https:\/\/www.leitao-irmao.com\/product\/ovo-cosmos-em-prata-edicao-2025\/"]}]},{"@type":"ImageObject","inLanguage":"en-GB","@id":"https:\/\/www.leitao-irmao.com\/product\/ovo-cosmos-em-prata-edicao-2025\/#primaryimage","url":"https:\/\/www.leitao-irmao.com\/wp-content\/uploads\/2025\/03\/ovo_2025_cosmos.jpg","contentUrl":"https:\/\/www.leitao-irmao.com\/wp-content\/uploads\/2025\/03\/ovo_2025_cosmos.jpg","width":1080,"height":1080},{"@type":"BreadcrumbList","@id":"https:\/\/www.leitao-irmao.com\/product\/ovo-cosmos-em-prata-edicao-2025\/#breadcrumb","itemListElement":[{"@type":"ListItem","position":1,"name":"Home","item":"https:\/\/www.leitao-irmao.com\/"},{"@type":"ListItem","position":2,"name":"Products","item":"https:\/\/www.leitao-irmao.com\/shop\/"},{"@type":"ListItem","position":3,"name":"Ovo Cosmos em prata &#8211; Edi\u00e7\u00e3o 2025"}]},{"@type":"WebSite","@id":"https:\/\/www.leitao-irmao.com\/#website","url":"https:\/\/www.leitao-irmao.com\/","name":"Leit\u00e3o & Irm\u00e3o","description":"Joalheiros desde 1822","publisher":{"@id":"https:\/\/www.leitao-irmao.com\/#organization"},"potentialAction":[{"@type":"SearchAction","target":{"@type":"EntryPoint","urlTemplate":"https:\/\/www.leitao-irmao.com\/?s={search_term_string}"},"query-input":{"@type":"PropertyValueSpecification","valueRequired":true,"valueName":"search_term_string"}}],"inLanguage":"en-GB"},{"@type":"Organization","@id":"https:\/\/www.leitao-irmao.com\/#organization","name":"Leit\u00e3o & Irm\u00e3o","url":"https:\/\/www.leitao-irmao.com\/","logo":{"@type":"ImageObject","inLanguage":"en-GB","@id":"https:\/\/www.leitao-irmao.com\/#\/schema\/logo\/image\/","url":"https:\/\/www.leitao-irmao.com\/wp-content\/uploads\/2022\/11\/leitaoirmao-logo.png","contentUrl":"https:\/\/www.leitao-irmao.com\/wp-content\/uploads\/2022\/11\/leitaoirmao-logo.png","width":426,"height":89,"caption":"Leit\u00e3o & Irm\u00e3o"},"image":{"@id":"https:\/\/www.leitao-irmao.com\/#\/schema\/logo\/image\/"}}]}},"_links":{"self":[{"href":"https:\/\/www.leitao-irmao.com\/en\/wp-json\/wp\/v2\/product\/30971","targetHints":{"allow":["GET"]}}],"collection":[{"href":"https:\/\/www.leitao-irmao.com\/en\/wp-json\/wp\/v2\/product"}],"about":[{"href":"https:\/\/www.leitao-irmao.com\/en\/wp-json\/wp\/v2\/types\/product"}],"version-history":[{"count":1,"href":"https:\/\/www.leitao-irmao.com\/en\/wp-json\/wp\/v2\/product\/30971\/revisions"}],"predecessor-version":[{"id":34043,"href":"https:\/\/www.leitao-irmao.com\/en\/wp-json\/wp\/v2\/product\/30971\/revisions\/34043"}],"wp:featuredmedia":[{"embeddable":true,"href":"https:\/\/www.leitao-irmao.com\/en\/wp-json\/wp\/v2\/media\/31074"}],"wp:attachment":[{"href":"https:\/\/www.leitao-irmao.com\/en\/wp-json\/wp\/v2\/media?parent=30971"}],"wp:term":[{"taxonomy":"product_brand","embeddable":true,"href":"https:\/\/www.leitao-irmao.com\/en\/wp-json\/wp\/v2\/product_brand?post=30971"},{"taxonomy":"product_cat","embeddable":true,"href":"https:\/\/www.leitao-irmao.com\/en\/wp-json\/wp\/v2\/product_cat?post=30971"},{"taxonomy":"product_tag","embeddable":true,"href":"https:\/\/www.leitao-irmao.com\/en\/wp-json\/wp\/v2\/product_tag?post=30971"}],"curies":[{"name":"wp","href":"https:\/\/api.w.org\/{rel}","templated":true}]}}