{"id":31669,"date":"2025-05-08T15:51:33","date_gmt":"2025-05-08T14:51:33","guid":{"rendered":"https:\/\/www.leitao-irmao.com\/?post_type=product&#038;p=31669"},"modified":"2026-01-28T15:00:58","modified_gmt":"2026-01-28T15:00:58","slug":"colar-pink-ganda-ganda-godron","status":"publish","type":"product","link":"https:\/\/www.leitao-irmao.com\/en\/product\/colar-pink-ganda-ganda-godron\/","title":{"rendered":"Pink Ganda necklace | Ganda Godron"},"content":{"rendered":"","protected":false},"excerpt":{"rendered":"<p>Discover the Pink Ganda Necklace, an exceptional piece that combines the brilliance of rose gold with the refinement and delicacy of pink sapphires.<\/p>\n<p>A jewelry collection, developed on the occasion of the 200th anniversary of Casa Leit\u00e3o &amp; Irm\u00e3o. Its central theme is the Ganda (Indian rhinoceros) and its fantastic journey from India to Lisbon in 1555. The richness of the history and the preciousness of the materials, beauty and sensuality represented in the brilliance, shape and color of the collection.<\/p>\n<p>The jewelry in the Ganda Godron Collection includes Manueline ropes, precious stones from India and diamonds from Brazil, as well as the exoticism of the gargoyles in the Bel\u00e9m Tower and the richness of the Lisbon of the Discoveries.<\/p>\n<p>&nbsp;<\/p>\n<p><em><strong>Edi\u00e7\u00e3o Limitada<\/strong><\/em><\/p>\n<p>&nbsp;<\/p>","protected":false},"featured_media":34919,"template":"","meta":{"_acf_changed":false},"product_brand":[],"product_cat":[84,492,79,141,128,496],"product_tag":[278,323,298],"class_list":{"0":"post-31669","1":"product","2":"type-product","3":"status-publish","4":"has-post-thumbnail","6":"product_cat-fios-e-colares-joalharia-portuguesa-leitao-irmao","7":"product_cat-ganda-godron-colecao-joalharia-portuguesa","8":"product_cat-joalharia","9":"product_cat-para-ela","10":"product_cat-presentes-acima-de-10000e","11":"product_cat-sem-desconto","12":"product_tag-mulher","13":"product_tag-novidades","14":"product_tag-ouro-rosa","16":"first","17":"outofstock","18":"shipping-taxable","19":"purchasable","20":"product-type-simple"},"acf":[],"yoast_head":"<!-- This site is optimized with the Yoast SEO plugin v25.4 - https:\/\/yoast.com\/wordpress\/plugins\/seo\/ -->\n<title>Colar Pink Ganda | Ganda Godron | Leit\u00e3o &amp; Irm\u00e3o<\/title>\n<meta name=\"description\" content=\"Descubra o Colar Pink Ganda \u00e9 uma pe\u00e7a\u00a0excecional que combina o brilho do ouro Rosa com o requinte e delicadeza das safiras Rosa.\" \/>\n<meta name=\"robots\" content=\"index, follow, max-snippet:-1, max-image-preview:large, max-video-preview:-1\" \/>\n<link rel=\"canonical\" href=\"https:\/\/www.leitao-irmao.com\/en\/product\/colar-pink-ganda-ganda-godron\/\" \/>\n<meta property=\"og:locale\" content=\"en_GB\" \/>\n<meta property=\"og:type\" content=\"article\" \/>\n<meta property=\"og:title\" content=\"Colar Pink Ganda | Ganda Godron | Leit\u00e3o &amp; Irm\u00e3o\" \/>\n<meta property=\"og:description\" content=\"Descubra o Colar Pink Ganda \u00e9 uma pe\u00e7a\u00a0excecional que combina o brilho do ouro Rosa com o requinte e delicadeza das safiras Rosa.\" \/>\n<meta property=\"og:url\" content=\"https:\/\/www.leitao-irmao.com\/en\/product\/colar-pink-ganda-ganda-godron\/\" \/>\n<meta property=\"og:site_name\" content=\"Leit\u00e3o &amp; Irm\u00e3o\" \/>\n<meta property=\"article:modified_time\" content=\"2026-01-28T15:00:58+00:00\" \/>\n<meta property=\"og:image\" content=\"https:\/\/www.leitao-irmao.com\/wp-content\/uploads\/2025\/05\/Ganda-Alta-Joalharia-1.jpg\" \/>\n\t<meta property=\"og:image:width\" content=\"1080\" \/>\n\t<meta property=\"og:image:height\" content=\"1080\" \/>\n\t<meta property=\"og:image:type\" content=\"image\/jpeg\" \/>\n<meta name=\"twitter:card\" content=\"summary_large_image\" \/>\n<meta name=\"twitter:label1\" content=\"Estimated reading time\" \/>\n\t<meta name=\"twitter:data1\" content=\"1 minute\" \/>\n<script type=\"application\/ld+json\" class=\"yoast-schema-graph\">{\"@context\":\"https:\/\/schema.org\",\"@graph\":[{\"@type\":\"WebPage\",\"@id\":\"https:\/\/www.leitao-irmao.com\/product\/colar-pink-ganda-ganda-godron\/\",\"url\":\"https:\/\/www.leitao-irmao.com\/product\/colar-pink-ganda-ganda-godron\/\",\"name\":\"Colar Pink Ganda | Ganda Godron | Leit\u00e3o &amp; Irm\u00e3o\",\"isPartOf\":{\"@id\":\"https:\/\/www.leitao-irmao.com\/#website\"},\"primaryImageOfPage\":{\"@id\":\"https:\/\/www.leitao-irmao.com\/product\/colar-pink-ganda-ganda-godron\/#primaryimage\"},\"image\":{\"@id\":\"https:\/\/www.leitao-irmao.com\/product\/colar-pink-ganda-ganda-godron\/#primaryimage\"},\"thumbnailUrl\":\"https:\/\/www.leitao-irmao.com\/wp-content\/uploads\/2025\/05\/Ganda-Alta-Joalharia-1.jpg\",\"datePublished\":\"2025-05-08T14:51:33+00:00\",\"dateModified\":\"2026-01-28T15:00:58+00:00\",\"description\":\"Descubra o Colar Pink Ganda \u00e9 uma pe\u00e7a\u00a0excecional que combina o brilho do ouro Rosa com o requinte e delicadeza das safiras Rosa.\",\"breadcrumb\":{\"@id\":\"https:\/\/www.leitao-irmao.com\/product\/colar-pink-ganda-ganda-godron\/#breadcrumb\"},\"inLanguage\":\"en-GB\",\"potentialAction\":[{\"@type\":\"ReadAction\",\"target\":[\"https:\/\/www.leitao-irmao.com\/product\/colar-pink-ganda-ganda-godron\/\"]}]},{\"@type\":\"ImageObject\",\"inLanguage\":\"en-GB\",\"@id\":\"https:\/\/www.leitao-irmao.com\/product\/colar-pink-ganda-ganda-godron\/#primaryimage\",\"url\":\"https:\/\/www.leitao-irmao.com\/wp-content\/uploads\/2025\/05\/Ganda-Alta-Joalharia-1.jpg\",\"contentUrl\":\"https:\/\/www.leitao-irmao.com\/wp-content\/uploads\/2025\/05\/Ganda-Alta-Joalharia-1.jpg\",\"width\":1080,\"height\":1080},{\"@type\":\"BreadcrumbList\",\"@id\":\"https:\/\/www.leitao-irmao.com\/product\/colar-pink-ganda-ganda-godron\/#breadcrumb\",\"itemListElement\":[{\"@type\":\"ListItem\",\"position\":1,\"name\":\"Home\",\"item\":\"https:\/\/www.leitao-irmao.com\/\"},{\"@type\":\"ListItem\",\"position\":2,\"name\":\"Products\",\"item\":\"https:\/\/www.leitao-irmao.com\/shop\/\"},{\"@type\":\"ListItem\",\"position\":3,\"name\":\"Colar Pink Ganda | Ganda Godron\"}]},{\"@type\":\"WebSite\",\"@id\":\"https:\/\/www.leitao-irmao.com\/#website\",\"url\":\"https:\/\/www.leitao-irmao.com\/\",\"name\":\"Leit\u00e3o & Irm\u00e3o\",\"description\":\"Joalheiros desde 1822\",\"publisher\":{\"@id\":\"https:\/\/www.leitao-irmao.com\/#organization\"},\"potentialAction\":[{\"@type\":\"SearchAction\",\"target\":{\"@type\":\"EntryPoint\",\"urlTemplate\":\"https:\/\/www.leitao-irmao.com\/?s={search_term_string}\"},\"query-input\":{\"@type\":\"PropertyValueSpecification\",\"valueRequired\":true,\"valueName\":\"search_term_string\"}}],\"inLanguage\":\"en-GB\"},{\"@type\":\"Organization\",\"@id\":\"https:\/\/www.leitao-irmao.com\/#organization\",\"name\":\"Leit\u00e3o & Irm\u00e3o\",\"url\":\"https:\/\/www.leitao-irmao.com\/\",\"logo\":{\"@type\":\"ImageObject\",\"inLanguage\":\"en-GB\",\"@id\":\"https:\/\/www.leitao-irmao.com\/#\/schema\/logo\/image\/\",\"url\":\"https:\/\/www.leitao-irmao.com\/wp-content\/uploads\/2022\/11\/leitaoirmao-logo.png\",\"contentUrl\":\"https:\/\/www.leitao-irmao.com\/wp-content\/uploads\/2022\/11\/leitaoirmao-logo.png\",\"width\":426,\"height\":89,\"caption\":\"Leit\u00e3o & Irm\u00e3o\"},\"image\":{\"@id\":\"https:\/\/www.leitao-irmao.com\/#\/schema\/logo\/image\/\"}}]}<\/script>\n<!-- \/ Yoast SEO plugin. -->","yoast_head_json":{"title":"Colar Pink Ganda | Ganda Godron | Leit\u00e3o &amp; Irm\u00e3o","description":"Descubra o Colar Pink Ganda \u00e9 uma pe\u00e7a\u00a0excecional que combina o brilho do ouro Rosa com o requinte e delicadeza das safiras Rosa.","robots":{"index":"index","follow":"follow","max-snippet":"max-snippet:-1","max-image-preview":"max-image-preview:large","max-video-preview":"max-video-preview:-1"},"canonical":"https:\/\/www.leitao-irmao.com\/en\/product\/colar-pink-ganda-ganda-godron\/","og_locale":"en_GB","og_type":"article","og_title":"Colar Pink Ganda | Ganda Godron | Leit\u00e3o &amp; Irm\u00e3o","og_description":"Descubra o Colar Pink Ganda \u00e9 uma pe\u00e7a\u00a0excecional que combina o brilho do ouro Rosa com o requinte e delicadeza das safiras Rosa.","og_url":"https:\/\/www.leitao-irmao.com\/en\/product\/colar-pink-ganda-ganda-godron\/","og_site_name":"Leit\u00e3o &amp; Irm\u00e3o","article_modified_time":"2026-01-28T15:00:58+00:00","og_image":[{"width":1080,"height":1080,"url":"https:\/\/www.leitao-irmao.com\/wp-content\/uploads\/2025\/05\/Ganda-Alta-Joalharia-1.jpg","type":"image\/jpeg"}],"twitter_card":"summary_large_image","twitter_misc":{"Estimated reading time":"1 minute"},"schema":{"@context":"https:\/\/schema.org","@graph":[{"@type":"WebPage","@id":"https:\/\/www.leitao-irmao.com\/product\/colar-pink-ganda-ganda-godron\/","url":"https:\/\/www.leitao-irmao.com\/product\/colar-pink-ganda-ganda-godron\/","name":"Colar Pink Ganda | Ganda Godron | Leit\u00e3o &amp; Irm\u00e3o","isPartOf":{"@id":"https:\/\/www.leitao-irmao.com\/#website"},"primaryImageOfPage":{"@id":"https:\/\/www.leitao-irmao.com\/product\/colar-pink-ganda-ganda-godron\/#primaryimage"},"image":{"@id":"https:\/\/www.leitao-irmao.com\/product\/colar-pink-ganda-ganda-godron\/#primaryimage"},"thumbnailUrl":"https:\/\/www.leitao-irmao.com\/wp-content\/uploads\/2025\/05\/Ganda-Alta-Joalharia-1.jpg","datePublished":"2025-05-08T14:51:33+00:00","dateModified":"2026-01-28T15:00:58+00:00","description":"Descubra o Colar Pink Ganda \u00e9 uma pe\u00e7a\u00a0excecional que combina o brilho do ouro Rosa com o requinte e delicadeza das safiras Rosa.","breadcrumb":{"@id":"https:\/\/www.leitao-irmao.com\/product\/colar-pink-ganda-ganda-godron\/#breadcrumb"},"inLanguage":"en-GB","potentialAction":[{"@type":"ReadAction","target":["https:\/\/www.leitao-irmao.com\/product\/colar-pink-ganda-ganda-godron\/"]}]},{"@type":"ImageObject","inLanguage":"en-GB","@id":"https:\/\/www.leitao-irmao.com\/product\/colar-pink-ganda-ganda-godron\/#primaryimage","url":"https:\/\/www.leitao-irmao.com\/wp-content\/uploads\/2025\/05\/Ganda-Alta-Joalharia-1.jpg","contentUrl":"https:\/\/www.leitao-irmao.com\/wp-content\/uploads\/2025\/05\/Ganda-Alta-Joalharia-1.jpg","width":1080,"height":1080},{"@type":"BreadcrumbList","@id":"https:\/\/www.leitao-irmao.com\/product\/colar-pink-ganda-ganda-godron\/#breadcrumb","itemListElement":[{"@type":"ListItem","position":1,"name":"Home","item":"https:\/\/www.leitao-irmao.com\/"},{"@type":"ListItem","position":2,"name":"Products","item":"https:\/\/www.leitao-irmao.com\/shop\/"},{"@type":"ListItem","position":3,"name":"Colar Pink Ganda | Ganda Godron"}]},{"@type":"WebSite","@id":"https:\/\/www.leitao-irmao.com\/#website","url":"https:\/\/www.leitao-irmao.com\/","name":"Leit\u00e3o & Irm\u00e3o","description":"Joalheiros desde 1822","publisher":{"@id":"https:\/\/www.leitao-irmao.com\/#organization"},"potentialAction":[{"@type":"SearchAction","target":{"@type":"EntryPoint","urlTemplate":"https:\/\/www.leitao-irmao.com\/?s={search_term_string}"},"query-input":{"@type":"PropertyValueSpecification","valueRequired":true,"valueName":"search_term_string"}}],"inLanguage":"en-GB"},{"@type":"Organization","@id":"https:\/\/www.leitao-irmao.com\/#organization","name":"Leit\u00e3o & Irm\u00e3o","url":"https:\/\/www.leitao-irmao.com\/","logo":{"@type":"ImageObject","inLanguage":"en-GB","@id":"https:\/\/www.leitao-irmao.com\/#\/schema\/logo\/image\/","url":"https:\/\/www.leitao-irmao.com\/wp-content\/uploads\/2022\/11\/leitaoirmao-logo.png","contentUrl":"https:\/\/www.leitao-irmao.com\/wp-content\/uploads\/2022\/11\/leitaoirmao-logo.png","width":426,"height":89,"caption":"Leit\u00e3o & Irm\u00e3o"},"image":{"@id":"https:\/\/www.leitao-irmao.com\/#\/schema\/logo\/image\/"}}]}},"_links":{"self":[{"href":"https:\/\/www.leitao-irmao.com\/en\/wp-json\/wp\/v2\/product\/31669","targetHints":{"allow":["GET"]}}],"collection":[{"href":"https:\/\/www.leitao-irmao.com\/en\/wp-json\/wp\/v2\/product"}],"about":[{"href":"https:\/\/www.leitao-irmao.com\/en\/wp-json\/wp\/v2\/types\/product"}],"version-history":[{"count":3,"href":"https:\/\/www.leitao-irmao.com\/en\/wp-json\/wp\/v2\/product\/31669\/revisions"}],"predecessor-version":[{"id":35389,"href":"https:\/\/www.leitao-irmao.com\/en\/wp-json\/wp\/v2\/product\/31669\/revisions\/35389"}],"wp:featuredmedia":[{"embeddable":true,"href":"https:\/\/www.leitao-irmao.com\/en\/wp-json\/wp\/v2\/media\/34919"}],"wp:attachment":[{"href":"https:\/\/www.leitao-irmao.com\/en\/wp-json\/wp\/v2\/media?parent=31669"}],"wp:term":[{"taxonomy":"product_brand","embeddable":true,"href":"https:\/\/www.leitao-irmao.com\/en\/wp-json\/wp\/v2\/product_brand?post=31669"},{"taxonomy":"product_cat","embeddable":true,"href":"https:\/\/www.leitao-irmao.com\/en\/wp-json\/wp\/v2\/product_cat?post=31669"},{"taxonomy":"product_tag","embeddable":true,"href":"https:\/\/www.leitao-irmao.com\/en\/wp-json\/wp\/v2\/product_tag?post=31669"}],"curies":[{"name":"wp","href":"https:\/\/api.w.org\/{rel}","templated":true}]}}