{"id":33443,"date":"2025-08-01T16:39:13","date_gmt":"2025-08-01T15:39:13","guid":{"rendered":"https:\/\/www.leitao-irmao.com\/?post_type=product&#038;p=33443"},"modified":"2025-11-25T16:50:50","modified_gmt":"2025-11-25T16:50:50","slug":"fio-malha-cadeado-35-em-ouro","status":"publish","type":"product","link":"https:\/\/www.leitao-irmao.com\/en\/product\/fio-malha-cadeado-35-em-ouro\/","title":{"rendered":"Gold chain link bracelet \u201c35\u201d"},"content":{"rendered":"","protected":false},"excerpt":{"rendered":"<div class=\"elementor-element elementor-element-a79af5f elementor-widget elementor-widget-woocommerce-product-short-description\" data-id=\"a79af5f\" data-element_type=\"widget\" data-widget_type=\"woocommerce-product-short-description.default\">\n<div class=\"elementor-widget-container\">\n<div class=\"woocommerce-product-details__short-description\">\n<p>Discover Leit\u00e3o &amp; Irm\u00e3o's yellow gold knitwear. An elegant and discreet yarn, ideal for everyday wear or for a special occasion.<\/p>\n<\/div>\n<\/div>\n<\/div>\n<div class=\"elementor-element elementor-element-be94852 elementor-add-to-cart--align-justify elementor-add-to-cart--layout-auto elementor-widget elementor-widget-wc-add-to-cart\" data-id=\"be94852\" data-element_type=\"widget\" data-widget_type=\"wc-add-to-cart.default\">\n<div class=\"elementor-widget-container\">\n<form class=\"cart\" action=\"https:\/\/www.leitao-irmao.com\/en\/product\/fio-cordao-portugues-35-em-ouro-amarelo\/\" enctype=\"multipart\/form-data\" method=\"post\" data-trp-original-action=\"https:\/\/www.leitao-irmao.com\/product\/fio-cordao-portugues-35-em-ouro-amarelo\/\">\n<div class=\"e-atc-qty-button-holder\">\n<div class=\"quantity\"><\/div>\n<\/div>\n<input type=\"hidden\" name=\"trp-form-language\" value=\"en\"\/><\/form>\n<\/div>\n<\/div>","protected":false},"featured_media":33444,"template":"","meta":{"_acf_changed":false},"product_brand":[],"product_cat":[84,79,601,126],"product_tag":[278,323,271],"class_list":{"0":"post-33443","1":"product","2":"type-product","3":"status-publish","4":"has-post-thumbnail","6":"product_cat-fios-e-colares-joalharia-portuguesa-leitao-irmao","7":"product_cat-joalharia","8":"product_cat-pecas-de-fornecedor","9":"product_cat-presentes-entre-2500e-a-5000e","10":"product_tag-mulher","11":"product_tag-novidades","12":"product_tag-ouro","14":"first","15":"instock","16":"shipping-taxable","17":"purchasable","18":"product-type-variable"},"acf":[],"yoast_head":"<!-- This site is optimized with the Yoast SEO plugin v25.4 - https:\/\/yoast.com\/wordpress\/plugins\/seo\/ -->\n<title>Fio malha cadeado &quot;35&quot; em ouro | Leit\u00e3o &amp; Irm\u00e3o<\/title>\n<meta name=\"description\" content=\"Descubra as malhas em ouro amarelo da Leit\u00e3o &amp; Irm\u00e3o. Um fio elegante e discreto ideal para usar no dia a dia, um numa ocasi\u00e3o especial.\" \/>\n<meta name=\"robots\" content=\"index, follow, max-snippet:-1, max-image-preview:large, max-video-preview:-1\" \/>\n<link rel=\"canonical\" href=\"https:\/\/www.leitao-irmao.com\/en\/product\/fio-malha-cadeado-35-em-ouro\/\" \/>\n<meta property=\"og:locale\" content=\"en_GB\" \/>\n<meta property=\"og:type\" content=\"article\" \/>\n<meta property=\"og:title\" content=\"Fio malha cadeado &quot;35&quot; em ouro | Leit\u00e3o &amp; Irm\u00e3o\" \/>\n<meta property=\"og:description\" content=\"Descubra as malhas em ouro amarelo da Leit\u00e3o &amp; Irm\u00e3o. Um fio elegante e discreto ideal para usar no dia a dia, um numa ocasi\u00e3o especial.\" \/>\n<meta property=\"og:url\" content=\"https:\/\/www.leitao-irmao.com\/en\/product\/fio-malha-cadeado-35-em-ouro\/\" \/>\n<meta property=\"og:site_name\" content=\"Leit\u00e3o &amp; Irm\u00e3o\" \/>\n<meta property=\"article:modified_time\" content=\"2025-11-25T16:50:50+00:00\" \/>\n<meta property=\"og:image\" content=\"https:\/\/www.leitao-irmao.com\/wp-content\/uploads\/2025\/08\/AUVL0007.jpg\" \/>\n\t<meta property=\"og:image:width\" content=\"1080\" \/>\n\t<meta property=\"og:image:height\" content=\"1080\" \/>\n\t<meta property=\"og:image:type\" content=\"image\/jpeg\" \/>\n<meta name=\"twitter:card\" content=\"summary_large_image\" \/>\n<meta name=\"twitter:label1\" content=\"Estimated reading time\" \/>\n\t<meta name=\"twitter:data1\" content=\"1 minute\" \/>\n<script type=\"application\/ld+json\" class=\"yoast-schema-graph\">{\"@context\":\"https:\/\/schema.org\",\"@graph\":[{\"@type\":\"WebPage\",\"@id\":\"https:\/\/www.leitao-irmao.com\/product\/fio-malha-cadeado-35-em-ouro\/\",\"url\":\"https:\/\/www.leitao-irmao.com\/product\/fio-malha-cadeado-35-em-ouro\/\",\"name\":\"Fio malha cadeado \\\"35\\\" em ouro | Leit\u00e3o &amp; Irm\u00e3o\",\"isPartOf\":{\"@id\":\"https:\/\/www.leitao-irmao.com\/#website\"},\"primaryImageOfPage\":{\"@id\":\"https:\/\/www.leitao-irmao.com\/product\/fio-malha-cadeado-35-em-ouro\/#primaryimage\"},\"image\":{\"@id\":\"https:\/\/www.leitao-irmao.com\/product\/fio-malha-cadeado-35-em-ouro\/#primaryimage\"},\"thumbnailUrl\":\"https:\/\/www.leitao-irmao.com\/wp-content\/uploads\/2025\/08\/AUVL0007.jpg\",\"datePublished\":\"2025-08-01T15:39:13+00:00\",\"dateModified\":\"2025-11-25T16:50:50+00:00\",\"description\":\"Descubra as malhas em ouro amarelo da Leit\u00e3o & Irm\u00e3o. Um fio elegante e discreto ideal para usar no dia a dia, um numa ocasi\u00e3o especial.\",\"breadcrumb\":{\"@id\":\"https:\/\/www.leitao-irmao.com\/product\/fio-malha-cadeado-35-em-ouro\/#breadcrumb\"},\"inLanguage\":\"en-GB\",\"potentialAction\":[{\"@type\":\"ReadAction\",\"target\":[\"https:\/\/www.leitao-irmao.com\/product\/fio-malha-cadeado-35-em-ouro\/\"]}]},{\"@type\":\"ImageObject\",\"inLanguage\":\"en-GB\",\"@id\":\"https:\/\/www.leitao-irmao.com\/product\/fio-malha-cadeado-35-em-ouro\/#primaryimage\",\"url\":\"https:\/\/www.leitao-irmao.com\/wp-content\/uploads\/2025\/08\/AUVL0007.jpg\",\"contentUrl\":\"https:\/\/www.leitao-irmao.com\/wp-content\/uploads\/2025\/08\/AUVL0007.jpg\",\"width\":1080,\"height\":1080},{\"@type\":\"BreadcrumbList\",\"@id\":\"https:\/\/www.leitao-irmao.com\/product\/fio-malha-cadeado-35-em-ouro\/#breadcrumb\",\"itemListElement\":[{\"@type\":\"ListItem\",\"position\":1,\"name\":\"Home\",\"item\":\"https:\/\/www.leitao-irmao.com\/\"},{\"@type\":\"ListItem\",\"position\":2,\"name\":\"Products\",\"item\":\"https:\/\/www.leitao-irmao.com\/shop\/\"},{\"@type\":\"ListItem\",\"position\":3,\"name\":\"Fio malha cadeado &#8220;35&#8221; em ouro\"}]},{\"@type\":\"WebSite\",\"@id\":\"https:\/\/www.leitao-irmao.com\/#website\",\"url\":\"https:\/\/www.leitao-irmao.com\/\",\"name\":\"Leit\u00e3o & Irm\u00e3o\",\"description\":\"Joalheiros desde 1822\",\"publisher\":{\"@id\":\"https:\/\/www.leitao-irmao.com\/#organization\"},\"potentialAction\":[{\"@type\":\"SearchAction\",\"target\":{\"@type\":\"EntryPoint\",\"urlTemplate\":\"https:\/\/www.leitao-irmao.com\/?s={search_term_string}\"},\"query-input\":{\"@type\":\"PropertyValueSpecification\",\"valueRequired\":true,\"valueName\":\"search_term_string\"}}],\"inLanguage\":\"en-GB\"},{\"@type\":\"Organization\",\"@id\":\"https:\/\/www.leitao-irmao.com\/#organization\",\"name\":\"Leit\u00e3o & Irm\u00e3o\",\"url\":\"https:\/\/www.leitao-irmao.com\/\",\"logo\":{\"@type\":\"ImageObject\",\"inLanguage\":\"en-GB\",\"@id\":\"https:\/\/www.leitao-irmao.com\/#\/schema\/logo\/image\/\",\"url\":\"https:\/\/www.leitao-irmao.com\/wp-content\/uploads\/2022\/11\/leitaoirmao-logo.png\",\"contentUrl\":\"https:\/\/www.leitao-irmao.com\/wp-content\/uploads\/2022\/11\/leitaoirmao-logo.png\",\"width\":426,\"height\":89,\"caption\":\"Leit\u00e3o & Irm\u00e3o\"},\"image\":{\"@id\":\"https:\/\/www.leitao-irmao.com\/#\/schema\/logo\/image\/\"}}]}<\/script>\n<!-- \/ Yoast SEO plugin. -->","yoast_head_json":{"title":"Fio malha cadeado \"35\" em ouro | Leit\u00e3o &amp; Irm\u00e3o","description":"Descubra as malhas em ouro amarelo da Leit\u00e3o & Irm\u00e3o. Um fio elegante e discreto ideal para usar no dia a dia, um numa ocasi\u00e3o especial.","robots":{"index":"index","follow":"follow","max-snippet":"max-snippet:-1","max-image-preview":"max-image-preview:large","max-video-preview":"max-video-preview:-1"},"canonical":"https:\/\/www.leitao-irmao.com\/en\/product\/fio-malha-cadeado-35-em-ouro\/","og_locale":"en_GB","og_type":"article","og_title":"Fio malha cadeado \"35\" em ouro | Leit\u00e3o &amp; Irm\u00e3o","og_description":"Descubra as malhas em ouro amarelo da Leit\u00e3o & Irm\u00e3o. Um fio elegante e discreto ideal para usar no dia a dia, um numa ocasi\u00e3o especial.","og_url":"https:\/\/www.leitao-irmao.com\/en\/product\/fio-malha-cadeado-35-em-ouro\/","og_site_name":"Leit\u00e3o &amp; Irm\u00e3o","article_modified_time":"2025-11-25T16:50:50+00:00","og_image":[{"width":1080,"height":1080,"url":"https:\/\/www.leitao-irmao.com\/wp-content\/uploads\/2025\/08\/AUVL0007.jpg","type":"image\/jpeg"}],"twitter_card":"summary_large_image","twitter_misc":{"Estimated reading time":"1 minute"},"schema":{"@context":"https:\/\/schema.org","@graph":[{"@type":"WebPage","@id":"https:\/\/www.leitao-irmao.com\/product\/fio-malha-cadeado-35-em-ouro\/","url":"https:\/\/www.leitao-irmao.com\/product\/fio-malha-cadeado-35-em-ouro\/","name":"Fio malha cadeado \"35\" em ouro | Leit\u00e3o &amp; Irm\u00e3o","isPartOf":{"@id":"https:\/\/www.leitao-irmao.com\/#website"},"primaryImageOfPage":{"@id":"https:\/\/www.leitao-irmao.com\/product\/fio-malha-cadeado-35-em-ouro\/#primaryimage"},"image":{"@id":"https:\/\/www.leitao-irmao.com\/product\/fio-malha-cadeado-35-em-ouro\/#primaryimage"},"thumbnailUrl":"https:\/\/www.leitao-irmao.com\/wp-content\/uploads\/2025\/08\/AUVL0007.jpg","datePublished":"2025-08-01T15:39:13+00:00","dateModified":"2025-11-25T16:50:50+00:00","description":"Descubra as malhas em ouro amarelo da Leit\u00e3o & Irm\u00e3o. Um fio elegante e discreto ideal para usar no dia a dia, um numa ocasi\u00e3o especial.","breadcrumb":{"@id":"https:\/\/www.leitao-irmao.com\/product\/fio-malha-cadeado-35-em-ouro\/#breadcrumb"},"inLanguage":"en-GB","potentialAction":[{"@type":"ReadAction","target":["https:\/\/www.leitao-irmao.com\/product\/fio-malha-cadeado-35-em-ouro\/"]}]},{"@type":"ImageObject","inLanguage":"en-GB","@id":"https:\/\/www.leitao-irmao.com\/product\/fio-malha-cadeado-35-em-ouro\/#primaryimage","url":"https:\/\/www.leitao-irmao.com\/wp-content\/uploads\/2025\/08\/AUVL0007.jpg","contentUrl":"https:\/\/www.leitao-irmao.com\/wp-content\/uploads\/2025\/08\/AUVL0007.jpg","width":1080,"height":1080},{"@type":"BreadcrumbList","@id":"https:\/\/www.leitao-irmao.com\/product\/fio-malha-cadeado-35-em-ouro\/#breadcrumb","itemListElement":[{"@type":"ListItem","position":1,"name":"Home","item":"https:\/\/www.leitao-irmao.com\/"},{"@type":"ListItem","position":2,"name":"Products","item":"https:\/\/www.leitao-irmao.com\/shop\/"},{"@type":"ListItem","position":3,"name":"Fio malha cadeado &#8220;35&#8221; em ouro"}]},{"@type":"WebSite","@id":"https:\/\/www.leitao-irmao.com\/#website","url":"https:\/\/www.leitao-irmao.com\/","name":"Leit\u00e3o & Irm\u00e3o","description":"Joalheiros desde 1822","publisher":{"@id":"https:\/\/www.leitao-irmao.com\/#organization"},"potentialAction":[{"@type":"SearchAction","target":{"@type":"EntryPoint","urlTemplate":"https:\/\/www.leitao-irmao.com\/?s={search_term_string}"},"query-input":{"@type":"PropertyValueSpecification","valueRequired":true,"valueName":"search_term_string"}}],"inLanguage":"en-GB"},{"@type":"Organization","@id":"https:\/\/www.leitao-irmao.com\/#organization","name":"Leit\u00e3o & Irm\u00e3o","url":"https:\/\/www.leitao-irmao.com\/","logo":{"@type":"ImageObject","inLanguage":"en-GB","@id":"https:\/\/www.leitao-irmao.com\/#\/schema\/logo\/image\/","url":"https:\/\/www.leitao-irmao.com\/wp-content\/uploads\/2022\/11\/leitaoirmao-logo.png","contentUrl":"https:\/\/www.leitao-irmao.com\/wp-content\/uploads\/2022\/11\/leitaoirmao-logo.png","width":426,"height":89,"caption":"Leit\u00e3o & Irm\u00e3o"},"image":{"@id":"https:\/\/www.leitao-irmao.com\/#\/schema\/logo\/image\/"}}]}},"_links":{"self":[{"href":"https:\/\/www.leitao-irmao.com\/en\/wp-json\/wp\/v2\/product\/33443","targetHints":{"allow":["GET"]}}],"collection":[{"href":"https:\/\/www.leitao-irmao.com\/en\/wp-json\/wp\/v2\/product"}],"about":[{"href":"https:\/\/www.leitao-irmao.com\/en\/wp-json\/wp\/v2\/types\/product"}],"version-history":[{"count":1,"href":"https:\/\/www.leitao-irmao.com\/en\/wp-json\/wp\/v2\/product\/33443\/revisions"}],"predecessor-version":[{"id":33447,"href":"https:\/\/www.leitao-irmao.com\/en\/wp-json\/wp\/v2\/product\/33443\/revisions\/33447"}],"wp:featuredmedia":[{"embeddable":true,"href":"https:\/\/www.leitao-irmao.com\/en\/wp-json\/wp\/v2\/media\/33444"}],"wp:attachment":[{"href":"https:\/\/www.leitao-irmao.com\/en\/wp-json\/wp\/v2\/media?parent=33443"}],"wp:term":[{"taxonomy":"product_brand","embeddable":true,"href":"https:\/\/www.leitao-irmao.com\/en\/wp-json\/wp\/v2\/product_brand?post=33443"},{"taxonomy":"product_cat","embeddable":true,"href":"https:\/\/www.leitao-irmao.com\/en\/wp-json\/wp\/v2\/product_cat?post=33443"},{"taxonomy":"product_tag","embeddable":true,"href":"https:\/\/www.leitao-irmao.com\/en\/wp-json\/wp\/v2\/product_tag?post=33443"}],"curies":[{"name":"wp","href":"https:\/\/api.w.org\/{rel}","templated":true}]}}