{"id":34338,"date":"2025-10-24T17:45:11","date_gmt":"2025-10-24T16:45:11","guid":{"rendered":"https:\/\/www.leitao-irmao.com\/?post_type=product&#038;p=34338"},"modified":"2026-04-15T10:26:17","modified_gmt":"2026-04-15T09:26:17","slug":"pulseira-com-coracao-de-viana-em-ouro-e-diamantes-filigrana-love-me","status":"publish","type":"product","link":"https:\/\/www.leitao-irmao.com\/en\/product\/pulseira-com-coracao-de-viana-em-ouro-e-diamantes-filigrana-love-me\/","title":{"rendered":"Viana heart bracelet in gold and diamonds | Filigree | Love Me"},"content":{"rendered":"","protected":false},"excerpt":{"rendered":"<p>A Pulseira com Cora\u00e7\u00e3o de Viana em Ouro e Diamantes Filigrana Love Me da Leit\u00e3o &amp; Irm\u00e3o interpreta um dos s\u00edmbolos mais emblem\u00e1ticos da joalharia portuguesa. O Cora\u00e7\u00e3o de Viana, associado ao amor, devo\u00e7\u00e3o e identidade cultural, \u00e9 trabalhado em filigrana com precis\u00e3o e enriquecido com diamantes, conferindo-lhe brilho e detalhe. Executada em ouro e com rigor de manufatura em Portugal, esta pe\u00e7a alia tradi\u00e7\u00e3o e contemporaneidade, afirmando-se como uma express\u00e3o intemporal de significado e eleg\u00e2ncia.<\/p>\n<p>Traditional Portuguese jewelry with the Leit\u00e3o &amp; Irm\u00e3o spirit<\/p>","protected":false},"featured_media":34344,"template":"","meta":{"_acf_changed":false},"product_brand":[],"product_cat":[132,236,79,617,133,141,126,87,496],"product_tag":[336,275,278,323,271],"class_list":{"0":"post-34338","1":"product","2":"type-product","3":"status-publish","4":"has-post-thumbnail","6":"product_cat-dia-dos-namorados","7":"product_cat-filigrana","8":"product_cat-joalharia","9":"product_cat-love-me","10":"product_cat-mae","11":"product_cat-para-ela","12":"product_cat-presentes-entre-2500e-a-5000e","13":"product_cat-pulseiras","14":"product_cat-sem-desconto","15":"product_tag-bestseller","16":"product_tag-diamantes","17":"product_tag-mulher","18":"product_tag-novidades","19":"product_tag-ouro","21":"first","22":"onbackorder","23":"shipping-taxable","24":"purchasable","25":"product-type-simple"},"acf":[],"yoast_head":"<!-- This site is optimized with the Yoast SEO plugin v25.4 - https:\/\/yoast.com\/wordpress\/plugins\/seo\/ -->\n<title>Pulseira Cora\u00e7\u00e3o de Viana em Ouro e Diamantes | Leit\u00e3o &amp; Irm\u00e3o<\/title>\n<meta name=\"description\" content=\"Pulseira Cora\u00e7\u00e3o de Viana em ouro e diamantes da Leit\u00e3o &amp; Irm\u00e3o, joalharia portuguesa em filigrana com design intemporal e significado cultural.\" \/>\n<meta name=\"robots\" content=\"index, follow, max-snippet:-1, max-image-preview:large, max-video-preview:-1\" \/>\n<link rel=\"canonical\" href=\"https:\/\/www.leitao-irmao.com\/en\/product\/pulseira-com-coracao-de-viana-em-ouro-e-diamantes-filigrana-love-me\/\" \/>\n<meta property=\"og:locale\" content=\"en_GB\" \/>\n<meta property=\"og:type\" content=\"article\" \/>\n<meta property=\"og:title\" content=\"Pulseira Cora\u00e7\u00e3o de Viana em Ouro e Diamantes | Leit\u00e3o &amp; Irm\u00e3o\" \/>\n<meta property=\"og:description\" content=\"Pulseira Cora\u00e7\u00e3o de Viana em ouro e diamantes da Leit\u00e3o &amp; Irm\u00e3o, joalharia portuguesa em filigrana com design intemporal e significado cultural.\" \/>\n<meta property=\"og:url\" content=\"https:\/\/www.leitao-irmao.com\/en\/product\/pulseira-com-coracao-de-viana-em-ouro-e-diamantes-filigrana-love-me\/\" \/>\n<meta property=\"og:site_name\" content=\"Leit\u00e3o &amp; Irm\u00e3o\" \/>\n<meta property=\"article:modified_time\" content=\"2026-04-15T09:26:17+00:00\" \/>\n<meta property=\"og:image\" content=\"https:\/\/www.leitao-irmao.com\/wp-content\/uploads\/2025\/10\/pulseira_love_me_02_site.jpg\" \/>\n\t<meta property=\"og:image:width\" content=\"1920\" \/>\n\t<meta property=\"og:image:height\" content=\"1920\" \/>\n\t<meta property=\"og:image:type\" content=\"image\/jpeg\" \/>\n<meta name=\"twitter:card\" content=\"summary_large_image\" \/>\n<meta name=\"twitter:label1\" content=\"Estimated reading time\" \/>\n\t<meta name=\"twitter:data1\" content=\"1 minute\" \/>\n<script type=\"application\/ld+json\" class=\"yoast-schema-graph\">{\"@context\":\"https:\/\/schema.org\",\"@graph\":[{\"@type\":\"WebPage\",\"@id\":\"https:\/\/www.leitao-irmao.com\/product\/pulseira-com-coracao-de-viana-em-ouro-e-diamantes-filigrana-love-me\/\",\"url\":\"https:\/\/www.leitao-irmao.com\/product\/pulseira-com-coracao-de-viana-em-ouro-e-diamantes-filigrana-love-me\/\",\"name\":\"Pulseira Cora\u00e7\u00e3o de Viana em Ouro e Diamantes | Leit\u00e3o & Irm\u00e3o\",\"isPartOf\":{\"@id\":\"https:\/\/www.leitao-irmao.com\/#website\"},\"primaryImageOfPage\":{\"@id\":\"https:\/\/www.leitao-irmao.com\/product\/pulseira-com-coracao-de-viana-em-ouro-e-diamantes-filigrana-love-me\/#primaryimage\"},\"image\":{\"@id\":\"https:\/\/www.leitao-irmao.com\/product\/pulseira-com-coracao-de-viana-em-ouro-e-diamantes-filigrana-love-me\/#primaryimage\"},\"thumbnailUrl\":\"https:\/\/www.leitao-irmao.com\/wp-content\/uploads\/2025\/10\/pulseira_love_me_02_site.jpg\",\"datePublished\":\"2025-10-24T16:45:11+00:00\",\"dateModified\":\"2026-04-15T09:26:17+00:00\",\"description\":\"Pulseira Cora\u00e7\u00e3o de Viana em ouro e diamantes da Leit\u00e3o & Irm\u00e3o, joalharia portuguesa em filigrana com design intemporal e significado cultural.\",\"breadcrumb\":{\"@id\":\"https:\/\/www.leitao-irmao.com\/product\/pulseira-com-coracao-de-viana-em-ouro-e-diamantes-filigrana-love-me\/#breadcrumb\"},\"inLanguage\":\"en-GB\",\"potentialAction\":[{\"@type\":\"ReadAction\",\"target\":[\"https:\/\/www.leitao-irmao.com\/product\/pulseira-com-coracao-de-viana-em-ouro-e-diamantes-filigrana-love-me\/\"]}]},{\"@type\":\"ImageObject\",\"inLanguage\":\"en-GB\",\"@id\":\"https:\/\/www.leitao-irmao.com\/product\/pulseira-com-coracao-de-viana-em-ouro-e-diamantes-filigrana-love-me\/#primaryimage\",\"url\":\"https:\/\/www.leitao-irmao.com\/wp-content\/uploads\/2025\/10\/pulseira_love_me_02_site.jpg\",\"contentUrl\":\"https:\/\/www.leitao-irmao.com\/wp-content\/uploads\/2025\/10\/pulseira_love_me_02_site.jpg\",\"width\":1920,\"height\":1920,\"caption\":\"pulseira cora\u00e7\u00e3o de Viana ouro diamantes\"},{\"@type\":\"BreadcrumbList\",\"@id\":\"https:\/\/www.leitao-irmao.com\/product\/pulseira-com-coracao-de-viana-em-ouro-e-diamantes-filigrana-love-me\/#breadcrumb\",\"itemListElement\":[{\"@type\":\"ListItem\",\"position\":1,\"name\":\"Home\",\"item\":\"https:\/\/www.leitao-irmao.com\/\"},{\"@type\":\"ListItem\",\"position\":2,\"name\":\"Products\",\"item\":\"https:\/\/www.leitao-irmao.com\/shop\/\"},{\"@type\":\"ListItem\",\"position\":3,\"name\":\"Pulseira com cora\u00e7\u00e3o de Viana em ouro e diamantes | Filigrana | Love Me\"}]},{\"@type\":\"WebSite\",\"@id\":\"https:\/\/www.leitao-irmao.com\/#website\",\"url\":\"https:\/\/www.leitao-irmao.com\/\",\"name\":\"Leit\u00e3o & Irm\u00e3o\",\"description\":\"Joalheiros desde 1822\",\"publisher\":{\"@id\":\"https:\/\/www.leitao-irmao.com\/#organization\"},\"potentialAction\":[{\"@type\":\"SearchAction\",\"target\":{\"@type\":\"EntryPoint\",\"urlTemplate\":\"https:\/\/www.leitao-irmao.com\/?s={search_term_string}\"},\"query-input\":{\"@type\":\"PropertyValueSpecification\",\"valueRequired\":true,\"valueName\":\"search_term_string\"}}],\"inLanguage\":\"en-GB\"},{\"@type\":\"Organization\",\"@id\":\"https:\/\/www.leitao-irmao.com\/#organization\",\"name\":\"Leit\u00e3o & Irm\u00e3o\",\"url\":\"https:\/\/www.leitao-irmao.com\/\",\"logo\":{\"@type\":\"ImageObject\",\"inLanguage\":\"en-GB\",\"@id\":\"https:\/\/www.leitao-irmao.com\/#\/schema\/logo\/image\/\",\"url\":\"https:\/\/www.leitao-irmao.com\/wp-content\/uploads\/2022\/11\/leitaoirmao-logo.png\",\"contentUrl\":\"https:\/\/www.leitao-irmao.com\/wp-content\/uploads\/2022\/11\/leitaoirmao-logo.png\",\"width\":426,\"height\":89,\"caption\":\"Leit\u00e3o & Irm\u00e3o\"},\"image\":{\"@id\":\"https:\/\/www.leitao-irmao.com\/#\/schema\/logo\/image\/\"}}]}<\/script>\n<!-- \/ Yoast SEO plugin. -->","yoast_head_json":{"title":"Pulseira Cora\u00e7\u00e3o de Viana em Ouro e Diamantes | Leit\u00e3o & Irm\u00e3o","description":"Pulseira Cora\u00e7\u00e3o de Viana em ouro e diamantes da Leit\u00e3o & Irm\u00e3o, joalharia portuguesa em filigrana com design intemporal e significado cultural.","robots":{"index":"index","follow":"follow","max-snippet":"max-snippet:-1","max-image-preview":"max-image-preview:large","max-video-preview":"max-video-preview:-1"},"canonical":"https:\/\/www.leitao-irmao.com\/en\/product\/pulseira-com-coracao-de-viana-em-ouro-e-diamantes-filigrana-love-me\/","og_locale":"en_GB","og_type":"article","og_title":"Pulseira Cora\u00e7\u00e3o de Viana em Ouro e Diamantes | Leit\u00e3o & Irm\u00e3o","og_description":"Pulseira Cora\u00e7\u00e3o de Viana em ouro e diamantes da Leit\u00e3o & Irm\u00e3o, joalharia portuguesa em filigrana com design intemporal e significado cultural.","og_url":"https:\/\/www.leitao-irmao.com\/en\/product\/pulseira-com-coracao-de-viana-em-ouro-e-diamantes-filigrana-love-me\/","og_site_name":"Leit\u00e3o &amp; Irm\u00e3o","article_modified_time":"2026-04-15T09:26:17+00:00","og_image":[{"width":1920,"height":1920,"url":"https:\/\/www.leitao-irmao.com\/wp-content\/uploads\/2025\/10\/pulseira_love_me_02_site.jpg","type":"image\/jpeg"}],"twitter_card":"summary_large_image","twitter_misc":{"Estimated reading time":"1 minute"},"schema":{"@context":"https:\/\/schema.org","@graph":[{"@type":"WebPage","@id":"https:\/\/www.leitao-irmao.com\/product\/pulseira-com-coracao-de-viana-em-ouro-e-diamantes-filigrana-love-me\/","url":"https:\/\/www.leitao-irmao.com\/product\/pulseira-com-coracao-de-viana-em-ouro-e-diamantes-filigrana-love-me\/","name":"Pulseira Cora\u00e7\u00e3o de Viana em Ouro e Diamantes | Leit\u00e3o & Irm\u00e3o","isPartOf":{"@id":"https:\/\/www.leitao-irmao.com\/#website"},"primaryImageOfPage":{"@id":"https:\/\/www.leitao-irmao.com\/product\/pulseira-com-coracao-de-viana-em-ouro-e-diamantes-filigrana-love-me\/#primaryimage"},"image":{"@id":"https:\/\/www.leitao-irmao.com\/product\/pulseira-com-coracao-de-viana-em-ouro-e-diamantes-filigrana-love-me\/#primaryimage"},"thumbnailUrl":"https:\/\/www.leitao-irmao.com\/wp-content\/uploads\/2025\/10\/pulseira_love_me_02_site.jpg","datePublished":"2025-10-24T16:45:11+00:00","dateModified":"2026-04-15T09:26:17+00:00","description":"Pulseira Cora\u00e7\u00e3o de Viana em ouro e diamantes da Leit\u00e3o & Irm\u00e3o, joalharia portuguesa em filigrana com design intemporal e significado cultural.","breadcrumb":{"@id":"https:\/\/www.leitao-irmao.com\/product\/pulseira-com-coracao-de-viana-em-ouro-e-diamantes-filigrana-love-me\/#breadcrumb"},"inLanguage":"en-GB","potentialAction":[{"@type":"ReadAction","target":["https:\/\/www.leitao-irmao.com\/product\/pulseira-com-coracao-de-viana-em-ouro-e-diamantes-filigrana-love-me\/"]}]},{"@type":"ImageObject","inLanguage":"en-GB","@id":"https:\/\/www.leitao-irmao.com\/product\/pulseira-com-coracao-de-viana-em-ouro-e-diamantes-filigrana-love-me\/#primaryimage","url":"https:\/\/www.leitao-irmao.com\/wp-content\/uploads\/2025\/10\/pulseira_love_me_02_site.jpg","contentUrl":"https:\/\/www.leitao-irmao.com\/wp-content\/uploads\/2025\/10\/pulseira_love_me_02_site.jpg","width":1920,"height":1920,"caption":"pulseira cora\u00e7\u00e3o de Viana ouro diamantes"},{"@type":"BreadcrumbList","@id":"https:\/\/www.leitao-irmao.com\/product\/pulseira-com-coracao-de-viana-em-ouro-e-diamantes-filigrana-love-me\/#breadcrumb","itemListElement":[{"@type":"ListItem","position":1,"name":"Home","item":"https:\/\/www.leitao-irmao.com\/"},{"@type":"ListItem","position":2,"name":"Products","item":"https:\/\/www.leitao-irmao.com\/shop\/"},{"@type":"ListItem","position":3,"name":"Pulseira com cora\u00e7\u00e3o de Viana em ouro e diamantes | Filigrana | Love Me"}]},{"@type":"WebSite","@id":"https:\/\/www.leitao-irmao.com\/#website","url":"https:\/\/www.leitao-irmao.com\/","name":"Leit\u00e3o & Irm\u00e3o","description":"Joalheiros desde 1822","publisher":{"@id":"https:\/\/www.leitao-irmao.com\/#organization"},"potentialAction":[{"@type":"SearchAction","target":{"@type":"EntryPoint","urlTemplate":"https:\/\/www.leitao-irmao.com\/?s={search_term_string}"},"query-input":{"@type":"PropertyValueSpecification","valueRequired":true,"valueName":"search_term_string"}}],"inLanguage":"en-GB"},{"@type":"Organization","@id":"https:\/\/www.leitao-irmao.com\/#organization","name":"Leit\u00e3o & Irm\u00e3o","url":"https:\/\/www.leitao-irmao.com\/","logo":{"@type":"ImageObject","inLanguage":"en-GB","@id":"https:\/\/www.leitao-irmao.com\/#\/schema\/logo\/image\/","url":"https:\/\/www.leitao-irmao.com\/wp-content\/uploads\/2022\/11\/leitaoirmao-logo.png","contentUrl":"https:\/\/www.leitao-irmao.com\/wp-content\/uploads\/2022\/11\/leitaoirmao-logo.png","width":426,"height":89,"caption":"Leit\u00e3o & Irm\u00e3o"},"image":{"@id":"https:\/\/www.leitao-irmao.com\/#\/schema\/logo\/image\/"}}]}},"_links":{"self":[{"href":"https:\/\/www.leitao-irmao.com\/en\/wp-json\/wp\/v2\/product\/34338","targetHints":{"allow":["GET"]}}],"collection":[{"href":"https:\/\/www.leitao-irmao.com\/en\/wp-json\/wp\/v2\/product"}],"about":[{"href":"https:\/\/www.leitao-irmao.com\/en\/wp-json\/wp\/v2\/types\/product"}],"version-history":[{"count":6,"href":"https:\/\/www.leitao-irmao.com\/en\/wp-json\/wp\/v2\/product\/34338\/revisions"}],"predecessor-version":[{"id":37981,"href":"https:\/\/www.leitao-irmao.com\/en\/wp-json\/wp\/v2\/product\/34338\/revisions\/37981"}],"wp:featuredmedia":[{"embeddable":true,"href":"https:\/\/www.leitao-irmao.com\/en\/wp-json\/wp\/v2\/media\/34344"}],"wp:attachment":[{"href":"https:\/\/www.leitao-irmao.com\/en\/wp-json\/wp\/v2\/media?parent=34338"}],"wp:term":[{"taxonomy":"product_brand","embeddable":true,"href":"https:\/\/www.leitao-irmao.com\/en\/wp-json\/wp\/v2\/product_brand?post=34338"},{"taxonomy":"product_cat","embeddable":true,"href":"https:\/\/www.leitao-irmao.com\/en\/wp-json\/wp\/v2\/product_cat?post=34338"},{"taxonomy":"product_tag","embeddable":true,"href":"https:\/\/www.leitao-irmao.com\/en\/wp-json\/wp\/v2\/product_tag?post=34338"}],"curies":[{"name":"wp","href":"https:\/\/api.w.org\/{rel}","templated":true}]}}