{"id":34523,"date":"2026-03-02T09:39:02","date_gmt":"2026-03-02T09:39:02","guid":{"rendered":"https:\/\/www.leitao-irmao.com\/?post_type=product&#038;p=34523"},"modified":"2026-03-02T10:31:44","modified_gmt":"2026-03-02T10:31:44","slug":"anel-a-trois-diamantes-e-rubis-les-classiques","status":"publish","type":"product","link":"https:\/\/www.leitao-irmao.com\/en\/product\/anel-a-trois-diamantes-e-rubis-les-classiques\/","title":{"rendered":"\u00c0 Trois Diamond and Ruby Ring | Les Classiques"},"content":{"rendered":"","protected":false},"excerpt":{"rendered":"<p>The \u201c\u00c0 Trois\u201d collection, launched under the LES CLASSIQUES label, is inspired by an original design from the 1930s, a period of refinement and geometric elegance.<br \/>\nIn this reissue, Leit\u00e3o &amp; Irm\u00e3o revives the pure, balanced lines of that era, reinterpreting them with precious materials and contemporary techniques.<br \/>\nThe result is a collection that combines tradition and modernity, celebrating the legacy of Portuguese jewellery with a contemporary and cosmopolitan touch.<\/p>","protected":false},"featured_media":37235,"template":"","meta":{"_acf_changed":false},"product_brand":[],"product_cat":[82,121,79,677,141,127],"product_tag":[278,323,271,276],"class_list":{"0":"post-34523","1":"product","2":"type-product","3":"status-publish","4":"has-post-thumbnail","6":"product_cat-aneis","7":"product_cat-gifts","8":"product_cat-joalharia","9":"product_cat-les-classiques","10":"product_cat-para-ela","11":"product_cat-presentes-entre-5000e-a-10000e","12":"product_tag-mulher","13":"product_tag-novidades","14":"product_tag-ouro","15":"product_tag-pedras-coloridas","17":"first","18":"onbackorder","19":"shipping-taxable","20":"purchasable","21":"product-type-variable"},"acf":[],"yoast_head":"<!-- This site is optimized with the Yoast SEO plugin v25.4 - https:\/\/yoast.com\/wordpress\/plugins\/seo\/ -->\n<title>Anel \u00c0 Trois Diamantes e Rubis | Les Classiques | Leit\u00e3o &amp; Irm\u00e3o<\/title>\n<meta name=\"description\" content=\"Descubra Les Classiques \u2013 \u00c0 Trois, a nova cole\u00e7\u00e3o da Leit\u00e3o &amp; Irm\u00e3o que revisita os desenhos originais dos anos 30. Uma reinterpreta\u00e7\u00e3o contempor\u00e2nea dos cl\u00e1ssicos da Casa, s\u00edmbolo de eleg\u00e2ncia e heran\u00e7a do craftsmanship portugu\u00eas.\" \/>\n<meta name=\"robots\" content=\"index, follow, max-snippet:-1, max-image-preview:large, max-video-preview:-1\" \/>\n<link rel=\"canonical\" href=\"https:\/\/www.leitao-irmao.com\/en\/product\/anel-a-trois-diamantes-e-rubis-les-classiques\/\" \/>\n<meta property=\"og:locale\" content=\"en_GB\" \/>\n<meta property=\"og:type\" content=\"article\" \/>\n<meta property=\"og:title\" content=\"Anel \u00c0 Trois Diamantes e Rubis | Les Classiques | Leit\u00e3o &amp; Irm\u00e3o\" \/>\n<meta property=\"og:description\" content=\"Descubra Les Classiques \u2013 \u00c0 Trois, a nova cole\u00e7\u00e3o da Leit\u00e3o &amp; Irm\u00e3o que revisita os desenhos originais dos anos 30. Uma reinterpreta\u00e7\u00e3o contempor\u00e2nea dos cl\u00e1ssicos da Casa, s\u00edmbolo de eleg\u00e2ncia e heran\u00e7a do craftsmanship portugu\u00eas.\" \/>\n<meta property=\"og:url\" content=\"https:\/\/www.leitao-irmao.com\/en\/product\/anel-a-trois-diamantes-e-rubis-les-classiques\/\" \/>\n<meta property=\"og:site_name\" content=\"Leit\u00e3o &amp; Irm\u00e3o\" \/>\n<meta property=\"article:modified_time\" content=\"2026-03-02T10:31:44+00:00\" \/>\n<meta property=\"og:image\" content=\"https:\/\/www.leitao-irmao.com\/wp-content\/uploads\/2025\/10\/0206724.jpg\" \/>\n\t<meta property=\"og:image:width\" content=\"1080\" \/>\n\t<meta property=\"og:image:height\" content=\"1350\" \/>\n\t<meta property=\"og:image:type\" content=\"image\/jpeg\" \/>\n<meta name=\"twitter:card\" content=\"summary_large_image\" \/>\n<meta name=\"twitter:label1\" content=\"Estimated reading time\" \/>\n\t<meta name=\"twitter:data1\" content=\"1 minute\" \/>\n<script type=\"application\/ld+json\" class=\"yoast-schema-graph\">{\"@context\":\"https:\/\/schema.org\",\"@graph\":[{\"@type\":\"WebPage\",\"@id\":\"https:\/\/www.leitao-irmao.com\/product\/anel-a-trois-diamantes-e-rubis-les-classiques\/\",\"url\":\"https:\/\/www.leitao-irmao.com\/product\/anel-a-trois-diamantes-e-rubis-les-classiques\/\",\"name\":\"Anel \u00c0 Trois Diamantes e Rubis | Les Classiques | Leit\u00e3o &amp; Irm\u00e3o\",\"isPartOf\":{\"@id\":\"https:\/\/www.leitao-irmao.com\/#website\"},\"primaryImageOfPage\":{\"@id\":\"https:\/\/www.leitao-irmao.com\/product\/anel-a-trois-diamantes-e-rubis-les-classiques\/#primaryimage\"},\"image\":{\"@id\":\"https:\/\/www.leitao-irmao.com\/product\/anel-a-trois-diamantes-e-rubis-les-classiques\/#primaryimage\"},\"thumbnailUrl\":\"https:\/\/www.leitao-irmao.com\/wp-content\/uploads\/2025\/10\/0206724.jpg\",\"datePublished\":\"2026-03-02T09:39:02+00:00\",\"dateModified\":\"2026-03-02T10:31:44+00:00\",\"description\":\"Descubra Les Classiques \u2013 \u00c0 Trois, a nova cole\u00e7\u00e3o da Leit\u00e3o & Irm\u00e3o que revisita os desenhos originais dos anos 30. Uma reinterpreta\u00e7\u00e3o contempor\u00e2nea dos cl\u00e1ssicos da Casa, s\u00edmbolo de eleg\u00e2ncia e heran\u00e7a do craftsmanship portugu\u00eas.\",\"breadcrumb\":{\"@id\":\"https:\/\/www.leitao-irmao.com\/product\/anel-a-trois-diamantes-e-rubis-les-classiques\/#breadcrumb\"},\"inLanguage\":\"en-GB\",\"potentialAction\":[{\"@type\":\"ReadAction\",\"target\":[\"https:\/\/www.leitao-irmao.com\/product\/anel-a-trois-diamantes-e-rubis-les-classiques\/\"]}]},{\"@type\":\"ImageObject\",\"inLanguage\":\"en-GB\",\"@id\":\"https:\/\/www.leitao-irmao.com\/product\/anel-a-trois-diamantes-e-rubis-les-classiques\/#primaryimage\",\"url\":\"https:\/\/www.leitao-irmao.com\/wp-content\/uploads\/2025\/10\/0206724.jpg\",\"contentUrl\":\"https:\/\/www.leitao-irmao.com\/wp-content\/uploads\/2025\/10\/0206724.jpg\",\"width\":1080,\"height\":1350},{\"@type\":\"BreadcrumbList\",\"@id\":\"https:\/\/www.leitao-irmao.com\/product\/anel-a-trois-diamantes-e-rubis-les-classiques\/#breadcrumb\",\"itemListElement\":[{\"@type\":\"ListItem\",\"position\":1,\"name\":\"Home\",\"item\":\"https:\/\/www.leitao-irmao.com\/\"},{\"@type\":\"ListItem\",\"position\":2,\"name\":\"Products\",\"item\":\"https:\/\/www.leitao-irmao.com\/shop\/\"},{\"@type\":\"ListItem\",\"position\":3,\"name\":\"Anel \u00c0 Trois Diamantes e Rubis | Les Classiques\"}]},{\"@type\":\"WebSite\",\"@id\":\"https:\/\/www.leitao-irmao.com\/#website\",\"url\":\"https:\/\/www.leitao-irmao.com\/\",\"name\":\"Leit\u00e3o & Irm\u00e3o\",\"description\":\"Joalheiros desde 1822\",\"publisher\":{\"@id\":\"https:\/\/www.leitao-irmao.com\/#organization\"},\"potentialAction\":[{\"@type\":\"SearchAction\",\"target\":{\"@type\":\"EntryPoint\",\"urlTemplate\":\"https:\/\/www.leitao-irmao.com\/?s={search_term_string}\"},\"query-input\":{\"@type\":\"PropertyValueSpecification\",\"valueRequired\":true,\"valueName\":\"search_term_string\"}}],\"inLanguage\":\"en-GB\"},{\"@type\":\"Organization\",\"@id\":\"https:\/\/www.leitao-irmao.com\/#organization\",\"name\":\"Leit\u00e3o & Irm\u00e3o\",\"url\":\"https:\/\/www.leitao-irmao.com\/\",\"logo\":{\"@type\":\"ImageObject\",\"inLanguage\":\"en-GB\",\"@id\":\"https:\/\/www.leitao-irmao.com\/#\/schema\/logo\/image\/\",\"url\":\"https:\/\/www.leitao-irmao.com\/wp-content\/uploads\/2022\/11\/leitaoirmao-logo.png\",\"contentUrl\":\"https:\/\/www.leitao-irmao.com\/wp-content\/uploads\/2022\/11\/leitaoirmao-logo.png\",\"width\":426,\"height\":89,\"caption\":\"Leit\u00e3o & Irm\u00e3o\"},\"image\":{\"@id\":\"https:\/\/www.leitao-irmao.com\/#\/schema\/logo\/image\/\"}}]}<\/script>\n<!-- \/ Yoast SEO plugin. -->","yoast_head_json":{"title":"Anel \u00c0 Trois Diamantes e Rubis | Les Classiques | Leit\u00e3o &amp; Irm\u00e3o","description":"Descubra Les Classiques \u2013 \u00c0 Trois, a nova cole\u00e7\u00e3o da Leit\u00e3o & Irm\u00e3o que revisita os desenhos originais dos anos 30. Uma reinterpreta\u00e7\u00e3o contempor\u00e2nea dos cl\u00e1ssicos da Casa, s\u00edmbolo de eleg\u00e2ncia e heran\u00e7a do craftsmanship portugu\u00eas.","robots":{"index":"index","follow":"follow","max-snippet":"max-snippet:-1","max-image-preview":"max-image-preview:large","max-video-preview":"max-video-preview:-1"},"canonical":"https:\/\/www.leitao-irmao.com\/en\/product\/anel-a-trois-diamantes-e-rubis-les-classiques\/","og_locale":"en_GB","og_type":"article","og_title":"Anel \u00c0 Trois Diamantes e Rubis | Les Classiques | Leit\u00e3o &amp; Irm\u00e3o","og_description":"Descubra Les Classiques \u2013 \u00c0 Trois, a nova cole\u00e7\u00e3o da Leit\u00e3o & Irm\u00e3o que revisita os desenhos originais dos anos 30. Uma reinterpreta\u00e7\u00e3o contempor\u00e2nea dos cl\u00e1ssicos da Casa, s\u00edmbolo de eleg\u00e2ncia e heran\u00e7a do craftsmanship portugu\u00eas.","og_url":"https:\/\/www.leitao-irmao.com\/en\/product\/anel-a-trois-diamantes-e-rubis-les-classiques\/","og_site_name":"Leit\u00e3o &amp; Irm\u00e3o","article_modified_time":"2026-03-02T10:31:44+00:00","og_image":[{"width":1080,"height":1350,"url":"https:\/\/www.leitao-irmao.com\/wp-content\/uploads\/2025\/10\/0206724.jpg","type":"image\/jpeg"}],"twitter_card":"summary_large_image","twitter_misc":{"Estimated reading time":"1 minute"},"schema":{"@context":"https:\/\/schema.org","@graph":[{"@type":"WebPage","@id":"https:\/\/www.leitao-irmao.com\/product\/anel-a-trois-diamantes-e-rubis-les-classiques\/","url":"https:\/\/www.leitao-irmao.com\/product\/anel-a-trois-diamantes-e-rubis-les-classiques\/","name":"Anel \u00c0 Trois Diamantes e Rubis | Les Classiques | Leit\u00e3o &amp; Irm\u00e3o","isPartOf":{"@id":"https:\/\/www.leitao-irmao.com\/#website"},"primaryImageOfPage":{"@id":"https:\/\/www.leitao-irmao.com\/product\/anel-a-trois-diamantes-e-rubis-les-classiques\/#primaryimage"},"image":{"@id":"https:\/\/www.leitao-irmao.com\/product\/anel-a-trois-diamantes-e-rubis-les-classiques\/#primaryimage"},"thumbnailUrl":"https:\/\/www.leitao-irmao.com\/wp-content\/uploads\/2025\/10\/0206724.jpg","datePublished":"2026-03-02T09:39:02+00:00","dateModified":"2026-03-02T10:31:44+00:00","description":"Descubra Les Classiques \u2013 \u00c0 Trois, a nova cole\u00e7\u00e3o da Leit\u00e3o & Irm\u00e3o que revisita os desenhos originais dos anos 30. Uma reinterpreta\u00e7\u00e3o contempor\u00e2nea dos cl\u00e1ssicos da Casa, s\u00edmbolo de eleg\u00e2ncia e heran\u00e7a do craftsmanship portugu\u00eas.","breadcrumb":{"@id":"https:\/\/www.leitao-irmao.com\/product\/anel-a-trois-diamantes-e-rubis-les-classiques\/#breadcrumb"},"inLanguage":"en-GB","potentialAction":[{"@type":"ReadAction","target":["https:\/\/www.leitao-irmao.com\/product\/anel-a-trois-diamantes-e-rubis-les-classiques\/"]}]},{"@type":"ImageObject","inLanguage":"en-GB","@id":"https:\/\/www.leitao-irmao.com\/product\/anel-a-trois-diamantes-e-rubis-les-classiques\/#primaryimage","url":"https:\/\/www.leitao-irmao.com\/wp-content\/uploads\/2025\/10\/0206724.jpg","contentUrl":"https:\/\/www.leitao-irmao.com\/wp-content\/uploads\/2025\/10\/0206724.jpg","width":1080,"height":1350},{"@type":"BreadcrumbList","@id":"https:\/\/www.leitao-irmao.com\/product\/anel-a-trois-diamantes-e-rubis-les-classiques\/#breadcrumb","itemListElement":[{"@type":"ListItem","position":1,"name":"Home","item":"https:\/\/www.leitao-irmao.com\/"},{"@type":"ListItem","position":2,"name":"Products","item":"https:\/\/www.leitao-irmao.com\/shop\/"},{"@type":"ListItem","position":3,"name":"Anel \u00c0 Trois Diamantes e Rubis | Les Classiques"}]},{"@type":"WebSite","@id":"https:\/\/www.leitao-irmao.com\/#website","url":"https:\/\/www.leitao-irmao.com\/","name":"Leit\u00e3o & Irm\u00e3o","description":"Joalheiros desde 1822","publisher":{"@id":"https:\/\/www.leitao-irmao.com\/#organization"},"potentialAction":[{"@type":"SearchAction","target":{"@type":"EntryPoint","urlTemplate":"https:\/\/www.leitao-irmao.com\/?s={search_term_string}"},"query-input":{"@type":"PropertyValueSpecification","valueRequired":true,"valueName":"search_term_string"}}],"inLanguage":"en-GB"},{"@type":"Organization","@id":"https:\/\/www.leitao-irmao.com\/#organization","name":"Leit\u00e3o & Irm\u00e3o","url":"https:\/\/www.leitao-irmao.com\/","logo":{"@type":"ImageObject","inLanguage":"en-GB","@id":"https:\/\/www.leitao-irmao.com\/#\/schema\/logo\/image\/","url":"https:\/\/www.leitao-irmao.com\/wp-content\/uploads\/2022\/11\/leitaoirmao-logo.png","contentUrl":"https:\/\/www.leitao-irmao.com\/wp-content\/uploads\/2022\/11\/leitaoirmao-logo.png","width":426,"height":89,"caption":"Leit\u00e3o & Irm\u00e3o"},"image":{"@id":"https:\/\/www.leitao-irmao.com\/#\/schema\/logo\/image\/"}}]}},"_links":{"self":[{"href":"https:\/\/www.leitao-irmao.com\/en\/wp-json\/wp\/v2\/product\/34523","targetHints":{"allow":["GET"]}}],"collection":[{"href":"https:\/\/www.leitao-irmao.com\/en\/wp-json\/wp\/v2\/product"}],"about":[{"href":"https:\/\/www.leitao-irmao.com\/en\/wp-json\/wp\/v2\/types\/product"}],"version-history":[{"count":2,"href":"https:\/\/www.leitao-irmao.com\/en\/wp-json\/wp\/v2\/product\/34523\/revisions"}],"predecessor-version":[{"id":34533,"href":"https:\/\/www.leitao-irmao.com\/en\/wp-json\/wp\/v2\/product\/34523\/revisions\/34533"}],"wp:featuredmedia":[{"embeddable":true,"href":"https:\/\/www.leitao-irmao.com\/en\/wp-json\/wp\/v2\/media\/37235"}],"wp:attachment":[{"href":"https:\/\/www.leitao-irmao.com\/en\/wp-json\/wp\/v2\/media?parent=34523"}],"wp:term":[{"taxonomy":"product_brand","embeddable":true,"href":"https:\/\/www.leitao-irmao.com\/en\/wp-json\/wp\/v2\/product_brand?post=34523"},{"taxonomy":"product_cat","embeddable":true,"href":"https:\/\/www.leitao-irmao.com\/en\/wp-json\/wp\/v2\/product_cat?post=34523"},{"taxonomy":"product_tag","embeddable":true,"href":"https:\/\/www.leitao-irmao.com\/en\/wp-json\/wp\/v2\/product_tag?post=34523"}],"curies":[{"name":"wp","href":"https:\/\/api.w.org\/{rel}","templated":true}]}}