{"id":35446,"date":"2025-11-26T12:58:43","date_gmt":"2025-11-26T12:58:43","guid":{"rendered":"https:\/\/www.leitao-irmao.com\/?post_type=product&#038;p=35446"},"modified":"2026-02-27T16:06:27","modified_gmt":"2026-02-27T16:06:27","slug":"pulseira-escrava-tubular-com-fecho-em-ouro-amarelo","status":"publish","type":"product","link":"https:\/\/www.leitao-irmao.com\/en\/product\/pulseira-escrava-tubular-com-fecho-em-ouro-amarelo\/","title":{"rendered":"Tubular slave bracelet with yellow gold clasp"},"content":{"rendered":"","protected":false},"excerpt":{"rendered":"<p>The tubular slave bracelet elevates the traditional model to contemporary design and modernity.<\/p>\n<p>With clasp for easy use. A modern and contemporary model in yellow gold.<\/p>","protected":false},"featured_media":35607,"template":"","meta":{"_acf_changed":false},"product_brand":[],"product_cat":[687,121,79,141,601,126,87],"product_tag":[278,323,706],"class_list":{"0":"post-35446","1":"product","2":"type-product","3":"status-publish","4":"has-post-thumbnail","6":"product_cat-clioro","7":"product_cat-gifts","8":"product_cat-joalharia","9":"product_cat-para-ela","10":"product_cat-pecas-de-fornecedor","11":"product_cat-presentes-entre-2500e-a-5000e","12":"product_cat-pulseiras","13":"product_tag-mulher","14":"product_tag-novidades","15":"product_tag-ouro-18k","17":"first","18":"instock","19":"shipping-taxable","20":"purchasable","21":"product-type-variable"},"acf":[],"yoast_head":"<!-- This site is optimized with the Yoast SEO plugin v25.4 - https:\/\/yoast.com\/wordpress\/plugins\/seo\/ -->\n<title>Pulseira escrava tubular com fecho em Ouro Amarelo | Leit\u00e3o &amp; Irm\u00e3o<\/title>\n<meta name=\"description\" content=\"A Pulseira escrava de sec\u00e7\u00e3o tubular, eleva o modelo tradicional ao design e modernidade. Com fecho para f\u00e1cil utiliza\u00e7\u00e3o. Moderno e atual em ouro.\" \/>\n<meta name=\"robots\" content=\"index, follow, max-snippet:-1, max-image-preview:large, max-video-preview:-1\" \/>\n<link rel=\"canonical\" href=\"https:\/\/www.leitao-irmao.com\/en\/product\/pulseira-escrava-tubular-com-fecho-em-ouro-amarelo\/\" \/>\n<meta property=\"og:locale\" content=\"en_GB\" \/>\n<meta property=\"og:type\" content=\"article\" \/>\n<meta property=\"og:title\" content=\"Pulseira escrava tubular com fecho em Ouro Amarelo | Leit\u00e3o &amp; Irm\u00e3o\" \/>\n<meta property=\"og:description\" content=\"A Pulseira escrava de sec\u00e7\u00e3o tubular, eleva o modelo tradicional ao design e modernidade. Com fecho para f\u00e1cil utiliza\u00e7\u00e3o. Moderno e atual em ouro.\" \/>\n<meta property=\"og:url\" content=\"https:\/\/www.leitao-irmao.com\/en\/product\/pulseira-escrava-tubular-com-fecho-em-ouro-amarelo\/\" \/>\n<meta property=\"og:site_name\" content=\"Leit\u00e3o &amp; Irm\u00e3o\" \/>\n<meta property=\"article:modified_time\" content=\"2026-02-27T16:06:27+00:00\" \/>\n<meta property=\"og:image\" content=\"https:\/\/www.leitao-irmao.com\/wp-content\/uploads\/2025\/12\/55081.7000.jpg\" \/>\n\t<meta property=\"og:image:width\" content=\"1535\" \/>\n\t<meta property=\"og:image:height\" content=\"1920\" \/>\n\t<meta property=\"og:image:type\" content=\"image\/jpeg\" \/>\n<meta name=\"twitter:card\" content=\"summary_large_image\" \/>\n<meta name=\"twitter:label1\" content=\"Estimated reading time\" \/>\n\t<meta name=\"twitter:data1\" content=\"1 minute\" \/>\n<script type=\"application\/ld+json\" class=\"yoast-schema-graph\">{\"@context\":\"https:\/\/schema.org\",\"@graph\":[{\"@type\":\"WebPage\",\"@id\":\"https:\/\/www.leitao-irmao.com\/product\/pulseira-escrava-tubular-com-fecho-em-ouro-amarelo\/\",\"url\":\"https:\/\/www.leitao-irmao.com\/product\/pulseira-escrava-tubular-com-fecho-em-ouro-amarelo\/\",\"name\":\"Pulseira escrava tubular com fecho em Ouro Amarelo | Leit\u00e3o &amp; Irm\u00e3o\",\"isPartOf\":{\"@id\":\"https:\/\/www.leitao-irmao.com\/#website\"},\"primaryImageOfPage\":{\"@id\":\"https:\/\/www.leitao-irmao.com\/product\/pulseira-escrava-tubular-com-fecho-em-ouro-amarelo\/#primaryimage\"},\"image\":{\"@id\":\"https:\/\/www.leitao-irmao.com\/product\/pulseira-escrava-tubular-com-fecho-em-ouro-amarelo\/#primaryimage\"},\"thumbnailUrl\":\"https:\/\/www.leitao-irmao.com\/wp-content\/uploads\/2025\/12\/55081.7000.jpg\",\"datePublished\":\"2025-11-26T12:58:43+00:00\",\"dateModified\":\"2026-02-27T16:06:27+00:00\",\"description\":\"A Pulseira escrava de sec\u00e7\u00e3o tubular, eleva o modelo tradicional ao design e modernidade. Com fecho para f\u00e1cil utiliza\u00e7\u00e3o. Moderno e atual em ouro.\",\"breadcrumb\":{\"@id\":\"https:\/\/www.leitao-irmao.com\/product\/pulseira-escrava-tubular-com-fecho-em-ouro-amarelo\/#breadcrumb\"},\"inLanguage\":\"en-GB\",\"potentialAction\":[{\"@type\":\"ReadAction\",\"target\":[\"https:\/\/www.leitao-irmao.com\/product\/pulseira-escrava-tubular-com-fecho-em-ouro-amarelo\/\"]}]},{\"@type\":\"ImageObject\",\"inLanguage\":\"en-GB\",\"@id\":\"https:\/\/www.leitao-irmao.com\/product\/pulseira-escrava-tubular-com-fecho-em-ouro-amarelo\/#primaryimage\",\"url\":\"https:\/\/www.leitao-irmao.com\/wp-content\/uploads\/2025\/12\/55081.7000.jpg\",\"contentUrl\":\"https:\/\/www.leitao-irmao.com\/wp-content\/uploads\/2025\/12\/55081.7000.jpg\",\"width\":1535,\"height\":1920},{\"@type\":\"BreadcrumbList\",\"@id\":\"https:\/\/www.leitao-irmao.com\/product\/pulseira-escrava-tubular-com-fecho-em-ouro-amarelo\/#breadcrumb\",\"itemListElement\":[{\"@type\":\"ListItem\",\"position\":1,\"name\":\"Home\",\"item\":\"https:\/\/www.leitao-irmao.com\/\"},{\"@type\":\"ListItem\",\"position\":2,\"name\":\"Products\",\"item\":\"https:\/\/www.leitao-irmao.com\/shop\/\"},{\"@type\":\"ListItem\",\"position\":3,\"name\":\"Pulseira escrava tubular com fecho em Ouro Amarelo\"}]},{\"@type\":\"WebSite\",\"@id\":\"https:\/\/www.leitao-irmao.com\/#website\",\"url\":\"https:\/\/www.leitao-irmao.com\/\",\"name\":\"Leit\u00e3o & Irm\u00e3o\",\"description\":\"Joalheiros desde 1822\",\"publisher\":{\"@id\":\"https:\/\/www.leitao-irmao.com\/#organization\"},\"potentialAction\":[{\"@type\":\"SearchAction\",\"target\":{\"@type\":\"EntryPoint\",\"urlTemplate\":\"https:\/\/www.leitao-irmao.com\/?s={search_term_string}\"},\"query-input\":{\"@type\":\"PropertyValueSpecification\",\"valueRequired\":true,\"valueName\":\"search_term_string\"}}],\"inLanguage\":\"en-GB\"},{\"@type\":\"Organization\",\"@id\":\"https:\/\/www.leitao-irmao.com\/#organization\",\"name\":\"Leit\u00e3o & Irm\u00e3o\",\"url\":\"https:\/\/www.leitao-irmao.com\/\",\"logo\":{\"@type\":\"ImageObject\",\"inLanguage\":\"en-GB\",\"@id\":\"https:\/\/www.leitao-irmao.com\/#\/schema\/logo\/image\/\",\"url\":\"https:\/\/www.leitao-irmao.com\/wp-content\/uploads\/2022\/11\/leitaoirmao-logo.png\",\"contentUrl\":\"https:\/\/www.leitao-irmao.com\/wp-content\/uploads\/2022\/11\/leitaoirmao-logo.png\",\"width\":426,\"height\":89,\"caption\":\"Leit\u00e3o & Irm\u00e3o\"},\"image\":{\"@id\":\"https:\/\/www.leitao-irmao.com\/#\/schema\/logo\/image\/\"}}]}<\/script>\n<!-- \/ Yoast SEO plugin. -->","yoast_head_json":{"title":"Pulseira escrava tubular com fecho em Ouro Amarelo | Leit\u00e3o &amp; Irm\u00e3o","description":"A Pulseira escrava de sec\u00e7\u00e3o tubular, eleva o modelo tradicional ao design e modernidade. Com fecho para f\u00e1cil utiliza\u00e7\u00e3o. Moderno e atual em ouro.","robots":{"index":"index","follow":"follow","max-snippet":"max-snippet:-1","max-image-preview":"max-image-preview:large","max-video-preview":"max-video-preview:-1"},"canonical":"https:\/\/www.leitao-irmao.com\/en\/product\/pulseira-escrava-tubular-com-fecho-em-ouro-amarelo\/","og_locale":"en_GB","og_type":"article","og_title":"Pulseira escrava tubular com fecho em Ouro Amarelo | Leit\u00e3o &amp; Irm\u00e3o","og_description":"A Pulseira escrava de sec\u00e7\u00e3o tubular, eleva o modelo tradicional ao design e modernidade. Com fecho para f\u00e1cil utiliza\u00e7\u00e3o. Moderno e atual em ouro.","og_url":"https:\/\/www.leitao-irmao.com\/en\/product\/pulseira-escrava-tubular-com-fecho-em-ouro-amarelo\/","og_site_name":"Leit\u00e3o &amp; Irm\u00e3o","article_modified_time":"2026-02-27T16:06:27+00:00","og_image":[{"width":1535,"height":1920,"url":"https:\/\/www.leitao-irmao.com\/wp-content\/uploads\/2025\/12\/55081.7000.jpg","type":"image\/jpeg"}],"twitter_card":"summary_large_image","twitter_misc":{"Estimated reading time":"1 minute"},"schema":{"@context":"https:\/\/schema.org","@graph":[{"@type":"WebPage","@id":"https:\/\/www.leitao-irmao.com\/product\/pulseira-escrava-tubular-com-fecho-em-ouro-amarelo\/","url":"https:\/\/www.leitao-irmao.com\/product\/pulseira-escrava-tubular-com-fecho-em-ouro-amarelo\/","name":"Pulseira escrava tubular com fecho em Ouro Amarelo | Leit\u00e3o &amp; Irm\u00e3o","isPartOf":{"@id":"https:\/\/www.leitao-irmao.com\/#website"},"primaryImageOfPage":{"@id":"https:\/\/www.leitao-irmao.com\/product\/pulseira-escrava-tubular-com-fecho-em-ouro-amarelo\/#primaryimage"},"image":{"@id":"https:\/\/www.leitao-irmao.com\/product\/pulseira-escrava-tubular-com-fecho-em-ouro-amarelo\/#primaryimage"},"thumbnailUrl":"https:\/\/www.leitao-irmao.com\/wp-content\/uploads\/2025\/12\/55081.7000.jpg","datePublished":"2025-11-26T12:58:43+00:00","dateModified":"2026-02-27T16:06:27+00:00","description":"A Pulseira escrava de sec\u00e7\u00e3o tubular, eleva o modelo tradicional ao design e modernidade. Com fecho para f\u00e1cil utiliza\u00e7\u00e3o. Moderno e atual em ouro.","breadcrumb":{"@id":"https:\/\/www.leitao-irmao.com\/product\/pulseira-escrava-tubular-com-fecho-em-ouro-amarelo\/#breadcrumb"},"inLanguage":"en-GB","potentialAction":[{"@type":"ReadAction","target":["https:\/\/www.leitao-irmao.com\/product\/pulseira-escrava-tubular-com-fecho-em-ouro-amarelo\/"]}]},{"@type":"ImageObject","inLanguage":"en-GB","@id":"https:\/\/www.leitao-irmao.com\/product\/pulseira-escrava-tubular-com-fecho-em-ouro-amarelo\/#primaryimage","url":"https:\/\/www.leitao-irmao.com\/wp-content\/uploads\/2025\/12\/55081.7000.jpg","contentUrl":"https:\/\/www.leitao-irmao.com\/wp-content\/uploads\/2025\/12\/55081.7000.jpg","width":1535,"height":1920},{"@type":"BreadcrumbList","@id":"https:\/\/www.leitao-irmao.com\/product\/pulseira-escrava-tubular-com-fecho-em-ouro-amarelo\/#breadcrumb","itemListElement":[{"@type":"ListItem","position":1,"name":"Home","item":"https:\/\/www.leitao-irmao.com\/"},{"@type":"ListItem","position":2,"name":"Products","item":"https:\/\/www.leitao-irmao.com\/shop\/"},{"@type":"ListItem","position":3,"name":"Pulseira escrava tubular com fecho em Ouro Amarelo"}]},{"@type":"WebSite","@id":"https:\/\/www.leitao-irmao.com\/#website","url":"https:\/\/www.leitao-irmao.com\/","name":"Leit\u00e3o & Irm\u00e3o","description":"Joalheiros desde 1822","publisher":{"@id":"https:\/\/www.leitao-irmao.com\/#organization"},"potentialAction":[{"@type":"SearchAction","target":{"@type":"EntryPoint","urlTemplate":"https:\/\/www.leitao-irmao.com\/?s={search_term_string}"},"query-input":{"@type":"PropertyValueSpecification","valueRequired":true,"valueName":"search_term_string"}}],"inLanguage":"en-GB"},{"@type":"Organization","@id":"https:\/\/www.leitao-irmao.com\/#organization","name":"Leit\u00e3o & Irm\u00e3o","url":"https:\/\/www.leitao-irmao.com\/","logo":{"@type":"ImageObject","inLanguage":"en-GB","@id":"https:\/\/www.leitao-irmao.com\/#\/schema\/logo\/image\/","url":"https:\/\/www.leitao-irmao.com\/wp-content\/uploads\/2022\/11\/leitaoirmao-logo.png","contentUrl":"https:\/\/www.leitao-irmao.com\/wp-content\/uploads\/2022\/11\/leitaoirmao-logo.png","width":426,"height":89,"caption":"Leit\u00e3o & Irm\u00e3o"},"image":{"@id":"https:\/\/www.leitao-irmao.com\/#\/schema\/logo\/image\/"}}]}},"_links":{"self":[{"href":"https:\/\/www.leitao-irmao.com\/en\/wp-json\/wp\/v2\/product\/35446","targetHints":{"allow":["GET"]}}],"collection":[{"href":"https:\/\/www.leitao-irmao.com\/en\/wp-json\/wp\/v2\/product"}],"about":[{"href":"https:\/\/www.leitao-irmao.com\/en\/wp-json\/wp\/v2\/types\/product"}],"version-history":[{"count":2,"href":"https:\/\/www.leitao-irmao.com\/en\/wp-json\/wp\/v2\/product\/35446\/revisions"}],"predecessor-version":[{"id":35606,"href":"https:\/\/www.leitao-irmao.com\/en\/wp-json\/wp\/v2\/product\/35446\/revisions\/35606"}],"wp:featuredmedia":[{"embeddable":true,"href":"https:\/\/www.leitao-irmao.com\/en\/wp-json\/wp\/v2\/media\/35607"}],"wp:attachment":[{"href":"https:\/\/www.leitao-irmao.com\/en\/wp-json\/wp\/v2\/media?parent=35446"}],"wp:term":[{"taxonomy":"product_brand","embeddable":true,"href":"https:\/\/www.leitao-irmao.com\/en\/wp-json\/wp\/v2\/product_brand?post=35446"},{"taxonomy":"product_cat","embeddable":true,"href":"https:\/\/www.leitao-irmao.com\/en\/wp-json\/wp\/v2\/product_cat?post=35446"},{"taxonomy":"product_tag","embeddable":true,"href":"https:\/\/www.leitao-irmao.com\/en\/wp-json\/wp\/v2\/product_tag?post=35446"}],"curies":[{"name":"wp","href":"https:\/\/api.w.org\/{rel}","templated":true}]}}