{"id":35939,"date":"2025-12-30T17:14:24","date_gmt":"2025-12-30T17:14:24","guid":{"rendered":"https:\/\/www.leitao-irmao.com\/?post_type=product&#038;p=35939"},"modified":"2026-02-04T15:58:26","modified_gmt":"2026-02-04T15:58:26","slug":"par-de-argolas-em-ouro-amarelo-com-diamantes","status":"publish","type":"product","link":"https:\/\/www.leitao-irmao.com\/en\/product\/par-de-argolas-em-ouro-amarelo-com-diamantes\/","title":{"rendered":"Pair of yellow gold hoop earrings with diamonds"},"content":{"rendered":"","protected":false},"excerpt":{"rendered":"<p>Discover Leit\u00e3o &amp; Irm\u00e3o's smooth yellow gold rings. A sophisticated piece, ideal for enhancing your elegance at any time of day.<\/p>","protected":false},"featured_media":35940,"template":"","meta":{"_acf_changed":false},"product_brand":[],"product_cat":[698,83,687,132,121,79,141,601,135,127],"product_tag":[278,323,271],"class_list":{"0":"post-35939","1":"product","2":"type-product","3":"status-publish","4":"has-post-thumbnail","6":"product_cat-argolas","7":"product_cat-brincos","8":"product_cat-clioro","9":"product_cat-dia-dos-namorados","10":"product_cat-gifts","11":"product_cat-joalharia","12":"product_cat-para-ela","13":"product_cat-pecas-de-fornecedor","14":"product_cat-natal","15":"product_cat-presentes-entre-5000e-a-10000e","16":"product_tag-mulher","17":"product_tag-novidades","18":"product_tag-ouro","20":"first","21":"instock","22":"shipping-taxable","23":"purchasable","24":"product-type-simple"},"acf":[],"yoast_head":"<!-- This site is optimized with the Yoast SEO plugin v25.4 - https:\/\/yoast.com\/wordpress\/plugins\/seo\/ -->\n<title>Par de Argolas em ouro amarelo com diamantes | Leit\u00e3o &amp; Irm\u00e3o<\/title>\n<meta name=\"description\" content=\"Descubra as argolas em ouro da Leit\u00e3o &amp; Irm\u00e3o. Uma pe\u00e7a sofisticada, ideal para elevar a sua eleg\u00e2ncia em cada momento do dia.\" \/>\n<meta name=\"robots\" content=\"index, follow, max-snippet:-1, max-image-preview:large, max-video-preview:-1\" \/>\n<link rel=\"canonical\" href=\"https:\/\/www.leitao-irmao.com\/en\/product\/par-de-argolas-em-ouro-amarelo-com-diamantes\/\" \/>\n<meta property=\"og:locale\" content=\"en_GB\" \/>\n<meta property=\"og:type\" content=\"article\" \/>\n<meta property=\"og:title\" content=\"Par de Argolas em ouro amarelo com diamantes | Leit\u00e3o &amp; Irm\u00e3o\" \/>\n<meta property=\"og:description\" content=\"Descubra as argolas em ouro da Leit\u00e3o &amp; Irm\u00e3o. Uma pe\u00e7a sofisticada, ideal para elevar a sua eleg\u00e2ncia em cada momento do dia.\" \/>\n<meta property=\"og:url\" content=\"https:\/\/www.leitao-irmao.com\/en\/product\/par-de-argolas-em-ouro-amarelo-com-diamantes\/\" \/>\n<meta property=\"og:site_name\" content=\"Leit\u00e3o &amp; Irm\u00e3o\" \/>\n<meta property=\"article:modified_time\" content=\"2026-02-04T15:58:26+00:00\" \/>\n<meta property=\"og:image\" content=\"https:\/\/www.leitao-irmao.com\/wp-content\/uploads\/2025\/12\/95833.7000B.jpg\" \/>\n\t<meta property=\"og:image:width\" content=\"1088\" \/>\n\t<meta property=\"og:image:height\" content=\"1359\" \/>\n\t<meta property=\"og:image:type\" content=\"image\/jpeg\" \/>\n<meta name=\"twitter:card\" content=\"summary_large_image\" \/>\n<meta name=\"twitter:label1\" content=\"Estimated reading time\" \/>\n\t<meta name=\"twitter:data1\" content=\"1 minute\" \/>\n<script type=\"application\/ld+json\" class=\"yoast-schema-graph\">{\"@context\":\"https:\/\/schema.org\",\"@graph\":[{\"@type\":\"WebPage\",\"@id\":\"https:\/\/www.leitao-irmao.com\/product\/par-de-argolas-em-ouro-amarelo-com-diamantes\/\",\"url\":\"https:\/\/www.leitao-irmao.com\/product\/par-de-argolas-em-ouro-amarelo-com-diamantes\/\",\"name\":\"Par de Argolas em ouro amarelo com diamantes | Leit\u00e3o &amp; Irm\u00e3o\",\"isPartOf\":{\"@id\":\"https:\/\/www.leitao-irmao.com\/#website\"},\"primaryImageOfPage\":{\"@id\":\"https:\/\/www.leitao-irmao.com\/product\/par-de-argolas-em-ouro-amarelo-com-diamantes\/#primaryimage\"},\"image\":{\"@id\":\"https:\/\/www.leitao-irmao.com\/product\/par-de-argolas-em-ouro-amarelo-com-diamantes\/#primaryimage\"},\"thumbnailUrl\":\"https:\/\/www.leitao-irmao.com\/wp-content\/uploads\/2025\/12\/95833.7000B.jpg\",\"datePublished\":\"2025-12-30T17:14:24+00:00\",\"dateModified\":\"2026-02-04T15:58:26+00:00\",\"description\":\"Descubra as argolas em ouro da Leit\u00e3o & Irm\u00e3o. Uma pe\u00e7a sofisticada, ideal para elevar a sua eleg\u00e2ncia em cada momento do dia.\",\"breadcrumb\":{\"@id\":\"https:\/\/www.leitao-irmao.com\/product\/par-de-argolas-em-ouro-amarelo-com-diamantes\/#breadcrumb\"},\"inLanguage\":\"en-GB\",\"potentialAction\":[{\"@type\":\"ReadAction\",\"target\":[\"https:\/\/www.leitao-irmao.com\/product\/par-de-argolas-em-ouro-amarelo-com-diamantes\/\"]}]},{\"@type\":\"ImageObject\",\"inLanguage\":\"en-GB\",\"@id\":\"https:\/\/www.leitao-irmao.com\/product\/par-de-argolas-em-ouro-amarelo-com-diamantes\/#primaryimage\",\"url\":\"https:\/\/www.leitao-irmao.com\/wp-content\/uploads\/2025\/12\/95833.7000B.jpg\",\"contentUrl\":\"https:\/\/www.leitao-irmao.com\/wp-content\/uploads\/2025\/12\/95833.7000B.jpg\",\"width\":1088,\"height\":1359},{\"@type\":\"BreadcrumbList\",\"@id\":\"https:\/\/www.leitao-irmao.com\/product\/par-de-argolas-em-ouro-amarelo-com-diamantes\/#breadcrumb\",\"itemListElement\":[{\"@type\":\"ListItem\",\"position\":1,\"name\":\"Home\",\"item\":\"https:\/\/www.leitao-irmao.com\/\"},{\"@type\":\"ListItem\",\"position\":2,\"name\":\"Products\",\"item\":\"https:\/\/www.leitao-irmao.com\/shop\/\"},{\"@type\":\"ListItem\",\"position\":3,\"name\":\"Par de Argolas em ouro amarelo com diamantes\"}]},{\"@type\":\"WebSite\",\"@id\":\"https:\/\/www.leitao-irmao.com\/#website\",\"url\":\"https:\/\/www.leitao-irmao.com\/\",\"name\":\"Leit\u00e3o & Irm\u00e3o\",\"description\":\"Joalheiros desde 1822\",\"publisher\":{\"@id\":\"https:\/\/www.leitao-irmao.com\/#organization\"},\"potentialAction\":[{\"@type\":\"SearchAction\",\"target\":{\"@type\":\"EntryPoint\",\"urlTemplate\":\"https:\/\/www.leitao-irmao.com\/?s={search_term_string}\"},\"query-input\":{\"@type\":\"PropertyValueSpecification\",\"valueRequired\":true,\"valueName\":\"search_term_string\"}}],\"inLanguage\":\"en-GB\"},{\"@type\":\"Organization\",\"@id\":\"https:\/\/www.leitao-irmao.com\/#organization\",\"name\":\"Leit\u00e3o & Irm\u00e3o\",\"url\":\"https:\/\/www.leitao-irmao.com\/\",\"logo\":{\"@type\":\"ImageObject\",\"inLanguage\":\"en-GB\",\"@id\":\"https:\/\/www.leitao-irmao.com\/#\/schema\/logo\/image\/\",\"url\":\"https:\/\/www.leitao-irmao.com\/wp-content\/uploads\/2022\/11\/leitaoirmao-logo.png\",\"contentUrl\":\"https:\/\/www.leitao-irmao.com\/wp-content\/uploads\/2022\/11\/leitaoirmao-logo.png\",\"width\":426,\"height\":89,\"caption\":\"Leit\u00e3o & Irm\u00e3o\"},\"image\":{\"@id\":\"https:\/\/www.leitao-irmao.com\/#\/schema\/logo\/image\/\"}}]}<\/script>\n<!-- \/ Yoast SEO plugin. -->","yoast_head_json":{"title":"Par de Argolas em ouro amarelo com diamantes | Leit\u00e3o &amp; Irm\u00e3o","description":"Descubra as argolas em ouro da Leit\u00e3o & Irm\u00e3o. Uma pe\u00e7a sofisticada, ideal para elevar a sua eleg\u00e2ncia em cada momento do dia.","robots":{"index":"index","follow":"follow","max-snippet":"max-snippet:-1","max-image-preview":"max-image-preview:large","max-video-preview":"max-video-preview:-1"},"canonical":"https:\/\/www.leitao-irmao.com\/en\/product\/par-de-argolas-em-ouro-amarelo-com-diamantes\/","og_locale":"en_GB","og_type":"article","og_title":"Par de Argolas em ouro amarelo com diamantes | Leit\u00e3o &amp; Irm\u00e3o","og_description":"Descubra as argolas em ouro da Leit\u00e3o & Irm\u00e3o. Uma pe\u00e7a sofisticada, ideal para elevar a sua eleg\u00e2ncia em cada momento do dia.","og_url":"https:\/\/www.leitao-irmao.com\/en\/product\/par-de-argolas-em-ouro-amarelo-com-diamantes\/","og_site_name":"Leit\u00e3o &amp; Irm\u00e3o","article_modified_time":"2026-02-04T15:58:26+00:00","og_image":[{"width":1088,"height":1359,"url":"https:\/\/www.leitao-irmao.com\/wp-content\/uploads\/2025\/12\/95833.7000B.jpg","type":"image\/jpeg"}],"twitter_card":"summary_large_image","twitter_misc":{"Estimated reading time":"1 minute"},"schema":{"@context":"https:\/\/schema.org","@graph":[{"@type":"WebPage","@id":"https:\/\/www.leitao-irmao.com\/product\/par-de-argolas-em-ouro-amarelo-com-diamantes\/","url":"https:\/\/www.leitao-irmao.com\/product\/par-de-argolas-em-ouro-amarelo-com-diamantes\/","name":"Par de Argolas em ouro amarelo com diamantes | Leit\u00e3o &amp; Irm\u00e3o","isPartOf":{"@id":"https:\/\/www.leitao-irmao.com\/#website"},"primaryImageOfPage":{"@id":"https:\/\/www.leitao-irmao.com\/product\/par-de-argolas-em-ouro-amarelo-com-diamantes\/#primaryimage"},"image":{"@id":"https:\/\/www.leitao-irmao.com\/product\/par-de-argolas-em-ouro-amarelo-com-diamantes\/#primaryimage"},"thumbnailUrl":"https:\/\/www.leitao-irmao.com\/wp-content\/uploads\/2025\/12\/95833.7000B.jpg","datePublished":"2025-12-30T17:14:24+00:00","dateModified":"2026-02-04T15:58:26+00:00","description":"Descubra as argolas em ouro da Leit\u00e3o & Irm\u00e3o. Uma pe\u00e7a sofisticada, ideal para elevar a sua eleg\u00e2ncia em cada momento do dia.","breadcrumb":{"@id":"https:\/\/www.leitao-irmao.com\/product\/par-de-argolas-em-ouro-amarelo-com-diamantes\/#breadcrumb"},"inLanguage":"en-GB","potentialAction":[{"@type":"ReadAction","target":["https:\/\/www.leitao-irmao.com\/product\/par-de-argolas-em-ouro-amarelo-com-diamantes\/"]}]},{"@type":"ImageObject","inLanguage":"en-GB","@id":"https:\/\/www.leitao-irmao.com\/product\/par-de-argolas-em-ouro-amarelo-com-diamantes\/#primaryimage","url":"https:\/\/www.leitao-irmao.com\/wp-content\/uploads\/2025\/12\/95833.7000B.jpg","contentUrl":"https:\/\/www.leitao-irmao.com\/wp-content\/uploads\/2025\/12\/95833.7000B.jpg","width":1088,"height":1359},{"@type":"BreadcrumbList","@id":"https:\/\/www.leitao-irmao.com\/product\/par-de-argolas-em-ouro-amarelo-com-diamantes\/#breadcrumb","itemListElement":[{"@type":"ListItem","position":1,"name":"Home","item":"https:\/\/www.leitao-irmao.com\/"},{"@type":"ListItem","position":2,"name":"Products","item":"https:\/\/www.leitao-irmao.com\/shop\/"},{"@type":"ListItem","position":3,"name":"Par de Argolas em ouro amarelo com diamantes"}]},{"@type":"WebSite","@id":"https:\/\/www.leitao-irmao.com\/#website","url":"https:\/\/www.leitao-irmao.com\/","name":"Leit\u00e3o & Irm\u00e3o","description":"Joalheiros desde 1822","publisher":{"@id":"https:\/\/www.leitao-irmao.com\/#organization"},"potentialAction":[{"@type":"SearchAction","target":{"@type":"EntryPoint","urlTemplate":"https:\/\/www.leitao-irmao.com\/?s={search_term_string}"},"query-input":{"@type":"PropertyValueSpecification","valueRequired":true,"valueName":"search_term_string"}}],"inLanguage":"en-GB"},{"@type":"Organization","@id":"https:\/\/www.leitao-irmao.com\/#organization","name":"Leit\u00e3o & Irm\u00e3o","url":"https:\/\/www.leitao-irmao.com\/","logo":{"@type":"ImageObject","inLanguage":"en-GB","@id":"https:\/\/www.leitao-irmao.com\/#\/schema\/logo\/image\/","url":"https:\/\/www.leitao-irmao.com\/wp-content\/uploads\/2022\/11\/leitaoirmao-logo.png","contentUrl":"https:\/\/www.leitao-irmao.com\/wp-content\/uploads\/2022\/11\/leitaoirmao-logo.png","width":426,"height":89,"caption":"Leit\u00e3o & Irm\u00e3o"},"image":{"@id":"https:\/\/www.leitao-irmao.com\/#\/schema\/logo\/image\/"}}]}},"_links":{"self":[{"href":"https:\/\/www.leitao-irmao.com\/en\/wp-json\/wp\/v2\/product\/35939","targetHints":{"allow":["GET"]}}],"collection":[{"href":"https:\/\/www.leitao-irmao.com\/en\/wp-json\/wp\/v2\/product"}],"about":[{"href":"https:\/\/www.leitao-irmao.com\/en\/wp-json\/wp\/v2\/types\/product"}],"version-history":[{"count":1,"href":"https:\/\/www.leitao-irmao.com\/en\/wp-json\/wp\/v2\/product\/35939\/revisions"}],"predecessor-version":[{"id":35942,"href":"https:\/\/www.leitao-irmao.com\/en\/wp-json\/wp\/v2\/product\/35939\/revisions\/35942"}],"wp:featuredmedia":[{"embeddable":true,"href":"https:\/\/www.leitao-irmao.com\/en\/wp-json\/wp\/v2\/media\/35940"}],"wp:attachment":[{"href":"https:\/\/www.leitao-irmao.com\/en\/wp-json\/wp\/v2\/media?parent=35939"}],"wp:term":[{"taxonomy":"product_brand","embeddable":true,"href":"https:\/\/www.leitao-irmao.com\/en\/wp-json\/wp\/v2\/product_brand?post=35939"},{"taxonomy":"product_cat","embeddable":true,"href":"https:\/\/www.leitao-irmao.com\/en\/wp-json\/wp\/v2\/product_cat?post=35939"},{"taxonomy":"product_tag","embeddable":true,"href":"https:\/\/www.leitao-irmao.com\/en\/wp-json\/wp\/v2\/product_tag?post=35939"}],"curies":[{"name":"wp","href":"https:\/\/api.w.org\/{rel}","templated":true}]}}