{"id":36125,"date":"2026-01-02T15:30:59","date_gmt":"2026-01-02T15:30:59","guid":{"rendered":"https:\/\/www.leitao-irmao.com\/?post_type=product&#038;p=36125"},"modified":"2026-02-27T16:02:21","modified_gmt":"2026-02-27T16:02:21","slug":"escapulario-em-ouro-amarelo","status":"publish","type":"product","link":"https:\/\/www.leitao-irmao.com\/en\/product\/escapulario-em-ouro-amarelo\/","title":{"rendered":"Yellow gold scapular"},"content":{"rendered":"","protected":false},"excerpt":{"rendered":"<p>Descubra o escapul\u00e1rio em ouro da Leit\u00e3o &amp; Irm\u00e3o. Pe\u00e7as de significado intemporal, criadas para acompanhar a sua f\u00e9 e eleg\u00e2ncia em todos os momentos.<\/p>","protected":false},"featured_media":36126,"template":"","meta":{"_acf_changed":false},"product_brand":[],"product_cat":[84,121,79,141,601,691,125],"product_tag":[278,323,706],"class_list":{"0":"post-36125","1":"product","2":"type-product","3":"status-publish","4":"has-post-thumbnail","6":"product_cat-fios-e-colares-joalharia-portuguesa-leitao-irmao","7":"product_cat-gifts","8":"product_cat-joalharia","9":"product_cat-para-ela","10":"product_cat-pecas-de-fornecedor","11":"product_cat-pie-de-rey","12":"product_cat-presentes-entre-1000e-a-2500e","13":"product_tag-mulher","14":"product_tag-novidades","15":"product_tag-ouro-18k","17":"first","18":"instock","19":"shipping-taxable","20":"purchasable","21":"product-type-simple"},"acf":[],"yoast_head":"<!-- This site is optimized with the Yoast SEO plugin v25.4 - https:\/\/yoast.com\/wordpress\/plugins\/seo\/ -->\n<title>Escapul\u00e1rio em ouro amarelo | Leit\u00e3o &amp; Irm\u00e3o<\/title>\n<meta name=\"description\" content=\"Descubra o escapul\u00e1rio em ouro da Leit\u00e3o &amp; Irm\u00e3o. Pe\u00e7as de significado intemporal, criadas para acompanhar a sua f\u00e9 e eleg\u00e2ncia em todos os momentos.\" \/>\n<meta name=\"robots\" content=\"index, follow, max-snippet:-1, max-image-preview:large, max-video-preview:-1\" \/>\n<link rel=\"canonical\" href=\"https:\/\/www.leitao-irmao.com\/en\/product\/escapulario-em-ouro-amarelo\/\" \/>\n<meta property=\"og:locale\" content=\"en_GB\" \/>\n<meta property=\"og:type\" content=\"article\" \/>\n<meta property=\"og:title\" content=\"Escapul\u00e1rio em ouro amarelo | Leit\u00e3o &amp; Irm\u00e3o\" \/>\n<meta property=\"og:description\" content=\"Descubra o escapul\u00e1rio em ouro da Leit\u00e3o &amp; Irm\u00e3o. Pe\u00e7as de significado intemporal, criadas para acompanhar a sua f\u00e9 e eleg\u00e2ncia em todos os momentos.\" \/>\n<meta property=\"og:url\" content=\"https:\/\/www.leitao-irmao.com\/en\/product\/escapulario-em-ouro-amarelo\/\" \/>\n<meta property=\"og:site_name\" content=\"Leit\u00e3o &amp; Irm\u00e3o\" \/>\n<meta property=\"article:modified_time\" content=\"2026-02-27T16:02:21+00:00\" \/>\n<meta property=\"og:image\" content=\"https:\/\/www.leitao-irmao.com\/wp-content\/uploads\/2026\/01\/A91401G11_75.jpg\" \/>\n\t<meta property=\"og:image:width\" content=\"800\" \/>\n\t<meta property=\"og:image:height\" content=\"1000\" \/>\n\t<meta property=\"og:image:type\" content=\"image\/jpeg\" \/>\n<meta name=\"twitter:card\" content=\"summary_large_image\" \/>\n<meta name=\"twitter:label1\" content=\"Estimated reading time\" \/>\n\t<meta name=\"twitter:data1\" content=\"1 minute\" \/>\n<script type=\"application\/ld+json\" class=\"yoast-schema-graph\">{\"@context\":\"https:\/\/schema.org\",\"@graph\":[{\"@type\":\"WebPage\",\"@id\":\"https:\/\/www.leitao-irmao.com\/product\/escapulario-em-ouro-amarelo\/\",\"url\":\"https:\/\/www.leitao-irmao.com\/product\/escapulario-em-ouro-amarelo\/\",\"name\":\"Escapul\u00e1rio em ouro amarelo | Leit\u00e3o &amp; Irm\u00e3o\",\"isPartOf\":{\"@id\":\"https:\/\/www.leitao-irmao.com\/#website\"},\"primaryImageOfPage\":{\"@id\":\"https:\/\/www.leitao-irmao.com\/product\/escapulario-em-ouro-amarelo\/#primaryimage\"},\"image\":{\"@id\":\"https:\/\/www.leitao-irmao.com\/product\/escapulario-em-ouro-amarelo\/#primaryimage\"},\"thumbnailUrl\":\"https:\/\/www.leitao-irmao.com\/wp-content\/uploads\/2026\/01\/A91401G11_75.jpg\",\"datePublished\":\"2026-01-02T15:30:59+00:00\",\"dateModified\":\"2026-02-27T16:02:21+00:00\",\"description\":\"Descubra o escapul\u00e1rio em ouro da Leit\u00e3o & Irm\u00e3o. Pe\u00e7as de significado intemporal, criadas para acompanhar a sua f\u00e9 e eleg\u00e2ncia em todos os momentos.\",\"breadcrumb\":{\"@id\":\"https:\/\/www.leitao-irmao.com\/product\/escapulario-em-ouro-amarelo\/#breadcrumb\"},\"inLanguage\":\"en-GB\",\"potentialAction\":[{\"@type\":\"ReadAction\",\"target\":[\"https:\/\/www.leitao-irmao.com\/product\/escapulario-em-ouro-amarelo\/\"]}]},{\"@type\":\"ImageObject\",\"inLanguage\":\"en-GB\",\"@id\":\"https:\/\/www.leitao-irmao.com\/product\/escapulario-em-ouro-amarelo\/#primaryimage\",\"url\":\"https:\/\/www.leitao-irmao.com\/wp-content\/uploads\/2026\/01\/A91401G11_75.jpg\",\"contentUrl\":\"https:\/\/www.leitao-irmao.com\/wp-content\/uploads\/2026\/01\/A91401G11_75.jpg\",\"width\":800,\"height\":1000},{\"@type\":\"BreadcrumbList\",\"@id\":\"https:\/\/www.leitao-irmao.com\/product\/escapulario-em-ouro-amarelo\/#breadcrumb\",\"itemListElement\":[{\"@type\":\"ListItem\",\"position\":1,\"name\":\"Home\",\"item\":\"https:\/\/www.leitao-irmao.com\/\"},{\"@type\":\"ListItem\",\"position\":2,\"name\":\"Products\",\"item\":\"https:\/\/www.leitao-irmao.com\/shop\/\"},{\"@type\":\"ListItem\",\"position\":3,\"name\":\"Escapul\u00e1rio em ouro amarelo\"}]},{\"@type\":\"WebSite\",\"@id\":\"https:\/\/www.leitao-irmao.com\/#website\",\"url\":\"https:\/\/www.leitao-irmao.com\/\",\"name\":\"Leit\u00e3o & Irm\u00e3o\",\"description\":\"Joalheiros desde 1822\",\"publisher\":{\"@id\":\"https:\/\/www.leitao-irmao.com\/#organization\"},\"potentialAction\":[{\"@type\":\"SearchAction\",\"target\":{\"@type\":\"EntryPoint\",\"urlTemplate\":\"https:\/\/www.leitao-irmao.com\/?s={search_term_string}\"},\"query-input\":{\"@type\":\"PropertyValueSpecification\",\"valueRequired\":true,\"valueName\":\"search_term_string\"}}],\"inLanguage\":\"en-GB\"},{\"@type\":\"Organization\",\"@id\":\"https:\/\/www.leitao-irmao.com\/#organization\",\"name\":\"Leit\u00e3o & Irm\u00e3o\",\"url\":\"https:\/\/www.leitao-irmao.com\/\",\"logo\":{\"@type\":\"ImageObject\",\"inLanguage\":\"en-GB\",\"@id\":\"https:\/\/www.leitao-irmao.com\/#\/schema\/logo\/image\/\",\"url\":\"https:\/\/www.leitao-irmao.com\/wp-content\/uploads\/2022\/11\/leitaoirmao-logo.png\",\"contentUrl\":\"https:\/\/www.leitao-irmao.com\/wp-content\/uploads\/2022\/11\/leitaoirmao-logo.png\",\"width\":426,\"height\":89,\"caption\":\"Leit\u00e3o & Irm\u00e3o\"},\"image\":{\"@id\":\"https:\/\/www.leitao-irmao.com\/#\/schema\/logo\/image\/\"}}]}<\/script>\n<!-- \/ Yoast SEO plugin. -->","yoast_head_json":{"title":"Escapul\u00e1rio em ouro amarelo | Leit\u00e3o &amp; Irm\u00e3o","description":"Descubra o escapul\u00e1rio em ouro da Leit\u00e3o & Irm\u00e3o. Pe\u00e7as de significado intemporal, criadas para acompanhar a sua f\u00e9 e eleg\u00e2ncia em todos os momentos.","robots":{"index":"index","follow":"follow","max-snippet":"max-snippet:-1","max-image-preview":"max-image-preview:large","max-video-preview":"max-video-preview:-1"},"canonical":"https:\/\/www.leitao-irmao.com\/en\/product\/escapulario-em-ouro-amarelo\/","og_locale":"en_GB","og_type":"article","og_title":"Escapul\u00e1rio em ouro amarelo | Leit\u00e3o &amp; Irm\u00e3o","og_description":"Descubra o escapul\u00e1rio em ouro da Leit\u00e3o & Irm\u00e3o. Pe\u00e7as de significado intemporal, criadas para acompanhar a sua f\u00e9 e eleg\u00e2ncia em todos os momentos.","og_url":"https:\/\/www.leitao-irmao.com\/en\/product\/escapulario-em-ouro-amarelo\/","og_site_name":"Leit\u00e3o &amp; Irm\u00e3o","article_modified_time":"2026-02-27T16:02:21+00:00","og_image":[{"width":800,"height":1000,"url":"https:\/\/www.leitao-irmao.com\/wp-content\/uploads\/2026\/01\/A91401G11_75.jpg","type":"image\/jpeg"}],"twitter_card":"summary_large_image","twitter_misc":{"Estimated reading time":"1 minute"},"schema":{"@context":"https:\/\/schema.org","@graph":[{"@type":"WebPage","@id":"https:\/\/www.leitao-irmao.com\/product\/escapulario-em-ouro-amarelo\/","url":"https:\/\/www.leitao-irmao.com\/product\/escapulario-em-ouro-amarelo\/","name":"Escapul\u00e1rio em ouro amarelo | Leit\u00e3o &amp; Irm\u00e3o","isPartOf":{"@id":"https:\/\/www.leitao-irmao.com\/#website"},"primaryImageOfPage":{"@id":"https:\/\/www.leitao-irmao.com\/product\/escapulario-em-ouro-amarelo\/#primaryimage"},"image":{"@id":"https:\/\/www.leitao-irmao.com\/product\/escapulario-em-ouro-amarelo\/#primaryimage"},"thumbnailUrl":"https:\/\/www.leitao-irmao.com\/wp-content\/uploads\/2026\/01\/A91401G11_75.jpg","datePublished":"2026-01-02T15:30:59+00:00","dateModified":"2026-02-27T16:02:21+00:00","description":"Descubra o escapul\u00e1rio em ouro da Leit\u00e3o & Irm\u00e3o. Pe\u00e7as de significado intemporal, criadas para acompanhar a sua f\u00e9 e eleg\u00e2ncia em todos os momentos.","breadcrumb":{"@id":"https:\/\/www.leitao-irmao.com\/product\/escapulario-em-ouro-amarelo\/#breadcrumb"},"inLanguage":"en-GB","potentialAction":[{"@type":"ReadAction","target":["https:\/\/www.leitao-irmao.com\/product\/escapulario-em-ouro-amarelo\/"]}]},{"@type":"ImageObject","inLanguage":"en-GB","@id":"https:\/\/www.leitao-irmao.com\/product\/escapulario-em-ouro-amarelo\/#primaryimage","url":"https:\/\/www.leitao-irmao.com\/wp-content\/uploads\/2026\/01\/A91401G11_75.jpg","contentUrl":"https:\/\/www.leitao-irmao.com\/wp-content\/uploads\/2026\/01\/A91401G11_75.jpg","width":800,"height":1000},{"@type":"BreadcrumbList","@id":"https:\/\/www.leitao-irmao.com\/product\/escapulario-em-ouro-amarelo\/#breadcrumb","itemListElement":[{"@type":"ListItem","position":1,"name":"Home","item":"https:\/\/www.leitao-irmao.com\/"},{"@type":"ListItem","position":2,"name":"Products","item":"https:\/\/www.leitao-irmao.com\/shop\/"},{"@type":"ListItem","position":3,"name":"Escapul\u00e1rio em ouro amarelo"}]},{"@type":"WebSite","@id":"https:\/\/www.leitao-irmao.com\/#website","url":"https:\/\/www.leitao-irmao.com\/","name":"Leit\u00e3o & Irm\u00e3o","description":"Joalheiros desde 1822","publisher":{"@id":"https:\/\/www.leitao-irmao.com\/#organization"},"potentialAction":[{"@type":"SearchAction","target":{"@type":"EntryPoint","urlTemplate":"https:\/\/www.leitao-irmao.com\/?s={search_term_string}"},"query-input":{"@type":"PropertyValueSpecification","valueRequired":true,"valueName":"search_term_string"}}],"inLanguage":"en-GB"},{"@type":"Organization","@id":"https:\/\/www.leitao-irmao.com\/#organization","name":"Leit\u00e3o & Irm\u00e3o","url":"https:\/\/www.leitao-irmao.com\/","logo":{"@type":"ImageObject","inLanguage":"en-GB","@id":"https:\/\/www.leitao-irmao.com\/#\/schema\/logo\/image\/","url":"https:\/\/www.leitao-irmao.com\/wp-content\/uploads\/2022\/11\/leitaoirmao-logo.png","contentUrl":"https:\/\/www.leitao-irmao.com\/wp-content\/uploads\/2022\/11\/leitaoirmao-logo.png","width":426,"height":89,"caption":"Leit\u00e3o & Irm\u00e3o"},"image":{"@id":"https:\/\/www.leitao-irmao.com\/#\/schema\/logo\/image\/"}}]}},"_links":{"self":[{"href":"https:\/\/www.leitao-irmao.com\/en\/wp-json\/wp\/v2\/product\/36125","targetHints":{"allow":["GET"]}}],"collection":[{"href":"https:\/\/www.leitao-irmao.com\/en\/wp-json\/wp\/v2\/product"}],"about":[{"href":"https:\/\/www.leitao-irmao.com\/en\/wp-json\/wp\/v2\/types\/product"}],"version-history":[{"count":1,"href":"https:\/\/www.leitao-irmao.com\/en\/wp-json\/wp\/v2\/product\/36125\/revisions"}],"predecessor-version":[{"id":36132,"href":"https:\/\/www.leitao-irmao.com\/en\/wp-json\/wp\/v2\/product\/36125\/revisions\/36132"}],"wp:featuredmedia":[{"embeddable":true,"href":"https:\/\/www.leitao-irmao.com\/en\/wp-json\/wp\/v2\/media\/36126"}],"wp:attachment":[{"href":"https:\/\/www.leitao-irmao.com\/en\/wp-json\/wp\/v2\/media?parent=36125"}],"wp:term":[{"taxonomy":"product_brand","embeddable":true,"href":"https:\/\/www.leitao-irmao.com\/en\/wp-json\/wp\/v2\/product_brand?post=36125"},{"taxonomy":"product_cat","embeddable":true,"href":"https:\/\/www.leitao-irmao.com\/en\/wp-json\/wp\/v2\/product_cat?post=36125"},{"taxonomy":"product_tag","embeddable":true,"href":"https:\/\/www.leitao-irmao.com\/en\/wp-json\/wp\/v2\/product_tag?post=36125"}],"curies":[{"name":"wp","href":"https:\/\/api.w.org\/{rel}","templated":true}]}}