{"id":37128,"date":"2026-02-18T15:14:24","date_gmt":"2026-02-18T15:14:24","guid":{"rendered":"https:\/\/www.leitao-irmao.com\/?post_type=product&#038;p=37128"},"modified":"2026-02-18T15:18:56","modified_gmt":"2026-02-18T15:18:56","slug":"colar-em-ouro-com-diamantes-e-topazios-verdes-inverso-2","status":"publish","type":"product","link":"https:\/\/www.leitao-irmao.com\/en\/product\/colar-em-ouro-com-diamantes-e-topazios-verdes-inverso-2\/","title":{"rendered":"Gold necklace with diamonds and green topaz | Inverso"},"content":{"rendered":"","protected":false},"excerpt":{"rendered":"<p>Yellow gold necklace, a modern piece of jewelry enriched with the sparkle of diamonds and green topaz, a tribute to the traditional Portuguese Cord\u00e3o.<\/p>","protected":false},"featured_media":37129,"template":"","meta":{"_acf_changed":false},"product_brand":[],"product_cat":[84,121,243,79,141,128],"product_tag":[275,278,271,276],"class_list":{"0":"post-37128","1":"product","2":"type-product","3":"status-publish","4":"has-post-thumbnail","6":"product_cat-colares-e-fios","7":"product_cat-gifts","8":"product_cat-inverso","9":"product_cat-joalharia","10":"product_cat-para-ela","11":"product_cat-presentes-acima-de-10000e","12":"product_tag-diamantes","13":"product_tag-mulher","14":"product_tag-ouro","15":"product_tag-pedras-coloridas","17":"first","18":"instock","19":"shipping-taxable","20":"purchasable","21":"product-type-simple"},"acf":[],"yoast_head":"<!-- This site is optimized with the Yoast SEO plugin v25.4 - https:\/\/yoast.com\/wordpress\/plugins\/seo\/ -->\n<title>Colar em ouro com diamantes e Top\u00e1zios Verdes | Inverso | Leit\u00e3o &amp; Irm\u00e3o<\/title>\n<meta name=\"description\" content=\"Colar em ouro amarelo, uma joia moderna enriquecida com o brilho dos diamantes e das safiras, uma homenagem ao tradicional Cord\u00e3o Portugu\u00eas.\" \/>\n<meta name=\"robots\" content=\"index, follow, max-snippet:-1, max-image-preview:large, max-video-preview:-1\" \/>\n<link rel=\"canonical\" href=\"https:\/\/www.leitao-irmao.com\/en\/product\/colar-em-ouro-com-diamantes-e-topazios-verdes-inverso-2\/\" \/>\n<meta property=\"og:locale\" content=\"en_GB\" \/>\n<meta property=\"og:type\" content=\"article\" \/>\n<meta property=\"og:title\" content=\"Colar em ouro com diamantes e Top\u00e1zios Verdes | Inverso | Leit\u00e3o &amp; Irm\u00e3o\" \/>\n<meta property=\"og:description\" content=\"Colar em ouro amarelo, uma joia moderna enriquecida com o brilho dos diamantes e das safiras, uma homenagem ao tradicional Cord\u00e3o Portugu\u00eas.\" \/>\n<meta property=\"og:url\" content=\"https:\/\/www.leitao-irmao.com\/en\/product\/colar-em-ouro-com-diamantes-e-topazios-verdes-inverso-2\/\" \/>\n<meta property=\"og:site_name\" content=\"Leit\u00e3o &amp; Irm\u00e3o\" \/>\n<meta property=\"article:modified_time\" content=\"2026-02-18T15:18:56+00:00\" \/>\n<meta property=\"og:image\" content=\"https:\/\/www.leitao-irmao.com\/wp-content\/uploads\/2026\/02\/0206667.jpg\" \/>\n\t<meta property=\"og:image:width\" content=\"1536\" \/>\n\t<meta property=\"og:image:height\" content=\"1920\" \/>\n\t<meta property=\"og:image:type\" content=\"image\/jpeg\" \/>\n<meta name=\"twitter:card\" content=\"summary_large_image\" \/>\n<meta name=\"twitter:label1\" content=\"Estimated reading time\" \/>\n\t<meta name=\"twitter:data1\" content=\"1 minute\" \/>\n<script type=\"application\/ld+json\" class=\"yoast-schema-graph\">{\"@context\":\"https:\/\/schema.org\",\"@graph\":[{\"@type\":\"WebPage\",\"@id\":\"https:\/\/www.leitao-irmao.com\/product\/colar-em-ouro-com-diamantes-e-topazios-verdes-inverso-2\/\",\"url\":\"https:\/\/www.leitao-irmao.com\/product\/colar-em-ouro-com-diamantes-e-topazios-verdes-inverso-2\/\",\"name\":\"Colar em ouro com diamantes e Top\u00e1zios Verdes | Inverso | Leit\u00e3o &amp; Irm\u00e3o\",\"isPartOf\":{\"@id\":\"https:\/\/www.leitao-irmao.com\/#website\"},\"primaryImageOfPage\":{\"@id\":\"https:\/\/www.leitao-irmao.com\/product\/colar-em-ouro-com-diamantes-e-topazios-verdes-inverso-2\/#primaryimage\"},\"image\":{\"@id\":\"https:\/\/www.leitao-irmao.com\/product\/colar-em-ouro-com-diamantes-e-topazios-verdes-inverso-2\/#primaryimage\"},\"thumbnailUrl\":\"https:\/\/www.leitao-irmao.com\/wp-content\/uploads\/2026\/02\/0206667.jpg\",\"datePublished\":\"2026-02-18T15:14:24+00:00\",\"dateModified\":\"2026-02-18T15:18:56+00:00\",\"description\":\"Colar em ouro amarelo, uma joia moderna enriquecida com o brilho dos diamantes e das safiras, uma homenagem ao tradicional Cord\u00e3o Portugu\u00eas.\",\"breadcrumb\":{\"@id\":\"https:\/\/www.leitao-irmao.com\/product\/colar-em-ouro-com-diamantes-e-topazios-verdes-inverso-2\/#breadcrumb\"},\"inLanguage\":\"en-GB\",\"potentialAction\":[{\"@type\":\"ReadAction\",\"target\":[\"https:\/\/www.leitao-irmao.com\/product\/colar-em-ouro-com-diamantes-e-topazios-verdes-inverso-2\/\"]}]},{\"@type\":\"ImageObject\",\"inLanguage\":\"en-GB\",\"@id\":\"https:\/\/www.leitao-irmao.com\/product\/colar-em-ouro-com-diamantes-e-topazios-verdes-inverso-2\/#primaryimage\",\"url\":\"https:\/\/www.leitao-irmao.com\/wp-content\/uploads\/2026\/02\/0206667.jpg\",\"contentUrl\":\"https:\/\/www.leitao-irmao.com\/wp-content\/uploads\/2026\/02\/0206667.jpg\",\"width\":1536,\"height\":1920},{\"@type\":\"BreadcrumbList\",\"@id\":\"https:\/\/www.leitao-irmao.com\/product\/colar-em-ouro-com-diamantes-e-topazios-verdes-inverso-2\/#breadcrumb\",\"itemListElement\":[{\"@type\":\"ListItem\",\"position\":1,\"name\":\"Home\",\"item\":\"https:\/\/www.leitao-irmao.com\/\"},{\"@type\":\"ListItem\",\"position\":2,\"name\":\"Products\",\"item\":\"https:\/\/www.leitao-irmao.com\/shop\/\"},{\"@type\":\"ListItem\",\"position\":3,\"name\":\"Colar em ouro com diamantes e Top\u00e1zios Verdes | Inverso\"}]},{\"@type\":\"WebSite\",\"@id\":\"https:\/\/www.leitao-irmao.com\/#website\",\"url\":\"https:\/\/www.leitao-irmao.com\/\",\"name\":\"Leit\u00e3o & Irm\u00e3o\",\"description\":\"Joalheiros desde 1822\",\"publisher\":{\"@id\":\"https:\/\/www.leitao-irmao.com\/#organization\"},\"potentialAction\":[{\"@type\":\"SearchAction\",\"target\":{\"@type\":\"EntryPoint\",\"urlTemplate\":\"https:\/\/www.leitao-irmao.com\/?s={search_term_string}\"},\"query-input\":{\"@type\":\"PropertyValueSpecification\",\"valueRequired\":true,\"valueName\":\"search_term_string\"}}],\"inLanguage\":\"en-GB\"},{\"@type\":\"Organization\",\"@id\":\"https:\/\/www.leitao-irmao.com\/#organization\",\"name\":\"Leit\u00e3o & Irm\u00e3o\",\"url\":\"https:\/\/www.leitao-irmao.com\/\",\"logo\":{\"@type\":\"ImageObject\",\"inLanguage\":\"en-GB\",\"@id\":\"https:\/\/www.leitao-irmao.com\/#\/schema\/logo\/image\/\",\"url\":\"https:\/\/www.leitao-irmao.com\/wp-content\/uploads\/2022\/11\/leitaoirmao-logo.png\",\"contentUrl\":\"https:\/\/www.leitao-irmao.com\/wp-content\/uploads\/2022\/11\/leitaoirmao-logo.png\",\"width\":426,\"height\":89,\"caption\":\"Leit\u00e3o & Irm\u00e3o\"},\"image\":{\"@id\":\"https:\/\/www.leitao-irmao.com\/#\/schema\/logo\/image\/\"}}]}<\/script>\n<!-- \/ Yoast SEO plugin. -->","yoast_head_json":{"title":"Colar em ouro com diamantes e Top\u00e1zios Verdes | Inverso | Leit\u00e3o &amp; Irm\u00e3o","description":"Colar em ouro amarelo, uma joia moderna enriquecida com o brilho dos diamantes e das safiras, uma homenagem ao tradicional Cord\u00e3o Portugu\u00eas.","robots":{"index":"index","follow":"follow","max-snippet":"max-snippet:-1","max-image-preview":"max-image-preview:large","max-video-preview":"max-video-preview:-1"},"canonical":"https:\/\/www.leitao-irmao.com\/en\/product\/colar-em-ouro-com-diamantes-e-topazios-verdes-inverso-2\/","og_locale":"en_GB","og_type":"article","og_title":"Colar em ouro com diamantes e Top\u00e1zios Verdes | Inverso | Leit\u00e3o &amp; Irm\u00e3o","og_description":"Colar em ouro amarelo, uma joia moderna enriquecida com o brilho dos diamantes e das safiras, uma homenagem ao tradicional Cord\u00e3o Portugu\u00eas.","og_url":"https:\/\/www.leitao-irmao.com\/en\/product\/colar-em-ouro-com-diamantes-e-topazios-verdes-inverso-2\/","og_site_name":"Leit\u00e3o &amp; Irm\u00e3o","article_modified_time":"2026-02-18T15:18:56+00:00","og_image":[{"width":1536,"height":1920,"url":"https:\/\/www.leitao-irmao.com\/wp-content\/uploads\/2026\/02\/0206667.jpg","type":"image\/jpeg"}],"twitter_card":"summary_large_image","twitter_misc":{"Estimated reading time":"1 minute"},"schema":{"@context":"https:\/\/schema.org","@graph":[{"@type":"WebPage","@id":"https:\/\/www.leitao-irmao.com\/product\/colar-em-ouro-com-diamantes-e-topazios-verdes-inverso-2\/","url":"https:\/\/www.leitao-irmao.com\/product\/colar-em-ouro-com-diamantes-e-topazios-verdes-inverso-2\/","name":"Colar em ouro com diamantes e Top\u00e1zios Verdes | Inverso | Leit\u00e3o &amp; Irm\u00e3o","isPartOf":{"@id":"https:\/\/www.leitao-irmao.com\/#website"},"primaryImageOfPage":{"@id":"https:\/\/www.leitao-irmao.com\/product\/colar-em-ouro-com-diamantes-e-topazios-verdes-inverso-2\/#primaryimage"},"image":{"@id":"https:\/\/www.leitao-irmao.com\/product\/colar-em-ouro-com-diamantes-e-topazios-verdes-inverso-2\/#primaryimage"},"thumbnailUrl":"https:\/\/www.leitao-irmao.com\/wp-content\/uploads\/2026\/02\/0206667.jpg","datePublished":"2026-02-18T15:14:24+00:00","dateModified":"2026-02-18T15:18:56+00:00","description":"Colar em ouro amarelo, uma joia moderna enriquecida com o brilho dos diamantes e das safiras, uma homenagem ao tradicional Cord\u00e3o Portugu\u00eas.","breadcrumb":{"@id":"https:\/\/www.leitao-irmao.com\/product\/colar-em-ouro-com-diamantes-e-topazios-verdes-inverso-2\/#breadcrumb"},"inLanguage":"en-GB","potentialAction":[{"@type":"ReadAction","target":["https:\/\/www.leitao-irmao.com\/product\/colar-em-ouro-com-diamantes-e-topazios-verdes-inverso-2\/"]}]},{"@type":"ImageObject","inLanguage":"en-GB","@id":"https:\/\/www.leitao-irmao.com\/product\/colar-em-ouro-com-diamantes-e-topazios-verdes-inverso-2\/#primaryimage","url":"https:\/\/www.leitao-irmao.com\/wp-content\/uploads\/2026\/02\/0206667.jpg","contentUrl":"https:\/\/www.leitao-irmao.com\/wp-content\/uploads\/2026\/02\/0206667.jpg","width":1536,"height":1920},{"@type":"BreadcrumbList","@id":"https:\/\/www.leitao-irmao.com\/product\/colar-em-ouro-com-diamantes-e-topazios-verdes-inverso-2\/#breadcrumb","itemListElement":[{"@type":"ListItem","position":1,"name":"Home","item":"https:\/\/www.leitao-irmao.com\/"},{"@type":"ListItem","position":2,"name":"Products","item":"https:\/\/www.leitao-irmao.com\/shop\/"},{"@type":"ListItem","position":3,"name":"Colar em ouro com diamantes e Top\u00e1zios Verdes | Inverso"}]},{"@type":"WebSite","@id":"https:\/\/www.leitao-irmao.com\/#website","url":"https:\/\/www.leitao-irmao.com\/","name":"Leit\u00e3o & Irm\u00e3o","description":"Joalheiros desde 1822","publisher":{"@id":"https:\/\/www.leitao-irmao.com\/#organization"},"potentialAction":[{"@type":"SearchAction","target":{"@type":"EntryPoint","urlTemplate":"https:\/\/www.leitao-irmao.com\/?s={search_term_string}"},"query-input":{"@type":"PropertyValueSpecification","valueRequired":true,"valueName":"search_term_string"}}],"inLanguage":"en-GB"},{"@type":"Organization","@id":"https:\/\/www.leitao-irmao.com\/#organization","name":"Leit\u00e3o & Irm\u00e3o","url":"https:\/\/www.leitao-irmao.com\/","logo":{"@type":"ImageObject","inLanguage":"en-GB","@id":"https:\/\/www.leitao-irmao.com\/#\/schema\/logo\/image\/","url":"https:\/\/www.leitao-irmao.com\/wp-content\/uploads\/2022\/11\/leitaoirmao-logo.png","contentUrl":"https:\/\/www.leitao-irmao.com\/wp-content\/uploads\/2022\/11\/leitaoirmao-logo.png","width":426,"height":89,"caption":"Leit\u00e3o & Irm\u00e3o"},"image":{"@id":"https:\/\/www.leitao-irmao.com\/#\/schema\/logo\/image\/"}}]}},"_links":{"self":[{"href":"https:\/\/www.leitao-irmao.com\/en\/wp-json\/wp\/v2\/product\/37128","targetHints":{"allow":["GET"]}}],"collection":[{"href":"https:\/\/www.leitao-irmao.com\/en\/wp-json\/wp\/v2\/product"}],"about":[{"href":"https:\/\/www.leitao-irmao.com\/en\/wp-json\/wp\/v2\/types\/product"}],"version-history":[{"count":1,"href":"https:\/\/www.leitao-irmao.com\/en\/wp-json\/wp\/v2\/product\/37128\/revisions"}],"predecessor-version":[{"id":37131,"href":"https:\/\/www.leitao-irmao.com\/en\/wp-json\/wp\/v2\/product\/37128\/revisions\/37131"}],"wp:featuredmedia":[{"embeddable":true,"href":"https:\/\/www.leitao-irmao.com\/en\/wp-json\/wp\/v2\/media\/37129"}],"wp:attachment":[{"href":"https:\/\/www.leitao-irmao.com\/en\/wp-json\/wp\/v2\/media?parent=37128"}],"wp:term":[{"taxonomy":"product_brand","embeddable":true,"href":"https:\/\/www.leitao-irmao.com\/en\/wp-json\/wp\/v2\/product_brand?post=37128"},{"taxonomy":"product_cat","embeddable":true,"href":"https:\/\/www.leitao-irmao.com\/en\/wp-json\/wp\/v2\/product_cat?post=37128"},{"taxonomy":"product_tag","embeddable":true,"href":"https:\/\/www.leitao-irmao.com\/en\/wp-json\/wp\/v2\/product_tag?post=37128"}],"curies":[{"name":"wp","href":"https:\/\/api.w.org\/{rel}","templated":true}]}}