{"id":37573,"date":"2026-03-25T14:51:22","date_gmt":"2026-03-25T14:51:22","guid":{"rendered":"https:\/\/www.leitao-irmao.com\/?post_type=product&#038;p=37573"},"modified":"2026-03-25T14:53:56","modified_gmt":"2026-03-25T14:53:56","slug":"alianca-pigeon-blood-em-ouro-amarelo-com-rubi","status":"publish","type":"product","link":"https:\/\/www.leitao-irmao.com\/en\/product\/alianca-pigeon-blood-em-ouro-amarelo-com-rubi\/","title":{"rendered":"Yellow gold Pigeon Blood wedding ring with a ruby"},"content":{"rendered":"","protected":false},"excerpt":{"rendered":"<p data-start=\"1789\" data-end=\"2014\">This elegant gold wedding ring set with a pigeon\u2019s blood ruby stands out for its intense red colour and unrivalled brilliance. The \u2018pigeon\u2019s blood\u2019 ruby is considered the most valuable in the world.<\/p>\n<p data-start=\"2021\" data-end=\"2169\">The perfect piece for special occasions such as engagements, birthdays or simply as a gift, this wedding ring combines sophistication, rarity and timeless beauty.<\/p>\n<p data-start=\"2176\" data-end=\"2347\">Each piece is meticulously crafted from high-quality gold, highlighting the intensity and purity of the natural ruby. A unique piece of jewellery for those who appreciate elegance and distinction.<\/p>","protected":false},"featured_media":37590,"template":"","meta":{"_acf_changed":false},"product_brand":[],"product_cat":[89,79,141],"product_tag":[271],"class_list":{"0":"post-37573","1":"product","2":"type-product","3":"status-publish","4":"has-post-thumbnail","6":"product_cat-aliancas","7":"product_cat-joalharia","8":"product_cat-para-ela","9":"product_tag-ouro","11":"first","12":"onbackorder","13":"shipping-taxable","14":"product-type-simple"},"acf":[],"yoast_head":"<!-- This site is optimized with the Yoast SEO plugin v25.4 - https:\/\/yoast.com\/wordpress\/plugins\/seo\/ -->\n<title>Alian\u00e7a Pigeon Blood em ouro amarelo com rubi | Leit\u00e3o &amp; Irm\u00e3o<\/title>\n<meta name=\"description\" content=\"Descubra a alian\u00e7a em ouro com rubi Pigeon Blood, uma das pedras mais raras e valiosas do mundo. Luxo, sofistica\u00e7\u00e3o e exclusividade numa joia \u00fanica.\" \/>\n<meta name=\"robots\" content=\"index, follow, max-snippet:-1, max-image-preview:large, max-video-preview:-1\" \/>\n<link rel=\"canonical\" href=\"https:\/\/www.leitao-irmao.com\/en\/product\/alianca-pigeon-blood-em-ouro-amarelo-com-rubi\/\" \/>\n<meta property=\"og:locale\" content=\"en_GB\" \/>\n<meta property=\"og:type\" content=\"article\" \/>\n<meta property=\"og:title\" content=\"Alian\u00e7a Pigeon Blood em ouro amarelo com rubi | Leit\u00e3o &amp; Irm\u00e3o\" \/>\n<meta property=\"og:description\" content=\"Descubra a alian\u00e7a em ouro com rubi Pigeon Blood, uma das pedras mais raras e valiosas do mundo. Luxo, sofistica\u00e7\u00e3o e exclusividade numa joia \u00fanica.\" \/>\n<meta property=\"og:url\" content=\"https:\/\/www.leitao-irmao.com\/en\/product\/alianca-pigeon-blood-em-ouro-amarelo-com-rubi\/\" \/>\n<meta property=\"og:site_name\" content=\"Leit\u00e3o &amp; Irm\u00e3o\" \/>\n<meta property=\"article:modified_time\" content=\"2026-03-25T14:53:56+00:00\" \/>\n<meta property=\"og:image\" content=\"https:\/\/www.leitao-irmao.com\/wp-content\/uploads\/2026\/03\/0206729.jpg\" \/>\n\t<meta property=\"og:image:width\" content=\"1536\" \/>\n\t<meta property=\"og:image:height\" content=\"1920\" \/>\n\t<meta property=\"og:image:type\" content=\"image\/jpeg\" \/>\n<meta name=\"twitter:card\" content=\"summary_large_image\" \/>\n<meta name=\"twitter:label1\" content=\"Estimated reading time\" \/>\n\t<meta name=\"twitter:data1\" content=\"1 minute\" \/>\n<script type=\"application\/ld+json\" class=\"yoast-schema-graph\">{\"@context\":\"https:\/\/schema.org\",\"@graph\":[{\"@type\":\"WebPage\",\"@id\":\"https:\/\/www.leitao-irmao.com\/product\/alianca-pigeon-blood-em-ouro-amarelo-com-rubi\/\",\"url\":\"https:\/\/www.leitao-irmao.com\/product\/alianca-pigeon-blood-em-ouro-amarelo-com-rubi\/\",\"name\":\"Alian\u00e7a Pigeon Blood em ouro amarelo com rubi | Leit\u00e3o &amp; Irm\u00e3o\",\"isPartOf\":{\"@id\":\"https:\/\/www.leitao-irmao.com\/#website\"},\"primaryImageOfPage\":{\"@id\":\"https:\/\/www.leitao-irmao.com\/product\/alianca-pigeon-blood-em-ouro-amarelo-com-rubi\/#primaryimage\"},\"image\":{\"@id\":\"https:\/\/www.leitao-irmao.com\/product\/alianca-pigeon-blood-em-ouro-amarelo-com-rubi\/#primaryimage\"},\"thumbnailUrl\":\"https:\/\/www.leitao-irmao.com\/wp-content\/uploads\/2026\/03\/0206729.jpg\",\"datePublished\":\"2026-03-25T14:51:22+00:00\",\"dateModified\":\"2026-03-25T14:53:56+00:00\",\"description\":\"Descubra a alian\u00e7a em ouro com rubi Pigeon Blood, uma das pedras mais raras e valiosas do mundo. Luxo, sofistica\u00e7\u00e3o e exclusividade numa joia \u00fanica.\",\"breadcrumb\":{\"@id\":\"https:\/\/www.leitao-irmao.com\/product\/alianca-pigeon-blood-em-ouro-amarelo-com-rubi\/#breadcrumb\"},\"inLanguage\":\"en-GB\",\"potentialAction\":[{\"@type\":\"ReadAction\",\"target\":[\"https:\/\/www.leitao-irmao.com\/product\/alianca-pigeon-blood-em-ouro-amarelo-com-rubi\/\"]}]},{\"@type\":\"ImageObject\",\"inLanguage\":\"en-GB\",\"@id\":\"https:\/\/www.leitao-irmao.com\/product\/alianca-pigeon-blood-em-ouro-amarelo-com-rubi\/#primaryimage\",\"url\":\"https:\/\/www.leitao-irmao.com\/wp-content\/uploads\/2026\/03\/0206729.jpg\",\"contentUrl\":\"https:\/\/www.leitao-irmao.com\/wp-content\/uploads\/2026\/03\/0206729.jpg\",\"width\":1536,\"height\":1920},{\"@type\":\"BreadcrumbList\",\"@id\":\"https:\/\/www.leitao-irmao.com\/product\/alianca-pigeon-blood-em-ouro-amarelo-com-rubi\/#breadcrumb\",\"itemListElement\":[{\"@type\":\"ListItem\",\"position\":1,\"name\":\"Home\",\"item\":\"https:\/\/www.leitao-irmao.com\/\"},{\"@type\":\"ListItem\",\"position\":2,\"name\":\"Products\",\"item\":\"https:\/\/www.leitao-irmao.com\/shop\/\"},{\"@type\":\"ListItem\",\"position\":3,\"name\":\"Alian\u00e7a Pigeon Blood em ouro amarelo com rubi\"}]},{\"@type\":\"WebSite\",\"@id\":\"https:\/\/www.leitao-irmao.com\/#website\",\"url\":\"https:\/\/www.leitao-irmao.com\/\",\"name\":\"Leit\u00e3o & Irm\u00e3o\",\"description\":\"Joalheiros desde 1822\",\"publisher\":{\"@id\":\"https:\/\/www.leitao-irmao.com\/#organization\"},\"potentialAction\":[{\"@type\":\"SearchAction\",\"target\":{\"@type\":\"EntryPoint\",\"urlTemplate\":\"https:\/\/www.leitao-irmao.com\/?s={search_term_string}\"},\"query-input\":{\"@type\":\"PropertyValueSpecification\",\"valueRequired\":true,\"valueName\":\"search_term_string\"}}],\"inLanguage\":\"en-GB\"},{\"@type\":\"Organization\",\"@id\":\"https:\/\/www.leitao-irmao.com\/#organization\",\"name\":\"Leit\u00e3o & Irm\u00e3o\",\"url\":\"https:\/\/www.leitao-irmao.com\/\",\"logo\":{\"@type\":\"ImageObject\",\"inLanguage\":\"en-GB\",\"@id\":\"https:\/\/www.leitao-irmao.com\/#\/schema\/logo\/image\/\",\"url\":\"https:\/\/www.leitao-irmao.com\/wp-content\/uploads\/2022\/11\/leitaoirmao-logo.png\",\"contentUrl\":\"https:\/\/www.leitao-irmao.com\/wp-content\/uploads\/2022\/11\/leitaoirmao-logo.png\",\"width\":426,\"height\":89,\"caption\":\"Leit\u00e3o & Irm\u00e3o\"},\"image\":{\"@id\":\"https:\/\/www.leitao-irmao.com\/#\/schema\/logo\/image\/\"}}]}<\/script>\n<!-- \/ Yoast SEO plugin. -->","yoast_head_json":{"title":"Alian\u00e7a Pigeon Blood em ouro amarelo com rubi | Leit\u00e3o &amp; Irm\u00e3o","description":"Descubra a alian\u00e7a em ouro com rubi Pigeon Blood, uma das pedras mais raras e valiosas do mundo. Luxo, sofistica\u00e7\u00e3o e exclusividade numa joia \u00fanica.","robots":{"index":"index","follow":"follow","max-snippet":"max-snippet:-1","max-image-preview":"max-image-preview:large","max-video-preview":"max-video-preview:-1"},"canonical":"https:\/\/www.leitao-irmao.com\/en\/product\/alianca-pigeon-blood-em-ouro-amarelo-com-rubi\/","og_locale":"en_GB","og_type":"article","og_title":"Alian\u00e7a Pigeon Blood em ouro amarelo com rubi | Leit\u00e3o &amp; Irm\u00e3o","og_description":"Descubra a alian\u00e7a em ouro com rubi Pigeon Blood, uma das pedras mais raras e valiosas do mundo. Luxo, sofistica\u00e7\u00e3o e exclusividade numa joia \u00fanica.","og_url":"https:\/\/www.leitao-irmao.com\/en\/product\/alianca-pigeon-blood-em-ouro-amarelo-com-rubi\/","og_site_name":"Leit\u00e3o &amp; Irm\u00e3o","article_modified_time":"2026-03-25T14:53:56+00:00","og_image":[{"width":1536,"height":1920,"url":"https:\/\/www.leitao-irmao.com\/wp-content\/uploads\/2026\/03\/0206729.jpg","type":"image\/jpeg"}],"twitter_card":"summary_large_image","twitter_misc":{"Estimated reading time":"1 minute"},"schema":{"@context":"https:\/\/schema.org","@graph":[{"@type":"WebPage","@id":"https:\/\/www.leitao-irmao.com\/product\/alianca-pigeon-blood-em-ouro-amarelo-com-rubi\/","url":"https:\/\/www.leitao-irmao.com\/product\/alianca-pigeon-blood-em-ouro-amarelo-com-rubi\/","name":"Alian\u00e7a Pigeon Blood em ouro amarelo com rubi | Leit\u00e3o &amp; Irm\u00e3o","isPartOf":{"@id":"https:\/\/www.leitao-irmao.com\/#website"},"primaryImageOfPage":{"@id":"https:\/\/www.leitao-irmao.com\/product\/alianca-pigeon-blood-em-ouro-amarelo-com-rubi\/#primaryimage"},"image":{"@id":"https:\/\/www.leitao-irmao.com\/product\/alianca-pigeon-blood-em-ouro-amarelo-com-rubi\/#primaryimage"},"thumbnailUrl":"https:\/\/www.leitao-irmao.com\/wp-content\/uploads\/2026\/03\/0206729.jpg","datePublished":"2026-03-25T14:51:22+00:00","dateModified":"2026-03-25T14:53:56+00:00","description":"Descubra a alian\u00e7a em ouro com rubi Pigeon Blood, uma das pedras mais raras e valiosas do mundo. Luxo, sofistica\u00e7\u00e3o e exclusividade numa joia \u00fanica.","breadcrumb":{"@id":"https:\/\/www.leitao-irmao.com\/product\/alianca-pigeon-blood-em-ouro-amarelo-com-rubi\/#breadcrumb"},"inLanguage":"en-GB","potentialAction":[{"@type":"ReadAction","target":["https:\/\/www.leitao-irmao.com\/product\/alianca-pigeon-blood-em-ouro-amarelo-com-rubi\/"]}]},{"@type":"ImageObject","inLanguage":"en-GB","@id":"https:\/\/www.leitao-irmao.com\/product\/alianca-pigeon-blood-em-ouro-amarelo-com-rubi\/#primaryimage","url":"https:\/\/www.leitao-irmao.com\/wp-content\/uploads\/2026\/03\/0206729.jpg","contentUrl":"https:\/\/www.leitao-irmao.com\/wp-content\/uploads\/2026\/03\/0206729.jpg","width":1536,"height":1920},{"@type":"BreadcrumbList","@id":"https:\/\/www.leitao-irmao.com\/product\/alianca-pigeon-blood-em-ouro-amarelo-com-rubi\/#breadcrumb","itemListElement":[{"@type":"ListItem","position":1,"name":"Home","item":"https:\/\/www.leitao-irmao.com\/"},{"@type":"ListItem","position":2,"name":"Products","item":"https:\/\/www.leitao-irmao.com\/shop\/"},{"@type":"ListItem","position":3,"name":"Alian\u00e7a Pigeon Blood em ouro amarelo com rubi"}]},{"@type":"WebSite","@id":"https:\/\/www.leitao-irmao.com\/#website","url":"https:\/\/www.leitao-irmao.com\/","name":"Leit\u00e3o & Irm\u00e3o","description":"Joalheiros desde 1822","publisher":{"@id":"https:\/\/www.leitao-irmao.com\/#organization"},"potentialAction":[{"@type":"SearchAction","target":{"@type":"EntryPoint","urlTemplate":"https:\/\/www.leitao-irmao.com\/?s={search_term_string}"},"query-input":{"@type":"PropertyValueSpecification","valueRequired":true,"valueName":"search_term_string"}}],"inLanguage":"en-GB"},{"@type":"Organization","@id":"https:\/\/www.leitao-irmao.com\/#organization","name":"Leit\u00e3o & Irm\u00e3o","url":"https:\/\/www.leitao-irmao.com\/","logo":{"@type":"ImageObject","inLanguage":"en-GB","@id":"https:\/\/www.leitao-irmao.com\/#\/schema\/logo\/image\/","url":"https:\/\/www.leitao-irmao.com\/wp-content\/uploads\/2022\/11\/leitaoirmao-logo.png","contentUrl":"https:\/\/www.leitao-irmao.com\/wp-content\/uploads\/2022\/11\/leitaoirmao-logo.png","width":426,"height":89,"caption":"Leit\u00e3o & Irm\u00e3o"},"image":{"@id":"https:\/\/www.leitao-irmao.com\/#\/schema\/logo\/image\/"}}]}},"_links":{"self":[{"href":"https:\/\/www.leitao-irmao.com\/en\/wp-json\/wp\/v2\/product\/37573","targetHints":{"allow":["GET"]}}],"collection":[{"href":"https:\/\/www.leitao-irmao.com\/en\/wp-json\/wp\/v2\/product"}],"about":[{"href":"https:\/\/www.leitao-irmao.com\/en\/wp-json\/wp\/v2\/types\/product"}],"version-history":[{"count":1,"href":"https:\/\/www.leitao-irmao.com\/en\/wp-json\/wp\/v2\/product\/37573\/revisions"}],"predecessor-version":[{"id":37593,"href":"https:\/\/www.leitao-irmao.com\/en\/wp-json\/wp\/v2\/product\/37573\/revisions\/37593"}],"wp:featuredmedia":[{"embeddable":true,"href":"https:\/\/www.leitao-irmao.com\/en\/wp-json\/wp\/v2\/media\/37590"}],"wp:attachment":[{"href":"https:\/\/www.leitao-irmao.com\/en\/wp-json\/wp\/v2\/media?parent=37573"}],"wp:term":[{"taxonomy":"product_brand","embeddable":true,"href":"https:\/\/www.leitao-irmao.com\/en\/wp-json\/wp\/v2\/product_brand?post=37573"},{"taxonomy":"product_cat","embeddable":true,"href":"https:\/\/www.leitao-irmao.com\/en\/wp-json\/wp\/v2\/product_cat?post=37573"},{"taxonomy":"product_tag","embeddable":true,"href":"https:\/\/www.leitao-irmao.com\/en\/wp-json\/wp\/v2\/product_tag?post=37573"}],"curies":[{"name":"wp","href":"https:\/\/api.w.org\/{rel}","templated":true}]}}