{"id":37932,"date":"2026-04-14T12:00:49","date_gmt":"2026-04-14T11:00:49","guid":{"rendered":"https:\/\/www.leitao-irmao.com\/?post_type=product&#038;p=37932"},"modified":"2026-04-14T12:00:49","modified_gmt":"2026-04-14T11:00:49","slug":"anel-em-ouro-amarelo-com-safiras-salteadas","status":"publish","type":"product","link":"https:\/\/www.leitao-irmao.com\/en\/product\/anel-em-ouro-amarelo-com-safiras-salteadas\/","title":{"rendered":"Anel em ouro amarelo com safiras Salteadas"},"content":{"rendered":"","protected":false},"excerpt":{"rendered":"<p data-start=\"81\" data-end=\"424\">O anel Mem\u00f3rias Salteadas integra a Cole\u00e7\u00e3o Mem\u00f3rias, uma celebra\u00e7\u00e3o discreta dos momentos que marcam o percurso de uma vida. Executado em ouro e pontuado por safiras de tom profundo, apresenta uma composi\u00e7\u00e3o alternada que confere ritmo e subtileza \u00e0 pe\u00e7a, evocando a natureza fragmentada e preciosa das recorda\u00e7\u00f5es.<\/p>\n<p data-start=\"426\" data-end=\"762\">A disposi\u00e7\u00e3o das pedras, cuidadosamente espa\u00e7ada ao longo do aro, cria um equil\u00edbrio elegante entre luz e mat\u00e9ria, permitindo uma leitura contempor\u00e2nea de um conceito intemporal. A sobriedade do design torna-o particularmente adequado para uso di\u00e1rio ou para ser combinado com outras pe\u00e7as da cole\u00e7\u00e3o, numa express\u00e3o pessoal e evolutiva.<\/p>\n<p data-start=\"764\" data-end=\"932\" data-is-last-node=\"\" data-is-only-node=\"\">Mais do que uma j\u00f3ia, este anel constitui um testemunho \u00edntimo, concebido para acompanhar e preservar mem\u00f3rias, traduzindo-as numa linguagem de perman\u00eancia e distin\u00e7\u00e3o.<\/p>","protected":false},"featured_media":37940,"template":"","meta":{"_acf_changed":false},"product_brand":[],"product_cat":[82,230,79,141,125],"product_tag":[271,276],"class_list":{"0":"post-37932","1":"product","2":"type-product","3":"status-publish","4":"has-post-thumbnail","6":"product_cat-aneis","7":"product_cat-aneis-memorias","8":"product_cat-joalharia","9":"product_cat-para-ela","10":"product_cat-presentes-entre-1000e-a-2500e","11":"product_tag-ouro","12":"product_tag-pedras-coloridas","14":"first","15":"instock","16":"shipping-taxable","17":"purchasable","18":"product-type-variable"},"acf":[],"yoast_head":"<!-- This site is optimized with the Yoast SEO plugin v25.4 - https:\/\/yoast.com\/wordpress\/plugins\/seo\/ -->\n<title>Anel em ouro amarelo com safiras Salteadas | Leit\u00e3o &amp; Irm\u00e3o<\/title>\n<meta name=\"description\" content=\"Descubra o anel Mem\u00f3rias Salteadas em ouro com safiras, design elegante e intemporal. Uma joia discreta para assinalar momentos e criar combina\u00e7\u00f5es \u00fanicas.\" \/>\n<meta name=\"robots\" content=\"index, follow, max-snippet:-1, max-image-preview:large, max-video-preview:-1\" \/>\n<link rel=\"canonical\" href=\"https:\/\/www.leitao-irmao.com\/en\/product\/anel-em-ouro-amarelo-com-safiras-salteadas\/\" \/>\n<meta property=\"og:locale\" content=\"en_GB\" \/>\n<meta property=\"og:type\" content=\"article\" \/>\n<meta property=\"og:title\" content=\"Anel em ouro amarelo com safiras Salteadas | Leit\u00e3o &amp; Irm\u00e3o\" \/>\n<meta property=\"og:description\" content=\"Descubra o anel Mem\u00f3rias Salteadas em ouro com safiras, design elegante e intemporal. Uma joia discreta para assinalar momentos e criar combina\u00e7\u00f5es \u00fanicas.\" \/>\n<meta property=\"og:url\" content=\"https:\/\/www.leitao-irmao.com\/en\/product\/anel-em-ouro-amarelo-com-safiras-salteadas\/\" \/>\n<meta property=\"og:site_name\" content=\"Leit\u00e3o &amp; Irm\u00e3o\" \/>\n<meta property=\"og:image\" content=\"https:\/\/www.leitao-irmao.com\/wp-content\/uploads\/2026\/04\/0206381.jpg\" \/>\n\t<meta property=\"og:image:width\" content=\"1536\" \/>\n\t<meta property=\"og:image:height\" content=\"1920\" \/>\n\t<meta property=\"og:image:type\" content=\"image\/jpeg\" \/>\n<meta name=\"twitter:card\" content=\"summary_large_image\" \/>\n<meta name=\"twitter:label1\" content=\"Estimated reading time\" \/>\n\t<meta name=\"twitter:data1\" content=\"1 minute\" \/>\n<script type=\"application\/ld+json\" class=\"yoast-schema-graph\">{\"@context\":\"https:\/\/schema.org\",\"@graph\":[{\"@type\":\"WebPage\",\"@id\":\"https:\/\/www.leitao-irmao.com\/product\/anel-em-ouro-amarelo-com-safiras-salteadas\/\",\"url\":\"https:\/\/www.leitao-irmao.com\/product\/anel-em-ouro-amarelo-com-safiras-salteadas\/\",\"name\":\"Anel em ouro amarelo com safiras Salteadas | Leit\u00e3o &amp; Irm\u00e3o\",\"isPartOf\":{\"@id\":\"https:\/\/www.leitao-irmao.com\/#website\"},\"primaryImageOfPage\":{\"@id\":\"https:\/\/www.leitao-irmao.com\/product\/anel-em-ouro-amarelo-com-safiras-salteadas\/#primaryimage\"},\"image\":{\"@id\":\"https:\/\/www.leitao-irmao.com\/product\/anel-em-ouro-amarelo-com-safiras-salteadas\/#primaryimage\"},\"thumbnailUrl\":\"https:\/\/www.leitao-irmao.com\/wp-content\/uploads\/2026\/04\/0206381.jpg\",\"datePublished\":\"2026-04-14T11:00:49+00:00\",\"description\":\"Descubra o anel Mem\u00f3rias Salteadas em ouro com safiras, design elegante e intemporal. Uma joia discreta para assinalar momentos e criar combina\u00e7\u00f5es \u00fanicas.\",\"breadcrumb\":{\"@id\":\"https:\/\/www.leitao-irmao.com\/product\/anel-em-ouro-amarelo-com-safiras-salteadas\/#breadcrumb\"},\"inLanguage\":\"en-GB\",\"potentialAction\":[{\"@type\":\"ReadAction\",\"target\":[\"https:\/\/www.leitao-irmao.com\/product\/anel-em-ouro-amarelo-com-safiras-salteadas\/\"]}]},{\"@type\":\"ImageObject\",\"inLanguage\":\"en-GB\",\"@id\":\"https:\/\/www.leitao-irmao.com\/product\/anel-em-ouro-amarelo-com-safiras-salteadas\/#primaryimage\",\"url\":\"https:\/\/www.leitao-irmao.com\/wp-content\/uploads\/2026\/04\/0206381.jpg\",\"contentUrl\":\"https:\/\/www.leitao-irmao.com\/wp-content\/uploads\/2026\/04\/0206381.jpg\",\"width\":1536,\"height\":1920},{\"@type\":\"BreadcrumbList\",\"@id\":\"https:\/\/www.leitao-irmao.com\/product\/anel-em-ouro-amarelo-com-safiras-salteadas\/#breadcrumb\",\"itemListElement\":[{\"@type\":\"ListItem\",\"position\":1,\"name\":\"Home\",\"item\":\"https:\/\/www.leitao-irmao.com\/\"},{\"@type\":\"ListItem\",\"position\":2,\"name\":\"Products\",\"item\":\"https:\/\/www.leitao-irmao.com\/shop\/\"},{\"@type\":\"ListItem\",\"position\":3,\"name\":\"Anel em ouro amarelo com safiras Salteadas\"}]},{\"@type\":\"WebSite\",\"@id\":\"https:\/\/www.leitao-irmao.com\/#website\",\"url\":\"https:\/\/www.leitao-irmao.com\/\",\"name\":\"Leit\u00e3o & Irm\u00e3o\",\"description\":\"Joalheiros desde 1822\",\"publisher\":{\"@id\":\"https:\/\/www.leitao-irmao.com\/#organization\"},\"potentialAction\":[{\"@type\":\"SearchAction\",\"target\":{\"@type\":\"EntryPoint\",\"urlTemplate\":\"https:\/\/www.leitao-irmao.com\/?s={search_term_string}\"},\"query-input\":{\"@type\":\"PropertyValueSpecification\",\"valueRequired\":true,\"valueName\":\"search_term_string\"}}],\"inLanguage\":\"en-GB\"},{\"@type\":\"Organization\",\"@id\":\"https:\/\/www.leitao-irmao.com\/#organization\",\"name\":\"Leit\u00e3o & Irm\u00e3o\",\"url\":\"https:\/\/www.leitao-irmao.com\/\",\"logo\":{\"@type\":\"ImageObject\",\"inLanguage\":\"en-GB\",\"@id\":\"https:\/\/www.leitao-irmao.com\/#\/schema\/logo\/image\/\",\"url\":\"https:\/\/www.leitao-irmao.com\/wp-content\/uploads\/2022\/11\/leitaoirmao-logo.png\",\"contentUrl\":\"https:\/\/www.leitao-irmao.com\/wp-content\/uploads\/2022\/11\/leitaoirmao-logo.png\",\"width\":426,\"height\":89,\"caption\":\"Leit\u00e3o & Irm\u00e3o\"},\"image\":{\"@id\":\"https:\/\/www.leitao-irmao.com\/#\/schema\/logo\/image\/\"}}]}<\/script>\n<!-- \/ Yoast SEO plugin. -->","yoast_head_json":{"title":"Anel em ouro amarelo com safiras Salteadas | Leit\u00e3o &amp; Irm\u00e3o","description":"Descubra o anel Mem\u00f3rias Salteadas em ouro com safiras, design elegante e intemporal. Uma joia discreta para assinalar momentos e criar combina\u00e7\u00f5es \u00fanicas.","robots":{"index":"index","follow":"follow","max-snippet":"max-snippet:-1","max-image-preview":"max-image-preview:large","max-video-preview":"max-video-preview:-1"},"canonical":"https:\/\/www.leitao-irmao.com\/en\/product\/anel-em-ouro-amarelo-com-safiras-salteadas\/","og_locale":"en_GB","og_type":"article","og_title":"Anel em ouro amarelo com safiras Salteadas | Leit\u00e3o &amp; Irm\u00e3o","og_description":"Descubra o anel Mem\u00f3rias Salteadas em ouro com safiras, design elegante e intemporal. Uma joia discreta para assinalar momentos e criar combina\u00e7\u00f5es \u00fanicas.","og_url":"https:\/\/www.leitao-irmao.com\/en\/product\/anel-em-ouro-amarelo-com-safiras-salteadas\/","og_site_name":"Leit\u00e3o &amp; Irm\u00e3o","og_image":[{"width":1536,"height":1920,"url":"https:\/\/www.leitao-irmao.com\/wp-content\/uploads\/2026\/04\/0206381.jpg","type":"image\/jpeg"}],"twitter_card":"summary_large_image","twitter_misc":{"Estimated reading time":"1 minute"},"schema":{"@context":"https:\/\/schema.org","@graph":[{"@type":"WebPage","@id":"https:\/\/www.leitao-irmao.com\/product\/anel-em-ouro-amarelo-com-safiras-salteadas\/","url":"https:\/\/www.leitao-irmao.com\/product\/anel-em-ouro-amarelo-com-safiras-salteadas\/","name":"Anel em ouro amarelo com safiras Salteadas | Leit\u00e3o &amp; Irm\u00e3o","isPartOf":{"@id":"https:\/\/www.leitao-irmao.com\/#website"},"primaryImageOfPage":{"@id":"https:\/\/www.leitao-irmao.com\/product\/anel-em-ouro-amarelo-com-safiras-salteadas\/#primaryimage"},"image":{"@id":"https:\/\/www.leitao-irmao.com\/product\/anel-em-ouro-amarelo-com-safiras-salteadas\/#primaryimage"},"thumbnailUrl":"https:\/\/www.leitao-irmao.com\/wp-content\/uploads\/2026\/04\/0206381.jpg","datePublished":"2026-04-14T11:00:49+00:00","description":"Descubra o anel Mem\u00f3rias Salteadas em ouro com safiras, design elegante e intemporal. Uma joia discreta para assinalar momentos e criar combina\u00e7\u00f5es \u00fanicas.","breadcrumb":{"@id":"https:\/\/www.leitao-irmao.com\/product\/anel-em-ouro-amarelo-com-safiras-salteadas\/#breadcrumb"},"inLanguage":"en-GB","potentialAction":[{"@type":"ReadAction","target":["https:\/\/www.leitao-irmao.com\/product\/anel-em-ouro-amarelo-com-safiras-salteadas\/"]}]},{"@type":"ImageObject","inLanguage":"en-GB","@id":"https:\/\/www.leitao-irmao.com\/product\/anel-em-ouro-amarelo-com-safiras-salteadas\/#primaryimage","url":"https:\/\/www.leitao-irmao.com\/wp-content\/uploads\/2026\/04\/0206381.jpg","contentUrl":"https:\/\/www.leitao-irmao.com\/wp-content\/uploads\/2026\/04\/0206381.jpg","width":1536,"height":1920},{"@type":"BreadcrumbList","@id":"https:\/\/www.leitao-irmao.com\/product\/anel-em-ouro-amarelo-com-safiras-salteadas\/#breadcrumb","itemListElement":[{"@type":"ListItem","position":1,"name":"Home","item":"https:\/\/www.leitao-irmao.com\/"},{"@type":"ListItem","position":2,"name":"Products","item":"https:\/\/www.leitao-irmao.com\/shop\/"},{"@type":"ListItem","position":3,"name":"Anel em ouro amarelo com safiras Salteadas"}]},{"@type":"WebSite","@id":"https:\/\/www.leitao-irmao.com\/#website","url":"https:\/\/www.leitao-irmao.com\/","name":"Leit\u00e3o & Irm\u00e3o","description":"Joalheiros desde 1822","publisher":{"@id":"https:\/\/www.leitao-irmao.com\/#organization"},"potentialAction":[{"@type":"SearchAction","target":{"@type":"EntryPoint","urlTemplate":"https:\/\/www.leitao-irmao.com\/?s={search_term_string}"},"query-input":{"@type":"PropertyValueSpecification","valueRequired":true,"valueName":"search_term_string"}}],"inLanguage":"en-GB"},{"@type":"Organization","@id":"https:\/\/www.leitao-irmao.com\/#organization","name":"Leit\u00e3o & Irm\u00e3o","url":"https:\/\/www.leitao-irmao.com\/","logo":{"@type":"ImageObject","inLanguage":"en-GB","@id":"https:\/\/www.leitao-irmao.com\/#\/schema\/logo\/image\/","url":"https:\/\/www.leitao-irmao.com\/wp-content\/uploads\/2022\/11\/leitaoirmao-logo.png","contentUrl":"https:\/\/www.leitao-irmao.com\/wp-content\/uploads\/2022\/11\/leitaoirmao-logo.png","width":426,"height":89,"caption":"Leit\u00e3o & Irm\u00e3o"},"image":{"@id":"https:\/\/www.leitao-irmao.com\/#\/schema\/logo\/image\/"}}]}},"_links":{"self":[{"href":"https:\/\/www.leitao-irmao.com\/en\/wp-json\/wp\/v2\/product\/37932","targetHints":{"allow":["GET"]}}],"collection":[{"href":"https:\/\/www.leitao-irmao.com\/en\/wp-json\/wp\/v2\/product"}],"about":[{"href":"https:\/\/www.leitao-irmao.com\/en\/wp-json\/wp\/v2\/types\/product"}],"version-history":[{"count":1,"href":"https:\/\/www.leitao-irmao.com\/en\/wp-json\/wp\/v2\/product\/37932\/revisions"}],"predecessor-version":[{"id":37941,"href":"https:\/\/www.leitao-irmao.com\/en\/wp-json\/wp\/v2\/product\/37932\/revisions\/37941"}],"wp:featuredmedia":[{"embeddable":true,"href":"https:\/\/www.leitao-irmao.com\/en\/wp-json\/wp\/v2\/media\/37940"}],"wp:attachment":[{"href":"https:\/\/www.leitao-irmao.com\/en\/wp-json\/wp\/v2\/media?parent=37932"}],"wp:term":[{"taxonomy":"product_brand","embeddable":true,"href":"https:\/\/www.leitao-irmao.com\/en\/wp-json\/wp\/v2\/product_brand?post=37932"},{"taxonomy":"product_cat","embeddable":true,"href":"https:\/\/www.leitao-irmao.com\/en\/wp-json\/wp\/v2\/product_cat?post=37932"},{"taxonomy":"product_tag","embeddable":true,"href":"https:\/\/www.leitao-irmao.com\/en\/wp-json\/wp\/v2\/product_tag?post=37932"}],"curies":[{"name":"wp","href":"https:\/\/api.w.org\/{rel}","templated":true}]}}