{"id":37942,"date":"2026-04-14T12:04:26","date_gmt":"2026-04-14T11:04:26","guid":{"rendered":"https:\/\/www.leitao-irmao.com\/?post_type=product&#038;p=37942"},"modified":"2026-04-14T17:56:56","modified_gmt":"2026-04-14T16:56:56","slug":"colar-anjo-da-guarda-ouro-joalharia-portuguesa","status":"publish","type":"product","link":"https:\/\/www.leitao-irmao.com\/en\/product\/colar-anjo-da-guarda-ouro-joalharia-portuguesa\/","title":{"rendered":"Colar anjo da Guarda em Ouro"},"content":{"rendered":"<p>O Colar Anjo da Guarda em Ouro da Leit\u00e3o &amp; Irm\u00e3o \u00e9 uma pe\u00e7a de joalharia de profundo significado espiritual, concebida como express\u00e3o de prote\u00e7\u00e3o e liga\u00e7\u00e3o \u00e0 f\u00e9 individual. Inspirado na figura do Anjo da Guarda, tradicionalmente associado \u00e0 orienta\u00e7\u00e3o e prote\u00e7\u00e3o ao longo da vida.<\/p>\n<p>Este colar traduz-se numa composi\u00e7\u00e3o de linhas delicadas e presen\u00e7a discreta.<br data-start=\"560\" data-end=\"563\" \/>Executado em ouro e com rigor de manufatura portuguesa, afirma-se como uma pe\u00e7a intemporal, pensada para acompanhar o quotidiano com simbolismo e eleg\u00e2ncia.<\/p>","protected":false},"excerpt":{"rendered":"<p>O Colar Anjo da Guarda em Ouro da Leit\u00e3o &amp; Irm\u00e3o \u00e9 uma pe\u00e7a de joalharia de profundo significado espiritual, concebida como express\u00e3o de prote\u00e7\u00e3o e liga\u00e7\u00e3o \u00e0 f\u00e9 individual. Inspirado na figura do Anjo da Guarda, tradicionalmente associado \u00e0 orienta\u00e7\u00e3o e prote\u00e7\u00e3o ao longo da vida.<\/p>\n<p>Este colar traduz-se numa composi\u00e7\u00e3o de linhas delicadas e presen\u00e7a discreta.<br data-start=\"560\" data-end=\"563\" \/>Executado em ouro e com rigor de manufatura portuguesa, afirma-se como uma pe\u00e7a intemporal, pensada para acompanhar o quotidiano com simbolismo e eleg\u00e2ncia.<\/p>\n<p>&nbsp;<\/p>\n<p><em>Expected delivery of 5 to 10 working days after order.<\/em><\/p>","protected":false},"featured_media":37945,"template":"","meta":{"_acf_changed":false},"product_brand":[],"product_cat":[483,137,84,79,141,140,86,126,664,496],"product_tag":[434,278,323,271],"class_list":{"0":"post-37942","1":"product","2":"type-product","3":"status-publish","4":"has-post-thumbnail","6":"product_cat-artigos-religiosos-joalharia-portuguesa","7":"product_cat-batizados","8":"product_cat-fios-e-colares-joalharia-portuguesa-leitao-irmao","9":"product_cat-joalharia","10":"product_cat-para-ela","11":"product_cat-para-ele","12":"product_cat-pendentes","13":"product_cat-presentes-entre-2500e-a-5000e","14":"product_cat-presentes-para-a-primeira-comunhao","15":"product_cat-sem-desconto","16":"product_tag-crianca","17":"product_tag-mulher","18":"product_tag-novidades","19":"product_tag-ouro","21":"first","22":"onbackorder","23":"shipping-taxable","24":"purchasable","25":"product-type-simple"},"acf":[],"yoast_head":"<!-- This site is optimized with the Yoast SEO plugin v25.4 - https:\/\/yoast.com\/wordpress\/plugins\/seo\/ -->\n<title>Colar anjo da Guarda em Ouro | Leit\u00e3o &amp; Irm\u00e3o Joalharia Portuguesa<\/title>\n<meta name=\"description\" content=\"Colar Anjo da Guarda em ouro da Leit\u00e3o &amp; Irm\u00e3o, joalharia portuguesa com significado espiritual e design intemporal, s\u00edmbolo de prote\u00e7\u00e3o e f\u00e9.\" \/>\n<meta name=\"robots\" content=\"index, follow, max-snippet:-1, max-image-preview:large, max-video-preview:-1\" \/>\n<link rel=\"canonical\" href=\"https:\/\/www.leitao-irmao.com\/en\/product\/colar-anjo-da-guarda-ouro-joalharia-portuguesa\/\" \/>\n<meta property=\"og:locale\" content=\"en_GB\" \/>\n<meta property=\"og:type\" content=\"article\" \/>\n<meta property=\"og:title\" content=\"Colar anjo da Guarda em Ouro | Leit\u00e3o &amp; Irm\u00e3o Joalharia Portuguesa\" \/>\n<meta property=\"og:description\" content=\"Colar Anjo da Guarda em ouro da Leit\u00e3o &amp; Irm\u00e3o, joalharia portuguesa com significado espiritual e design intemporal, s\u00edmbolo de prote\u00e7\u00e3o e f\u00e9.\" \/>\n<meta property=\"og:url\" content=\"https:\/\/www.leitao-irmao.com\/en\/product\/colar-anjo-da-guarda-ouro-joalharia-portuguesa\/\" \/>\n<meta property=\"og:site_name\" content=\"Leit\u00e3o &amp; Irm\u00e3o\" \/>\n<meta property=\"article:modified_time\" content=\"2026-04-14T16:56:56+00:00\" \/>\n<meta property=\"og:image\" content=\"https:\/\/www.leitao-irmao.com\/wp-content\/uploads\/2026\/04\/anjo_guarda_peq_leitaoirmao2026.jpg\" \/>\n\t<meta property=\"og:image:width\" content=\"1536\" \/>\n\t<meta property=\"og:image:height\" content=\"1920\" \/>\n\t<meta property=\"og:image:type\" content=\"image\/jpeg\" \/>\n<meta name=\"twitter:card\" content=\"summary_large_image\" \/>\n<meta name=\"twitter:label1\" content=\"Estimated reading time\" \/>\n\t<meta name=\"twitter:data1\" content=\"1 minute\" \/>\n<script type=\"application\/ld+json\" class=\"yoast-schema-graph\">{\"@context\":\"https:\/\/schema.org\",\"@graph\":[{\"@type\":\"WebPage\",\"@id\":\"https:\/\/www.leitao-irmao.com\/product\/colar-anjo-da-guarda-ouro-joalharia-portuguesa\/\",\"url\":\"https:\/\/www.leitao-irmao.com\/product\/colar-anjo-da-guarda-ouro-joalharia-portuguesa\/\",\"name\":\"Colar anjo da Guarda em Ouro | Leit\u00e3o &amp; Irm\u00e3o Joalharia Portuguesa\",\"isPartOf\":{\"@id\":\"https:\/\/www.leitao-irmao.com\/#website\"},\"primaryImageOfPage\":{\"@id\":\"https:\/\/www.leitao-irmao.com\/product\/colar-anjo-da-guarda-ouro-joalharia-portuguesa\/#primaryimage\"},\"image\":{\"@id\":\"https:\/\/www.leitao-irmao.com\/product\/colar-anjo-da-guarda-ouro-joalharia-portuguesa\/#primaryimage\"},\"thumbnailUrl\":\"https:\/\/www.leitao-irmao.com\/wp-content\/uploads\/2026\/04\/anjo_guarda_peq_leitaoirmao2026.jpg\",\"datePublished\":\"2026-04-14T11:04:26+00:00\",\"dateModified\":\"2026-04-14T16:56:56+00:00\",\"description\":\"Colar Anjo da Guarda em ouro da Leit\u00e3o & Irm\u00e3o, joalharia portuguesa com significado espiritual e design intemporal, s\u00edmbolo de prote\u00e7\u00e3o e f\u00e9.\",\"breadcrumb\":{\"@id\":\"https:\/\/www.leitao-irmao.com\/product\/colar-anjo-da-guarda-ouro-joalharia-portuguesa\/#breadcrumb\"},\"inLanguage\":\"en-GB\",\"potentialAction\":[{\"@type\":\"ReadAction\",\"target\":[\"https:\/\/www.leitao-irmao.com\/product\/colar-anjo-da-guarda-ouro-joalharia-portuguesa\/\"]}]},{\"@type\":\"ImageObject\",\"inLanguage\":\"en-GB\",\"@id\":\"https:\/\/www.leitao-irmao.com\/product\/colar-anjo-da-guarda-ouro-joalharia-portuguesa\/#primaryimage\",\"url\":\"https:\/\/www.leitao-irmao.com\/wp-content\/uploads\/2026\/04\/anjo_guarda_peq_leitaoirmao2026.jpg\",\"contentUrl\":\"https:\/\/www.leitao-irmao.com\/wp-content\/uploads\/2026\/04\/anjo_guarda_peq_leitaoirmao2026.jpg\",\"width\":1536,\"height\":1920,\"caption\":\"colar anjo da guarda, ouro portugu\u00eas, medalhinha\"},{\"@type\":\"BreadcrumbList\",\"@id\":\"https:\/\/www.leitao-irmao.com\/product\/colar-anjo-da-guarda-ouro-joalharia-portuguesa\/#breadcrumb\",\"itemListElement\":[{\"@type\":\"ListItem\",\"position\":1,\"name\":\"Home\",\"item\":\"https:\/\/www.leitao-irmao.com\/\"},{\"@type\":\"ListItem\",\"position\":2,\"name\":\"Products\",\"item\":\"https:\/\/www.leitao-irmao.com\/shop\/\"},{\"@type\":\"ListItem\",\"position\":3,\"name\":\"Colar anjo da Guarda em Ouro\"}]},{\"@type\":\"WebSite\",\"@id\":\"https:\/\/www.leitao-irmao.com\/#website\",\"url\":\"https:\/\/www.leitao-irmao.com\/\",\"name\":\"Leit\u00e3o & Irm\u00e3o\",\"description\":\"Joalheiros desde 1822\",\"publisher\":{\"@id\":\"https:\/\/www.leitao-irmao.com\/#organization\"},\"potentialAction\":[{\"@type\":\"SearchAction\",\"target\":{\"@type\":\"EntryPoint\",\"urlTemplate\":\"https:\/\/www.leitao-irmao.com\/?s={search_term_string}\"},\"query-input\":{\"@type\":\"PropertyValueSpecification\",\"valueRequired\":true,\"valueName\":\"search_term_string\"}}],\"inLanguage\":\"en-GB\"},{\"@type\":\"Organization\",\"@id\":\"https:\/\/www.leitao-irmao.com\/#organization\",\"name\":\"Leit\u00e3o & Irm\u00e3o\",\"url\":\"https:\/\/www.leitao-irmao.com\/\",\"logo\":{\"@type\":\"ImageObject\",\"inLanguage\":\"en-GB\",\"@id\":\"https:\/\/www.leitao-irmao.com\/#\/schema\/logo\/image\/\",\"url\":\"https:\/\/www.leitao-irmao.com\/wp-content\/uploads\/2022\/11\/leitaoirmao-logo.png\",\"contentUrl\":\"https:\/\/www.leitao-irmao.com\/wp-content\/uploads\/2022\/11\/leitaoirmao-logo.png\",\"width\":426,\"height\":89,\"caption\":\"Leit\u00e3o & Irm\u00e3o\"},\"image\":{\"@id\":\"https:\/\/www.leitao-irmao.com\/#\/schema\/logo\/image\/\"}}]}<\/script>\n<!-- \/ Yoast SEO plugin. -->","yoast_head_json":{"title":"Colar anjo da Guarda em Ouro | Leit\u00e3o &amp; Irm\u00e3o Joalharia Portuguesa","description":"Colar Anjo da Guarda em ouro da Leit\u00e3o & Irm\u00e3o, joalharia portuguesa com significado espiritual e design intemporal, s\u00edmbolo de prote\u00e7\u00e3o e f\u00e9.","robots":{"index":"index","follow":"follow","max-snippet":"max-snippet:-1","max-image-preview":"max-image-preview:large","max-video-preview":"max-video-preview:-1"},"canonical":"https:\/\/www.leitao-irmao.com\/en\/product\/colar-anjo-da-guarda-ouro-joalharia-portuguesa\/","og_locale":"en_GB","og_type":"article","og_title":"Colar anjo da Guarda em Ouro | Leit\u00e3o &amp; Irm\u00e3o Joalharia Portuguesa","og_description":"Colar Anjo da Guarda em ouro da Leit\u00e3o & Irm\u00e3o, joalharia portuguesa com significado espiritual e design intemporal, s\u00edmbolo de prote\u00e7\u00e3o e f\u00e9.","og_url":"https:\/\/www.leitao-irmao.com\/en\/product\/colar-anjo-da-guarda-ouro-joalharia-portuguesa\/","og_site_name":"Leit\u00e3o &amp; Irm\u00e3o","article_modified_time":"2026-04-14T16:56:56+00:00","og_image":[{"width":1536,"height":1920,"url":"https:\/\/www.leitao-irmao.com\/wp-content\/uploads\/2026\/04\/anjo_guarda_peq_leitaoirmao2026.jpg","type":"image\/jpeg"}],"twitter_card":"summary_large_image","twitter_misc":{"Estimated reading time":"1 minute"},"schema":{"@context":"https:\/\/schema.org","@graph":[{"@type":"WebPage","@id":"https:\/\/www.leitao-irmao.com\/product\/colar-anjo-da-guarda-ouro-joalharia-portuguesa\/","url":"https:\/\/www.leitao-irmao.com\/product\/colar-anjo-da-guarda-ouro-joalharia-portuguesa\/","name":"Colar anjo da Guarda em Ouro | Leit\u00e3o &amp; Irm\u00e3o Joalharia Portuguesa","isPartOf":{"@id":"https:\/\/www.leitao-irmao.com\/#website"},"primaryImageOfPage":{"@id":"https:\/\/www.leitao-irmao.com\/product\/colar-anjo-da-guarda-ouro-joalharia-portuguesa\/#primaryimage"},"image":{"@id":"https:\/\/www.leitao-irmao.com\/product\/colar-anjo-da-guarda-ouro-joalharia-portuguesa\/#primaryimage"},"thumbnailUrl":"https:\/\/www.leitao-irmao.com\/wp-content\/uploads\/2026\/04\/anjo_guarda_peq_leitaoirmao2026.jpg","datePublished":"2026-04-14T11:04:26+00:00","dateModified":"2026-04-14T16:56:56+00:00","description":"Colar Anjo da Guarda em ouro da Leit\u00e3o & Irm\u00e3o, joalharia portuguesa com significado espiritual e design intemporal, s\u00edmbolo de prote\u00e7\u00e3o e f\u00e9.","breadcrumb":{"@id":"https:\/\/www.leitao-irmao.com\/product\/colar-anjo-da-guarda-ouro-joalharia-portuguesa\/#breadcrumb"},"inLanguage":"en-GB","potentialAction":[{"@type":"ReadAction","target":["https:\/\/www.leitao-irmao.com\/product\/colar-anjo-da-guarda-ouro-joalharia-portuguesa\/"]}]},{"@type":"ImageObject","inLanguage":"en-GB","@id":"https:\/\/www.leitao-irmao.com\/product\/colar-anjo-da-guarda-ouro-joalharia-portuguesa\/#primaryimage","url":"https:\/\/www.leitao-irmao.com\/wp-content\/uploads\/2026\/04\/anjo_guarda_peq_leitaoirmao2026.jpg","contentUrl":"https:\/\/www.leitao-irmao.com\/wp-content\/uploads\/2026\/04\/anjo_guarda_peq_leitaoirmao2026.jpg","width":1536,"height":1920,"caption":"colar anjo da guarda, ouro portugu\u00eas, medalhinha"},{"@type":"BreadcrumbList","@id":"https:\/\/www.leitao-irmao.com\/product\/colar-anjo-da-guarda-ouro-joalharia-portuguesa\/#breadcrumb","itemListElement":[{"@type":"ListItem","position":1,"name":"Home","item":"https:\/\/www.leitao-irmao.com\/"},{"@type":"ListItem","position":2,"name":"Products","item":"https:\/\/www.leitao-irmao.com\/shop\/"},{"@type":"ListItem","position":3,"name":"Colar anjo da Guarda em Ouro"}]},{"@type":"WebSite","@id":"https:\/\/www.leitao-irmao.com\/#website","url":"https:\/\/www.leitao-irmao.com\/","name":"Leit\u00e3o & Irm\u00e3o","description":"Joalheiros desde 1822","publisher":{"@id":"https:\/\/www.leitao-irmao.com\/#organization"},"potentialAction":[{"@type":"SearchAction","target":{"@type":"EntryPoint","urlTemplate":"https:\/\/www.leitao-irmao.com\/?s={search_term_string}"},"query-input":{"@type":"PropertyValueSpecification","valueRequired":true,"valueName":"search_term_string"}}],"inLanguage":"en-GB"},{"@type":"Organization","@id":"https:\/\/www.leitao-irmao.com\/#organization","name":"Leit\u00e3o & Irm\u00e3o","url":"https:\/\/www.leitao-irmao.com\/","logo":{"@type":"ImageObject","inLanguage":"en-GB","@id":"https:\/\/www.leitao-irmao.com\/#\/schema\/logo\/image\/","url":"https:\/\/www.leitao-irmao.com\/wp-content\/uploads\/2022\/11\/leitaoirmao-logo.png","contentUrl":"https:\/\/www.leitao-irmao.com\/wp-content\/uploads\/2022\/11\/leitaoirmao-logo.png","width":426,"height":89,"caption":"Leit\u00e3o & Irm\u00e3o"},"image":{"@id":"https:\/\/www.leitao-irmao.com\/#\/schema\/logo\/image\/"}}]}},"_links":{"self":[{"href":"https:\/\/www.leitao-irmao.com\/en\/wp-json\/wp\/v2\/product\/37942","targetHints":{"allow":["GET"]}}],"collection":[{"href":"https:\/\/www.leitao-irmao.com\/en\/wp-json\/wp\/v2\/product"}],"about":[{"href":"https:\/\/www.leitao-irmao.com\/en\/wp-json\/wp\/v2\/types\/product"}],"version-history":[{"count":3,"href":"https:\/\/www.leitao-irmao.com\/en\/wp-json\/wp\/v2\/product\/37942\/revisions"}],"predecessor-version":[{"id":37971,"href":"https:\/\/www.leitao-irmao.com\/en\/wp-json\/wp\/v2\/product\/37942\/revisions\/37971"}],"wp:featuredmedia":[{"embeddable":true,"href":"https:\/\/www.leitao-irmao.com\/en\/wp-json\/wp\/v2\/media\/37945"}],"wp:attachment":[{"href":"https:\/\/www.leitao-irmao.com\/en\/wp-json\/wp\/v2\/media?parent=37942"}],"wp:term":[{"taxonomy":"product_brand","embeddable":true,"href":"https:\/\/www.leitao-irmao.com\/en\/wp-json\/wp\/v2\/product_brand?post=37942"},{"taxonomy":"product_cat","embeddable":true,"href":"https:\/\/www.leitao-irmao.com\/en\/wp-json\/wp\/v2\/product_cat?post=37942"},{"taxonomy":"product_tag","embeddable":true,"href":"https:\/\/www.leitao-irmao.com\/en\/wp-json\/wp\/v2\/product_tag?post=37942"}],"curies":[{"name":"wp","href":"https:\/\/api.w.org\/{rel}","templated":true}]}}