{"id":37948,"date":"2026-04-14T17:13:04","date_gmt":"2026-04-14T16:13:04","guid":{"rendered":"https:\/\/www.leitao-irmao.com\/?post_type=product&#038;p=37948"},"modified":"2026-04-14T17:56:36","modified_gmt":"2026-04-14T16:56:36","slug":"colar-golden-horn-ouro-joalharia-portuguesa","status":"publish","type":"product","link":"https:\/\/www.leitao-irmao.com\/en\/product\/colar-golden-horn-ouro-joalharia-portuguesa\/","title":{"rendered":"Colar Golden Horn em ouro"},"content":{"rendered":"<p>O Colar Golden Horn em Ouro da Leit\u00e3o &amp; Irm\u00e3o integra a cole\u00e7\u00e3o Ganda Golden Horn, afirmando uma linguagem depurada inspirada na for\u00e7a escult\u00f3rica do Corno do Rinoceronte.<\/p>\n<p>Atrav\u00e9s de volumes org\u00e2nicos e linhas essenciais, a pe\u00e7a revela uma est\u00e9tica contempor\u00e2nea que preserva a heran\u00e7a da joalharia portuguesa.<\/p>\n<p>Executado em ouro e com rigor de manufatura em Portugal, este colar distingue-se pela sua eleg\u00e2ncia discreta e car\u00e1ter intemporal, pensado para uma presen\u00e7a subtil e sofisticada.<\/p>","protected":false},"excerpt":{"rendered":"<p data-start=\"749\" data-end=\"1053\">O Colar Golden Horn em Ouro da Leit\u00e3o &amp; Irm\u00e3o integra a cole\u00e7\u00e3o Ganda Golden Horn, afirmando uma linguagem depurada inspirada na for\u00e7a escult\u00f3rica do Corno do Rinoceronte.<\/p>\n<p data-start=\"749\" data-end=\"1053\">Atrav\u00e9s de volumes org\u00e2nicos e linhas essenciais, a pe\u00e7a revela uma est\u00e9tica contempor\u00e2nea que preserva a heran\u00e7a da joalharia portuguesa.<\/p>\n<p data-start=\"749\" data-end=\"1053\">Executado em ouro e com rigor de manufatura em Portugal, este colar distingue-se pela sua eleg\u00e2ncia discreta e car\u00e1ter intemporal, pensado para uma presen\u00e7a subtil e sofisticada.<\/p>","protected":false},"featured_media":37949,"template":"","meta":{"_acf_changed":false},"product_brand":[],"product_cat":[131,84,717,121,79,125,496],"product_tag":[275,323,271],"class_list":{"0":"post-37948","1":"product","2":"type-product","3":"status-publish","4":"has-post-thumbnail","6":"product_cat-aniversario-de-18-anos","7":"product_cat-fios-e-colares-joalharia-portuguesa-leitao-irmao","8":"product_cat-ganda-golden-horn-joalharia-portuguesa","9":"product_cat-gifts","10":"product_cat-joalharia","11":"product_cat-presentes-entre-1000e-a-2500e","12":"product_cat-sem-desconto","13":"product_tag-diamantes","14":"product_tag-novidades","15":"product_tag-ouro","17":"first","18":"onbackorder","19":"shipping-taxable","20":"purchasable","21":"product-type-simple"},"acf":[],"yoast_head":"<!-- This site is optimized with the Yoast SEO plugin v25.4 - https:\/\/yoast.com\/wordpress\/plugins\/seo\/ -->\n<title>Colar Golden Horn em ouro | Leit\u00e3o &amp; Irm\u00e3o Joalharia Portuguesa<\/title>\n<meta name=\"description\" content=\"Colar Golden Horn em ouro da Leit\u00e3o &amp; Irm\u00e3o, joalharia portuguesa com design contempor\u00e2neo e formas org\u00e2nicas, inspirado no Corno do Rinoceronte.\" \/>\n<meta name=\"robots\" content=\"index, follow, max-snippet:-1, max-image-preview:large, max-video-preview:-1\" \/>\n<link rel=\"canonical\" href=\"https:\/\/www.leitao-irmao.com\/en\/product\/colar-golden-horn-ouro-joalharia-portuguesa\/\" \/>\n<meta property=\"og:locale\" content=\"en_GB\" \/>\n<meta property=\"og:type\" content=\"article\" \/>\n<meta property=\"og:title\" content=\"Colar Golden Horn em ouro | Leit\u00e3o &amp; Irm\u00e3o Joalharia Portuguesa\" \/>\n<meta property=\"og:description\" content=\"Colar Golden Horn em ouro da Leit\u00e3o &amp; Irm\u00e3o, joalharia portuguesa com design contempor\u00e2neo e formas org\u00e2nicas, inspirado no Corno do Rinoceronte.\" \/>\n<meta property=\"og:url\" content=\"https:\/\/www.leitao-irmao.com\/en\/product\/colar-golden-horn-ouro-joalharia-portuguesa\/\" \/>\n<meta property=\"og:site_name\" content=\"Leit\u00e3o &amp; Irm\u00e3o\" \/>\n<meta property=\"article:modified_time\" content=\"2026-04-14T16:56:36+00:00\" \/>\n<meta property=\"og:image\" content=\"https:\/\/www.leitao-irmao.com\/wp-content\/uploads\/2026\/04\/pendente_corno_leitaoirmao2026.jpg\" \/>\n\t<meta property=\"og:image:width\" content=\"1536\" \/>\n\t<meta property=\"og:image:height\" content=\"1920\" \/>\n\t<meta property=\"og:image:type\" content=\"image\/jpeg\" \/>\n<meta name=\"twitter:card\" content=\"summary_large_image\" \/>\n<meta name=\"twitter:label1\" content=\"Estimated reading time\" \/>\n\t<meta name=\"twitter:data1\" content=\"1 minute\" \/>\n<script type=\"application\/ld+json\" class=\"yoast-schema-graph\">{\"@context\":\"https:\/\/schema.org\",\"@graph\":[{\"@type\":\"WebPage\",\"@id\":\"https:\/\/www.leitao-irmao.com\/product\/colar-golden-horn-ouro-joalharia-portuguesa\/\",\"url\":\"https:\/\/www.leitao-irmao.com\/product\/colar-golden-horn-ouro-joalharia-portuguesa\/\",\"name\":\"Colar Golden Horn em ouro | Leit\u00e3o &amp; Irm\u00e3o Joalharia Portuguesa\",\"isPartOf\":{\"@id\":\"https:\/\/www.leitao-irmao.com\/#website\"},\"primaryImageOfPage\":{\"@id\":\"https:\/\/www.leitao-irmao.com\/product\/colar-golden-horn-ouro-joalharia-portuguesa\/#primaryimage\"},\"image\":{\"@id\":\"https:\/\/www.leitao-irmao.com\/product\/colar-golden-horn-ouro-joalharia-portuguesa\/#primaryimage\"},\"thumbnailUrl\":\"https:\/\/www.leitao-irmao.com\/wp-content\/uploads\/2026\/04\/pendente_corno_leitaoirmao2026.jpg\",\"datePublished\":\"2026-04-14T16:13:04+00:00\",\"dateModified\":\"2026-04-14T16:56:36+00:00\",\"description\":\"Colar Golden Horn em ouro da Leit\u00e3o & Irm\u00e3o, joalharia portuguesa com design contempor\u00e2neo e formas org\u00e2nicas, inspirado no Corno do Rinoceronte.\",\"breadcrumb\":{\"@id\":\"https:\/\/www.leitao-irmao.com\/product\/colar-golden-horn-ouro-joalharia-portuguesa\/#breadcrumb\"},\"inLanguage\":\"en-GB\",\"potentialAction\":[{\"@type\":\"ReadAction\",\"target\":[\"https:\/\/www.leitao-irmao.com\/product\/colar-golden-horn-ouro-joalharia-portuguesa\/\"]}]},{\"@type\":\"ImageObject\",\"inLanguage\":\"en-GB\",\"@id\":\"https:\/\/www.leitao-irmao.com\/product\/colar-golden-horn-ouro-joalharia-portuguesa\/#primaryimage\",\"url\":\"https:\/\/www.leitao-irmao.com\/wp-content\/uploads\/2026\/04\/pendente_corno_leitaoirmao2026.jpg\",\"contentUrl\":\"https:\/\/www.leitao-irmao.com\/wp-content\/uploads\/2026\/04\/pendente_corno_leitaoirmao2026.jpg\",\"width\":1536,\"height\":1920},{\"@type\":\"BreadcrumbList\",\"@id\":\"https:\/\/www.leitao-irmao.com\/product\/colar-golden-horn-ouro-joalharia-portuguesa\/#breadcrumb\",\"itemListElement\":[{\"@type\":\"ListItem\",\"position\":1,\"name\":\"Home\",\"item\":\"https:\/\/www.leitao-irmao.com\/\"},{\"@type\":\"ListItem\",\"position\":2,\"name\":\"Products\",\"item\":\"https:\/\/www.leitao-irmao.com\/shop\/\"},{\"@type\":\"ListItem\",\"position\":3,\"name\":\"Colar Golden Horn em ouro\"}]},{\"@type\":\"WebSite\",\"@id\":\"https:\/\/www.leitao-irmao.com\/#website\",\"url\":\"https:\/\/www.leitao-irmao.com\/\",\"name\":\"Leit\u00e3o & Irm\u00e3o\",\"description\":\"Joalheiros desde 1822\",\"publisher\":{\"@id\":\"https:\/\/www.leitao-irmao.com\/#organization\"},\"potentialAction\":[{\"@type\":\"SearchAction\",\"target\":{\"@type\":\"EntryPoint\",\"urlTemplate\":\"https:\/\/www.leitao-irmao.com\/?s={search_term_string}\"},\"query-input\":{\"@type\":\"PropertyValueSpecification\",\"valueRequired\":true,\"valueName\":\"search_term_string\"}}],\"inLanguage\":\"en-GB\"},{\"@type\":\"Organization\",\"@id\":\"https:\/\/www.leitao-irmao.com\/#organization\",\"name\":\"Leit\u00e3o & Irm\u00e3o\",\"url\":\"https:\/\/www.leitao-irmao.com\/\",\"logo\":{\"@type\":\"ImageObject\",\"inLanguage\":\"en-GB\",\"@id\":\"https:\/\/www.leitao-irmao.com\/#\/schema\/logo\/image\/\",\"url\":\"https:\/\/www.leitao-irmao.com\/wp-content\/uploads\/2022\/11\/leitaoirmao-logo.png\",\"contentUrl\":\"https:\/\/www.leitao-irmao.com\/wp-content\/uploads\/2022\/11\/leitaoirmao-logo.png\",\"width\":426,\"height\":89,\"caption\":\"Leit\u00e3o & Irm\u00e3o\"},\"image\":{\"@id\":\"https:\/\/www.leitao-irmao.com\/#\/schema\/logo\/image\/\"}}]}<\/script>\n<!-- \/ Yoast SEO plugin. -->","yoast_head_json":{"title":"Colar Golden Horn em ouro | Leit\u00e3o &amp; Irm\u00e3o Joalharia Portuguesa","description":"Colar Golden Horn em ouro da Leit\u00e3o & Irm\u00e3o, joalharia portuguesa com design contempor\u00e2neo e formas org\u00e2nicas, inspirado no Corno do Rinoceronte.","robots":{"index":"index","follow":"follow","max-snippet":"max-snippet:-1","max-image-preview":"max-image-preview:large","max-video-preview":"max-video-preview:-1"},"canonical":"https:\/\/www.leitao-irmao.com\/en\/product\/colar-golden-horn-ouro-joalharia-portuguesa\/","og_locale":"en_GB","og_type":"article","og_title":"Colar Golden Horn em ouro | Leit\u00e3o &amp; Irm\u00e3o Joalharia Portuguesa","og_description":"Colar Golden Horn em ouro da Leit\u00e3o & Irm\u00e3o, joalharia portuguesa com design contempor\u00e2neo e formas org\u00e2nicas, inspirado no Corno do Rinoceronte.","og_url":"https:\/\/www.leitao-irmao.com\/en\/product\/colar-golden-horn-ouro-joalharia-portuguesa\/","og_site_name":"Leit\u00e3o &amp; Irm\u00e3o","article_modified_time":"2026-04-14T16:56:36+00:00","og_image":[{"width":1536,"height":1920,"url":"https:\/\/www.leitao-irmao.com\/wp-content\/uploads\/2026\/04\/pendente_corno_leitaoirmao2026.jpg","type":"image\/jpeg"}],"twitter_card":"summary_large_image","twitter_misc":{"Estimated reading time":"1 minute"},"schema":{"@context":"https:\/\/schema.org","@graph":[{"@type":"WebPage","@id":"https:\/\/www.leitao-irmao.com\/product\/colar-golden-horn-ouro-joalharia-portuguesa\/","url":"https:\/\/www.leitao-irmao.com\/product\/colar-golden-horn-ouro-joalharia-portuguesa\/","name":"Colar Golden Horn em ouro | Leit\u00e3o &amp; Irm\u00e3o Joalharia Portuguesa","isPartOf":{"@id":"https:\/\/www.leitao-irmao.com\/#website"},"primaryImageOfPage":{"@id":"https:\/\/www.leitao-irmao.com\/product\/colar-golden-horn-ouro-joalharia-portuguesa\/#primaryimage"},"image":{"@id":"https:\/\/www.leitao-irmao.com\/product\/colar-golden-horn-ouro-joalharia-portuguesa\/#primaryimage"},"thumbnailUrl":"https:\/\/www.leitao-irmao.com\/wp-content\/uploads\/2026\/04\/pendente_corno_leitaoirmao2026.jpg","datePublished":"2026-04-14T16:13:04+00:00","dateModified":"2026-04-14T16:56:36+00:00","description":"Colar Golden Horn em ouro da Leit\u00e3o & Irm\u00e3o, joalharia portuguesa com design contempor\u00e2neo e formas org\u00e2nicas, inspirado no Corno do Rinoceronte.","breadcrumb":{"@id":"https:\/\/www.leitao-irmao.com\/product\/colar-golden-horn-ouro-joalharia-portuguesa\/#breadcrumb"},"inLanguage":"en-GB","potentialAction":[{"@type":"ReadAction","target":["https:\/\/www.leitao-irmao.com\/product\/colar-golden-horn-ouro-joalharia-portuguesa\/"]}]},{"@type":"ImageObject","inLanguage":"en-GB","@id":"https:\/\/www.leitao-irmao.com\/product\/colar-golden-horn-ouro-joalharia-portuguesa\/#primaryimage","url":"https:\/\/www.leitao-irmao.com\/wp-content\/uploads\/2026\/04\/pendente_corno_leitaoirmao2026.jpg","contentUrl":"https:\/\/www.leitao-irmao.com\/wp-content\/uploads\/2026\/04\/pendente_corno_leitaoirmao2026.jpg","width":1536,"height":1920},{"@type":"BreadcrumbList","@id":"https:\/\/www.leitao-irmao.com\/product\/colar-golden-horn-ouro-joalharia-portuguesa\/#breadcrumb","itemListElement":[{"@type":"ListItem","position":1,"name":"Home","item":"https:\/\/www.leitao-irmao.com\/"},{"@type":"ListItem","position":2,"name":"Products","item":"https:\/\/www.leitao-irmao.com\/shop\/"},{"@type":"ListItem","position":3,"name":"Colar Golden Horn em ouro"}]},{"@type":"WebSite","@id":"https:\/\/www.leitao-irmao.com\/#website","url":"https:\/\/www.leitao-irmao.com\/","name":"Leit\u00e3o & Irm\u00e3o","description":"Joalheiros desde 1822","publisher":{"@id":"https:\/\/www.leitao-irmao.com\/#organization"},"potentialAction":[{"@type":"SearchAction","target":{"@type":"EntryPoint","urlTemplate":"https:\/\/www.leitao-irmao.com\/?s={search_term_string}"},"query-input":{"@type":"PropertyValueSpecification","valueRequired":true,"valueName":"search_term_string"}}],"inLanguage":"en-GB"},{"@type":"Organization","@id":"https:\/\/www.leitao-irmao.com\/#organization","name":"Leit\u00e3o & Irm\u00e3o","url":"https:\/\/www.leitao-irmao.com\/","logo":{"@type":"ImageObject","inLanguage":"en-GB","@id":"https:\/\/www.leitao-irmao.com\/#\/schema\/logo\/image\/","url":"https:\/\/www.leitao-irmao.com\/wp-content\/uploads\/2022\/11\/leitaoirmao-logo.png","contentUrl":"https:\/\/www.leitao-irmao.com\/wp-content\/uploads\/2022\/11\/leitaoirmao-logo.png","width":426,"height":89,"caption":"Leit\u00e3o & Irm\u00e3o"},"image":{"@id":"https:\/\/www.leitao-irmao.com\/#\/schema\/logo\/image\/"}}]}},"_links":{"self":[{"href":"https:\/\/www.leitao-irmao.com\/en\/wp-json\/wp\/v2\/product\/37948","targetHints":{"allow":["GET"]}}],"collection":[{"href":"https:\/\/www.leitao-irmao.com\/en\/wp-json\/wp\/v2\/product"}],"about":[{"href":"https:\/\/www.leitao-irmao.com\/en\/wp-json\/wp\/v2\/types\/product"}],"version-history":[{"count":4,"href":"https:\/\/www.leitao-irmao.com\/en\/wp-json\/wp\/v2\/product\/37948\/revisions"}],"predecessor-version":[{"id":37974,"href":"https:\/\/www.leitao-irmao.com\/en\/wp-json\/wp\/v2\/product\/37948\/revisions\/37974"}],"wp:featuredmedia":[{"embeddable":true,"href":"https:\/\/www.leitao-irmao.com\/en\/wp-json\/wp\/v2\/media\/37949"}],"wp:attachment":[{"href":"https:\/\/www.leitao-irmao.com\/en\/wp-json\/wp\/v2\/media?parent=37948"}],"wp:term":[{"taxonomy":"product_brand","embeddable":true,"href":"https:\/\/www.leitao-irmao.com\/en\/wp-json\/wp\/v2\/product_brand?post=37948"},{"taxonomy":"product_cat","embeddable":true,"href":"https:\/\/www.leitao-irmao.com\/en\/wp-json\/wp\/v2\/product_cat?post=37948"},{"taxonomy":"product_tag","embeddable":true,"href":"https:\/\/www.leitao-irmao.com\/en\/wp-json\/wp\/v2\/product_tag?post=37948"}],"curies":[{"name":"wp","href":"https:\/\/api.w.org\/{rel}","templated":true}]}}