{"id":37951,"date":"2026-04-14T12:35:05","date_gmt":"2026-04-14T11:35:05","guid":{"rendered":"https:\/\/www.leitao-irmao.com\/?post_type=product&#038;p=37951"},"modified":"2026-04-14T17:56:16","modified_gmt":"2026-04-14T16:56:16","slug":"brinco-golden-horn-ouro","status":"publish","type":"product","link":"https:\/\/www.leitao-irmao.com\/en\/product\/brinco-golden-horn-ouro\/","title":{"rendered":"Brinco Golden Horn em ouro"},"content":{"rendered":"<p>O Brinco Golden Horn em Ouro da Leit\u00e3o &amp; Irm\u00e3o integra a cole\u00e7\u00e3o Ganda Golden Horn, distinguindo-se por uma abordagem contempor\u00e2nea de formas depuradas.<\/p>\n<p>Inspirado na for\u00e7a escult\u00f3rica do Corno do Rinoceronte, apresenta volumes org\u00e2nicos e linhas suaves que conferem equil\u00edbrio e presen\u00e7a.<\/p>\n<p>Executado em ouro e com rigor de manufatura em Portugal, afirma-se como uma pe\u00e7a intemporal, pensada para complementar diferentes estilos com discri\u00e7\u00e3o e eleg\u00e2ncia.<\/p>","protected":false},"excerpt":{"rendered":"<p>O Brinco Golden Horn em Ouro da Leit\u00e3o &amp; Irm\u00e3o integra a cole\u00e7\u00e3o Ganda Golden Horn, distinguindo-se por uma abordagem contempor\u00e2nea de formas depuradas.<\/p>\n<p>Inspirado na for\u00e7a escult\u00f3rica do Corno do Rinoceronte, apresenta volumes org\u00e2nicos e linhas suaves que conferem equil\u00edbrio e presen\u00e7a.<\/p>\n<p>Executado em ouro e com rigor de manufatura em Portugal, afirma-se como uma pe\u00e7a intemporal, pensada para complementar diferentes estilos com discri\u00e7\u00e3o e eleg\u00e2ncia.<\/p>","protected":false},"featured_media":37952,"template":"","meta":{"_acf_changed":false},"product_brand":[],"product_cat":[131,83,492,717,121,79,141,125,496],"product_tag":[275,323,271],"class_list":{"0":"post-37951","1":"product","2":"type-product","3":"status-publish","4":"has-post-thumbnail","6":"product_cat-aniversario-de-18-anos","7":"product_cat-brincos-joalharia-portuguesa","8":"product_cat-ganda-godron-colecao-joalharia-portuguesa","9":"product_cat-ganda-golden-horn-joalharia-portuguesa","10":"product_cat-gifts","11":"product_cat-joalharia","12":"product_cat-para-ela","13":"product_cat-presentes-entre-1000e-a-2500e","14":"product_cat-sem-desconto","15":"product_tag-diamantes","16":"product_tag-novidades","17":"product_tag-ouro","19":"first","20":"onbackorder","21":"shipping-taxable","22":"purchasable","23":"product-type-simple"},"acf":[],"yoast_head":"<!-- This site is optimized with the Yoast SEO plugin v25.4 - https:\/\/yoast.com\/wordpress\/plugins\/seo\/ -->\n<title>Brinco Golden Horn em ouro | Leit\u00e3o &amp; Irm\u00e3o Joalharia Portuguesa<\/title>\n<meta name=\"description\" content=\"Brinco Golden Horn em ouro da Leit\u00e3o &amp; Irm\u00e3o, joalharia portuguesa com design contempor\u00e2neo e formas org\u00e2nicas, inspirado no Corno do Rinoceronte.\" \/>\n<meta name=\"robots\" content=\"index, follow, max-snippet:-1, max-image-preview:large, max-video-preview:-1\" \/>\n<link rel=\"canonical\" href=\"https:\/\/www.leitao-irmao.com\/en\/product\/brinco-golden-horn-ouro\/\" \/>\n<meta property=\"og:locale\" content=\"en_GB\" \/>\n<meta property=\"og:type\" content=\"article\" \/>\n<meta property=\"og:title\" content=\"Brinco Golden Horn em ouro | Leit\u00e3o &amp; Irm\u00e3o Joalharia Portuguesa\" \/>\n<meta property=\"og:description\" content=\"Brinco Golden Horn em ouro da Leit\u00e3o &amp; Irm\u00e3o, joalharia portuguesa com design contempor\u00e2neo e formas org\u00e2nicas, inspirado no Corno do Rinoceronte.\" \/>\n<meta property=\"og:url\" content=\"https:\/\/www.leitao-irmao.com\/en\/product\/brinco-golden-horn-ouro\/\" \/>\n<meta property=\"og:site_name\" content=\"Leit\u00e3o &amp; Irm\u00e3o\" \/>\n<meta property=\"article:modified_time\" content=\"2026-04-14T16:56:16+00:00\" \/>\n<meta property=\"og:image\" content=\"https:\/\/www.leitao-irmao.com\/wp-content\/uploads\/2026\/04\/brinco_corno_leitaoirmao2026.jpg\" \/>\n\t<meta property=\"og:image:width\" content=\"1536\" \/>\n\t<meta property=\"og:image:height\" content=\"1920\" \/>\n\t<meta property=\"og:image:type\" content=\"image\/jpeg\" \/>\n<meta name=\"twitter:card\" content=\"summary_large_image\" \/>\n<meta name=\"twitter:label1\" content=\"Estimated reading time\" \/>\n\t<meta name=\"twitter:data1\" content=\"1 minute\" \/>\n<script type=\"application\/ld+json\" class=\"yoast-schema-graph\">{\"@context\":\"https:\/\/schema.org\",\"@graph\":[{\"@type\":\"WebPage\",\"@id\":\"https:\/\/www.leitao-irmao.com\/product\/brinco-golden-horn-ouro\/\",\"url\":\"https:\/\/www.leitao-irmao.com\/product\/brinco-golden-horn-ouro\/\",\"name\":\"Brinco Golden Horn em ouro | Leit\u00e3o &amp; Irm\u00e3o Joalharia Portuguesa\",\"isPartOf\":{\"@id\":\"https:\/\/www.leitao-irmao.com\/#website\"},\"primaryImageOfPage\":{\"@id\":\"https:\/\/www.leitao-irmao.com\/product\/brinco-golden-horn-ouro\/#primaryimage\"},\"image\":{\"@id\":\"https:\/\/www.leitao-irmao.com\/product\/brinco-golden-horn-ouro\/#primaryimage\"},\"thumbnailUrl\":\"https:\/\/www.leitao-irmao.com\/wp-content\/uploads\/2026\/04\/brinco_corno_leitaoirmao2026.jpg\",\"datePublished\":\"2026-04-14T11:35:05+00:00\",\"dateModified\":\"2026-04-14T16:56:16+00:00\",\"description\":\"Brinco Golden Horn em ouro da Leit\u00e3o & Irm\u00e3o, joalharia portuguesa com design contempor\u00e2neo e formas org\u00e2nicas, inspirado no Corno do Rinoceronte.\",\"breadcrumb\":{\"@id\":\"https:\/\/www.leitao-irmao.com\/product\/brinco-golden-horn-ouro\/#breadcrumb\"},\"inLanguage\":\"en-GB\",\"potentialAction\":[{\"@type\":\"ReadAction\",\"target\":[\"https:\/\/www.leitao-irmao.com\/product\/brinco-golden-horn-ouro\/\"]}]},{\"@type\":\"ImageObject\",\"inLanguage\":\"en-GB\",\"@id\":\"https:\/\/www.leitao-irmao.com\/product\/brinco-golden-horn-ouro\/#primaryimage\",\"url\":\"https:\/\/www.leitao-irmao.com\/wp-content\/uploads\/2026\/04\/brinco_corno_leitaoirmao2026.jpg\",\"contentUrl\":\"https:\/\/www.leitao-irmao.com\/wp-content\/uploads\/2026\/04\/brinco_corno_leitaoirmao2026.jpg\",\"width\":1536,\"height\":1920},{\"@type\":\"BreadcrumbList\",\"@id\":\"https:\/\/www.leitao-irmao.com\/product\/brinco-golden-horn-ouro\/#breadcrumb\",\"itemListElement\":[{\"@type\":\"ListItem\",\"position\":1,\"name\":\"Home\",\"item\":\"https:\/\/www.leitao-irmao.com\/\"},{\"@type\":\"ListItem\",\"position\":2,\"name\":\"Products\",\"item\":\"https:\/\/www.leitao-irmao.com\/shop\/\"},{\"@type\":\"ListItem\",\"position\":3,\"name\":\"Brinco Golden Horn em ouro\"}]},{\"@type\":\"WebSite\",\"@id\":\"https:\/\/www.leitao-irmao.com\/#website\",\"url\":\"https:\/\/www.leitao-irmao.com\/\",\"name\":\"Leit\u00e3o & Irm\u00e3o\",\"description\":\"Joalheiros desde 1822\",\"publisher\":{\"@id\":\"https:\/\/www.leitao-irmao.com\/#organization\"},\"potentialAction\":[{\"@type\":\"SearchAction\",\"target\":{\"@type\":\"EntryPoint\",\"urlTemplate\":\"https:\/\/www.leitao-irmao.com\/?s={search_term_string}\"},\"query-input\":{\"@type\":\"PropertyValueSpecification\",\"valueRequired\":true,\"valueName\":\"search_term_string\"}}],\"inLanguage\":\"en-GB\"},{\"@type\":\"Organization\",\"@id\":\"https:\/\/www.leitao-irmao.com\/#organization\",\"name\":\"Leit\u00e3o & Irm\u00e3o\",\"url\":\"https:\/\/www.leitao-irmao.com\/\",\"logo\":{\"@type\":\"ImageObject\",\"inLanguage\":\"en-GB\",\"@id\":\"https:\/\/www.leitao-irmao.com\/#\/schema\/logo\/image\/\",\"url\":\"https:\/\/www.leitao-irmao.com\/wp-content\/uploads\/2022\/11\/leitaoirmao-logo.png\",\"contentUrl\":\"https:\/\/www.leitao-irmao.com\/wp-content\/uploads\/2022\/11\/leitaoirmao-logo.png\",\"width\":426,\"height\":89,\"caption\":\"Leit\u00e3o & Irm\u00e3o\"},\"image\":{\"@id\":\"https:\/\/www.leitao-irmao.com\/#\/schema\/logo\/image\/\"}}]}<\/script>\n<!-- \/ Yoast SEO plugin. -->","yoast_head_json":{"title":"Brinco Golden Horn em ouro | Leit\u00e3o &amp; Irm\u00e3o Joalharia Portuguesa","description":"Brinco Golden Horn em ouro da Leit\u00e3o & Irm\u00e3o, joalharia portuguesa com design contempor\u00e2neo e formas org\u00e2nicas, inspirado no Corno do Rinoceronte.","robots":{"index":"index","follow":"follow","max-snippet":"max-snippet:-1","max-image-preview":"max-image-preview:large","max-video-preview":"max-video-preview:-1"},"canonical":"https:\/\/www.leitao-irmao.com\/en\/product\/brinco-golden-horn-ouro\/","og_locale":"en_GB","og_type":"article","og_title":"Brinco Golden Horn em ouro | Leit\u00e3o &amp; Irm\u00e3o Joalharia Portuguesa","og_description":"Brinco Golden Horn em ouro da Leit\u00e3o & Irm\u00e3o, joalharia portuguesa com design contempor\u00e2neo e formas org\u00e2nicas, inspirado no Corno do Rinoceronte.","og_url":"https:\/\/www.leitao-irmao.com\/en\/product\/brinco-golden-horn-ouro\/","og_site_name":"Leit\u00e3o &amp; Irm\u00e3o","article_modified_time":"2026-04-14T16:56:16+00:00","og_image":[{"width":1536,"height":1920,"url":"https:\/\/www.leitao-irmao.com\/wp-content\/uploads\/2026\/04\/brinco_corno_leitaoirmao2026.jpg","type":"image\/jpeg"}],"twitter_card":"summary_large_image","twitter_misc":{"Estimated reading time":"1 minute"},"schema":{"@context":"https:\/\/schema.org","@graph":[{"@type":"WebPage","@id":"https:\/\/www.leitao-irmao.com\/product\/brinco-golden-horn-ouro\/","url":"https:\/\/www.leitao-irmao.com\/product\/brinco-golden-horn-ouro\/","name":"Brinco Golden Horn em ouro | Leit\u00e3o &amp; Irm\u00e3o Joalharia Portuguesa","isPartOf":{"@id":"https:\/\/www.leitao-irmao.com\/#website"},"primaryImageOfPage":{"@id":"https:\/\/www.leitao-irmao.com\/product\/brinco-golden-horn-ouro\/#primaryimage"},"image":{"@id":"https:\/\/www.leitao-irmao.com\/product\/brinco-golden-horn-ouro\/#primaryimage"},"thumbnailUrl":"https:\/\/www.leitao-irmao.com\/wp-content\/uploads\/2026\/04\/brinco_corno_leitaoirmao2026.jpg","datePublished":"2026-04-14T11:35:05+00:00","dateModified":"2026-04-14T16:56:16+00:00","description":"Brinco Golden Horn em ouro da Leit\u00e3o & Irm\u00e3o, joalharia portuguesa com design contempor\u00e2neo e formas org\u00e2nicas, inspirado no Corno do Rinoceronte.","breadcrumb":{"@id":"https:\/\/www.leitao-irmao.com\/product\/brinco-golden-horn-ouro\/#breadcrumb"},"inLanguage":"en-GB","potentialAction":[{"@type":"ReadAction","target":["https:\/\/www.leitao-irmao.com\/product\/brinco-golden-horn-ouro\/"]}]},{"@type":"ImageObject","inLanguage":"en-GB","@id":"https:\/\/www.leitao-irmao.com\/product\/brinco-golden-horn-ouro\/#primaryimage","url":"https:\/\/www.leitao-irmao.com\/wp-content\/uploads\/2026\/04\/brinco_corno_leitaoirmao2026.jpg","contentUrl":"https:\/\/www.leitao-irmao.com\/wp-content\/uploads\/2026\/04\/brinco_corno_leitaoirmao2026.jpg","width":1536,"height":1920},{"@type":"BreadcrumbList","@id":"https:\/\/www.leitao-irmao.com\/product\/brinco-golden-horn-ouro\/#breadcrumb","itemListElement":[{"@type":"ListItem","position":1,"name":"Home","item":"https:\/\/www.leitao-irmao.com\/"},{"@type":"ListItem","position":2,"name":"Products","item":"https:\/\/www.leitao-irmao.com\/shop\/"},{"@type":"ListItem","position":3,"name":"Brinco Golden Horn em ouro"}]},{"@type":"WebSite","@id":"https:\/\/www.leitao-irmao.com\/#website","url":"https:\/\/www.leitao-irmao.com\/","name":"Leit\u00e3o & Irm\u00e3o","description":"Joalheiros desde 1822","publisher":{"@id":"https:\/\/www.leitao-irmao.com\/#organization"},"potentialAction":[{"@type":"SearchAction","target":{"@type":"EntryPoint","urlTemplate":"https:\/\/www.leitao-irmao.com\/?s={search_term_string}"},"query-input":{"@type":"PropertyValueSpecification","valueRequired":true,"valueName":"search_term_string"}}],"inLanguage":"en-GB"},{"@type":"Organization","@id":"https:\/\/www.leitao-irmao.com\/#organization","name":"Leit\u00e3o & Irm\u00e3o","url":"https:\/\/www.leitao-irmao.com\/","logo":{"@type":"ImageObject","inLanguage":"en-GB","@id":"https:\/\/www.leitao-irmao.com\/#\/schema\/logo\/image\/","url":"https:\/\/www.leitao-irmao.com\/wp-content\/uploads\/2022\/11\/leitaoirmao-logo.png","contentUrl":"https:\/\/www.leitao-irmao.com\/wp-content\/uploads\/2022\/11\/leitaoirmao-logo.png","width":426,"height":89,"caption":"Leit\u00e3o & Irm\u00e3o"},"image":{"@id":"https:\/\/www.leitao-irmao.com\/#\/schema\/logo\/image\/"}}]}},"_links":{"self":[{"href":"https:\/\/www.leitao-irmao.com\/en\/wp-json\/wp\/v2\/product\/37951","targetHints":{"allow":["GET"]}}],"collection":[{"href":"https:\/\/www.leitao-irmao.com\/en\/wp-json\/wp\/v2\/product"}],"about":[{"href":"https:\/\/www.leitao-irmao.com\/en\/wp-json\/wp\/v2\/types\/product"}],"version-history":[{"count":3,"href":"https:\/\/www.leitao-irmao.com\/en\/wp-json\/wp\/v2\/product\/37951\/revisions"}],"predecessor-version":[{"id":37976,"href":"https:\/\/www.leitao-irmao.com\/en\/wp-json\/wp\/v2\/product\/37951\/revisions\/37976"}],"wp:featuredmedia":[{"embeddable":true,"href":"https:\/\/www.leitao-irmao.com\/en\/wp-json\/wp\/v2\/media\/37952"}],"wp:attachment":[{"href":"https:\/\/www.leitao-irmao.com\/en\/wp-json\/wp\/v2\/media?parent=37951"}],"wp:term":[{"taxonomy":"product_brand","embeddable":true,"href":"https:\/\/www.leitao-irmao.com\/en\/wp-json\/wp\/v2\/product_brand?post=37951"},{"taxonomy":"product_cat","embeddable":true,"href":"https:\/\/www.leitao-irmao.com\/en\/wp-json\/wp\/v2\/product_cat?post=37951"},{"taxonomy":"product_tag","embeddable":true,"href":"https:\/\/www.leitao-irmao.com\/en\/wp-json\/wp\/v2\/product_tag?post=37951"}],"curies":[{"name":"wp","href":"https:\/\/api.w.org\/{rel}","templated":true}]}}